{"id":17975,"date":"2025-12-12T18:00:31","date_gmt":"2025-12-12T17:00:31","guid":{"rendered":"https:\/\/test.ecbeaute.com\/?post_type=product&#038;p=17975"},"modified":"2025-12-12T18:00:33","modified_gmt":"2025-12-12T17:00:33","slug":"novahair-shampooing-anti-pelliculaire-250-ml","status":"publish","type":"product","link":"https:\/\/paracherkaoui.ma\/index.php\/produit\/novahair-shampooing-anti-pelliculaire-250-ml\/","title":{"rendered":"NOVAHAIR SHAMPOOING ANTI PELLICULAIRE 250 ML"},"content":{"rendered":"<p>Novahair a d\u00e9velopp\u00e9 une formule r\u00e9volutionnaire qui s&rsquo;attaque directement \u00e0 la source du probl\u00e8me. Son action cibl\u00e9e contre les pellicules vous assure une efficacit\u00e9 redoutable d\u00e8s les premi\u00e8res utilisations. Fini les produits qui ne font que masquer le probl\u00e8me temporairement ! Novahair travaille en profondeur pour \u00e9liminer les pellicules visibles et pr\u00e9venir leur r\u00e9apparition, vous offrant enfin la libert\u00e9 de porter du noir sans inqui\u00e9tude.<br \/>\nCe qui rend Novahair v\u00e9ritablement unique, c&rsquo;est son respect du microbiome du cuir chevelu. Saviez-vous que votre cuir chevelu abrite un \u00e9cosyst\u00e8me d\u00e9licat ? Un d\u00e9s\u00e9quilibre de ce microbiome est souvent la cause des pellicules et des d\u00e9mangeaisons. Novahair int\u00e8gre des pr\u00e9biotiques dans sa formule, des ingr\u00e9dients essentiels qui nourrissent les bonnes bact\u00e9ries de votre cuir chevelu, aidant ainsi \u00e0 restaurer son \u00e9quilibre naturel. Un microbiome sain est synonyme d&rsquo;un cuir chevelu apais\u00e9, r\u00e9sistant et confortable.<br \/>\nLa puissance de ce shampoing r\u00e9side dans son trio d&rsquo;actifs stars : le Piroctone Olamine, un agent antifongique reconnu pour son efficacit\u00e9 contre les levures responsables des pellicules ; le Zinc PCA, qui r\u00e9gule la production de s\u00e9bum et contribue \u00e0 r\u00e9duire les d\u00e9mangeaisons ; et les Pr\u00e9biotiques, pour maintenir l&rsquo;\u00e9quilibre d\u00e9licat de votre cuir chevelu. Ensemble, ces ingr\u00e9dients agissent en synergie pour que votre cuir chevelu retrouve \u00e9quilibre et confort d\u00e8s les premi\u00e8res utilisations. Vous sentirez une diminution des d\u00e9mangeaisons et une sensation de fra\u00eecheur durable<br \/>\nConseils d&rsquo;utilisation :<br \/>\nPour un traitement efficace, utilisez le Shampoing Anti-Pelliculaire Novahair 2 \u00e0 3 fois par semaine, ou selon les recommandations de votre dermatologue si vos pellicules sont s\u00e9v\u00e8res. Une fois les pellicules contr\u00f4l\u00e9es, vous pouvez r\u00e9duire la fr\u00e9quence \u00e0 1 ou 2 fois par semaine en entretien.<\/p>\n","protected":false},"excerpt":{"rendered":"<p>Novahair a d\u00e9velopp\u00e9 une formule r\u00e9volutionnaire qui s&rsquo;attaque directement \u00e0 la source du probl\u00e8me. Son action cibl\u00e9e contre les pellicules<\/p>\n","protected":false},"featured_media":18008,"comment_status":"open","ping_status":"closed","template":"","meta":[],"product_brand":[285],"product_cat":[316],"product_tag":[],"class_list":{"0":"post-17975","1":"product","2":"type-product","3":"status-publish","4":"has-post-thumbnail","6":"product_brand-novahair","7":"product_cat-shampoings-soins-des-cheveux-cheveux","9":"first","10":"instock","11":"sale","12":"shipping-taxable","13":"purchasable","14":"product-type-simple"},"yoast_head":"<!-- This site is optimized with the Yoast SEO plugin v26.6 - https:\/\/yoast.com\/wordpress\/plugins\/seo\/ -->\r\n<title>NOVAHAIR SHAMPOOING ANTI PELLICULAIRE 250 ML - Paracherkaoui.ma<\/title>\r\n<meta name=\"robots\" content=\"index, follow, max-snippet:-1, max-image-preview:large, max-video-preview:-1\" \/>\r\n<link rel=\"canonical\" href=\"https:\/\/paracherkaoui.ma\/index.php\/produit\/novahair-shampooing-anti-pelliculaire-250-ml\/\" \/>\r\n<meta property=\"og:locale\" content=\"fr_FR\" \/>\r\n<meta property=\"og:type\" content=\"article\" \/>\r\n<meta property=\"og:title\" content=\"NOVAHAIR SHAMPOOING ANTI PELLICULAIRE 250 ML - Paracherkaoui.ma\" \/>\r\n<meta property=\"og:description\" content=\"Novahair a d\u00e9velopp\u00e9 une formule r\u00e9volutionnaire qui s&rsquo;attaque directement \u00e0 la source du probl\u00e8me. Son action cibl\u00e9e contre les pellicules\" \/>\r\n<meta property=\"og:url\" content=\"https:\/\/paracherkaoui.ma\/index.php\/produit\/novahair-shampooing-anti-pelliculaire-250-ml\/\" \/>\r\n<meta property=\"og:site_name\" content=\"Paracherkaoui.ma\" \/>\r\n<meta property=\"article:modified_time\" content=\"2025-12-12T17:00:33+00:00\" \/>\r\n<meta property=\"og:image\" content=\"https:\/\/paracherkaoui.ma\/wp-content\/uploads\/2025\/12\/novahair-shampooing-anti-pelliculaire-250-ml.jpg\" \/>\r\n\t<meta property=\"og:image:width\" content=\"700\" \/>\r\n\t<meta property=\"og:image:height\" content=\"700\" \/>\r\n\t<meta property=\"og:image:type\" content=\"image\/jpeg\" \/>\r\n<meta name=\"twitter:card\" content=\"summary_large_image\" \/>\r\n<meta name=\"twitter:label1\" content=\"Dur\u00e9e de lecture estim\u00e9e\" \/>\n\t<meta name=\"twitter:data1\" content=\"2 minutes\" \/>\r\n<script type=\"application\/ld+json\" class=\"yoast-schema-graph\">{\"@context\":\"https:\/\/schema.org\",\"@graph\":[{\"@type\":\"WebPage\",\"@id\":\"https:\/\/paracherkaoui.ma\/index.php\/produit\/novahair-shampooing-anti-pelliculaire-250-ml\/\",\"url\":\"https:\/\/paracherkaoui.ma\/index.php\/produit\/novahair-shampooing-anti-pelliculaire-250-ml\/\",\"name\":\"NOVAHAIR SHAMPOOING ANTI PELLICULAIRE 250 ML - Paracherkaoui.ma\",\"isPartOf\":{\"@id\":\"https:\/\/paracherkaoui.ma\/#website\"},\"primaryImageOfPage\":{\"@id\":\"https:\/\/paracherkaoui.ma\/index.php\/produit\/novahair-shampooing-anti-pelliculaire-250-ml\/#primaryimage\"},\"image\":{\"@id\":\"https:\/\/paracherkaoui.ma\/index.php\/produit\/novahair-shampooing-anti-pelliculaire-250-ml\/#primaryimage\"},\"thumbnailUrl\":\"https:\/\/paracherkaoui.ma\/wp-content\/uploads\/2025\/12\/novahair-shampooing-anti-pelliculaire-250-ml.jpg\",\"datePublished\":\"2025-12-12T17:00:31+00:00\",\"dateModified\":\"2025-12-12T17:00:33+00:00\",\"breadcrumb\":{\"@id\":\"https:\/\/paracherkaoui.ma\/index.php\/produit\/novahair-shampooing-anti-pelliculaire-250-ml\/#breadcrumb\"},\"inLanguage\":\"fr-FR\",\"potentialAction\":[{\"@type\":\"ReadAction\",\"target\":[\"https:\/\/paracherkaoui.ma\/index.php\/produit\/novahair-shampooing-anti-pelliculaire-250-ml\/\"]}]},{\"@type\":\"ImageObject\",\"inLanguage\":\"fr-FR\",\"@id\":\"https:\/\/paracherkaoui.ma\/index.php\/produit\/novahair-shampooing-anti-pelliculaire-250-ml\/#primaryimage\",\"url\":\"https:\/\/paracherkaoui.ma\/wp-content\/uploads\/2025\/12\/novahair-shampooing-anti-pelliculaire-250-ml.jpg\",\"contentUrl\":\"https:\/\/paracherkaoui.ma\/wp-content\/uploads\/2025\/12\/novahair-shampooing-anti-pelliculaire-250-ml.jpg\",\"width\":700,\"height\":700},{\"@type\":\"BreadcrumbList\",\"@id\":\"https:\/\/paracherkaoui.ma\/index.php\/produit\/novahair-shampooing-anti-pelliculaire-250-ml\/#breadcrumb\",\"itemListElement\":[{\"@type\":\"ListItem\",\"position\":1,\"name\":\"Accueil\",\"item\":\"https:\/\/paracherkaoui.ma\/\"},{\"@type\":\"ListItem\",\"position\":2,\"name\":\"Boutique\",\"item\":\"https:\/\/paracherkaoui.ma\/index.php\/boutique\/\"},{\"@type\":\"ListItem\",\"position\":3,\"name\":\"NOVAHAIR SHAMPOOING ANTI PELLICULAIRE 250 ML\"}]},{\"@type\":\"WebSite\",\"@id\":\"https:\/\/paracherkaoui.ma\/#website\",\"url\":\"https:\/\/paracherkaoui.ma\/\",\"name\":\"Paracherkaoui.ma\",\"description\":\"Achetez en ligne sur Paracherkaoui.ma\",\"potentialAction\":[{\"@type\":\"SearchAction\",\"target\":{\"@type\":\"EntryPoint\",\"urlTemplate\":\"https:\/\/paracherkaoui.ma\/?s={search_term_string}\"},\"query-input\":{\"@type\":\"PropertyValueSpecification\",\"valueRequired\":true,\"valueName\":\"search_term_string\"}}],\"inLanguage\":\"fr-FR\"}]}<\/script>\r\n<!-- \/ Yoast SEO plugin. -->","yoast_head_json":{"title":"NOVAHAIR SHAMPOOING ANTI PELLICULAIRE 250 ML - Paracherkaoui.ma","robots":{"index":"index","follow":"follow","max-snippet":"max-snippet:-1","max-image-preview":"max-image-preview:large","max-video-preview":"max-video-preview:-1"},"canonical":"https:\/\/paracherkaoui.ma\/index.php\/produit\/novahair-shampooing-anti-pelliculaire-250-ml\/","og_locale":"fr_FR","og_type":"article","og_title":"NOVAHAIR SHAMPOOING ANTI PELLICULAIRE 250 ML - Paracherkaoui.ma","og_description":"Novahair a d\u00e9velopp\u00e9 une formule r\u00e9volutionnaire qui s&rsquo;attaque directement \u00e0 la source du probl\u00e8me. Son action cibl\u00e9e contre les pellicules","og_url":"https:\/\/paracherkaoui.ma\/index.php\/produit\/novahair-shampooing-anti-pelliculaire-250-ml\/","og_site_name":"Paracherkaoui.ma","article_modified_time":"2025-12-12T17:00:33+00:00","og_image":[{"width":700,"height":700,"url":"https:\/\/paracherkaoui.ma\/wp-content\/uploads\/2025\/12\/novahair-shampooing-anti-pelliculaire-250-ml.jpg","type":"image\/jpeg"}],"twitter_card":"summary_large_image","twitter_misc":{"Dur\u00e9e de lecture estim\u00e9e":"2 minutes"},"schema":{"@context":"https:\/\/schema.org","@graph":[{"@type":"WebPage","@id":"https:\/\/paracherkaoui.ma\/index.php\/produit\/novahair-shampooing-anti-pelliculaire-250-ml\/","url":"https:\/\/paracherkaoui.ma\/index.php\/produit\/novahair-shampooing-anti-pelliculaire-250-ml\/","name":"NOVAHAIR SHAMPOOING ANTI PELLICULAIRE 250 ML - Paracherkaoui.ma","isPartOf":{"@id":"https:\/\/paracherkaoui.ma\/#website"},"primaryImageOfPage":{"@id":"https:\/\/paracherkaoui.ma\/index.php\/produit\/novahair-shampooing-anti-pelliculaire-250-ml\/#primaryimage"},"image":{"@id":"https:\/\/paracherkaoui.ma\/index.php\/produit\/novahair-shampooing-anti-pelliculaire-250-ml\/#primaryimage"},"thumbnailUrl":"https:\/\/paracherkaoui.ma\/wp-content\/uploads\/2025\/12\/novahair-shampooing-anti-pelliculaire-250-ml.jpg","datePublished":"2025-12-12T17:00:31+00:00","dateModified":"2025-12-12T17:00:33+00:00","breadcrumb":{"@id":"https:\/\/paracherkaoui.ma\/index.php\/produit\/novahair-shampooing-anti-pelliculaire-250-ml\/#breadcrumb"},"inLanguage":"fr-FR","potentialAction":[{"@type":"ReadAction","target":["https:\/\/paracherkaoui.ma\/index.php\/produit\/novahair-shampooing-anti-pelliculaire-250-ml\/"]}]},{"@type":"ImageObject","inLanguage":"fr-FR","@id":"https:\/\/paracherkaoui.ma\/index.php\/produit\/novahair-shampooing-anti-pelliculaire-250-ml\/#primaryimage","url":"https:\/\/paracherkaoui.ma\/wp-content\/uploads\/2025\/12\/novahair-shampooing-anti-pelliculaire-250-ml.jpg","contentUrl":"https:\/\/paracherkaoui.ma\/wp-content\/uploads\/2025\/12\/novahair-shampooing-anti-pelliculaire-250-ml.jpg","width":700,"height":700},{"@type":"BreadcrumbList","@id":"https:\/\/paracherkaoui.ma\/index.php\/produit\/novahair-shampooing-anti-pelliculaire-250-ml\/#breadcrumb","itemListElement":[{"@type":"ListItem","position":1,"name":"Accueil","item":"https:\/\/paracherkaoui.ma\/"},{"@type":"ListItem","position":2,"name":"Boutique","item":"https:\/\/paracherkaoui.ma\/index.php\/boutique\/"},{"@type":"ListItem","position":3,"name":"NOVAHAIR SHAMPOOING ANTI PELLICULAIRE 250 ML"}]},{"@type":"WebSite","@id":"https:\/\/paracherkaoui.ma\/#website","url":"https:\/\/paracherkaoui.ma\/","name":"Paracherkaoui.ma","description":"Achetez en ligne sur Paracherkaoui.ma","potentialAction":[{"@type":"SearchAction","target":{"@type":"EntryPoint","urlTemplate":"https:\/\/paracherkaoui.ma\/?s={search_term_string}"},"query-input":{"@type":"PropertyValueSpecification","valueRequired":true,"valueName":"search_term_string"}}],"inLanguage":"fr-FR"}]}},"_links":{"self":[{"href":"https:\/\/paracherkaoui.ma\/index.php\/wp-json\/wp\/v2\/product\/17975","targetHints":{"allow":["GET"]}}],"collection":[{"href":"https:\/\/paracherkaoui.ma\/index.php\/wp-json\/wp\/v2\/product"}],"about":[{"href":"https:\/\/paracherkaoui.ma\/index.php\/wp-json\/wp\/v2\/types\/product"}],"replies":[{"embeddable":true,"href":"https:\/\/paracherkaoui.ma\/index.php\/wp-json\/wp\/v2\/comments?post=17975"}],"version-history":[{"count":1,"href":"https:\/\/paracherkaoui.ma\/index.php\/wp-json\/wp\/v2\/product\/17975\/revisions"}],"predecessor-version":[{"id":18009,"href":"https:\/\/paracherkaoui.ma\/index.php\/wp-json\/wp\/v2\/product\/17975\/revisions\/18009"}],"wp:featuredmedia":[{"embeddable":true,"href":"https:\/\/paracherkaoui.ma\/index.php\/wp-json\/wp\/v2\/media\/18008"}],"wp:attachment":[{"href":"https:\/\/paracherkaoui.ma\/index.php\/wp-json\/wp\/v2\/media?parent=17975"}],"wp:term":[{"taxonomy":"product_brand","embeddable":true,"href":"https:\/\/paracherkaoui.ma\/index.php\/wp-json\/wp\/v2\/product_brand?post=17975"},{"taxonomy":"product_cat","embeddable":true,"href":"https:\/\/paracherkaoui.ma\/index.php\/wp-json\/wp\/v2\/product_cat?post=17975"},{"taxonomy":"product_tag","embeddable":true,"href":"https:\/\/paracherkaoui.ma\/index.php\/wp-json\/wp\/v2\/product_tag?post=17975"}],"curies":[{"name":"wp","href":"https:\/\/api.w.org\/{rel}","templated":true}]}}