{"id":17899,"date":"2025-12-12T18:00:26","date_gmt":"2025-12-12T17:00:26","guid":{"rendered":"https:\/\/test.ecbeaute.com\/?post_type=product&#038;p=17899"},"modified":"2025-12-12T18:00:29","modified_gmt":"2025-12-12T17:00:29","slug":"ecrinal-shampooing-fortifiant-homme-200ml","status":"publish","type":"product","link":"https:\/\/paracherkaoui.ma\/index.php\/produit\/ecrinal-shampooing-fortifiant-homme-200ml\/","title":{"rendered":"ECRINAL SHAMPOOING FORTIFIANT HOMME 200ML"},"content":{"rendered":"<p>DESCRIPTIF:<br \/>\nEcrinal Shampooing Anti-chute Homme A L&rsquo;anp &#8211; revitalise les cheveux et lave en douceur. Sa formule \u00e0 l\u2019ANP renforce les cheveux et est tr\u00e8s efficace contre la chute des cheveux. Particuli\u00e8rement adapt\u00e9 aux cheveux ternes, cassants, d\u00e9vitalis\u00e9s et affaiblis, Pour usage fr\u00e9quent.<\/p>\n<p>UTILISATION:<\/p>\n<p>Appliquez sur les cheveux mouill\u00e9s, massez, puis rincez. Proc\u00e9dez \u00e0 une seconde application, laissez agir 3 minutes et rincez abondamment. Shampooing traitant pour soin des cheveux ternes, cassants, d\u00e9vitalis\u00e9s et affaiblis pour nous les hommes. Il convient \u00e0 tous types de cheveux.<\/p>\n","protected":false},"excerpt":{"rendered":"<p>DESCRIPTIF: Ecrinal Shampooing Anti-chute Homme A L&rsquo;anp &#8211; revitalise les cheveux et lave en douceur. Sa formule \u00e0 l\u2019ANP renforce<\/p>\n","protected":false},"featured_media":17941,"comment_status":"open","ping_status":"closed","template":"","meta":[],"product_brand":[253],"product_cat":[316],"product_tag":[],"class_list":{"0":"post-17899","1":"product","2":"type-product","3":"status-publish","4":"has-post-thumbnail","6":"product_brand-ecrinal","7":"product_cat-shampoings-soins-des-cheveux-cheveux","9":"first","10":"instock","11":"sale","12":"shipping-taxable","13":"purchasable","14":"product-type-simple"},"yoast_head":"<!-- This site is optimized with the Yoast SEO plugin v26.6 - https:\/\/yoast.com\/wordpress\/plugins\/seo\/ -->\r\n<title>ECRINAL SHAMPOOING FORTIFIANT HOMME 200ML - Paracherkaoui.ma<\/title>\r\n<meta name=\"robots\" content=\"index, follow, max-snippet:-1, max-image-preview:large, max-video-preview:-1\" \/>\r\n<link rel=\"canonical\" href=\"https:\/\/paracherkaoui.ma\/index.php\/produit\/ecrinal-shampooing-fortifiant-homme-200ml\/\" \/>\r\n<meta property=\"og:locale\" content=\"fr_FR\" \/>\r\n<meta property=\"og:type\" content=\"article\" \/>\r\n<meta property=\"og:title\" content=\"ECRINAL SHAMPOOING FORTIFIANT HOMME 200ML - Paracherkaoui.ma\" \/>\r\n<meta property=\"og:description\" content=\"DESCRIPTIF: Ecrinal Shampooing Anti-chute Homme A L&rsquo;anp &#8211; revitalise les cheveux et lave en douceur. Sa formule \u00e0 l\u2019ANP renforce\" \/>\r\n<meta property=\"og:url\" content=\"https:\/\/paracherkaoui.ma\/index.php\/produit\/ecrinal-shampooing-fortifiant-homme-200ml\/\" \/>\r\n<meta property=\"og:site_name\" content=\"Paracherkaoui.ma\" \/>\r\n<meta property=\"article:modified_time\" content=\"2025-12-12T17:00:29+00:00\" \/>\r\n<meta property=\"og:image\" content=\"https:\/\/paracherkaoui.ma\/wp-content\/uploads\/2025\/12\/ecrinal-shampooing-fortifiant-homme-200ml.jpg\" \/>\r\n\t<meta property=\"og:image:width\" content=\"700\" \/>\r\n\t<meta property=\"og:image:height\" content=\"700\" \/>\r\n\t<meta property=\"og:image:type\" content=\"image\/jpeg\" \/>\r\n<meta name=\"twitter:card\" content=\"summary_large_image\" \/>\r\n<script type=\"application\/ld+json\" class=\"yoast-schema-graph\">{\"@context\":\"https:\/\/schema.org\",\"@graph\":[{\"@type\":\"WebPage\",\"@id\":\"https:\/\/paracherkaoui.ma\/index.php\/produit\/ecrinal-shampooing-fortifiant-homme-200ml\/\",\"url\":\"https:\/\/paracherkaoui.ma\/index.php\/produit\/ecrinal-shampooing-fortifiant-homme-200ml\/\",\"name\":\"ECRINAL SHAMPOOING FORTIFIANT HOMME 200ML - Paracherkaoui.ma\",\"isPartOf\":{\"@id\":\"https:\/\/paracherkaoui.ma\/#website\"},\"primaryImageOfPage\":{\"@id\":\"https:\/\/paracherkaoui.ma\/index.php\/produit\/ecrinal-shampooing-fortifiant-homme-200ml\/#primaryimage\"},\"image\":{\"@id\":\"https:\/\/paracherkaoui.ma\/index.php\/produit\/ecrinal-shampooing-fortifiant-homme-200ml\/#primaryimage\"},\"thumbnailUrl\":\"https:\/\/paracherkaoui.ma\/wp-content\/uploads\/2025\/12\/ecrinal-shampooing-fortifiant-homme-200ml.jpg\",\"datePublished\":\"2025-12-12T17:00:26+00:00\",\"dateModified\":\"2025-12-12T17:00:29+00:00\",\"breadcrumb\":{\"@id\":\"https:\/\/paracherkaoui.ma\/index.php\/produit\/ecrinal-shampooing-fortifiant-homme-200ml\/#breadcrumb\"},\"inLanguage\":\"fr-FR\",\"potentialAction\":[{\"@type\":\"ReadAction\",\"target\":[\"https:\/\/paracherkaoui.ma\/index.php\/produit\/ecrinal-shampooing-fortifiant-homme-200ml\/\"]}]},{\"@type\":\"ImageObject\",\"inLanguage\":\"fr-FR\",\"@id\":\"https:\/\/paracherkaoui.ma\/index.php\/produit\/ecrinal-shampooing-fortifiant-homme-200ml\/#primaryimage\",\"url\":\"https:\/\/paracherkaoui.ma\/wp-content\/uploads\/2025\/12\/ecrinal-shampooing-fortifiant-homme-200ml.jpg\",\"contentUrl\":\"https:\/\/paracherkaoui.ma\/wp-content\/uploads\/2025\/12\/ecrinal-shampooing-fortifiant-homme-200ml.jpg\",\"width\":700,\"height\":700},{\"@type\":\"BreadcrumbList\",\"@id\":\"https:\/\/paracherkaoui.ma\/index.php\/produit\/ecrinal-shampooing-fortifiant-homme-200ml\/#breadcrumb\",\"itemListElement\":[{\"@type\":\"ListItem\",\"position\":1,\"name\":\"Accueil\",\"item\":\"https:\/\/paracherkaoui.ma\/\"},{\"@type\":\"ListItem\",\"position\":2,\"name\":\"Boutique\",\"item\":\"https:\/\/paracherkaoui.ma\/index.php\/boutique\/\"},{\"@type\":\"ListItem\",\"position\":3,\"name\":\"ECRINAL SHAMPOOING FORTIFIANT HOMME 200ML\"}]},{\"@type\":\"WebSite\",\"@id\":\"https:\/\/paracherkaoui.ma\/#website\",\"url\":\"https:\/\/paracherkaoui.ma\/\",\"name\":\"Paracherkaoui.ma\",\"description\":\"Achetez en ligne sur Paracherkaoui.ma\",\"potentialAction\":[{\"@type\":\"SearchAction\",\"target\":{\"@type\":\"EntryPoint\",\"urlTemplate\":\"https:\/\/paracherkaoui.ma\/?s={search_term_string}\"},\"query-input\":{\"@type\":\"PropertyValueSpecification\",\"valueRequired\":true,\"valueName\":\"search_term_string\"}}],\"inLanguage\":\"fr-FR\"}]}<\/script>\r\n<!-- \/ Yoast SEO plugin. -->","yoast_head_json":{"title":"ECRINAL SHAMPOOING FORTIFIANT HOMME 200ML - Paracherkaoui.ma","robots":{"index":"index","follow":"follow","max-snippet":"max-snippet:-1","max-image-preview":"max-image-preview:large","max-video-preview":"max-video-preview:-1"},"canonical":"https:\/\/paracherkaoui.ma\/index.php\/produit\/ecrinal-shampooing-fortifiant-homme-200ml\/","og_locale":"fr_FR","og_type":"article","og_title":"ECRINAL SHAMPOOING FORTIFIANT HOMME 200ML - Paracherkaoui.ma","og_description":"DESCRIPTIF: Ecrinal Shampooing Anti-chute Homme A L&rsquo;anp &#8211; revitalise les cheveux et lave en douceur. Sa formule \u00e0 l\u2019ANP renforce","og_url":"https:\/\/paracherkaoui.ma\/index.php\/produit\/ecrinal-shampooing-fortifiant-homme-200ml\/","og_site_name":"Paracherkaoui.ma","article_modified_time":"2025-12-12T17:00:29+00:00","og_image":[{"width":700,"height":700,"url":"https:\/\/paracherkaoui.ma\/wp-content\/uploads\/2025\/12\/ecrinal-shampooing-fortifiant-homme-200ml.jpg","type":"image\/jpeg"}],"twitter_card":"summary_large_image","schema":{"@context":"https:\/\/schema.org","@graph":[{"@type":"WebPage","@id":"https:\/\/paracherkaoui.ma\/index.php\/produit\/ecrinal-shampooing-fortifiant-homme-200ml\/","url":"https:\/\/paracherkaoui.ma\/index.php\/produit\/ecrinal-shampooing-fortifiant-homme-200ml\/","name":"ECRINAL SHAMPOOING FORTIFIANT HOMME 200ML - Paracherkaoui.ma","isPartOf":{"@id":"https:\/\/paracherkaoui.ma\/#website"},"primaryImageOfPage":{"@id":"https:\/\/paracherkaoui.ma\/index.php\/produit\/ecrinal-shampooing-fortifiant-homme-200ml\/#primaryimage"},"image":{"@id":"https:\/\/paracherkaoui.ma\/index.php\/produit\/ecrinal-shampooing-fortifiant-homme-200ml\/#primaryimage"},"thumbnailUrl":"https:\/\/paracherkaoui.ma\/wp-content\/uploads\/2025\/12\/ecrinal-shampooing-fortifiant-homme-200ml.jpg","datePublished":"2025-12-12T17:00:26+00:00","dateModified":"2025-12-12T17:00:29+00:00","breadcrumb":{"@id":"https:\/\/paracherkaoui.ma\/index.php\/produit\/ecrinal-shampooing-fortifiant-homme-200ml\/#breadcrumb"},"inLanguage":"fr-FR","potentialAction":[{"@type":"ReadAction","target":["https:\/\/paracherkaoui.ma\/index.php\/produit\/ecrinal-shampooing-fortifiant-homme-200ml\/"]}]},{"@type":"ImageObject","inLanguage":"fr-FR","@id":"https:\/\/paracherkaoui.ma\/index.php\/produit\/ecrinal-shampooing-fortifiant-homme-200ml\/#primaryimage","url":"https:\/\/paracherkaoui.ma\/wp-content\/uploads\/2025\/12\/ecrinal-shampooing-fortifiant-homme-200ml.jpg","contentUrl":"https:\/\/paracherkaoui.ma\/wp-content\/uploads\/2025\/12\/ecrinal-shampooing-fortifiant-homme-200ml.jpg","width":700,"height":700},{"@type":"BreadcrumbList","@id":"https:\/\/paracherkaoui.ma\/index.php\/produit\/ecrinal-shampooing-fortifiant-homme-200ml\/#breadcrumb","itemListElement":[{"@type":"ListItem","position":1,"name":"Accueil","item":"https:\/\/paracherkaoui.ma\/"},{"@type":"ListItem","position":2,"name":"Boutique","item":"https:\/\/paracherkaoui.ma\/index.php\/boutique\/"},{"@type":"ListItem","position":3,"name":"ECRINAL SHAMPOOING FORTIFIANT HOMME 200ML"}]},{"@type":"WebSite","@id":"https:\/\/paracherkaoui.ma\/#website","url":"https:\/\/paracherkaoui.ma\/","name":"Paracherkaoui.ma","description":"Achetez en ligne sur Paracherkaoui.ma","potentialAction":[{"@type":"SearchAction","target":{"@type":"EntryPoint","urlTemplate":"https:\/\/paracherkaoui.ma\/?s={search_term_string}"},"query-input":{"@type":"PropertyValueSpecification","valueRequired":true,"valueName":"search_term_string"}}],"inLanguage":"fr-FR"}]}},"_links":{"self":[{"href":"https:\/\/paracherkaoui.ma\/index.php\/wp-json\/wp\/v2\/product\/17899","targetHints":{"allow":["GET"]}}],"collection":[{"href":"https:\/\/paracherkaoui.ma\/index.php\/wp-json\/wp\/v2\/product"}],"about":[{"href":"https:\/\/paracherkaoui.ma\/index.php\/wp-json\/wp\/v2\/types\/product"}],"replies":[{"embeddable":true,"href":"https:\/\/paracherkaoui.ma\/index.php\/wp-json\/wp\/v2\/comments?post=17899"}],"version-history":[{"count":1,"href":"https:\/\/paracherkaoui.ma\/index.php\/wp-json\/wp\/v2\/product\/17899\/revisions"}],"predecessor-version":[{"id":17942,"href":"https:\/\/paracherkaoui.ma\/index.php\/wp-json\/wp\/v2\/product\/17899\/revisions\/17942"}],"wp:featuredmedia":[{"embeddable":true,"href":"https:\/\/paracherkaoui.ma\/index.php\/wp-json\/wp\/v2\/media\/17941"}],"wp:attachment":[{"href":"https:\/\/paracherkaoui.ma\/index.php\/wp-json\/wp\/v2\/media?parent=17899"}],"wp:term":[{"taxonomy":"product_brand","embeddable":true,"href":"https:\/\/paracherkaoui.ma\/index.php\/wp-json\/wp\/v2\/product_brand?post=17899"},{"taxonomy":"product_cat","embeddable":true,"href":"https:\/\/paracherkaoui.ma\/index.php\/wp-json\/wp\/v2\/product_cat?post=17899"},{"taxonomy":"product_tag","embeddable":true,"href":"https:\/\/paracherkaoui.ma\/index.php\/wp-json\/wp\/v2\/product_tag?post=17899"}],"curies":[{"name":"wp","href":"https:\/\/api.w.org\/{rel}","templated":true}]}}