{"id":17896,"date":"2025-12-12T18:00:26","date_gmt":"2025-12-12T17:00:26","guid":{"rendered":"https:\/\/test.ecbeaute.com\/?post_type=product&#038;p=17896"},"modified":"2025-12-12T18:00:28","modified_gmt":"2025-12-12T17:00:28","slug":"ecrinal-shampoing-fortifiant-femme-200ml","status":"publish","type":"product","link":"https:\/\/paracherkaoui.ma\/index.php\/produit\/ecrinal-shampoing-fortifiant-femme-200ml\/","title":{"rendered":"ECRINAL SHAMPOING FORTIFIANT FEMME 200ML"},"content":{"rendered":"<p>Volume : 200 ml Shampoing Traitant Anti-chute Quotidien.<br \/>\nCe SHAMPOING ANTI-CHUTE A L&rsquo;ANP pour Femme revitalise les cheveux et lave en douceur.<br \/>\nSa formule \u00e0 l&rsquo;ANP renforce les cheveux et est tr\u00e8s efficace contre la chute des cheveux.<br \/>\nParticuli\u00e8rement adapt\u00e9 aux cheveux ternes, cassants, d\u00e9vitalis\u00e9s et affaiblis.<br \/>\nPour usage fr\u00e9quent.<br \/>\nR\u00e9sultats :<br \/>\n1. Cheveux fortifi\u00e9s et revitalis\u00e9s.<br \/>\n2. Cheveux nettoy\u00e9s en douceur.<br \/>\n3. Embellissement des cheveux.<br \/>\nPrincipes actifs :<br \/>\n&#8211; L&rsquo;ANP, complexe d&rsquo;acides gras essentiels, stimule la production de k\u00e9ratine et fortifie les cheveux, ralentissant ainsi leur chute.<br \/>\n&#8211; Le D-Panthenol rend \u00e9clat et beaut\u00e9 aux cheveux.<br \/>\nNos conseils d&rsquo;utilisation :\u00a0Appliquez sur les cheveux mouill\u00e9s, massez, puis rincez. Proc\u00e9dez \u00e0 une seconde application si n\u00e9cessaire, laissez agir 3 minutes et rincez abondamment. Peut \u00eatre utilis\u00e9 aussi souvent que n\u00e9cessaire.<\/p>\n","protected":false},"excerpt":{"rendered":"<p>Volume : 200 ml Shampoing Traitant Anti-chute Quotidien. Ce SHAMPOING ANTI-CHUTE A L&rsquo;ANP pour Femme revitalise les cheveux et lave<\/p>\n","protected":false},"featured_media":17935,"comment_status":"open","ping_status":"closed","template":"","meta":[],"product_brand":[253],"product_cat":[316],"product_tag":[],"class_list":{"0":"post-17896","1":"product","2":"type-product","3":"status-publish","4":"has-post-thumbnail","6":"product_brand-ecrinal","7":"product_cat-shampoings-soins-des-cheveux-cheveux","9":"first","10":"instock","11":"sale","12":"shipping-taxable","13":"purchasable","14":"product-type-simple"},"yoast_head":"<!-- This site is optimized with the Yoast SEO plugin v26.6 - https:\/\/yoast.com\/wordpress\/plugins\/seo\/ -->\r\n<title>ECRINAL SHAMPOING FORTIFIANT FEMME 200ML - Paracherkaoui.ma<\/title>\r\n<meta name=\"robots\" content=\"index, follow, max-snippet:-1, max-image-preview:large, max-video-preview:-1\" \/>\r\n<link rel=\"canonical\" href=\"https:\/\/paracherkaoui.ma\/index.php\/produit\/ecrinal-shampoing-fortifiant-femme-200ml\/\" \/>\r\n<meta property=\"og:locale\" content=\"fr_FR\" \/>\r\n<meta property=\"og:type\" content=\"article\" \/>\r\n<meta property=\"og:title\" content=\"ECRINAL SHAMPOING FORTIFIANT FEMME 200ML - Paracherkaoui.ma\" \/>\r\n<meta property=\"og:description\" content=\"Volume : 200 ml Shampoing Traitant Anti-chute Quotidien. Ce SHAMPOING ANTI-CHUTE A L&rsquo;ANP pour Femme revitalise les cheveux et lave\" \/>\r\n<meta property=\"og:url\" content=\"https:\/\/paracherkaoui.ma\/index.php\/produit\/ecrinal-shampoing-fortifiant-femme-200ml\/\" \/>\r\n<meta property=\"og:site_name\" content=\"Paracherkaoui.ma\" \/>\r\n<meta property=\"article:modified_time\" content=\"2025-12-12T17:00:28+00:00\" \/>\r\n<meta property=\"og:image\" content=\"https:\/\/paracherkaoui.ma\/wp-content\/uploads\/2025\/12\/ecrinal-ecrinal-shampoing-fortifiant-femme-200ml-shampoings-anti-chute.jpg\" \/>\r\n\t<meta property=\"og:image:width\" content=\"700\" \/>\r\n\t<meta property=\"og:image:height\" content=\"700\" \/>\r\n\t<meta property=\"og:image:type\" content=\"image\/jpeg\" \/>\r\n<meta name=\"twitter:card\" content=\"summary_large_image\" \/>\r\n<meta name=\"twitter:label1\" content=\"Dur\u00e9e de lecture estim\u00e9e\" \/>\n\t<meta name=\"twitter:data1\" content=\"1 minute\" \/>\r\n<script type=\"application\/ld+json\" class=\"yoast-schema-graph\">{\"@context\":\"https:\/\/schema.org\",\"@graph\":[{\"@type\":\"WebPage\",\"@id\":\"https:\/\/paracherkaoui.ma\/index.php\/produit\/ecrinal-shampoing-fortifiant-femme-200ml\/\",\"url\":\"https:\/\/paracherkaoui.ma\/index.php\/produit\/ecrinal-shampoing-fortifiant-femme-200ml\/\",\"name\":\"ECRINAL SHAMPOING FORTIFIANT FEMME 200ML - Paracherkaoui.ma\",\"isPartOf\":{\"@id\":\"https:\/\/paracherkaoui.ma\/#website\"},\"primaryImageOfPage\":{\"@id\":\"https:\/\/paracherkaoui.ma\/index.php\/produit\/ecrinal-shampoing-fortifiant-femme-200ml\/#primaryimage\"},\"image\":{\"@id\":\"https:\/\/paracherkaoui.ma\/index.php\/produit\/ecrinal-shampoing-fortifiant-femme-200ml\/#primaryimage\"},\"thumbnailUrl\":\"https:\/\/paracherkaoui.ma\/wp-content\/uploads\/2025\/12\/ecrinal-ecrinal-shampoing-fortifiant-femme-200ml-shampoings-anti-chute.jpg\",\"datePublished\":\"2025-12-12T17:00:26+00:00\",\"dateModified\":\"2025-12-12T17:00:28+00:00\",\"breadcrumb\":{\"@id\":\"https:\/\/paracherkaoui.ma\/index.php\/produit\/ecrinal-shampoing-fortifiant-femme-200ml\/#breadcrumb\"},\"inLanguage\":\"fr-FR\",\"potentialAction\":[{\"@type\":\"ReadAction\",\"target\":[\"https:\/\/paracherkaoui.ma\/index.php\/produit\/ecrinal-shampoing-fortifiant-femme-200ml\/\"]}]},{\"@type\":\"ImageObject\",\"inLanguage\":\"fr-FR\",\"@id\":\"https:\/\/paracherkaoui.ma\/index.php\/produit\/ecrinal-shampoing-fortifiant-femme-200ml\/#primaryimage\",\"url\":\"https:\/\/paracherkaoui.ma\/wp-content\/uploads\/2025\/12\/ecrinal-ecrinal-shampoing-fortifiant-femme-200ml-shampoings-anti-chute.jpg\",\"contentUrl\":\"https:\/\/paracherkaoui.ma\/wp-content\/uploads\/2025\/12\/ecrinal-ecrinal-shampoing-fortifiant-femme-200ml-shampoings-anti-chute.jpg\",\"width\":700,\"height\":700},{\"@type\":\"BreadcrumbList\",\"@id\":\"https:\/\/paracherkaoui.ma\/index.php\/produit\/ecrinal-shampoing-fortifiant-femme-200ml\/#breadcrumb\",\"itemListElement\":[{\"@type\":\"ListItem\",\"position\":1,\"name\":\"Accueil\",\"item\":\"https:\/\/paracherkaoui.ma\/\"},{\"@type\":\"ListItem\",\"position\":2,\"name\":\"Boutique\",\"item\":\"https:\/\/paracherkaoui.ma\/index.php\/boutique\/\"},{\"@type\":\"ListItem\",\"position\":3,\"name\":\"ECRINAL SHAMPOING FORTIFIANT FEMME 200ML\"}]},{\"@type\":\"WebSite\",\"@id\":\"https:\/\/paracherkaoui.ma\/#website\",\"url\":\"https:\/\/paracherkaoui.ma\/\",\"name\":\"Paracherkaoui.ma\",\"description\":\"Achetez en ligne sur Paracherkaoui.ma\",\"potentialAction\":[{\"@type\":\"SearchAction\",\"target\":{\"@type\":\"EntryPoint\",\"urlTemplate\":\"https:\/\/paracherkaoui.ma\/?s={search_term_string}\"},\"query-input\":{\"@type\":\"PropertyValueSpecification\",\"valueRequired\":true,\"valueName\":\"search_term_string\"}}],\"inLanguage\":\"fr-FR\"}]}<\/script>\r\n<!-- \/ Yoast SEO plugin. -->","yoast_head_json":{"title":"ECRINAL SHAMPOING FORTIFIANT FEMME 200ML - Paracherkaoui.ma","robots":{"index":"index","follow":"follow","max-snippet":"max-snippet:-1","max-image-preview":"max-image-preview:large","max-video-preview":"max-video-preview:-1"},"canonical":"https:\/\/paracherkaoui.ma\/index.php\/produit\/ecrinal-shampoing-fortifiant-femme-200ml\/","og_locale":"fr_FR","og_type":"article","og_title":"ECRINAL SHAMPOING FORTIFIANT FEMME 200ML - Paracherkaoui.ma","og_description":"Volume : 200 ml Shampoing Traitant Anti-chute Quotidien. Ce SHAMPOING ANTI-CHUTE A L&rsquo;ANP pour Femme revitalise les cheveux et lave","og_url":"https:\/\/paracherkaoui.ma\/index.php\/produit\/ecrinal-shampoing-fortifiant-femme-200ml\/","og_site_name":"Paracherkaoui.ma","article_modified_time":"2025-12-12T17:00:28+00:00","og_image":[{"width":700,"height":700,"url":"https:\/\/paracherkaoui.ma\/wp-content\/uploads\/2025\/12\/ecrinal-ecrinal-shampoing-fortifiant-femme-200ml-shampoings-anti-chute.jpg","type":"image\/jpeg"}],"twitter_card":"summary_large_image","twitter_misc":{"Dur\u00e9e de lecture estim\u00e9e":"1 minute"},"schema":{"@context":"https:\/\/schema.org","@graph":[{"@type":"WebPage","@id":"https:\/\/paracherkaoui.ma\/index.php\/produit\/ecrinal-shampoing-fortifiant-femme-200ml\/","url":"https:\/\/paracherkaoui.ma\/index.php\/produit\/ecrinal-shampoing-fortifiant-femme-200ml\/","name":"ECRINAL SHAMPOING FORTIFIANT FEMME 200ML - Paracherkaoui.ma","isPartOf":{"@id":"https:\/\/paracherkaoui.ma\/#website"},"primaryImageOfPage":{"@id":"https:\/\/paracherkaoui.ma\/index.php\/produit\/ecrinal-shampoing-fortifiant-femme-200ml\/#primaryimage"},"image":{"@id":"https:\/\/paracherkaoui.ma\/index.php\/produit\/ecrinal-shampoing-fortifiant-femme-200ml\/#primaryimage"},"thumbnailUrl":"https:\/\/paracherkaoui.ma\/wp-content\/uploads\/2025\/12\/ecrinal-ecrinal-shampoing-fortifiant-femme-200ml-shampoings-anti-chute.jpg","datePublished":"2025-12-12T17:00:26+00:00","dateModified":"2025-12-12T17:00:28+00:00","breadcrumb":{"@id":"https:\/\/paracherkaoui.ma\/index.php\/produit\/ecrinal-shampoing-fortifiant-femme-200ml\/#breadcrumb"},"inLanguage":"fr-FR","potentialAction":[{"@type":"ReadAction","target":["https:\/\/paracherkaoui.ma\/index.php\/produit\/ecrinal-shampoing-fortifiant-femme-200ml\/"]}]},{"@type":"ImageObject","inLanguage":"fr-FR","@id":"https:\/\/paracherkaoui.ma\/index.php\/produit\/ecrinal-shampoing-fortifiant-femme-200ml\/#primaryimage","url":"https:\/\/paracherkaoui.ma\/wp-content\/uploads\/2025\/12\/ecrinal-ecrinal-shampoing-fortifiant-femme-200ml-shampoings-anti-chute.jpg","contentUrl":"https:\/\/paracherkaoui.ma\/wp-content\/uploads\/2025\/12\/ecrinal-ecrinal-shampoing-fortifiant-femme-200ml-shampoings-anti-chute.jpg","width":700,"height":700},{"@type":"BreadcrumbList","@id":"https:\/\/paracherkaoui.ma\/index.php\/produit\/ecrinal-shampoing-fortifiant-femme-200ml\/#breadcrumb","itemListElement":[{"@type":"ListItem","position":1,"name":"Accueil","item":"https:\/\/paracherkaoui.ma\/"},{"@type":"ListItem","position":2,"name":"Boutique","item":"https:\/\/paracherkaoui.ma\/index.php\/boutique\/"},{"@type":"ListItem","position":3,"name":"ECRINAL SHAMPOING FORTIFIANT FEMME 200ML"}]},{"@type":"WebSite","@id":"https:\/\/paracherkaoui.ma\/#website","url":"https:\/\/paracherkaoui.ma\/","name":"Paracherkaoui.ma","description":"Achetez en ligne sur Paracherkaoui.ma","potentialAction":[{"@type":"SearchAction","target":{"@type":"EntryPoint","urlTemplate":"https:\/\/paracherkaoui.ma\/?s={search_term_string}"},"query-input":{"@type":"PropertyValueSpecification","valueRequired":true,"valueName":"search_term_string"}}],"inLanguage":"fr-FR"}]}},"_links":{"self":[{"href":"https:\/\/paracherkaoui.ma\/index.php\/wp-json\/wp\/v2\/product\/17896","targetHints":{"allow":["GET"]}}],"collection":[{"href":"https:\/\/paracherkaoui.ma\/index.php\/wp-json\/wp\/v2\/product"}],"about":[{"href":"https:\/\/paracherkaoui.ma\/index.php\/wp-json\/wp\/v2\/types\/product"}],"replies":[{"embeddable":true,"href":"https:\/\/paracherkaoui.ma\/index.php\/wp-json\/wp\/v2\/comments?post=17896"}],"version-history":[{"count":1,"href":"https:\/\/paracherkaoui.ma\/index.php\/wp-json\/wp\/v2\/product\/17896\/revisions"}],"predecessor-version":[{"id":17936,"href":"https:\/\/paracherkaoui.ma\/index.php\/wp-json\/wp\/v2\/product\/17896\/revisions\/17936"}],"wp:featuredmedia":[{"embeddable":true,"href":"https:\/\/paracherkaoui.ma\/index.php\/wp-json\/wp\/v2\/media\/17935"}],"wp:attachment":[{"href":"https:\/\/paracherkaoui.ma\/index.php\/wp-json\/wp\/v2\/media?parent=17896"}],"wp:term":[{"taxonomy":"product_brand","embeddable":true,"href":"https:\/\/paracherkaoui.ma\/index.php\/wp-json\/wp\/v2\/product_brand?post=17896"},{"taxonomy":"product_cat","embeddable":true,"href":"https:\/\/paracherkaoui.ma\/index.php\/wp-json\/wp\/v2\/product_cat?post=17896"},{"taxonomy":"product_tag","embeddable":true,"href":"https:\/\/paracherkaoui.ma\/index.php\/wp-json\/wp\/v2\/product_tag?post=17896"}],"curies":[{"name":"wp","href":"https:\/\/api.w.org\/{rel}","templated":true}]}}