{"id":17890,"date":"2025-12-12T18:00:25","date_gmt":"2025-12-12T17:00:25","guid":{"rendered":"https:\/\/test.ecbeaute.com\/?post_type=product&#038;p=17890"},"modified":"2025-12-12T18:00:27","modified_gmt":"2025-12-12T17:00:27","slug":"caditar-shampooing-anti-pelliculaire-150-ml","status":"publish","type":"product","link":"https:\/\/paracherkaoui.ma\/index.php\/produit\/caditar-shampooing-anti-pelliculaire-150-ml\/","title":{"rendered":"CADITAR SHAMPOOING ANTI PELLICULAIRE 150 ML"},"content":{"rendered":"<p>Shampoing anti-pelliculaire aux extraits de propolis et de tea tree pour une \u00e9limination durable des pellicules s\u00e8ches.<br \/>\nUne triple action sur le cuir chevelu:<br \/>\nNormalise<br \/>\nPurifie<br \/>\nTraite<br \/>\nGrace a sa base lavante extra douce, CADITAR ANTI-PELLICULAIRE \u00e9vite de d\u00e9caper le cuir chevelu et \u00e9vite ainsi les effets \u00ab rebonds \u00bb. De plus, le zinc pyrithione ainsi que l\u2019acide salicylique agissent en douceur pour \u00e9viter l\u2019apparition et la r\u00e9apparition des pellicules. Le propolis et le tea tree soulagent les d\u00e9mangeaisons.<\/p>\n","protected":false},"excerpt":{"rendered":"<p>Shampoing anti-pelliculaire aux extraits de propolis et de tea tree pour une \u00e9limination durable des pellicules s\u00e8ches. Une triple action<\/p>\n","protected":false},"featured_media":17923,"comment_status":"open","ping_status":"closed","template":"","meta":[],"product_brand":[265],"product_cat":[316],"product_tag":[],"class_list":{"0":"post-17890","1":"product","2":"type-product","3":"status-publish","4":"has-post-thumbnail","6":"product_brand-caditar","7":"product_cat-shampoings-soins-des-cheveux-cheveux","9":"first","10":"instock","11":"sale","12":"shipping-taxable","13":"purchasable","14":"product-type-simple"},"yoast_head":"<!-- This site is optimized with the Yoast SEO plugin v26.6 - https:\/\/yoast.com\/wordpress\/plugins\/seo\/ -->\r\n<title>CADITAR SHAMPOOING ANTI PELLICULAIRE 150 ML - Paracherkaoui.ma<\/title>\r\n<meta name=\"robots\" content=\"index, follow, max-snippet:-1, max-image-preview:large, max-video-preview:-1\" \/>\r\n<link rel=\"canonical\" href=\"https:\/\/paracherkaoui.ma\/index.php\/produit\/caditar-shampooing-anti-pelliculaire-150-ml\/\" \/>\r\n<meta property=\"og:locale\" content=\"fr_FR\" \/>\r\n<meta property=\"og:type\" content=\"article\" \/>\r\n<meta property=\"og:title\" content=\"CADITAR SHAMPOOING ANTI PELLICULAIRE 150 ML - Paracherkaoui.ma\" \/>\r\n<meta property=\"og:description\" content=\"Shampoing anti-pelliculaire aux extraits de propolis et de tea tree pour une \u00e9limination durable des pellicules s\u00e8ches. Une triple action\" \/>\r\n<meta property=\"og:url\" content=\"https:\/\/paracherkaoui.ma\/index.php\/produit\/caditar-shampooing-anti-pelliculaire-150-ml\/\" \/>\r\n<meta property=\"og:site_name\" content=\"Paracherkaoui.ma\" \/>\r\n<meta property=\"article:modified_time\" content=\"2025-12-12T17:00:27+00:00\" \/>\r\n<meta property=\"og:image\" content=\"https:\/\/paracherkaoui.ma\/wp-content\/uploads\/2025\/12\/caditar-caditar-shampooing-anti-pelliculaire-150-ml-shampoings-anti-pelliculaires.jpg\" \/>\r\n\t<meta property=\"og:image:width\" content=\"700\" \/>\r\n\t<meta property=\"og:image:height\" content=\"700\" \/>\r\n\t<meta property=\"og:image:type\" content=\"image\/jpeg\" \/>\r\n<meta name=\"twitter:card\" content=\"summary_large_image\" \/>\r\n<script type=\"application\/ld+json\" class=\"yoast-schema-graph\">{\"@context\":\"https:\/\/schema.org\",\"@graph\":[{\"@type\":\"WebPage\",\"@id\":\"https:\/\/paracherkaoui.ma\/index.php\/produit\/caditar-shampooing-anti-pelliculaire-150-ml\/\",\"url\":\"https:\/\/paracherkaoui.ma\/index.php\/produit\/caditar-shampooing-anti-pelliculaire-150-ml\/\",\"name\":\"CADITAR SHAMPOOING ANTI PELLICULAIRE 150 ML - Paracherkaoui.ma\",\"isPartOf\":{\"@id\":\"https:\/\/paracherkaoui.ma\/#website\"},\"primaryImageOfPage\":{\"@id\":\"https:\/\/paracherkaoui.ma\/index.php\/produit\/caditar-shampooing-anti-pelliculaire-150-ml\/#primaryimage\"},\"image\":{\"@id\":\"https:\/\/paracherkaoui.ma\/index.php\/produit\/caditar-shampooing-anti-pelliculaire-150-ml\/#primaryimage\"},\"thumbnailUrl\":\"https:\/\/paracherkaoui.ma\/wp-content\/uploads\/2025\/12\/caditar-caditar-shampooing-anti-pelliculaire-150-ml-shampoings-anti-pelliculaires.jpg\",\"datePublished\":\"2025-12-12T17:00:25+00:00\",\"dateModified\":\"2025-12-12T17:00:27+00:00\",\"breadcrumb\":{\"@id\":\"https:\/\/paracherkaoui.ma\/index.php\/produit\/caditar-shampooing-anti-pelliculaire-150-ml\/#breadcrumb\"},\"inLanguage\":\"fr-FR\",\"potentialAction\":[{\"@type\":\"ReadAction\",\"target\":[\"https:\/\/paracherkaoui.ma\/index.php\/produit\/caditar-shampooing-anti-pelliculaire-150-ml\/\"]}]},{\"@type\":\"ImageObject\",\"inLanguage\":\"fr-FR\",\"@id\":\"https:\/\/paracherkaoui.ma\/index.php\/produit\/caditar-shampooing-anti-pelliculaire-150-ml\/#primaryimage\",\"url\":\"https:\/\/paracherkaoui.ma\/wp-content\/uploads\/2025\/12\/caditar-caditar-shampooing-anti-pelliculaire-150-ml-shampoings-anti-pelliculaires.jpg\",\"contentUrl\":\"https:\/\/paracherkaoui.ma\/wp-content\/uploads\/2025\/12\/caditar-caditar-shampooing-anti-pelliculaire-150-ml-shampoings-anti-pelliculaires.jpg\",\"width\":700,\"height\":700},{\"@type\":\"BreadcrumbList\",\"@id\":\"https:\/\/paracherkaoui.ma\/index.php\/produit\/caditar-shampooing-anti-pelliculaire-150-ml\/#breadcrumb\",\"itemListElement\":[{\"@type\":\"ListItem\",\"position\":1,\"name\":\"Accueil\",\"item\":\"https:\/\/paracherkaoui.ma\/\"},{\"@type\":\"ListItem\",\"position\":2,\"name\":\"Boutique\",\"item\":\"https:\/\/paracherkaoui.ma\/index.php\/boutique\/\"},{\"@type\":\"ListItem\",\"position\":3,\"name\":\"CADITAR SHAMPOOING ANTI PELLICULAIRE 150 ML\"}]},{\"@type\":\"WebSite\",\"@id\":\"https:\/\/paracherkaoui.ma\/#website\",\"url\":\"https:\/\/paracherkaoui.ma\/\",\"name\":\"Paracherkaoui.ma\",\"description\":\"Achetez en ligne sur Paracherkaoui.ma\",\"potentialAction\":[{\"@type\":\"SearchAction\",\"target\":{\"@type\":\"EntryPoint\",\"urlTemplate\":\"https:\/\/paracherkaoui.ma\/?s={search_term_string}\"},\"query-input\":{\"@type\":\"PropertyValueSpecification\",\"valueRequired\":true,\"valueName\":\"search_term_string\"}}],\"inLanguage\":\"fr-FR\"}]}<\/script>\r\n<!-- \/ Yoast SEO plugin. -->","yoast_head_json":{"title":"CADITAR SHAMPOOING ANTI PELLICULAIRE 150 ML - Paracherkaoui.ma","robots":{"index":"index","follow":"follow","max-snippet":"max-snippet:-1","max-image-preview":"max-image-preview:large","max-video-preview":"max-video-preview:-1"},"canonical":"https:\/\/paracherkaoui.ma\/index.php\/produit\/caditar-shampooing-anti-pelliculaire-150-ml\/","og_locale":"fr_FR","og_type":"article","og_title":"CADITAR SHAMPOOING ANTI PELLICULAIRE 150 ML - Paracherkaoui.ma","og_description":"Shampoing anti-pelliculaire aux extraits de propolis et de tea tree pour une \u00e9limination durable des pellicules s\u00e8ches. Une triple action","og_url":"https:\/\/paracherkaoui.ma\/index.php\/produit\/caditar-shampooing-anti-pelliculaire-150-ml\/","og_site_name":"Paracherkaoui.ma","article_modified_time":"2025-12-12T17:00:27+00:00","og_image":[{"width":700,"height":700,"url":"https:\/\/paracherkaoui.ma\/wp-content\/uploads\/2025\/12\/caditar-caditar-shampooing-anti-pelliculaire-150-ml-shampoings-anti-pelliculaires.jpg","type":"image\/jpeg"}],"twitter_card":"summary_large_image","schema":{"@context":"https:\/\/schema.org","@graph":[{"@type":"WebPage","@id":"https:\/\/paracherkaoui.ma\/index.php\/produit\/caditar-shampooing-anti-pelliculaire-150-ml\/","url":"https:\/\/paracherkaoui.ma\/index.php\/produit\/caditar-shampooing-anti-pelliculaire-150-ml\/","name":"CADITAR SHAMPOOING ANTI PELLICULAIRE 150 ML - Paracherkaoui.ma","isPartOf":{"@id":"https:\/\/paracherkaoui.ma\/#website"},"primaryImageOfPage":{"@id":"https:\/\/paracherkaoui.ma\/index.php\/produit\/caditar-shampooing-anti-pelliculaire-150-ml\/#primaryimage"},"image":{"@id":"https:\/\/paracherkaoui.ma\/index.php\/produit\/caditar-shampooing-anti-pelliculaire-150-ml\/#primaryimage"},"thumbnailUrl":"https:\/\/paracherkaoui.ma\/wp-content\/uploads\/2025\/12\/caditar-caditar-shampooing-anti-pelliculaire-150-ml-shampoings-anti-pelliculaires.jpg","datePublished":"2025-12-12T17:00:25+00:00","dateModified":"2025-12-12T17:00:27+00:00","breadcrumb":{"@id":"https:\/\/paracherkaoui.ma\/index.php\/produit\/caditar-shampooing-anti-pelliculaire-150-ml\/#breadcrumb"},"inLanguage":"fr-FR","potentialAction":[{"@type":"ReadAction","target":["https:\/\/paracherkaoui.ma\/index.php\/produit\/caditar-shampooing-anti-pelliculaire-150-ml\/"]}]},{"@type":"ImageObject","inLanguage":"fr-FR","@id":"https:\/\/paracherkaoui.ma\/index.php\/produit\/caditar-shampooing-anti-pelliculaire-150-ml\/#primaryimage","url":"https:\/\/paracherkaoui.ma\/wp-content\/uploads\/2025\/12\/caditar-caditar-shampooing-anti-pelliculaire-150-ml-shampoings-anti-pelliculaires.jpg","contentUrl":"https:\/\/paracherkaoui.ma\/wp-content\/uploads\/2025\/12\/caditar-caditar-shampooing-anti-pelliculaire-150-ml-shampoings-anti-pelliculaires.jpg","width":700,"height":700},{"@type":"BreadcrumbList","@id":"https:\/\/paracherkaoui.ma\/index.php\/produit\/caditar-shampooing-anti-pelliculaire-150-ml\/#breadcrumb","itemListElement":[{"@type":"ListItem","position":1,"name":"Accueil","item":"https:\/\/paracherkaoui.ma\/"},{"@type":"ListItem","position":2,"name":"Boutique","item":"https:\/\/paracherkaoui.ma\/index.php\/boutique\/"},{"@type":"ListItem","position":3,"name":"CADITAR SHAMPOOING ANTI PELLICULAIRE 150 ML"}]},{"@type":"WebSite","@id":"https:\/\/paracherkaoui.ma\/#website","url":"https:\/\/paracherkaoui.ma\/","name":"Paracherkaoui.ma","description":"Achetez en ligne sur Paracherkaoui.ma","potentialAction":[{"@type":"SearchAction","target":{"@type":"EntryPoint","urlTemplate":"https:\/\/paracherkaoui.ma\/?s={search_term_string}"},"query-input":{"@type":"PropertyValueSpecification","valueRequired":true,"valueName":"search_term_string"}}],"inLanguage":"fr-FR"}]}},"_links":{"self":[{"href":"https:\/\/paracherkaoui.ma\/index.php\/wp-json\/wp\/v2\/product\/17890","targetHints":{"allow":["GET"]}}],"collection":[{"href":"https:\/\/paracherkaoui.ma\/index.php\/wp-json\/wp\/v2\/product"}],"about":[{"href":"https:\/\/paracherkaoui.ma\/index.php\/wp-json\/wp\/v2\/types\/product"}],"replies":[{"embeddable":true,"href":"https:\/\/paracherkaoui.ma\/index.php\/wp-json\/wp\/v2\/comments?post=17890"}],"version-history":[{"count":1,"href":"https:\/\/paracherkaoui.ma\/index.php\/wp-json\/wp\/v2\/product\/17890\/revisions"}],"predecessor-version":[{"id":17924,"href":"https:\/\/paracherkaoui.ma\/index.php\/wp-json\/wp\/v2\/product\/17890\/revisions\/17924"}],"wp:featuredmedia":[{"embeddable":true,"href":"https:\/\/paracherkaoui.ma\/index.php\/wp-json\/wp\/v2\/media\/17923"}],"wp:attachment":[{"href":"https:\/\/paracherkaoui.ma\/index.php\/wp-json\/wp\/v2\/media?parent=17890"}],"wp:term":[{"taxonomy":"product_brand","embeddable":true,"href":"https:\/\/paracherkaoui.ma\/index.php\/wp-json\/wp\/v2\/product_brand?post=17890"},{"taxonomy":"product_cat","embeddable":true,"href":"https:\/\/paracherkaoui.ma\/index.php\/wp-json\/wp\/v2\/product_cat?post=17890"},{"taxonomy":"product_tag","embeddable":true,"href":"https:\/\/paracherkaoui.ma\/index.php\/wp-json\/wp\/v2\/product_tag?post=17890"}],"curies":[{"name":"wp","href":"https:\/\/api.w.org\/{rel}","templated":true}]}}