{"id":17804,"date":"2025-12-12T18:00:20","date_gmt":"2025-12-12T17:00:20","guid":{"rendered":"https:\/\/test.ecbeaute.com\/?post_type=product&#038;p=17804"},"modified":"2025-12-12T18:00:22","modified_gmt":"2025-12-12T17:00:22","slug":"capiderma-energisant-shampooing-200-ml","status":"publish","type":"product","link":"https:\/\/paracherkaoui.ma\/index.php\/produit\/capiderma-energisant-shampooing-200-ml\/","title":{"rendered":"CAPIDERMA ENERGISANT SHAMPOOING 200 ML"},"content":{"rendered":"<p>Complexe actif de Capigen<br \/>\nSans Sulfates<br \/>\nSans parab\u00e8nes<br \/>\nLutte contre la chute de cheveux<br \/>\nR\u00e9g\u00e9n\u00e8re, tonifie et hydrate les cheveux ab\u00eem\u00e9s<br \/>\nActive la croissance capillaire<br \/>\nPropri\u00e9t\u00e9s<br \/>\nCapiderma Shampooing anti-chute\u00a0a \u00e9t\u00e9 sp\u00e9cialement formul\u00e9 pour lutter efficacement contre la chute de cheveux. Il est compos\u00e9 de\u00a0 Capigen, un complexe actif qui r\u00e9g\u00e9n\u00e8re, tonifie et augmente la r\u00e9sistance du bulbe du cheveu, associ\u00e9 \u00e0 des prot\u00e9ines de bl\u00e9 hydrolys\u00e9es pour activer la croissance capillaire. Il b\u00e9n\u00e9ficie \u00e9galement d&rsquo;une riche concentration en huile de tournesol conuue pour ses vertus hydratantes et adoucissantes, ce qui fait de ce shampooing l&rsquo;id\u00e9al pour des cheveux secs et ab\u00eem\u00e9s.<br \/>\nConseils d&rsquo;utilisation<br \/>\nAppliquer 3 fois par semaine sur cheveux pr\u00e9alablement mouill\u00e9s. Masser d\u00e9licatement le cuir chevelu, laisser agir quelques minutes puis rincer abondement.<br \/>\nRenouveler l&rsquo;application si n\u00e9cessaire.<br \/>\nPour de meilleurs r\u00e9sultats, utiliser en combinaison avec la\u00a0lotion anti-chute Capiderma.<br \/>\nPr\u00e9cautions<br \/>\nEviter le contact avec les yeux et les muqueuses. Discontinuer l&rsquo;usage en cas d&rsquo;irritation.<br \/>\nGarder hors de la port\u00e9e des enfants.<br \/>\nPour usage externe seulement.<\/p>\n","protected":false},"excerpt":{"rendered":"<p>Complexe actif de Capigen Sans Sulfates Sans parab\u00e8nes Lutte contre la chute de cheveux R\u00e9g\u00e9n\u00e8re, tonifie et hydrate les cheveux<\/p>\n","protected":false},"featured_media":17843,"comment_status":"open","ping_status":"closed","template":"","meta":[],"product_brand":[247],"product_cat":[316],"product_tag":[],"class_list":{"0":"post-17804","1":"product","2":"type-product","3":"status-publish","4":"has-post-thumbnail","6":"product_brand-capiderma","7":"product_cat-shampoings-soins-des-cheveux-cheveux","9":"first","10":"instock","11":"sale","12":"shipping-taxable","13":"purchasable","14":"product-type-simple"},"yoast_head":"<!-- This site is optimized with the Yoast SEO plugin v26.6 - https:\/\/yoast.com\/wordpress\/plugins\/seo\/ -->\r\n<title>CAPIDERMA ENERGISANT SHAMPOOING 200 ML - Paracherkaoui.ma<\/title>\r\n<meta name=\"robots\" content=\"index, follow, max-snippet:-1, max-image-preview:large, max-video-preview:-1\" \/>\r\n<link rel=\"canonical\" href=\"https:\/\/paracherkaoui.ma\/index.php\/produit\/capiderma-energisant-shampooing-200-ml\/\" \/>\r\n<meta property=\"og:locale\" content=\"fr_FR\" \/>\r\n<meta property=\"og:type\" content=\"article\" \/>\r\n<meta property=\"og:title\" content=\"CAPIDERMA ENERGISANT SHAMPOOING 200 ML - Paracherkaoui.ma\" \/>\r\n<meta property=\"og:description\" content=\"Complexe actif de Capigen Sans Sulfates Sans parab\u00e8nes Lutte contre la chute de cheveux R\u00e9g\u00e9n\u00e8re, tonifie et hydrate les cheveux\" \/>\r\n<meta property=\"og:url\" content=\"https:\/\/paracherkaoui.ma\/index.php\/produit\/capiderma-energisant-shampooing-200-ml\/\" \/>\r\n<meta property=\"og:site_name\" content=\"Paracherkaoui.ma\" \/>\r\n<meta property=\"article:modified_time\" content=\"2025-12-12T17:00:22+00:00\" \/>\r\n<meta property=\"og:image\" content=\"https:\/\/paracherkaoui.ma\/wp-content\/uploads\/2025\/12\/capiderma-capiderma-energisant-shampooing-200-ml-shampooing-anti-chutes.jpg\" \/>\r\n\t<meta property=\"og:image:width\" content=\"700\" \/>\r\n\t<meta property=\"og:image:height\" content=\"700\" \/>\r\n\t<meta property=\"og:image:type\" content=\"image\/jpeg\" \/>\r\n<meta name=\"twitter:card\" content=\"summary_large_image\" \/>\r\n<meta name=\"twitter:label1\" content=\"Dur\u00e9e de lecture estim\u00e9e\" \/>\n\t<meta name=\"twitter:data1\" content=\"1 minute\" \/>\r\n<script type=\"application\/ld+json\" class=\"yoast-schema-graph\">{\"@context\":\"https:\/\/schema.org\",\"@graph\":[{\"@type\":\"WebPage\",\"@id\":\"https:\/\/paracherkaoui.ma\/index.php\/produit\/capiderma-energisant-shampooing-200-ml\/\",\"url\":\"https:\/\/paracherkaoui.ma\/index.php\/produit\/capiderma-energisant-shampooing-200-ml\/\",\"name\":\"CAPIDERMA ENERGISANT SHAMPOOING 200 ML - Paracherkaoui.ma\",\"isPartOf\":{\"@id\":\"https:\/\/paracherkaoui.ma\/#website\"},\"primaryImageOfPage\":{\"@id\":\"https:\/\/paracherkaoui.ma\/index.php\/produit\/capiderma-energisant-shampooing-200-ml\/#primaryimage\"},\"image\":{\"@id\":\"https:\/\/paracherkaoui.ma\/index.php\/produit\/capiderma-energisant-shampooing-200-ml\/#primaryimage\"},\"thumbnailUrl\":\"https:\/\/paracherkaoui.ma\/wp-content\/uploads\/2025\/12\/capiderma-capiderma-energisant-shampooing-200-ml-shampooing-anti-chutes.jpg\",\"datePublished\":\"2025-12-12T17:00:20+00:00\",\"dateModified\":\"2025-12-12T17:00:22+00:00\",\"breadcrumb\":{\"@id\":\"https:\/\/paracherkaoui.ma\/index.php\/produit\/capiderma-energisant-shampooing-200-ml\/#breadcrumb\"},\"inLanguage\":\"fr-FR\",\"potentialAction\":[{\"@type\":\"ReadAction\",\"target\":[\"https:\/\/paracherkaoui.ma\/index.php\/produit\/capiderma-energisant-shampooing-200-ml\/\"]}]},{\"@type\":\"ImageObject\",\"inLanguage\":\"fr-FR\",\"@id\":\"https:\/\/paracherkaoui.ma\/index.php\/produit\/capiderma-energisant-shampooing-200-ml\/#primaryimage\",\"url\":\"https:\/\/paracherkaoui.ma\/wp-content\/uploads\/2025\/12\/capiderma-capiderma-energisant-shampooing-200-ml-shampooing-anti-chutes.jpg\",\"contentUrl\":\"https:\/\/paracherkaoui.ma\/wp-content\/uploads\/2025\/12\/capiderma-capiderma-energisant-shampooing-200-ml-shampooing-anti-chutes.jpg\",\"width\":700,\"height\":700},{\"@type\":\"BreadcrumbList\",\"@id\":\"https:\/\/paracherkaoui.ma\/index.php\/produit\/capiderma-energisant-shampooing-200-ml\/#breadcrumb\",\"itemListElement\":[{\"@type\":\"ListItem\",\"position\":1,\"name\":\"Accueil\",\"item\":\"https:\/\/paracherkaoui.ma\/\"},{\"@type\":\"ListItem\",\"position\":2,\"name\":\"Boutique\",\"item\":\"https:\/\/paracherkaoui.ma\/index.php\/boutique\/\"},{\"@type\":\"ListItem\",\"position\":3,\"name\":\"CAPIDERMA ENERGISANT SHAMPOOING 200 ML\"}]},{\"@type\":\"WebSite\",\"@id\":\"https:\/\/paracherkaoui.ma\/#website\",\"url\":\"https:\/\/paracherkaoui.ma\/\",\"name\":\"Paracherkaoui.ma\",\"description\":\"Achetez en ligne sur Paracherkaoui.ma\",\"potentialAction\":[{\"@type\":\"SearchAction\",\"target\":{\"@type\":\"EntryPoint\",\"urlTemplate\":\"https:\/\/paracherkaoui.ma\/?s={search_term_string}\"},\"query-input\":{\"@type\":\"PropertyValueSpecification\",\"valueRequired\":true,\"valueName\":\"search_term_string\"}}],\"inLanguage\":\"fr-FR\"}]}<\/script>\r\n<!-- \/ Yoast SEO plugin. -->","yoast_head_json":{"title":"CAPIDERMA ENERGISANT SHAMPOOING 200 ML - Paracherkaoui.ma","robots":{"index":"index","follow":"follow","max-snippet":"max-snippet:-1","max-image-preview":"max-image-preview:large","max-video-preview":"max-video-preview:-1"},"canonical":"https:\/\/paracherkaoui.ma\/index.php\/produit\/capiderma-energisant-shampooing-200-ml\/","og_locale":"fr_FR","og_type":"article","og_title":"CAPIDERMA ENERGISANT SHAMPOOING 200 ML - Paracherkaoui.ma","og_description":"Complexe actif de Capigen Sans Sulfates Sans parab\u00e8nes Lutte contre la chute de cheveux R\u00e9g\u00e9n\u00e8re, tonifie et hydrate les cheveux","og_url":"https:\/\/paracherkaoui.ma\/index.php\/produit\/capiderma-energisant-shampooing-200-ml\/","og_site_name":"Paracherkaoui.ma","article_modified_time":"2025-12-12T17:00:22+00:00","og_image":[{"width":700,"height":700,"url":"https:\/\/paracherkaoui.ma\/wp-content\/uploads\/2025\/12\/capiderma-capiderma-energisant-shampooing-200-ml-shampooing-anti-chutes.jpg","type":"image\/jpeg"}],"twitter_card":"summary_large_image","twitter_misc":{"Dur\u00e9e de lecture estim\u00e9e":"1 minute"},"schema":{"@context":"https:\/\/schema.org","@graph":[{"@type":"WebPage","@id":"https:\/\/paracherkaoui.ma\/index.php\/produit\/capiderma-energisant-shampooing-200-ml\/","url":"https:\/\/paracherkaoui.ma\/index.php\/produit\/capiderma-energisant-shampooing-200-ml\/","name":"CAPIDERMA ENERGISANT SHAMPOOING 200 ML - Paracherkaoui.ma","isPartOf":{"@id":"https:\/\/paracherkaoui.ma\/#website"},"primaryImageOfPage":{"@id":"https:\/\/paracherkaoui.ma\/index.php\/produit\/capiderma-energisant-shampooing-200-ml\/#primaryimage"},"image":{"@id":"https:\/\/paracherkaoui.ma\/index.php\/produit\/capiderma-energisant-shampooing-200-ml\/#primaryimage"},"thumbnailUrl":"https:\/\/paracherkaoui.ma\/wp-content\/uploads\/2025\/12\/capiderma-capiderma-energisant-shampooing-200-ml-shampooing-anti-chutes.jpg","datePublished":"2025-12-12T17:00:20+00:00","dateModified":"2025-12-12T17:00:22+00:00","breadcrumb":{"@id":"https:\/\/paracherkaoui.ma\/index.php\/produit\/capiderma-energisant-shampooing-200-ml\/#breadcrumb"},"inLanguage":"fr-FR","potentialAction":[{"@type":"ReadAction","target":["https:\/\/paracherkaoui.ma\/index.php\/produit\/capiderma-energisant-shampooing-200-ml\/"]}]},{"@type":"ImageObject","inLanguage":"fr-FR","@id":"https:\/\/paracherkaoui.ma\/index.php\/produit\/capiderma-energisant-shampooing-200-ml\/#primaryimage","url":"https:\/\/paracherkaoui.ma\/wp-content\/uploads\/2025\/12\/capiderma-capiderma-energisant-shampooing-200-ml-shampooing-anti-chutes.jpg","contentUrl":"https:\/\/paracherkaoui.ma\/wp-content\/uploads\/2025\/12\/capiderma-capiderma-energisant-shampooing-200-ml-shampooing-anti-chutes.jpg","width":700,"height":700},{"@type":"BreadcrumbList","@id":"https:\/\/paracherkaoui.ma\/index.php\/produit\/capiderma-energisant-shampooing-200-ml\/#breadcrumb","itemListElement":[{"@type":"ListItem","position":1,"name":"Accueil","item":"https:\/\/paracherkaoui.ma\/"},{"@type":"ListItem","position":2,"name":"Boutique","item":"https:\/\/paracherkaoui.ma\/index.php\/boutique\/"},{"@type":"ListItem","position":3,"name":"CAPIDERMA ENERGISANT SHAMPOOING 200 ML"}]},{"@type":"WebSite","@id":"https:\/\/paracherkaoui.ma\/#website","url":"https:\/\/paracherkaoui.ma\/","name":"Paracherkaoui.ma","description":"Achetez en ligne sur Paracherkaoui.ma","potentialAction":[{"@type":"SearchAction","target":{"@type":"EntryPoint","urlTemplate":"https:\/\/paracherkaoui.ma\/?s={search_term_string}"},"query-input":{"@type":"PropertyValueSpecification","valueRequired":true,"valueName":"search_term_string"}}],"inLanguage":"fr-FR"}]}},"_links":{"self":[{"href":"https:\/\/paracherkaoui.ma\/index.php\/wp-json\/wp\/v2\/product\/17804","targetHints":{"allow":["GET"]}}],"collection":[{"href":"https:\/\/paracherkaoui.ma\/index.php\/wp-json\/wp\/v2\/product"}],"about":[{"href":"https:\/\/paracherkaoui.ma\/index.php\/wp-json\/wp\/v2\/types\/product"}],"replies":[{"embeddable":true,"href":"https:\/\/paracherkaoui.ma\/index.php\/wp-json\/wp\/v2\/comments?post=17804"}],"version-history":[{"count":1,"href":"https:\/\/paracherkaoui.ma\/index.php\/wp-json\/wp\/v2\/product\/17804\/revisions"}],"predecessor-version":[{"id":17844,"href":"https:\/\/paracherkaoui.ma\/index.php\/wp-json\/wp\/v2\/product\/17804\/revisions\/17844"}],"wp:featuredmedia":[{"embeddable":true,"href":"https:\/\/paracherkaoui.ma\/index.php\/wp-json\/wp\/v2\/media\/17843"}],"wp:attachment":[{"href":"https:\/\/paracherkaoui.ma\/index.php\/wp-json\/wp\/v2\/media?parent=17804"}],"wp:term":[{"taxonomy":"product_brand","embeddable":true,"href":"https:\/\/paracherkaoui.ma\/index.php\/wp-json\/wp\/v2\/product_brand?post=17804"},{"taxonomy":"product_cat","embeddable":true,"href":"https:\/\/paracherkaoui.ma\/index.php\/wp-json\/wp\/v2\/product_cat?post=17804"},{"taxonomy":"product_tag","embeddable":true,"href":"https:\/\/paracherkaoui.ma\/index.php\/wp-json\/wp\/v2\/product_tag?post=17804"}],"curies":[{"name":"wp","href":"https:\/\/api.w.org\/{rel}","templated":true}]}}