{"id":17802,"date":"2025-12-12T18:00:20","date_gmt":"2025-12-12T17:00:20","guid":{"rendered":"https:\/\/test.ecbeaute.com\/?post_type=product&#038;p=17802"},"modified":"2025-12-12T18:00:22","modified_gmt":"2025-12-12T17:00:22","slug":"biokera-specifique-nature-shampoing-cheveux-gras-1000ml","status":"publish","type":"product","link":"https:\/\/paracherkaoui.ma\/index.php\/produit\/biokera-specifique-nature-shampoing-cheveux-gras-1000ml\/","title":{"rendered":"BIOKERA SPECIFIQUE NATURE SHAMPOING CHEVEUX GRAS 1000ML"},"content":{"rendered":"<p>Description:<br \/>\nShampooing sp\u00e9cialement con\u00e7u pour les cheveux sujets \u00e0 pellicules. Sa formule riche en zinc pirytone lutte contre les pellicules et les bact\u00e9ries, tout en apaisant le cuir chevelu. En plus, l\u2019huile de lin donne brillance et \u00e9limine l\u2019\u00e9lectricit\u00e9 statique.<\/p>\n","protected":false},"excerpt":{"rendered":"<p>Description: Shampooing sp\u00e9cialement con\u00e7u pour les cheveux sujets \u00e0 pellicules. Sa formule riche en zinc pirytone lutte contre les pellicules<\/p>\n","protected":false},"featured_media":17839,"comment_status":"open","ping_status":"closed","template":"","meta":[],"product_brand":[191],"product_cat":[316],"product_tag":[],"class_list":{"0":"post-17802","1":"product","2":"type-product","3":"status-publish","4":"has-post-thumbnail","6":"product_brand-biokera","7":"product_cat-shampoings-soins-des-cheveux-cheveux","9":"first","10":"instock","11":"sale","12":"shipping-taxable","13":"purchasable","14":"product-type-simple"},"yoast_head":"<!-- This site is optimized with the Yoast SEO plugin v26.6 - https:\/\/yoast.com\/wordpress\/plugins\/seo\/ -->\r\n<title>BIOKERA SPECIFIQUE NATURE SHAMPOING CHEVEUX GRAS 1000ML - Paracherkaoui.ma<\/title>\r\n<meta name=\"robots\" content=\"index, follow, max-snippet:-1, max-image-preview:large, max-video-preview:-1\" \/>\r\n<link rel=\"canonical\" href=\"https:\/\/paracherkaoui.ma\/index.php\/produit\/biokera-specifique-nature-shampoing-cheveux-gras-1000ml\/\" \/>\r\n<meta property=\"og:locale\" content=\"fr_FR\" \/>\r\n<meta property=\"og:type\" content=\"article\" \/>\r\n<meta property=\"og:title\" content=\"BIOKERA SPECIFIQUE NATURE SHAMPOING CHEVEUX GRAS 1000ML - Paracherkaoui.ma\" \/>\r\n<meta property=\"og:description\" content=\"Description: Shampooing sp\u00e9cialement con\u00e7u pour les cheveux sujets \u00e0 pellicules. Sa formule riche en zinc pirytone lutte contre les pellicules\" \/>\r\n<meta property=\"og:url\" content=\"https:\/\/paracherkaoui.ma\/index.php\/produit\/biokera-specifique-nature-shampoing-cheveux-gras-1000ml\/\" \/>\r\n<meta property=\"og:site_name\" content=\"Paracherkaoui.ma\" \/>\r\n<meta property=\"article:modified_time\" content=\"2025-12-12T17:00:22+00:00\" \/>\r\n<meta property=\"og:image\" content=\"https:\/\/paracherkaoui.ma\/wp-content\/uploads\/2025\/12\/biokera-specifique-nature-shampoing-cheveux-gras-1000ml.jpg\" \/>\r\n\t<meta property=\"og:image:width\" content=\"700\" \/>\r\n\t<meta property=\"og:image:height\" content=\"700\" \/>\r\n\t<meta property=\"og:image:type\" content=\"image\/jpeg\" \/>\r\n<meta name=\"twitter:card\" content=\"summary_large_image\" \/>\r\n<script type=\"application\/ld+json\" class=\"yoast-schema-graph\">{\"@context\":\"https:\/\/schema.org\",\"@graph\":[{\"@type\":\"WebPage\",\"@id\":\"https:\/\/paracherkaoui.ma\/index.php\/produit\/biokera-specifique-nature-shampoing-cheveux-gras-1000ml\/\",\"url\":\"https:\/\/paracherkaoui.ma\/index.php\/produit\/biokera-specifique-nature-shampoing-cheveux-gras-1000ml\/\",\"name\":\"BIOKERA SPECIFIQUE NATURE SHAMPOING CHEVEUX GRAS 1000ML - Paracherkaoui.ma\",\"isPartOf\":{\"@id\":\"https:\/\/paracherkaoui.ma\/#website\"},\"primaryImageOfPage\":{\"@id\":\"https:\/\/paracherkaoui.ma\/index.php\/produit\/biokera-specifique-nature-shampoing-cheveux-gras-1000ml\/#primaryimage\"},\"image\":{\"@id\":\"https:\/\/paracherkaoui.ma\/index.php\/produit\/biokera-specifique-nature-shampoing-cheveux-gras-1000ml\/#primaryimage\"},\"thumbnailUrl\":\"https:\/\/paracherkaoui.ma\/wp-content\/uploads\/2025\/12\/biokera-specifique-nature-shampoing-cheveux-gras-1000ml.jpg\",\"datePublished\":\"2025-12-12T17:00:20+00:00\",\"dateModified\":\"2025-12-12T17:00:22+00:00\",\"breadcrumb\":{\"@id\":\"https:\/\/paracherkaoui.ma\/index.php\/produit\/biokera-specifique-nature-shampoing-cheveux-gras-1000ml\/#breadcrumb\"},\"inLanguage\":\"fr-FR\",\"potentialAction\":[{\"@type\":\"ReadAction\",\"target\":[\"https:\/\/paracherkaoui.ma\/index.php\/produit\/biokera-specifique-nature-shampoing-cheveux-gras-1000ml\/\"]}]},{\"@type\":\"ImageObject\",\"inLanguage\":\"fr-FR\",\"@id\":\"https:\/\/paracherkaoui.ma\/index.php\/produit\/biokera-specifique-nature-shampoing-cheveux-gras-1000ml\/#primaryimage\",\"url\":\"https:\/\/paracherkaoui.ma\/wp-content\/uploads\/2025\/12\/biokera-specifique-nature-shampoing-cheveux-gras-1000ml.jpg\",\"contentUrl\":\"https:\/\/paracherkaoui.ma\/wp-content\/uploads\/2025\/12\/biokera-specifique-nature-shampoing-cheveux-gras-1000ml.jpg\",\"width\":700,\"height\":700},{\"@type\":\"BreadcrumbList\",\"@id\":\"https:\/\/paracherkaoui.ma\/index.php\/produit\/biokera-specifique-nature-shampoing-cheveux-gras-1000ml\/#breadcrumb\",\"itemListElement\":[{\"@type\":\"ListItem\",\"position\":1,\"name\":\"Accueil\",\"item\":\"https:\/\/paracherkaoui.ma\/\"},{\"@type\":\"ListItem\",\"position\":2,\"name\":\"Boutique\",\"item\":\"https:\/\/paracherkaoui.ma\/index.php\/boutique\/\"},{\"@type\":\"ListItem\",\"position\":3,\"name\":\"BIOKERA SPECIFIQUE NATURE SHAMPOING CHEVEUX GRAS 1000ML\"}]},{\"@type\":\"WebSite\",\"@id\":\"https:\/\/paracherkaoui.ma\/#website\",\"url\":\"https:\/\/paracherkaoui.ma\/\",\"name\":\"Paracherkaoui.ma\",\"description\":\"Achetez en ligne sur Paracherkaoui.ma\",\"potentialAction\":[{\"@type\":\"SearchAction\",\"target\":{\"@type\":\"EntryPoint\",\"urlTemplate\":\"https:\/\/paracherkaoui.ma\/?s={search_term_string}\"},\"query-input\":{\"@type\":\"PropertyValueSpecification\",\"valueRequired\":true,\"valueName\":\"search_term_string\"}}],\"inLanguage\":\"fr-FR\"}]}<\/script>\r\n<!-- \/ Yoast SEO plugin. -->","yoast_head_json":{"title":"BIOKERA SPECIFIQUE NATURE SHAMPOING CHEVEUX GRAS 1000ML - Paracherkaoui.ma","robots":{"index":"index","follow":"follow","max-snippet":"max-snippet:-1","max-image-preview":"max-image-preview:large","max-video-preview":"max-video-preview:-1"},"canonical":"https:\/\/paracherkaoui.ma\/index.php\/produit\/biokera-specifique-nature-shampoing-cheveux-gras-1000ml\/","og_locale":"fr_FR","og_type":"article","og_title":"BIOKERA SPECIFIQUE NATURE SHAMPOING CHEVEUX GRAS 1000ML - Paracherkaoui.ma","og_description":"Description: Shampooing sp\u00e9cialement con\u00e7u pour les cheveux sujets \u00e0 pellicules. Sa formule riche en zinc pirytone lutte contre les pellicules","og_url":"https:\/\/paracherkaoui.ma\/index.php\/produit\/biokera-specifique-nature-shampoing-cheveux-gras-1000ml\/","og_site_name":"Paracherkaoui.ma","article_modified_time":"2025-12-12T17:00:22+00:00","og_image":[{"width":700,"height":700,"url":"https:\/\/paracherkaoui.ma\/wp-content\/uploads\/2025\/12\/biokera-specifique-nature-shampoing-cheveux-gras-1000ml.jpg","type":"image\/jpeg"}],"twitter_card":"summary_large_image","schema":{"@context":"https:\/\/schema.org","@graph":[{"@type":"WebPage","@id":"https:\/\/paracherkaoui.ma\/index.php\/produit\/biokera-specifique-nature-shampoing-cheveux-gras-1000ml\/","url":"https:\/\/paracherkaoui.ma\/index.php\/produit\/biokera-specifique-nature-shampoing-cheveux-gras-1000ml\/","name":"BIOKERA SPECIFIQUE NATURE SHAMPOING CHEVEUX GRAS 1000ML - Paracherkaoui.ma","isPartOf":{"@id":"https:\/\/paracherkaoui.ma\/#website"},"primaryImageOfPage":{"@id":"https:\/\/paracherkaoui.ma\/index.php\/produit\/biokera-specifique-nature-shampoing-cheveux-gras-1000ml\/#primaryimage"},"image":{"@id":"https:\/\/paracherkaoui.ma\/index.php\/produit\/biokera-specifique-nature-shampoing-cheveux-gras-1000ml\/#primaryimage"},"thumbnailUrl":"https:\/\/paracherkaoui.ma\/wp-content\/uploads\/2025\/12\/biokera-specifique-nature-shampoing-cheveux-gras-1000ml.jpg","datePublished":"2025-12-12T17:00:20+00:00","dateModified":"2025-12-12T17:00:22+00:00","breadcrumb":{"@id":"https:\/\/paracherkaoui.ma\/index.php\/produit\/biokera-specifique-nature-shampoing-cheveux-gras-1000ml\/#breadcrumb"},"inLanguage":"fr-FR","potentialAction":[{"@type":"ReadAction","target":["https:\/\/paracherkaoui.ma\/index.php\/produit\/biokera-specifique-nature-shampoing-cheveux-gras-1000ml\/"]}]},{"@type":"ImageObject","inLanguage":"fr-FR","@id":"https:\/\/paracherkaoui.ma\/index.php\/produit\/biokera-specifique-nature-shampoing-cheveux-gras-1000ml\/#primaryimage","url":"https:\/\/paracherkaoui.ma\/wp-content\/uploads\/2025\/12\/biokera-specifique-nature-shampoing-cheveux-gras-1000ml.jpg","contentUrl":"https:\/\/paracherkaoui.ma\/wp-content\/uploads\/2025\/12\/biokera-specifique-nature-shampoing-cheveux-gras-1000ml.jpg","width":700,"height":700},{"@type":"BreadcrumbList","@id":"https:\/\/paracherkaoui.ma\/index.php\/produit\/biokera-specifique-nature-shampoing-cheveux-gras-1000ml\/#breadcrumb","itemListElement":[{"@type":"ListItem","position":1,"name":"Accueil","item":"https:\/\/paracherkaoui.ma\/"},{"@type":"ListItem","position":2,"name":"Boutique","item":"https:\/\/paracherkaoui.ma\/index.php\/boutique\/"},{"@type":"ListItem","position":3,"name":"BIOKERA SPECIFIQUE NATURE SHAMPOING CHEVEUX GRAS 1000ML"}]},{"@type":"WebSite","@id":"https:\/\/paracherkaoui.ma\/#website","url":"https:\/\/paracherkaoui.ma\/","name":"Paracherkaoui.ma","description":"Achetez en ligne sur Paracherkaoui.ma","potentialAction":[{"@type":"SearchAction","target":{"@type":"EntryPoint","urlTemplate":"https:\/\/paracherkaoui.ma\/?s={search_term_string}"},"query-input":{"@type":"PropertyValueSpecification","valueRequired":true,"valueName":"search_term_string"}}],"inLanguage":"fr-FR"}]}},"_links":{"self":[{"href":"https:\/\/paracherkaoui.ma\/index.php\/wp-json\/wp\/v2\/product\/17802","targetHints":{"allow":["GET"]}}],"collection":[{"href":"https:\/\/paracherkaoui.ma\/index.php\/wp-json\/wp\/v2\/product"}],"about":[{"href":"https:\/\/paracherkaoui.ma\/index.php\/wp-json\/wp\/v2\/types\/product"}],"replies":[{"embeddable":true,"href":"https:\/\/paracherkaoui.ma\/index.php\/wp-json\/wp\/v2\/comments?post=17802"}],"version-history":[{"count":1,"href":"https:\/\/paracherkaoui.ma\/index.php\/wp-json\/wp\/v2\/product\/17802\/revisions"}],"predecessor-version":[{"id":17840,"href":"https:\/\/paracherkaoui.ma\/index.php\/wp-json\/wp\/v2\/product\/17802\/revisions\/17840"}],"wp:featuredmedia":[{"embeddable":true,"href":"https:\/\/paracherkaoui.ma\/index.php\/wp-json\/wp\/v2\/media\/17839"}],"wp:attachment":[{"href":"https:\/\/paracherkaoui.ma\/index.php\/wp-json\/wp\/v2\/media?parent=17802"}],"wp:term":[{"taxonomy":"product_brand","embeddable":true,"href":"https:\/\/paracherkaoui.ma\/index.php\/wp-json\/wp\/v2\/product_brand?post=17802"},{"taxonomy":"product_cat","embeddable":true,"href":"https:\/\/paracherkaoui.ma\/index.php\/wp-json\/wp\/v2\/product_cat?post=17802"},{"taxonomy":"product_tag","embeddable":true,"href":"https:\/\/paracherkaoui.ma\/index.php\/wp-json\/wp\/v2\/product_tag?post=17802"}],"curies":[{"name":"wp","href":"https:\/\/api.w.org\/{rel}","templated":true}]}}