{"id":17798,"date":"2025-12-12T18:00:19","date_gmt":"2025-12-12T17:00:19","guid":{"rendered":"https:\/\/test.ecbeaute.com\/?post_type=product&#038;p=17798"},"modified":"2025-12-12T18:00:21","modified_gmt":"2025-12-12T17:00:21","slug":"ecrinal-soins-cappilaires-shampooing-cheveux-secs-200-ml","status":"publish","type":"product","link":"https:\/\/paracherkaoui.ma\/index.php\/produit\/ecrinal-soins-cappilaires-shampooing-cheveux-secs-200-ml\/","title":{"rendered":"ECRINAL SOINS CAPPILAIRES SHAMPOOING CHEVEUX SECS 200 ML"},"content":{"rendered":"<p>Ce produit est id\u00e9al pour les cheveux qui ont subi des agressions dues \u00e0 des facteurs externes tels que des d\u00e9colorations fr\u00e9quentes, l&rsquo;utilisation excessive de fers \u00e0 lisser, ou une exposition prolong\u00e9e au soleil. Il permet de nettoyer en douceur le cuir chevelu sans perturber l&rsquo;\u00e9quilibre naturel des glandes s\u00e9bac\u00e9es, tout en redonnant aux cheveux leur \u00e9clat d&rsquo;origine.<br \/>\nApr\u00e8s un mois d&rsquo;utilisation r\u00e9guli\u00e8re, les cheveux apparaissent visiblement plus doux, hydrat\u00e9s et faciles \u00e0 coiffer. La texture agr\u00e9able du shampooing rend son application simple et agr\u00e9able, transformant chaque lavage en un v\u00e9ritable moment de soin.<br \/>\nConseils d&rsquo;utilisation<br \/>\nPour des r\u00e9sultats optimaux, il est recommand\u00e9 d&rsquo;utiliser le shampooing Ecrinal pour cheveux secs trois fois par semaine. Appliquez une petite quantit\u00e9 de produit sur cheveux mouill\u00e9s. Massez d\u00e9licatement le cuir chevelu et les longueurs avec les doigts pour stimuler la microcirculation et permettre aux actifs de bien p\u00e9n\u00e9trer la fibre capillaire. Rincez abondamment \u00e0 l&rsquo;eau ti\u00e8de pour \u00e9liminer toutes les traces de produit, puis s\u00e9chez vos cheveux \u00e0 l&rsquo;air libre ou \u00e0 l&rsquo;aide d&rsquo;une serviette douce.<\/p>\n","protected":false},"excerpt":{"rendered":"<p>Ce produit est id\u00e9al pour les cheveux qui ont subi des agressions dues \u00e0 des facteurs externes tels que des<\/p>\n","protected":false},"featured_media":17831,"comment_status":"open","ping_status":"closed","template":"","meta":[],"product_brand":[253],"product_cat":[316],"product_tag":[],"class_list":{"0":"post-17798","1":"product","2":"type-product","3":"status-publish","4":"has-post-thumbnail","6":"product_brand-ecrinal","7":"product_cat-shampoings-soins-des-cheveux-cheveux","9":"first","10":"instock","11":"sale","12":"shipping-taxable","13":"purchasable","14":"product-type-simple"},"yoast_head":"<!-- This site is optimized with the Yoast SEO plugin v26.6 - https:\/\/yoast.com\/wordpress\/plugins\/seo\/ -->\r\n<title>ECRINAL SOINS CAPPILAIRES SHAMPOOING CHEVEUX SECS 200 ML - Paracherkaoui.ma<\/title>\r\n<meta name=\"robots\" content=\"index, follow, max-snippet:-1, max-image-preview:large, max-video-preview:-1\" \/>\r\n<link rel=\"canonical\" href=\"https:\/\/paracherkaoui.ma\/index.php\/produit\/ecrinal-soins-cappilaires-shampooing-cheveux-secs-200-ml\/\" \/>\r\n<meta property=\"og:locale\" content=\"fr_FR\" \/>\r\n<meta property=\"og:type\" content=\"article\" \/>\r\n<meta property=\"og:title\" content=\"ECRINAL SOINS CAPPILAIRES SHAMPOOING CHEVEUX SECS 200 ML - Paracherkaoui.ma\" \/>\r\n<meta property=\"og:description\" content=\"Ce produit est id\u00e9al pour les cheveux qui ont subi des agressions dues \u00e0 des facteurs externes tels que des\" \/>\r\n<meta property=\"og:url\" content=\"https:\/\/paracherkaoui.ma\/index.php\/produit\/ecrinal-soins-cappilaires-shampooing-cheveux-secs-200-ml\/\" \/>\r\n<meta property=\"og:site_name\" content=\"Paracherkaoui.ma\" \/>\r\n<meta property=\"article:modified_time\" content=\"2025-12-12T17:00:21+00:00\" \/>\r\n<meta property=\"og:image\" content=\"https:\/\/paracherkaoui.ma\/wp-content\/uploads\/2025\/12\/ecrinal-ecrinal-soins-cappilaires-shampooing-cheveux-secs-200-ml-shampoing-cheveux-secs.jpg\" \/>\r\n\t<meta property=\"og:image:width\" content=\"700\" \/>\r\n\t<meta property=\"og:image:height\" content=\"700\" \/>\r\n\t<meta property=\"og:image:type\" content=\"image\/jpeg\" \/>\r\n<meta name=\"twitter:card\" content=\"summary_large_image\" \/>\r\n<meta name=\"twitter:label1\" content=\"Dur\u00e9e de lecture estim\u00e9e\" \/>\n\t<meta name=\"twitter:data1\" content=\"1 minute\" \/>\r\n<script type=\"application\/ld+json\" class=\"yoast-schema-graph\">{\"@context\":\"https:\/\/schema.org\",\"@graph\":[{\"@type\":\"WebPage\",\"@id\":\"https:\/\/paracherkaoui.ma\/index.php\/produit\/ecrinal-soins-cappilaires-shampooing-cheveux-secs-200-ml\/\",\"url\":\"https:\/\/paracherkaoui.ma\/index.php\/produit\/ecrinal-soins-cappilaires-shampooing-cheveux-secs-200-ml\/\",\"name\":\"ECRINAL SOINS CAPPILAIRES SHAMPOOING CHEVEUX SECS 200 ML - Paracherkaoui.ma\",\"isPartOf\":{\"@id\":\"https:\/\/paracherkaoui.ma\/#website\"},\"primaryImageOfPage\":{\"@id\":\"https:\/\/paracherkaoui.ma\/index.php\/produit\/ecrinal-soins-cappilaires-shampooing-cheveux-secs-200-ml\/#primaryimage\"},\"image\":{\"@id\":\"https:\/\/paracherkaoui.ma\/index.php\/produit\/ecrinal-soins-cappilaires-shampooing-cheveux-secs-200-ml\/#primaryimage\"},\"thumbnailUrl\":\"https:\/\/paracherkaoui.ma\/wp-content\/uploads\/2025\/12\/ecrinal-ecrinal-soins-cappilaires-shampooing-cheveux-secs-200-ml-shampoing-cheveux-secs.jpg\",\"datePublished\":\"2025-12-12T17:00:19+00:00\",\"dateModified\":\"2025-12-12T17:00:21+00:00\",\"breadcrumb\":{\"@id\":\"https:\/\/paracherkaoui.ma\/index.php\/produit\/ecrinal-soins-cappilaires-shampooing-cheveux-secs-200-ml\/#breadcrumb\"},\"inLanguage\":\"fr-FR\",\"potentialAction\":[{\"@type\":\"ReadAction\",\"target\":[\"https:\/\/paracherkaoui.ma\/index.php\/produit\/ecrinal-soins-cappilaires-shampooing-cheveux-secs-200-ml\/\"]}]},{\"@type\":\"ImageObject\",\"inLanguage\":\"fr-FR\",\"@id\":\"https:\/\/paracherkaoui.ma\/index.php\/produit\/ecrinal-soins-cappilaires-shampooing-cheveux-secs-200-ml\/#primaryimage\",\"url\":\"https:\/\/paracherkaoui.ma\/wp-content\/uploads\/2025\/12\/ecrinal-ecrinal-soins-cappilaires-shampooing-cheveux-secs-200-ml-shampoing-cheveux-secs.jpg\",\"contentUrl\":\"https:\/\/paracherkaoui.ma\/wp-content\/uploads\/2025\/12\/ecrinal-ecrinal-soins-cappilaires-shampooing-cheveux-secs-200-ml-shampoing-cheveux-secs.jpg\",\"width\":700,\"height\":700},{\"@type\":\"BreadcrumbList\",\"@id\":\"https:\/\/paracherkaoui.ma\/index.php\/produit\/ecrinal-soins-cappilaires-shampooing-cheveux-secs-200-ml\/#breadcrumb\",\"itemListElement\":[{\"@type\":\"ListItem\",\"position\":1,\"name\":\"Accueil\",\"item\":\"https:\/\/paracherkaoui.ma\/\"},{\"@type\":\"ListItem\",\"position\":2,\"name\":\"Boutique\",\"item\":\"https:\/\/paracherkaoui.ma\/index.php\/boutique\/\"},{\"@type\":\"ListItem\",\"position\":3,\"name\":\"ECRINAL SOINS CAPPILAIRES SHAMPOOING CHEVEUX SECS 200 ML\"}]},{\"@type\":\"WebSite\",\"@id\":\"https:\/\/paracherkaoui.ma\/#website\",\"url\":\"https:\/\/paracherkaoui.ma\/\",\"name\":\"Paracherkaoui.ma\",\"description\":\"Achetez en ligne sur Paracherkaoui.ma\",\"potentialAction\":[{\"@type\":\"SearchAction\",\"target\":{\"@type\":\"EntryPoint\",\"urlTemplate\":\"https:\/\/paracherkaoui.ma\/?s={search_term_string}\"},\"query-input\":{\"@type\":\"PropertyValueSpecification\",\"valueRequired\":true,\"valueName\":\"search_term_string\"}}],\"inLanguage\":\"fr-FR\"}]}<\/script>\r\n<!-- \/ Yoast SEO plugin. -->","yoast_head_json":{"title":"ECRINAL SOINS CAPPILAIRES SHAMPOOING CHEVEUX SECS 200 ML - Paracherkaoui.ma","robots":{"index":"index","follow":"follow","max-snippet":"max-snippet:-1","max-image-preview":"max-image-preview:large","max-video-preview":"max-video-preview:-1"},"canonical":"https:\/\/paracherkaoui.ma\/index.php\/produit\/ecrinal-soins-cappilaires-shampooing-cheveux-secs-200-ml\/","og_locale":"fr_FR","og_type":"article","og_title":"ECRINAL SOINS CAPPILAIRES SHAMPOOING CHEVEUX SECS 200 ML - Paracherkaoui.ma","og_description":"Ce produit est id\u00e9al pour les cheveux qui ont subi des agressions dues \u00e0 des facteurs externes tels que des","og_url":"https:\/\/paracherkaoui.ma\/index.php\/produit\/ecrinal-soins-cappilaires-shampooing-cheveux-secs-200-ml\/","og_site_name":"Paracherkaoui.ma","article_modified_time":"2025-12-12T17:00:21+00:00","og_image":[{"width":700,"height":700,"url":"https:\/\/paracherkaoui.ma\/wp-content\/uploads\/2025\/12\/ecrinal-ecrinal-soins-cappilaires-shampooing-cheveux-secs-200-ml-shampoing-cheveux-secs.jpg","type":"image\/jpeg"}],"twitter_card":"summary_large_image","twitter_misc":{"Dur\u00e9e de lecture estim\u00e9e":"1 minute"},"schema":{"@context":"https:\/\/schema.org","@graph":[{"@type":"WebPage","@id":"https:\/\/paracherkaoui.ma\/index.php\/produit\/ecrinal-soins-cappilaires-shampooing-cheveux-secs-200-ml\/","url":"https:\/\/paracherkaoui.ma\/index.php\/produit\/ecrinal-soins-cappilaires-shampooing-cheveux-secs-200-ml\/","name":"ECRINAL SOINS CAPPILAIRES SHAMPOOING CHEVEUX SECS 200 ML - Paracherkaoui.ma","isPartOf":{"@id":"https:\/\/paracherkaoui.ma\/#website"},"primaryImageOfPage":{"@id":"https:\/\/paracherkaoui.ma\/index.php\/produit\/ecrinal-soins-cappilaires-shampooing-cheveux-secs-200-ml\/#primaryimage"},"image":{"@id":"https:\/\/paracherkaoui.ma\/index.php\/produit\/ecrinal-soins-cappilaires-shampooing-cheveux-secs-200-ml\/#primaryimage"},"thumbnailUrl":"https:\/\/paracherkaoui.ma\/wp-content\/uploads\/2025\/12\/ecrinal-ecrinal-soins-cappilaires-shampooing-cheveux-secs-200-ml-shampoing-cheveux-secs.jpg","datePublished":"2025-12-12T17:00:19+00:00","dateModified":"2025-12-12T17:00:21+00:00","breadcrumb":{"@id":"https:\/\/paracherkaoui.ma\/index.php\/produit\/ecrinal-soins-cappilaires-shampooing-cheveux-secs-200-ml\/#breadcrumb"},"inLanguage":"fr-FR","potentialAction":[{"@type":"ReadAction","target":["https:\/\/paracherkaoui.ma\/index.php\/produit\/ecrinal-soins-cappilaires-shampooing-cheveux-secs-200-ml\/"]}]},{"@type":"ImageObject","inLanguage":"fr-FR","@id":"https:\/\/paracherkaoui.ma\/index.php\/produit\/ecrinal-soins-cappilaires-shampooing-cheveux-secs-200-ml\/#primaryimage","url":"https:\/\/paracherkaoui.ma\/wp-content\/uploads\/2025\/12\/ecrinal-ecrinal-soins-cappilaires-shampooing-cheveux-secs-200-ml-shampoing-cheveux-secs.jpg","contentUrl":"https:\/\/paracherkaoui.ma\/wp-content\/uploads\/2025\/12\/ecrinal-ecrinal-soins-cappilaires-shampooing-cheveux-secs-200-ml-shampoing-cheveux-secs.jpg","width":700,"height":700},{"@type":"BreadcrumbList","@id":"https:\/\/paracherkaoui.ma\/index.php\/produit\/ecrinal-soins-cappilaires-shampooing-cheveux-secs-200-ml\/#breadcrumb","itemListElement":[{"@type":"ListItem","position":1,"name":"Accueil","item":"https:\/\/paracherkaoui.ma\/"},{"@type":"ListItem","position":2,"name":"Boutique","item":"https:\/\/paracherkaoui.ma\/index.php\/boutique\/"},{"@type":"ListItem","position":3,"name":"ECRINAL SOINS CAPPILAIRES SHAMPOOING CHEVEUX SECS 200 ML"}]},{"@type":"WebSite","@id":"https:\/\/paracherkaoui.ma\/#website","url":"https:\/\/paracherkaoui.ma\/","name":"Paracherkaoui.ma","description":"Achetez en ligne sur Paracherkaoui.ma","potentialAction":[{"@type":"SearchAction","target":{"@type":"EntryPoint","urlTemplate":"https:\/\/paracherkaoui.ma\/?s={search_term_string}"},"query-input":{"@type":"PropertyValueSpecification","valueRequired":true,"valueName":"search_term_string"}}],"inLanguage":"fr-FR"}]}},"_links":{"self":[{"href":"https:\/\/paracherkaoui.ma\/index.php\/wp-json\/wp\/v2\/product\/17798","targetHints":{"allow":["GET"]}}],"collection":[{"href":"https:\/\/paracherkaoui.ma\/index.php\/wp-json\/wp\/v2\/product"}],"about":[{"href":"https:\/\/paracherkaoui.ma\/index.php\/wp-json\/wp\/v2\/types\/product"}],"replies":[{"embeddable":true,"href":"https:\/\/paracherkaoui.ma\/index.php\/wp-json\/wp\/v2\/comments?post=17798"}],"version-history":[{"count":1,"href":"https:\/\/paracherkaoui.ma\/index.php\/wp-json\/wp\/v2\/product\/17798\/revisions"}],"predecessor-version":[{"id":17832,"href":"https:\/\/paracherkaoui.ma\/index.php\/wp-json\/wp\/v2\/product\/17798\/revisions\/17832"}],"wp:featuredmedia":[{"embeddable":true,"href":"https:\/\/paracherkaoui.ma\/index.php\/wp-json\/wp\/v2\/media\/17831"}],"wp:attachment":[{"href":"https:\/\/paracherkaoui.ma\/index.php\/wp-json\/wp\/v2\/media?parent=17798"}],"wp:term":[{"taxonomy":"product_brand","embeddable":true,"href":"https:\/\/paracherkaoui.ma\/index.php\/wp-json\/wp\/v2\/product_brand?post=17798"},{"taxonomy":"product_cat","embeddable":true,"href":"https:\/\/paracherkaoui.ma\/index.php\/wp-json\/wp\/v2\/product_cat?post=17798"},{"taxonomy":"product_tag","embeddable":true,"href":"https:\/\/paracherkaoui.ma\/index.php\/wp-json\/wp\/v2\/product_tag?post=17798"}],"curies":[{"name":"wp","href":"https:\/\/api.w.org\/{rel}","templated":true}]}}