{"id":17739,"date":"2025-12-12T17:59:58","date_gmt":"2025-12-12T16:59:58","guid":{"rendered":"https:\/\/test.ecbeaute.com\/?post_type=product&#038;p=17739"},"modified":"2025-12-12T18:00:00","modified_gmt":"2025-12-12T17:00:00","slug":"floxia-shampooing-cheveux-normaux-a-gras-200-ml","status":"publish","type":"product","link":"https:\/\/paracherkaoui.ma\/index.php\/produit\/floxia-shampooing-cheveux-normaux-a-gras-200-ml\/","title":{"rendered":"FLOXIA SHAMPOOING CHEVEUX NORMAUX A GRAS 200 ML"},"content":{"rendered":"<p>Le shampoing pour cheveux gras Profondeur \u00c9nergisant donne un coup d\u2019\u00e9clat \u00e0 votre chevelure ! Il lave vos cheveux en douceur, sans fragiliser la fibre capillaire r\u00e9gule l\u2019exc\u00e8s de s\u00e9bum\u00a0du cuir chevelu hydrate les cheveux\u00a0en profondeur purifie les cheveux\u00a0gras et d\u00e9s\u00e9quilibr\u00e9s Vos cheveux sont doux et soyeux. Le\u00a0meilleur shampoing pour cheveux gras\u00a0est le Shampooing Profondeur \u00c9nergisant dont les actifs agissent en profondeur. Ils r\u00e9parent, prot\u00e8gent et restaurent le cheveu. Votre crini\u00e8re est dense, forte et rayonnante de sant\u00e9 ! Ce shampoing anti cheveux gras est enrichi en Zinc PCA et en provitamine B5 (panth\u00e9nol) qui ont des propri\u00e9t\u00e9s purifiantes, s\u00e9bor\u00e9gulatrices\u00a0et anti pelliculaires.<br \/>\nConseils d&rsquo;utilisation<br \/>\nCe shampoing s\u2019applique uniquement sur la racine des cheveux. Lorsque vous les rincerez, le produit coulera le long des m\u00e8ches et les lavera. \u00c9vitez de laver vos pointes qui sont plus fragiles. Elles risqueraient de s\u00e9cher et de casser.<\/p>\n","protected":false},"excerpt":{"rendered":"<p>Le shampoing pour cheveux gras Profondeur \u00c9nergisant donne un coup d\u2019\u00e9clat \u00e0 votre chevelure ! Il lave vos cheveux en<\/p>\n","protected":false},"featured_media":17761,"comment_status":"open","ping_status":"closed","template":"","meta":[],"product_brand":[300],"product_cat":[316],"product_tag":[],"class_list":{"0":"post-17739","1":"product","2":"type-product","3":"status-publish","4":"has-post-thumbnail","6":"product_brand-floxia","7":"product_cat-shampoings-soins-des-cheveux-cheveux","9":"first","10":"instock","11":"sale","12":"shipping-taxable","13":"purchasable","14":"product-type-simple"},"yoast_head":"<!-- This site is optimized with the Yoast SEO plugin v26.6 - https:\/\/yoast.com\/wordpress\/plugins\/seo\/ -->\r\n<title>FLOXIA SHAMPOOING CHEVEUX NORMAUX A GRAS 200 ML - Paracherkaoui.ma<\/title>\r\n<meta name=\"robots\" content=\"index, follow, max-snippet:-1, max-image-preview:large, max-video-preview:-1\" \/>\r\n<link rel=\"canonical\" href=\"https:\/\/paracherkaoui.ma\/index.php\/produit\/floxia-shampooing-cheveux-normaux-a-gras-200-ml\/\" \/>\r\n<meta property=\"og:locale\" content=\"fr_FR\" \/>\r\n<meta property=\"og:type\" content=\"article\" \/>\r\n<meta property=\"og:title\" content=\"FLOXIA SHAMPOOING CHEVEUX NORMAUX A GRAS 200 ML - Paracherkaoui.ma\" \/>\r\n<meta property=\"og:description\" content=\"Le shampoing pour cheveux gras Profondeur \u00c9nergisant donne un coup d\u2019\u00e9clat \u00e0 votre chevelure ! Il lave vos cheveux en\" \/>\r\n<meta property=\"og:url\" content=\"https:\/\/paracherkaoui.ma\/index.php\/produit\/floxia-shampooing-cheveux-normaux-a-gras-200-ml\/\" \/>\r\n<meta property=\"og:site_name\" content=\"Paracherkaoui.ma\" \/>\r\n<meta property=\"article:modified_time\" content=\"2025-12-12T17:00:00+00:00\" \/>\r\n<meta property=\"og:image\" content=\"https:\/\/paracherkaoui.ma\/wp-content\/uploads\/2025\/12\/floxia-floxia-shampooing-cheveux-normaux-a-gras-200-ml-shampooing-cheveux-gras.jpg\" \/>\r\n\t<meta property=\"og:image:width\" content=\"700\" \/>\r\n\t<meta property=\"og:image:height\" content=\"700\" \/>\r\n\t<meta property=\"og:image:type\" content=\"image\/jpeg\" \/>\r\n<meta name=\"twitter:card\" content=\"summary_large_image\" \/>\r\n<meta name=\"twitter:label1\" content=\"Dur\u00e9e de lecture estim\u00e9e\" \/>\n\t<meta name=\"twitter:data1\" content=\"1 minute\" \/>\r\n<script type=\"application\/ld+json\" class=\"yoast-schema-graph\">{\"@context\":\"https:\/\/schema.org\",\"@graph\":[{\"@type\":\"WebPage\",\"@id\":\"https:\/\/paracherkaoui.ma\/index.php\/produit\/floxia-shampooing-cheveux-normaux-a-gras-200-ml\/\",\"url\":\"https:\/\/paracherkaoui.ma\/index.php\/produit\/floxia-shampooing-cheveux-normaux-a-gras-200-ml\/\",\"name\":\"FLOXIA SHAMPOOING CHEVEUX NORMAUX A GRAS 200 ML - Paracherkaoui.ma\",\"isPartOf\":{\"@id\":\"https:\/\/paracherkaoui.ma\/#website\"},\"primaryImageOfPage\":{\"@id\":\"https:\/\/paracherkaoui.ma\/index.php\/produit\/floxia-shampooing-cheveux-normaux-a-gras-200-ml\/#primaryimage\"},\"image\":{\"@id\":\"https:\/\/paracherkaoui.ma\/index.php\/produit\/floxia-shampooing-cheveux-normaux-a-gras-200-ml\/#primaryimage\"},\"thumbnailUrl\":\"https:\/\/paracherkaoui.ma\/wp-content\/uploads\/2025\/12\/floxia-floxia-shampooing-cheveux-normaux-a-gras-200-ml-shampooing-cheveux-gras.jpg\",\"datePublished\":\"2025-12-12T16:59:58+00:00\",\"dateModified\":\"2025-12-12T17:00:00+00:00\",\"breadcrumb\":{\"@id\":\"https:\/\/paracherkaoui.ma\/index.php\/produit\/floxia-shampooing-cheveux-normaux-a-gras-200-ml\/#breadcrumb\"},\"inLanguage\":\"fr-FR\",\"potentialAction\":[{\"@type\":\"ReadAction\",\"target\":[\"https:\/\/paracherkaoui.ma\/index.php\/produit\/floxia-shampooing-cheveux-normaux-a-gras-200-ml\/\"]}]},{\"@type\":\"ImageObject\",\"inLanguage\":\"fr-FR\",\"@id\":\"https:\/\/paracherkaoui.ma\/index.php\/produit\/floxia-shampooing-cheveux-normaux-a-gras-200-ml\/#primaryimage\",\"url\":\"https:\/\/paracherkaoui.ma\/wp-content\/uploads\/2025\/12\/floxia-floxia-shampooing-cheveux-normaux-a-gras-200-ml-shampooing-cheveux-gras.jpg\",\"contentUrl\":\"https:\/\/paracherkaoui.ma\/wp-content\/uploads\/2025\/12\/floxia-floxia-shampooing-cheveux-normaux-a-gras-200-ml-shampooing-cheveux-gras.jpg\",\"width\":700,\"height\":700},{\"@type\":\"BreadcrumbList\",\"@id\":\"https:\/\/paracherkaoui.ma\/index.php\/produit\/floxia-shampooing-cheveux-normaux-a-gras-200-ml\/#breadcrumb\",\"itemListElement\":[{\"@type\":\"ListItem\",\"position\":1,\"name\":\"Accueil\",\"item\":\"https:\/\/paracherkaoui.ma\/\"},{\"@type\":\"ListItem\",\"position\":2,\"name\":\"Boutique\",\"item\":\"https:\/\/paracherkaoui.ma\/index.php\/boutique\/\"},{\"@type\":\"ListItem\",\"position\":3,\"name\":\"FLOXIA SHAMPOOING CHEVEUX NORMAUX A GRAS 200 ML\"}]},{\"@type\":\"WebSite\",\"@id\":\"https:\/\/paracherkaoui.ma\/#website\",\"url\":\"https:\/\/paracherkaoui.ma\/\",\"name\":\"Paracherkaoui.ma\",\"description\":\"Achetez en ligne sur Paracherkaoui.ma\",\"potentialAction\":[{\"@type\":\"SearchAction\",\"target\":{\"@type\":\"EntryPoint\",\"urlTemplate\":\"https:\/\/paracherkaoui.ma\/?s={search_term_string}\"},\"query-input\":{\"@type\":\"PropertyValueSpecification\",\"valueRequired\":true,\"valueName\":\"search_term_string\"}}],\"inLanguage\":\"fr-FR\"}]}<\/script>\r\n<!-- \/ Yoast SEO plugin. -->","yoast_head_json":{"title":"FLOXIA SHAMPOOING CHEVEUX NORMAUX A GRAS 200 ML - Paracherkaoui.ma","robots":{"index":"index","follow":"follow","max-snippet":"max-snippet:-1","max-image-preview":"max-image-preview:large","max-video-preview":"max-video-preview:-1"},"canonical":"https:\/\/paracherkaoui.ma\/index.php\/produit\/floxia-shampooing-cheveux-normaux-a-gras-200-ml\/","og_locale":"fr_FR","og_type":"article","og_title":"FLOXIA SHAMPOOING CHEVEUX NORMAUX A GRAS 200 ML - Paracherkaoui.ma","og_description":"Le shampoing pour cheveux gras Profondeur \u00c9nergisant donne un coup d\u2019\u00e9clat \u00e0 votre chevelure ! Il lave vos cheveux en","og_url":"https:\/\/paracherkaoui.ma\/index.php\/produit\/floxia-shampooing-cheveux-normaux-a-gras-200-ml\/","og_site_name":"Paracherkaoui.ma","article_modified_time":"2025-12-12T17:00:00+00:00","og_image":[{"width":700,"height":700,"url":"https:\/\/paracherkaoui.ma\/wp-content\/uploads\/2025\/12\/floxia-floxia-shampooing-cheveux-normaux-a-gras-200-ml-shampooing-cheveux-gras.jpg","type":"image\/jpeg"}],"twitter_card":"summary_large_image","twitter_misc":{"Dur\u00e9e de lecture estim\u00e9e":"1 minute"},"schema":{"@context":"https:\/\/schema.org","@graph":[{"@type":"WebPage","@id":"https:\/\/paracherkaoui.ma\/index.php\/produit\/floxia-shampooing-cheveux-normaux-a-gras-200-ml\/","url":"https:\/\/paracherkaoui.ma\/index.php\/produit\/floxia-shampooing-cheveux-normaux-a-gras-200-ml\/","name":"FLOXIA SHAMPOOING CHEVEUX NORMAUX A GRAS 200 ML - Paracherkaoui.ma","isPartOf":{"@id":"https:\/\/paracherkaoui.ma\/#website"},"primaryImageOfPage":{"@id":"https:\/\/paracherkaoui.ma\/index.php\/produit\/floxia-shampooing-cheveux-normaux-a-gras-200-ml\/#primaryimage"},"image":{"@id":"https:\/\/paracherkaoui.ma\/index.php\/produit\/floxia-shampooing-cheveux-normaux-a-gras-200-ml\/#primaryimage"},"thumbnailUrl":"https:\/\/paracherkaoui.ma\/wp-content\/uploads\/2025\/12\/floxia-floxia-shampooing-cheveux-normaux-a-gras-200-ml-shampooing-cheveux-gras.jpg","datePublished":"2025-12-12T16:59:58+00:00","dateModified":"2025-12-12T17:00:00+00:00","breadcrumb":{"@id":"https:\/\/paracherkaoui.ma\/index.php\/produit\/floxia-shampooing-cheveux-normaux-a-gras-200-ml\/#breadcrumb"},"inLanguage":"fr-FR","potentialAction":[{"@type":"ReadAction","target":["https:\/\/paracherkaoui.ma\/index.php\/produit\/floxia-shampooing-cheveux-normaux-a-gras-200-ml\/"]}]},{"@type":"ImageObject","inLanguage":"fr-FR","@id":"https:\/\/paracherkaoui.ma\/index.php\/produit\/floxia-shampooing-cheveux-normaux-a-gras-200-ml\/#primaryimage","url":"https:\/\/paracherkaoui.ma\/wp-content\/uploads\/2025\/12\/floxia-floxia-shampooing-cheveux-normaux-a-gras-200-ml-shampooing-cheveux-gras.jpg","contentUrl":"https:\/\/paracherkaoui.ma\/wp-content\/uploads\/2025\/12\/floxia-floxia-shampooing-cheveux-normaux-a-gras-200-ml-shampooing-cheveux-gras.jpg","width":700,"height":700},{"@type":"BreadcrumbList","@id":"https:\/\/paracherkaoui.ma\/index.php\/produit\/floxia-shampooing-cheveux-normaux-a-gras-200-ml\/#breadcrumb","itemListElement":[{"@type":"ListItem","position":1,"name":"Accueil","item":"https:\/\/paracherkaoui.ma\/"},{"@type":"ListItem","position":2,"name":"Boutique","item":"https:\/\/paracherkaoui.ma\/index.php\/boutique\/"},{"@type":"ListItem","position":3,"name":"FLOXIA SHAMPOOING CHEVEUX NORMAUX A GRAS 200 ML"}]},{"@type":"WebSite","@id":"https:\/\/paracherkaoui.ma\/#website","url":"https:\/\/paracherkaoui.ma\/","name":"Paracherkaoui.ma","description":"Achetez en ligne sur Paracherkaoui.ma","potentialAction":[{"@type":"SearchAction","target":{"@type":"EntryPoint","urlTemplate":"https:\/\/paracherkaoui.ma\/?s={search_term_string}"},"query-input":{"@type":"PropertyValueSpecification","valueRequired":true,"valueName":"search_term_string"}}],"inLanguage":"fr-FR"}]}},"_links":{"self":[{"href":"https:\/\/paracherkaoui.ma\/index.php\/wp-json\/wp\/v2\/product\/17739","targetHints":{"allow":["GET"]}}],"collection":[{"href":"https:\/\/paracherkaoui.ma\/index.php\/wp-json\/wp\/v2\/product"}],"about":[{"href":"https:\/\/paracherkaoui.ma\/index.php\/wp-json\/wp\/v2\/types\/product"}],"replies":[{"embeddable":true,"href":"https:\/\/paracherkaoui.ma\/index.php\/wp-json\/wp\/v2\/comments?post=17739"}],"version-history":[{"count":1,"href":"https:\/\/paracherkaoui.ma\/index.php\/wp-json\/wp\/v2\/product\/17739\/revisions"}],"predecessor-version":[{"id":17762,"href":"https:\/\/paracherkaoui.ma\/index.php\/wp-json\/wp\/v2\/product\/17739\/revisions\/17762"}],"wp:featuredmedia":[{"embeddable":true,"href":"https:\/\/paracherkaoui.ma\/index.php\/wp-json\/wp\/v2\/media\/17761"}],"wp:attachment":[{"href":"https:\/\/paracherkaoui.ma\/index.php\/wp-json\/wp\/v2\/media?parent=17739"}],"wp:term":[{"taxonomy":"product_brand","embeddable":true,"href":"https:\/\/paracherkaoui.ma\/index.php\/wp-json\/wp\/v2\/product_brand?post=17739"},{"taxonomy":"product_cat","embeddable":true,"href":"https:\/\/paracherkaoui.ma\/index.php\/wp-json\/wp\/v2\/product_cat?post=17739"},{"taxonomy":"product_tag","embeddable":true,"href":"https:\/\/paracherkaoui.ma\/index.php\/wp-json\/wp\/v2\/product_tag?post=17739"}],"curies":[{"name":"wp","href":"https:\/\/api.w.org\/{rel}","templated":true}]}}