{"id":17678,"date":"2025-12-12T17:59:53","date_gmt":"2025-12-12T16:59:53","guid":{"rendered":"https:\/\/test.ecbeaute.com\/?post_type=product&#038;p=17678"},"modified":"2025-12-12T17:59:57","modified_gmt":"2025-12-12T16:59:57","slug":"phyto-volume-shampooing-volumateur-500-ml","status":"publish","type":"product","link":"https:\/\/paracherkaoui.ma\/index.php\/produit\/phyto-volume-shampooing-volumateur-500-ml\/","title":{"rendered":"PHYTO VOLUME SHAMPOOING VOLUMATEUR 500 ML"},"content":{"rendered":"<p>Donnez \u00e0 vos cheveux fins le volume dont ils ont toujours r\u00eav\u00e9 avec le Shampoing VOLUME. Sp\u00e9cialement formul\u00e9 pour nettoyer en l\u00e9g\u00e8ret\u00e9, ce shampoing offre une solution parfaite pour les cheveux en manque d&rsquo;\u00e9paisseur, les laissant plus volumineux, sans les alourdir ni les rendre gras.<br \/>\nCaract\u00e9ristiques principales :<br \/>\nNettoyage l\u00e9ger et efficace : Le Shampoing VOLUME nettoie d\u00e9licatement vos cheveux tout en leur apportant la l\u00e9g\u00e8ret\u00e9 dont ils ont besoin. Il \u00e9limine les impuret\u00e9s sans alourdir les cheveux, leur permettant de rester a\u00e9r\u00e9s et volumineux.<br \/>\nVolume d\u00e8s la racine : Gr\u00e2ce \u00e0 l&rsquo;extrait de n\u00e9nuphar au c\u0153ur de la formule, ce shampoing apporte corps et volume aux cheveux fins d\u00e8s la racine. Le n\u00e9nuphar est r\u00e9put\u00e9 pour ses propri\u00e9t\u00e9s volumisantes, donnant ainsi \u00e0 vos cheveux une apparence plus dense et plus pleine.<br \/>\nBrillance \u00e9clatante : Enrichi en extraction de mauve blanche bio, le Shampoing VOLUME rend vos cheveux deux fois plus brillants. La mauve blanche revitalise et illumine les cheveux, leur conf\u00e9rant un \u00e9clat naturel et sain.<br \/>\nFormule saine et respectueuse : Ce shampoing est formul\u00e9 sans silicones, sans tensio-actifs sulfat\u00e9s et sans colorants. Il respecte la sant\u00e9 de votre cuir chevelu et de vos cheveux, offrant une solution naturelle et efficace pour un volume durable.<br \/>\nCONSEILS D&rsquo;UTILISATION:<br \/>\nAppliquez une quantit\u00e9 g\u00e9n\u00e9reuse de shampoing VOLUME sur cheveux mouill\u00e9s. Massez doucement le cuir chevelu et les cheveux pour faire mousser, en insistant particuli\u00e8rement sur les racines pour maximiser l&rsquo;effet volumisant.<\/p>\n","protected":false},"excerpt":{"rendered":"<p>Donnez \u00e0 vos cheveux fins le volume dont ils ont toujours r\u00eav\u00e9 avec le Shampoing VOLUME. Sp\u00e9cialement formul\u00e9 pour nettoyer<\/p>\n","protected":false},"featured_media":17733,"comment_status":"open","ping_status":"closed","template":"","meta":[],"product_brand":[233],"product_cat":[316],"product_tag":[],"class_list":{"0":"post-17678","1":"product","2":"type-product","3":"status-publish","4":"has-post-thumbnail","6":"product_brand-phyto","7":"product_cat-shampoings-soins-des-cheveux-cheveux","9":"first","10":"instock","11":"shipping-taxable","12":"purchasable","13":"product-type-simple"},"yoast_head":"<!-- This site is optimized with the Yoast SEO plugin v26.6 - https:\/\/yoast.com\/wordpress\/plugins\/seo\/ -->\r\n<title>PHYTO VOLUME SHAMPOOING VOLUMATEUR 500 ML - Paracherkaoui.ma<\/title>\r\n<meta name=\"robots\" content=\"index, follow, max-snippet:-1, max-image-preview:large, max-video-preview:-1\" \/>\r\n<link rel=\"canonical\" href=\"https:\/\/paracherkaoui.ma\/index.php\/produit\/phyto-volume-shampooing-volumateur-500-ml\/\" \/>\r\n<meta property=\"og:locale\" content=\"fr_FR\" \/>\r\n<meta property=\"og:type\" content=\"article\" \/>\r\n<meta property=\"og:title\" content=\"PHYTO VOLUME SHAMPOOING VOLUMATEUR 500 ML - Paracherkaoui.ma\" \/>\r\n<meta property=\"og:description\" content=\"Donnez \u00e0 vos cheveux fins le volume dont ils ont toujours r\u00eav\u00e9 avec le Shampoing VOLUME. Sp\u00e9cialement formul\u00e9 pour nettoyer\" \/>\r\n<meta property=\"og:url\" content=\"https:\/\/paracherkaoui.ma\/index.php\/produit\/phyto-volume-shampooing-volumateur-500-ml\/\" \/>\r\n<meta property=\"og:site_name\" content=\"Paracherkaoui.ma\" \/>\r\n<meta property=\"article:modified_time\" content=\"2025-12-12T16:59:57+00:00\" \/>\r\n<meta property=\"og:image\" content=\"https:\/\/paracherkaoui.ma\/wp-content\/uploads\/2025\/12\/phyto-phyto-volume-shampooing-volumateur-500-ml-shampoings-usage-frequent.jpg\" \/>\r\n\t<meta property=\"og:image:width\" content=\"700\" \/>\r\n\t<meta property=\"og:image:height\" content=\"700\" \/>\r\n\t<meta property=\"og:image:type\" content=\"image\/jpeg\" \/>\r\n<meta name=\"twitter:card\" content=\"summary_large_image\" \/>\r\n<meta name=\"twitter:label1\" content=\"Dur\u00e9e de lecture estim\u00e9e\" \/>\n\t<meta name=\"twitter:data1\" content=\"1 minute\" \/>\r\n<script type=\"application\/ld+json\" class=\"yoast-schema-graph\">{\"@context\":\"https:\/\/schema.org\",\"@graph\":[{\"@type\":\"WebPage\",\"@id\":\"https:\/\/paracherkaoui.ma\/index.php\/produit\/phyto-volume-shampooing-volumateur-500-ml\/\",\"url\":\"https:\/\/paracherkaoui.ma\/index.php\/produit\/phyto-volume-shampooing-volumateur-500-ml\/\",\"name\":\"PHYTO VOLUME SHAMPOOING VOLUMATEUR 500 ML - Paracherkaoui.ma\",\"isPartOf\":{\"@id\":\"https:\/\/paracherkaoui.ma\/#website\"},\"primaryImageOfPage\":{\"@id\":\"https:\/\/paracherkaoui.ma\/index.php\/produit\/phyto-volume-shampooing-volumateur-500-ml\/#primaryimage\"},\"image\":{\"@id\":\"https:\/\/paracherkaoui.ma\/index.php\/produit\/phyto-volume-shampooing-volumateur-500-ml\/#primaryimage\"},\"thumbnailUrl\":\"https:\/\/paracherkaoui.ma\/wp-content\/uploads\/2025\/12\/phyto-phyto-volume-shampooing-volumateur-500-ml-shampoings-usage-frequent.jpg\",\"datePublished\":\"2025-12-12T16:59:53+00:00\",\"dateModified\":\"2025-12-12T16:59:57+00:00\",\"breadcrumb\":{\"@id\":\"https:\/\/paracherkaoui.ma\/index.php\/produit\/phyto-volume-shampooing-volumateur-500-ml\/#breadcrumb\"},\"inLanguage\":\"fr-FR\",\"potentialAction\":[{\"@type\":\"ReadAction\",\"target\":[\"https:\/\/paracherkaoui.ma\/index.php\/produit\/phyto-volume-shampooing-volumateur-500-ml\/\"]}]},{\"@type\":\"ImageObject\",\"inLanguage\":\"fr-FR\",\"@id\":\"https:\/\/paracherkaoui.ma\/index.php\/produit\/phyto-volume-shampooing-volumateur-500-ml\/#primaryimage\",\"url\":\"https:\/\/paracherkaoui.ma\/wp-content\/uploads\/2025\/12\/phyto-phyto-volume-shampooing-volumateur-500-ml-shampoings-usage-frequent.jpg\",\"contentUrl\":\"https:\/\/paracherkaoui.ma\/wp-content\/uploads\/2025\/12\/phyto-phyto-volume-shampooing-volumateur-500-ml-shampoings-usage-frequent.jpg\",\"width\":700,\"height\":700},{\"@type\":\"BreadcrumbList\",\"@id\":\"https:\/\/paracherkaoui.ma\/index.php\/produit\/phyto-volume-shampooing-volumateur-500-ml\/#breadcrumb\",\"itemListElement\":[{\"@type\":\"ListItem\",\"position\":1,\"name\":\"Accueil\",\"item\":\"https:\/\/paracherkaoui.ma\/\"},{\"@type\":\"ListItem\",\"position\":2,\"name\":\"Boutique\",\"item\":\"https:\/\/paracherkaoui.ma\/index.php\/boutique\/\"},{\"@type\":\"ListItem\",\"position\":3,\"name\":\"PHYTO VOLUME SHAMPOOING VOLUMATEUR 500 ML\"}]},{\"@type\":\"WebSite\",\"@id\":\"https:\/\/paracherkaoui.ma\/#website\",\"url\":\"https:\/\/paracherkaoui.ma\/\",\"name\":\"Paracherkaoui.ma\",\"description\":\"Achetez en ligne sur Paracherkaoui.ma\",\"potentialAction\":[{\"@type\":\"SearchAction\",\"target\":{\"@type\":\"EntryPoint\",\"urlTemplate\":\"https:\/\/paracherkaoui.ma\/?s={search_term_string}\"},\"query-input\":{\"@type\":\"PropertyValueSpecification\",\"valueRequired\":true,\"valueName\":\"search_term_string\"}}],\"inLanguage\":\"fr-FR\"}]}<\/script>\r\n<!-- \/ Yoast SEO plugin. -->","yoast_head_json":{"title":"PHYTO VOLUME SHAMPOOING VOLUMATEUR 500 ML - Paracherkaoui.ma","robots":{"index":"index","follow":"follow","max-snippet":"max-snippet:-1","max-image-preview":"max-image-preview:large","max-video-preview":"max-video-preview:-1"},"canonical":"https:\/\/paracherkaoui.ma\/index.php\/produit\/phyto-volume-shampooing-volumateur-500-ml\/","og_locale":"fr_FR","og_type":"article","og_title":"PHYTO VOLUME SHAMPOOING VOLUMATEUR 500 ML - Paracherkaoui.ma","og_description":"Donnez \u00e0 vos cheveux fins le volume dont ils ont toujours r\u00eav\u00e9 avec le Shampoing VOLUME. Sp\u00e9cialement formul\u00e9 pour nettoyer","og_url":"https:\/\/paracherkaoui.ma\/index.php\/produit\/phyto-volume-shampooing-volumateur-500-ml\/","og_site_name":"Paracherkaoui.ma","article_modified_time":"2025-12-12T16:59:57+00:00","og_image":[{"width":700,"height":700,"url":"https:\/\/paracherkaoui.ma\/wp-content\/uploads\/2025\/12\/phyto-phyto-volume-shampooing-volumateur-500-ml-shampoings-usage-frequent.jpg","type":"image\/jpeg"}],"twitter_card":"summary_large_image","twitter_misc":{"Dur\u00e9e de lecture estim\u00e9e":"1 minute"},"schema":{"@context":"https:\/\/schema.org","@graph":[{"@type":"WebPage","@id":"https:\/\/paracherkaoui.ma\/index.php\/produit\/phyto-volume-shampooing-volumateur-500-ml\/","url":"https:\/\/paracherkaoui.ma\/index.php\/produit\/phyto-volume-shampooing-volumateur-500-ml\/","name":"PHYTO VOLUME SHAMPOOING VOLUMATEUR 500 ML - Paracherkaoui.ma","isPartOf":{"@id":"https:\/\/paracherkaoui.ma\/#website"},"primaryImageOfPage":{"@id":"https:\/\/paracherkaoui.ma\/index.php\/produit\/phyto-volume-shampooing-volumateur-500-ml\/#primaryimage"},"image":{"@id":"https:\/\/paracherkaoui.ma\/index.php\/produit\/phyto-volume-shampooing-volumateur-500-ml\/#primaryimage"},"thumbnailUrl":"https:\/\/paracherkaoui.ma\/wp-content\/uploads\/2025\/12\/phyto-phyto-volume-shampooing-volumateur-500-ml-shampoings-usage-frequent.jpg","datePublished":"2025-12-12T16:59:53+00:00","dateModified":"2025-12-12T16:59:57+00:00","breadcrumb":{"@id":"https:\/\/paracherkaoui.ma\/index.php\/produit\/phyto-volume-shampooing-volumateur-500-ml\/#breadcrumb"},"inLanguage":"fr-FR","potentialAction":[{"@type":"ReadAction","target":["https:\/\/paracherkaoui.ma\/index.php\/produit\/phyto-volume-shampooing-volumateur-500-ml\/"]}]},{"@type":"ImageObject","inLanguage":"fr-FR","@id":"https:\/\/paracherkaoui.ma\/index.php\/produit\/phyto-volume-shampooing-volumateur-500-ml\/#primaryimage","url":"https:\/\/paracherkaoui.ma\/wp-content\/uploads\/2025\/12\/phyto-phyto-volume-shampooing-volumateur-500-ml-shampoings-usage-frequent.jpg","contentUrl":"https:\/\/paracherkaoui.ma\/wp-content\/uploads\/2025\/12\/phyto-phyto-volume-shampooing-volumateur-500-ml-shampoings-usage-frequent.jpg","width":700,"height":700},{"@type":"BreadcrumbList","@id":"https:\/\/paracherkaoui.ma\/index.php\/produit\/phyto-volume-shampooing-volumateur-500-ml\/#breadcrumb","itemListElement":[{"@type":"ListItem","position":1,"name":"Accueil","item":"https:\/\/paracherkaoui.ma\/"},{"@type":"ListItem","position":2,"name":"Boutique","item":"https:\/\/paracherkaoui.ma\/index.php\/boutique\/"},{"@type":"ListItem","position":3,"name":"PHYTO VOLUME SHAMPOOING VOLUMATEUR 500 ML"}]},{"@type":"WebSite","@id":"https:\/\/paracherkaoui.ma\/#website","url":"https:\/\/paracherkaoui.ma\/","name":"Paracherkaoui.ma","description":"Achetez en ligne sur Paracherkaoui.ma","potentialAction":[{"@type":"SearchAction","target":{"@type":"EntryPoint","urlTemplate":"https:\/\/paracherkaoui.ma\/?s={search_term_string}"},"query-input":{"@type":"PropertyValueSpecification","valueRequired":true,"valueName":"search_term_string"}}],"inLanguage":"fr-FR"}]}},"_links":{"self":[{"href":"https:\/\/paracherkaoui.ma\/index.php\/wp-json\/wp\/v2\/product\/17678","targetHints":{"allow":["GET"]}}],"collection":[{"href":"https:\/\/paracherkaoui.ma\/index.php\/wp-json\/wp\/v2\/product"}],"about":[{"href":"https:\/\/paracherkaoui.ma\/index.php\/wp-json\/wp\/v2\/types\/product"}],"replies":[{"embeddable":true,"href":"https:\/\/paracherkaoui.ma\/index.php\/wp-json\/wp\/v2\/comments?post=17678"}],"version-history":[{"count":1,"href":"https:\/\/paracherkaoui.ma\/index.php\/wp-json\/wp\/v2\/product\/17678\/revisions"}],"predecessor-version":[{"id":17734,"href":"https:\/\/paracherkaoui.ma\/index.php\/wp-json\/wp\/v2\/product\/17678\/revisions\/17734"}],"wp:featuredmedia":[{"embeddable":true,"href":"https:\/\/paracherkaoui.ma\/index.php\/wp-json\/wp\/v2\/media\/17733"}],"wp:attachment":[{"href":"https:\/\/paracherkaoui.ma\/index.php\/wp-json\/wp\/v2\/media?parent=17678"}],"wp:term":[{"taxonomy":"product_brand","embeddable":true,"href":"https:\/\/paracherkaoui.ma\/index.php\/wp-json\/wp\/v2\/product_brand?post=17678"},{"taxonomy":"product_cat","embeddable":true,"href":"https:\/\/paracherkaoui.ma\/index.php\/wp-json\/wp\/v2\/product_cat?post=17678"},{"taxonomy":"product_tag","embeddable":true,"href":"https:\/\/paracherkaoui.ma\/index.php\/wp-json\/wp\/v2\/product_tag?post=17678"}],"curies":[{"name":"wp","href":"https:\/\/api.w.org\/{rel}","templated":true}]}}