{"id":17675,"date":"2025-12-12T17:59:53","date_gmt":"2025-12-12T16:59:53","guid":{"rendered":"https:\/\/test.ecbeaute.com\/?post_type=product&#038;p=17675"},"modified":"2025-12-12T17:59:57","modified_gmt":"2025-12-12T16:59:57","slug":"floxia-shampoing-cheveux-normaux-a-secs","status":"publish","type":"product","link":"https:\/\/paracherkaoui.ma\/index.php\/produit\/floxia-shampoing-cheveux-normaux-a-secs\/","title":{"rendered":"FLOXIA SHAMPOING CHEVEUX NORMAUX A SECS"},"content":{"rendered":"<p>Si vos cheveux manquent d\u2019hydratation ou vous semblent ternes\u2026 Arr\u00eatez tout. Vous venez de trouver le\u00a0meilleur shampoing pour cheveux normaux \u00e0 secs. Enrichi en provitamine B5 et en glyc\u00e9rine, le Shampooing Profondeur \u00c9nergisant :<br \/>\nnourrit les cheveux en profondeur\u00a0r\u00e9g\u00e9n\u00e8re la fibre capillaire\u00a0adoucit et prot\u00e8ge les cheveux de la d\u00e9shydratation\u00a0renforce la chevelure\u00a0(dites adieu aux m\u00e8ches fourchues et aux cheveux cassants)\u00a0lave en douceur, d\u00e9m\u00eale et facilite le coiffage\u00a0apaise les cuirs chevelus irrit\u00e9s et d\u00e9s\u00e9quilibr\u00e9s\u00a0(propri\u00e9t\u00e9s anti pelliculaires, anti chute de cheveux et anti d\u00e9mangeaisons) Optez pour une crini\u00e8re de r\u00eave ! Redonnez de la brillance et de l\u2019\u00e9clat \u00e0 votre chevelure. En application hebdomadaire, le shampoing pour cheveux secs lave vos cheveux en douceur, sans les agresser.\u00a0Hydrater, r\u00e9parer, prot\u00e9ger\u00a0: telles sont les trois actions revitalisantes du Shampooing Profondeur \u00c9nergisant. Ce\u00a0soin capillaire\u00a0s\u2019associe avec le\u00a0S\u00e9rum Capillaire\u00a0pour encore plus de r\u00e9sultats. Les cheveux sont soyeux et rayonnants de sant\u00e9\u2026 Et \u00e7a se voit ! Faites du bien \u00e0 vos cheveux avec le\u00a0Shampooing Profondeur \u00c9nergisant\u00a0pour cheveux normaux \u00e0 secs.<br \/>\nConseils d&rsquo;utilisation:<br \/>\nSur cheveux mouill\u00e9s, appliquez une petite quantit\u00e9 du Shampooing Profondeur \u00c9nergisant sur les\u00a0racines.\u00a0Massez votre cr\u00e2ne en douceur pour bien r\u00e9partir et faire p\u00e9n\u00e9trer le soin lavant. Laissez poser\u00a0deux \u00e0 trois minutes\u00a0avant de rincer. Ce temps de pose permet aux actifs de p\u00e9n\u00e9trer l\u2019\u00e9caille du cheveu pour agir en profondeur. Une fois les 2 ou 3 minutes pass\u00e9es, rincez abondamment \u00e0 l\u2019eau claire. Vos cheveux sont tout de suite plus soyeux. Vous le sentez, ils sont doux quand vous les touchez.<\/p>\n","protected":false},"excerpt":{"rendered":"<p>Si vos cheveux manquent d\u2019hydratation ou vous semblent ternes\u2026 Arr\u00eatez tout. Vous venez de trouver le\u00a0meilleur shampoing pour cheveux normaux<\/p>\n","protected":false},"featured_media":17727,"comment_status":"open","ping_status":"closed","template":"","meta":[],"product_brand":[300],"product_cat":[316],"product_tag":[],"class_list":{"0":"post-17675","1":"product","2":"type-product","3":"status-publish","4":"has-post-thumbnail","6":"product_brand-floxia","7":"product_cat-shampoings-soins-des-cheveux-cheveux","9":"first","10":"instock","11":"sale","12":"shipping-taxable","13":"purchasable","14":"product-type-simple"},"yoast_head":"<!-- This site is optimized with the Yoast SEO plugin v26.6 - https:\/\/yoast.com\/wordpress\/plugins\/seo\/ -->\r\n<title>FLOXIA SHAMPOING CHEVEUX NORMAUX A SECS - Paracherkaoui.ma<\/title>\r\n<meta name=\"robots\" content=\"index, follow, max-snippet:-1, max-image-preview:large, max-video-preview:-1\" \/>\r\n<link rel=\"canonical\" href=\"https:\/\/paracherkaoui.ma\/index.php\/produit\/floxia-shampoing-cheveux-normaux-a-secs\/\" \/>\r\n<meta property=\"og:locale\" content=\"fr_FR\" \/>\r\n<meta property=\"og:type\" content=\"article\" \/>\r\n<meta property=\"og:title\" content=\"FLOXIA SHAMPOING CHEVEUX NORMAUX A SECS - Paracherkaoui.ma\" \/>\r\n<meta property=\"og:description\" content=\"Si vos cheveux manquent d\u2019hydratation ou vous semblent ternes\u2026 Arr\u00eatez tout. Vous venez de trouver le\u00a0meilleur shampoing pour cheveux normaux\" \/>\r\n<meta property=\"og:url\" content=\"https:\/\/paracherkaoui.ma\/index.php\/produit\/floxia-shampoing-cheveux-normaux-a-secs\/\" \/>\r\n<meta property=\"og:site_name\" content=\"Paracherkaoui.ma\" \/>\r\n<meta property=\"article:modified_time\" content=\"2025-12-12T16:59:57+00:00\" \/>\r\n<meta property=\"og:image\" content=\"https:\/\/paracherkaoui.ma\/wp-content\/uploads\/2025\/12\/floxia-shampoing-cheveux-normaux-a-secs.jpg\" \/>\r\n\t<meta property=\"og:image:width\" content=\"700\" \/>\r\n\t<meta property=\"og:image:height\" content=\"700\" \/>\r\n\t<meta property=\"og:image:type\" content=\"image\/jpeg\" \/>\r\n<meta name=\"twitter:card\" content=\"summary_large_image\" \/>\r\n<meta name=\"twitter:label1\" content=\"Dur\u00e9e de lecture estim\u00e9e\" \/>\n\t<meta name=\"twitter:data1\" content=\"1 minute\" \/>\r\n<script type=\"application\/ld+json\" class=\"yoast-schema-graph\">{\"@context\":\"https:\/\/schema.org\",\"@graph\":[{\"@type\":\"WebPage\",\"@id\":\"https:\/\/paracherkaoui.ma\/index.php\/produit\/floxia-shampoing-cheveux-normaux-a-secs\/\",\"url\":\"https:\/\/paracherkaoui.ma\/index.php\/produit\/floxia-shampoing-cheveux-normaux-a-secs\/\",\"name\":\"FLOXIA SHAMPOING CHEVEUX NORMAUX A SECS - Paracherkaoui.ma\",\"isPartOf\":{\"@id\":\"https:\/\/paracherkaoui.ma\/#website\"},\"primaryImageOfPage\":{\"@id\":\"https:\/\/paracherkaoui.ma\/index.php\/produit\/floxia-shampoing-cheveux-normaux-a-secs\/#primaryimage\"},\"image\":{\"@id\":\"https:\/\/paracherkaoui.ma\/index.php\/produit\/floxia-shampoing-cheveux-normaux-a-secs\/#primaryimage\"},\"thumbnailUrl\":\"https:\/\/paracherkaoui.ma\/wp-content\/uploads\/2025\/12\/floxia-shampoing-cheveux-normaux-a-secs.jpg\",\"datePublished\":\"2025-12-12T16:59:53+00:00\",\"dateModified\":\"2025-12-12T16:59:57+00:00\",\"breadcrumb\":{\"@id\":\"https:\/\/paracherkaoui.ma\/index.php\/produit\/floxia-shampoing-cheveux-normaux-a-secs\/#breadcrumb\"},\"inLanguage\":\"fr-FR\",\"potentialAction\":[{\"@type\":\"ReadAction\",\"target\":[\"https:\/\/paracherkaoui.ma\/index.php\/produit\/floxia-shampoing-cheveux-normaux-a-secs\/\"]}]},{\"@type\":\"ImageObject\",\"inLanguage\":\"fr-FR\",\"@id\":\"https:\/\/paracherkaoui.ma\/index.php\/produit\/floxia-shampoing-cheveux-normaux-a-secs\/#primaryimage\",\"url\":\"https:\/\/paracherkaoui.ma\/wp-content\/uploads\/2025\/12\/floxia-shampoing-cheveux-normaux-a-secs.jpg\",\"contentUrl\":\"https:\/\/paracherkaoui.ma\/wp-content\/uploads\/2025\/12\/floxia-shampoing-cheveux-normaux-a-secs.jpg\",\"width\":700,\"height\":700},{\"@type\":\"BreadcrumbList\",\"@id\":\"https:\/\/paracherkaoui.ma\/index.php\/produit\/floxia-shampoing-cheveux-normaux-a-secs\/#breadcrumb\",\"itemListElement\":[{\"@type\":\"ListItem\",\"position\":1,\"name\":\"Accueil\",\"item\":\"https:\/\/paracherkaoui.ma\/\"},{\"@type\":\"ListItem\",\"position\":2,\"name\":\"Boutique\",\"item\":\"https:\/\/paracherkaoui.ma\/index.php\/boutique\/\"},{\"@type\":\"ListItem\",\"position\":3,\"name\":\"FLOXIA SHAMPOING CHEVEUX NORMAUX A SECS\"}]},{\"@type\":\"WebSite\",\"@id\":\"https:\/\/paracherkaoui.ma\/#website\",\"url\":\"https:\/\/paracherkaoui.ma\/\",\"name\":\"Paracherkaoui.ma\",\"description\":\"Achetez en ligne sur Paracherkaoui.ma\",\"potentialAction\":[{\"@type\":\"SearchAction\",\"target\":{\"@type\":\"EntryPoint\",\"urlTemplate\":\"https:\/\/paracherkaoui.ma\/?s={search_term_string}\"},\"query-input\":{\"@type\":\"PropertyValueSpecification\",\"valueRequired\":true,\"valueName\":\"search_term_string\"}}],\"inLanguage\":\"fr-FR\"}]}<\/script>\r\n<!-- \/ Yoast SEO plugin. -->","yoast_head_json":{"title":"FLOXIA SHAMPOING CHEVEUX NORMAUX A SECS - Paracherkaoui.ma","robots":{"index":"index","follow":"follow","max-snippet":"max-snippet:-1","max-image-preview":"max-image-preview:large","max-video-preview":"max-video-preview:-1"},"canonical":"https:\/\/paracherkaoui.ma\/index.php\/produit\/floxia-shampoing-cheveux-normaux-a-secs\/","og_locale":"fr_FR","og_type":"article","og_title":"FLOXIA SHAMPOING CHEVEUX NORMAUX A SECS - Paracherkaoui.ma","og_description":"Si vos cheveux manquent d\u2019hydratation ou vous semblent ternes\u2026 Arr\u00eatez tout. Vous venez de trouver le\u00a0meilleur shampoing pour cheveux normaux","og_url":"https:\/\/paracherkaoui.ma\/index.php\/produit\/floxia-shampoing-cheveux-normaux-a-secs\/","og_site_name":"Paracherkaoui.ma","article_modified_time":"2025-12-12T16:59:57+00:00","og_image":[{"width":700,"height":700,"url":"https:\/\/paracherkaoui.ma\/wp-content\/uploads\/2025\/12\/floxia-shampoing-cheveux-normaux-a-secs.jpg","type":"image\/jpeg"}],"twitter_card":"summary_large_image","twitter_misc":{"Dur\u00e9e de lecture estim\u00e9e":"1 minute"},"schema":{"@context":"https:\/\/schema.org","@graph":[{"@type":"WebPage","@id":"https:\/\/paracherkaoui.ma\/index.php\/produit\/floxia-shampoing-cheveux-normaux-a-secs\/","url":"https:\/\/paracherkaoui.ma\/index.php\/produit\/floxia-shampoing-cheveux-normaux-a-secs\/","name":"FLOXIA SHAMPOING CHEVEUX NORMAUX A SECS - Paracherkaoui.ma","isPartOf":{"@id":"https:\/\/paracherkaoui.ma\/#website"},"primaryImageOfPage":{"@id":"https:\/\/paracherkaoui.ma\/index.php\/produit\/floxia-shampoing-cheveux-normaux-a-secs\/#primaryimage"},"image":{"@id":"https:\/\/paracherkaoui.ma\/index.php\/produit\/floxia-shampoing-cheveux-normaux-a-secs\/#primaryimage"},"thumbnailUrl":"https:\/\/paracherkaoui.ma\/wp-content\/uploads\/2025\/12\/floxia-shampoing-cheveux-normaux-a-secs.jpg","datePublished":"2025-12-12T16:59:53+00:00","dateModified":"2025-12-12T16:59:57+00:00","breadcrumb":{"@id":"https:\/\/paracherkaoui.ma\/index.php\/produit\/floxia-shampoing-cheveux-normaux-a-secs\/#breadcrumb"},"inLanguage":"fr-FR","potentialAction":[{"@type":"ReadAction","target":["https:\/\/paracherkaoui.ma\/index.php\/produit\/floxia-shampoing-cheveux-normaux-a-secs\/"]}]},{"@type":"ImageObject","inLanguage":"fr-FR","@id":"https:\/\/paracherkaoui.ma\/index.php\/produit\/floxia-shampoing-cheveux-normaux-a-secs\/#primaryimage","url":"https:\/\/paracherkaoui.ma\/wp-content\/uploads\/2025\/12\/floxia-shampoing-cheveux-normaux-a-secs.jpg","contentUrl":"https:\/\/paracherkaoui.ma\/wp-content\/uploads\/2025\/12\/floxia-shampoing-cheveux-normaux-a-secs.jpg","width":700,"height":700},{"@type":"BreadcrumbList","@id":"https:\/\/paracherkaoui.ma\/index.php\/produit\/floxia-shampoing-cheveux-normaux-a-secs\/#breadcrumb","itemListElement":[{"@type":"ListItem","position":1,"name":"Accueil","item":"https:\/\/paracherkaoui.ma\/"},{"@type":"ListItem","position":2,"name":"Boutique","item":"https:\/\/paracherkaoui.ma\/index.php\/boutique\/"},{"@type":"ListItem","position":3,"name":"FLOXIA SHAMPOING CHEVEUX NORMAUX A SECS"}]},{"@type":"WebSite","@id":"https:\/\/paracherkaoui.ma\/#website","url":"https:\/\/paracherkaoui.ma\/","name":"Paracherkaoui.ma","description":"Achetez en ligne sur Paracherkaoui.ma","potentialAction":[{"@type":"SearchAction","target":{"@type":"EntryPoint","urlTemplate":"https:\/\/paracherkaoui.ma\/?s={search_term_string}"},"query-input":{"@type":"PropertyValueSpecification","valueRequired":true,"valueName":"search_term_string"}}],"inLanguage":"fr-FR"}]}},"_links":{"self":[{"href":"https:\/\/paracherkaoui.ma\/index.php\/wp-json\/wp\/v2\/product\/17675","targetHints":{"allow":["GET"]}}],"collection":[{"href":"https:\/\/paracherkaoui.ma\/index.php\/wp-json\/wp\/v2\/product"}],"about":[{"href":"https:\/\/paracherkaoui.ma\/index.php\/wp-json\/wp\/v2\/types\/product"}],"replies":[{"embeddable":true,"href":"https:\/\/paracherkaoui.ma\/index.php\/wp-json\/wp\/v2\/comments?post=17675"}],"version-history":[{"count":1,"href":"https:\/\/paracherkaoui.ma\/index.php\/wp-json\/wp\/v2\/product\/17675\/revisions"}],"predecessor-version":[{"id":17728,"href":"https:\/\/paracherkaoui.ma\/index.php\/wp-json\/wp\/v2\/product\/17675\/revisions\/17728"}],"wp:featuredmedia":[{"embeddable":true,"href":"https:\/\/paracherkaoui.ma\/index.php\/wp-json\/wp\/v2\/media\/17727"}],"wp:attachment":[{"href":"https:\/\/paracherkaoui.ma\/index.php\/wp-json\/wp\/v2\/media?parent=17675"}],"wp:term":[{"taxonomy":"product_brand","embeddable":true,"href":"https:\/\/paracherkaoui.ma\/index.php\/wp-json\/wp\/v2\/product_brand?post=17675"},{"taxonomy":"product_cat","embeddable":true,"href":"https:\/\/paracherkaoui.ma\/index.php\/wp-json\/wp\/v2\/product_cat?post=17675"},{"taxonomy":"product_tag","embeddable":true,"href":"https:\/\/paracherkaoui.ma\/index.php\/wp-json\/wp\/v2\/product_tag?post=17675"}],"curies":[{"name":"wp","href":"https:\/\/api.w.org\/{rel}","templated":true}]}}