{"id":17596,"date":"2025-12-12T17:59:44","date_gmt":"2025-12-12T16:59:44","guid":{"rendered":"https:\/\/test.ecbeaute.com\/?post_type=product&#038;p=17596"},"modified":"2025-12-12T17:59:51","modified_gmt":"2025-12-12T16:59:51","slug":"centaurea-shampoing-anti-pelliculaire-ds","status":"publish","type":"product","link":"https:\/\/paracherkaoui.ma\/index.php\/produit\/centaurea-shampoing-anti-pelliculaire-ds\/","title":{"rendered":"CENTAUREA SHAMPOING ANTI PELLICULAIRE DS"},"content":{"rendered":"<p>GR\u00c2CE \u00c0 SON COMPLEXE ANTIFONGIQUE EXCLUSIF, CENTAUREA SHAMPOING ANTIPELLICULAIRE INTENSIF DS POSS\u00c8DE UNE ACTION GLOBALE QUI PERMET DE LUTTER EFFICACEMENT CONTRE LES \u00c9TATS PELLICULAIRES S\u00c9V\u00c8RES ASSOCI\u00c9S \u00c0 DES D\u00c9MANGEAISONS DU CUIR CHEVELU, IL \u00c9LIMINE LES PELLICULES, IL PR\u00c9VIENT LEUR R\u00c9PARTITION ET ASSAINIT LA FLORE FONGIQUE DU CUIR CHEVELU ET IL APAISE AUSSI LES IRRITATIONS ET D\u00c9MANGEAISONS. UNE FORMULE UNIQUE POUR UNE ACTION RENFORC\u00c9E : LA NIACINAMIDE EST ESSENTIELLE POUR LA PEAU ET LE CUIR CHEVELU, CAR ELLE A UNE ACTION ANTIMICROBIENNE QUI COMBAT L\u2019EXC\u00c8S DE S\u00c9BUM, L\u2019APPLICATION TOPIQUE EST LE MOYEN LE PLUS EFFICACE DE CONCENTRER LA SANT\u00c9 DU CUIR CHEVELU POUR OBTENIR LA R\u00c9DUCTION DE L\u2019INFLAMMATION ET DES D\u00c9MANGEAISONS DU CUIR CHEVELU,<\/p>\n","protected":false},"excerpt":{"rendered":"<p>GR\u00c2CE \u00c0 SON COMPLEXE ANTIFONGIQUE EXCLUSIF, CENTAUREA SHAMPOING ANTIPELLICULAIRE INTENSIF DS POSS\u00c8DE UNE ACTION GLOBALE QUI PERMET DE LUTTER EFFICACEMENT<\/p>\n","protected":false},"featured_media":17648,"comment_status":"open","ping_status":"closed","template":"","meta":[],"product_brand":[263],"product_cat":[316],"product_tag":[],"class_list":{"0":"post-17596","1":"product","2":"type-product","3":"status-publish","4":"has-post-thumbnail","6":"product_brand-centaurea","7":"product_cat-shampoings-soins-des-cheveux-cheveux","9":"first","10":"instock","11":"sale","12":"shipping-taxable","13":"purchasable","14":"product-type-simple"},"yoast_head":"<!-- This site is optimized with the Yoast SEO plugin v26.6 - https:\/\/yoast.com\/wordpress\/plugins\/seo\/ -->\r\n<title>CENTAUREA SHAMPOING ANTI PELLICULAIRE DS - Paracherkaoui.ma<\/title>\r\n<meta name=\"robots\" content=\"index, follow, max-snippet:-1, max-image-preview:large, max-video-preview:-1\" \/>\r\n<link rel=\"canonical\" href=\"https:\/\/paracherkaoui.ma\/index.php\/produit\/centaurea-shampoing-anti-pelliculaire-ds\/\" \/>\r\n<meta property=\"og:locale\" content=\"fr_FR\" \/>\r\n<meta property=\"og:type\" content=\"article\" \/>\r\n<meta property=\"og:title\" content=\"CENTAUREA SHAMPOING ANTI PELLICULAIRE DS - Paracherkaoui.ma\" \/>\r\n<meta property=\"og:description\" content=\"GR\u00c2CE \u00c0 SON COMPLEXE ANTIFONGIQUE EXCLUSIF, CENTAUREA SHAMPOING ANTIPELLICULAIRE INTENSIF DS POSS\u00c8DE UNE ACTION GLOBALE QUI PERMET DE LUTTER EFFICACEMENT\" \/>\r\n<meta property=\"og:url\" content=\"https:\/\/paracherkaoui.ma\/index.php\/produit\/centaurea-shampoing-anti-pelliculaire-ds\/\" \/>\r\n<meta property=\"og:site_name\" content=\"Paracherkaoui.ma\" \/>\r\n<meta property=\"article:modified_time\" content=\"2025-12-12T16:59:51+00:00\" \/>\r\n<meta property=\"og:image\" content=\"https:\/\/paracherkaoui.ma\/wp-content\/uploads\/2025\/12\/centaurea-centaurea-shampoing-anti-pelliculaire-ds-shampoings-anti-pelliculaires.jpg\" \/>\r\n\t<meta property=\"og:image:width\" content=\"700\" \/>\r\n\t<meta property=\"og:image:height\" content=\"700\" \/>\r\n\t<meta property=\"og:image:type\" content=\"image\/jpeg\" \/>\r\n<meta name=\"twitter:card\" content=\"summary_large_image\" \/>\r\n<meta name=\"twitter:label1\" content=\"Dur\u00e9e de lecture estim\u00e9e\" \/>\n\t<meta name=\"twitter:data1\" content=\"1 minute\" \/>\r\n<script type=\"application\/ld+json\" class=\"yoast-schema-graph\">{\"@context\":\"https:\/\/schema.org\",\"@graph\":[{\"@type\":\"WebPage\",\"@id\":\"https:\/\/paracherkaoui.ma\/index.php\/produit\/centaurea-shampoing-anti-pelliculaire-ds\/\",\"url\":\"https:\/\/paracherkaoui.ma\/index.php\/produit\/centaurea-shampoing-anti-pelliculaire-ds\/\",\"name\":\"CENTAUREA SHAMPOING ANTI PELLICULAIRE DS - Paracherkaoui.ma\",\"isPartOf\":{\"@id\":\"https:\/\/paracherkaoui.ma\/#website\"},\"primaryImageOfPage\":{\"@id\":\"https:\/\/paracherkaoui.ma\/index.php\/produit\/centaurea-shampoing-anti-pelliculaire-ds\/#primaryimage\"},\"image\":{\"@id\":\"https:\/\/paracherkaoui.ma\/index.php\/produit\/centaurea-shampoing-anti-pelliculaire-ds\/#primaryimage\"},\"thumbnailUrl\":\"https:\/\/paracherkaoui.ma\/wp-content\/uploads\/2025\/12\/centaurea-centaurea-shampoing-anti-pelliculaire-ds-shampoings-anti-pelliculaires.jpg\",\"datePublished\":\"2025-12-12T16:59:44+00:00\",\"dateModified\":\"2025-12-12T16:59:51+00:00\",\"breadcrumb\":{\"@id\":\"https:\/\/paracherkaoui.ma\/index.php\/produit\/centaurea-shampoing-anti-pelliculaire-ds\/#breadcrumb\"},\"inLanguage\":\"fr-FR\",\"potentialAction\":[{\"@type\":\"ReadAction\",\"target\":[\"https:\/\/paracherkaoui.ma\/index.php\/produit\/centaurea-shampoing-anti-pelliculaire-ds\/\"]}]},{\"@type\":\"ImageObject\",\"inLanguage\":\"fr-FR\",\"@id\":\"https:\/\/paracherkaoui.ma\/index.php\/produit\/centaurea-shampoing-anti-pelliculaire-ds\/#primaryimage\",\"url\":\"https:\/\/paracherkaoui.ma\/wp-content\/uploads\/2025\/12\/centaurea-centaurea-shampoing-anti-pelliculaire-ds-shampoings-anti-pelliculaires.jpg\",\"contentUrl\":\"https:\/\/paracherkaoui.ma\/wp-content\/uploads\/2025\/12\/centaurea-centaurea-shampoing-anti-pelliculaire-ds-shampoings-anti-pelliculaires.jpg\",\"width\":700,\"height\":700},{\"@type\":\"BreadcrumbList\",\"@id\":\"https:\/\/paracherkaoui.ma\/index.php\/produit\/centaurea-shampoing-anti-pelliculaire-ds\/#breadcrumb\",\"itemListElement\":[{\"@type\":\"ListItem\",\"position\":1,\"name\":\"Accueil\",\"item\":\"https:\/\/paracherkaoui.ma\/\"},{\"@type\":\"ListItem\",\"position\":2,\"name\":\"Boutique\",\"item\":\"https:\/\/paracherkaoui.ma\/index.php\/boutique\/\"},{\"@type\":\"ListItem\",\"position\":3,\"name\":\"CENTAUREA SHAMPOING ANTI PELLICULAIRE DS\"}]},{\"@type\":\"WebSite\",\"@id\":\"https:\/\/paracherkaoui.ma\/#website\",\"url\":\"https:\/\/paracherkaoui.ma\/\",\"name\":\"Paracherkaoui.ma\",\"description\":\"Achetez en ligne sur Paracherkaoui.ma\",\"potentialAction\":[{\"@type\":\"SearchAction\",\"target\":{\"@type\":\"EntryPoint\",\"urlTemplate\":\"https:\/\/paracherkaoui.ma\/?s={search_term_string}\"},\"query-input\":{\"@type\":\"PropertyValueSpecification\",\"valueRequired\":true,\"valueName\":\"search_term_string\"}}],\"inLanguage\":\"fr-FR\"}]}<\/script>\r\n<!-- \/ Yoast SEO plugin. -->","yoast_head_json":{"title":"CENTAUREA SHAMPOING ANTI PELLICULAIRE DS - Paracherkaoui.ma","robots":{"index":"index","follow":"follow","max-snippet":"max-snippet:-1","max-image-preview":"max-image-preview:large","max-video-preview":"max-video-preview:-1"},"canonical":"https:\/\/paracherkaoui.ma\/index.php\/produit\/centaurea-shampoing-anti-pelliculaire-ds\/","og_locale":"fr_FR","og_type":"article","og_title":"CENTAUREA SHAMPOING ANTI PELLICULAIRE DS - Paracherkaoui.ma","og_description":"GR\u00c2CE \u00c0 SON COMPLEXE ANTIFONGIQUE EXCLUSIF, CENTAUREA SHAMPOING ANTIPELLICULAIRE INTENSIF DS POSS\u00c8DE UNE ACTION GLOBALE QUI PERMET DE LUTTER EFFICACEMENT","og_url":"https:\/\/paracherkaoui.ma\/index.php\/produit\/centaurea-shampoing-anti-pelliculaire-ds\/","og_site_name":"Paracherkaoui.ma","article_modified_time":"2025-12-12T16:59:51+00:00","og_image":[{"width":700,"height":700,"url":"https:\/\/paracherkaoui.ma\/wp-content\/uploads\/2025\/12\/centaurea-centaurea-shampoing-anti-pelliculaire-ds-shampoings-anti-pelliculaires.jpg","type":"image\/jpeg"}],"twitter_card":"summary_large_image","twitter_misc":{"Dur\u00e9e de lecture estim\u00e9e":"1 minute"},"schema":{"@context":"https:\/\/schema.org","@graph":[{"@type":"WebPage","@id":"https:\/\/paracherkaoui.ma\/index.php\/produit\/centaurea-shampoing-anti-pelliculaire-ds\/","url":"https:\/\/paracherkaoui.ma\/index.php\/produit\/centaurea-shampoing-anti-pelliculaire-ds\/","name":"CENTAUREA SHAMPOING ANTI PELLICULAIRE DS - Paracherkaoui.ma","isPartOf":{"@id":"https:\/\/paracherkaoui.ma\/#website"},"primaryImageOfPage":{"@id":"https:\/\/paracherkaoui.ma\/index.php\/produit\/centaurea-shampoing-anti-pelliculaire-ds\/#primaryimage"},"image":{"@id":"https:\/\/paracherkaoui.ma\/index.php\/produit\/centaurea-shampoing-anti-pelliculaire-ds\/#primaryimage"},"thumbnailUrl":"https:\/\/paracherkaoui.ma\/wp-content\/uploads\/2025\/12\/centaurea-centaurea-shampoing-anti-pelliculaire-ds-shampoings-anti-pelliculaires.jpg","datePublished":"2025-12-12T16:59:44+00:00","dateModified":"2025-12-12T16:59:51+00:00","breadcrumb":{"@id":"https:\/\/paracherkaoui.ma\/index.php\/produit\/centaurea-shampoing-anti-pelliculaire-ds\/#breadcrumb"},"inLanguage":"fr-FR","potentialAction":[{"@type":"ReadAction","target":["https:\/\/paracherkaoui.ma\/index.php\/produit\/centaurea-shampoing-anti-pelliculaire-ds\/"]}]},{"@type":"ImageObject","inLanguage":"fr-FR","@id":"https:\/\/paracherkaoui.ma\/index.php\/produit\/centaurea-shampoing-anti-pelliculaire-ds\/#primaryimage","url":"https:\/\/paracherkaoui.ma\/wp-content\/uploads\/2025\/12\/centaurea-centaurea-shampoing-anti-pelliculaire-ds-shampoings-anti-pelliculaires.jpg","contentUrl":"https:\/\/paracherkaoui.ma\/wp-content\/uploads\/2025\/12\/centaurea-centaurea-shampoing-anti-pelliculaire-ds-shampoings-anti-pelliculaires.jpg","width":700,"height":700},{"@type":"BreadcrumbList","@id":"https:\/\/paracherkaoui.ma\/index.php\/produit\/centaurea-shampoing-anti-pelliculaire-ds\/#breadcrumb","itemListElement":[{"@type":"ListItem","position":1,"name":"Accueil","item":"https:\/\/paracherkaoui.ma\/"},{"@type":"ListItem","position":2,"name":"Boutique","item":"https:\/\/paracherkaoui.ma\/index.php\/boutique\/"},{"@type":"ListItem","position":3,"name":"CENTAUREA SHAMPOING ANTI PELLICULAIRE DS"}]},{"@type":"WebSite","@id":"https:\/\/paracherkaoui.ma\/#website","url":"https:\/\/paracherkaoui.ma\/","name":"Paracherkaoui.ma","description":"Achetez en ligne sur Paracherkaoui.ma","potentialAction":[{"@type":"SearchAction","target":{"@type":"EntryPoint","urlTemplate":"https:\/\/paracherkaoui.ma\/?s={search_term_string}"},"query-input":{"@type":"PropertyValueSpecification","valueRequired":true,"valueName":"search_term_string"}}],"inLanguage":"fr-FR"}]}},"_links":{"self":[{"href":"https:\/\/paracherkaoui.ma\/index.php\/wp-json\/wp\/v2\/product\/17596","targetHints":{"allow":["GET"]}}],"collection":[{"href":"https:\/\/paracherkaoui.ma\/index.php\/wp-json\/wp\/v2\/product"}],"about":[{"href":"https:\/\/paracherkaoui.ma\/index.php\/wp-json\/wp\/v2\/types\/product"}],"replies":[{"embeddable":true,"href":"https:\/\/paracherkaoui.ma\/index.php\/wp-json\/wp\/v2\/comments?post=17596"}],"version-history":[{"count":1,"href":"https:\/\/paracherkaoui.ma\/index.php\/wp-json\/wp\/v2\/product\/17596\/revisions"}],"predecessor-version":[{"id":17649,"href":"https:\/\/paracherkaoui.ma\/index.php\/wp-json\/wp\/v2\/product\/17596\/revisions\/17649"}],"wp:featuredmedia":[{"embeddable":true,"href":"https:\/\/paracherkaoui.ma\/index.php\/wp-json\/wp\/v2\/media\/17648"}],"wp:attachment":[{"href":"https:\/\/paracherkaoui.ma\/index.php\/wp-json\/wp\/v2\/media?parent=17596"}],"wp:term":[{"taxonomy":"product_brand","embeddable":true,"href":"https:\/\/paracherkaoui.ma\/index.php\/wp-json\/wp\/v2\/product_brand?post=17596"},{"taxonomy":"product_cat","embeddable":true,"href":"https:\/\/paracherkaoui.ma\/index.php\/wp-json\/wp\/v2\/product_cat?post=17596"},{"taxonomy":"product_tag","embeddable":true,"href":"https:\/\/paracherkaoui.ma\/index.php\/wp-json\/wp\/v2\/product_tag?post=17596"}],"curies":[{"name":"wp","href":"https:\/\/api.w.org\/{rel}","templated":true}]}}