{"id":17592,"date":"2025-12-12T17:59:44","date_gmt":"2025-12-12T16:59:44","guid":{"rendered":"https:\/\/test.ecbeaute.com\/?post_type=product&#038;p=17592"},"modified":"2025-12-12T17:59:51","modified_gmt":"2025-12-12T16:59:51","slug":"martiderm-hair-system-anti-chute-shampoing-anti-sebum-200-ml","status":"publish","type":"product","link":"https:\/\/paracherkaoui.ma\/index.php\/produit\/martiderm-hair-system-anti-chute-shampoing-anti-sebum-200-ml\/","title":{"rendered":"MARTIDERM HAIR SYSTEM ANTI CHUTE SHAMPOING ANTI SEBUM 200 ML"},"content":{"rendered":"<p>Le shampooing antichute antis\u00e9borrh\u00e9ique est compl\u00e9mentaire des traitements antichute associ\u00e9s aux processus s\u00e9borrh\u00e9iques. Il a un effet s\u00e9bo-r\u00e9gulateur et k\u00e9ratolytique qui am\u00e9liore l\u2019ancrage au cuir chevelu et fortifie la fibre capillaire.<br \/>\nLe shampooing antichute antis\u00e9borrh\u00e9ique aide \u00e0 obtenir des cheveux exempts de graisse et d\u2019impuret\u00e9s gr\u00e2ce \u00e0 son pouvoir k\u00e9ratolytique et r\u00e9gulateur de s\u00e9bum. Il permet de renforcer les cheveux et de mieux les ancrer au cuir chevelu. En outre, il est destin\u00e9 \u00e0 un usage fr\u00e9quent.<br \/>\nCONSEILS D&rsquo;UTILISATION:<br \/>\nAppliquer sur les cheveux mouill\u00e9s.<br \/>\nMasser la zone une fois le shampooing appliqu\u00e9.<\/p>\n","protected":false},"excerpt":{"rendered":"<p>Le shampooing antichute antis\u00e9borrh\u00e9ique est compl\u00e9mentaire des traitements antichute associ\u00e9s aux processus s\u00e9borrh\u00e9iques. Il a un effet s\u00e9bo-r\u00e9gulateur et k\u00e9ratolytique<\/p>\n","protected":false},"featured_media":17640,"comment_status":"open","ping_status":"closed","template":"","meta":[],"product_brand":[291],"product_cat":[316],"product_tag":[],"class_list":{"0":"post-17592","1":"product","2":"type-product","3":"status-publish","4":"has-post-thumbnail","6":"product_brand-martiderm","7":"product_cat-shampoings-soins-des-cheveux-cheveux","9":"first","10":"instock","11":"sale","12":"shipping-taxable","13":"purchasable","14":"product-type-simple"},"yoast_head":"<!-- This site is optimized with the Yoast SEO plugin v26.6 - https:\/\/yoast.com\/wordpress\/plugins\/seo\/ -->\r\n<title>MARTIDERM HAIR SYSTEM ANTI CHUTE SHAMPOING ANTI SEBUM 200 ML - Paracherkaoui.ma<\/title>\r\n<meta name=\"robots\" content=\"index, follow, max-snippet:-1, max-image-preview:large, max-video-preview:-1\" \/>\r\n<link rel=\"canonical\" href=\"https:\/\/paracherkaoui.ma\/index.php\/produit\/martiderm-hair-system-anti-chute-shampoing-anti-sebum-200-ml\/\" \/>\r\n<meta property=\"og:locale\" content=\"fr_FR\" \/>\r\n<meta property=\"og:type\" content=\"article\" \/>\r\n<meta property=\"og:title\" content=\"MARTIDERM HAIR SYSTEM ANTI CHUTE SHAMPOING ANTI SEBUM 200 ML - Paracherkaoui.ma\" \/>\r\n<meta property=\"og:description\" content=\"Le shampooing antichute antis\u00e9borrh\u00e9ique est compl\u00e9mentaire des traitements antichute associ\u00e9s aux processus s\u00e9borrh\u00e9iques. Il a un effet s\u00e9bo-r\u00e9gulateur et k\u00e9ratolytique\" \/>\r\n<meta property=\"og:url\" content=\"https:\/\/paracherkaoui.ma\/index.php\/produit\/martiderm-hair-system-anti-chute-shampoing-anti-sebum-200-ml\/\" \/>\r\n<meta property=\"og:site_name\" content=\"Paracherkaoui.ma\" \/>\r\n<meta property=\"article:modified_time\" content=\"2025-12-12T16:59:51+00:00\" \/>\r\n<meta property=\"og:image\" content=\"https:\/\/paracherkaoui.ma\/wp-content\/uploads\/2025\/12\/martiderm-martiderm-hair-system-anti-chute-shampoing-anti-sebum-200-ml-shampoing-cheveux-gras.jpg\" \/>\r\n\t<meta property=\"og:image:width\" content=\"700\" \/>\r\n\t<meta property=\"og:image:height\" content=\"700\" \/>\r\n\t<meta property=\"og:image:type\" content=\"image\/jpeg\" \/>\r\n<meta name=\"twitter:card\" content=\"summary_large_image\" \/>\r\n<meta name=\"twitter:label1\" content=\"Dur\u00e9e de lecture estim\u00e9e\" \/>\n\t<meta name=\"twitter:data1\" content=\"1 minute\" \/>\r\n<script type=\"application\/ld+json\" class=\"yoast-schema-graph\">{\"@context\":\"https:\/\/schema.org\",\"@graph\":[{\"@type\":\"WebPage\",\"@id\":\"https:\/\/paracherkaoui.ma\/index.php\/produit\/martiderm-hair-system-anti-chute-shampoing-anti-sebum-200-ml\/\",\"url\":\"https:\/\/paracherkaoui.ma\/index.php\/produit\/martiderm-hair-system-anti-chute-shampoing-anti-sebum-200-ml\/\",\"name\":\"MARTIDERM HAIR SYSTEM ANTI CHUTE SHAMPOING ANTI SEBUM 200 ML - Paracherkaoui.ma\",\"isPartOf\":{\"@id\":\"https:\/\/paracherkaoui.ma\/#website\"},\"primaryImageOfPage\":{\"@id\":\"https:\/\/paracherkaoui.ma\/index.php\/produit\/martiderm-hair-system-anti-chute-shampoing-anti-sebum-200-ml\/#primaryimage\"},\"image\":{\"@id\":\"https:\/\/paracherkaoui.ma\/index.php\/produit\/martiderm-hair-system-anti-chute-shampoing-anti-sebum-200-ml\/#primaryimage\"},\"thumbnailUrl\":\"https:\/\/paracherkaoui.ma\/wp-content\/uploads\/2025\/12\/martiderm-martiderm-hair-system-anti-chute-shampoing-anti-sebum-200-ml-shampoing-cheveux-gras.jpg\",\"datePublished\":\"2025-12-12T16:59:44+00:00\",\"dateModified\":\"2025-12-12T16:59:51+00:00\",\"breadcrumb\":{\"@id\":\"https:\/\/paracherkaoui.ma\/index.php\/produit\/martiderm-hair-system-anti-chute-shampoing-anti-sebum-200-ml\/#breadcrumb\"},\"inLanguage\":\"fr-FR\",\"potentialAction\":[{\"@type\":\"ReadAction\",\"target\":[\"https:\/\/paracherkaoui.ma\/index.php\/produit\/martiderm-hair-system-anti-chute-shampoing-anti-sebum-200-ml\/\"]}]},{\"@type\":\"ImageObject\",\"inLanguage\":\"fr-FR\",\"@id\":\"https:\/\/paracherkaoui.ma\/index.php\/produit\/martiderm-hair-system-anti-chute-shampoing-anti-sebum-200-ml\/#primaryimage\",\"url\":\"https:\/\/paracherkaoui.ma\/wp-content\/uploads\/2025\/12\/martiderm-martiderm-hair-system-anti-chute-shampoing-anti-sebum-200-ml-shampoing-cheveux-gras.jpg\",\"contentUrl\":\"https:\/\/paracherkaoui.ma\/wp-content\/uploads\/2025\/12\/martiderm-martiderm-hair-system-anti-chute-shampoing-anti-sebum-200-ml-shampoing-cheveux-gras.jpg\",\"width\":700,\"height\":700},{\"@type\":\"BreadcrumbList\",\"@id\":\"https:\/\/paracherkaoui.ma\/index.php\/produit\/martiderm-hair-system-anti-chute-shampoing-anti-sebum-200-ml\/#breadcrumb\",\"itemListElement\":[{\"@type\":\"ListItem\",\"position\":1,\"name\":\"Accueil\",\"item\":\"https:\/\/paracherkaoui.ma\/\"},{\"@type\":\"ListItem\",\"position\":2,\"name\":\"Boutique\",\"item\":\"https:\/\/paracherkaoui.ma\/index.php\/boutique\/\"},{\"@type\":\"ListItem\",\"position\":3,\"name\":\"MARTIDERM HAIR SYSTEM ANTI CHUTE SHAMPOING ANTI SEBUM 200 ML\"}]},{\"@type\":\"WebSite\",\"@id\":\"https:\/\/paracherkaoui.ma\/#website\",\"url\":\"https:\/\/paracherkaoui.ma\/\",\"name\":\"Paracherkaoui.ma\",\"description\":\"Achetez en ligne sur Paracherkaoui.ma\",\"potentialAction\":[{\"@type\":\"SearchAction\",\"target\":{\"@type\":\"EntryPoint\",\"urlTemplate\":\"https:\/\/paracherkaoui.ma\/?s={search_term_string}\"},\"query-input\":{\"@type\":\"PropertyValueSpecification\",\"valueRequired\":true,\"valueName\":\"search_term_string\"}}],\"inLanguage\":\"fr-FR\"}]}<\/script>\r\n<!-- \/ Yoast SEO plugin. -->","yoast_head_json":{"title":"MARTIDERM HAIR SYSTEM ANTI CHUTE SHAMPOING ANTI SEBUM 200 ML - Paracherkaoui.ma","robots":{"index":"index","follow":"follow","max-snippet":"max-snippet:-1","max-image-preview":"max-image-preview:large","max-video-preview":"max-video-preview:-1"},"canonical":"https:\/\/paracherkaoui.ma\/index.php\/produit\/martiderm-hair-system-anti-chute-shampoing-anti-sebum-200-ml\/","og_locale":"fr_FR","og_type":"article","og_title":"MARTIDERM HAIR SYSTEM ANTI CHUTE SHAMPOING ANTI SEBUM 200 ML - Paracherkaoui.ma","og_description":"Le shampooing antichute antis\u00e9borrh\u00e9ique est compl\u00e9mentaire des traitements antichute associ\u00e9s aux processus s\u00e9borrh\u00e9iques. Il a un effet s\u00e9bo-r\u00e9gulateur et k\u00e9ratolytique","og_url":"https:\/\/paracherkaoui.ma\/index.php\/produit\/martiderm-hair-system-anti-chute-shampoing-anti-sebum-200-ml\/","og_site_name":"Paracherkaoui.ma","article_modified_time":"2025-12-12T16:59:51+00:00","og_image":[{"width":700,"height":700,"url":"https:\/\/paracherkaoui.ma\/wp-content\/uploads\/2025\/12\/martiderm-martiderm-hair-system-anti-chute-shampoing-anti-sebum-200-ml-shampoing-cheveux-gras.jpg","type":"image\/jpeg"}],"twitter_card":"summary_large_image","twitter_misc":{"Dur\u00e9e de lecture estim\u00e9e":"1 minute"},"schema":{"@context":"https:\/\/schema.org","@graph":[{"@type":"WebPage","@id":"https:\/\/paracherkaoui.ma\/index.php\/produit\/martiderm-hair-system-anti-chute-shampoing-anti-sebum-200-ml\/","url":"https:\/\/paracherkaoui.ma\/index.php\/produit\/martiderm-hair-system-anti-chute-shampoing-anti-sebum-200-ml\/","name":"MARTIDERM HAIR SYSTEM ANTI CHUTE SHAMPOING ANTI SEBUM 200 ML - Paracherkaoui.ma","isPartOf":{"@id":"https:\/\/paracherkaoui.ma\/#website"},"primaryImageOfPage":{"@id":"https:\/\/paracherkaoui.ma\/index.php\/produit\/martiderm-hair-system-anti-chute-shampoing-anti-sebum-200-ml\/#primaryimage"},"image":{"@id":"https:\/\/paracherkaoui.ma\/index.php\/produit\/martiderm-hair-system-anti-chute-shampoing-anti-sebum-200-ml\/#primaryimage"},"thumbnailUrl":"https:\/\/paracherkaoui.ma\/wp-content\/uploads\/2025\/12\/martiderm-martiderm-hair-system-anti-chute-shampoing-anti-sebum-200-ml-shampoing-cheveux-gras.jpg","datePublished":"2025-12-12T16:59:44+00:00","dateModified":"2025-12-12T16:59:51+00:00","breadcrumb":{"@id":"https:\/\/paracherkaoui.ma\/index.php\/produit\/martiderm-hair-system-anti-chute-shampoing-anti-sebum-200-ml\/#breadcrumb"},"inLanguage":"fr-FR","potentialAction":[{"@type":"ReadAction","target":["https:\/\/paracherkaoui.ma\/index.php\/produit\/martiderm-hair-system-anti-chute-shampoing-anti-sebum-200-ml\/"]}]},{"@type":"ImageObject","inLanguage":"fr-FR","@id":"https:\/\/paracherkaoui.ma\/index.php\/produit\/martiderm-hair-system-anti-chute-shampoing-anti-sebum-200-ml\/#primaryimage","url":"https:\/\/paracherkaoui.ma\/wp-content\/uploads\/2025\/12\/martiderm-martiderm-hair-system-anti-chute-shampoing-anti-sebum-200-ml-shampoing-cheveux-gras.jpg","contentUrl":"https:\/\/paracherkaoui.ma\/wp-content\/uploads\/2025\/12\/martiderm-martiderm-hair-system-anti-chute-shampoing-anti-sebum-200-ml-shampoing-cheveux-gras.jpg","width":700,"height":700},{"@type":"BreadcrumbList","@id":"https:\/\/paracherkaoui.ma\/index.php\/produit\/martiderm-hair-system-anti-chute-shampoing-anti-sebum-200-ml\/#breadcrumb","itemListElement":[{"@type":"ListItem","position":1,"name":"Accueil","item":"https:\/\/paracherkaoui.ma\/"},{"@type":"ListItem","position":2,"name":"Boutique","item":"https:\/\/paracherkaoui.ma\/index.php\/boutique\/"},{"@type":"ListItem","position":3,"name":"MARTIDERM HAIR SYSTEM ANTI CHUTE SHAMPOING ANTI SEBUM 200 ML"}]},{"@type":"WebSite","@id":"https:\/\/paracherkaoui.ma\/#website","url":"https:\/\/paracherkaoui.ma\/","name":"Paracherkaoui.ma","description":"Achetez en ligne sur Paracherkaoui.ma","potentialAction":[{"@type":"SearchAction","target":{"@type":"EntryPoint","urlTemplate":"https:\/\/paracherkaoui.ma\/?s={search_term_string}"},"query-input":{"@type":"PropertyValueSpecification","valueRequired":true,"valueName":"search_term_string"}}],"inLanguage":"fr-FR"}]}},"_links":{"self":[{"href":"https:\/\/paracherkaoui.ma\/index.php\/wp-json\/wp\/v2\/product\/17592","targetHints":{"allow":["GET"]}}],"collection":[{"href":"https:\/\/paracherkaoui.ma\/index.php\/wp-json\/wp\/v2\/product"}],"about":[{"href":"https:\/\/paracherkaoui.ma\/index.php\/wp-json\/wp\/v2\/types\/product"}],"replies":[{"embeddable":true,"href":"https:\/\/paracherkaoui.ma\/index.php\/wp-json\/wp\/v2\/comments?post=17592"}],"version-history":[{"count":1,"href":"https:\/\/paracherkaoui.ma\/index.php\/wp-json\/wp\/v2\/product\/17592\/revisions"}],"predecessor-version":[{"id":17641,"href":"https:\/\/paracherkaoui.ma\/index.php\/wp-json\/wp\/v2\/product\/17592\/revisions\/17641"}],"wp:featuredmedia":[{"embeddable":true,"href":"https:\/\/paracherkaoui.ma\/index.php\/wp-json\/wp\/v2\/media\/17640"}],"wp:attachment":[{"href":"https:\/\/paracherkaoui.ma\/index.php\/wp-json\/wp\/v2\/media?parent=17592"}],"wp:term":[{"taxonomy":"product_brand","embeddable":true,"href":"https:\/\/paracherkaoui.ma\/index.php\/wp-json\/wp\/v2\/product_brand?post=17592"},{"taxonomy":"product_cat","embeddable":true,"href":"https:\/\/paracherkaoui.ma\/index.php\/wp-json\/wp\/v2\/product_cat?post=17592"},{"taxonomy":"product_tag","embeddable":true,"href":"https:\/\/paracherkaoui.ma\/index.php\/wp-json\/wp\/v2\/product_tag?post=17592"}],"curies":[{"name":"wp","href":"https:\/\/api.w.org\/{rel}","templated":true}]}}