{"id":17571,"date":"2025-12-12T17:59:43","date_gmt":"2025-12-12T16:59:43","guid":{"rendered":"https:\/\/test.ecbeaute.com\/?post_type=product&#038;p=17571"},"modified":"2025-12-12T17:59:45","modified_gmt":"2025-12-12T16:59:45","slug":"vichy-dercos-kera-solutions-shampoing-reconstituant-250-ml-2","status":"publish","type":"product","link":"https:\/\/paracherkaoui.ma\/index.php\/produit\/vichy-dercos-kera-solutions-shampoing-reconstituant-250-ml-2\/","title":{"rendered":"VICHY DERCOS KERA SOLUTIONS SHAMPOING RECONSTITUANT 250 ML"},"content":{"rendered":"<p>La k\u00e9ratine, constituant essentiel du cheveu, est souvent d\u00e9t\u00e9rior\u00e9e, rendant les cheveux ternes, cassants et r\u00eaches. Ce soin lavant r\u00e9pare la surface capillaire en comblant les br\u00e8ches et en lissant les cuticules, tout en nourrissant le cheveu sans l\u2019alourdir. R\u00e9sultat : la chevelure retrouve douceur, brillance et souplesse.<br \/>\nUtilis\u00e9 en duo avec le Masque 2 minutes Kera-Solutions, l\u2019efficacit\u00e9 est renforc\u00e9e : jusqu\u2019\u00e0 -60% de cheveux ab\u00eem\u00e9s d\u00e8s la premi\u00e8re application. Le shampooing offre \u00e9galement 48h de protection anti-humidit\u00e9 et une brillance multipli\u00e9e par 3.<br \/>\nSa texture onctueuse d\u00e9m\u00eale facilement les cheveux et facilite le coiffage, tout en laissant un parfum agr\u00e9able. Convient \u00e0 un usage fr\u00e9quent et \u00e0 tous les types de cheveux ab\u00eem\u00e9s.<br \/>\nConseils d\u2019utilisation<br \/>\nMouillez vos cheveux abondamment.<br \/>\nAppliquez le shampooing sur le cuir chevelu et la chevelure.<br \/>\nMassez doucement du bout des doigts pour activer la microcirculation.<br \/>\nRincez soigneusement jusqu\u2019\u00e0 ce que les cheveux crissent sous les doigts.<br \/>\nPour un soin complet, associez-le au masque Kera-Solutions.<br \/>\nComposition<br \/>\nAqua \/ Water, Sodium Laureth Sulfate, Cocamidopropyl Betaine, Dimethicone, Sodium Chloride, Parfum \/ Fragrance, Acetic Acid, Allantoin, Amodimethicone, Carbomer, CI 77891 \/ Titanium Dioxide, Citric Acid, Coco-Betaine, Cocos Nucifera Oil \/ Coconut Oil, Fumaric Acid, Glycol Distearate, Guar Hydroxypropyltrimonium Chloride, Hexylene Glycol, Hydrolyzed Corn Protein, Hydrolyzed Soy Protein, Hydrolyzed Wheat Protein, Mica, PEG-100 Stearate, Phenoxyethanol, Salicylic Acid, Sodium Benzoate, Sodium Hydroxide, Steareth-6, Trideceth-10, Trideceth-3<\/p>\n","protected":false},"excerpt":{"rendered":"<p>La k\u00e9ratine, constituant essentiel du cheveu, est souvent d\u00e9t\u00e9rior\u00e9e, rendant les cheveux ternes, cassants et r\u00eaches. Ce soin lavant r\u00e9pare<\/p>\n","protected":false},"featured_media":10993,"comment_status":"open","ping_status":"closed","template":"","meta":[],"product_brand":[144],"product_cat":[316],"product_tag":[],"class_list":{"0":"post-17571","1":"product","2":"type-product","3":"status-publish","4":"has-post-thumbnail","6":"product_brand-dercos","7":"product_cat-shampoings-soins-des-cheveux-cheveux","9":"first","10":"instock","11":"sale","12":"shipping-taxable","13":"purchasable","14":"product-type-simple"},"yoast_head":"<!-- This site is optimized with the Yoast SEO plugin v26.6 - https:\/\/yoast.com\/wordpress\/plugins\/seo\/ -->\r\n<title>VICHY DERCOS KERA SOLUTIONS SHAMPOING RECONSTITUANT 250 ML - Paracherkaoui.ma<\/title>\r\n<meta name=\"robots\" content=\"index, follow, max-snippet:-1, max-image-preview:large, max-video-preview:-1\" \/>\r\n<link rel=\"canonical\" href=\"https:\/\/paracherkaoui.ma\/index.php\/produit\/vichy-dercos-kera-solutions-shampoing-reconstituant-250-ml-2\/\" \/>\r\n<meta property=\"og:locale\" content=\"fr_FR\" \/>\r\n<meta property=\"og:type\" content=\"article\" \/>\r\n<meta property=\"og:title\" content=\"VICHY DERCOS KERA SOLUTIONS SHAMPOING RECONSTITUANT 250 ML - Paracherkaoui.ma\" \/>\r\n<meta property=\"og:description\" content=\"La k\u00e9ratine, constituant essentiel du cheveu, est souvent d\u00e9t\u00e9rior\u00e9e, rendant les cheveux ternes, cassants et r\u00eaches. Ce soin lavant r\u00e9pare\" \/>\r\n<meta property=\"og:url\" content=\"https:\/\/paracherkaoui.ma\/index.php\/produit\/vichy-dercos-kera-solutions-shampoing-reconstituant-250-ml-2\/\" \/>\r\n<meta property=\"og:site_name\" content=\"Paracherkaoui.ma\" \/>\r\n<meta property=\"article:modified_time\" content=\"2025-12-12T16:59:45+00:00\" \/>\r\n<meta property=\"og:image\" content=\"https:\/\/paracherkaoui.ma\/wp-content\/uploads\/2025\/12\/dercos-vichy-dercos-kera-solutions-shampoing-reconstituant-250-ml-shampoing-cheveux-colores.jpg\" \/>\r\n\t<meta property=\"og:image:width\" content=\"700\" \/>\r\n\t<meta property=\"og:image:height\" content=\"700\" \/>\r\n\t<meta property=\"og:image:type\" content=\"image\/jpeg\" \/>\r\n<meta name=\"twitter:card\" content=\"summary_large_image\" \/>\r\n<meta name=\"twitter:label1\" content=\"Dur\u00e9e de lecture estim\u00e9e\" \/>\n\t<meta name=\"twitter:data1\" content=\"1 minute\" \/>\r\n<script type=\"application\/ld+json\" class=\"yoast-schema-graph\">{\"@context\":\"https:\/\/schema.org\",\"@graph\":[{\"@type\":\"WebPage\",\"@id\":\"https:\/\/paracherkaoui.ma\/index.php\/produit\/vichy-dercos-kera-solutions-shampoing-reconstituant-250-ml-2\/\",\"url\":\"https:\/\/paracherkaoui.ma\/index.php\/produit\/vichy-dercos-kera-solutions-shampoing-reconstituant-250-ml-2\/\",\"name\":\"VICHY DERCOS KERA SOLUTIONS SHAMPOING RECONSTITUANT 250 ML - Paracherkaoui.ma\",\"isPartOf\":{\"@id\":\"https:\/\/paracherkaoui.ma\/#website\"},\"primaryImageOfPage\":{\"@id\":\"https:\/\/paracherkaoui.ma\/index.php\/produit\/vichy-dercos-kera-solutions-shampoing-reconstituant-250-ml-2\/#primaryimage\"},\"image\":{\"@id\":\"https:\/\/paracherkaoui.ma\/index.php\/produit\/vichy-dercos-kera-solutions-shampoing-reconstituant-250-ml-2\/#primaryimage\"},\"thumbnailUrl\":\"https:\/\/paracherkaoui.ma\/wp-content\/uploads\/2025\/12\/dercos-vichy-dercos-kera-solutions-shampoing-reconstituant-250-ml-shampoing-cheveux-colores.jpg\",\"datePublished\":\"2025-12-12T16:59:43+00:00\",\"dateModified\":\"2025-12-12T16:59:45+00:00\",\"breadcrumb\":{\"@id\":\"https:\/\/paracherkaoui.ma\/index.php\/produit\/vichy-dercos-kera-solutions-shampoing-reconstituant-250-ml-2\/#breadcrumb\"},\"inLanguage\":\"fr-FR\",\"potentialAction\":[{\"@type\":\"ReadAction\",\"target\":[\"https:\/\/paracherkaoui.ma\/index.php\/produit\/vichy-dercos-kera-solutions-shampoing-reconstituant-250-ml-2\/\"]}]},{\"@type\":\"ImageObject\",\"inLanguage\":\"fr-FR\",\"@id\":\"https:\/\/paracherkaoui.ma\/index.php\/produit\/vichy-dercos-kera-solutions-shampoing-reconstituant-250-ml-2\/#primaryimage\",\"url\":\"https:\/\/paracherkaoui.ma\/wp-content\/uploads\/2025\/12\/dercos-vichy-dercos-kera-solutions-shampoing-reconstituant-250-ml-shampoing-cheveux-colores.jpg\",\"contentUrl\":\"https:\/\/paracherkaoui.ma\/wp-content\/uploads\/2025\/12\/dercos-vichy-dercos-kera-solutions-shampoing-reconstituant-250-ml-shampoing-cheveux-colores.jpg\",\"width\":700,\"height\":700},{\"@type\":\"BreadcrumbList\",\"@id\":\"https:\/\/paracherkaoui.ma\/index.php\/produit\/vichy-dercos-kera-solutions-shampoing-reconstituant-250-ml-2\/#breadcrumb\",\"itemListElement\":[{\"@type\":\"ListItem\",\"position\":1,\"name\":\"Accueil\",\"item\":\"https:\/\/paracherkaoui.ma\/\"},{\"@type\":\"ListItem\",\"position\":2,\"name\":\"Boutique\",\"item\":\"https:\/\/paracherkaoui.ma\/index.php\/boutique\/\"},{\"@type\":\"ListItem\",\"position\":3,\"name\":\"VICHY DERCOS KERA SOLUTIONS SHAMPOING RECONSTITUANT 250 ML\"}]},{\"@type\":\"WebSite\",\"@id\":\"https:\/\/paracherkaoui.ma\/#website\",\"url\":\"https:\/\/paracherkaoui.ma\/\",\"name\":\"Paracherkaoui.ma\",\"description\":\"Achetez en ligne sur Paracherkaoui.ma\",\"potentialAction\":[{\"@type\":\"SearchAction\",\"target\":{\"@type\":\"EntryPoint\",\"urlTemplate\":\"https:\/\/paracherkaoui.ma\/?s={search_term_string}\"},\"query-input\":{\"@type\":\"PropertyValueSpecification\",\"valueRequired\":true,\"valueName\":\"search_term_string\"}}],\"inLanguage\":\"fr-FR\"}]}<\/script>\r\n<!-- \/ Yoast SEO plugin. -->","yoast_head_json":{"title":"VICHY DERCOS KERA SOLUTIONS SHAMPOING RECONSTITUANT 250 ML - Paracherkaoui.ma","robots":{"index":"index","follow":"follow","max-snippet":"max-snippet:-1","max-image-preview":"max-image-preview:large","max-video-preview":"max-video-preview:-1"},"canonical":"https:\/\/paracherkaoui.ma\/index.php\/produit\/vichy-dercos-kera-solutions-shampoing-reconstituant-250-ml-2\/","og_locale":"fr_FR","og_type":"article","og_title":"VICHY DERCOS KERA SOLUTIONS SHAMPOING RECONSTITUANT 250 ML - Paracherkaoui.ma","og_description":"La k\u00e9ratine, constituant essentiel du cheveu, est souvent d\u00e9t\u00e9rior\u00e9e, rendant les cheveux ternes, cassants et r\u00eaches. Ce soin lavant r\u00e9pare","og_url":"https:\/\/paracherkaoui.ma\/index.php\/produit\/vichy-dercos-kera-solutions-shampoing-reconstituant-250-ml-2\/","og_site_name":"Paracherkaoui.ma","article_modified_time":"2025-12-12T16:59:45+00:00","og_image":[{"width":700,"height":700,"url":"https:\/\/paracherkaoui.ma\/wp-content\/uploads\/2025\/12\/dercos-vichy-dercos-kera-solutions-shampoing-reconstituant-250-ml-shampoing-cheveux-colores.jpg","type":"image\/jpeg"}],"twitter_card":"summary_large_image","twitter_misc":{"Dur\u00e9e de lecture estim\u00e9e":"1 minute"},"schema":{"@context":"https:\/\/schema.org","@graph":[{"@type":"WebPage","@id":"https:\/\/paracherkaoui.ma\/index.php\/produit\/vichy-dercos-kera-solutions-shampoing-reconstituant-250-ml-2\/","url":"https:\/\/paracherkaoui.ma\/index.php\/produit\/vichy-dercos-kera-solutions-shampoing-reconstituant-250-ml-2\/","name":"VICHY DERCOS KERA SOLUTIONS SHAMPOING RECONSTITUANT 250 ML - Paracherkaoui.ma","isPartOf":{"@id":"https:\/\/paracherkaoui.ma\/#website"},"primaryImageOfPage":{"@id":"https:\/\/paracherkaoui.ma\/index.php\/produit\/vichy-dercos-kera-solutions-shampoing-reconstituant-250-ml-2\/#primaryimage"},"image":{"@id":"https:\/\/paracherkaoui.ma\/index.php\/produit\/vichy-dercos-kera-solutions-shampoing-reconstituant-250-ml-2\/#primaryimage"},"thumbnailUrl":"https:\/\/paracherkaoui.ma\/wp-content\/uploads\/2025\/12\/dercos-vichy-dercos-kera-solutions-shampoing-reconstituant-250-ml-shampoing-cheveux-colores.jpg","datePublished":"2025-12-12T16:59:43+00:00","dateModified":"2025-12-12T16:59:45+00:00","breadcrumb":{"@id":"https:\/\/paracherkaoui.ma\/index.php\/produit\/vichy-dercos-kera-solutions-shampoing-reconstituant-250-ml-2\/#breadcrumb"},"inLanguage":"fr-FR","potentialAction":[{"@type":"ReadAction","target":["https:\/\/paracherkaoui.ma\/index.php\/produit\/vichy-dercos-kera-solutions-shampoing-reconstituant-250-ml-2\/"]}]},{"@type":"ImageObject","inLanguage":"fr-FR","@id":"https:\/\/paracherkaoui.ma\/index.php\/produit\/vichy-dercos-kera-solutions-shampoing-reconstituant-250-ml-2\/#primaryimage","url":"https:\/\/paracherkaoui.ma\/wp-content\/uploads\/2025\/12\/dercos-vichy-dercos-kera-solutions-shampoing-reconstituant-250-ml-shampoing-cheveux-colores.jpg","contentUrl":"https:\/\/paracherkaoui.ma\/wp-content\/uploads\/2025\/12\/dercos-vichy-dercos-kera-solutions-shampoing-reconstituant-250-ml-shampoing-cheveux-colores.jpg","width":700,"height":700},{"@type":"BreadcrumbList","@id":"https:\/\/paracherkaoui.ma\/index.php\/produit\/vichy-dercos-kera-solutions-shampoing-reconstituant-250-ml-2\/#breadcrumb","itemListElement":[{"@type":"ListItem","position":1,"name":"Accueil","item":"https:\/\/paracherkaoui.ma\/"},{"@type":"ListItem","position":2,"name":"Boutique","item":"https:\/\/paracherkaoui.ma\/index.php\/boutique\/"},{"@type":"ListItem","position":3,"name":"VICHY DERCOS KERA SOLUTIONS SHAMPOING RECONSTITUANT 250 ML"}]},{"@type":"WebSite","@id":"https:\/\/paracherkaoui.ma\/#website","url":"https:\/\/paracherkaoui.ma\/","name":"Paracherkaoui.ma","description":"Achetez en ligne sur Paracherkaoui.ma","potentialAction":[{"@type":"SearchAction","target":{"@type":"EntryPoint","urlTemplate":"https:\/\/paracherkaoui.ma\/?s={search_term_string}"},"query-input":{"@type":"PropertyValueSpecification","valueRequired":true,"valueName":"search_term_string"}}],"inLanguage":"fr-FR"}]}},"_links":{"self":[{"href":"https:\/\/paracherkaoui.ma\/index.php\/wp-json\/wp\/v2\/product\/17571","targetHints":{"allow":["GET"]}}],"collection":[{"href":"https:\/\/paracherkaoui.ma\/index.php\/wp-json\/wp\/v2\/product"}],"about":[{"href":"https:\/\/paracherkaoui.ma\/index.php\/wp-json\/wp\/v2\/types\/product"}],"replies":[{"embeddable":true,"href":"https:\/\/paracherkaoui.ma\/index.php\/wp-json\/wp\/v2\/comments?post=17571"}],"version-history":[{"count":1,"href":"https:\/\/paracherkaoui.ma\/index.php\/wp-json\/wp\/v2\/product\/17571\/revisions"}],"predecessor-version":[{"id":17605,"href":"https:\/\/paracherkaoui.ma\/index.php\/wp-json\/wp\/v2\/product\/17571\/revisions\/17605"}],"wp:featuredmedia":[{"embeddable":true,"href":"https:\/\/paracherkaoui.ma\/index.php\/wp-json\/wp\/v2\/media\/10993"}],"wp:attachment":[{"href":"https:\/\/paracherkaoui.ma\/index.php\/wp-json\/wp\/v2\/media?parent=17571"}],"wp:term":[{"taxonomy":"product_brand","embeddable":true,"href":"https:\/\/paracherkaoui.ma\/index.php\/wp-json\/wp\/v2\/product_brand?post=17571"},{"taxonomy":"product_cat","embeddable":true,"href":"https:\/\/paracherkaoui.ma\/index.php\/wp-json\/wp\/v2\/product_cat?post=17571"},{"taxonomy":"product_tag","embeddable":true,"href":"https:\/\/paracherkaoui.ma\/index.php\/wp-json\/wp\/v2\/product_tag?post=17571"}],"curies":[{"name":"wp","href":"https:\/\/api.w.org\/{rel}","templated":true}]}}