{"id":17511,"date":"2025-12-12T17:59:38","date_gmt":"2025-12-12T16:59:38","guid":{"rendered":"https:\/\/test.ecbeaute.com\/?post_type=product&#038;p=17511"},"modified":"2025-12-12T17:59:42","modified_gmt":"2025-12-12T16:59:42","slug":"caditar-shampooing-antiseborrheique150-ml","status":"publish","type":"product","link":"https:\/\/paracherkaoui.ma\/index.php\/produit\/caditar-shampooing-antiseborrheique150-ml\/","title":{"rendered":"CADITAR SHAMPOOING ANTISEBORRHEIQUE150 ML"},"content":{"rendered":"<p>Caditar shampoing antis\u00e9borrh\u00e9ique \u00e0 fait l\u2019objet d\u2019\u00e9tudes cliniques montrant une efficacit\u00e9 prouv\u00e9e dans le soulagement des d\u00e9mangeaisons, la purification et l\u2019assainissement du cuir chevelu. Caditar antis\u00e9borrh\u00e9ique est prescrit par les dermatologues comme adjuvant des traitements du psoriasis ainsi que pour soulager les d\u00e9mangeaisons.<br \/>\nLes huiles essentielles de Melaleuca Alternifolia de juniperus oxycedrus (cade) renferm\u00e9es dans le shampoing Caditar lui conf\u00e8rent des propri\u00e9t\u00e9s antis\u00e9borrh\u00e9iques et anti-pelliculaires. Ces deux extraits naturels hautement purifi\u00e9s, conf\u00e8rent au Shampoing Caditar une action nettoyante douce.<br \/>\nCe shampoing a fait l\u2019objet d\u2019une \u00e9tude clinique in vivo ayant d\u00e9montr\u00e9 son efficacit\u00e9*:<br \/>\nR\u00e9duction de 52% du taux de s\u00e9bum<br \/>\nSoulage imm\u00e9diatement et durablement des d\u00e9mangeaisons dans 92% des cas<br \/>\nLe produit pr\u00e9vient la r\u00e9apparition de pellicules dans 90% des cas<br \/>\ncheveux sont purifi\u00e9s \u00e0 la racine dans 100% des cas<br \/>\nLes pellicules sont \u00e9limin\u00e9es dans 85% des cas<br \/>\nPar ailleurs, la base lavante douce du Shampoing Caditar, le rend parfaitement bien tol\u00e9r\u00e9 et laisse les cheveux souples, doux et faciles \u00e0 coiffer.<\/p>\n","protected":false},"excerpt":{"rendered":"<p>Caditar shampoing antis\u00e9borrh\u00e9ique \u00e0 fait l\u2019objet d\u2019\u00e9tudes cliniques montrant une efficacit\u00e9 prouv\u00e9e dans le soulagement des d\u00e9mangeaisons, la purification et<\/p>\n","protected":false},"featured_media":17563,"comment_status":"open","ping_status":"closed","template":"","meta":[],"product_brand":[265],"product_cat":[316],"product_tag":[],"class_list":{"0":"post-17511","1":"product","2":"type-product","3":"status-publish","4":"has-post-thumbnail","6":"product_brand-caditar","7":"product_cat-shampoings-soins-des-cheveux-cheveux","9":"first","10":"instock","11":"sale","12":"shipping-taxable","13":"purchasable","14":"product-type-simple"},"yoast_head":"<!-- This site is optimized with the Yoast SEO plugin v26.6 - https:\/\/yoast.com\/wordpress\/plugins\/seo\/ -->\r\n<title>CADITAR SHAMPOOING ANTISEBORRHEIQUE150 ML - Paracherkaoui.ma<\/title>\r\n<meta name=\"robots\" content=\"index, follow, max-snippet:-1, max-image-preview:large, max-video-preview:-1\" \/>\r\n<link rel=\"canonical\" href=\"https:\/\/paracherkaoui.ma\/index.php\/produit\/caditar-shampooing-antiseborrheique150-ml\/\" \/>\r\n<meta property=\"og:locale\" content=\"fr_FR\" \/>\r\n<meta property=\"og:type\" content=\"article\" \/>\r\n<meta property=\"og:title\" content=\"CADITAR SHAMPOOING ANTISEBORRHEIQUE150 ML - Paracherkaoui.ma\" \/>\r\n<meta property=\"og:description\" content=\"Caditar shampoing antis\u00e9borrh\u00e9ique \u00e0 fait l\u2019objet d\u2019\u00e9tudes cliniques montrant une efficacit\u00e9 prouv\u00e9e dans le soulagement des d\u00e9mangeaisons, la purification et\" \/>\r\n<meta property=\"og:url\" content=\"https:\/\/paracherkaoui.ma\/index.php\/produit\/caditar-shampooing-antiseborrheique150-ml\/\" \/>\r\n<meta property=\"og:site_name\" content=\"Paracherkaoui.ma\" \/>\r\n<meta property=\"article:modified_time\" content=\"2025-12-12T16:59:42+00:00\" \/>\r\n<meta property=\"og:image\" content=\"https:\/\/paracherkaoui.ma\/wp-content\/uploads\/2025\/12\/caditar-caditar-shampooing-antiseborrheique150-ml-shampoings-anti-pelliculaires.jpg\" \/>\r\n\t<meta property=\"og:image:width\" content=\"700\" \/>\r\n\t<meta property=\"og:image:height\" content=\"700\" \/>\r\n\t<meta property=\"og:image:type\" content=\"image\/jpeg\" \/>\r\n<meta name=\"twitter:card\" content=\"summary_large_image\" \/>\r\n<meta name=\"twitter:label1\" content=\"Dur\u00e9e de lecture estim\u00e9e\" \/>\n\t<meta name=\"twitter:data1\" content=\"1 minute\" \/>\r\n<script type=\"application\/ld+json\" class=\"yoast-schema-graph\">{\"@context\":\"https:\/\/schema.org\",\"@graph\":[{\"@type\":\"WebPage\",\"@id\":\"https:\/\/paracherkaoui.ma\/index.php\/produit\/caditar-shampooing-antiseborrheique150-ml\/\",\"url\":\"https:\/\/paracherkaoui.ma\/index.php\/produit\/caditar-shampooing-antiseborrheique150-ml\/\",\"name\":\"CADITAR SHAMPOOING ANTISEBORRHEIQUE150 ML - Paracherkaoui.ma\",\"isPartOf\":{\"@id\":\"https:\/\/paracherkaoui.ma\/#website\"},\"primaryImageOfPage\":{\"@id\":\"https:\/\/paracherkaoui.ma\/index.php\/produit\/caditar-shampooing-antiseborrheique150-ml\/#primaryimage\"},\"image\":{\"@id\":\"https:\/\/paracherkaoui.ma\/index.php\/produit\/caditar-shampooing-antiseborrheique150-ml\/#primaryimage\"},\"thumbnailUrl\":\"https:\/\/paracherkaoui.ma\/wp-content\/uploads\/2025\/12\/caditar-caditar-shampooing-antiseborrheique150-ml-shampoings-anti-pelliculaires.jpg\",\"datePublished\":\"2025-12-12T16:59:38+00:00\",\"dateModified\":\"2025-12-12T16:59:42+00:00\",\"breadcrumb\":{\"@id\":\"https:\/\/paracherkaoui.ma\/index.php\/produit\/caditar-shampooing-antiseborrheique150-ml\/#breadcrumb\"},\"inLanguage\":\"fr-FR\",\"potentialAction\":[{\"@type\":\"ReadAction\",\"target\":[\"https:\/\/paracherkaoui.ma\/index.php\/produit\/caditar-shampooing-antiseborrheique150-ml\/\"]}]},{\"@type\":\"ImageObject\",\"inLanguage\":\"fr-FR\",\"@id\":\"https:\/\/paracherkaoui.ma\/index.php\/produit\/caditar-shampooing-antiseborrheique150-ml\/#primaryimage\",\"url\":\"https:\/\/paracherkaoui.ma\/wp-content\/uploads\/2025\/12\/caditar-caditar-shampooing-antiseborrheique150-ml-shampoings-anti-pelliculaires.jpg\",\"contentUrl\":\"https:\/\/paracherkaoui.ma\/wp-content\/uploads\/2025\/12\/caditar-caditar-shampooing-antiseborrheique150-ml-shampoings-anti-pelliculaires.jpg\",\"width\":700,\"height\":700},{\"@type\":\"BreadcrumbList\",\"@id\":\"https:\/\/paracherkaoui.ma\/index.php\/produit\/caditar-shampooing-antiseborrheique150-ml\/#breadcrumb\",\"itemListElement\":[{\"@type\":\"ListItem\",\"position\":1,\"name\":\"Accueil\",\"item\":\"https:\/\/paracherkaoui.ma\/\"},{\"@type\":\"ListItem\",\"position\":2,\"name\":\"Boutique\",\"item\":\"https:\/\/paracherkaoui.ma\/index.php\/boutique\/\"},{\"@type\":\"ListItem\",\"position\":3,\"name\":\"CADITAR SHAMPOOING ANTISEBORRHEIQUE150 ML\"}]},{\"@type\":\"WebSite\",\"@id\":\"https:\/\/paracherkaoui.ma\/#website\",\"url\":\"https:\/\/paracherkaoui.ma\/\",\"name\":\"Paracherkaoui.ma\",\"description\":\"Achetez en ligne sur Paracherkaoui.ma\",\"potentialAction\":[{\"@type\":\"SearchAction\",\"target\":{\"@type\":\"EntryPoint\",\"urlTemplate\":\"https:\/\/paracherkaoui.ma\/?s={search_term_string}\"},\"query-input\":{\"@type\":\"PropertyValueSpecification\",\"valueRequired\":true,\"valueName\":\"search_term_string\"}}],\"inLanguage\":\"fr-FR\"}]}<\/script>\r\n<!-- \/ Yoast SEO plugin. -->","yoast_head_json":{"title":"CADITAR SHAMPOOING ANTISEBORRHEIQUE150 ML - Paracherkaoui.ma","robots":{"index":"index","follow":"follow","max-snippet":"max-snippet:-1","max-image-preview":"max-image-preview:large","max-video-preview":"max-video-preview:-1"},"canonical":"https:\/\/paracherkaoui.ma\/index.php\/produit\/caditar-shampooing-antiseborrheique150-ml\/","og_locale":"fr_FR","og_type":"article","og_title":"CADITAR SHAMPOOING ANTISEBORRHEIQUE150 ML - Paracherkaoui.ma","og_description":"Caditar shampoing antis\u00e9borrh\u00e9ique \u00e0 fait l\u2019objet d\u2019\u00e9tudes cliniques montrant une efficacit\u00e9 prouv\u00e9e dans le soulagement des d\u00e9mangeaisons, la purification et","og_url":"https:\/\/paracherkaoui.ma\/index.php\/produit\/caditar-shampooing-antiseborrheique150-ml\/","og_site_name":"Paracherkaoui.ma","article_modified_time":"2025-12-12T16:59:42+00:00","og_image":[{"width":700,"height":700,"url":"https:\/\/paracherkaoui.ma\/wp-content\/uploads\/2025\/12\/caditar-caditar-shampooing-antiseborrheique150-ml-shampoings-anti-pelliculaires.jpg","type":"image\/jpeg"}],"twitter_card":"summary_large_image","twitter_misc":{"Dur\u00e9e de lecture estim\u00e9e":"1 minute"},"schema":{"@context":"https:\/\/schema.org","@graph":[{"@type":"WebPage","@id":"https:\/\/paracherkaoui.ma\/index.php\/produit\/caditar-shampooing-antiseborrheique150-ml\/","url":"https:\/\/paracherkaoui.ma\/index.php\/produit\/caditar-shampooing-antiseborrheique150-ml\/","name":"CADITAR SHAMPOOING ANTISEBORRHEIQUE150 ML - Paracherkaoui.ma","isPartOf":{"@id":"https:\/\/paracherkaoui.ma\/#website"},"primaryImageOfPage":{"@id":"https:\/\/paracherkaoui.ma\/index.php\/produit\/caditar-shampooing-antiseborrheique150-ml\/#primaryimage"},"image":{"@id":"https:\/\/paracherkaoui.ma\/index.php\/produit\/caditar-shampooing-antiseborrheique150-ml\/#primaryimage"},"thumbnailUrl":"https:\/\/paracherkaoui.ma\/wp-content\/uploads\/2025\/12\/caditar-caditar-shampooing-antiseborrheique150-ml-shampoings-anti-pelliculaires.jpg","datePublished":"2025-12-12T16:59:38+00:00","dateModified":"2025-12-12T16:59:42+00:00","breadcrumb":{"@id":"https:\/\/paracherkaoui.ma\/index.php\/produit\/caditar-shampooing-antiseborrheique150-ml\/#breadcrumb"},"inLanguage":"fr-FR","potentialAction":[{"@type":"ReadAction","target":["https:\/\/paracherkaoui.ma\/index.php\/produit\/caditar-shampooing-antiseborrheique150-ml\/"]}]},{"@type":"ImageObject","inLanguage":"fr-FR","@id":"https:\/\/paracherkaoui.ma\/index.php\/produit\/caditar-shampooing-antiseborrheique150-ml\/#primaryimage","url":"https:\/\/paracherkaoui.ma\/wp-content\/uploads\/2025\/12\/caditar-caditar-shampooing-antiseborrheique150-ml-shampoings-anti-pelliculaires.jpg","contentUrl":"https:\/\/paracherkaoui.ma\/wp-content\/uploads\/2025\/12\/caditar-caditar-shampooing-antiseborrheique150-ml-shampoings-anti-pelliculaires.jpg","width":700,"height":700},{"@type":"BreadcrumbList","@id":"https:\/\/paracherkaoui.ma\/index.php\/produit\/caditar-shampooing-antiseborrheique150-ml\/#breadcrumb","itemListElement":[{"@type":"ListItem","position":1,"name":"Accueil","item":"https:\/\/paracherkaoui.ma\/"},{"@type":"ListItem","position":2,"name":"Boutique","item":"https:\/\/paracherkaoui.ma\/index.php\/boutique\/"},{"@type":"ListItem","position":3,"name":"CADITAR SHAMPOOING ANTISEBORRHEIQUE150 ML"}]},{"@type":"WebSite","@id":"https:\/\/paracherkaoui.ma\/#website","url":"https:\/\/paracherkaoui.ma\/","name":"Paracherkaoui.ma","description":"Achetez en ligne sur Paracherkaoui.ma","potentialAction":[{"@type":"SearchAction","target":{"@type":"EntryPoint","urlTemplate":"https:\/\/paracherkaoui.ma\/?s={search_term_string}"},"query-input":{"@type":"PropertyValueSpecification","valueRequired":true,"valueName":"search_term_string"}}],"inLanguage":"fr-FR"}]}},"_links":{"self":[{"href":"https:\/\/paracherkaoui.ma\/index.php\/wp-json\/wp\/v2\/product\/17511","targetHints":{"allow":["GET"]}}],"collection":[{"href":"https:\/\/paracherkaoui.ma\/index.php\/wp-json\/wp\/v2\/product"}],"about":[{"href":"https:\/\/paracherkaoui.ma\/index.php\/wp-json\/wp\/v2\/types\/product"}],"replies":[{"embeddable":true,"href":"https:\/\/paracherkaoui.ma\/index.php\/wp-json\/wp\/v2\/comments?post=17511"}],"version-history":[{"count":1,"href":"https:\/\/paracherkaoui.ma\/index.php\/wp-json\/wp\/v2\/product\/17511\/revisions"}],"predecessor-version":[{"id":17564,"href":"https:\/\/paracherkaoui.ma\/index.php\/wp-json\/wp\/v2\/product\/17511\/revisions\/17564"}],"wp:featuredmedia":[{"embeddable":true,"href":"https:\/\/paracherkaoui.ma\/index.php\/wp-json\/wp\/v2\/media\/17563"}],"wp:attachment":[{"href":"https:\/\/paracherkaoui.ma\/index.php\/wp-json\/wp\/v2\/media?parent=17511"}],"wp:term":[{"taxonomy":"product_brand","embeddable":true,"href":"https:\/\/paracherkaoui.ma\/index.php\/wp-json\/wp\/v2\/product_brand?post=17511"},{"taxonomy":"product_cat","embeddable":true,"href":"https:\/\/paracherkaoui.ma\/index.php\/wp-json\/wp\/v2\/product_cat?post=17511"},{"taxonomy":"product_tag","embeddable":true,"href":"https:\/\/paracherkaoui.ma\/index.php\/wp-json\/wp\/v2\/product_tag?post=17511"}],"curies":[{"name":"wp","href":"https:\/\/api.w.org\/{rel}","templated":true}]}}