{"id":17504,"date":"2025-12-12T17:59:37","date_gmt":"2025-12-12T16:59:37","guid":{"rendered":"https:\/\/test.ecbeaute.com\/?post_type=product&#038;p=17504"},"modified":"2025-12-12T17:59:41","modified_gmt":"2025-12-12T16:59:41","slug":"acm-novophane-k-shampoing-antipelliculaire-squames-severes-125ml-2","status":"publish","type":"product","link":"https:\/\/paracherkaoui.ma\/index.php\/produit\/acm-novophane-k-shampoing-antipelliculaire-squames-severes-125ml-2\/","title":{"rendered":"ACM NOVOPHANE K SHAMPOING ANTIPELLICULAIRE SQUAMES SEVERES 125ML"},"content":{"rendered":"<p>Le shampooing antipelliculaire squames s\u00e9v\u00e8res Novophane K du laboratoire ACM est un soin capillaire recommand\u00e9 en cas d\u2019\u00e9tats pelliculaires avanc\u00e9s se manifestant par des pellicules rebelles accompagn\u00e9es de d\u00e9mangeaisons et de rougeurs du cuir chevelu. Ce shampooing permet de nettoyer efficacement le cuir chevelu, d\u2019\u00e9liminer les pellicules et d\u2019apaiser les signes d\u2019inconfort tout en pr\u00e9venant leur r\u00e9apparition.Comme de nombreux shampooings antipelliculaires, Novophane K contient du zinc pyrithione, de la piroctone olamine et de l\u2019acide salicylique. Ces actifs poss\u00e8dent des propri\u00e9t\u00e9s antifongiques, antiprolif\u00e9ratives et anti-inflammatoires. Ils vont limiter le d\u00e9veloppement et la prolif\u00e9ration du champignon Malassezia, responsable des pellicules, et \u00e9liminer les squames. On retrouve \u00e9galement dans la composition de ce shampooing antipelliculaire de l\u2019huile essentielle de cade, r\u00e9put\u00e9e pour \u00e9viter la r\u00e9cidive des pellicules.<br \/>\nConseils d&rsquo;utilisation:<br \/>\nUtilis\u00e9 en phase d\u2019attaque ou d\u2019entretien, le shampooing antipelliculaire squames s\u00e9v\u00e8res Novophane K ACM laisse les cheveux parfaitement nettoy\u00e9s, un cuir chevelu assaini et une chevelure en pleine sant\u00e9.Pr\u00e9lever une noix de shampooing dans le creux de la main et appliquer sur les cheveux pr\u00e9alablement humidifi\u00e9s. Faire mousser et masser le cuir chevelu du bout des doigts. Laisser agir quelques minutes ou selon la prescription m\u00e9dicale. Rincer soigneusement.<\/p>\n","protected":false},"excerpt":{"rendered":"<p>Le shampooing antipelliculaire squames s\u00e9v\u00e8res Novophane K du laboratoire ACM est un soin capillaire recommand\u00e9 en cas d\u2019\u00e9tats pelliculaires avanc\u00e9s<\/p>\n","protected":false},"featured_media":10899,"comment_status":"open","ping_status":"closed","template":"","meta":[],"product_brand":[142],"product_cat":[316],"product_tag":[],"class_list":{"0":"post-17504","1":"product","2":"type-product","3":"status-publish","4":"has-post-thumbnail","6":"product_brand-acm","7":"product_cat-shampoings-soins-des-cheveux-cheveux","9":"first","10":"instock","11":"sale","12":"shipping-taxable","13":"purchasable","14":"product-type-simple"},"yoast_head":"<!-- This site is optimized with the Yoast SEO plugin v26.6 - https:\/\/yoast.com\/wordpress\/plugins\/seo\/ -->\r\n<title>ACM NOVOPHANE K SHAMPOING ANTIPELLICULAIRE SQUAMES SEVERES 125ML - Paracherkaoui.ma<\/title>\r\n<meta name=\"robots\" content=\"index, follow, max-snippet:-1, max-image-preview:large, max-video-preview:-1\" \/>\r\n<link rel=\"canonical\" href=\"https:\/\/paracherkaoui.ma\/index.php\/produit\/acm-novophane-k-shampoing-antipelliculaire-squames-severes-125ml-2\/\" \/>\r\n<meta property=\"og:locale\" content=\"fr_FR\" \/>\r\n<meta property=\"og:type\" content=\"article\" \/>\r\n<meta property=\"og:title\" content=\"ACM NOVOPHANE K SHAMPOING ANTIPELLICULAIRE SQUAMES SEVERES 125ML - Paracherkaoui.ma\" \/>\r\n<meta property=\"og:description\" content=\"Le shampooing antipelliculaire squames s\u00e9v\u00e8res Novophane K du laboratoire ACM est un soin capillaire recommand\u00e9 en cas d\u2019\u00e9tats pelliculaires avanc\u00e9s\" \/>\r\n<meta property=\"og:url\" content=\"https:\/\/paracherkaoui.ma\/index.php\/produit\/acm-novophane-k-shampoing-antipelliculaire-squames-severes-125ml-2\/\" \/>\r\n<meta property=\"og:site_name\" content=\"Paracherkaoui.ma\" \/>\r\n<meta property=\"article:modified_time\" content=\"2025-12-12T16:59:41+00:00\" \/>\r\n<meta property=\"og:image\" content=\"https:\/\/paracherkaoui.ma\/wp-content\/uploads\/2025\/12\/acm-acm-novophane-k-shampoing-antipelliculaire-squames-severes-125ml-shampoings-anti-pelliculaires.jpg\" \/>\r\n\t<meta property=\"og:image:width\" content=\"700\" \/>\r\n\t<meta property=\"og:image:height\" content=\"700\" \/>\r\n\t<meta property=\"og:image:type\" content=\"image\/jpeg\" \/>\r\n<meta name=\"twitter:card\" content=\"summary_large_image\" \/>\r\n<meta name=\"twitter:label1\" content=\"Dur\u00e9e de lecture estim\u00e9e\" \/>\n\t<meta name=\"twitter:data1\" content=\"1 minute\" \/>\r\n<script type=\"application\/ld+json\" class=\"yoast-schema-graph\">{\"@context\":\"https:\/\/schema.org\",\"@graph\":[{\"@type\":\"WebPage\",\"@id\":\"https:\/\/paracherkaoui.ma\/index.php\/produit\/acm-novophane-k-shampoing-antipelliculaire-squames-severes-125ml-2\/\",\"url\":\"https:\/\/paracherkaoui.ma\/index.php\/produit\/acm-novophane-k-shampoing-antipelliculaire-squames-severes-125ml-2\/\",\"name\":\"ACM NOVOPHANE K SHAMPOING ANTIPELLICULAIRE SQUAMES SEVERES 125ML - Paracherkaoui.ma\",\"isPartOf\":{\"@id\":\"https:\/\/paracherkaoui.ma\/#website\"},\"primaryImageOfPage\":{\"@id\":\"https:\/\/paracherkaoui.ma\/index.php\/produit\/acm-novophane-k-shampoing-antipelliculaire-squames-severes-125ml-2\/#primaryimage\"},\"image\":{\"@id\":\"https:\/\/paracherkaoui.ma\/index.php\/produit\/acm-novophane-k-shampoing-antipelliculaire-squames-severes-125ml-2\/#primaryimage\"},\"thumbnailUrl\":\"https:\/\/paracherkaoui.ma\/wp-content\/uploads\/2025\/12\/acm-acm-novophane-k-shampoing-antipelliculaire-squames-severes-125ml-shampoings-anti-pelliculaires.jpg\",\"datePublished\":\"2025-12-12T16:59:37+00:00\",\"dateModified\":\"2025-12-12T16:59:41+00:00\",\"breadcrumb\":{\"@id\":\"https:\/\/paracherkaoui.ma\/index.php\/produit\/acm-novophane-k-shampoing-antipelliculaire-squames-severes-125ml-2\/#breadcrumb\"},\"inLanguage\":\"fr-FR\",\"potentialAction\":[{\"@type\":\"ReadAction\",\"target\":[\"https:\/\/paracherkaoui.ma\/index.php\/produit\/acm-novophane-k-shampoing-antipelliculaire-squames-severes-125ml-2\/\"]}]},{\"@type\":\"ImageObject\",\"inLanguage\":\"fr-FR\",\"@id\":\"https:\/\/paracherkaoui.ma\/index.php\/produit\/acm-novophane-k-shampoing-antipelliculaire-squames-severes-125ml-2\/#primaryimage\",\"url\":\"https:\/\/paracherkaoui.ma\/wp-content\/uploads\/2025\/12\/acm-acm-novophane-k-shampoing-antipelliculaire-squames-severes-125ml-shampoings-anti-pelliculaires.jpg\",\"contentUrl\":\"https:\/\/paracherkaoui.ma\/wp-content\/uploads\/2025\/12\/acm-acm-novophane-k-shampoing-antipelliculaire-squames-severes-125ml-shampoings-anti-pelliculaires.jpg\",\"width\":700,\"height\":700},{\"@type\":\"BreadcrumbList\",\"@id\":\"https:\/\/paracherkaoui.ma\/index.php\/produit\/acm-novophane-k-shampoing-antipelliculaire-squames-severes-125ml-2\/#breadcrumb\",\"itemListElement\":[{\"@type\":\"ListItem\",\"position\":1,\"name\":\"Accueil\",\"item\":\"https:\/\/paracherkaoui.ma\/\"},{\"@type\":\"ListItem\",\"position\":2,\"name\":\"Boutique\",\"item\":\"https:\/\/paracherkaoui.ma\/index.php\/boutique\/\"},{\"@type\":\"ListItem\",\"position\":3,\"name\":\"ACM NOVOPHANE K SHAMPOING ANTIPELLICULAIRE SQUAMES SEVERES 125ML\"}]},{\"@type\":\"WebSite\",\"@id\":\"https:\/\/paracherkaoui.ma\/#website\",\"url\":\"https:\/\/paracherkaoui.ma\/\",\"name\":\"Paracherkaoui.ma\",\"description\":\"Achetez en ligne sur Paracherkaoui.ma\",\"potentialAction\":[{\"@type\":\"SearchAction\",\"target\":{\"@type\":\"EntryPoint\",\"urlTemplate\":\"https:\/\/paracherkaoui.ma\/?s={search_term_string}\"},\"query-input\":{\"@type\":\"PropertyValueSpecification\",\"valueRequired\":true,\"valueName\":\"search_term_string\"}}],\"inLanguage\":\"fr-FR\"}]}<\/script>\r\n<!-- \/ Yoast SEO plugin. -->","yoast_head_json":{"title":"ACM NOVOPHANE K SHAMPOING ANTIPELLICULAIRE SQUAMES SEVERES 125ML - Paracherkaoui.ma","robots":{"index":"index","follow":"follow","max-snippet":"max-snippet:-1","max-image-preview":"max-image-preview:large","max-video-preview":"max-video-preview:-1"},"canonical":"https:\/\/paracherkaoui.ma\/index.php\/produit\/acm-novophane-k-shampoing-antipelliculaire-squames-severes-125ml-2\/","og_locale":"fr_FR","og_type":"article","og_title":"ACM NOVOPHANE K SHAMPOING ANTIPELLICULAIRE SQUAMES SEVERES 125ML - Paracherkaoui.ma","og_description":"Le shampooing antipelliculaire squames s\u00e9v\u00e8res Novophane K du laboratoire ACM est un soin capillaire recommand\u00e9 en cas d\u2019\u00e9tats pelliculaires avanc\u00e9s","og_url":"https:\/\/paracherkaoui.ma\/index.php\/produit\/acm-novophane-k-shampoing-antipelliculaire-squames-severes-125ml-2\/","og_site_name":"Paracherkaoui.ma","article_modified_time":"2025-12-12T16:59:41+00:00","og_image":[{"width":700,"height":700,"url":"https:\/\/paracherkaoui.ma\/wp-content\/uploads\/2025\/12\/acm-acm-novophane-k-shampoing-antipelliculaire-squames-severes-125ml-shampoings-anti-pelliculaires.jpg","type":"image\/jpeg"}],"twitter_card":"summary_large_image","twitter_misc":{"Dur\u00e9e de lecture estim\u00e9e":"1 minute"},"schema":{"@context":"https:\/\/schema.org","@graph":[{"@type":"WebPage","@id":"https:\/\/paracherkaoui.ma\/index.php\/produit\/acm-novophane-k-shampoing-antipelliculaire-squames-severes-125ml-2\/","url":"https:\/\/paracherkaoui.ma\/index.php\/produit\/acm-novophane-k-shampoing-antipelliculaire-squames-severes-125ml-2\/","name":"ACM NOVOPHANE K SHAMPOING ANTIPELLICULAIRE SQUAMES SEVERES 125ML - Paracherkaoui.ma","isPartOf":{"@id":"https:\/\/paracherkaoui.ma\/#website"},"primaryImageOfPage":{"@id":"https:\/\/paracherkaoui.ma\/index.php\/produit\/acm-novophane-k-shampoing-antipelliculaire-squames-severes-125ml-2\/#primaryimage"},"image":{"@id":"https:\/\/paracherkaoui.ma\/index.php\/produit\/acm-novophane-k-shampoing-antipelliculaire-squames-severes-125ml-2\/#primaryimage"},"thumbnailUrl":"https:\/\/paracherkaoui.ma\/wp-content\/uploads\/2025\/12\/acm-acm-novophane-k-shampoing-antipelliculaire-squames-severes-125ml-shampoings-anti-pelliculaires.jpg","datePublished":"2025-12-12T16:59:37+00:00","dateModified":"2025-12-12T16:59:41+00:00","breadcrumb":{"@id":"https:\/\/paracherkaoui.ma\/index.php\/produit\/acm-novophane-k-shampoing-antipelliculaire-squames-severes-125ml-2\/#breadcrumb"},"inLanguage":"fr-FR","potentialAction":[{"@type":"ReadAction","target":["https:\/\/paracherkaoui.ma\/index.php\/produit\/acm-novophane-k-shampoing-antipelliculaire-squames-severes-125ml-2\/"]}]},{"@type":"ImageObject","inLanguage":"fr-FR","@id":"https:\/\/paracherkaoui.ma\/index.php\/produit\/acm-novophane-k-shampoing-antipelliculaire-squames-severes-125ml-2\/#primaryimage","url":"https:\/\/paracherkaoui.ma\/wp-content\/uploads\/2025\/12\/acm-acm-novophane-k-shampoing-antipelliculaire-squames-severes-125ml-shampoings-anti-pelliculaires.jpg","contentUrl":"https:\/\/paracherkaoui.ma\/wp-content\/uploads\/2025\/12\/acm-acm-novophane-k-shampoing-antipelliculaire-squames-severes-125ml-shampoings-anti-pelliculaires.jpg","width":700,"height":700},{"@type":"BreadcrumbList","@id":"https:\/\/paracherkaoui.ma\/index.php\/produit\/acm-novophane-k-shampoing-antipelliculaire-squames-severes-125ml-2\/#breadcrumb","itemListElement":[{"@type":"ListItem","position":1,"name":"Accueil","item":"https:\/\/paracherkaoui.ma\/"},{"@type":"ListItem","position":2,"name":"Boutique","item":"https:\/\/paracherkaoui.ma\/index.php\/boutique\/"},{"@type":"ListItem","position":3,"name":"ACM NOVOPHANE K SHAMPOING ANTIPELLICULAIRE SQUAMES SEVERES 125ML"}]},{"@type":"WebSite","@id":"https:\/\/paracherkaoui.ma\/#website","url":"https:\/\/paracherkaoui.ma\/","name":"Paracherkaoui.ma","description":"Achetez en ligne sur Paracherkaoui.ma","potentialAction":[{"@type":"SearchAction","target":{"@type":"EntryPoint","urlTemplate":"https:\/\/paracherkaoui.ma\/?s={search_term_string}"},"query-input":{"@type":"PropertyValueSpecification","valueRequired":true,"valueName":"search_term_string"}}],"inLanguage":"fr-FR"}]}},"_links":{"self":[{"href":"https:\/\/paracherkaoui.ma\/index.php\/wp-json\/wp\/v2\/product\/17504","targetHints":{"allow":["GET"]}}],"collection":[{"href":"https:\/\/paracherkaoui.ma\/index.php\/wp-json\/wp\/v2\/product"}],"about":[{"href":"https:\/\/paracherkaoui.ma\/index.php\/wp-json\/wp\/v2\/types\/product"}],"replies":[{"embeddable":true,"href":"https:\/\/paracherkaoui.ma\/index.php\/wp-json\/wp\/v2\/comments?post=17504"}],"version-history":[{"count":1,"href":"https:\/\/paracherkaoui.ma\/index.php\/wp-json\/wp\/v2\/product\/17504\/revisions"}],"predecessor-version":[{"id":17551,"href":"https:\/\/paracherkaoui.ma\/index.php\/wp-json\/wp\/v2\/product\/17504\/revisions\/17551"}],"wp:featuredmedia":[{"embeddable":true,"href":"https:\/\/paracherkaoui.ma\/index.php\/wp-json\/wp\/v2\/media\/10899"}],"wp:attachment":[{"href":"https:\/\/paracherkaoui.ma\/index.php\/wp-json\/wp\/v2\/media?parent=17504"}],"wp:term":[{"taxonomy":"product_brand","embeddable":true,"href":"https:\/\/paracherkaoui.ma\/index.php\/wp-json\/wp\/v2\/product_brand?post=17504"},{"taxonomy":"product_cat","embeddable":true,"href":"https:\/\/paracherkaoui.ma\/index.php\/wp-json\/wp\/v2\/product_cat?post=17504"},{"taxonomy":"product_tag","embeddable":true,"href":"https:\/\/paracherkaoui.ma\/index.php\/wp-json\/wp\/v2\/product_tag?post=17504"}],"curies":[{"name":"wp","href":"https:\/\/api.w.org\/{rel}","templated":true}]}}