{"id":17490,"date":"2025-12-12T17:59:37","date_gmt":"2025-12-12T16:59:37","guid":{"rendered":"https:\/\/test.ecbeaute.com\/?post_type=product&#038;p=17490"},"modified":"2025-12-12T17:59:39","modified_gmt":"2025-12-12T16:59:39","slug":"eptaderm-epta-ds-shampooing-etats-sebo-squameux-150-ml","status":"publish","type":"product","link":"https:\/\/paracherkaoui.ma\/index.php\/produit\/eptaderm-epta-ds-shampooing-etats-sebo-squameux-150-ml\/","title":{"rendered":"EPTADERM EPTA DS SHAMPOOING ETATS SEBO SQUAMEUX 150 ML"},"content":{"rendered":"<p>DESCRIPTION :<br \/>\nEPTA DS\u00a0shampooig a \u00e9t\u00e9 \u00e9tudi\u00e9 pour le traitement cosm\u00e9tique des \u00e9tats s\u00e9bo-squameux du cuir chevelu. sa formule compl\u00e9te, associant eau des glaciers suisses, octopirox et autres actifs cosm\u00e9tiques, normalise l&rsquo;\u00e9x\u00e9s de s\u00e9bum, a un effet anti-dequamation et calme les rugeurs et les irritations du cuir chevelu.<br \/>\nCONSEILS D&rsquo;UTILISATION :<br \/>\nMasser le cuir chevelu avec\u00a0EPTA DS\u00a0shampooing afin de produire une mousse souple. Laisser agir 3 minutes et rincer. En cas de contact avec les yeux, rincer \u00e0 l&rsquo;eau.<\/p>\n","protected":false},"excerpt":{"rendered":"<p>DESCRIPTION : EPTA DS\u00a0shampooig a \u00e9t\u00e9 \u00e9tudi\u00e9 pour le traitement cosm\u00e9tique des \u00e9tats s\u00e9bo-squameux du cuir chevelu. sa formule compl\u00e9te,<\/p>\n","protected":false},"featured_media":17526,"comment_status":"open","ping_status":"closed","template":"","meta":[],"product_brand":[243],"product_cat":[316],"product_tag":[],"class_list":{"0":"post-17490","1":"product","2":"type-product","3":"status-publish","4":"has-post-thumbnail","6":"product_brand-eptaderm","7":"product_cat-shampoings-soins-des-cheveux-cheveux","9":"first","10":"instock","11":"sale","12":"shipping-taxable","13":"purchasable","14":"product-type-simple"},"yoast_head":"<!-- This site is optimized with the Yoast SEO plugin v26.6 - https:\/\/yoast.com\/wordpress\/plugins\/seo\/ -->\r\n<title>EPTADERM EPTA DS SHAMPOOING ETATS SEBO SQUAMEUX 150 ML - Paracherkaoui.ma<\/title>\r\n<meta name=\"robots\" content=\"index, follow, max-snippet:-1, max-image-preview:large, max-video-preview:-1\" \/>\r\n<link rel=\"canonical\" href=\"https:\/\/paracherkaoui.ma\/index.php\/produit\/eptaderm-epta-ds-shampooing-etats-sebo-squameux-150-ml\/\" \/>\r\n<meta property=\"og:locale\" content=\"fr_FR\" \/>\r\n<meta property=\"og:type\" content=\"article\" \/>\r\n<meta property=\"og:title\" content=\"EPTADERM EPTA DS SHAMPOOING ETATS SEBO SQUAMEUX 150 ML - Paracherkaoui.ma\" \/>\r\n<meta property=\"og:description\" content=\"DESCRIPTION : EPTA DS\u00a0shampooig a \u00e9t\u00e9 \u00e9tudi\u00e9 pour le traitement cosm\u00e9tique des \u00e9tats s\u00e9bo-squameux du cuir chevelu. sa formule compl\u00e9te,\" \/>\r\n<meta property=\"og:url\" content=\"https:\/\/paracherkaoui.ma\/index.php\/produit\/eptaderm-epta-ds-shampooing-etats-sebo-squameux-150-ml\/\" \/>\r\n<meta property=\"og:site_name\" content=\"Paracherkaoui.ma\" \/>\r\n<meta property=\"article:modified_time\" content=\"2025-12-12T16:59:39+00:00\" \/>\r\n<meta property=\"og:image\" content=\"https:\/\/paracherkaoui.ma\/wp-content\/uploads\/2025\/12\/eptaderm-epta-ds-shampooing-etats-sebo-squameux-150-ml.jpg\" \/>\r\n\t<meta property=\"og:image:width\" content=\"700\" \/>\r\n\t<meta property=\"og:image:height\" content=\"700\" \/>\r\n\t<meta property=\"og:image:type\" content=\"image\/jpeg\" \/>\r\n<meta name=\"twitter:card\" content=\"summary_large_image\" \/>\r\n<script type=\"application\/ld+json\" class=\"yoast-schema-graph\">{\"@context\":\"https:\/\/schema.org\",\"@graph\":[{\"@type\":\"WebPage\",\"@id\":\"https:\/\/paracherkaoui.ma\/index.php\/produit\/eptaderm-epta-ds-shampooing-etats-sebo-squameux-150-ml\/\",\"url\":\"https:\/\/paracherkaoui.ma\/index.php\/produit\/eptaderm-epta-ds-shampooing-etats-sebo-squameux-150-ml\/\",\"name\":\"EPTADERM EPTA DS SHAMPOOING ETATS SEBO SQUAMEUX 150 ML - Paracherkaoui.ma\",\"isPartOf\":{\"@id\":\"https:\/\/paracherkaoui.ma\/#website\"},\"primaryImageOfPage\":{\"@id\":\"https:\/\/paracherkaoui.ma\/index.php\/produit\/eptaderm-epta-ds-shampooing-etats-sebo-squameux-150-ml\/#primaryimage\"},\"image\":{\"@id\":\"https:\/\/paracherkaoui.ma\/index.php\/produit\/eptaderm-epta-ds-shampooing-etats-sebo-squameux-150-ml\/#primaryimage\"},\"thumbnailUrl\":\"https:\/\/paracherkaoui.ma\/wp-content\/uploads\/2025\/12\/eptaderm-epta-ds-shampooing-etats-sebo-squameux-150-ml.jpg\",\"datePublished\":\"2025-12-12T16:59:37+00:00\",\"dateModified\":\"2025-12-12T16:59:39+00:00\",\"breadcrumb\":{\"@id\":\"https:\/\/paracherkaoui.ma\/index.php\/produit\/eptaderm-epta-ds-shampooing-etats-sebo-squameux-150-ml\/#breadcrumb\"},\"inLanguage\":\"fr-FR\",\"potentialAction\":[{\"@type\":\"ReadAction\",\"target\":[\"https:\/\/paracherkaoui.ma\/index.php\/produit\/eptaderm-epta-ds-shampooing-etats-sebo-squameux-150-ml\/\"]}]},{\"@type\":\"ImageObject\",\"inLanguage\":\"fr-FR\",\"@id\":\"https:\/\/paracherkaoui.ma\/index.php\/produit\/eptaderm-epta-ds-shampooing-etats-sebo-squameux-150-ml\/#primaryimage\",\"url\":\"https:\/\/paracherkaoui.ma\/wp-content\/uploads\/2025\/12\/eptaderm-epta-ds-shampooing-etats-sebo-squameux-150-ml.jpg\",\"contentUrl\":\"https:\/\/paracherkaoui.ma\/wp-content\/uploads\/2025\/12\/eptaderm-epta-ds-shampooing-etats-sebo-squameux-150-ml.jpg\",\"width\":700,\"height\":700},{\"@type\":\"BreadcrumbList\",\"@id\":\"https:\/\/paracherkaoui.ma\/index.php\/produit\/eptaderm-epta-ds-shampooing-etats-sebo-squameux-150-ml\/#breadcrumb\",\"itemListElement\":[{\"@type\":\"ListItem\",\"position\":1,\"name\":\"Accueil\",\"item\":\"https:\/\/paracherkaoui.ma\/\"},{\"@type\":\"ListItem\",\"position\":2,\"name\":\"Boutique\",\"item\":\"https:\/\/paracherkaoui.ma\/index.php\/boutique\/\"},{\"@type\":\"ListItem\",\"position\":3,\"name\":\"EPTADERM EPTA DS SHAMPOOING ETATS SEBO SQUAMEUX 150 ML\"}]},{\"@type\":\"WebSite\",\"@id\":\"https:\/\/paracherkaoui.ma\/#website\",\"url\":\"https:\/\/paracherkaoui.ma\/\",\"name\":\"Paracherkaoui.ma\",\"description\":\"Achetez en ligne sur Paracherkaoui.ma\",\"potentialAction\":[{\"@type\":\"SearchAction\",\"target\":{\"@type\":\"EntryPoint\",\"urlTemplate\":\"https:\/\/paracherkaoui.ma\/?s={search_term_string}\"},\"query-input\":{\"@type\":\"PropertyValueSpecification\",\"valueRequired\":true,\"valueName\":\"search_term_string\"}}],\"inLanguage\":\"fr-FR\"}]}<\/script>\r\n<!-- \/ Yoast SEO plugin. -->","yoast_head_json":{"title":"EPTADERM EPTA DS SHAMPOOING ETATS SEBO SQUAMEUX 150 ML - Paracherkaoui.ma","robots":{"index":"index","follow":"follow","max-snippet":"max-snippet:-1","max-image-preview":"max-image-preview:large","max-video-preview":"max-video-preview:-1"},"canonical":"https:\/\/paracherkaoui.ma\/index.php\/produit\/eptaderm-epta-ds-shampooing-etats-sebo-squameux-150-ml\/","og_locale":"fr_FR","og_type":"article","og_title":"EPTADERM EPTA DS SHAMPOOING ETATS SEBO SQUAMEUX 150 ML - Paracherkaoui.ma","og_description":"DESCRIPTION : EPTA DS\u00a0shampooig a \u00e9t\u00e9 \u00e9tudi\u00e9 pour le traitement cosm\u00e9tique des \u00e9tats s\u00e9bo-squameux du cuir chevelu. sa formule compl\u00e9te,","og_url":"https:\/\/paracherkaoui.ma\/index.php\/produit\/eptaderm-epta-ds-shampooing-etats-sebo-squameux-150-ml\/","og_site_name":"Paracherkaoui.ma","article_modified_time":"2025-12-12T16:59:39+00:00","og_image":[{"width":700,"height":700,"url":"https:\/\/paracherkaoui.ma\/wp-content\/uploads\/2025\/12\/eptaderm-epta-ds-shampooing-etats-sebo-squameux-150-ml.jpg","type":"image\/jpeg"}],"twitter_card":"summary_large_image","schema":{"@context":"https:\/\/schema.org","@graph":[{"@type":"WebPage","@id":"https:\/\/paracherkaoui.ma\/index.php\/produit\/eptaderm-epta-ds-shampooing-etats-sebo-squameux-150-ml\/","url":"https:\/\/paracherkaoui.ma\/index.php\/produit\/eptaderm-epta-ds-shampooing-etats-sebo-squameux-150-ml\/","name":"EPTADERM EPTA DS SHAMPOOING ETATS SEBO SQUAMEUX 150 ML - Paracherkaoui.ma","isPartOf":{"@id":"https:\/\/paracherkaoui.ma\/#website"},"primaryImageOfPage":{"@id":"https:\/\/paracherkaoui.ma\/index.php\/produit\/eptaderm-epta-ds-shampooing-etats-sebo-squameux-150-ml\/#primaryimage"},"image":{"@id":"https:\/\/paracherkaoui.ma\/index.php\/produit\/eptaderm-epta-ds-shampooing-etats-sebo-squameux-150-ml\/#primaryimage"},"thumbnailUrl":"https:\/\/paracherkaoui.ma\/wp-content\/uploads\/2025\/12\/eptaderm-epta-ds-shampooing-etats-sebo-squameux-150-ml.jpg","datePublished":"2025-12-12T16:59:37+00:00","dateModified":"2025-12-12T16:59:39+00:00","breadcrumb":{"@id":"https:\/\/paracherkaoui.ma\/index.php\/produit\/eptaderm-epta-ds-shampooing-etats-sebo-squameux-150-ml\/#breadcrumb"},"inLanguage":"fr-FR","potentialAction":[{"@type":"ReadAction","target":["https:\/\/paracherkaoui.ma\/index.php\/produit\/eptaderm-epta-ds-shampooing-etats-sebo-squameux-150-ml\/"]}]},{"@type":"ImageObject","inLanguage":"fr-FR","@id":"https:\/\/paracherkaoui.ma\/index.php\/produit\/eptaderm-epta-ds-shampooing-etats-sebo-squameux-150-ml\/#primaryimage","url":"https:\/\/paracherkaoui.ma\/wp-content\/uploads\/2025\/12\/eptaderm-epta-ds-shampooing-etats-sebo-squameux-150-ml.jpg","contentUrl":"https:\/\/paracherkaoui.ma\/wp-content\/uploads\/2025\/12\/eptaderm-epta-ds-shampooing-etats-sebo-squameux-150-ml.jpg","width":700,"height":700},{"@type":"BreadcrumbList","@id":"https:\/\/paracherkaoui.ma\/index.php\/produit\/eptaderm-epta-ds-shampooing-etats-sebo-squameux-150-ml\/#breadcrumb","itemListElement":[{"@type":"ListItem","position":1,"name":"Accueil","item":"https:\/\/paracherkaoui.ma\/"},{"@type":"ListItem","position":2,"name":"Boutique","item":"https:\/\/paracherkaoui.ma\/index.php\/boutique\/"},{"@type":"ListItem","position":3,"name":"EPTADERM EPTA DS SHAMPOOING ETATS SEBO SQUAMEUX 150 ML"}]},{"@type":"WebSite","@id":"https:\/\/paracherkaoui.ma\/#website","url":"https:\/\/paracherkaoui.ma\/","name":"Paracherkaoui.ma","description":"Achetez en ligne sur Paracherkaoui.ma","potentialAction":[{"@type":"SearchAction","target":{"@type":"EntryPoint","urlTemplate":"https:\/\/paracherkaoui.ma\/?s={search_term_string}"},"query-input":{"@type":"PropertyValueSpecification","valueRequired":true,"valueName":"search_term_string"}}],"inLanguage":"fr-FR"}]}},"_links":{"self":[{"href":"https:\/\/paracherkaoui.ma\/index.php\/wp-json\/wp\/v2\/product\/17490","targetHints":{"allow":["GET"]}}],"collection":[{"href":"https:\/\/paracherkaoui.ma\/index.php\/wp-json\/wp\/v2\/product"}],"about":[{"href":"https:\/\/paracherkaoui.ma\/index.php\/wp-json\/wp\/v2\/types\/product"}],"replies":[{"embeddable":true,"href":"https:\/\/paracherkaoui.ma\/index.php\/wp-json\/wp\/v2\/comments?post=17490"}],"version-history":[{"count":1,"href":"https:\/\/paracherkaoui.ma\/index.php\/wp-json\/wp\/v2\/product\/17490\/revisions"}],"predecessor-version":[{"id":17527,"href":"https:\/\/paracherkaoui.ma\/index.php\/wp-json\/wp\/v2\/product\/17490\/revisions\/17527"}],"wp:featuredmedia":[{"embeddable":true,"href":"https:\/\/paracherkaoui.ma\/index.php\/wp-json\/wp\/v2\/media\/17526"}],"wp:attachment":[{"href":"https:\/\/paracherkaoui.ma\/index.php\/wp-json\/wp\/v2\/media?parent=17490"}],"wp:term":[{"taxonomy":"product_brand","embeddable":true,"href":"https:\/\/paracherkaoui.ma\/index.php\/wp-json\/wp\/v2\/product_brand?post=17490"},{"taxonomy":"product_cat","embeddable":true,"href":"https:\/\/paracherkaoui.ma\/index.php\/wp-json\/wp\/v2\/product_cat?post=17490"},{"taxonomy":"product_tag","embeddable":true,"href":"https:\/\/paracherkaoui.ma\/index.php\/wp-json\/wp\/v2\/product_tag?post=17490"}],"curies":[{"name":"wp","href":"https:\/\/api.w.org\/{rel}","templated":true}]}}