{"id":17430,"date":"2025-12-12T17:59:32","date_gmt":"2025-12-12T16:59:32","guid":{"rendered":"https:\/\/test.ecbeaute.com\/?post_type=product&#038;p=17430"},"modified":"2025-12-12T17:59:36","modified_gmt":"2025-12-12T16:59:36","slug":"capiderma-shampooing-a-la-keratine-fortifiant-clarifiant-200-ml","status":"publish","type":"product","link":"https:\/\/paracherkaoui.ma\/index.php\/produit\/capiderma-shampooing-a-la-keratine-fortifiant-clarifiant-200-ml\/","title":{"rendered":"CAPIDERMA SHAMPOOING A LA KERATINE FORTIFIANT CLARIFIANT 200 ML"},"content":{"rendered":"<p>Le shampooing fortifiant, clarifiant Cpaiderma est sp\u00e9cialement con\u00e7u pour nettoyer, tonifier et hydrater en profondeur les cheveux secs et ab\u00eem\u00e9s. Sans sulfates, sans parab\u00e8nes, il est compos\u00e9 d&rsquo;un complexe de prot\u00e9ines de k\u00e9ratine exclusif fortifiant pour combler et nourrir la fibre capillaire.<br \/>\nIl b\u00e9n\u00e9ficie \u00e9galement de prot\u00e9ines de bl\u00e9 hydrolys\u00e9es ou de Phytok\u00e9ratine qui contient des acides amin\u00e9s similaires \u00e0 ceux de la k\u00e9ratine constituant les cheveux pour plus de force, de volume et de brillance. Le shampooig fortifiant, clarifiant Capiderma procurera \u00e0 vos cheveux apr\u00e8s chaque application toute la vitalit\u00e9 et la beaut\u00e9 qu&rsquo;ils m\u00e9ritent.<br \/>\nConseils d&rsquo;utilisation<br \/>\nAppliquer 3 fois par semaine sur cheveux pr\u00e9alablement mouill\u00e9s. Masser d\u00e9licatement le cuir chevelu, laisser agir quelques minutes puis rincer abondement.<br \/>\nRenouveler l&rsquo;application si n\u00e9cessaire. Pour de meilleurs r\u00e9sultats, utiliser en combinaison avec le revitlisant au complexe de k\u00e9ratine Capiderma.<br \/>\nPour un traitement plus intense utiliser en combinaison avec le masque r\u00e9parateur au complexe de k\u00e9ratine Capiderma.<br \/>\nPr\u00e9cautions<br \/>\nEviter le contact avec les yeux et les muqueuses. Discontinuer k&rsquo;usage en cas d&rsquo;irritation. Garder hors de la port\u00e9e des enfants.<br \/>\nPour usage externe seulement.<\/p>\n","protected":false},"excerpt":{"rendered":"<p>Le shampooing fortifiant, clarifiant Cpaiderma est sp\u00e9cialement con\u00e7u pour nettoyer, tonifier et hydrater en profondeur les cheveux secs et ab\u00eem\u00e9s.<\/p>\n","protected":false},"featured_media":17477,"comment_status":"open","ping_status":"closed","template":"","meta":[],"product_brand":[247],"product_cat":[316],"product_tag":[],"class_list":{"0":"post-17430","1":"product","2":"type-product","3":"status-publish","4":"has-post-thumbnail","6":"product_brand-capiderma","7":"product_cat-shampoings-soins-des-cheveux-cheveux","9":"first","10":"instock","11":"sale","12":"shipping-taxable","13":"purchasable","14":"product-type-simple"},"yoast_head":"<!-- This site is optimized with the Yoast SEO plugin v26.6 - https:\/\/yoast.com\/wordpress\/plugins\/seo\/ -->\r\n<title>CAPIDERMA SHAMPOOING A LA KERATINE FORTIFIANT CLARIFIANT 200 ML - Paracherkaoui.ma<\/title>\r\n<meta name=\"robots\" content=\"index, follow, max-snippet:-1, max-image-preview:large, max-video-preview:-1\" \/>\r\n<link rel=\"canonical\" href=\"https:\/\/paracherkaoui.ma\/index.php\/produit\/capiderma-shampooing-a-la-keratine-fortifiant-clarifiant-200-ml\/\" \/>\r\n<meta property=\"og:locale\" content=\"fr_FR\" \/>\r\n<meta property=\"og:type\" content=\"article\" \/>\r\n<meta property=\"og:title\" content=\"CAPIDERMA SHAMPOOING A LA KERATINE FORTIFIANT CLARIFIANT 200 ML - Paracherkaoui.ma\" \/>\r\n<meta property=\"og:description\" content=\"Le shampooing fortifiant, clarifiant Cpaiderma est sp\u00e9cialement con\u00e7u pour nettoyer, tonifier et hydrater en profondeur les cheveux secs et ab\u00eem\u00e9s.\" \/>\r\n<meta property=\"og:url\" content=\"https:\/\/paracherkaoui.ma\/index.php\/produit\/capiderma-shampooing-a-la-keratine-fortifiant-clarifiant-200-ml\/\" \/>\r\n<meta property=\"og:site_name\" content=\"Paracherkaoui.ma\" \/>\r\n<meta property=\"article:modified_time\" content=\"2025-12-12T16:59:36+00:00\" \/>\r\n<meta property=\"og:image\" content=\"https:\/\/paracherkaoui.ma\/wp-content\/uploads\/2025\/12\/capiderma-shampooing-a-la-keratine-fortifiant-clarifiant-200-ml.jpg\" \/>\r\n\t<meta property=\"og:image:width\" content=\"700\" \/>\r\n\t<meta property=\"og:image:height\" content=\"700\" \/>\r\n\t<meta property=\"og:image:type\" content=\"image\/jpeg\" \/>\r\n<meta name=\"twitter:card\" content=\"summary_large_image\" \/>\r\n<meta name=\"twitter:label1\" content=\"Dur\u00e9e de lecture estim\u00e9e\" \/>\n\t<meta name=\"twitter:data1\" content=\"1 minute\" \/>\r\n<script type=\"application\/ld+json\" class=\"yoast-schema-graph\">{\"@context\":\"https:\/\/schema.org\",\"@graph\":[{\"@type\":\"WebPage\",\"@id\":\"https:\/\/paracherkaoui.ma\/index.php\/produit\/capiderma-shampooing-a-la-keratine-fortifiant-clarifiant-200-ml\/\",\"url\":\"https:\/\/paracherkaoui.ma\/index.php\/produit\/capiderma-shampooing-a-la-keratine-fortifiant-clarifiant-200-ml\/\",\"name\":\"CAPIDERMA SHAMPOOING A LA KERATINE FORTIFIANT CLARIFIANT 200 ML - Paracherkaoui.ma\",\"isPartOf\":{\"@id\":\"https:\/\/paracherkaoui.ma\/#website\"},\"primaryImageOfPage\":{\"@id\":\"https:\/\/paracherkaoui.ma\/index.php\/produit\/capiderma-shampooing-a-la-keratine-fortifiant-clarifiant-200-ml\/#primaryimage\"},\"image\":{\"@id\":\"https:\/\/paracherkaoui.ma\/index.php\/produit\/capiderma-shampooing-a-la-keratine-fortifiant-clarifiant-200-ml\/#primaryimage\"},\"thumbnailUrl\":\"https:\/\/paracherkaoui.ma\/wp-content\/uploads\/2025\/12\/capiderma-shampooing-a-la-keratine-fortifiant-clarifiant-200-ml.jpg\",\"datePublished\":\"2025-12-12T16:59:32+00:00\",\"dateModified\":\"2025-12-12T16:59:36+00:00\",\"breadcrumb\":{\"@id\":\"https:\/\/paracherkaoui.ma\/index.php\/produit\/capiderma-shampooing-a-la-keratine-fortifiant-clarifiant-200-ml\/#breadcrumb\"},\"inLanguage\":\"fr-FR\",\"potentialAction\":[{\"@type\":\"ReadAction\",\"target\":[\"https:\/\/paracherkaoui.ma\/index.php\/produit\/capiderma-shampooing-a-la-keratine-fortifiant-clarifiant-200-ml\/\"]}]},{\"@type\":\"ImageObject\",\"inLanguage\":\"fr-FR\",\"@id\":\"https:\/\/paracherkaoui.ma\/index.php\/produit\/capiderma-shampooing-a-la-keratine-fortifiant-clarifiant-200-ml\/#primaryimage\",\"url\":\"https:\/\/paracherkaoui.ma\/wp-content\/uploads\/2025\/12\/capiderma-shampooing-a-la-keratine-fortifiant-clarifiant-200-ml.jpg\",\"contentUrl\":\"https:\/\/paracherkaoui.ma\/wp-content\/uploads\/2025\/12\/capiderma-shampooing-a-la-keratine-fortifiant-clarifiant-200-ml.jpg\",\"width\":700,\"height\":700},{\"@type\":\"BreadcrumbList\",\"@id\":\"https:\/\/paracherkaoui.ma\/index.php\/produit\/capiderma-shampooing-a-la-keratine-fortifiant-clarifiant-200-ml\/#breadcrumb\",\"itemListElement\":[{\"@type\":\"ListItem\",\"position\":1,\"name\":\"Accueil\",\"item\":\"https:\/\/paracherkaoui.ma\/\"},{\"@type\":\"ListItem\",\"position\":2,\"name\":\"Boutique\",\"item\":\"https:\/\/paracherkaoui.ma\/index.php\/boutique\/\"},{\"@type\":\"ListItem\",\"position\":3,\"name\":\"CAPIDERMA SHAMPOOING A LA KERATINE FORTIFIANT CLARIFIANT 200 ML\"}]},{\"@type\":\"WebSite\",\"@id\":\"https:\/\/paracherkaoui.ma\/#website\",\"url\":\"https:\/\/paracherkaoui.ma\/\",\"name\":\"Paracherkaoui.ma\",\"description\":\"Achetez en ligne sur Paracherkaoui.ma\",\"potentialAction\":[{\"@type\":\"SearchAction\",\"target\":{\"@type\":\"EntryPoint\",\"urlTemplate\":\"https:\/\/paracherkaoui.ma\/?s={search_term_string}\"},\"query-input\":{\"@type\":\"PropertyValueSpecification\",\"valueRequired\":true,\"valueName\":\"search_term_string\"}}],\"inLanguage\":\"fr-FR\"}]}<\/script>\r\n<!-- \/ Yoast SEO plugin. -->","yoast_head_json":{"title":"CAPIDERMA SHAMPOOING A LA KERATINE FORTIFIANT CLARIFIANT 200 ML - Paracherkaoui.ma","robots":{"index":"index","follow":"follow","max-snippet":"max-snippet:-1","max-image-preview":"max-image-preview:large","max-video-preview":"max-video-preview:-1"},"canonical":"https:\/\/paracherkaoui.ma\/index.php\/produit\/capiderma-shampooing-a-la-keratine-fortifiant-clarifiant-200-ml\/","og_locale":"fr_FR","og_type":"article","og_title":"CAPIDERMA SHAMPOOING A LA KERATINE FORTIFIANT CLARIFIANT 200 ML - Paracherkaoui.ma","og_description":"Le shampooing fortifiant, clarifiant Cpaiderma est sp\u00e9cialement con\u00e7u pour nettoyer, tonifier et hydrater en profondeur les cheveux secs et ab\u00eem\u00e9s.","og_url":"https:\/\/paracherkaoui.ma\/index.php\/produit\/capiderma-shampooing-a-la-keratine-fortifiant-clarifiant-200-ml\/","og_site_name":"Paracherkaoui.ma","article_modified_time":"2025-12-12T16:59:36+00:00","og_image":[{"width":700,"height":700,"url":"https:\/\/paracherkaoui.ma\/wp-content\/uploads\/2025\/12\/capiderma-shampooing-a-la-keratine-fortifiant-clarifiant-200-ml.jpg","type":"image\/jpeg"}],"twitter_card":"summary_large_image","twitter_misc":{"Dur\u00e9e de lecture estim\u00e9e":"1 minute"},"schema":{"@context":"https:\/\/schema.org","@graph":[{"@type":"WebPage","@id":"https:\/\/paracherkaoui.ma\/index.php\/produit\/capiderma-shampooing-a-la-keratine-fortifiant-clarifiant-200-ml\/","url":"https:\/\/paracherkaoui.ma\/index.php\/produit\/capiderma-shampooing-a-la-keratine-fortifiant-clarifiant-200-ml\/","name":"CAPIDERMA SHAMPOOING A LA KERATINE FORTIFIANT CLARIFIANT 200 ML - Paracherkaoui.ma","isPartOf":{"@id":"https:\/\/paracherkaoui.ma\/#website"},"primaryImageOfPage":{"@id":"https:\/\/paracherkaoui.ma\/index.php\/produit\/capiderma-shampooing-a-la-keratine-fortifiant-clarifiant-200-ml\/#primaryimage"},"image":{"@id":"https:\/\/paracherkaoui.ma\/index.php\/produit\/capiderma-shampooing-a-la-keratine-fortifiant-clarifiant-200-ml\/#primaryimage"},"thumbnailUrl":"https:\/\/paracherkaoui.ma\/wp-content\/uploads\/2025\/12\/capiderma-shampooing-a-la-keratine-fortifiant-clarifiant-200-ml.jpg","datePublished":"2025-12-12T16:59:32+00:00","dateModified":"2025-12-12T16:59:36+00:00","breadcrumb":{"@id":"https:\/\/paracherkaoui.ma\/index.php\/produit\/capiderma-shampooing-a-la-keratine-fortifiant-clarifiant-200-ml\/#breadcrumb"},"inLanguage":"fr-FR","potentialAction":[{"@type":"ReadAction","target":["https:\/\/paracherkaoui.ma\/index.php\/produit\/capiderma-shampooing-a-la-keratine-fortifiant-clarifiant-200-ml\/"]}]},{"@type":"ImageObject","inLanguage":"fr-FR","@id":"https:\/\/paracherkaoui.ma\/index.php\/produit\/capiderma-shampooing-a-la-keratine-fortifiant-clarifiant-200-ml\/#primaryimage","url":"https:\/\/paracherkaoui.ma\/wp-content\/uploads\/2025\/12\/capiderma-shampooing-a-la-keratine-fortifiant-clarifiant-200-ml.jpg","contentUrl":"https:\/\/paracherkaoui.ma\/wp-content\/uploads\/2025\/12\/capiderma-shampooing-a-la-keratine-fortifiant-clarifiant-200-ml.jpg","width":700,"height":700},{"@type":"BreadcrumbList","@id":"https:\/\/paracherkaoui.ma\/index.php\/produit\/capiderma-shampooing-a-la-keratine-fortifiant-clarifiant-200-ml\/#breadcrumb","itemListElement":[{"@type":"ListItem","position":1,"name":"Accueil","item":"https:\/\/paracherkaoui.ma\/"},{"@type":"ListItem","position":2,"name":"Boutique","item":"https:\/\/paracherkaoui.ma\/index.php\/boutique\/"},{"@type":"ListItem","position":3,"name":"CAPIDERMA SHAMPOOING A LA KERATINE FORTIFIANT CLARIFIANT 200 ML"}]},{"@type":"WebSite","@id":"https:\/\/paracherkaoui.ma\/#website","url":"https:\/\/paracherkaoui.ma\/","name":"Paracherkaoui.ma","description":"Achetez en ligne sur Paracherkaoui.ma","potentialAction":[{"@type":"SearchAction","target":{"@type":"EntryPoint","urlTemplate":"https:\/\/paracherkaoui.ma\/?s={search_term_string}"},"query-input":{"@type":"PropertyValueSpecification","valueRequired":true,"valueName":"search_term_string"}}],"inLanguage":"fr-FR"}]}},"_links":{"self":[{"href":"https:\/\/paracherkaoui.ma\/index.php\/wp-json\/wp\/v2\/product\/17430","targetHints":{"allow":["GET"]}}],"collection":[{"href":"https:\/\/paracherkaoui.ma\/index.php\/wp-json\/wp\/v2\/product"}],"about":[{"href":"https:\/\/paracherkaoui.ma\/index.php\/wp-json\/wp\/v2\/types\/product"}],"replies":[{"embeddable":true,"href":"https:\/\/paracherkaoui.ma\/index.php\/wp-json\/wp\/v2\/comments?post=17430"}],"version-history":[{"count":1,"href":"https:\/\/paracherkaoui.ma\/index.php\/wp-json\/wp\/v2\/product\/17430\/revisions"}],"predecessor-version":[{"id":17478,"href":"https:\/\/paracherkaoui.ma\/index.php\/wp-json\/wp\/v2\/product\/17430\/revisions\/17478"}],"wp:featuredmedia":[{"embeddable":true,"href":"https:\/\/paracherkaoui.ma\/index.php\/wp-json\/wp\/v2\/media\/17477"}],"wp:attachment":[{"href":"https:\/\/paracherkaoui.ma\/index.php\/wp-json\/wp\/v2\/media?parent=17430"}],"wp:term":[{"taxonomy":"product_brand","embeddable":true,"href":"https:\/\/paracherkaoui.ma\/index.php\/wp-json\/wp\/v2\/product_brand?post=17430"},{"taxonomy":"product_cat","embeddable":true,"href":"https:\/\/paracherkaoui.ma\/index.php\/wp-json\/wp\/v2\/product_cat?post=17430"},{"taxonomy":"product_tag","embeddable":true,"href":"https:\/\/paracherkaoui.ma\/index.php\/wp-json\/wp\/v2\/product_tag?post=17430"}],"curies":[{"name":"wp","href":"https:\/\/api.w.org\/{rel}","templated":true}]}}