{"id":17427,"date":"2025-12-12T17:59:32","date_gmt":"2025-12-12T16:59:32","guid":{"rendered":"https:\/\/test.ecbeaute.com\/?post_type=product&#038;p=17427"},"modified":"2025-12-12T17:59:35","modified_gmt":"2025-12-12T16:59:35","slug":"isdin-nutradeica-shampoing-pellicule-grasse-200-ml-2","status":"publish","type":"product","link":"https:\/\/paracherkaoui.ma\/index.php\/produit\/isdin-nutradeica-shampoing-pellicule-grasse-200-ml-2\/","title":{"rendered":"ISDIN NUTRADEICA SHAMPOING PELLICULE GRASSE 200 ML"},"content":{"rendered":"<p>Nutradeica shampoing cheveux gras est efficace contre les pellicules s\u00e9v\u00e8res et doux pour vos cheveux. Il r\u00e9sout le probl\u00e8me des pellicules tout en laissant vos cheveux sains et brillants. Aide \u00e0 \u00e9liminer le champignon responsable de la desquamation, \u00e9limine l&rsquo;exc\u00e8s de s\u00e9bum, aide \u00e0 apaiser et \u00e0 soulager les d\u00e9mangeaisons.<br \/>\nConseils d&rsquo;utilisation:<br \/>\nAppliquer sur cheveux mouill\u00e9s. Masser jusqu&rsquo;\u00e0 faire mousser. Laisser agir 3 minutes et rincer abondamment \u00e0 l&rsquo;eau.<\/p>\n","protected":false},"excerpt":{"rendered":"<p>Nutradeica shampoing cheveux gras est efficace contre les pellicules s\u00e9v\u00e8res et doux pour vos cheveux. Il r\u00e9sout le probl\u00e8me des<\/p>\n","protected":false},"featured_media":10985,"comment_status":"open","ping_status":"closed","template":"","meta":[],"product_brand":[135],"product_cat":[316],"product_tag":[],"class_list":{"0":"post-17427","1":"product","2":"type-product","3":"status-publish","4":"has-post-thumbnail","6":"product_brand-isdin","7":"product_cat-shampoings-soins-des-cheveux-cheveux","9":"first","10":"instock","11":"sale","12":"shipping-taxable","13":"purchasable","14":"product-type-simple"},"yoast_head":"<!-- This site is optimized with the Yoast SEO plugin v26.6 - https:\/\/yoast.com\/wordpress\/plugins\/seo\/ -->\r\n<title>ISDIN NUTRADEICA SHAMPOING PELLICULE GRASSE 200 ML - Paracherkaoui.ma<\/title>\r\n<meta name=\"robots\" content=\"index, follow, max-snippet:-1, max-image-preview:large, max-video-preview:-1\" \/>\r\n<link rel=\"canonical\" href=\"https:\/\/paracherkaoui.ma\/index.php\/produit\/isdin-nutradeica-shampoing-pellicule-grasse-200-ml-2\/\" \/>\r\n<meta property=\"og:locale\" content=\"fr_FR\" \/>\r\n<meta property=\"og:type\" content=\"article\" \/>\r\n<meta property=\"og:title\" content=\"ISDIN NUTRADEICA SHAMPOING PELLICULE GRASSE 200 ML - Paracherkaoui.ma\" \/>\r\n<meta property=\"og:description\" content=\"Nutradeica shampoing cheveux gras est efficace contre les pellicules s\u00e9v\u00e8res et doux pour vos cheveux. Il r\u00e9sout le probl\u00e8me des\" \/>\r\n<meta property=\"og:url\" content=\"https:\/\/paracherkaoui.ma\/index.php\/produit\/isdin-nutradeica-shampoing-pellicule-grasse-200-ml-2\/\" \/>\r\n<meta property=\"og:site_name\" content=\"Paracherkaoui.ma\" \/>\r\n<meta property=\"article:modified_time\" content=\"2025-12-12T16:59:35+00:00\" \/>\r\n<meta property=\"og:image\" content=\"https:\/\/paracherkaoui.ma\/wp-content\/uploads\/2025\/12\/isdin-isdin-nutradeica-shampoing-pellicule-grasse-200-ml-shampoing-cheveux-gras.jpg\" \/>\r\n\t<meta property=\"og:image:width\" content=\"700\" \/>\r\n\t<meta property=\"og:image:height\" content=\"700\" \/>\r\n\t<meta property=\"og:image:type\" content=\"image\/jpeg\" \/>\r\n<meta name=\"twitter:card\" content=\"summary_large_image\" \/>\r\n<script type=\"application\/ld+json\" class=\"yoast-schema-graph\">{\"@context\":\"https:\/\/schema.org\",\"@graph\":[{\"@type\":\"WebPage\",\"@id\":\"https:\/\/paracherkaoui.ma\/index.php\/produit\/isdin-nutradeica-shampoing-pellicule-grasse-200-ml-2\/\",\"url\":\"https:\/\/paracherkaoui.ma\/index.php\/produit\/isdin-nutradeica-shampoing-pellicule-grasse-200-ml-2\/\",\"name\":\"ISDIN NUTRADEICA SHAMPOING PELLICULE GRASSE 200 ML - Paracherkaoui.ma\",\"isPartOf\":{\"@id\":\"https:\/\/paracherkaoui.ma\/#website\"},\"primaryImageOfPage\":{\"@id\":\"https:\/\/paracherkaoui.ma\/index.php\/produit\/isdin-nutradeica-shampoing-pellicule-grasse-200-ml-2\/#primaryimage\"},\"image\":{\"@id\":\"https:\/\/paracherkaoui.ma\/index.php\/produit\/isdin-nutradeica-shampoing-pellicule-grasse-200-ml-2\/#primaryimage\"},\"thumbnailUrl\":\"https:\/\/paracherkaoui.ma\/wp-content\/uploads\/2025\/12\/isdin-isdin-nutradeica-shampoing-pellicule-grasse-200-ml-shampoing-cheveux-gras.jpg\",\"datePublished\":\"2025-12-12T16:59:32+00:00\",\"dateModified\":\"2025-12-12T16:59:35+00:00\",\"breadcrumb\":{\"@id\":\"https:\/\/paracherkaoui.ma\/index.php\/produit\/isdin-nutradeica-shampoing-pellicule-grasse-200-ml-2\/#breadcrumb\"},\"inLanguage\":\"fr-FR\",\"potentialAction\":[{\"@type\":\"ReadAction\",\"target\":[\"https:\/\/paracherkaoui.ma\/index.php\/produit\/isdin-nutradeica-shampoing-pellicule-grasse-200-ml-2\/\"]}]},{\"@type\":\"ImageObject\",\"inLanguage\":\"fr-FR\",\"@id\":\"https:\/\/paracherkaoui.ma\/index.php\/produit\/isdin-nutradeica-shampoing-pellicule-grasse-200-ml-2\/#primaryimage\",\"url\":\"https:\/\/paracherkaoui.ma\/wp-content\/uploads\/2025\/12\/isdin-isdin-nutradeica-shampoing-pellicule-grasse-200-ml-shampoing-cheveux-gras.jpg\",\"contentUrl\":\"https:\/\/paracherkaoui.ma\/wp-content\/uploads\/2025\/12\/isdin-isdin-nutradeica-shampoing-pellicule-grasse-200-ml-shampoing-cheveux-gras.jpg\",\"width\":700,\"height\":700},{\"@type\":\"BreadcrumbList\",\"@id\":\"https:\/\/paracherkaoui.ma\/index.php\/produit\/isdin-nutradeica-shampoing-pellicule-grasse-200-ml-2\/#breadcrumb\",\"itemListElement\":[{\"@type\":\"ListItem\",\"position\":1,\"name\":\"Accueil\",\"item\":\"https:\/\/paracherkaoui.ma\/\"},{\"@type\":\"ListItem\",\"position\":2,\"name\":\"Boutique\",\"item\":\"https:\/\/paracherkaoui.ma\/index.php\/boutique\/\"},{\"@type\":\"ListItem\",\"position\":3,\"name\":\"ISDIN NUTRADEICA SHAMPOING PELLICULE GRASSE 200 ML\"}]},{\"@type\":\"WebSite\",\"@id\":\"https:\/\/paracherkaoui.ma\/#website\",\"url\":\"https:\/\/paracherkaoui.ma\/\",\"name\":\"Paracherkaoui.ma\",\"description\":\"Achetez en ligne sur Paracherkaoui.ma\",\"potentialAction\":[{\"@type\":\"SearchAction\",\"target\":{\"@type\":\"EntryPoint\",\"urlTemplate\":\"https:\/\/paracherkaoui.ma\/?s={search_term_string}\"},\"query-input\":{\"@type\":\"PropertyValueSpecification\",\"valueRequired\":true,\"valueName\":\"search_term_string\"}}],\"inLanguage\":\"fr-FR\"}]}<\/script>\r\n<!-- \/ Yoast SEO plugin. -->","yoast_head_json":{"title":"ISDIN NUTRADEICA SHAMPOING PELLICULE GRASSE 200 ML - Paracherkaoui.ma","robots":{"index":"index","follow":"follow","max-snippet":"max-snippet:-1","max-image-preview":"max-image-preview:large","max-video-preview":"max-video-preview:-1"},"canonical":"https:\/\/paracherkaoui.ma\/index.php\/produit\/isdin-nutradeica-shampoing-pellicule-grasse-200-ml-2\/","og_locale":"fr_FR","og_type":"article","og_title":"ISDIN NUTRADEICA SHAMPOING PELLICULE GRASSE 200 ML - Paracherkaoui.ma","og_description":"Nutradeica shampoing cheveux gras est efficace contre les pellicules s\u00e9v\u00e8res et doux pour vos cheveux. Il r\u00e9sout le probl\u00e8me des","og_url":"https:\/\/paracherkaoui.ma\/index.php\/produit\/isdin-nutradeica-shampoing-pellicule-grasse-200-ml-2\/","og_site_name":"Paracherkaoui.ma","article_modified_time":"2025-12-12T16:59:35+00:00","og_image":[{"width":700,"height":700,"url":"https:\/\/paracherkaoui.ma\/wp-content\/uploads\/2025\/12\/isdin-isdin-nutradeica-shampoing-pellicule-grasse-200-ml-shampoing-cheveux-gras.jpg","type":"image\/jpeg"}],"twitter_card":"summary_large_image","schema":{"@context":"https:\/\/schema.org","@graph":[{"@type":"WebPage","@id":"https:\/\/paracherkaoui.ma\/index.php\/produit\/isdin-nutradeica-shampoing-pellicule-grasse-200-ml-2\/","url":"https:\/\/paracherkaoui.ma\/index.php\/produit\/isdin-nutradeica-shampoing-pellicule-grasse-200-ml-2\/","name":"ISDIN NUTRADEICA SHAMPOING PELLICULE GRASSE 200 ML - Paracherkaoui.ma","isPartOf":{"@id":"https:\/\/paracherkaoui.ma\/#website"},"primaryImageOfPage":{"@id":"https:\/\/paracherkaoui.ma\/index.php\/produit\/isdin-nutradeica-shampoing-pellicule-grasse-200-ml-2\/#primaryimage"},"image":{"@id":"https:\/\/paracherkaoui.ma\/index.php\/produit\/isdin-nutradeica-shampoing-pellicule-grasse-200-ml-2\/#primaryimage"},"thumbnailUrl":"https:\/\/paracherkaoui.ma\/wp-content\/uploads\/2025\/12\/isdin-isdin-nutradeica-shampoing-pellicule-grasse-200-ml-shampoing-cheveux-gras.jpg","datePublished":"2025-12-12T16:59:32+00:00","dateModified":"2025-12-12T16:59:35+00:00","breadcrumb":{"@id":"https:\/\/paracherkaoui.ma\/index.php\/produit\/isdin-nutradeica-shampoing-pellicule-grasse-200-ml-2\/#breadcrumb"},"inLanguage":"fr-FR","potentialAction":[{"@type":"ReadAction","target":["https:\/\/paracherkaoui.ma\/index.php\/produit\/isdin-nutradeica-shampoing-pellicule-grasse-200-ml-2\/"]}]},{"@type":"ImageObject","inLanguage":"fr-FR","@id":"https:\/\/paracherkaoui.ma\/index.php\/produit\/isdin-nutradeica-shampoing-pellicule-grasse-200-ml-2\/#primaryimage","url":"https:\/\/paracherkaoui.ma\/wp-content\/uploads\/2025\/12\/isdin-isdin-nutradeica-shampoing-pellicule-grasse-200-ml-shampoing-cheveux-gras.jpg","contentUrl":"https:\/\/paracherkaoui.ma\/wp-content\/uploads\/2025\/12\/isdin-isdin-nutradeica-shampoing-pellicule-grasse-200-ml-shampoing-cheveux-gras.jpg","width":700,"height":700},{"@type":"BreadcrumbList","@id":"https:\/\/paracherkaoui.ma\/index.php\/produit\/isdin-nutradeica-shampoing-pellicule-grasse-200-ml-2\/#breadcrumb","itemListElement":[{"@type":"ListItem","position":1,"name":"Accueil","item":"https:\/\/paracherkaoui.ma\/"},{"@type":"ListItem","position":2,"name":"Boutique","item":"https:\/\/paracherkaoui.ma\/index.php\/boutique\/"},{"@type":"ListItem","position":3,"name":"ISDIN NUTRADEICA SHAMPOING PELLICULE GRASSE 200 ML"}]},{"@type":"WebSite","@id":"https:\/\/paracherkaoui.ma\/#website","url":"https:\/\/paracherkaoui.ma\/","name":"Paracherkaoui.ma","description":"Achetez en ligne sur Paracherkaoui.ma","potentialAction":[{"@type":"SearchAction","target":{"@type":"EntryPoint","urlTemplate":"https:\/\/paracherkaoui.ma\/?s={search_term_string}"},"query-input":{"@type":"PropertyValueSpecification","valueRequired":true,"valueName":"search_term_string"}}],"inLanguage":"fr-FR"}]}},"_links":{"self":[{"href":"https:\/\/paracherkaoui.ma\/index.php\/wp-json\/wp\/v2\/product\/17427","targetHints":{"allow":["GET"]}}],"collection":[{"href":"https:\/\/paracherkaoui.ma\/index.php\/wp-json\/wp\/v2\/product"}],"about":[{"href":"https:\/\/paracherkaoui.ma\/index.php\/wp-json\/wp\/v2\/types\/product"}],"replies":[{"embeddable":true,"href":"https:\/\/paracherkaoui.ma\/index.php\/wp-json\/wp\/v2\/comments?post=17427"}],"version-history":[{"count":1,"href":"https:\/\/paracherkaoui.ma\/index.php\/wp-json\/wp\/v2\/product\/17427\/revisions"}],"predecessor-version":[{"id":17473,"href":"https:\/\/paracherkaoui.ma\/index.php\/wp-json\/wp\/v2\/product\/17427\/revisions\/17473"}],"wp:featuredmedia":[{"embeddable":true,"href":"https:\/\/paracherkaoui.ma\/index.php\/wp-json\/wp\/v2\/media\/10985"}],"wp:attachment":[{"href":"https:\/\/paracherkaoui.ma\/index.php\/wp-json\/wp\/v2\/media?parent=17427"}],"wp:term":[{"taxonomy":"product_brand","embeddable":true,"href":"https:\/\/paracherkaoui.ma\/index.php\/wp-json\/wp\/v2\/product_brand?post=17427"},{"taxonomy":"product_cat","embeddable":true,"href":"https:\/\/paracherkaoui.ma\/index.php\/wp-json\/wp\/v2\/product_cat?post=17427"},{"taxonomy":"product_tag","embeddable":true,"href":"https:\/\/paracherkaoui.ma\/index.php\/wp-json\/wp\/v2\/product_tag?post=17427"}],"curies":[{"name":"wp","href":"https:\/\/api.w.org\/{rel}","templated":true}]}}