{"id":17423,"date":"2025-12-12T17:59:32","date_gmt":"2025-12-12T16:59:32","guid":{"rendered":"https:\/\/test.ecbeaute.com\/?post_type=product&#038;p=17423"},"modified":"2025-12-12T17:59:35","modified_gmt":"2025-12-12T16:59:35","slug":"caditar-zero-shampooing-tolerance","status":"publish","type":"product","link":"https:\/\/paracherkaoui.ma\/index.php\/produit\/caditar-zero-shampooing-tolerance\/","title":{"rendered":"CADITAR ZERO SHAMPOOING TOLERANCE"},"content":{"rendered":"<p>Caditar ZERO est sp\u00e9cialement con\u00e7u pour les cuirs chevelus et cheveux sensibles. Il ne contient pas de sulfates, pas de parfum, pas de parab\u00e8ne et pas de ph\u00e9noxy\u00e9thanol. Grace a sa formule tr\u00e8s douce, il peut \u00eatre utilis\u00e9 tous les jours ou en traitement compl\u00e9mentaire aux maladies du cuir chevelu. Les personnes souhaitant \u00e9viter les sulfates peuvent aussi l\u2019utiliser pour les cheveux normaux.<br \/>\nCaditar ZERO, prot\u00e8ge la fibre capillaire et renforce l\u2019hydratation des cheveux. De plus, il n\u2019est pas n\u00e9cessaire d\u2019utiliser du d\u00e9m\u00ealant car les cheveux sont faciles \u00e0 coiffer.<br \/>\nCaditar ZERO contient 93% d\u2019ingr\u00e9dients d\u2019origine naturelle.<br \/>\nComment utiliser le shampoing Caditar ZERO<br \/>\nAgiter avant usage, appliquer sur les cheveux humides, faire mousser, laisser agir pendant 5 minutes. Rincer. Utiliser autant que vous le souhaitez.<\/p>\n","protected":false},"excerpt":{"rendered":"<p>Caditar ZERO est sp\u00e9cialement con\u00e7u pour les cuirs chevelus et cheveux sensibles. Il ne contient pas de sulfates, pas de<\/p>\n","protected":false},"featured_media":17465,"comment_status":"open","ping_status":"closed","template":"","meta":[],"product_brand":[265],"product_cat":[316],"product_tag":[],"class_list":{"0":"post-17423","1":"product","2":"type-product","3":"status-publish","4":"has-post-thumbnail","6":"product_brand-caditar","7":"product_cat-shampoings-soins-des-cheveux-cheveux","9":"first","10":"instock","11":"sale","12":"shipping-taxable","13":"purchasable","14":"product-type-simple"},"yoast_head":"<!-- This site is optimized with the Yoast SEO plugin v26.6 - https:\/\/yoast.com\/wordpress\/plugins\/seo\/ -->\r\n<title>CADITAR ZERO SHAMPOOING TOLERANCE - Paracherkaoui.ma<\/title>\r\n<meta name=\"robots\" content=\"index, follow, max-snippet:-1, max-image-preview:large, max-video-preview:-1\" \/>\r\n<link rel=\"canonical\" href=\"https:\/\/paracherkaoui.ma\/index.php\/produit\/caditar-zero-shampooing-tolerance\/\" \/>\r\n<meta property=\"og:locale\" content=\"fr_FR\" \/>\r\n<meta property=\"og:type\" content=\"article\" \/>\r\n<meta property=\"og:title\" content=\"CADITAR ZERO SHAMPOOING TOLERANCE - Paracherkaoui.ma\" \/>\r\n<meta property=\"og:description\" content=\"Caditar ZERO est sp\u00e9cialement con\u00e7u pour les cuirs chevelus et cheveux sensibles. Il ne contient pas de sulfates, pas de\" \/>\r\n<meta property=\"og:url\" content=\"https:\/\/paracherkaoui.ma\/index.php\/produit\/caditar-zero-shampooing-tolerance\/\" \/>\r\n<meta property=\"og:site_name\" content=\"Paracherkaoui.ma\" \/>\r\n<meta property=\"article:modified_time\" content=\"2025-12-12T16:59:35+00:00\" \/>\r\n<meta property=\"og:image\" content=\"https:\/\/paracherkaoui.ma\/wp-content\/uploads\/2025\/12\/caditar-caditar-zero-shampooing-tolerance-shampoings-usage-frequent.jpg\" \/>\r\n\t<meta property=\"og:image:width\" content=\"700\" \/>\r\n\t<meta property=\"og:image:height\" content=\"700\" \/>\r\n\t<meta property=\"og:image:type\" content=\"image\/jpeg\" \/>\r\n<meta name=\"twitter:card\" content=\"summary_large_image\" \/>\r\n<meta name=\"twitter:label1\" content=\"Dur\u00e9e de lecture estim\u00e9e\" \/>\n\t<meta name=\"twitter:data1\" content=\"1 minute\" \/>\r\n<script type=\"application\/ld+json\" class=\"yoast-schema-graph\">{\"@context\":\"https:\/\/schema.org\",\"@graph\":[{\"@type\":\"WebPage\",\"@id\":\"https:\/\/paracherkaoui.ma\/index.php\/produit\/caditar-zero-shampooing-tolerance\/\",\"url\":\"https:\/\/paracherkaoui.ma\/index.php\/produit\/caditar-zero-shampooing-tolerance\/\",\"name\":\"CADITAR ZERO SHAMPOOING TOLERANCE - Paracherkaoui.ma\",\"isPartOf\":{\"@id\":\"https:\/\/paracherkaoui.ma\/#website\"},\"primaryImageOfPage\":{\"@id\":\"https:\/\/paracherkaoui.ma\/index.php\/produit\/caditar-zero-shampooing-tolerance\/#primaryimage\"},\"image\":{\"@id\":\"https:\/\/paracherkaoui.ma\/index.php\/produit\/caditar-zero-shampooing-tolerance\/#primaryimage\"},\"thumbnailUrl\":\"https:\/\/paracherkaoui.ma\/wp-content\/uploads\/2025\/12\/caditar-caditar-zero-shampooing-tolerance-shampoings-usage-frequent.jpg\",\"datePublished\":\"2025-12-12T16:59:32+00:00\",\"dateModified\":\"2025-12-12T16:59:35+00:00\",\"breadcrumb\":{\"@id\":\"https:\/\/paracherkaoui.ma\/index.php\/produit\/caditar-zero-shampooing-tolerance\/#breadcrumb\"},\"inLanguage\":\"fr-FR\",\"potentialAction\":[{\"@type\":\"ReadAction\",\"target\":[\"https:\/\/paracherkaoui.ma\/index.php\/produit\/caditar-zero-shampooing-tolerance\/\"]}]},{\"@type\":\"ImageObject\",\"inLanguage\":\"fr-FR\",\"@id\":\"https:\/\/paracherkaoui.ma\/index.php\/produit\/caditar-zero-shampooing-tolerance\/#primaryimage\",\"url\":\"https:\/\/paracherkaoui.ma\/wp-content\/uploads\/2025\/12\/caditar-caditar-zero-shampooing-tolerance-shampoings-usage-frequent.jpg\",\"contentUrl\":\"https:\/\/paracherkaoui.ma\/wp-content\/uploads\/2025\/12\/caditar-caditar-zero-shampooing-tolerance-shampoings-usage-frequent.jpg\",\"width\":700,\"height\":700},{\"@type\":\"BreadcrumbList\",\"@id\":\"https:\/\/paracherkaoui.ma\/index.php\/produit\/caditar-zero-shampooing-tolerance\/#breadcrumb\",\"itemListElement\":[{\"@type\":\"ListItem\",\"position\":1,\"name\":\"Accueil\",\"item\":\"https:\/\/paracherkaoui.ma\/\"},{\"@type\":\"ListItem\",\"position\":2,\"name\":\"Boutique\",\"item\":\"https:\/\/paracherkaoui.ma\/index.php\/boutique\/\"},{\"@type\":\"ListItem\",\"position\":3,\"name\":\"CADITAR ZERO SHAMPOOING TOLERANCE\"}]},{\"@type\":\"WebSite\",\"@id\":\"https:\/\/paracherkaoui.ma\/#website\",\"url\":\"https:\/\/paracherkaoui.ma\/\",\"name\":\"Paracherkaoui.ma\",\"description\":\"Achetez en ligne sur Paracherkaoui.ma\",\"potentialAction\":[{\"@type\":\"SearchAction\",\"target\":{\"@type\":\"EntryPoint\",\"urlTemplate\":\"https:\/\/paracherkaoui.ma\/?s={search_term_string}\"},\"query-input\":{\"@type\":\"PropertyValueSpecification\",\"valueRequired\":true,\"valueName\":\"search_term_string\"}}],\"inLanguage\":\"fr-FR\"}]}<\/script>\r\n<!-- \/ Yoast SEO plugin. -->","yoast_head_json":{"title":"CADITAR ZERO SHAMPOOING TOLERANCE - Paracherkaoui.ma","robots":{"index":"index","follow":"follow","max-snippet":"max-snippet:-1","max-image-preview":"max-image-preview:large","max-video-preview":"max-video-preview:-1"},"canonical":"https:\/\/paracherkaoui.ma\/index.php\/produit\/caditar-zero-shampooing-tolerance\/","og_locale":"fr_FR","og_type":"article","og_title":"CADITAR ZERO SHAMPOOING TOLERANCE - Paracherkaoui.ma","og_description":"Caditar ZERO est sp\u00e9cialement con\u00e7u pour les cuirs chevelus et cheveux sensibles. Il ne contient pas de sulfates, pas de","og_url":"https:\/\/paracherkaoui.ma\/index.php\/produit\/caditar-zero-shampooing-tolerance\/","og_site_name":"Paracherkaoui.ma","article_modified_time":"2025-12-12T16:59:35+00:00","og_image":[{"width":700,"height":700,"url":"https:\/\/paracherkaoui.ma\/wp-content\/uploads\/2025\/12\/caditar-caditar-zero-shampooing-tolerance-shampoings-usage-frequent.jpg","type":"image\/jpeg"}],"twitter_card":"summary_large_image","twitter_misc":{"Dur\u00e9e de lecture estim\u00e9e":"1 minute"},"schema":{"@context":"https:\/\/schema.org","@graph":[{"@type":"WebPage","@id":"https:\/\/paracherkaoui.ma\/index.php\/produit\/caditar-zero-shampooing-tolerance\/","url":"https:\/\/paracherkaoui.ma\/index.php\/produit\/caditar-zero-shampooing-tolerance\/","name":"CADITAR ZERO SHAMPOOING TOLERANCE - Paracherkaoui.ma","isPartOf":{"@id":"https:\/\/paracherkaoui.ma\/#website"},"primaryImageOfPage":{"@id":"https:\/\/paracherkaoui.ma\/index.php\/produit\/caditar-zero-shampooing-tolerance\/#primaryimage"},"image":{"@id":"https:\/\/paracherkaoui.ma\/index.php\/produit\/caditar-zero-shampooing-tolerance\/#primaryimage"},"thumbnailUrl":"https:\/\/paracherkaoui.ma\/wp-content\/uploads\/2025\/12\/caditar-caditar-zero-shampooing-tolerance-shampoings-usage-frequent.jpg","datePublished":"2025-12-12T16:59:32+00:00","dateModified":"2025-12-12T16:59:35+00:00","breadcrumb":{"@id":"https:\/\/paracherkaoui.ma\/index.php\/produit\/caditar-zero-shampooing-tolerance\/#breadcrumb"},"inLanguage":"fr-FR","potentialAction":[{"@type":"ReadAction","target":["https:\/\/paracherkaoui.ma\/index.php\/produit\/caditar-zero-shampooing-tolerance\/"]}]},{"@type":"ImageObject","inLanguage":"fr-FR","@id":"https:\/\/paracherkaoui.ma\/index.php\/produit\/caditar-zero-shampooing-tolerance\/#primaryimage","url":"https:\/\/paracherkaoui.ma\/wp-content\/uploads\/2025\/12\/caditar-caditar-zero-shampooing-tolerance-shampoings-usage-frequent.jpg","contentUrl":"https:\/\/paracherkaoui.ma\/wp-content\/uploads\/2025\/12\/caditar-caditar-zero-shampooing-tolerance-shampoings-usage-frequent.jpg","width":700,"height":700},{"@type":"BreadcrumbList","@id":"https:\/\/paracherkaoui.ma\/index.php\/produit\/caditar-zero-shampooing-tolerance\/#breadcrumb","itemListElement":[{"@type":"ListItem","position":1,"name":"Accueil","item":"https:\/\/paracherkaoui.ma\/"},{"@type":"ListItem","position":2,"name":"Boutique","item":"https:\/\/paracherkaoui.ma\/index.php\/boutique\/"},{"@type":"ListItem","position":3,"name":"CADITAR ZERO SHAMPOOING TOLERANCE"}]},{"@type":"WebSite","@id":"https:\/\/paracherkaoui.ma\/#website","url":"https:\/\/paracherkaoui.ma\/","name":"Paracherkaoui.ma","description":"Achetez en ligne sur Paracherkaoui.ma","potentialAction":[{"@type":"SearchAction","target":{"@type":"EntryPoint","urlTemplate":"https:\/\/paracherkaoui.ma\/?s={search_term_string}"},"query-input":{"@type":"PropertyValueSpecification","valueRequired":true,"valueName":"search_term_string"}}],"inLanguage":"fr-FR"}]}},"_links":{"self":[{"href":"https:\/\/paracherkaoui.ma\/index.php\/wp-json\/wp\/v2\/product\/17423","targetHints":{"allow":["GET"]}}],"collection":[{"href":"https:\/\/paracherkaoui.ma\/index.php\/wp-json\/wp\/v2\/product"}],"about":[{"href":"https:\/\/paracherkaoui.ma\/index.php\/wp-json\/wp\/v2\/types\/product"}],"replies":[{"embeddable":true,"href":"https:\/\/paracherkaoui.ma\/index.php\/wp-json\/wp\/v2\/comments?post=17423"}],"version-history":[{"count":1,"href":"https:\/\/paracherkaoui.ma\/index.php\/wp-json\/wp\/v2\/product\/17423\/revisions"}],"predecessor-version":[{"id":17466,"href":"https:\/\/paracherkaoui.ma\/index.php\/wp-json\/wp\/v2\/product\/17423\/revisions\/17466"}],"wp:featuredmedia":[{"embeddable":true,"href":"https:\/\/paracherkaoui.ma\/index.php\/wp-json\/wp\/v2\/media\/17465"}],"wp:attachment":[{"href":"https:\/\/paracherkaoui.ma\/index.php\/wp-json\/wp\/v2\/media?parent=17423"}],"wp:term":[{"taxonomy":"product_brand","embeddable":true,"href":"https:\/\/paracherkaoui.ma\/index.php\/wp-json\/wp\/v2\/product_brand?post=17423"},{"taxonomy":"product_cat","embeddable":true,"href":"https:\/\/paracherkaoui.ma\/index.php\/wp-json\/wp\/v2\/product_cat?post=17423"},{"taxonomy":"product_tag","embeddable":true,"href":"https:\/\/paracherkaoui.ma\/index.php\/wp-json\/wp\/v2\/product_tag?post=17423"}],"curies":[{"name":"wp","href":"https:\/\/api.w.org\/{rel}","templated":true}]}}