{"id":17421,"date":"2025-12-12T17:59:32","date_gmt":"2025-12-12T16:59:32","guid":{"rendered":"https:\/\/test.ecbeaute.com\/?post_type=product&#038;p=17421"},"modified":"2025-12-12T17:59:34","modified_gmt":"2025-12-12T16:59:34","slug":"cantabria-iraltone-shampoing-normalisant-sebo-regulateur-200ml","status":"publish","type":"product","link":"https:\/\/paracherkaoui.ma\/index.php\/produit\/cantabria-iraltone-shampoing-normalisant-sebo-regulateur-200ml\/","title":{"rendered":"CANTABRIA IRALTONE Shampoing Normalisant S\u00e9bo-R\u00e9gulateur 200ml"},"content":{"rendered":"<p>Formule multi-actions pour cheveux gras<br \/>\nLa synergie d\u2019ingr\u00e9dients exclusifs purifie le cuir chevelu en profondeur pour diminuer la s\u00e9borrh\u00e9e et \u00e9liminer les impuret\u00e9s.<\/p>\n<p>Composition :<br \/>\n&#8211; Extrait d\u2019algues marines : l\u2019extrait de Pseudoalteromonas r\u00e9gule et normalise l\u2019exc\u00e8s de s\u00e9bum.<br \/>\n&#8211; Vitis vinifera : un extrait aux propri\u00e9t\u00e9s antioxydantes performantes gr\u00e2ce \u00e0 sa richesse en polyph\u00e9nols et en flavono\u00efdes<br \/>\nProt\u00e8ge contre l\u2019oxydation en neutralisant les radicaux libres, favorise l\u2019oxyg\u00e9nation des tissus gr\u00e2ce \u00e0 ses propri\u00e9t\u00e9s vasculoprotectrices, am\u00e9liore l\u2019apport de nutriments au niveau du bulbe pilaire.<br \/>\n&#8211; Vitamine E : un antioxydant naturel performant qui prot\u00e8ge le cuir chevelu en s\u2019opposant \u00e0 l\u2019oxydation du s\u00e9bum (responsable de l\u2019apparition des mauvaises odeurs).<br \/>\n&#8211; Protelan : hydratant, prot\u00e8ge la barri\u00e8re cutan\u00e9e, r\u00e9gule l\u2019exc\u00e8s de s\u00e9bum ainsi que la desquamation, \u00e9vite l\u2019apparition des mauvaises odeurs.<\/p>\n<p>Indications :<br \/>\n&#8211; Pour l\u2019hygi\u00e8ne quotidienne du cuir chevelu gras \u00e0 tendance pelliculaire<br \/>\n&#8211; Contre la s\u00e9borrh\u00e9e (notamment dans l\u2019alop\u00e9cie androg\u00e9n\u00e9tique)<br \/>\n&#8211; Pour les cheveux ternes sans tonus<br \/>\nConseils d\u2019utilisation :<br \/>\n&#8211; Utilisation fr\u00e9quente<br \/>\n&#8211; Appliquer une petite quantit\u00e9 de shampoing sur le cuir chevelu humide, masser, laisser agir pendant 2-3 minutes et rincer abondamment.<br \/>\n&#8211; R\u00e9p\u00e9ter si n\u00e9cessaire.<\/p>\n","protected":false},"excerpt":{"rendered":"<p>Formule multi-actions pour cheveux gras La synergie d\u2019ingr\u00e9dients exclusifs purifie le cuir chevelu en profondeur pour diminuer la s\u00e9borrh\u00e9e et<\/p>\n","protected":false},"featured_media":17461,"comment_status":"open","ping_status":"closed","template":"","meta":[],"product_brand":[147],"product_cat":[316],"product_tag":[],"class_list":{"0":"post-17421","1":"product","2":"type-product","3":"status-publish","4":"has-post-thumbnail","6":"product_brand-cantabria","7":"product_cat-shampoings-soins-des-cheveux-cheveux","9":"first","10":"instock","11":"sale","12":"shipping-taxable","13":"purchasable","14":"product-type-simple"},"yoast_head":"<!-- This site is optimized with the Yoast SEO plugin v26.6 - https:\/\/yoast.com\/wordpress\/plugins\/seo\/ -->\r\n<title>CANTABRIA IRALTONE Shampoing Normalisant S\u00e9bo-R\u00e9gulateur 200ml - Paracherkaoui.ma<\/title>\r\n<meta name=\"robots\" content=\"index, follow, max-snippet:-1, max-image-preview:large, max-video-preview:-1\" \/>\r\n<link rel=\"canonical\" href=\"https:\/\/paracherkaoui.ma\/index.php\/produit\/cantabria-iraltone-shampoing-normalisant-sebo-regulateur-200ml\/\" \/>\r\n<meta property=\"og:locale\" content=\"fr_FR\" \/>\r\n<meta property=\"og:type\" content=\"article\" \/>\r\n<meta property=\"og:title\" content=\"CANTABRIA IRALTONE Shampoing Normalisant S\u00e9bo-R\u00e9gulateur 200ml - Paracherkaoui.ma\" \/>\r\n<meta property=\"og:description\" content=\"Formule multi-actions pour cheveux gras La synergie d\u2019ingr\u00e9dients exclusifs purifie le cuir chevelu en profondeur pour diminuer la s\u00e9borrh\u00e9e et\" \/>\r\n<meta property=\"og:url\" content=\"https:\/\/paracherkaoui.ma\/index.php\/produit\/cantabria-iraltone-shampoing-normalisant-sebo-regulateur-200ml\/\" \/>\r\n<meta property=\"og:site_name\" content=\"Paracherkaoui.ma\" \/>\r\n<meta property=\"article:modified_time\" content=\"2025-12-12T16:59:34+00:00\" \/>\r\n<meta property=\"og:image\" content=\"https:\/\/paracherkaoui.ma\/wp-content\/uploads\/2025\/12\/cantabria-iraltone-shampoing-normalisant-sebo-regulateur-200ml.jpg\" \/>\r\n\t<meta property=\"og:image:width\" content=\"700\" \/>\r\n\t<meta property=\"og:image:height\" content=\"700\" \/>\r\n\t<meta property=\"og:image:type\" content=\"image\/jpeg\" \/>\r\n<meta name=\"twitter:card\" content=\"summary_large_image\" \/>\r\n<meta name=\"twitter:label1\" content=\"Dur\u00e9e de lecture estim\u00e9e\" \/>\n\t<meta name=\"twitter:data1\" content=\"1 minute\" \/>\r\n<script type=\"application\/ld+json\" class=\"yoast-schema-graph\">{\"@context\":\"https:\/\/schema.org\",\"@graph\":[{\"@type\":\"WebPage\",\"@id\":\"https:\/\/paracherkaoui.ma\/index.php\/produit\/cantabria-iraltone-shampoing-normalisant-sebo-regulateur-200ml\/\",\"url\":\"https:\/\/paracherkaoui.ma\/index.php\/produit\/cantabria-iraltone-shampoing-normalisant-sebo-regulateur-200ml\/\",\"name\":\"CANTABRIA IRALTONE Shampoing Normalisant S\u00e9bo-R\u00e9gulateur 200ml - Paracherkaoui.ma\",\"isPartOf\":{\"@id\":\"https:\/\/paracherkaoui.ma\/#website\"},\"primaryImageOfPage\":{\"@id\":\"https:\/\/paracherkaoui.ma\/index.php\/produit\/cantabria-iraltone-shampoing-normalisant-sebo-regulateur-200ml\/#primaryimage\"},\"image\":{\"@id\":\"https:\/\/paracherkaoui.ma\/index.php\/produit\/cantabria-iraltone-shampoing-normalisant-sebo-regulateur-200ml\/#primaryimage\"},\"thumbnailUrl\":\"https:\/\/paracherkaoui.ma\/wp-content\/uploads\/2025\/12\/cantabria-iraltone-shampoing-normalisant-sebo-regulateur-200ml.jpg\",\"datePublished\":\"2025-12-12T16:59:32+00:00\",\"dateModified\":\"2025-12-12T16:59:34+00:00\",\"breadcrumb\":{\"@id\":\"https:\/\/paracherkaoui.ma\/index.php\/produit\/cantabria-iraltone-shampoing-normalisant-sebo-regulateur-200ml\/#breadcrumb\"},\"inLanguage\":\"fr-FR\",\"potentialAction\":[{\"@type\":\"ReadAction\",\"target\":[\"https:\/\/paracherkaoui.ma\/index.php\/produit\/cantabria-iraltone-shampoing-normalisant-sebo-regulateur-200ml\/\"]}]},{\"@type\":\"ImageObject\",\"inLanguage\":\"fr-FR\",\"@id\":\"https:\/\/paracherkaoui.ma\/index.php\/produit\/cantabria-iraltone-shampoing-normalisant-sebo-regulateur-200ml\/#primaryimage\",\"url\":\"https:\/\/paracherkaoui.ma\/wp-content\/uploads\/2025\/12\/cantabria-iraltone-shampoing-normalisant-sebo-regulateur-200ml.jpg\",\"contentUrl\":\"https:\/\/paracherkaoui.ma\/wp-content\/uploads\/2025\/12\/cantabria-iraltone-shampoing-normalisant-sebo-regulateur-200ml.jpg\",\"width\":700,\"height\":700},{\"@type\":\"BreadcrumbList\",\"@id\":\"https:\/\/paracherkaoui.ma\/index.php\/produit\/cantabria-iraltone-shampoing-normalisant-sebo-regulateur-200ml\/#breadcrumb\",\"itemListElement\":[{\"@type\":\"ListItem\",\"position\":1,\"name\":\"Accueil\",\"item\":\"https:\/\/paracherkaoui.ma\/\"},{\"@type\":\"ListItem\",\"position\":2,\"name\":\"Boutique\",\"item\":\"https:\/\/paracherkaoui.ma\/index.php\/boutique\/\"},{\"@type\":\"ListItem\",\"position\":3,\"name\":\"CANTABRIA IRALTONE Shampoing Normalisant S\u00e9bo-R\u00e9gulateur 200ml\"}]},{\"@type\":\"WebSite\",\"@id\":\"https:\/\/paracherkaoui.ma\/#website\",\"url\":\"https:\/\/paracherkaoui.ma\/\",\"name\":\"Paracherkaoui.ma\",\"description\":\"Achetez en ligne sur Paracherkaoui.ma\",\"potentialAction\":[{\"@type\":\"SearchAction\",\"target\":{\"@type\":\"EntryPoint\",\"urlTemplate\":\"https:\/\/paracherkaoui.ma\/?s={search_term_string}\"},\"query-input\":{\"@type\":\"PropertyValueSpecification\",\"valueRequired\":true,\"valueName\":\"search_term_string\"}}],\"inLanguage\":\"fr-FR\"}]}<\/script>\r\n<!-- \/ Yoast SEO plugin. -->","yoast_head_json":{"title":"CANTABRIA IRALTONE Shampoing Normalisant S\u00e9bo-R\u00e9gulateur 200ml - Paracherkaoui.ma","robots":{"index":"index","follow":"follow","max-snippet":"max-snippet:-1","max-image-preview":"max-image-preview:large","max-video-preview":"max-video-preview:-1"},"canonical":"https:\/\/paracherkaoui.ma\/index.php\/produit\/cantabria-iraltone-shampoing-normalisant-sebo-regulateur-200ml\/","og_locale":"fr_FR","og_type":"article","og_title":"CANTABRIA IRALTONE Shampoing Normalisant S\u00e9bo-R\u00e9gulateur 200ml - Paracherkaoui.ma","og_description":"Formule multi-actions pour cheveux gras La synergie d\u2019ingr\u00e9dients exclusifs purifie le cuir chevelu en profondeur pour diminuer la s\u00e9borrh\u00e9e et","og_url":"https:\/\/paracherkaoui.ma\/index.php\/produit\/cantabria-iraltone-shampoing-normalisant-sebo-regulateur-200ml\/","og_site_name":"Paracherkaoui.ma","article_modified_time":"2025-12-12T16:59:34+00:00","og_image":[{"width":700,"height":700,"url":"https:\/\/paracherkaoui.ma\/wp-content\/uploads\/2025\/12\/cantabria-iraltone-shampoing-normalisant-sebo-regulateur-200ml.jpg","type":"image\/jpeg"}],"twitter_card":"summary_large_image","twitter_misc":{"Dur\u00e9e de lecture estim\u00e9e":"1 minute"},"schema":{"@context":"https:\/\/schema.org","@graph":[{"@type":"WebPage","@id":"https:\/\/paracherkaoui.ma\/index.php\/produit\/cantabria-iraltone-shampoing-normalisant-sebo-regulateur-200ml\/","url":"https:\/\/paracherkaoui.ma\/index.php\/produit\/cantabria-iraltone-shampoing-normalisant-sebo-regulateur-200ml\/","name":"CANTABRIA IRALTONE Shampoing Normalisant S\u00e9bo-R\u00e9gulateur 200ml - Paracherkaoui.ma","isPartOf":{"@id":"https:\/\/paracherkaoui.ma\/#website"},"primaryImageOfPage":{"@id":"https:\/\/paracherkaoui.ma\/index.php\/produit\/cantabria-iraltone-shampoing-normalisant-sebo-regulateur-200ml\/#primaryimage"},"image":{"@id":"https:\/\/paracherkaoui.ma\/index.php\/produit\/cantabria-iraltone-shampoing-normalisant-sebo-regulateur-200ml\/#primaryimage"},"thumbnailUrl":"https:\/\/paracherkaoui.ma\/wp-content\/uploads\/2025\/12\/cantabria-iraltone-shampoing-normalisant-sebo-regulateur-200ml.jpg","datePublished":"2025-12-12T16:59:32+00:00","dateModified":"2025-12-12T16:59:34+00:00","breadcrumb":{"@id":"https:\/\/paracherkaoui.ma\/index.php\/produit\/cantabria-iraltone-shampoing-normalisant-sebo-regulateur-200ml\/#breadcrumb"},"inLanguage":"fr-FR","potentialAction":[{"@type":"ReadAction","target":["https:\/\/paracherkaoui.ma\/index.php\/produit\/cantabria-iraltone-shampoing-normalisant-sebo-regulateur-200ml\/"]}]},{"@type":"ImageObject","inLanguage":"fr-FR","@id":"https:\/\/paracherkaoui.ma\/index.php\/produit\/cantabria-iraltone-shampoing-normalisant-sebo-regulateur-200ml\/#primaryimage","url":"https:\/\/paracherkaoui.ma\/wp-content\/uploads\/2025\/12\/cantabria-iraltone-shampoing-normalisant-sebo-regulateur-200ml.jpg","contentUrl":"https:\/\/paracherkaoui.ma\/wp-content\/uploads\/2025\/12\/cantabria-iraltone-shampoing-normalisant-sebo-regulateur-200ml.jpg","width":700,"height":700},{"@type":"BreadcrumbList","@id":"https:\/\/paracherkaoui.ma\/index.php\/produit\/cantabria-iraltone-shampoing-normalisant-sebo-regulateur-200ml\/#breadcrumb","itemListElement":[{"@type":"ListItem","position":1,"name":"Accueil","item":"https:\/\/paracherkaoui.ma\/"},{"@type":"ListItem","position":2,"name":"Boutique","item":"https:\/\/paracherkaoui.ma\/index.php\/boutique\/"},{"@type":"ListItem","position":3,"name":"CANTABRIA IRALTONE Shampoing Normalisant S\u00e9bo-R\u00e9gulateur 200ml"}]},{"@type":"WebSite","@id":"https:\/\/paracherkaoui.ma\/#website","url":"https:\/\/paracherkaoui.ma\/","name":"Paracherkaoui.ma","description":"Achetez en ligne sur Paracherkaoui.ma","potentialAction":[{"@type":"SearchAction","target":{"@type":"EntryPoint","urlTemplate":"https:\/\/paracherkaoui.ma\/?s={search_term_string}"},"query-input":{"@type":"PropertyValueSpecification","valueRequired":true,"valueName":"search_term_string"}}],"inLanguage":"fr-FR"}]}},"_links":{"self":[{"href":"https:\/\/paracherkaoui.ma\/index.php\/wp-json\/wp\/v2\/product\/17421","targetHints":{"allow":["GET"]}}],"collection":[{"href":"https:\/\/paracherkaoui.ma\/index.php\/wp-json\/wp\/v2\/product"}],"about":[{"href":"https:\/\/paracherkaoui.ma\/index.php\/wp-json\/wp\/v2\/types\/product"}],"replies":[{"embeddable":true,"href":"https:\/\/paracherkaoui.ma\/index.php\/wp-json\/wp\/v2\/comments?post=17421"}],"version-history":[{"count":1,"href":"https:\/\/paracherkaoui.ma\/index.php\/wp-json\/wp\/v2\/product\/17421\/revisions"}],"predecessor-version":[{"id":17462,"href":"https:\/\/paracherkaoui.ma\/index.php\/wp-json\/wp\/v2\/product\/17421\/revisions\/17462"}],"wp:featuredmedia":[{"embeddable":true,"href":"https:\/\/paracherkaoui.ma\/index.php\/wp-json\/wp\/v2\/media\/17461"}],"wp:attachment":[{"href":"https:\/\/paracherkaoui.ma\/index.php\/wp-json\/wp\/v2\/media?parent=17421"}],"wp:term":[{"taxonomy":"product_brand","embeddable":true,"href":"https:\/\/paracherkaoui.ma\/index.php\/wp-json\/wp\/v2\/product_brand?post=17421"},{"taxonomy":"product_cat","embeddable":true,"href":"https:\/\/paracherkaoui.ma\/index.php\/wp-json\/wp\/v2\/product_cat?post=17421"},{"taxonomy":"product_tag","embeddable":true,"href":"https:\/\/paracherkaoui.ma\/index.php\/wp-json\/wp\/v2\/product_tag?post=17421"}],"curies":[{"name":"wp","href":"https:\/\/api.w.org\/{rel}","templated":true}]}}