{"id":17334,"date":"2025-12-12T17:59:25","date_gmt":"2025-12-12T16:59:25","guid":{"rendered":"https:\/\/test.ecbeaute.com\/?post_type=product&#038;p=17334"},"modified":"2025-12-12T17:59:26","modified_gmt":"2025-12-12T16:59:26","slug":"vichy-dercos-technique-energy-shampoing-stimulant-anti-chute-200-2","status":"publish","type":"product","link":"https:\/\/paracherkaoui.ma\/index.php\/produit\/vichy-dercos-technique-energy-shampoing-stimulant-anti-chute-200-2\/","title":{"rendered":"VICHY DERCOS TECHNIQUE ENERGY + SHAMPOING STIMULANT ANTI CHUTE 200"},"content":{"rendered":"<p>.elementor-223 .elementor-element.elementor-element-6b1227c4 .elementor-tab-title, .elementor-223 .elementor-element.elementor-element-6b1227c4 .elementor-tab-title:before, .elementor-223 .elementor-element.elementor-element-6b1227c4 .elementor-tab-title:after, .elementor-223 .elementor-element.elementor-element-6b1227c4 .elementor-tab-content, .elementor-223 .elementor-element.elementor-element-6b1227c4 .elementor-tabs-content-wrapper{border-width:0.5px;}.elementor-223 .elementor-element.elementor-element-6b1227c4 .elementor-tab-title{color:#000000;}.elementor-223 .elementor-element.elementor-element-6b1227c4 .elementor-tab-title.elementor-active{color:#00a28d;}.elementor-223 .elementor-element.elementor-element-6b1227c4 .elementor-tab-content{color:#000000;}.elementor-223 .elementor-element.elementor-element-435362f7 .axps-swiper-slider .swiper-slide img{width:auto;}.elementor-223 .elementor-element.elementor-element-435362f7 .wrapper-items:not(.swiper-container-initialized) .item{-ms-flex:0 0 calc(100%\/2);flex:0 0 calc(100%\/2);max-width:calc(100%\/2);}.elementor-223 .elementor-element.elementor-element-435362f7 .wrapper-items .swiper-slide{padding-left:calc(30px\/2);padding-right:calc(30px\/2);}.elementor-223 .elementor-element.elementor-element-435362f7 .wrapper-items .swiper-slide .item-inner{margin-bottom:30px;}.elementor-223 .elementor-element.elementor-element-435362f7 .wrapper-items{margin-left:calc(-30px\/2);margin-right:calc(-30px\/2);}.elementor-223 .elementor-element.elementor-element-435362f7 .swiper-wrapper .item-inner{text-align:center;}.elementor-223 .elementor-element.elementor-element-5b596b19{margin-top:-16px;margin-bottom:0px;}.elementor-223 .elementor-element.elementor-element-65a63ea6 > .elementor-widget-container{margin:-46px 0px 0px 0px;}.elementor-223 .elementor-element.elementor-element-4784ab13 > .elementor-widget-container{margin:-46px 0px 0px 0px;}.elementor-223 .elementor-element.elementor-element-5c37f73a > .elementor-widget-container{margin:-46px 0px 0px 0px;}@media(max-width:1024px){.elementor-223 .elementor-element.elementor-element-435362f7 .wrapper-items:not(.swiper-container-initialized) .item{-ms-flex:0 0 calc(100%\/4);flex:0 0 calc(100%\/4);max-width:calc(100%\/4);}.elementor-223 .elementor-element.elementor-element-435362f7 .wrapper-items .swiper-slide{padding-left:calc(20px\/2);padding-right:calc(20px\/2);}.elementor-223 .elementor-element.elementor-element-435362f7 .wrapper-items .swiper-slide .item-inner{margin-bottom:20px;}.elementor-223 .elementor-element.elementor-element-435362f7 .wrapper-items{margin-left:calc(-20px\/2);margin-right:calc(-20px\/2);}.elementor-223 .elementor-element.elementor-element-65a63ea6 > .elementor-widget-container{margin:-33px 0px 0px 0px;}.elementor-223 .elementor-element.elementor-element-4784ab13 > .elementor-widget-container{margin:-33px 0px 0px 0px;}.elementor-223 .elementor-element.elementor-element-5c37f73a > .elementor-widget-container{margin:-33px 0px 0px 0px;}}@media(max-width:767px){.elementor-223 .elementor-element.elementor-element-435362f7 .wrapper-items:not(.swiper-container-initialized) .item{-ms-flex:0 0 calc(100%\/4);flex:0 0 calc(100%\/4);max-width:calc(100%\/4);}.elementor-223 .elementor-element.elementor-element-435362f7 .wrapper-items .swiper-slide{padding-left:calc(10px\/2);padding-right:calc(10px\/2);}.elementor-223 .elementor-element.elementor-element-435362f7 .wrapper-items .swiper-slide .item-inner{margin-bottom:10px;}.elementor-223 .elementor-element.elementor-element-435362f7 .wrapper-items{margin-left:calc(-10px\/2);margin-right:calc(-10px\/2);}.elementor-223 .elementor-element.elementor-element-4c02d81e{width:50%;}.elementor-223 .elementor-element.elementor-element-65a63ea6 > .elementor-widget-container{margin:-26px 0px 0px 0px;}.elementor-223 .elementor-element.elementor-element-62a0afe2{width:50%;}.elementor-223 .elementor-element.elementor-element-4784ab13 > .elementor-widget-container{margin:-26px 0px 0px 0px;}.elementor-223 .elementor-element.elementor-element-43e47000{width:50%;}.elementor-223 .elementor-element.elementor-element-5c37f73a > .elementor-widget-container{margin:-26px 0px 0px 0px;}}<br \/>\nDescription<br \/>\nConseils d&rsquo;utilisation<br \/>\nComposition<br \/>\nDescription<br \/>\nSon ingr\u00e9dient phare,\u00a0l\u2019Aminexil, mol\u00e9cule brevet\u00e9e issue de 10 ans de recherche, pr\u00e9vient la rigidification du collag\u00e8ne autour de la racine, favorisant une meilleure ancrage du cheveu. Associ\u00e9 au\u00a0Panth\u00e9nol (Pro-vitamine B5)\u00a0aux propri\u00e9t\u00e9s hydratantes et r\u00e9paratrices, et \u00e0 la\u00a0Niacinamide (vitamine B3)\u00a0aux vertus apaisantes, anti-inflammatoires et protectrices, ce trio puissant stimule la microcirculation, apaise le cuir chevelu et redonne de l\u2019\u00e9lasticit\u00e9 aux racines.<br \/>\nSa formule\u00a0hypoallerg\u00e9nique,\u00a0test\u00e9e sous contr\u00f4le dermatologique, respecte les cuirs chevelus sensibles et permet un usage fr\u00e9quent. D\u00e8s les premi\u00e8res utilisations, la chevelure est visiblement plus dense, plus r\u00e9sistante et gagne en volume. Les r\u00e9sultats parlent d\u2019eux-m\u00eames :<br \/>\n+47% de fibres renforc\u00e9es apr\u00e8s 5 utilisations*<br \/>\n+19% de volume pendant 24h*<br \/>\nJusqu\u2019\u00e0 29% de chute en moins avec le protocole Aminexil Clinical 5*<br \/>\nConseils d&rsquo;utilisation<br \/>\nAppliquer une noisette de shampooing sur cheveux mouill\u00e9s.<br \/>\nMasser d\u00e9licatement le cuir chevelu jusqu\u2019\u00e0 obtention d\u2019une mousse.<br \/>\nLaisser poser quelques instants pour permettre l\u2019action des actifs.<br \/>\nRincer abondamment \u00e0 l\u2019eau ti\u00e8de.<br \/>\nPour des r\u00e9sultats renforc\u00e9s, compl\u00e9ter avec le traitement\u00a0Dercos Aminexil Clinical 5.<br \/>\nCe shampooing stimulant anti-chute est votre alli\u00e9 au quotidien pour une chevelure visiblement plus forte, plus dense et plus r\u00e9sistante.<br \/>\nComposition<br \/>\nAQUA \/ WATER \/ EAU, SODIUM LAURETH SULFATE, CITRIC ACID, SODIUM COCOAMPHOACETATE, HEXYLENE GLYCOL, AMMONIUM HYDROXIDE, GLYCOL DISTEARATE, CARBOMER, COCO-BETAINE, DIAMINOPYRIMIDINE OXIDE, NIACINAMIDE, PEG-55 PROPYLENE GLYCOL OLEATE, POLYQUATERNIUM-10, PROPYLENE GLYCOL, SALICYLIC ACID, SODIUM BENZOATE, SODIUM CHLORIDE, SODIUM HYDROXIDE, TOCOPHEROL, PARFUM \/ FRAGRANCE<br \/>\nAjouter au Panier<br \/>\nAjouter au Panier<br \/>\nAjouter au Panier<\/p>\n","protected":false},"excerpt":{"rendered":"<p>.elementor-223 .elementor-element.elementor-element-6b1227c4 .elementor-tab-title, .elementor-223 .elementor-element.elementor-element-6b1227c4 .elementor-tab-title:before, .elementor-223 .elementor-element.elementor-element-6b1227c4 .elementor-tab-title:after, .elementor-223 .elementor-element.elementor-element-6b1227c4 .elementor-tab-content, .elementor-223 .elementor-element.elementor-element-6b1227c4 .elementor-tabs-content-wrapper{border-width:0.5px;}.elementor-223 .elementor-element.elementor-element-6b1227c4 .elementor-tab-title{color:#000000;}.elementor-223 .elementor-element.elementor-element-6b1227c4 .elementor-tab-title.elementor-active{color:#00a28d;}.elementor-223 .elementor-element.elementor-element-6b1227c4<\/p>\n","protected":false},"featured_media":10803,"comment_status":"open","ping_status":"closed","template":"","meta":[],"product_brand":[144],"product_cat":[316],"product_tag":[],"class_list":{"0":"post-17334","1":"product","2":"type-product","3":"status-publish","4":"has-post-thumbnail","6":"product_brand-dercos","7":"product_cat-shampoings-soins-des-cheveux-cheveux","9":"first","10":"instock","11":"sale","12":"shipping-taxable","13":"purchasable","14":"product-type-simple"},"yoast_head":"<!-- This site is optimized with the Yoast SEO plugin v26.6 - https:\/\/yoast.com\/wordpress\/plugins\/seo\/ -->\r\n<title>VICHY DERCOS TECHNIQUE ENERGY + SHAMPOING STIMULANT ANTI CHUTE 200 - Paracherkaoui.ma<\/title>\r\n<meta name=\"robots\" content=\"index, follow, max-snippet:-1, max-image-preview:large, max-video-preview:-1\" \/>\r\n<link rel=\"canonical\" href=\"https:\/\/paracherkaoui.ma\/index.php\/produit\/vichy-dercos-technique-energy-shampoing-stimulant-anti-chute-200-2\/\" \/>\r\n<meta property=\"og:locale\" content=\"fr_FR\" \/>\r\n<meta property=\"og:type\" content=\"article\" \/>\r\n<meta property=\"og:title\" content=\"VICHY DERCOS TECHNIQUE ENERGY + SHAMPOING STIMULANT ANTI CHUTE 200 - Paracherkaoui.ma\" \/>\r\n<meta property=\"og:description\" content=\".elementor-223 .elementor-element.elementor-element-6b1227c4 .elementor-tab-title, .elementor-223 .elementor-element.elementor-element-6b1227c4 .elementor-tab-title:before, .elementor-223 .elementor-element.elementor-element-6b1227c4 .elementor-tab-title:after, .elementor-223 .elementor-element.elementor-element-6b1227c4 .elementor-tab-content, .elementor-223 .elementor-element.elementor-element-6b1227c4 .elementor-tabs-content-wrapper{border-width:0.5px;}.elementor-223 .elementor-element.elementor-element-6b1227c4 .elementor-tab-title{color:#000000;}.elementor-223 .elementor-element.elementor-element-6b1227c4 .elementor-tab-title.elementor-active{color:#00a28d;}.elementor-223 .elementor-element.elementor-element-6b1227c4\" \/>\r\n<meta property=\"og:url\" content=\"https:\/\/paracherkaoui.ma\/index.php\/produit\/vichy-dercos-technique-energy-shampoing-stimulant-anti-chute-200-2\/\" \/>\r\n<meta property=\"og:site_name\" content=\"Paracherkaoui.ma\" \/>\r\n<meta property=\"article:modified_time\" content=\"2025-12-12T16:59:26+00:00\" \/>\r\n<meta property=\"og:image\" content=\"https:\/\/paracherkaoui.ma\/wp-content\/uploads\/2025\/12\/dercos-vichy-dercos-technique-energy-shampoing-stimulant-anti-chute-200-shampoings-anti-chute.jpg\" \/>\r\n\t<meta property=\"og:image:width\" content=\"700\" \/>\r\n\t<meta property=\"og:image:height\" content=\"700\" \/>\r\n\t<meta property=\"og:image:type\" content=\"image\/jpeg\" \/>\r\n<meta name=\"twitter:card\" content=\"summary_large_image\" \/>\r\n<meta name=\"twitter:label1\" content=\"Dur\u00e9e de lecture estim\u00e9e\" \/>\n\t<meta name=\"twitter:data1\" content=\"3 minutes\" \/>\r\n<script type=\"application\/ld+json\" class=\"yoast-schema-graph\">{\"@context\":\"https:\/\/schema.org\",\"@graph\":[{\"@type\":\"WebPage\",\"@id\":\"https:\/\/paracherkaoui.ma\/index.php\/produit\/vichy-dercos-technique-energy-shampoing-stimulant-anti-chute-200-2\/\",\"url\":\"https:\/\/paracherkaoui.ma\/index.php\/produit\/vichy-dercos-technique-energy-shampoing-stimulant-anti-chute-200-2\/\",\"name\":\"VICHY DERCOS TECHNIQUE ENERGY + SHAMPOING STIMULANT ANTI CHUTE 200 - Paracherkaoui.ma\",\"isPartOf\":{\"@id\":\"https:\/\/paracherkaoui.ma\/#website\"},\"primaryImageOfPage\":{\"@id\":\"https:\/\/paracherkaoui.ma\/index.php\/produit\/vichy-dercos-technique-energy-shampoing-stimulant-anti-chute-200-2\/#primaryimage\"},\"image\":{\"@id\":\"https:\/\/paracherkaoui.ma\/index.php\/produit\/vichy-dercos-technique-energy-shampoing-stimulant-anti-chute-200-2\/#primaryimage\"},\"thumbnailUrl\":\"https:\/\/paracherkaoui.ma\/wp-content\/uploads\/2025\/12\/dercos-vichy-dercos-technique-energy-shampoing-stimulant-anti-chute-200-shampoings-anti-chute.jpg\",\"datePublished\":\"2025-12-12T16:59:25+00:00\",\"dateModified\":\"2025-12-12T16:59:26+00:00\",\"breadcrumb\":{\"@id\":\"https:\/\/paracherkaoui.ma\/index.php\/produit\/vichy-dercos-technique-energy-shampoing-stimulant-anti-chute-200-2\/#breadcrumb\"},\"inLanguage\":\"fr-FR\",\"potentialAction\":[{\"@type\":\"ReadAction\",\"target\":[\"https:\/\/paracherkaoui.ma\/index.php\/produit\/vichy-dercos-technique-energy-shampoing-stimulant-anti-chute-200-2\/\"]}]},{\"@type\":\"ImageObject\",\"inLanguage\":\"fr-FR\",\"@id\":\"https:\/\/paracherkaoui.ma\/index.php\/produit\/vichy-dercos-technique-energy-shampoing-stimulant-anti-chute-200-2\/#primaryimage\",\"url\":\"https:\/\/paracherkaoui.ma\/wp-content\/uploads\/2025\/12\/dercos-vichy-dercos-technique-energy-shampoing-stimulant-anti-chute-200-shampoings-anti-chute.jpg\",\"contentUrl\":\"https:\/\/paracherkaoui.ma\/wp-content\/uploads\/2025\/12\/dercos-vichy-dercos-technique-energy-shampoing-stimulant-anti-chute-200-shampoings-anti-chute.jpg\",\"width\":700,\"height\":700},{\"@type\":\"BreadcrumbList\",\"@id\":\"https:\/\/paracherkaoui.ma\/index.php\/produit\/vichy-dercos-technique-energy-shampoing-stimulant-anti-chute-200-2\/#breadcrumb\",\"itemListElement\":[{\"@type\":\"ListItem\",\"position\":1,\"name\":\"Accueil\",\"item\":\"https:\/\/paracherkaoui.ma\/\"},{\"@type\":\"ListItem\",\"position\":2,\"name\":\"Boutique\",\"item\":\"https:\/\/paracherkaoui.ma\/index.php\/boutique\/\"},{\"@type\":\"ListItem\",\"position\":3,\"name\":\"VICHY DERCOS TECHNIQUE ENERGY + SHAMPOING STIMULANT ANTI CHUTE 200\"}]},{\"@type\":\"WebSite\",\"@id\":\"https:\/\/paracherkaoui.ma\/#website\",\"url\":\"https:\/\/paracherkaoui.ma\/\",\"name\":\"Paracherkaoui.ma\",\"description\":\"Achetez en ligne sur Paracherkaoui.ma\",\"potentialAction\":[{\"@type\":\"SearchAction\",\"target\":{\"@type\":\"EntryPoint\",\"urlTemplate\":\"https:\/\/paracherkaoui.ma\/?s={search_term_string}\"},\"query-input\":{\"@type\":\"PropertyValueSpecification\",\"valueRequired\":true,\"valueName\":\"search_term_string\"}}],\"inLanguage\":\"fr-FR\"}]}<\/script>\r\n<!-- \/ Yoast SEO plugin. -->","yoast_head_json":{"title":"VICHY DERCOS TECHNIQUE ENERGY + SHAMPOING STIMULANT ANTI CHUTE 200 - Paracherkaoui.ma","robots":{"index":"index","follow":"follow","max-snippet":"max-snippet:-1","max-image-preview":"max-image-preview:large","max-video-preview":"max-video-preview:-1"},"canonical":"https:\/\/paracherkaoui.ma\/index.php\/produit\/vichy-dercos-technique-energy-shampoing-stimulant-anti-chute-200-2\/","og_locale":"fr_FR","og_type":"article","og_title":"VICHY DERCOS TECHNIQUE ENERGY + SHAMPOING STIMULANT ANTI CHUTE 200 - Paracherkaoui.ma","og_description":".elementor-223 .elementor-element.elementor-element-6b1227c4 .elementor-tab-title, .elementor-223 .elementor-element.elementor-element-6b1227c4 .elementor-tab-title:before, .elementor-223 .elementor-element.elementor-element-6b1227c4 .elementor-tab-title:after, .elementor-223 .elementor-element.elementor-element-6b1227c4 .elementor-tab-content, .elementor-223 .elementor-element.elementor-element-6b1227c4 .elementor-tabs-content-wrapper{border-width:0.5px;}.elementor-223 .elementor-element.elementor-element-6b1227c4 .elementor-tab-title{color:#000000;}.elementor-223 .elementor-element.elementor-element-6b1227c4 .elementor-tab-title.elementor-active{color:#00a28d;}.elementor-223 .elementor-element.elementor-element-6b1227c4","og_url":"https:\/\/paracherkaoui.ma\/index.php\/produit\/vichy-dercos-technique-energy-shampoing-stimulant-anti-chute-200-2\/","og_site_name":"Paracherkaoui.ma","article_modified_time":"2025-12-12T16:59:26+00:00","og_image":[{"width":700,"height":700,"url":"https:\/\/paracherkaoui.ma\/wp-content\/uploads\/2025\/12\/dercos-vichy-dercos-technique-energy-shampoing-stimulant-anti-chute-200-shampoings-anti-chute.jpg","type":"image\/jpeg"}],"twitter_card":"summary_large_image","twitter_misc":{"Dur\u00e9e de lecture estim\u00e9e":"3 minutes"},"schema":{"@context":"https:\/\/schema.org","@graph":[{"@type":"WebPage","@id":"https:\/\/paracherkaoui.ma\/index.php\/produit\/vichy-dercos-technique-energy-shampoing-stimulant-anti-chute-200-2\/","url":"https:\/\/paracherkaoui.ma\/index.php\/produit\/vichy-dercos-technique-energy-shampoing-stimulant-anti-chute-200-2\/","name":"VICHY DERCOS TECHNIQUE ENERGY + SHAMPOING STIMULANT ANTI CHUTE 200 - Paracherkaoui.ma","isPartOf":{"@id":"https:\/\/paracherkaoui.ma\/#website"},"primaryImageOfPage":{"@id":"https:\/\/paracherkaoui.ma\/index.php\/produit\/vichy-dercos-technique-energy-shampoing-stimulant-anti-chute-200-2\/#primaryimage"},"image":{"@id":"https:\/\/paracherkaoui.ma\/index.php\/produit\/vichy-dercos-technique-energy-shampoing-stimulant-anti-chute-200-2\/#primaryimage"},"thumbnailUrl":"https:\/\/paracherkaoui.ma\/wp-content\/uploads\/2025\/12\/dercos-vichy-dercos-technique-energy-shampoing-stimulant-anti-chute-200-shampoings-anti-chute.jpg","datePublished":"2025-12-12T16:59:25+00:00","dateModified":"2025-12-12T16:59:26+00:00","breadcrumb":{"@id":"https:\/\/paracherkaoui.ma\/index.php\/produit\/vichy-dercos-technique-energy-shampoing-stimulant-anti-chute-200-2\/#breadcrumb"},"inLanguage":"fr-FR","potentialAction":[{"@type":"ReadAction","target":["https:\/\/paracherkaoui.ma\/index.php\/produit\/vichy-dercos-technique-energy-shampoing-stimulant-anti-chute-200-2\/"]}]},{"@type":"ImageObject","inLanguage":"fr-FR","@id":"https:\/\/paracherkaoui.ma\/index.php\/produit\/vichy-dercos-technique-energy-shampoing-stimulant-anti-chute-200-2\/#primaryimage","url":"https:\/\/paracherkaoui.ma\/wp-content\/uploads\/2025\/12\/dercos-vichy-dercos-technique-energy-shampoing-stimulant-anti-chute-200-shampoings-anti-chute.jpg","contentUrl":"https:\/\/paracherkaoui.ma\/wp-content\/uploads\/2025\/12\/dercos-vichy-dercos-technique-energy-shampoing-stimulant-anti-chute-200-shampoings-anti-chute.jpg","width":700,"height":700},{"@type":"BreadcrumbList","@id":"https:\/\/paracherkaoui.ma\/index.php\/produit\/vichy-dercos-technique-energy-shampoing-stimulant-anti-chute-200-2\/#breadcrumb","itemListElement":[{"@type":"ListItem","position":1,"name":"Accueil","item":"https:\/\/paracherkaoui.ma\/"},{"@type":"ListItem","position":2,"name":"Boutique","item":"https:\/\/paracherkaoui.ma\/index.php\/boutique\/"},{"@type":"ListItem","position":3,"name":"VICHY DERCOS TECHNIQUE ENERGY + SHAMPOING STIMULANT ANTI CHUTE 200"}]},{"@type":"WebSite","@id":"https:\/\/paracherkaoui.ma\/#website","url":"https:\/\/paracherkaoui.ma\/","name":"Paracherkaoui.ma","description":"Achetez en ligne sur Paracherkaoui.ma","potentialAction":[{"@type":"SearchAction","target":{"@type":"EntryPoint","urlTemplate":"https:\/\/paracherkaoui.ma\/?s={search_term_string}"},"query-input":{"@type":"PropertyValueSpecification","valueRequired":true,"valueName":"search_term_string"}}],"inLanguage":"fr-FR"}]}},"_links":{"self":[{"href":"https:\/\/paracherkaoui.ma\/index.php\/wp-json\/wp\/v2\/product\/17334","targetHints":{"allow":["GET"]}}],"collection":[{"href":"https:\/\/paracherkaoui.ma\/index.php\/wp-json\/wp\/v2\/product"}],"about":[{"href":"https:\/\/paracherkaoui.ma\/index.php\/wp-json\/wp\/v2\/types\/product"}],"replies":[{"embeddable":true,"href":"https:\/\/paracherkaoui.ma\/index.php\/wp-json\/wp\/v2\/comments?post=17334"}],"version-history":[{"count":1,"href":"https:\/\/paracherkaoui.ma\/index.php\/wp-json\/wp\/v2\/product\/17334\/revisions"}],"predecessor-version":[{"id":17367,"href":"https:\/\/paracherkaoui.ma\/index.php\/wp-json\/wp\/v2\/product\/17334\/revisions\/17367"}],"wp:featuredmedia":[{"embeddable":true,"href":"https:\/\/paracherkaoui.ma\/index.php\/wp-json\/wp\/v2\/media\/10803"}],"wp:attachment":[{"href":"https:\/\/paracherkaoui.ma\/index.php\/wp-json\/wp\/v2\/media?parent=17334"}],"wp:term":[{"taxonomy":"product_brand","embeddable":true,"href":"https:\/\/paracherkaoui.ma\/index.php\/wp-json\/wp\/v2\/product_brand?post=17334"},{"taxonomy":"product_cat","embeddable":true,"href":"https:\/\/paracherkaoui.ma\/index.php\/wp-json\/wp\/v2\/product_cat?post=17334"},{"taxonomy":"product_tag","embeddable":true,"href":"https:\/\/paracherkaoui.ma\/index.php\/wp-json\/wp\/v2\/product_tag?post=17334"}],"curies":[{"name":"wp","href":"https:\/\/api.w.org\/{rel}","templated":true}]}}