{"id":17331,"date":"2025-12-12T17:59:24","date_gmt":"2025-12-12T16:59:24","guid":{"rendered":"https:\/\/test.ecbeaute.com\/?post_type=product&#038;p=17331"},"modified":"2025-12-12T17:59:26","modified_gmt":"2025-12-12T16:59:26","slug":"dercos-ds-2-en-1-shampoing-anti-pelliculaire-demelant-traitant-200-ml","status":"publish","type":"product","link":"https:\/\/paracherkaoui.ma\/index.php\/produit\/dercos-ds-2-en-1-shampoing-anti-pelliculaire-demelant-traitant-200-ml\/","title":{"rendered":"DERCOS DS 2 EN 1 SHAMPOING ANTI PELLICULAIRE DEMELANT TRAITANT 200 ML"},"content":{"rendered":"<p>\u00c9liminez les pellicules en un clin d&rsquo;\u0153il et retrouvez un cuir chevelu sain et apais\u00e9. Le Disulfure de S\u00e9l\u00e9nium, actif reconnu pour ses propri\u00e9t\u00e9s anti-pelliculaires, cible les causes profondes des pellicules d\u00e8s la premi\u00e8re application. De plus, l&rsquo;acide hyaluronique p\u00e9n\u00e8tre en profondeur dans la fibre capillaire pour une hydratation intense et durable jusqu&rsquo;\u00e0 72 heures. Vos cheveux sont plus doux, plus brillants et faciles \u00e0 coiffer.<br \/>\nUn double b\u00e9n\u00e9fice pour des cheveux sublimes<br \/>\nAction anti-pelliculaire imm\u00e9diate et durable : Dites adieu aux pellicules visibles et aux d\u00e9mangeaisons gr\u00e2ce \u00e0 une efficacit\u00e9 prouv\u00e9e cliniquement.<br \/>\nHydratation intense : L&rsquo;acide hyaluronique nourrit en profondeur vos cheveux, les laissant doux et brillants.<br \/>\nFormule 2 en 1 pratique : Shampooing et soin en un seul produit pour un gain de temps pr\u00e9cieux.<br \/>\nConvient \u00e0 tous les types de cheveux : Sa formule douce respecte votre cuir chevelu.<br \/>\nR\u00e9sultats visibles d\u00e8s la premi\u00e8re utilisation : Un cuir chevelu sain et apais\u00e9, des cheveux plus beaux.<br \/>\nConseils d&rsquo;utilisation<br \/>\nAppliquez sur cheveux mouill\u00e9s, massez d\u00e9licatement puis laissez agir 2 minutes. Rincez abondamment. Pour des r\u00e9sultats optimaux, utilisez en cure de 4 semaines, 3 fois par semaine.<br \/>\nPr\u00e9cautions d&#8217;emploi<br \/>\n\u00c9vitez le contact avec les yeux. En cas de contact, rincez abondamment \u00e0 l&rsquo;eau claire. Ne pas appliquer sur une peau l\u00e9s\u00e9e ou irrit\u00e9e.<br \/>\nComposition<br \/>\nAQUA \/ WATER \/ EAU \u2022 SODIUM LAURETH SULFATE \u2022 DIMETHICONE \u2022 GLYCOL DISTEARATE \u2022 COCO-BETAINE \u2022 GLYCERIN \u2022 PPG-5-CETETH-20 \u2022 SELENIUM SULFIDE \u2022 CARBOMER \u2022 CI 47005 \/ ACID YELLOW 3 \u2022 CITRIC ACID \u2022 MENTHOL \u2022 2-OLEAMIDO-1,3-OCTADECANEDIOL \u2022 SALICYLIC ACID \u2022 SODIUM BENZOATE \u2022 SODIUM CHLORIDE \u2022 SODIUM HYALURONATE \u2022 SODIUM HYDROXIDE \u2022 TOCOPHERYL ACETATE \u2022 PARFUM \/ FRAGRANCE.<\/p>\n","protected":false},"excerpt":{"rendered":"<p>\u00c9liminez les pellicules en un clin d&rsquo;\u0153il et retrouvez un cuir chevelu sain et apais\u00e9. Le Disulfure de S\u00e9l\u00e9nium, actif<\/p>\n","protected":false},"featured_media":17361,"comment_status":"open","ping_status":"closed","template":"","meta":[],"product_brand":[144],"product_cat":[316],"product_tag":[],"class_list":{"0":"post-17331","1":"product","2":"type-product","3":"status-publish","4":"has-post-thumbnail","6":"product_brand-dercos","7":"product_cat-shampoings-soins-des-cheveux-cheveux","9":"first","10":"instock","11":"sale","12":"shipping-taxable","13":"purchasable","14":"product-type-simple"},"yoast_head":"<!-- This site is optimized with the Yoast SEO plugin v26.6 - https:\/\/yoast.com\/wordpress\/plugins\/seo\/ -->\r\n<title>DERCOS DS 2 EN 1 SHAMPOING ANTI PELLICULAIRE DEMELANT TRAITANT 200 ML - Paracherkaoui.ma<\/title>\r\n<meta name=\"robots\" content=\"index, follow, max-snippet:-1, max-image-preview:large, max-video-preview:-1\" \/>\r\n<link rel=\"canonical\" href=\"https:\/\/paracherkaoui.ma\/index.php\/produit\/dercos-ds-2-en-1-shampoing-anti-pelliculaire-demelant-traitant-200-ml\/\" \/>\r\n<meta property=\"og:locale\" content=\"fr_FR\" \/>\r\n<meta property=\"og:type\" content=\"article\" \/>\r\n<meta property=\"og:title\" content=\"DERCOS DS 2 EN 1 SHAMPOING ANTI PELLICULAIRE DEMELANT TRAITANT 200 ML - Paracherkaoui.ma\" \/>\r\n<meta property=\"og:description\" content=\"\u00c9liminez les pellicules en un clin d&rsquo;\u0153il et retrouvez un cuir chevelu sain et apais\u00e9. Le Disulfure de S\u00e9l\u00e9nium, actif\" \/>\r\n<meta property=\"og:url\" content=\"https:\/\/paracherkaoui.ma\/index.php\/produit\/dercos-ds-2-en-1-shampoing-anti-pelliculaire-demelant-traitant-200-ml\/\" \/>\r\n<meta property=\"og:site_name\" content=\"Paracherkaoui.ma\" \/>\r\n<meta property=\"article:modified_time\" content=\"2025-12-12T16:59:26+00:00\" \/>\r\n<meta property=\"og:image\" content=\"https:\/\/paracherkaoui.ma\/wp-content\/uploads\/2025\/12\/dercos-dercos-ds-2-en-1-shampoing-anti-pelliculaire-demelant-traitant-200-ml-shampoings-anti-pelliculaires.jpg\" \/>\r\n\t<meta property=\"og:image:width\" content=\"700\" \/>\r\n\t<meta property=\"og:image:height\" content=\"700\" \/>\r\n\t<meta property=\"og:image:type\" content=\"image\/jpeg\" \/>\r\n<meta name=\"twitter:card\" content=\"summary_large_image\" \/>\r\n<meta name=\"twitter:label1\" content=\"Dur\u00e9e de lecture estim\u00e9e\" \/>\n\t<meta name=\"twitter:data1\" content=\"1 minute\" \/>\r\n<script type=\"application\/ld+json\" class=\"yoast-schema-graph\">{\"@context\":\"https:\/\/schema.org\",\"@graph\":[{\"@type\":\"WebPage\",\"@id\":\"https:\/\/paracherkaoui.ma\/index.php\/produit\/dercos-ds-2-en-1-shampoing-anti-pelliculaire-demelant-traitant-200-ml\/\",\"url\":\"https:\/\/paracherkaoui.ma\/index.php\/produit\/dercos-ds-2-en-1-shampoing-anti-pelliculaire-demelant-traitant-200-ml\/\",\"name\":\"DERCOS DS 2 EN 1 SHAMPOING ANTI PELLICULAIRE DEMELANT TRAITANT 200 ML - Paracherkaoui.ma\",\"isPartOf\":{\"@id\":\"https:\/\/paracherkaoui.ma\/#website\"},\"primaryImageOfPage\":{\"@id\":\"https:\/\/paracherkaoui.ma\/index.php\/produit\/dercos-ds-2-en-1-shampoing-anti-pelliculaire-demelant-traitant-200-ml\/#primaryimage\"},\"image\":{\"@id\":\"https:\/\/paracherkaoui.ma\/index.php\/produit\/dercos-ds-2-en-1-shampoing-anti-pelliculaire-demelant-traitant-200-ml\/#primaryimage\"},\"thumbnailUrl\":\"https:\/\/paracherkaoui.ma\/wp-content\/uploads\/2025\/12\/dercos-dercos-ds-2-en-1-shampoing-anti-pelliculaire-demelant-traitant-200-ml-shampoings-anti-pelliculaires.jpg\",\"datePublished\":\"2025-12-12T16:59:24+00:00\",\"dateModified\":\"2025-12-12T16:59:26+00:00\",\"breadcrumb\":{\"@id\":\"https:\/\/paracherkaoui.ma\/index.php\/produit\/dercos-ds-2-en-1-shampoing-anti-pelliculaire-demelant-traitant-200-ml\/#breadcrumb\"},\"inLanguage\":\"fr-FR\",\"potentialAction\":[{\"@type\":\"ReadAction\",\"target\":[\"https:\/\/paracherkaoui.ma\/index.php\/produit\/dercos-ds-2-en-1-shampoing-anti-pelliculaire-demelant-traitant-200-ml\/\"]}]},{\"@type\":\"ImageObject\",\"inLanguage\":\"fr-FR\",\"@id\":\"https:\/\/paracherkaoui.ma\/index.php\/produit\/dercos-ds-2-en-1-shampoing-anti-pelliculaire-demelant-traitant-200-ml\/#primaryimage\",\"url\":\"https:\/\/paracherkaoui.ma\/wp-content\/uploads\/2025\/12\/dercos-dercos-ds-2-en-1-shampoing-anti-pelliculaire-demelant-traitant-200-ml-shampoings-anti-pelliculaires.jpg\",\"contentUrl\":\"https:\/\/paracherkaoui.ma\/wp-content\/uploads\/2025\/12\/dercos-dercos-ds-2-en-1-shampoing-anti-pelliculaire-demelant-traitant-200-ml-shampoings-anti-pelliculaires.jpg\",\"width\":700,\"height\":700},{\"@type\":\"BreadcrumbList\",\"@id\":\"https:\/\/paracherkaoui.ma\/index.php\/produit\/dercos-ds-2-en-1-shampoing-anti-pelliculaire-demelant-traitant-200-ml\/#breadcrumb\",\"itemListElement\":[{\"@type\":\"ListItem\",\"position\":1,\"name\":\"Accueil\",\"item\":\"https:\/\/paracherkaoui.ma\/\"},{\"@type\":\"ListItem\",\"position\":2,\"name\":\"Boutique\",\"item\":\"https:\/\/paracherkaoui.ma\/index.php\/boutique\/\"},{\"@type\":\"ListItem\",\"position\":3,\"name\":\"DERCOS DS 2 EN 1 SHAMPOING ANTI PELLICULAIRE DEMELANT TRAITANT 200 ML\"}]},{\"@type\":\"WebSite\",\"@id\":\"https:\/\/paracherkaoui.ma\/#website\",\"url\":\"https:\/\/paracherkaoui.ma\/\",\"name\":\"Paracherkaoui.ma\",\"description\":\"Achetez en ligne sur Paracherkaoui.ma\",\"potentialAction\":[{\"@type\":\"SearchAction\",\"target\":{\"@type\":\"EntryPoint\",\"urlTemplate\":\"https:\/\/paracherkaoui.ma\/?s={search_term_string}\"},\"query-input\":{\"@type\":\"PropertyValueSpecification\",\"valueRequired\":true,\"valueName\":\"search_term_string\"}}],\"inLanguage\":\"fr-FR\"}]}<\/script>\r\n<!-- \/ Yoast SEO plugin. -->","yoast_head_json":{"title":"DERCOS DS 2 EN 1 SHAMPOING ANTI PELLICULAIRE DEMELANT TRAITANT 200 ML - Paracherkaoui.ma","robots":{"index":"index","follow":"follow","max-snippet":"max-snippet:-1","max-image-preview":"max-image-preview:large","max-video-preview":"max-video-preview:-1"},"canonical":"https:\/\/paracherkaoui.ma\/index.php\/produit\/dercos-ds-2-en-1-shampoing-anti-pelliculaire-demelant-traitant-200-ml\/","og_locale":"fr_FR","og_type":"article","og_title":"DERCOS DS 2 EN 1 SHAMPOING ANTI PELLICULAIRE DEMELANT TRAITANT 200 ML - Paracherkaoui.ma","og_description":"\u00c9liminez les pellicules en un clin d&rsquo;\u0153il et retrouvez un cuir chevelu sain et apais\u00e9. Le Disulfure de S\u00e9l\u00e9nium, actif","og_url":"https:\/\/paracherkaoui.ma\/index.php\/produit\/dercos-ds-2-en-1-shampoing-anti-pelliculaire-demelant-traitant-200-ml\/","og_site_name":"Paracherkaoui.ma","article_modified_time":"2025-12-12T16:59:26+00:00","og_image":[{"width":700,"height":700,"url":"https:\/\/paracherkaoui.ma\/wp-content\/uploads\/2025\/12\/dercos-dercos-ds-2-en-1-shampoing-anti-pelliculaire-demelant-traitant-200-ml-shampoings-anti-pelliculaires.jpg","type":"image\/jpeg"}],"twitter_card":"summary_large_image","twitter_misc":{"Dur\u00e9e de lecture estim\u00e9e":"1 minute"},"schema":{"@context":"https:\/\/schema.org","@graph":[{"@type":"WebPage","@id":"https:\/\/paracherkaoui.ma\/index.php\/produit\/dercos-ds-2-en-1-shampoing-anti-pelliculaire-demelant-traitant-200-ml\/","url":"https:\/\/paracherkaoui.ma\/index.php\/produit\/dercos-ds-2-en-1-shampoing-anti-pelliculaire-demelant-traitant-200-ml\/","name":"DERCOS DS 2 EN 1 SHAMPOING ANTI PELLICULAIRE DEMELANT TRAITANT 200 ML - Paracherkaoui.ma","isPartOf":{"@id":"https:\/\/paracherkaoui.ma\/#website"},"primaryImageOfPage":{"@id":"https:\/\/paracherkaoui.ma\/index.php\/produit\/dercos-ds-2-en-1-shampoing-anti-pelliculaire-demelant-traitant-200-ml\/#primaryimage"},"image":{"@id":"https:\/\/paracherkaoui.ma\/index.php\/produit\/dercos-ds-2-en-1-shampoing-anti-pelliculaire-demelant-traitant-200-ml\/#primaryimage"},"thumbnailUrl":"https:\/\/paracherkaoui.ma\/wp-content\/uploads\/2025\/12\/dercos-dercos-ds-2-en-1-shampoing-anti-pelliculaire-demelant-traitant-200-ml-shampoings-anti-pelliculaires.jpg","datePublished":"2025-12-12T16:59:24+00:00","dateModified":"2025-12-12T16:59:26+00:00","breadcrumb":{"@id":"https:\/\/paracherkaoui.ma\/index.php\/produit\/dercos-ds-2-en-1-shampoing-anti-pelliculaire-demelant-traitant-200-ml\/#breadcrumb"},"inLanguage":"fr-FR","potentialAction":[{"@type":"ReadAction","target":["https:\/\/paracherkaoui.ma\/index.php\/produit\/dercos-ds-2-en-1-shampoing-anti-pelliculaire-demelant-traitant-200-ml\/"]}]},{"@type":"ImageObject","inLanguage":"fr-FR","@id":"https:\/\/paracherkaoui.ma\/index.php\/produit\/dercos-ds-2-en-1-shampoing-anti-pelliculaire-demelant-traitant-200-ml\/#primaryimage","url":"https:\/\/paracherkaoui.ma\/wp-content\/uploads\/2025\/12\/dercos-dercos-ds-2-en-1-shampoing-anti-pelliculaire-demelant-traitant-200-ml-shampoings-anti-pelliculaires.jpg","contentUrl":"https:\/\/paracherkaoui.ma\/wp-content\/uploads\/2025\/12\/dercos-dercos-ds-2-en-1-shampoing-anti-pelliculaire-demelant-traitant-200-ml-shampoings-anti-pelliculaires.jpg","width":700,"height":700},{"@type":"BreadcrumbList","@id":"https:\/\/paracherkaoui.ma\/index.php\/produit\/dercos-ds-2-en-1-shampoing-anti-pelliculaire-demelant-traitant-200-ml\/#breadcrumb","itemListElement":[{"@type":"ListItem","position":1,"name":"Accueil","item":"https:\/\/paracherkaoui.ma\/"},{"@type":"ListItem","position":2,"name":"Boutique","item":"https:\/\/paracherkaoui.ma\/index.php\/boutique\/"},{"@type":"ListItem","position":3,"name":"DERCOS DS 2 EN 1 SHAMPOING ANTI PELLICULAIRE DEMELANT TRAITANT 200 ML"}]},{"@type":"WebSite","@id":"https:\/\/paracherkaoui.ma\/#website","url":"https:\/\/paracherkaoui.ma\/","name":"Paracherkaoui.ma","description":"Achetez en ligne sur Paracherkaoui.ma","potentialAction":[{"@type":"SearchAction","target":{"@type":"EntryPoint","urlTemplate":"https:\/\/paracherkaoui.ma\/?s={search_term_string}"},"query-input":{"@type":"PropertyValueSpecification","valueRequired":true,"valueName":"search_term_string"}}],"inLanguage":"fr-FR"}]}},"_links":{"self":[{"href":"https:\/\/paracherkaoui.ma\/index.php\/wp-json\/wp\/v2\/product\/17331","targetHints":{"allow":["GET"]}}],"collection":[{"href":"https:\/\/paracherkaoui.ma\/index.php\/wp-json\/wp\/v2\/product"}],"about":[{"href":"https:\/\/paracherkaoui.ma\/index.php\/wp-json\/wp\/v2\/types\/product"}],"replies":[{"embeddable":true,"href":"https:\/\/paracherkaoui.ma\/index.php\/wp-json\/wp\/v2\/comments?post=17331"}],"version-history":[{"count":1,"href":"https:\/\/paracherkaoui.ma\/index.php\/wp-json\/wp\/v2\/product\/17331\/revisions"}],"predecessor-version":[{"id":17362,"href":"https:\/\/paracherkaoui.ma\/index.php\/wp-json\/wp\/v2\/product\/17331\/revisions\/17362"}],"wp:featuredmedia":[{"embeddable":true,"href":"https:\/\/paracherkaoui.ma\/index.php\/wp-json\/wp\/v2\/media\/17361"}],"wp:attachment":[{"href":"https:\/\/paracherkaoui.ma\/index.php\/wp-json\/wp\/v2\/media?parent=17331"}],"wp:term":[{"taxonomy":"product_brand","embeddable":true,"href":"https:\/\/paracherkaoui.ma\/index.php\/wp-json\/wp\/v2\/product_brand?post=17331"},{"taxonomy":"product_cat","embeddable":true,"href":"https:\/\/paracherkaoui.ma\/index.php\/wp-json\/wp\/v2\/product_cat?post=17331"},{"taxonomy":"product_tag","embeddable":true,"href":"https:\/\/paracherkaoui.ma\/index.php\/wp-json\/wp\/v2\/product_tag?post=17331"}],"curies":[{"name":"wp","href":"https:\/\/api.w.org\/{rel}","templated":true}]}}