{"id":17329,"date":"2025-12-12T17:59:24","date_gmt":"2025-12-12T16:59:24","guid":{"rendered":"https:\/\/test.ecbeaute.com\/?post_type=product&#038;p=17329"},"modified":"2025-12-12T17:59:26","modified_gmt":"2025-12-12T16:59:26","slug":"klorane-lait-davoine-shampooing-sec-extra-doux-spray-tous-types-de-cheveux-150-ml-2","status":"publish","type":"product","link":"https:\/\/paracherkaoui.ma\/index.php\/produit\/klorane-lait-davoine-shampooing-sec-extra-doux-spray-tous-types-de-cheveux-150-ml-2\/","title":{"rendered":"KLORANE LAIT D&rsquo;AVOINE SHAMPOOING SEC EXTRA DOUX SPRAY TOUS TYPES DE CHEVEUX 150 ML"},"content":{"rendered":"<p>\u00c9labor\u00e9 \u00e0 partir de lait d&rsquo;Avoine adoucissant et de poudres d&rsquo;origine naturelle \u00e0 tr\u00e8s haut pouvoir absorbant, ce Shampoing sec nettoie en douceur, sans agresser. Utilis\u00e9 entre 2 shampoings et vaporis\u00e9 sur cheveux secs, il redonne volume, fra\u00eecheur et texture aux cheveux dans un d\u00e9licat parfum. Son format spray offre une application facile et ne laisse pas de r\u00e9sidus.<br \/>\nLes bienfaits :<br \/>\n&#8211; Nettoyant : la formule extra-douce sans rin\u00e7age au lait d&rsquo;Avoine assainit le cuir chevelu sans agresser et \u00e9limine l&rsquo;exc\u00e8s de s\u00e9bum en 2 minutes.<br \/>\n&#8211; Texturisant : en quelques vaporisations, il redonne volume, mati\u00e8re et texture aux cheveux sans avoir besoin de les mouiller.<br \/>\n&#8211; Coiffant : v\u00e9ritable geste fra\u00eecheur et secret de beaut\u00e9, le Shampoing sec Avoine facilite la r\u00e9alisation de toutes les coiffures et favorise leur tenue.<br \/>\nConseils d&rsquo;utilisation:<br \/>\nAgiter le spray avant emploi.<br \/>\nVaporiser raie par raie \u00e0 15 cm du cuir chevelu et laisser agir 2 min.<br \/>\nBien brosser ou utiliser un s\u00e8che-cheveux pour \u00e9liminer les r\u00e9sidus.<\/p>\n","protected":false},"excerpt":{"rendered":"<p>\u00c9labor\u00e9 \u00e0 partir de lait d&rsquo;Avoine adoucissant et de poudres d&rsquo;origine naturelle \u00e0 tr\u00e8s haut pouvoir absorbant, ce Shampoing sec<\/p>\n","protected":false},"featured_media":10959,"comment_status":"open","ping_status":"closed","template":"","meta":[],"product_brand":[145],"product_cat":[316],"product_tag":[],"class_list":{"0":"post-17329","1":"product","2":"type-product","3":"status-publish","4":"has-post-thumbnail","6":"product_brand-klorane","7":"product_cat-shampoings-soins-des-cheveux-cheveux","9":"first","10":"instock","11":"sale","12":"shipping-taxable","13":"purchasable","14":"product-type-simple"},"yoast_head":"<!-- This site is optimized with the Yoast SEO plugin v26.6 - https:\/\/yoast.com\/wordpress\/plugins\/seo\/ -->\r\n<title>KLORANE LAIT D&#039;AVOINE SHAMPOOING SEC EXTRA DOUX SPRAY TOUS TYPES DE CHEVEUX 150 ML - Paracherkaoui.ma<\/title>\r\n<meta name=\"robots\" content=\"index, follow, max-snippet:-1, max-image-preview:large, max-video-preview:-1\" \/>\r\n<link rel=\"canonical\" href=\"https:\/\/paracherkaoui.ma\/index.php\/produit\/klorane-lait-davoine-shampooing-sec-extra-doux-spray-tous-types-de-cheveux-150-ml-2\/\" \/>\r\n<meta property=\"og:locale\" content=\"fr_FR\" \/>\r\n<meta property=\"og:type\" content=\"article\" \/>\r\n<meta property=\"og:title\" content=\"KLORANE LAIT D&#039;AVOINE SHAMPOOING SEC EXTRA DOUX SPRAY TOUS TYPES DE CHEVEUX 150 ML - Paracherkaoui.ma\" \/>\r\n<meta property=\"og:description\" content=\"\u00c9labor\u00e9 \u00e0 partir de lait d&rsquo;Avoine adoucissant et de poudres d&rsquo;origine naturelle \u00e0 tr\u00e8s haut pouvoir absorbant, ce Shampoing sec\" \/>\r\n<meta property=\"og:url\" content=\"https:\/\/paracherkaoui.ma\/index.php\/produit\/klorane-lait-davoine-shampooing-sec-extra-doux-spray-tous-types-de-cheveux-150-ml-2\/\" \/>\r\n<meta property=\"og:site_name\" content=\"Paracherkaoui.ma\" \/>\r\n<meta property=\"article:modified_time\" content=\"2025-12-12T16:59:26+00:00\" \/>\r\n<meta property=\"og:image\" content=\"https:\/\/paracherkaoui.ma\/wp-content\/uploads\/2025\/12\/klorane-klorane-lait-davoine-shampooing-sec-extra-doux-spray-tous-types-de-cheveux-150-ml-shampoing-sec.jpg\" \/>\r\n\t<meta property=\"og:image:width\" content=\"700\" \/>\r\n\t<meta property=\"og:image:height\" content=\"700\" \/>\r\n\t<meta property=\"og:image:type\" content=\"image\/jpeg\" \/>\r\n<meta name=\"twitter:card\" content=\"summary_large_image\" \/>\r\n<meta name=\"twitter:label1\" content=\"Dur\u00e9e de lecture estim\u00e9e\" \/>\n\t<meta name=\"twitter:data1\" content=\"1 minute\" \/>\r\n<script type=\"application\/ld+json\" class=\"yoast-schema-graph\">{\"@context\":\"https:\/\/schema.org\",\"@graph\":[{\"@type\":\"WebPage\",\"@id\":\"https:\/\/paracherkaoui.ma\/index.php\/produit\/klorane-lait-davoine-shampooing-sec-extra-doux-spray-tous-types-de-cheveux-150-ml-2\/\",\"url\":\"https:\/\/paracherkaoui.ma\/index.php\/produit\/klorane-lait-davoine-shampooing-sec-extra-doux-spray-tous-types-de-cheveux-150-ml-2\/\",\"name\":\"KLORANE LAIT D'AVOINE SHAMPOOING SEC EXTRA DOUX SPRAY TOUS TYPES DE CHEVEUX 150 ML - Paracherkaoui.ma\",\"isPartOf\":{\"@id\":\"https:\/\/paracherkaoui.ma\/#website\"},\"primaryImageOfPage\":{\"@id\":\"https:\/\/paracherkaoui.ma\/index.php\/produit\/klorane-lait-davoine-shampooing-sec-extra-doux-spray-tous-types-de-cheveux-150-ml-2\/#primaryimage\"},\"image\":{\"@id\":\"https:\/\/paracherkaoui.ma\/index.php\/produit\/klorane-lait-davoine-shampooing-sec-extra-doux-spray-tous-types-de-cheveux-150-ml-2\/#primaryimage\"},\"thumbnailUrl\":\"https:\/\/paracherkaoui.ma\/wp-content\/uploads\/2025\/12\/klorane-klorane-lait-davoine-shampooing-sec-extra-doux-spray-tous-types-de-cheveux-150-ml-shampoing-sec.jpg\",\"datePublished\":\"2025-12-12T16:59:24+00:00\",\"dateModified\":\"2025-12-12T16:59:26+00:00\",\"breadcrumb\":{\"@id\":\"https:\/\/paracherkaoui.ma\/index.php\/produit\/klorane-lait-davoine-shampooing-sec-extra-doux-spray-tous-types-de-cheveux-150-ml-2\/#breadcrumb\"},\"inLanguage\":\"fr-FR\",\"potentialAction\":[{\"@type\":\"ReadAction\",\"target\":[\"https:\/\/paracherkaoui.ma\/index.php\/produit\/klorane-lait-davoine-shampooing-sec-extra-doux-spray-tous-types-de-cheveux-150-ml-2\/\"]}]},{\"@type\":\"ImageObject\",\"inLanguage\":\"fr-FR\",\"@id\":\"https:\/\/paracherkaoui.ma\/index.php\/produit\/klorane-lait-davoine-shampooing-sec-extra-doux-spray-tous-types-de-cheveux-150-ml-2\/#primaryimage\",\"url\":\"https:\/\/paracherkaoui.ma\/wp-content\/uploads\/2025\/12\/klorane-klorane-lait-davoine-shampooing-sec-extra-doux-spray-tous-types-de-cheveux-150-ml-shampoing-sec.jpg\",\"contentUrl\":\"https:\/\/paracherkaoui.ma\/wp-content\/uploads\/2025\/12\/klorane-klorane-lait-davoine-shampooing-sec-extra-doux-spray-tous-types-de-cheveux-150-ml-shampoing-sec.jpg\",\"width\":700,\"height\":700},{\"@type\":\"BreadcrumbList\",\"@id\":\"https:\/\/paracherkaoui.ma\/index.php\/produit\/klorane-lait-davoine-shampooing-sec-extra-doux-spray-tous-types-de-cheveux-150-ml-2\/#breadcrumb\",\"itemListElement\":[{\"@type\":\"ListItem\",\"position\":1,\"name\":\"Accueil\",\"item\":\"https:\/\/paracherkaoui.ma\/\"},{\"@type\":\"ListItem\",\"position\":2,\"name\":\"Boutique\",\"item\":\"https:\/\/paracherkaoui.ma\/index.php\/boutique\/\"},{\"@type\":\"ListItem\",\"position\":3,\"name\":\"KLORANE LAIT D&rsquo;AVOINE SHAMPOOING SEC EXTRA DOUX SPRAY TOUS TYPES DE CHEVEUX 150 ML\"}]},{\"@type\":\"WebSite\",\"@id\":\"https:\/\/paracherkaoui.ma\/#website\",\"url\":\"https:\/\/paracherkaoui.ma\/\",\"name\":\"Paracherkaoui.ma\",\"description\":\"Achetez en ligne sur Paracherkaoui.ma\",\"potentialAction\":[{\"@type\":\"SearchAction\",\"target\":{\"@type\":\"EntryPoint\",\"urlTemplate\":\"https:\/\/paracherkaoui.ma\/?s={search_term_string}\"},\"query-input\":{\"@type\":\"PropertyValueSpecification\",\"valueRequired\":true,\"valueName\":\"search_term_string\"}}],\"inLanguage\":\"fr-FR\"}]}<\/script>\r\n<!-- \/ Yoast SEO plugin. -->","yoast_head_json":{"title":"KLORANE LAIT D'AVOINE SHAMPOOING SEC EXTRA DOUX SPRAY TOUS TYPES DE CHEVEUX 150 ML - Paracherkaoui.ma","robots":{"index":"index","follow":"follow","max-snippet":"max-snippet:-1","max-image-preview":"max-image-preview:large","max-video-preview":"max-video-preview:-1"},"canonical":"https:\/\/paracherkaoui.ma\/index.php\/produit\/klorane-lait-davoine-shampooing-sec-extra-doux-spray-tous-types-de-cheveux-150-ml-2\/","og_locale":"fr_FR","og_type":"article","og_title":"KLORANE LAIT D'AVOINE SHAMPOOING SEC EXTRA DOUX SPRAY TOUS TYPES DE CHEVEUX 150 ML - Paracherkaoui.ma","og_description":"\u00c9labor\u00e9 \u00e0 partir de lait d&rsquo;Avoine adoucissant et de poudres d&rsquo;origine naturelle \u00e0 tr\u00e8s haut pouvoir absorbant, ce Shampoing sec","og_url":"https:\/\/paracherkaoui.ma\/index.php\/produit\/klorane-lait-davoine-shampooing-sec-extra-doux-spray-tous-types-de-cheveux-150-ml-2\/","og_site_name":"Paracherkaoui.ma","article_modified_time":"2025-12-12T16:59:26+00:00","og_image":[{"width":700,"height":700,"url":"https:\/\/paracherkaoui.ma\/wp-content\/uploads\/2025\/12\/klorane-klorane-lait-davoine-shampooing-sec-extra-doux-spray-tous-types-de-cheveux-150-ml-shampoing-sec.jpg","type":"image\/jpeg"}],"twitter_card":"summary_large_image","twitter_misc":{"Dur\u00e9e de lecture estim\u00e9e":"1 minute"},"schema":{"@context":"https:\/\/schema.org","@graph":[{"@type":"WebPage","@id":"https:\/\/paracherkaoui.ma\/index.php\/produit\/klorane-lait-davoine-shampooing-sec-extra-doux-spray-tous-types-de-cheveux-150-ml-2\/","url":"https:\/\/paracherkaoui.ma\/index.php\/produit\/klorane-lait-davoine-shampooing-sec-extra-doux-spray-tous-types-de-cheveux-150-ml-2\/","name":"KLORANE LAIT D'AVOINE SHAMPOOING SEC EXTRA DOUX SPRAY TOUS TYPES DE CHEVEUX 150 ML - Paracherkaoui.ma","isPartOf":{"@id":"https:\/\/paracherkaoui.ma\/#website"},"primaryImageOfPage":{"@id":"https:\/\/paracherkaoui.ma\/index.php\/produit\/klorane-lait-davoine-shampooing-sec-extra-doux-spray-tous-types-de-cheveux-150-ml-2\/#primaryimage"},"image":{"@id":"https:\/\/paracherkaoui.ma\/index.php\/produit\/klorane-lait-davoine-shampooing-sec-extra-doux-spray-tous-types-de-cheveux-150-ml-2\/#primaryimage"},"thumbnailUrl":"https:\/\/paracherkaoui.ma\/wp-content\/uploads\/2025\/12\/klorane-klorane-lait-davoine-shampooing-sec-extra-doux-spray-tous-types-de-cheveux-150-ml-shampoing-sec.jpg","datePublished":"2025-12-12T16:59:24+00:00","dateModified":"2025-12-12T16:59:26+00:00","breadcrumb":{"@id":"https:\/\/paracherkaoui.ma\/index.php\/produit\/klorane-lait-davoine-shampooing-sec-extra-doux-spray-tous-types-de-cheveux-150-ml-2\/#breadcrumb"},"inLanguage":"fr-FR","potentialAction":[{"@type":"ReadAction","target":["https:\/\/paracherkaoui.ma\/index.php\/produit\/klorane-lait-davoine-shampooing-sec-extra-doux-spray-tous-types-de-cheveux-150-ml-2\/"]}]},{"@type":"ImageObject","inLanguage":"fr-FR","@id":"https:\/\/paracherkaoui.ma\/index.php\/produit\/klorane-lait-davoine-shampooing-sec-extra-doux-spray-tous-types-de-cheveux-150-ml-2\/#primaryimage","url":"https:\/\/paracherkaoui.ma\/wp-content\/uploads\/2025\/12\/klorane-klorane-lait-davoine-shampooing-sec-extra-doux-spray-tous-types-de-cheveux-150-ml-shampoing-sec.jpg","contentUrl":"https:\/\/paracherkaoui.ma\/wp-content\/uploads\/2025\/12\/klorane-klorane-lait-davoine-shampooing-sec-extra-doux-spray-tous-types-de-cheveux-150-ml-shampoing-sec.jpg","width":700,"height":700},{"@type":"BreadcrumbList","@id":"https:\/\/paracherkaoui.ma\/index.php\/produit\/klorane-lait-davoine-shampooing-sec-extra-doux-spray-tous-types-de-cheveux-150-ml-2\/#breadcrumb","itemListElement":[{"@type":"ListItem","position":1,"name":"Accueil","item":"https:\/\/paracherkaoui.ma\/"},{"@type":"ListItem","position":2,"name":"Boutique","item":"https:\/\/paracherkaoui.ma\/index.php\/boutique\/"},{"@type":"ListItem","position":3,"name":"KLORANE LAIT D&rsquo;AVOINE SHAMPOOING SEC EXTRA DOUX SPRAY TOUS TYPES DE CHEVEUX 150 ML"}]},{"@type":"WebSite","@id":"https:\/\/paracherkaoui.ma\/#website","url":"https:\/\/paracherkaoui.ma\/","name":"Paracherkaoui.ma","description":"Achetez en ligne sur Paracherkaoui.ma","potentialAction":[{"@type":"SearchAction","target":{"@type":"EntryPoint","urlTemplate":"https:\/\/paracherkaoui.ma\/?s={search_term_string}"},"query-input":{"@type":"PropertyValueSpecification","valueRequired":true,"valueName":"search_term_string"}}],"inLanguage":"fr-FR"}]}},"_links":{"self":[{"href":"https:\/\/paracherkaoui.ma\/index.php\/wp-json\/wp\/v2\/product\/17329","targetHints":{"allow":["GET"]}}],"collection":[{"href":"https:\/\/paracherkaoui.ma\/index.php\/wp-json\/wp\/v2\/product"}],"about":[{"href":"https:\/\/paracherkaoui.ma\/index.php\/wp-json\/wp\/v2\/types\/product"}],"replies":[{"embeddable":true,"href":"https:\/\/paracherkaoui.ma\/index.php\/wp-json\/wp\/v2\/comments?post=17329"}],"version-history":[{"count":1,"href":"https:\/\/paracherkaoui.ma\/index.php\/wp-json\/wp\/v2\/product\/17329\/revisions"}],"predecessor-version":[{"id":17359,"href":"https:\/\/paracherkaoui.ma\/index.php\/wp-json\/wp\/v2\/product\/17329\/revisions\/17359"}],"wp:featuredmedia":[{"embeddable":true,"href":"https:\/\/paracherkaoui.ma\/index.php\/wp-json\/wp\/v2\/media\/10959"}],"wp:attachment":[{"href":"https:\/\/paracherkaoui.ma\/index.php\/wp-json\/wp\/v2\/media?parent=17329"}],"wp:term":[{"taxonomy":"product_brand","embeddable":true,"href":"https:\/\/paracherkaoui.ma\/index.php\/wp-json\/wp\/v2\/product_brand?post=17329"},{"taxonomy":"product_cat","embeddable":true,"href":"https:\/\/paracherkaoui.ma\/index.php\/wp-json\/wp\/v2\/product_cat?post=17329"},{"taxonomy":"product_tag","embeddable":true,"href":"https:\/\/paracherkaoui.ma\/index.php\/wp-json\/wp\/v2\/product_tag?post=17329"}],"curies":[{"name":"wp","href":"https:\/\/api.w.org\/{rel}","templated":true}]}}