{"id":17328,"date":"2025-12-12T17:59:24","date_gmt":"2025-12-12T16:59:24","guid":{"rendered":"https:\/\/test.ecbeaute.com\/?post_type=product&#038;p=17328"},"modified":"2025-12-12T17:59:26","modified_gmt":"2025-12-12T16:59:26","slug":"vichy-dercos-shampoing-anti-pelliculaire-cheveux-normaux-a-gras-200-ml-2","status":"publish","type":"product","link":"https:\/\/paracherkaoui.ma\/index.php\/produit\/vichy-dercos-shampoing-anti-pelliculaire-cheveux-normaux-a-gras-200-ml-2\/","title":{"rendered":"VICHY DERCOS SHAMPOING ANTI PELLICULAIRE CHEVEUX NORMAUX A GRAS 200 ML"},"content":{"rendered":"<p>.elementor-221 .elementor-element.elementor-element-15017811 .elementor-tab-title, .elementor-221 .elementor-element.elementor-element-15017811 .elementor-tab-title:before, .elementor-221 .elementor-element.elementor-element-15017811 .elementor-tab-title:after, .elementor-221 .elementor-element.elementor-element-15017811 .elementor-tab-content, .elementor-221 .elementor-element.elementor-element-15017811 .elementor-tabs-content-wrapper{border-width:0.5px;}.elementor-221 .elementor-element.elementor-element-15017811 .elementor-tab-title{color:#000000;}.elementor-221 .elementor-element.elementor-element-15017811 .elementor-tab-title.elementor-active{color:#00a28d;}.elementor-221 .elementor-element.elementor-element-15017811 .elementor-tab-content{color:#000000;}.elementor-221 .elementor-element.elementor-element-1b4c8d3 .axps-swiper-slider .swiper-slide img{width:auto;}.elementor-221 .elementor-element.elementor-element-1b4c8d3 .wrapper-items:not(.swiper-container-initialized) .item{-ms-flex:0 0 calc(100%\/2);flex:0 0 calc(100%\/2);max-width:calc(100%\/2);}.elementor-221 .elementor-element.elementor-element-1b4c8d3 .wrapper-items .swiper-slide{padding-left:calc(30px\/2);padding-right:calc(30px\/2);}.elementor-221 .elementor-element.elementor-element-1b4c8d3 .wrapper-items .swiper-slide .item-inner{margin-bottom:30px;}.elementor-221 .elementor-element.elementor-element-1b4c8d3 .wrapper-items{margin-left:calc(-30px\/2);margin-right:calc(-30px\/2);}.elementor-221 .elementor-element.elementor-element-1b4c8d3 .swiper-wrapper .item-inner{text-align:center;}.elementor-221 .elementor-element.elementor-element-44045644{margin-top:-16px;margin-bottom:0px;}.elementor-221 .elementor-element.elementor-element-14a6fd13 > .elementor-widget-container{margin:-46px 0px 0px 0px;}.elementor-221 .elementor-element.elementor-element-21ab13d2 > .elementor-widget-container{margin:-46px 0px 0px 0px;}.elementor-221 .elementor-element.elementor-element-b379a17 > .elementor-widget-container{margin:-46px 0px 0px 0px;}.elementor-221 .elementor-element.elementor-element-42c97637 > .elementor-widget-container{margin:-46px 0px 0px 0px;}@media(max-width:1024px){.elementor-221 .elementor-element.elementor-element-1b4c8d3 .wrapper-items:not(.swiper-container-initialized) .item{-ms-flex:0 0 calc(100%\/2);flex:0 0 calc(100%\/2);max-width:calc(100%\/2);}.elementor-221 .elementor-element.elementor-element-1b4c8d3 .wrapper-items .swiper-slide{padding-left:calc(20px\/2);padding-right:calc(20px\/2);}.elementor-221 .elementor-element.elementor-element-1b4c8d3 .wrapper-items .swiper-slide .item-inner{margin-bottom:20px;}.elementor-221 .elementor-element.elementor-element-1b4c8d3 .wrapper-items{margin-left:calc(-20px\/2);margin-right:calc(-20px\/2);}.elementor-221 .elementor-element.elementor-element-14a6fd13 > .elementor-widget-container{margin:-33px 0px 0px 0px;}.elementor-221 .elementor-element.elementor-element-21ab13d2 > .elementor-widget-container{margin:-33px 0px 0px 0px;}.elementor-221 .elementor-element.elementor-element-b379a17 > .elementor-widget-container{margin:-33px 0px 0px 0px;}.elementor-221 .elementor-element.elementor-element-42c97637 > .elementor-widget-container{margin:-33px 0px 0px 0px;}}@media(max-width:767px){.elementor-221 .elementor-element.elementor-element-1b4c8d3 .wrapper-items:not(.swiper-container-initialized) .item{-ms-flex:0 0 calc(100%\/1);flex:0 0 calc(100%\/1);max-width:calc(100%\/1);}.elementor-221 .elementor-element.elementor-element-1b4c8d3 .wrapper-items .swiper-slide{padding-left:calc(10px\/2);padding-right:calc(10px\/2);}.elementor-221 .elementor-element.elementor-element-1b4c8d3 .wrapper-items .swiper-slide .item-inner{margin-bottom:10px;}.elementor-221 .elementor-element.elementor-element-1b4c8d3 .wrapper-items{margin-left:calc(-10px\/2);margin-right:calc(-10px\/2);}.elementor-221 .elementor-element.elementor-element-3bb443ce{width:50%;}.elementor-221 .elementor-element.elementor-element-14a6fd13 > .elementor-widget-container{margin:-26px 0px 0px 0px;}.elementor-221 .elementor-element.elementor-element-4902d69d{width:50%;}.elementor-221 .elementor-element.elementor-element-21ab13d2 > .elementor-widget-container{margin:-26px 0px 0px 0px;}.elementor-221 .elementor-element.elementor-element-81b35f7{width:50%;}.elementor-221 .elementor-element.elementor-element-b379a17 > .elementor-widget-container{margin:-26px 0px 0px 0px;}.elementor-221 .elementor-element.elementor-element-68c9f0d9{width:50%;}.elementor-221 .elementor-element.elementor-element-42c97637 > .elementor-widget-container{margin:-26px 0px 0px 0px;}}<br \/>\nDescription<br \/>\nConseils d&rsquo;utilisation<br \/>\nComposition<br \/>\nDescription<br \/>\nEnrichi en\u00a0S\u00e9l\u00e9nium DS (disulfure de s\u00e9l\u00e9nium), il agit d\u00e8s la premi\u00e8re application pour \u00e9liminer efficacement les pellicules visibles et r\u00e9\u00e9quilibrer le microbiome du cuir chevelu. Ce puissant actif antifongique combat les micro-organismes responsables de l\u2019apparition des pellicules, tout en apaisant les irritations. Associ\u00e9 \u00e0\u00a0Coh\u00e9syl, un agent consolidant cellulaire, il renforce la barri\u00e8re cutan\u00e9e et aide \u00e0 pr\u00e9venir la r\u00e9cidive jusqu&rsquo;\u00e0\u00a06 semaines\u00a0apr\u00e8s la cure.<br \/>\nCe shampoing est sp\u00e9cifiquement con\u00e7u pour les cheveux normaux \u00e0 tendance grasse : il\u00a0r\u00e9gule la production de s\u00e9bum, purifie le cuir chevelu et limite les sensations de d\u00e9mangeaisons d\u00e8s la premi\u00e8re utilisation. Test\u00e9 sous contr\u00f4le dermatologique, il est\u00a0sans parab\u00e8ne\u00a0et respecte les cuirs chevelus sensibles.<br \/>\nSon efficacit\u00e9 est visible d\u00e8s les premiers jours : les cellules sont reconstitu\u00e9es, le cuir chevelu est purifi\u00e9, les d\u00e9mangeaisons apais\u00e9es, et les pellicules tenaces disparaissent progressivement. R\u00e9sultat : une chevelure plus saine, plus l\u00e9g\u00e8re, durablement d\u00e9barrass\u00e9e des pellicules.<br \/>\nConseils d&rsquo;utilisation<br \/>\nPremi\u00e8re application\u00a0: Appliquez sur cuir chevelu mouill\u00e9, laissez poser\u00a02 minutes, puis rincez abondamment.<br \/>\nApplications suivantes\u00a0: Massez simplement puis rincez.<br \/>\nCure recommand\u00e9e\u00a0: Utilisez\u00a03 fois par semaine pendant 4 semaines.<br \/>\n\u00c9vitez le contact avec les yeux. En cas de contact, rincez imm\u00e9diatement.<br \/>\nComposition<br \/>\nAqua \/ Water, Sodium Laureth Sulfate, Coco-Betaine, Cetyl Alcohol, Hydroxystearyl Cetyl Ether, Carbomer, CI 19140 \/ Yellow 5, Citric Acid, Dimethicone, 2-Oleamido-1,3-Octadecanediol, PPG-5-Ceteth-20, Propylene Glycol, Salicylic Acid, Selenium Sulfide, Sodium Chloride, Sodium Hydroxide, Sodium Hypochlorite, Parfum \/ Fragrance<br \/>\nAjouter au Panier<br \/>\nAjouter au Panier<br \/>\nAjouter au Panier<br \/>\nAjouter au Panier<\/p>\n","protected":false},"excerpt":{"rendered":"<p>.elementor-221 .elementor-element.elementor-element-15017811 .elementor-tab-title, .elementor-221 .elementor-element.elementor-element-15017811 .elementor-tab-title:before, .elementor-221 .elementor-element.elementor-element-15017811 .elementor-tab-title:after, .elementor-221 .elementor-element.elementor-element-15017811 .elementor-tab-content, .elementor-221 .elementor-element.elementor-element-15017811 .elementor-tabs-content-wrapper{border-width:0.5px;}.elementor-221 .elementor-element.elementor-element-15017811 .elementor-tab-title{color:#000000;}.elementor-221 .elementor-element.elementor-element-15017811 .elementor-tab-title.elementor-active{color:#00a28d;}.elementor-221 .elementor-element.elementor-element-15017811<\/p>\n","protected":false},"featured_media":10807,"comment_status":"open","ping_status":"closed","template":"","meta":[],"product_brand":[144],"product_cat":[316],"product_tag":[],"class_list":{"0":"post-17328","1":"product","2":"type-product","3":"status-publish","4":"has-post-thumbnail","6":"product_brand-dercos","7":"product_cat-shampoings-soins-des-cheveux-cheveux","9":"first","10":"instock","11":"sale","12":"shipping-taxable","13":"purchasable","14":"product-type-simple"},"yoast_head":"<!-- This site is optimized with the Yoast SEO plugin v26.6 - https:\/\/yoast.com\/wordpress\/plugins\/seo\/ -->\r\n<title>VICHY DERCOS SHAMPOING ANTI PELLICULAIRE CHEVEUX NORMAUX A GRAS 200 ML - Paracherkaoui.ma<\/title>\r\n<meta name=\"robots\" content=\"index, follow, max-snippet:-1, max-image-preview:large, max-video-preview:-1\" \/>\r\n<link rel=\"canonical\" href=\"https:\/\/paracherkaoui.ma\/index.php\/produit\/vichy-dercos-shampoing-anti-pelliculaire-cheveux-normaux-a-gras-200-ml-2\/\" \/>\r\n<meta property=\"og:locale\" content=\"fr_FR\" \/>\r\n<meta property=\"og:type\" content=\"article\" \/>\r\n<meta property=\"og:title\" content=\"VICHY DERCOS SHAMPOING ANTI PELLICULAIRE CHEVEUX NORMAUX A GRAS 200 ML - Paracherkaoui.ma\" \/>\r\n<meta property=\"og:description\" content=\".elementor-221 .elementor-element.elementor-element-15017811 .elementor-tab-title, .elementor-221 .elementor-element.elementor-element-15017811 .elementor-tab-title:before, .elementor-221 .elementor-element.elementor-element-15017811 .elementor-tab-title:after, .elementor-221 .elementor-element.elementor-element-15017811 .elementor-tab-content, .elementor-221 .elementor-element.elementor-element-15017811 .elementor-tabs-content-wrapper{border-width:0.5px;}.elementor-221 .elementor-element.elementor-element-15017811 .elementor-tab-title{color:#000000;}.elementor-221 .elementor-element.elementor-element-15017811 .elementor-tab-title.elementor-active{color:#00a28d;}.elementor-221 .elementor-element.elementor-element-15017811\" \/>\r\n<meta property=\"og:url\" content=\"https:\/\/paracherkaoui.ma\/index.php\/produit\/vichy-dercos-shampoing-anti-pelliculaire-cheveux-normaux-a-gras-200-ml-2\/\" \/>\r\n<meta property=\"og:site_name\" content=\"Paracherkaoui.ma\" \/>\r\n<meta property=\"article:modified_time\" content=\"2025-12-12T16:59:26+00:00\" \/>\r\n<meta property=\"og:image\" content=\"https:\/\/paracherkaoui.ma\/wp-content\/uploads\/2025\/12\/dercos-vichy-dercos-shampoing-anti-pelliculaire-cheveux-normaux-a-gras-200-ml-shampoings.jpg\" \/>\r\n\t<meta property=\"og:image:width\" content=\"700\" \/>\r\n\t<meta property=\"og:image:height\" content=\"700\" \/>\r\n\t<meta property=\"og:image:type\" content=\"image\/jpeg\" \/>\r\n<meta name=\"twitter:card\" content=\"summary_large_image\" \/>\r\n<meta name=\"twitter:label1\" content=\"Dur\u00e9e de lecture estim\u00e9e\" \/>\n\t<meta name=\"twitter:data1\" content=\"3 minutes\" \/>\r\n<script type=\"application\/ld+json\" class=\"yoast-schema-graph\">{\"@context\":\"https:\/\/schema.org\",\"@graph\":[{\"@type\":\"WebPage\",\"@id\":\"https:\/\/paracherkaoui.ma\/index.php\/produit\/vichy-dercos-shampoing-anti-pelliculaire-cheveux-normaux-a-gras-200-ml-2\/\",\"url\":\"https:\/\/paracherkaoui.ma\/index.php\/produit\/vichy-dercos-shampoing-anti-pelliculaire-cheveux-normaux-a-gras-200-ml-2\/\",\"name\":\"VICHY DERCOS SHAMPOING ANTI PELLICULAIRE CHEVEUX NORMAUX A GRAS 200 ML - Paracherkaoui.ma\",\"isPartOf\":{\"@id\":\"https:\/\/paracherkaoui.ma\/#website\"},\"primaryImageOfPage\":{\"@id\":\"https:\/\/paracherkaoui.ma\/index.php\/produit\/vichy-dercos-shampoing-anti-pelliculaire-cheveux-normaux-a-gras-200-ml-2\/#primaryimage\"},\"image\":{\"@id\":\"https:\/\/paracherkaoui.ma\/index.php\/produit\/vichy-dercos-shampoing-anti-pelliculaire-cheveux-normaux-a-gras-200-ml-2\/#primaryimage\"},\"thumbnailUrl\":\"https:\/\/paracherkaoui.ma\/wp-content\/uploads\/2025\/12\/dercos-vichy-dercos-shampoing-anti-pelliculaire-cheveux-normaux-a-gras-200-ml-shampoings.jpg\",\"datePublished\":\"2025-12-12T16:59:24+00:00\",\"dateModified\":\"2025-12-12T16:59:26+00:00\",\"breadcrumb\":{\"@id\":\"https:\/\/paracherkaoui.ma\/index.php\/produit\/vichy-dercos-shampoing-anti-pelliculaire-cheveux-normaux-a-gras-200-ml-2\/#breadcrumb\"},\"inLanguage\":\"fr-FR\",\"potentialAction\":[{\"@type\":\"ReadAction\",\"target\":[\"https:\/\/paracherkaoui.ma\/index.php\/produit\/vichy-dercos-shampoing-anti-pelliculaire-cheveux-normaux-a-gras-200-ml-2\/\"]}]},{\"@type\":\"ImageObject\",\"inLanguage\":\"fr-FR\",\"@id\":\"https:\/\/paracherkaoui.ma\/index.php\/produit\/vichy-dercos-shampoing-anti-pelliculaire-cheveux-normaux-a-gras-200-ml-2\/#primaryimage\",\"url\":\"https:\/\/paracherkaoui.ma\/wp-content\/uploads\/2025\/12\/dercos-vichy-dercos-shampoing-anti-pelliculaire-cheveux-normaux-a-gras-200-ml-shampoings.jpg\",\"contentUrl\":\"https:\/\/paracherkaoui.ma\/wp-content\/uploads\/2025\/12\/dercos-vichy-dercos-shampoing-anti-pelliculaire-cheveux-normaux-a-gras-200-ml-shampoings.jpg\",\"width\":700,\"height\":700},{\"@type\":\"BreadcrumbList\",\"@id\":\"https:\/\/paracherkaoui.ma\/index.php\/produit\/vichy-dercos-shampoing-anti-pelliculaire-cheveux-normaux-a-gras-200-ml-2\/#breadcrumb\",\"itemListElement\":[{\"@type\":\"ListItem\",\"position\":1,\"name\":\"Accueil\",\"item\":\"https:\/\/paracherkaoui.ma\/\"},{\"@type\":\"ListItem\",\"position\":2,\"name\":\"Boutique\",\"item\":\"https:\/\/paracherkaoui.ma\/index.php\/boutique\/\"},{\"@type\":\"ListItem\",\"position\":3,\"name\":\"VICHY DERCOS SHAMPOING ANTI PELLICULAIRE CHEVEUX NORMAUX A GRAS 200 ML\"}]},{\"@type\":\"WebSite\",\"@id\":\"https:\/\/paracherkaoui.ma\/#website\",\"url\":\"https:\/\/paracherkaoui.ma\/\",\"name\":\"Paracherkaoui.ma\",\"description\":\"Achetez en ligne sur Paracherkaoui.ma\",\"potentialAction\":[{\"@type\":\"SearchAction\",\"target\":{\"@type\":\"EntryPoint\",\"urlTemplate\":\"https:\/\/paracherkaoui.ma\/?s={search_term_string}\"},\"query-input\":{\"@type\":\"PropertyValueSpecification\",\"valueRequired\":true,\"valueName\":\"search_term_string\"}}],\"inLanguage\":\"fr-FR\"}]}<\/script>\r\n<!-- \/ Yoast SEO plugin. -->","yoast_head_json":{"title":"VICHY DERCOS SHAMPOING ANTI PELLICULAIRE CHEVEUX NORMAUX A GRAS 200 ML - Paracherkaoui.ma","robots":{"index":"index","follow":"follow","max-snippet":"max-snippet:-1","max-image-preview":"max-image-preview:large","max-video-preview":"max-video-preview:-1"},"canonical":"https:\/\/paracherkaoui.ma\/index.php\/produit\/vichy-dercos-shampoing-anti-pelliculaire-cheveux-normaux-a-gras-200-ml-2\/","og_locale":"fr_FR","og_type":"article","og_title":"VICHY DERCOS SHAMPOING ANTI PELLICULAIRE CHEVEUX NORMAUX A GRAS 200 ML - Paracherkaoui.ma","og_description":".elementor-221 .elementor-element.elementor-element-15017811 .elementor-tab-title, .elementor-221 .elementor-element.elementor-element-15017811 .elementor-tab-title:before, .elementor-221 .elementor-element.elementor-element-15017811 .elementor-tab-title:after, .elementor-221 .elementor-element.elementor-element-15017811 .elementor-tab-content, .elementor-221 .elementor-element.elementor-element-15017811 .elementor-tabs-content-wrapper{border-width:0.5px;}.elementor-221 .elementor-element.elementor-element-15017811 .elementor-tab-title{color:#000000;}.elementor-221 .elementor-element.elementor-element-15017811 .elementor-tab-title.elementor-active{color:#00a28d;}.elementor-221 .elementor-element.elementor-element-15017811","og_url":"https:\/\/paracherkaoui.ma\/index.php\/produit\/vichy-dercos-shampoing-anti-pelliculaire-cheveux-normaux-a-gras-200-ml-2\/","og_site_name":"Paracherkaoui.ma","article_modified_time":"2025-12-12T16:59:26+00:00","og_image":[{"width":700,"height":700,"url":"https:\/\/paracherkaoui.ma\/wp-content\/uploads\/2025\/12\/dercos-vichy-dercos-shampoing-anti-pelliculaire-cheveux-normaux-a-gras-200-ml-shampoings.jpg","type":"image\/jpeg"}],"twitter_card":"summary_large_image","twitter_misc":{"Dur\u00e9e de lecture estim\u00e9e":"3 minutes"},"schema":{"@context":"https:\/\/schema.org","@graph":[{"@type":"WebPage","@id":"https:\/\/paracherkaoui.ma\/index.php\/produit\/vichy-dercos-shampoing-anti-pelliculaire-cheveux-normaux-a-gras-200-ml-2\/","url":"https:\/\/paracherkaoui.ma\/index.php\/produit\/vichy-dercos-shampoing-anti-pelliculaire-cheveux-normaux-a-gras-200-ml-2\/","name":"VICHY DERCOS SHAMPOING ANTI PELLICULAIRE CHEVEUX NORMAUX A GRAS 200 ML - Paracherkaoui.ma","isPartOf":{"@id":"https:\/\/paracherkaoui.ma\/#website"},"primaryImageOfPage":{"@id":"https:\/\/paracherkaoui.ma\/index.php\/produit\/vichy-dercos-shampoing-anti-pelliculaire-cheveux-normaux-a-gras-200-ml-2\/#primaryimage"},"image":{"@id":"https:\/\/paracherkaoui.ma\/index.php\/produit\/vichy-dercos-shampoing-anti-pelliculaire-cheveux-normaux-a-gras-200-ml-2\/#primaryimage"},"thumbnailUrl":"https:\/\/paracherkaoui.ma\/wp-content\/uploads\/2025\/12\/dercos-vichy-dercos-shampoing-anti-pelliculaire-cheveux-normaux-a-gras-200-ml-shampoings.jpg","datePublished":"2025-12-12T16:59:24+00:00","dateModified":"2025-12-12T16:59:26+00:00","breadcrumb":{"@id":"https:\/\/paracherkaoui.ma\/index.php\/produit\/vichy-dercos-shampoing-anti-pelliculaire-cheveux-normaux-a-gras-200-ml-2\/#breadcrumb"},"inLanguage":"fr-FR","potentialAction":[{"@type":"ReadAction","target":["https:\/\/paracherkaoui.ma\/index.php\/produit\/vichy-dercos-shampoing-anti-pelliculaire-cheveux-normaux-a-gras-200-ml-2\/"]}]},{"@type":"ImageObject","inLanguage":"fr-FR","@id":"https:\/\/paracherkaoui.ma\/index.php\/produit\/vichy-dercos-shampoing-anti-pelliculaire-cheveux-normaux-a-gras-200-ml-2\/#primaryimage","url":"https:\/\/paracherkaoui.ma\/wp-content\/uploads\/2025\/12\/dercos-vichy-dercos-shampoing-anti-pelliculaire-cheveux-normaux-a-gras-200-ml-shampoings.jpg","contentUrl":"https:\/\/paracherkaoui.ma\/wp-content\/uploads\/2025\/12\/dercos-vichy-dercos-shampoing-anti-pelliculaire-cheveux-normaux-a-gras-200-ml-shampoings.jpg","width":700,"height":700},{"@type":"BreadcrumbList","@id":"https:\/\/paracherkaoui.ma\/index.php\/produit\/vichy-dercos-shampoing-anti-pelliculaire-cheveux-normaux-a-gras-200-ml-2\/#breadcrumb","itemListElement":[{"@type":"ListItem","position":1,"name":"Accueil","item":"https:\/\/paracherkaoui.ma\/"},{"@type":"ListItem","position":2,"name":"Boutique","item":"https:\/\/paracherkaoui.ma\/index.php\/boutique\/"},{"@type":"ListItem","position":3,"name":"VICHY DERCOS SHAMPOING ANTI PELLICULAIRE CHEVEUX NORMAUX A GRAS 200 ML"}]},{"@type":"WebSite","@id":"https:\/\/paracherkaoui.ma\/#website","url":"https:\/\/paracherkaoui.ma\/","name":"Paracherkaoui.ma","description":"Achetez en ligne sur Paracherkaoui.ma","potentialAction":[{"@type":"SearchAction","target":{"@type":"EntryPoint","urlTemplate":"https:\/\/paracherkaoui.ma\/?s={search_term_string}"},"query-input":{"@type":"PropertyValueSpecification","valueRequired":true,"valueName":"search_term_string"}}],"inLanguage":"fr-FR"}]}},"_links":{"self":[{"href":"https:\/\/paracherkaoui.ma\/index.php\/wp-json\/wp\/v2\/product\/17328","targetHints":{"allow":["GET"]}}],"collection":[{"href":"https:\/\/paracherkaoui.ma\/index.php\/wp-json\/wp\/v2\/product"}],"about":[{"href":"https:\/\/paracherkaoui.ma\/index.php\/wp-json\/wp\/v2\/types\/product"}],"replies":[{"embeddable":true,"href":"https:\/\/paracherkaoui.ma\/index.php\/wp-json\/wp\/v2\/comments?post=17328"}],"version-history":[{"count":1,"href":"https:\/\/paracherkaoui.ma\/index.php\/wp-json\/wp\/v2\/product\/17328\/revisions"}],"predecessor-version":[{"id":17358,"href":"https:\/\/paracherkaoui.ma\/index.php\/wp-json\/wp\/v2\/product\/17328\/revisions\/17358"}],"wp:featuredmedia":[{"embeddable":true,"href":"https:\/\/paracherkaoui.ma\/index.php\/wp-json\/wp\/v2\/media\/10807"}],"wp:attachment":[{"href":"https:\/\/paracherkaoui.ma\/index.php\/wp-json\/wp\/v2\/media?parent=17328"}],"wp:term":[{"taxonomy":"product_brand","embeddable":true,"href":"https:\/\/paracherkaoui.ma\/index.php\/wp-json\/wp\/v2\/product_brand?post=17328"},{"taxonomy":"product_cat","embeddable":true,"href":"https:\/\/paracherkaoui.ma\/index.php\/wp-json\/wp\/v2\/product_cat?post=17328"},{"taxonomy":"product_tag","embeddable":true,"href":"https:\/\/paracherkaoui.ma\/index.php\/wp-json\/wp\/v2\/product_tag?post=17328"}],"curies":[{"name":"wp","href":"https:\/\/api.w.org\/{rel}","templated":true}]}}