{"id":17327,"date":"2025-12-12T17:59:24","date_gmt":"2025-12-12T16:59:24","guid":{"rendered":"https:\/\/test.ecbeaute.com\/?post_type=product&#038;p=17327"},"modified":"2025-12-12T17:59:26","modified_gmt":"2025-12-12T16:59:26","slug":"vichy-dercos-shampoing-sebo-correcteur-200-ml-2","status":"publish","type":"product","link":"https:\/\/paracherkaoui.ma\/index.php\/produit\/vichy-dercos-shampoing-sebo-correcteur-200-ml-2\/","title":{"rendered":"VICHY DERCOS SHAMPOING SEBO CORRECTEUR 200 ML"},"content":{"rendered":"<p>Sa technologie exclusive repose sur un complexe anti-s\u00e9bum compos\u00e9 de 4 tensio-actifs hautement s\u00e9lectionn\u00e9s, qui r\u00e9gulent la production et limitent la migration du s\u00e9bum sur la fibre capillaire. R\u00e9sultat ? Un cuir chevelu purifi\u00e9, des cheveux qui regraissent moins vite, plus l\u00e9gers et faciles \u00e0 coiffer.<br \/>\nGr\u00e2ce \u00e0 sa texture gel fra\u00eeche et son parfum d\u00e9licat, ce shampooing procure une sensation imm\u00e9diate de propret\u00e9 et de confort. Il est hypoallerg\u00e9nique, sans parab\u00e8ne, et test\u00e9 sous contr\u00f4le dermatologique, pour une tol\u00e9rance optimale m\u00eame en usage fr\u00e9quent.<br \/>\nId\u00e9al pour les personnes sujettes \u00e0 un cuir chevelu gras, ce soin lavant est votre alli\u00e9 au quotidien pour retrouver une chevelure plus saine, volumineuse et pleine de fra\u00eecheur.<br \/>\nConseils d&rsquo;utilisation<br \/>\nAppliquez le shampoing sur cheveux mouill\u00e9s.<br \/>\nMassez d\u00e9licatement le cuir chevelu sans trop frotter afin de ne pas stimuler les glandes s\u00e9bac\u00e9es.<br \/>\nLaissez agir quelques instants pour permettre aux actifs de purifier en profondeur.<br \/>\nRincez abondamment \u00e0 l\u2019eau ti\u00e8de.<br \/>\n\u00c0 utiliser r\u00e9guli\u00e8rement pour un effet durable.<br \/>\nComposition<br \/>\nAqua, Ammonium Lauryl Sulfate, Sodium C14-16 Olefin Sulfonate, Disodium Cocoamphodiacetate, Trideceth-2 Carboxamide MEA, Sodium Chloride, Sodium Laureth Sulfate, Citric Acid, Hexylene Glycol, Salicylic Acid, Sodium Benzoate, Sodium Glycolate, Sodium Hydroxide, Tartaric Acid, Parfum<\/p>\n","protected":false},"excerpt":{"rendered":"<p>Sa technologie exclusive repose sur un complexe anti-s\u00e9bum compos\u00e9 de 4 tensio-actifs hautement s\u00e9lectionn\u00e9s, qui r\u00e9gulent la production et limitent<\/p>\n","protected":false},"featured_media":10845,"comment_status":"open","ping_status":"closed","template":"","meta":[],"product_brand":[144],"product_cat":[316],"product_tag":[],"class_list":{"0":"post-17327","1":"product","2":"type-product","3":"status-publish","4":"has-post-thumbnail","6":"product_brand-dercos","7":"product_cat-shampoings-soins-des-cheveux-cheveux","9":"first","10":"instock","11":"sale","12":"shipping-taxable","13":"purchasable","14":"product-type-simple"},"yoast_head":"<!-- This site is optimized with the Yoast SEO plugin v26.6 - https:\/\/yoast.com\/wordpress\/plugins\/seo\/ -->\r\n<title>VICHY DERCOS SHAMPOING SEBO CORRECTEUR 200 ML - Paracherkaoui.ma<\/title>\r\n<meta name=\"robots\" content=\"index, follow, max-snippet:-1, max-image-preview:large, max-video-preview:-1\" \/>\r\n<link rel=\"canonical\" href=\"https:\/\/paracherkaoui.ma\/index.php\/produit\/vichy-dercos-shampoing-sebo-correcteur-200-ml-2\/\" \/>\r\n<meta property=\"og:locale\" content=\"fr_FR\" \/>\r\n<meta property=\"og:type\" content=\"article\" \/>\r\n<meta property=\"og:title\" content=\"VICHY DERCOS SHAMPOING SEBO CORRECTEUR 200 ML - Paracherkaoui.ma\" \/>\r\n<meta property=\"og:description\" content=\"Sa technologie exclusive repose sur un complexe anti-s\u00e9bum compos\u00e9 de 4 tensio-actifs hautement s\u00e9lectionn\u00e9s, qui r\u00e9gulent la production et limitent\" \/>\r\n<meta property=\"og:url\" content=\"https:\/\/paracherkaoui.ma\/index.php\/produit\/vichy-dercos-shampoing-sebo-correcteur-200-ml-2\/\" \/>\r\n<meta property=\"og:site_name\" content=\"Paracherkaoui.ma\" \/>\r\n<meta property=\"article:modified_time\" content=\"2025-12-12T16:59:26+00:00\" \/>\r\n<meta property=\"og:image\" content=\"https:\/\/paracherkaoui.ma\/wp-content\/uploads\/2025\/12\/dercos-vichy-dercos-shampoing-sebo-correcteur-200-ml-shampoing-cheveux-gras.jpg\" \/>\r\n\t<meta property=\"og:image:width\" content=\"700\" \/>\r\n\t<meta property=\"og:image:height\" content=\"700\" \/>\r\n\t<meta property=\"og:image:type\" content=\"image\/jpeg\" \/>\r\n<meta name=\"twitter:card\" content=\"summary_large_image\" \/>\r\n<meta name=\"twitter:label1\" content=\"Dur\u00e9e de lecture estim\u00e9e\" \/>\n\t<meta name=\"twitter:data1\" content=\"1 minute\" \/>\r\n<script type=\"application\/ld+json\" class=\"yoast-schema-graph\">{\"@context\":\"https:\/\/schema.org\",\"@graph\":[{\"@type\":\"WebPage\",\"@id\":\"https:\/\/paracherkaoui.ma\/index.php\/produit\/vichy-dercos-shampoing-sebo-correcteur-200-ml-2\/\",\"url\":\"https:\/\/paracherkaoui.ma\/index.php\/produit\/vichy-dercos-shampoing-sebo-correcteur-200-ml-2\/\",\"name\":\"VICHY DERCOS SHAMPOING SEBO CORRECTEUR 200 ML - Paracherkaoui.ma\",\"isPartOf\":{\"@id\":\"https:\/\/paracherkaoui.ma\/#website\"},\"primaryImageOfPage\":{\"@id\":\"https:\/\/paracherkaoui.ma\/index.php\/produit\/vichy-dercos-shampoing-sebo-correcteur-200-ml-2\/#primaryimage\"},\"image\":{\"@id\":\"https:\/\/paracherkaoui.ma\/index.php\/produit\/vichy-dercos-shampoing-sebo-correcteur-200-ml-2\/#primaryimage\"},\"thumbnailUrl\":\"https:\/\/paracherkaoui.ma\/wp-content\/uploads\/2025\/12\/dercos-vichy-dercos-shampoing-sebo-correcteur-200-ml-shampoing-cheveux-gras.jpg\",\"datePublished\":\"2025-12-12T16:59:24+00:00\",\"dateModified\":\"2025-12-12T16:59:26+00:00\",\"breadcrumb\":{\"@id\":\"https:\/\/paracherkaoui.ma\/index.php\/produit\/vichy-dercos-shampoing-sebo-correcteur-200-ml-2\/#breadcrumb\"},\"inLanguage\":\"fr-FR\",\"potentialAction\":[{\"@type\":\"ReadAction\",\"target\":[\"https:\/\/paracherkaoui.ma\/index.php\/produit\/vichy-dercos-shampoing-sebo-correcteur-200-ml-2\/\"]}]},{\"@type\":\"ImageObject\",\"inLanguage\":\"fr-FR\",\"@id\":\"https:\/\/paracherkaoui.ma\/index.php\/produit\/vichy-dercos-shampoing-sebo-correcteur-200-ml-2\/#primaryimage\",\"url\":\"https:\/\/paracherkaoui.ma\/wp-content\/uploads\/2025\/12\/dercos-vichy-dercos-shampoing-sebo-correcteur-200-ml-shampoing-cheveux-gras.jpg\",\"contentUrl\":\"https:\/\/paracherkaoui.ma\/wp-content\/uploads\/2025\/12\/dercos-vichy-dercos-shampoing-sebo-correcteur-200-ml-shampoing-cheveux-gras.jpg\",\"width\":700,\"height\":700},{\"@type\":\"BreadcrumbList\",\"@id\":\"https:\/\/paracherkaoui.ma\/index.php\/produit\/vichy-dercos-shampoing-sebo-correcteur-200-ml-2\/#breadcrumb\",\"itemListElement\":[{\"@type\":\"ListItem\",\"position\":1,\"name\":\"Accueil\",\"item\":\"https:\/\/paracherkaoui.ma\/\"},{\"@type\":\"ListItem\",\"position\":2,\"name\":\"Boutique\",\"item\":\"https:\/\/paracherkaoui.ma\/index.php\/boutique\/\"},{\"@type\":\"ListItem\",\"position\":3,\"name\":\"VICHY DERCOS SHAMPOING SEBO CORRECTEUR 200 ML\"}]},{\"@type\":\"WebSite\",\"@id\":\"https:\/\/paracherkaoui.ma\/#website\",\"url\":\"https:\/\/paracherkaoui.ma\/\",\"name\":\"Paracherkaoui.ma\",\"description\":\"Achetez en ligne sur Paracherkaoui.ma\",\"potentialAction\":[{\"@type\":\"SearchAction\",\"target\":{\"@type\":\"EntryPoint\",\"urlTemplate\":\"https:\/\/paracherkaoui.ma\/?s={search_term_string}\"},\"query-input\":{\"@type\":\"PropertyValueSpecification\",\"valueRequired\":true,\"valueName\":\"search_term_string\"}}],\"inLanguage\":\"fr-FR\"}]}<\/script>\r\n<!-- \/ Yoast SEO plugin. -->","yoast_head_json":{"title":"VICHY DERCOS SHAMPOING SEBO CORRECTEUR 200 ML - Paracherkaoui.ma","robots":{"index":"index","follow":"follow","max-snippet":"max-snippet:-1","max-image-preview":"max-image-preview:large","max-video-preview":"max-video-preview:-1"},"canonical":"https:\/\/paracherkaoui.ma\/index.php\/produit\/vichy-dercos-shampoing-sebo-correcteur-200-ml-2\/","og_locale":"fr_FR","og_type":"article","og_title":"VICHY DERCOS SHAMPOING SEBO CORRECTEUR 200 ML - Paracherkaoui.ma","og_description":"Sa technologie exclusive repose sur un complexe anti-s\u00e9bum compos\u00e9 de 4 tensio-actifs hautement s\u00e9lectionn\u00e9s, qui r\u00e9gulent la production et limitent","og_url":"https:\/\/paracherkaoui.ma\/index.php\/produit\/vichy-dercos-shampoing-sebo-correcteur-200-ml-2\/","og_site_name":"Paracherkaoui.ma","article_modified_time":"2025-12-12T16:59:26+00:00","og_image":[{"width":700,"height":700,"url":"https:\/\/paracherkaoui.ma\/wp-content\/uploads\/2025\/12\/dercos-vichy-dercos-shampoing-sebo-correcteur-200-ml-shampoing-cheveux-gras.jpg","type":"image\/jpeg"}],"twitter_card":"summary_large_image","twitter_misc":{"Dur\u00e9e de lecture estim\u00e9e":"1 minute"},"schema":{"@context":"https:\/\/schema.org","@graph":[{"@type":"WebPage","@id":"https:\/\/paracherkaoui.ma\/index.php\/produit\/vichy-dercos-shampoing-sebo-correcteur-200-ml-2\/","url":"https:\/\/paracherkaoui.ma\/index.php\/produit\/vichy-dercos-shampoing-sebo-correcteur-200-ml-2\/","name":"VICHY DERCOS SHAMPOING SEBO CORRECTEUR 200 ML - Paracherkaoui.ma","isPartOf":{"@id":"https:\/\/paracherkaoui.ma\/#website"},"primaryImageOfPage":{"@id":"https:\/\/paracherkaoui.ma\/index.php\/produit\/vichy-dercos-shampoing-sebo-correcteur-200-ml-2\/#primaryimage"},"image":{"@id":"https:\/\/paracherkaoui.ma\/index.php\/produit\/vichy-dercos-shampoing-sebo-correcteur-200-ml-2\/#primaryimage"},"thumbnailUrl":"https:\/\/paracherkaoui.ma\/wp-content\/uploads\/2025\/12\/dercos-vichy-dercos-shampoing-sebo-correcteur-200-ml-shampoing-cheveux-gras.jpg","datePublished":"2025-12-12T16:59:24+00:00","dateModified":"2025-12-12T16:59:26+00:00","breadcrumb":{"@id":"https:\/\/paracherkaoui.ma\/index.php\/produit\/vichy-dercos-shampoing-sebo-correcteur-200-ml-2\/#breadcrumb"},"inLanguage":"fr-FR","potentialAction":[{"@type":"ReadAction","target":["https:\/\/paracherkaoui.ma\/index.php\/produit\/vichy-dercos-shampoing-sebo-correcteur-200-ml-2\/"]}]},{"@type":"ImageObject","inLanguage":"fr-FR","@id":"https:\/\/paracherkaoui.ma\/index.php\/produit\/vichy-dercos-shampoing-sebo-correcteur-200-ml-2\/#primaryimage","url":"https:\/\/paracherkaoui.ma\/wp-content\/uploads\/2025\/12\/dercos-vichy-dercos-shampoing-sebo-correcteur-200-ml-shampoing-cheveux-gras.jpg","contentUrl":"https:\/\/paracherkaoui.ma\/wp-content\/uploads\/2025\/12\/dercos-vichy-dercos-shampoing-sebo-correcteur-200-ml-shampoing-cheveux-gras.jpg","width":700,"height":700},{"@type":"BreadcrumbList","@id":"https:\/\/paracherkaoui.ma\/index.php\/produit\/vichy-dercos-shampoing-sebo-correcteur-200-ml-2\/#breadcrumb","itemListElement":[{"@type":"ListItem","position":1,"name":"Accueil","item":"https:\/\/paracherkaoui.ma\/"},{"@type":"ListItem","position":2,"name":"Boutique","item":"https:\/\/paracherkaoui.ma\/index.php\/boutique\/"},{"@type":"ListItem","position":3,"name":"VICHY DERCOS SHAMPOING SEBO CORRECTEUR 200 ML"}]},{"@type":"WebSite","@id":"https:\/\/paracherkaoui.ma\/#website","url":"https:\/\/paracherkaoui.ma\/","name":"Paracherkaoui.ma","description":"Achetez en ligne sur Paracherkaoui.ma","potentialAction":[{"@type":"SearchAction","target":{"@type":"EntryPoint","urlTemplate":"https:\/\/paracherkaoui.ma\/?s={search_term_string}"},"query-input":{"@type":"PropertyValueSpecification","valueRequired":true,"valueName":"search_term_string"}}],"inLanguage":"fr-FR"}]}},"_links":{"self":[{"href":"https:\/\/paracherkaoui.ma\/index.php\/wp-json\/wp\/v2\/product\/17327","targetHints":{"allow":["GET"]}}],"collection":[{"href":"https:\/\/paracherkaoui.ma\/index.php\/wp-json\/wp\/v2\/product"}],"about":[{"href":"https:\/\/paracherkaoui.ma\/index.php\/wp-json\/wp\/v2\/types\/product"}],"replies":[{"embeddable":true,"href":"https:\/\/paracherkaoui.ma\/index.php\/wp-json\/wp\/v2\/comments?post=17327"}],"version-history":[{"count":1,"href":"https:\/\/paracherkaoui.ma\/index.php\/wp-json\/wp\/v2\/product\/17327\/revisions"}],"predecessor-version":[{"id":17357,"href":"https:\/\/paracherkaoui.ma\/index.php\/wp-json\/wp\/v2\/product\/17327\/revisions\/17357"}],"wp:featuredmedia":[{"embeddable":true,"href":"https:\/\/paracherkaoui.ma\/index.php\/wp-json\/wp\/v2\/media\/10845"}],"wp:attachment":[{"href":"https:\/\/paracherkaoui.ma\/index.php\/wp-json\/wp\/v2\/media?parent=17327"}],"wp:term":[{"taxonomy":"product_brand","embeddable":true,"href":"https:\/\/paracherkaoui.ma\/index.php\/wp-json\/wp\/v2\/product_brand?post=17327"},{"taxonomy":"product_cat","embeddable":true,"href":"https:\/\/paracherkaoui.ma\/index.php\/wp-json\/wp\/v2\/product_cat?post=17327"},{"taxonomy":"product_tag","embeddable":true,"href":"https:\/\/paracherkaoui.ma\/index.php\/wp-json\/wp\/v2\/product_tag?post=17327"}],"curies":[{"name":"wp","href":"https:\/\/api.w.org\/{rel}","templated":true}]}}