{"id":17264,"date":"2025-12-12T17:59:19","date_gmt":"2025-12-12T16:59:19","guid":{"rendered":"https:\/\/test.ecbeaute.com\/?post_type=product&#038;p=17264"},"modified":"2025-12-12T17:59:23","modified_gmt":"2025-12-12T16:59:23","slug":"nutricap-10-ampoules-anti-chute-5-ml","status":"publish","type":"product","link":"https:\/\/paracherkaoui.ma\/index.php\/produit\/nutricap-10-ampoules-anti-chute-5-ml\/","title":{"rendered":"NUTRICAP 10 AMPOULES ANTI CHUTE 5 ML"},"content":{"rendered":"<p>D\u00e9couvrez la solution compl\u00e8te pour des cheveux forts et r\u00e9sistants : Nutricap 10 Ampoules Anti-Chute. Ce compl\u00e9ment alimentaire de pointe favorise la croissance capillaire et pr\u00e9serve la vitalit\u00e9 des cheveux gr\u00e2ce \u00e0 une formule exclusive enrichie en biotine. Id\u00e9al pour contrer les effets des changements environnementaux et physiologiques comme les variations saisonni\u00e8res, le stress, ou la fatigue passag\u00e8re, Nutricap agit en profondeur pour fortifier la fibre capillaire.<br \/>\nLa biotine, ingr\u00e9dient cl\u00e9 de Nutricap, contribue efficacement au maintien de cheveux sains. Elle joue un r\u00f4le essentiel dans la production de k\u00e9ratine, prot\u00e9ine structurelle fondamentale pour des cheveux forts et denses. Ce compl\u00e9ment lutte \u00e9galement contre les p\u00e9riodes de chute de cheveux dues \u00e0 des facteurs internes ou externes, comme les variations hormonales ou la perte de poids.<br \/>\nFacile \u00e0 int\u00e9grer dans votre routine quotidienne, la cure d&rsquo;un mois de 30 capsules offre des r\u00e9sultats visibles d\u00e8s les premi\u00e8res semaines. Avec une prise r\u00e9guli\u00e8re, les cheveux retrouvent leur vigueur naturelle, deviennent plus \u00e9pais et moins sujets \u00e0 la casse. Les ampoules assurent \u00e9galement une absorption rapide des nutriments, pour une action renforc\u00e9e.<br \/>\nConseils d\u2019utilisation :<br \/>\nPrenez une ampoule par jour pendant 30 jours.<br \/>\nPour de meilleurs r\u00e9sultats, combinez avec un shampoing fortifiant.<br \/>\nRenouvelez la cure lors des p\u00e9riodes de stress ou de changements saisonniers.<\/p>\n","protected":false},"excerpt":{"rendered":"<p>D\u00e9couvrez la solution compl\u00e8te pour des cheveux forts et r\u00e9sistants : Nutricap 10 Ampoules Anti-Chute. Ce compl\u00e9ment alimentaire de pointe<\/p>\n","protected":false},"featured_media":17315,"comment_status":"open","ping_status":"closed","template":"","meta":[],"product_brand":[314],"product_cat":[276],"product_tag":[],"class_list":{"0":"post-17264","1":"product","2":"type-product","3":"status-publish","4":"has-post-thumbnail","6":"product_brand-nutricap","7":"product_cat-serums-et-huiles","9":"first","10":"instock","11":"sale","12":"shipping-taxable","13":"purchasable","14":"product-type-simple"},"yoast_head":"<!-- This site is optimized with the Yoast SEO plugin v26.6 - https:\/\/yoast.com\/wordpress\/plugins\/seo\/ -->\r\n<title>NUTRICAP 10 AMPOULES ANTI CHUTE 5 ML - Paracherkaoui.ma<\/title>\r\n<meta name=\"robots\" content=\"index, follow, max-snippet:-1, max-image-preview:large, max-video-preview:-1\" \/>\r\n<link rel=\"canonical\" href=\"https:\/\/paracherkaoui.ma\/index.php\/produit\/nutricap-10-ampoules-anti-chute-5-ml\/\" \/>\r\n<meta property=\"og:locale\" content=\"fr_FR\" \/>\r\n<meta property=\"og:type\" content=\"article\" \/>\r\n<meta property=\"og:title\" content=\"NUTRICAP 10 AMPOULES ANTI CHUTE 5 ML - Paracherkaoui.ma\" \/>\r\n<meta property=\"og:description\" content=\"D\u00e9couvrez la solution compl\u00e8te pour des cheveux forts et r\u00e9sistants : Nutricap 10 Ampoules Anti-Chute. Ce compl\u00e9ment alimentaire de pointe\" \/>\r\n<meta property=\"og:url\" content=\"https:\/\/paracherkaoui.ma\/index.php\/produit\/nutricap-10-ampoules-anti-chute-5-ml\/\" \/>\r\n<meta property=\"og:site_name\" content=\"Paracherkaoui.ma\" \/>\r\n<meta property=\"article:modified_time\" content=\"2025-12-12T16:59:23+00:00\" \/>\r\n<meta property=\"og:image\" content=\"https:\/\/paracherkaoui.ma\/wp-content\/uploads\/2025\/12\/nutricap-10-ampoules-anti-chute-5-ml.jpg\" \/>\r\n\t<meta property=\"og:image:width\" content=\"700\" \/>\r\n\t<meta property=\"og:image:height\" content=\"700\" \/>\r\n\t<meta property=\"og:image:type\" content=\"image\/jpeg\" \/>\r\n<meta name=\"twitter:card\" content=\"summary_large_image\" \/>\r\n<meta name=\"twitter:label1\" content=\"Dur\u00e9e de lecture estim\u00e9e\" \/>\n\t<meta name=\"twitter:data1\" content=\"1 minute\" \/>\r\n<script type=\"application\/ld+json\" class=\"yoast-schema-graph\">{\"@context\":\"https:\/\/schema.org\",\"@graph\":[{\"@type\":\"WebPage\",\"@id\":\"https:\/\/paracherkaoui.ma\/index.php\/produit\/nutricap-10-ampoules-anti-chute-5-ml\/\",\"url\":\"https:\/\/paracherkaoui.ma\/index.php\/produit\/nutricap-10-ampoules-anti-chute-5-ml\/\",\"name\":\"NUTRICAP 10 AMPOULES ANTI CHUTE 5 ML - Paracherkaoui.ma\",\"isPartOf\":{\"@id\":\"https:\/\/paracherkaoui.ma\/#website\"},\"primaryImageOfPage\":{\"@id\":\"https:\/\/paracherkaoui.ma\/index.php\/produit\/nutricap-10-ampoules-anti-chute-5-ml\/#primaryimage\"},\"image\":{\"@id\":\"https:\/\/paracherkaoui.ma\/index.php\/produit\/nutricap-10-ampoules-anti-chute-5-ml\/#primaryimage\"},\"thumbnailUrl\":\"https:\/\/paracherkaoui.ma\/wp-content\/uploads\/2025\/12\/nutricap-10-ampoules-anti-chute-5-ml.jpg\",\"datePublished\":\"2025-12-12T16:59:19+00:00\",\"dateModified\":\"2025-12-12T16:59:23+00:00\",\"breadcrumb\":{\"@id\":\"https:\/\/paracherkaoui.ma\/index.php\/produit\/nutricap-10-ampoules-anti-chute-5-ml\/#breadcrumb\"},\"inLanguage\":\"fr-FR\",\"potentialAction\":[{\"@type\":\"ReadAction\",\"target\":[\"https:\/\/paracherkaoui.ma\/index.php\/produit\/nutricap-10-ampoules-anti-chute-5-ml\/\"]}]},{\"@type\":\"ImageObject\",\"inLanguage\":\"fr-FR\",\"@id\":\"https:\/\/paracherkaoui.ma\/index.php\/produit\/nutricap-10-ampoules-anti-chute-5-ml\/#primaryimage\",\"url\":\"https:\/\/paracherkaoui.ma\/wp-content\/uploads\/2025\/12\/nutricap-10-ampoules-anti-chute-5-ml.jpg\",\"contentUrl\":\"https:\/\/paracherkaoui.ma\/wp-content\/uploads\/2025\/12\/nutricap-10-ampoules-anti-chute-5-ml.jpg\",\"width\":700,\"height\":700},{\"@type\":\"BreadcrumbList\",\"@id\":\"https:\/\/paracherkaoui.ma\/index.php\/produit\/nutricap-10-ampoules-anti-chute-5-ml\/#breadcrumb\",\"itemListElement\":[{\"@type\":\"ListItem\",\"position\":1,\"name\":\"Accueil\",\"item\":\"https:\/\/paracherkaoui.ma\/\"},{\"@type\":\"ListItem\",\"position\":2,\"name\":\"Boutique\",\"item\":\"https:\/\/paracherkaoui.ma\/index.php\/boutique\/\"},{\"@type\":\"ListItem\",\"position\":3,\"name\":\"NUTRICAP 10 AMPOULES ANTI CHUTE 5 ML\"}]},{\"@type\":\"WebSite\",\"@id\":\"https:\/\/paracherkaoui.ma\/#website\",\"url\":\"https:\/\/paracherkaoui.ma\/\",\"name\":\"Paracherkaoui.ma\",\"description\":\"Achetez en ligne sur Paracherkaoui.ma\",\"potentialAction\":[{\"@type\":\"SearchAction\",\"target\":{\"@type\":\"EntryPoint\",\"urlTemplate\":\"https:\/\/paracherkaoui.ma\/?s={search_term_string}\"},\"query-input\":{\"@type\":\"PropertyValueSpecification\",\"valueRequired\":true,\"valueName\":\"search_term_string\"}}],\"inLanguage\":\"fr-FR\"}]}<\/script>\r\n<!-- \/ Yoast SEO plugin. -->","yoast_head_json":{"title":"NUTRICAP 10 AMPOULES ANTI CHUTE 5 ML - Paracherkaoui.ma","robots":{"index":"index","follow":"follow","max-snippet":"max-snippet:-1","max-image-preview":"max-image-preview:large","max-video-preview":"max-video-preview:-1"},"canonical":"https:\/\/paracherkaoui.ma\/index.php\/produit\/nutricap-10-ampoules-anti-chute-5-ml\/","og_locale":"fr_FR","og_type":"article","og_title":"NUTRICAP 10 AMPOULES ANTI CHUTE 5 ML - Paracherkaoui.ma","og_description":"D\u00e9couvrez la solution compl\u00e8te pour des cheveux forts et r\u00e9sistants : Nutricap 10 Ampoules Anti-Chute. Ce compl\u00e9ment alimentaire de pointe","og_url":"https:\/\/paracherkaoui.ma\/index.php\/produit\/nutricap-10-ampoules-anti-chute-5-ml\/","og_site_name":"Paracherkaoui.ma","article_modified_time":"2025-12-12T16:59:23+00:00","og_image":[{"width":700,"height":700,"url":"https:\/\/paracherkaoui.ma\/wp-content\/uploads\/2025\/12\/nutricap-10-ampoules-anti-chute-5-ml.jpg","type":"image\/jpeg"}],"twitter_card":"summary_large_image","twitter_misc":{"Dur\u00e9e de lecture estim\u00e9e":"1 minute"},"schema":{"@context":"https:\/\/schema.org","@graph":[{"@type":"WebPage","@id":"https:\/\/paracherkaoui.ma\/index.php\/produit\/nutricap-10-ampoules-anti-chute-5-ml\/","url":"https:\/\/paracherkaoui.ma\/index.php\/produit\/nutricap-10-ampoules-anti-chute-5-ml\/","name":"NUTRICAP 10 AMPOULES ANTI CHUTE 5 ML - Paracherkaoui.ma","isPartOf":{"@id":"https:\/\/paracherkaoui.ma\/#website"},"primaryImageOfPage":{"@id":"https:\/\/paracherkaoui.ma\/index.php\/produit\/nutricap-10-ampoules-anti-chute-5-ml\/#primaryimage"},"image":{"@id":"https:\/\/paracherkaoui.ma\/index.php\/produit\/nutricap-10-ampoules-anti-chute-5-ml\/#primaryimage"},"thumbnailUrl":"https:\/\/paracherkaoui.ma\/wp-content\/uploads\/2025\/12\/nutricap-10-ampoules-anti-chute-5-ml.jpg","datePublished":"2025-12-12T16:59:19+00:00","dateModified":"2025-12-12T16:59:23+00:00","breadcrumb":{"@id":"https:\/\/paracherkaoui.ma\/index.php\/produit\/nutricap-10-ampoules-anti-chute-5-ml\/#breadcrumb"},"inLanguage":"fr-FR","potentialAction":[{"@type":"ReadAction","target":["https:\/\/paracherkaoui.ma\/index.php\/produit\/nutricap-10-ampoules-anti-chute-5-ml\/"]}]},{"@type":"ImageObject","inLanguage":"fr-FR","@id":"https:\/\/paracherkaoui.ma\/index.php\/produit\/nutricap-10-ampoules-anti-chute-5-ml\/#primaryimage","url":"https:\/\/paracherkaoui.ma\/wp-content\/uploads\/2025\/12\/nutricap-10-ampoules-anti-chute-5-ml.jpg","contentUrl":"https:\/\/paracherkaoui.ma\/wp-content\/uploads\/2025\/12\/nutricap-10-ampoules-anti-chute-5-ml.jpg","width":700,"height":700},{"@type":"BreadcrumbList","@id":"https:\/\/paracherkaoui.ma\/index.php\/produit\/nutricap-10-ampoules-anti-chute-5-ml\/#breadcrumb","itemListElement":[{"@type":"ListItem","position":1,"name":"Accueil","item":"https:\/\/paracherkaoui.ma\/"},{"@type":"ListItem","position":2,"name":"Boutique","item":"https:\/\/paracherkaoui.ma\/index.php\/boutique\/"},{"@type":"ListItem","position":3,"name":"NUTRICAP 10 AMPOULES ANTI CHUTE 5 ML"}]},{"@type":"WebSite","@id":"https:\/\/paracherkaoui.ma\/#website","url":"https:\/\/paracherkaoui.ma\/","name":"Paracherkaoui.ma","description":"Achetez en ligne sur Paracherkaoui.ma","potentialAction":[{"@type":"SearchAction","target":{"@type":"EntryPoint","urlTemplate":"https:\/\/paracherkaoui.ma\/?s={search_term_string}"},"query-input":{"@type":"PropertyValueSpecification","valueRequired":true,"valueName":"search_term_string"}}],"inLanguage":"fr-FR"}]}},"_links":{"self":[{"href":"https:\/\/paracherkaoui.ma\/index.php\/wp-json\/wp\/v2\/product\/17264","targetHints":{"allow":["GET"]}}],"collection":[{"href":"https:\/\/paracherkaoui.ma\/index.php\/wp-json\/wp\/v2\/product"}],"about":[{"href":"https:\/\/paracherkaoui.ma\/index.php\/wp-json\/wp\/v2\/types\/product"}],"replies":[{"embeddable":true,"href":"https:\/\/paracherkaoui.ma\/index.php\/wp-json\/wp\/v2\/comments?post=17264"}],"version-history":[{"count":1,"href":"https:\/\/paracherkaoui.ma\/index.php\/wp-json\/wp\/v2\/product\/17264\/revisions"}],"predecessor-version":[{"id":17316,"href":"https:\/\/paracherkaoui.ma\/index.php\/wp-json\/wp\/v2\/product\/17264\/revisions\/17316"}],"wp:featuredmedia":[{"embeddable":true,"href":"https:\/\/paracherkaoui.ma\/index.php\/wp-json\/wp\/v2\/media\/17315"}],"wp:attachment":[{"href":"https:\/\/paracherkaoui.ma\/index.php\/wp-json\/wp\/v2\/media?parent=17264"}],"wp:term":[{"taxonomy":"product_brand","embeddable":true,"href":"https:\/\/paracherkaoui.ma\/index.php\/wp-json\/wp\/v2\/product_brand?post=17264"},{"taxonomy":"product_cat","embeddable":true,"href":"https:\/\/paracherkaoui.ma\/index.php\/wp-json\/wp\/v2\/product_cat?post=17264"},{"taxonomy":"product_tag","embeddable":true,"href":"https:\/\/paracherkaoui.ma\/index.php\/wp-json\/wp\/v2\/product_tag?post=17264"}],"curies":[{"name":"wp","href":"https:\/\/api.w.org\/{rel}","templated":true}]}}