{"id":17261,"date":"2025-12-12T17:59:19","date_gmt":"2025-12-12T16:59:19","guid":{"rendered":"https:\/\/test.ecbeaute.com\/?post_type=product&#038;p=17261"},"modified":"2025-12-12T17:59:23","modified_gmt":"2025-12-12T16:59:23","slug":"weleda-huile-capillaire-revitalisation-et-brillance-au-romarin-50-ml","status":"publish","type":"product","link":"https:\/\/paracherkaoui.ma\/index.php\/produit\/weleda-huile-capillaire-revitalisation-et-brillance-au-romarin-50-ml\/","title":{"rendered":"WELEDA HUILE CAPILLAIRE REVITALISATION ET BRILLANCE AU ROMARIN 50 ML"},"content":{"rendered":"<p>Enrichie en extraits de racine de bardane bio et de fleur de tr\u00e8fle rouge, cette huile capillaire nourrit les cheveux secs ou ab\u00eem\u00e9s. Avec l&rsquo;Huile capillaire nourrissante, vos cheveux retrouvent toute leur douceur. Id\u00e9al en massage relaxant du cuir chevelu.<br \/>\nTol\u00e9rance cutan\u00e9e test\u00e9e sous contr\u00f4le dermatologique.<br \/>\nPour qui ?<br \/>\nPour les cheveux secs ou ab\u00eem\u00e9s.<br \/>\nPlus produit<br \/>\n\u2022 Soin des cheveux secs et ab\u00eem\u00e9s<br \/>\n\u2022 Redonne souplesse et brillance gr\u00e2ce \u00e0 l&rsquo;huile d&rsquo;arachide et \u00e0 l&rsquo;extrait de racine de bardane bio<br \/>\n\u2022 Id\u00e9ale en massage relaxant du cuir chevelu<\/p>\n","protected":false},"excerpt":{"rendered":"<p>Enrichie en extraits de racine de bardane bio et de fleur de tr\u00e8fle rouge, cette huile capillaire nourrit les cheveux<\/p>\n","protected":false},"featured_media":17309,"comment_status":"open","ping_status":"closed","template":"","meta":[],"product_brand":[313],"product_cat":[276],"product_tag":[],"class_list":{"0":"post-17261","1":"product","2":"type-product","3":"status-publish","4":"has-post-thumbnail","6":"product_brand-weleda","7":"product_cat-serums-et-huiles","9":"first","10":"instock","11":"shipping-taxable","12":"purchasable","13":"product-type-simple"},"yoast_head":"<!-- This site is optimized with the Yoast SEO plugin v26.6 - https:\/\/yoast.com\/wordpress\/plugins\/seo\/ -->\r\n<title>WELEDA HUILE CAPILLAIRE REVITALISATION ET BRILLANCE AU ROMARIN 50 ML - Paracherkaoui.ma<\/title>\r\n<meta name=\"robots\" content=\"index, follow, max-snippet:-1, max-image-preview:large, max-video-preview:-1\" \/>\r\n<link rel=\"canonical\" href=\"https:\/\/paracherkaoui.ma\/index.php\/produit\/weleda-huile-capillaire-revitalisation-et-brillance-au-romarin-50-ml\/\" \/>\r\n<meta property=\"og:locale\" content=\"fr_FR\" \/>\r\n<meta property=\"og:type\" content=\"article\" \/>\r\n<meta property=\"og:title\" content=\"WELEDA HUILE CAPILLAIRE REVITALISATION ET BRILLANCE AU ROMARIN 50 ML - Paracherkaoui.ma\" \/>\r\n<meta property=\"og:description\" content=\"Enrichie en extraits de racine de bardane bio et de fleur de tr\u00e8fle rouge, cette huile capillaire nourrit les cheveux\" \/>\r\n<meta property=\"og:url\" content=\"https:\/\/paracherkaoui.ma\/index.php\/produit\/weleda-huile-capillaire-revitalisation-et-brillance-au-romarin-50-ml\/\" \/>\r\n<meta property=\"og:site_name\" content=\"Paracherkaoui.ma\" \/>\r\n<meta property=\"article:modified_time\" content=\"2025-12-12T16:59:23+00:00\" \/>\r\n<meta property=\"og:image\" content=\"https:\/\/paracherkaoui.ma\/wp-content\/uploads\/2025\/12\/weleda-weleda-huile-capillaire-revitalisation-et-brillance-au-romarin-50-ml-serums-et-huiles.jpg\" \/>\r\n\t<meta property=\"og:image:width\" content=\"700\" \/>\r\n\t<meta property=\"og:image:height\" content=\"700\" \/>\r\n\t<meta property=\"og:image:type\" content=\"image\/jpeg\" \/>\r\n<meta name=\"twitter:card\" content=\"summary_large_image\" \/>\r\n<script type=\"application\/ld+json\" class=\"yoast-schema-graph\">{\"@context\":\"https:\/\/schema.org\",\"@graph\":[{\"@type\":\"WebPage\",\"@id\":\"https:\/\/paracherkaoui.ma\/index.php\/produit\/weleda-huile-capillaire-revitalisation-et-brillance-au-romarin-50-ml\/\",\"url\":\"https:\/\/paracherkaoui.ma\/index.php\/produit\/weleda-huile-capillaire-revitalisation-et-brillance-au-romarin-50-ml\/\",\"name\":\"WELEDA HUILE CAPILLAIRE REVITALISATION ET BRILLANCE AU ROMARIN 50 ML - Paracherkaoui.ma\",\"isPartOf\":{\"@id\":\"https:\/\/paracherkaoui.ma\/#website\"},\"primaryImageOfPage\":{\"@id\":\"https:\/\/paracherkaoui.ma\/index.php\/produit\/weleda-huile-capillaire-revitalisation-et-brillance-au-romarin-50-ml\/#primaryimage\"},\"image\":{\"@id\":\"https:\/\/paracherkaoui.ma\/index.php\/produit\/weleda-huile-capillaire-revitalisation-et-brillance-au-romarin-50-ml\/#primaryimage\"},\"thumbnailUrl\":\"https:\/\/paracherkaoui.ma\/wp-content\/uploads\/2025\/12\/weleda-weleda-huile-capillaire-revitalisation-et-brillance-au-romarin-50-ml-serums-et-huiles.jpg\",\"datePublished\":\"2025-12-12T16:59:19+00:00\",\"dateModified\":\"2025-12-12T16:59:23+00:00\",\"breadcrumb\":{\"@id\":\"https:\/\/paracherkaoui.ma\/index.php\/produit\/weleda-huile-capillaire-revitalisation-et-brillance-au-romarin-50-ml\/#breadcrumb\"},\"inLanguage\":\"fr-FR\",\"potentialAction\":[{\"@type\":\"ReadAction\",\"target\":[\"https:\/\/paracherkaoui.ma\/index.php\/produit\/weleda-huile-capillaire-revitalisation-et-brillance-au-romarin-50-ml\/\"]}]},{\"@type\":\"ImageObject\",\"inLanguage\":\"fr-FR\",\"@id\":\"https:\/\/paracherkaoui.ma\/index.php\/produit\/weleda-huile-capillaire-revitalisation-et-brillance-au-romarin-50-ml\/#primaryimage\",\"url\":\"https:\/\/paracherkaoui.ma\/wp-content\/uploads\/2025\/12\/weleda-weleda-huile-capillaire-revitalisation-et-brillance-au-romarin-50-ml-serums-et-huiles.jpg\",\"contentUrl\":\"https:\/\/paracherkaoui.ma\/wp-content\/uploads\/2025\/12\/weleda-weleda-huile-capillaire-revitalisation-et-brillance-au-romarin-50-ml-serums-et-huiles.jpg\",\"width\":700,\"height\":700},{\"@type\":\"BreadcrumbList\",\"@id\":\"https:\/\/paracherkaoui.ma\/index.php\/produit\/weleda-huile-capillaire-revitalisation-et-brillance-au-romarin-50-ml\/#breadcrumb\",\"itemListElement\":[{\"@type\":\"ListItem\",\"position\":1,\"name\":\"Accueil\",\"item\":\"https:\/\/paracherkaoui.ma\/\"},{\"@type\":\"ListItem\",\"position\":2,\"name\":\"Boutique\",\"item\":\"https:\/\/paracherkaoui.ma\/index.php\/boutique\/\"},{\"@type\":\"ListItem\",\"position\":3,\"name\":\"WELEDA HUILE CAPILLAIRE REVITALISATION ET BRILLANCE AU ROMARIN 50 ML\"}]},{\"@type\":\"WebSite\",\"@id\":\"https:\/\/paracherkaoui.ma\/#website\",\"url\":\"https:\/\/paracherkaoui.ma\/\",\"name\":\"Paracherkaoui.ma\",\"description\":\"Achetez en ligne sur Paracherkaoui.ma\",\"potentialAction\":[{\"@type\":\"SearchAction\",\"target\":{\"@type\":\"EntryPoint\",\"urlTemplate\":\"https:\/\/paracherkaoui.ma\/?s={search_term_string}\"},\"query-input\":{\"@type\":\"PropertyValueSpecification\",\"valueRequired\":true,\"valueName\":\"search_term_string\"}}],\"inLanguage\":\"fr-FR\"}]}<\/script>\r\n<!-- \/ Yoast SEO plugin. -->","yoast_head_json":{"title":"WELEDA HUILE CAPILLAIRE REVITALISATION ET BRILLANCE AU ROMARIN 50 ML - Paracherkaoui.ma","robots":{"index":"index","follow":"follow","max-snippet":"max-snippet:-1","max-image-preview":"max-image-preview:large","max-video-preview":"max-video-preview:-1"},"canonical":"https:\/\/paracherkaoui.ma\/index.php\/produit\/weleda-huile-capillaire-revitalisation-et-brillance-au-romarin-50-ml\/","og_locale":"fr_FR","og_type":"article","og_title":"WELEDA HUILE CAPILLAIRE REVITALISATION ET BRILLANCE AU ROMARIN 50 ML - Paracherkaoui.ma","og_description":"Enrichie en extraits de racine de bardane bio et de fleur de tr\u00e8fle rouge, cette huile capillaire nourrit les cheveux","og_url":"https:\/\/paracherkaoui.ma\/index.php\/produit\/weleda-huile-capillaire-revitalisation-et-brillance-au-romarin-50-ml\/","og_site_name":"Paracherkaoui.ma","article_modified_time":"2025-12-12T16:59:23+00:00","og_image":[{"width":700,"height":700,"url":"https:\/\/paracherkaoui.ma\/wp-content\/uploads\/2025\/12\/weleda-weleda-huile-capillaire-revitalisation-et-brillance-au-romarin-50-ml-serums-et-huiles.jpg","type":"image\/jpeg"}],"twitter_card":"summary_large_image","schema":{"@context":"https:\/\/schema.org","@graph":[{"@type":"WebPage","@id":"https:\/\/paracherkaoui.ma\/index.php\/produit\/weleda-huile-capillaire-revitalisation-et-brillance-au-romarin-50-ml\/","url":"https:\/\/paracherkaoui.ma\/index.php\/produit\/weleda-huile-capillaire-revitalisation-et-brillance-au-romarin-50-ml\/","name":"WELEDA HUILE CAPILLAIRE REVITALISATION ET BRILLANCE AU ROMARIN 50 ML - Paracherkaoui.ma","isPartOf":{"@id":"https:\/\/paracherkaoui.ma\/#website"},"primaryImageOfPage":{"@id":"https:\/\/paracherkaoui.ma\/index.php\/produit\/weleda-huile-capillaire-revitalisation-et-brillance-au-romarin-50-ml\/#primaryimage"},"image":{"@id":"https:\/\/paracherkaoui.ma\/index.php\/produit\/weleda-huile-capillaire-revitalisation-et-brillance-au-romarin-50-ml\/#primaryimage"},"thumbnailUrl":"https:\/\/paracherkaoui.ma\/wp-content\/uploads\/2025\/12\/weleda-weleda-huile-capillaire-revitalisation-et-brillance-au-romarin-50-ml-serums-et-huiles.jpg","datePublished":"2025-12-12T16:59:19+00:00","dateModified":"2025-12-12T16:59:23+00:00","breadcrumb":{"@id":"https:\/\/paracherkaoui.ma\/index.php\/produit\/weleda-huile-capillaire-revitalisation-et-brillance-au-romarin-50-ml\/#breadcrumb"},"inLanguage":"fr-FR","potentialAction":[{"@type":"ReadAction","target":["https:\/\/paracherkaoui.ma\/index.php\/produit\/weleda-huile-capillaire-revitalisation-et-brillance-au-romarin-50-ml\/"]}]},{"@type":"ImageObject","inLanguage":"fr-FR","@id":"https:\/\/paracherkaoui.ma\/index.php\/produit\/weleda-huile-capillaire-revitalisation-et-brillance-au-romarin-50-ml\/#primaryimage","url":"https:\/\/paracherkaoui.ma\/wp-content\/uploads\/2025\/12\/weleda-weleda-huile-capillaire-revitalisation-et-brillance-au-romarin-50-ml-serums-et-huiles.jpg","contentUrl":"https:\/\/paracherkaoui.ma\/wp-content\/uploads\/2025\/12\/weleda-weleda-huile-capillaire-revitalisation-et-brillance-au-romarin-50-ml-serums-et-huiles.jpg","width":700,"height":700},{"@type":"BreadcrumbList","@id":"https:\/\/paracherkaoui.ma\/index.php\/produit\/weleda-huile-capillaire-revitalisation-et-brillance-au-romarin-50-ml\/#breadcrumb","itemListElement":[{"@type":"ListItem","position":1,"name":"Accueil","item":"https:\/\/paracherkaoui.ma\/"},{"@type":"ListItem","position":2,"name":"Boutique","item":"https:\/\/paracherkaoui.ma\/index.php\/boutique\/"},{"@type":"ListItem","position":3,"name":"WELEDA HUILE CAPILLAIRE REVITALISATION ET BRILLANCE AU ROMARIN 50 ML"}]},{"@type":"WebSite","@id":"https:\/\/paracherkaoui.ma\/#website","url":"https:\/\/paracherkaoui.ma\/","name":"Paracherkaoui.ma","description":"Achetez en ligne sur Paracherkaoui.ma","potentialAction":[{"@type":"SearchAction","target":{"@type":"EntryPoint","urlTemplate":"https:\/\/paracherkaoui.ma\/?s={search_term_string}"},"query-input":{"@type":"PropertyValueSpecification","valueRequired":true,"valueName":"search_term_string"}}],"inLanguage":"fr-FR"}]}},"_links":{"self":[{"href":"https:\/\/paracherkaoui.ma\/index.php\/wp-json\/wp\/v2\/product\/17261","targetHints":{"allow":["GET"]}}],"collection":[{"href":"https:\/\/paracherkaoui.ma\/index.php\/wp-json\/wp\/v2\/product"}],"about":[{"href":"https:\/\/paracherkaoui.ma\/index.php\/wp-json\/wp\/v2\/types\/product"}],"replies":[{"embeddable":true,"href":"https:\/\/paracherkaoui.ma\/index.php\/wp-json\/wp\/v2\/comments?post=17261"}],"version-history":[{"count":1,"href":"https:\/\/paracherkaoui.ma\/index.php\/wp-json\/wp\/v2\/product\/17261\/revisions"}],"predecessor-version":[{"id":17310,"href":"https:\/\/paracherkaoui.ma\/index.php\/wp-json\/wp\/v2\/product\/17261\/revisions\/17310"}],"wp:featuredmedia":[{"embeddable":true,"href":"https:\/\/paracherkaoui.ma\/index.php\/wp-json\/wp\/v2\/media\/17309"}],"wp:attachment":[{"href":"https:\/\/paracherkaoui.ma\/index.php\/wp-json\/wp\/v2\/media?parent=17261"}],"wp:term":[{"taxonomy":"product_brand","embeddable":true,"href":"https:\/\/paracherkaoui.ma\/index.php\/wp-json\/wp\/v2\/product_brand?post=17261"},{"taxonomy":"product_cat","embeddable":true,"href":"https:\/\/paracherkaoui.ma\/index.php\/wp-json\/wp\/v2\/product_cat?post=17261"},{"taxonomy":"product_tag","embeddable":true,"href":"https:\/\/paracherkaoui.ma\/index.php\/wp-json\/wp\/v2\/product_tag?post=17261"}],"curies":[{"name":"wp","href":"https:\/\/api.w.org\/{rel}","templated":true}]}}