{"id":17200,"date":"2025-12-12T17:59:06","date_gmt":"2025-12-12T16:59:06","guid":{"rendered":"https:\/\/test.ecbeaute.com\/?post_type=product&#038;p=17200"},"modified":"2025-12-12T17:59:09","modified_gmt":"2025-12-12T16:59:09","slug":"skinor-huile-de-ricin-100-ml","status":"publish","type":"product","link":"https:\/\/paracherkaoui.ma\/index.php\/produit\/skinor-huile-de-ricin-100-ml\/","title":{"rendered":"SKINOR HUILE DE RICIN 100 ML"},"content":{"rendered":"<p>Cette huile aide \u00e0 r\u00e9duire les pellicules de par ses propri\u00e9t\u00e9s, mais elle est \u00e9galement id\u00e9ale pour le nettoyage profond de la peau acn\u00e9ique et aide \u00e0 combattre rides et vergetures.<br \/>\nL\u2019huile de ricin, dite aussi huile de Cl\u00e9op\u00e2tre, est riche en acides gras et vitamine E\u2026 La l\u00e9gende en faisait le soin beaut\u00e9 de pr\u00e9dilection de cette fameuse reine. Son utilisation d\u00e9bute en \u00c9gypte avant de se propager en Inde puis en Chine, o\u00f9 on lui reconna\u00eet ses vertus capillaires et corporelles actuelles. Elle s\u2019utilise sur les longueurs des cheveux et sur le cuir chevelu ; en massant l\u2019huile de ricin \u00e0 la racine, on stimule la pousse de ses propres cheveux.<br \/>\nElle hydrate, nourrit et acc\u00e9l\u00e8re la repousse des cils, des sourcils, des ongles, et aussi de la barbe des hommes<\/p>\n","protected":false},"excerpt":{"rendered":"<p>Cette huile aide \u00e0 r\u00e9duire les pellicules de par ses propri\u00e9t\u00e9s, mais elle est \u00e9galement id\u00e9ale pour le nettoyage profond<\/p>\n","protected":false},"featured_media":17238,"comment_status":"open","ping_status":"closed","template":"","meta":[],"product_brand":[213],"product_cat":[276],"product_tag":[],"class_list":{"0":"post-17200","1":"product","2":"type-product","3":"status-publish","4":"has-post-thumbnail","6":"product_brand-skinor","7":"product_cat-serums-et-huiles","9":"first","10":"instock","11":"sale","12":"shipping-taxable","13":"purchasable","14":"product-type-simple"},"yoast_head":"<!-- This site is optimized with the Yoast SEO plugin v26.6 - https:\/\/yoast.com\/wordpress\/plugins\/seo\/ -->\r\n<title>SKINOR HUILE DE RICIN 100 ML - Paracherkaoui.ma<\/title>\r\n<meta name=\"robots\" content=\"index, follow, max-snippet:-1, max-image-preview:large, max-video-preview:-1\" \/>\r\n<link rel=\"canonical\" href=\"https:\/\/paracherkaoui.ma\/index.php\/produit\/skinor-huile-de-ricin-100-ml\/\" \/>\r\n<meta property=\"og:locale\" content=\"fr_FR\" \/>\r\n<meta property=\"og:type\" content=\"article\" \/>\r\n<meta property=\"og:title\" content=\"SKINOR HUILE DE RICIN 100 ML - Paracherkaoui.ma\" \/>\r\n<meta property=\"og:description\" content=\"Cette huile aide \u00e0 r\u00e9duire les pellicules de par ses propri\u00e9t\u00e9s, mais elle est \u00e9galement id\u00e9ale pour le nettoyage profond\" \/>\r\n<meta property=\"og:url\" content=\"https:\/\/paracherkaoui.ma\/index.php\/produit\/skinor-huile-de-ricin-100-ml\/\" \/>\r\n<meta property=\"og:site_name\" content=\"Paracherkaoui.ma\" \/>\r\n<meta property=\"article:modified_time\" content=\"2025-12-12T16:59:09+00:00\" \/>\r\n<meta property=\"og:image\" content=\"https:\/\/paracherkaoui.ma\/wp-content\/uploads\/2025\/12\/skinor-skinor-huile-de-ricin-100-ml-serum-et-huiles.jpg\" \/>\r\n\t<meta property=\"og:image:width\" content=\"700\" \/>\r\n\t<meta property=\"og:image:height\" content=\"700\" \/>\r\n\t<meta property=\"og:image:type\" content=\"image\/jpeg\" \/>\r\n<meta name=\"twitter:card\" content=\"summary_large_image\" \/>\r\n<meta name=\"twitter:label1\" content=\"Dur\u00e9e de lecture estim\u00e9e\" \/>\n\t<meta name=\"twitter:data1\" content=\"1 minute\" \/>\r\n<script type=\"application\/ld+json\" class=\"yoast-schema-graph\">{\"@context\":\"https:\/\/schema.org\",\"@graph\":[{\"@type\":\"WebPage\",\"@id\":\"https:\/\/paracherkaoui.ma\/index.php\/produit\/skinor-huile-de-ricin-100-ml\/\",\"url\":\"https:\/\/paracherkaoui.ma\/index.php\/produit\/skinor-huile-de-ricin-100-ml\/\",\"name\":\"SKINOR HUILE DE RICIN 100 ML - Paracherkaoui.ma\",\"isPartOf\":{\"@id\":\"https:\/\/paracherkaoui.ma\/#website\"},\"primaryImageOfPage\":{\"@id\":\"https:\/\/paracherkaoui.ma\/index.php\/produit\/skinor-huile-de-ricin-100-ml\/#primaryimage\"},\"image\":{\"@id\":\"https:\/\/paracherkaoui.ma\/index.php\/produit\/skinor-huile-de-ricin-100-ml\/#primaryimage\"},\"thumbnailUrl\":\"https:\/\/paracherkaoui.ma\/wp-content\/uploads\/2025\/12\/skinor-skinor-huile-de-ricin-100-ml-serum-et-huiles.jpg\",\"datePublished\":\"2025-12-12T16:59:06+00:00\",\"dateModified\":\"2025-12-12T16:59:09+00:00\",\"breadcrumb\":{\"@id\":\"https:\/\/paracherkaoui.ma\/index.php\/produit\/skinor-huile-de-ricin-100-ml\/#breadcrumb\"},\"inLanguage\":\"fr-FR\",\"potentialAction\":[{\"@type\":\"ReadAction\",\"target\":[\"https:\/\/paracherkaoui.ma\/index.php\/produit\/skinor-huile-de-ricin-100-ml\/\"]}]},{\"@type\":\"ImageObject\",\"inLanguage\":\"fr-FR\",\"@id\":\"https:\/\/paracherkaoui.ma\/index.php\/produit\/skinor-huile-de-ricin-100-ml\/#primaryimage\",\"url\":\"https:\/\/paracherkaoui.ma\/wp-content\/uploads\/2025\/12\/skinor-skinor-huile-de-ricin-100-ml-serum-et-huiles.jpg\",\"contentUrl\":\"https:\/\/paracherkaoui.ma\/wp-content\/uploads\/2025\/12\/skinor-skinor-huile-de-ricin-100-ml-serum-et-huiles.jpg\",\"width\":700,\"height\":700},{\"@type\":\"BreadcrumbList\",\"@id\":\"https:\/\/paracherkaoui.ma\/index.php\/produit\/skinor-huile-de-ricin-100-ml\/#breadcrumb\",\"itemListElement\":[{\"@type\":\"ListItem\",\"position\":1,\"name\":\"Accueil\",\"item\":\"https:\/\/paracherkaoui.ma\/\"},{\"@type\":\"ListItem\",\"position\":2,\"name\":\"Boutique\",\"item\":\"https:\/\/paracherkaoui.ma\/index.php\/boutique\/\"},{\"@type\":\"ListItem\",\"position\":3,\"name\":\"SKINOR HUILE DE RICIN 100 ML\"}]},{\"@type\":\"WebSite\",\"@id\":\"https:\/\/paracherkaoui.ma\/#website\",\"url\":\"https:\/\/paracherkaoui.ma\/\",\"name\":\"Paracherkaoui.ma\",\"description\":\"Achetez en ligne sur Paracherkaoui.ma\",\"potentialAction\":[{\"@type\":\"SearchAction\",\"target\":{\"@type\":\"EntryPoint\",\"urlTemplate\":\"https:\/\/paracherkaoui.ma\/?s={search_term_string}\"},\"query-input\":{\"@type\":\"PropertyValueSpecification\",\"valueRequired\":true,\"valueName\":\"search_term_string\"}}],\"inLanguage\":\"fr-FR\"}]}<\/script>\r\n<!-- \/ Yoast SEO plugin. -->","yoast_head_json":{"title":"SKINOR HUILE DE RICIN 100 ML - Paracherkaoui.ma","robots":{"index":"index","follow":"follow","max-snippet":"max-snippet:-1","max-image-preview":"max-image-preview:large","max-video-preview":"max-video-preview:-1"},"canonical":"https:\/\/paracherkaoui.ma\/index.php\/produit\/skinor-huile-de-ricin-100-ml\/","og_locale":"fr_FR","og_type":"article","og_title":"SKINOR HUILE DE RICIN 100 ML - Paracherkaoui.ma","og_description":"Cette huile aide \u00e0 r\u00e9duire les pellicules de par ses propri\u00e9t\u00e9s, mais elle est \u00e9galement id\u00e9ale pour le nettoyage profond","og_url":"https:\/\/paracherkaoui.ma\/index.php\/produit\/skinor-huile-de-ricin-100-ml\/","og_site_name":"Paracherkaoui.ma","article_modified_time":"2025-12-12T16:59:09+00:00","og_image":[{"width":700,"height":700,"url":"https:\/\/paracherkaoui.ma\/wp-content\/uploads\/2025\/12\/skinor-skinor-huile-de-ricin-100-ml-serum-et-huiles.jpg","type":"image\/jpeg"}],"twitter_card":"summary_large_image","twitter_misc":{"Dur\u00e9e de lecture estim\u00e9e":"1 minute"},"schema":{"@context":"https:\/\/schema.org","@graph":[{"@type":"WebPage","@id":"https:\/\/paracherkaoui.ma\/index.php\/produit\/skinor-huile-de-ricin-100-ml\/","url":"https:\/\/paracherkaoui.ma\/index.php\/produit\/skinor-huile-de-ricin-100-ml\/","name":"SKINOR HUILE DE RICIN 100 ML - Paracherkaoui.ma","isPartOf":{"@id":"https:\/\/paracherkaoui.ma\/#website"},"primaryImageOfPage":{"@id":"https:\/\/paracherkaoui.ma\/index.php\/produit\/skinor-huile-de-ricin-100-ml\/#primaryimage"},"image":{"@id":"https:\/\/paracherkaoui.ma\/index.php\/produit\/skinor-huile-de-ricin-100-ml\/#primaryimage"},"thumbnailUrl":"https:\/\/paracherkaoui.ma\/wp-content\/uploads\/2025\/12\/skinor-skinor-huile-de-ricin-100-ml-serum-et-huiles.jpg","datePublished":"2025-12-12T16:59:06+00:00","dateModified":"2025-12-12T16:59:09+00:00","breadcrumb":{"@id":"https:\/\/paracherkaoui.ma\/index.php\/produit\/skinor-huile-de-ricin-100-ml\/#breadcrumb"},"inLanguage":"fr-FR","potentialAction":[{"@type":"ReadAction","target":["https:\/\/paracherkaoui.ma\/index.php\/produit\/skinor-huile-de-ricin-100-ml\/"]}]},{"@type":"ImageObject","inLanguage":"fr-FR","@id":"https:\/\/paracherkaoui.ma\/index.php\/produit\/skinor-huile-de-ricin-100-ml\/#primaryimage","url":"https:\/\/paracherkaoui.ma\/wp-content\/uploads\/2025\/12\/skinor-skinor-huile-de-ricin-100-ml-serum-et-huiles.jpg","contentUrl":"https:\/\/paracherkaoui.ma\/wp-content\/uploads\/2025\/12\/skinor-skinor-huile-de-ricin-100-ml-serum-et-huiles.jpg","width":700,"height":700},{"@type":"BreadcrumbList","@id":"https:\/\/paracherkaoui.ma\/index.php\/produit\/skinor-huile-de-ricin-100-ml\/#breadcrumb","itemListElement":[{"@type":"ListItem","position":1,"name":"Accueil","item":"https:\/\/paracherkaoui.ma\/"},{"@type":"ListItem","position":2,"name":"Boutique","item":"https:\/\/paracherkaoui.ma\/index.php\/boutique\/"},{"@type":"ListItem","position":3,"name":"SKINOR HUILE DE RICIN 100 ML"}]},{"@type":"WebSite","@id":"https:\/\/paracherkaoui.ma\/#website","url":"https:\/\/paracherkaoui.ma\/","name":"Paracherkaoui.ma","description":"Achetez en ligne sur Paracherkaoui.ma","potentialAction":[{"@type":"SearchAction","target":{"@type":"EntryPoint","urlTemplate":"https:\/\/paracherkaoui.ma\/?s={search_term_string}"},"query-input":{"@type":"PropertyValueSpecification","valueRequired":true,"valueName":"search_term_string"}}],"inLanguage":"fr-FR"}]}},"_links":{"self":[{"href":"https:\/\/paracherkaoui.ma\/index.php\/wp-json\/wp\/v2\/product\/17200","targetHints":{"allow":["GET"]}}],"collection":[{"href":"https:\/\/paracherkaoui.ma\/index.php\/wp-json\/wp\/v2\/product"}],"about":[{"href":"https:\/\/paracherkaoui.ma\/index.php\/wp-json\/wp\/v2\/types\/product"}],"replies":[{"embeddable":true,"href":"https:\/\/paracherkaoui.ma\/index.php\/wp-json\/wp\/v2\/comments?post=17200"}],"version-history":[{"count":1,"href":"https:\/\/paracherkaoui.ma\/index.php\/wp-json\/wp\/v2\/product\/17200\/revisions"}],"predecessor-version":[{"id":17239,"href":"https:\/\/paracherkaoui.ma\/index.php\/wp-json\/wp\/v2\/product\/17200\/revisions\/17239"}],"wp:featuredmedia":[{"embeddable":true,"href":"https:\/\/paracherkaoui.ma\/index.php\/wp-json\/wp\/v2\/media\/17238"}],"wp:attachment":[{"href":"https:\/\/paracherkaoui.ma\/index.php\/wp-json\/wp\/v2\/media?parent=17200"}],"wp:term":[{"taxonomy":"product_brand","embeddable":true,"href":"https:\/\/paracherkaoui.ma\/index.php\/wp-json\/wp\/v2\/product_brand?post=17200"},{"taxonomy":"product_cat","embeddable":true,"href":"https:\/\/paracherkaoui.ma\/index.php\/wp-json\/wp\/v2\/product_cat?post=17200"},{"taxonomy":"product_tag","embeddable":true,"href":"https:\/\/paracherkaoui.ma\/index.php\/wp-json\/wp\/v2\/product_tag?post=17200"}],"curies":[{"name":"wp","href":"https:\/\/api.w.org\/{rel}","templated":true}]}}