{"id":17199,"date":"2025-12-12T17:59:06","date_gmt":"2025-12-12T16:59:06","guid":{"rendered":"https:\/\/test.ecbeaute.com\/?post_type=product&#038;p=17199"},"modified":"2025-12-12T17:59:09","modified_gmt":"2025-12-12T16:59:09","slug":"nuxe-huile-prodigieuse-neroli-100-ml","status":"publish","type":"product","link":"https:\/\/paracherkaoui.ma\/index.php\/produit\/nuxe-huile-prodigieuse-neroli-100-ml\/","title":{"rendered":"NUXE HUILE PRODIGIEUSE NEROLI 100 ML"},"content":{"rendered":"<p>Succombez au plaisir d\u2018une huile s\u00e8che bio* multi-fonctions, qui nourrit en un seul geste visage, corps et cheveux.<br \/>\nUn soin de peau et d\u2018esprit, qui r\u00e9pare la peau tout en vous connectant \u00e0 vos sens.<\/p>\n<p>Sa d\u00e9licate alchimie d\u2018huiles pr\u00e9cieuses bio (Huile de Prunes d\u2018Ente bio et Huile de S\u00e9same bio) vous fait rayonner d\u2018un irr\u00e9sistible \u00e9clat satin\u00e9 sans fini gras gr\u00e2ce \u00e0 sa texture au toucher sec sensoriel.<br \/>\nSon parfum aux notes apaisantes de N\u00e9roli a le don de vous procurer une sensation de s\u00e9r\u00e9nit\u00e9 absolue.<\/p>\n<p>Soin formul\u00e9 et fabriqu\u00e9 en France.<\/p>\n<p>Son efficacit\u00e9 est prouv\u00e9e :<br \/>\n&#8211; Une action protectrice anti-pollution d\u00e9montr\u00e9e par un test instrumental(1).<br \/>\n&#8211; Elle att\u00e9nue l&rsquo;apparence des vergetures (scorage effectu\u00e9 par un dermatologue)(2).<br \/>\n&#8211; Les femmes constatent une peau nourrie et sublim\u00e9e pour 97%(3), plus lumineuse pour 94%(4).<br \/>\n&#8211; Leurs cheveux sont nourris, brillants et prot\u00e9g\u00e9s des agressions ext\u00e9rieures.<\/p>\n","protected":false},"excerpt":{"rendered":"<p>Succombez au plaisir d\u2018une huile s\u00e8che bio* multi-fonctions, qui nourrit en un seul geste visage, corps et cheveux. Un soin<\/p>\n","protected":false},"featured_media":17236,"comment_status":"open","ping_status":"closed","template":"","meta":[],"product_brand":[230],"product_cat":[276],"product_tag":[],"class_list":{"0":"post-17199","1":"product","2":"type-product","3":"status-publish","4":"has-post-thumbnail","6":"product_brand-nuxe","7":"product_cat-serums-et-huiles","9":"first","10":"instock","11":"sale","12":"shipping-taxable","13":"purchasable","14":"product-type-simple"},"yoast_head":"<!-- This site is optimized with the Yoast SEO plugin v26.6 - https:\/\/yoast.com\/wordpress\/plugins\/seo\/ -->\r\n<title>NUXE HUILE PRODIGIEUSE NEROLI 100 ML - Paracherkaoui.ma<\/title>\r\n<meta name=\"robots\" content=\"index, follow, max-snippet:-1, max-image-preview:large, max-video-preview:-1\" \/>\r\n<link rel=\"canonical\" href=\"https:\/\/paracherkaoui.ma\/index.php\/produit\/nuxe-huile-prodigieuse-neroli-100-ml\/\" \/>\r\n<meta property=\"og:locale\" content=\"fr_FR\" \/>\r\n<meta property=\"og:type\" content=\"article\" \/>\r\n<meta property=\"og:title\" content=\"NUXE HUILE PRODIGIEUSE NEROLI 100 ML - Paracherkaoui.ma\" \/>\r\n<meta property=\"og:description\" content=\"Succombez au plaisir d\u2018une huile s\u00e8che bio* multi-fonctions, qui nourrit en un seul geste visage, corps et cheveux. Un soin\" \/>\r\n<meta property=\"og:url\" content=\"https:\/\/paracherkaoui.ma\/index.php\/produit\/nuxe-huile-prodigieuse-neroli-100-ml\/\" \/>\r\n<meta property=\"og:site_name\" content=\"Paracherkaoui.ma\" \/>\r\n<meta property=\"article:modified_time\" content=\"2025-12-12T16:59:09+00:00\" \/>\r\n<meta property=\"og:image\" content=\"https:\/\/paracherkaoui.ma\/wp-content\/uploads\/2025\/12\/nuxe-nuxe-huile-prodigieuse-neroli-100-ml-cremes-et-soins-hydratants.jpg\" \/>\r\n\t<meta property=\"og:image:width\" content=\"700\" \/>\r\n\t<meta property=\"og:image:height\" content=\"700\" \/>\r\n\t<meta property=\"og:image:type\" content=\"image\/jpeg\" \/>\r\n<meta name=\"twitter:card\" content=\"summary_large_image\" \/>\r\n<meta name=\"twitter:label1\" content=\"Dur\u00e9e de lecture estim\u00e9e\" \/>\n\t<meta name=\"twitter:data1\" content=\"1 minute\" \/>\r\n<script type=\"application\/ld+json\" class=\"yoast-schema-graph\">{\"@context\":\"https:\/\/schema.org\",\"@graph\":[{\"@type\":\"WebPage\",\"@id\":\"https:\/\/paracherkaoui.ma\/index.php\/produit\/nuxe-huile-prodigieuse-neroli-100-ml\/\",\"url\":\"https:\/\/paracherkaoui.ma\/index.php\/produit\/nuxe-huile-prodigieuse-neroli-100-ml\/\",\"name\":\"NUXE HUILE PRODIGIEUSE NEROLI 100 ML - Paracherkaoui.ma\",\"isPartOf\":{\"@id\":\"https:\/\/paracherkaoui.ma\/#website\"},\"primaryImageOfPage\":{\"@id\":\"https:\/\/paracherkaoui.ma\/index.php\/produit\/nuxe-huile-prodigieuse-neroli-100-ml\/#primaryimage\"},\"image\":{\"@id\":\"https:\/\/paracherkaoui.ma\/index.php\/produit\/nuxe-huile-prodigieuse-neroli-100-ml\/#primaryimage\"},\"thumbnailUrl\":\"https:\/\/paracherkaoui.ma\/wp-content\/uploads\/2025\/12\/nuxe-nuxe-huile-prodigieuse-neroli-100-ml-cremes-et-soins-hydratants.jpg\",\"datePublished\":\"2025-12-12T16:59:06+00:00\",\"dateModified\":\"2025-12-12T16:59:09+00:00\",\"breadcrumb\":{\"@id\":\"https:\/\/paracherkaoui.ma\/index.php\/produit\/nuxe-huile-prodigieuse-neroli-100-ml\/#breadcrumb\"},\"inLanguage\":\"fr-FR\",\"potentialAction\":[{\"@type\":\"ReadAction\",\"target\":[\"https:\/\/paracherkaoui.ma\/index.php\/produit\/nuxe-huile-prodigieuse-neroli-100-ml\/\"]}]},{\"@type\":\"ImageObject\",\"inLanguage\":\"fr-FR\",\"@id\":\"https:\/\/paracherkaoui.ma\/index.php\/produit\/nuxe-huile-prodigieuse-neroli-100-ml\/#primaryimage\",\"url\":\"https:\/\/paracherkaoui.ma\/wp-content\/uploads\/2025\/12\/nuxe-nuxe-huile-prodigieuse-neroli-100-ml-cremes-et-soins-hydratants.jpg\",\"contentUrl\":\"https:\/\/paracherkaoui.ma\/wp-content\/uploads\/2025\/12\/nuxe-nuxe-huile-prodigieuse-neroli-100-ml-cremes-et-soins-hydratants.jpg\",\"width\":700,\"height\":700},{\"@type\":\"BreadcrumbList\",\"@id\":\"https:\/\/paracherkaoui.ma\/index.php\/produit\/nuxe-huile-prodigieuse-neroli-100-ml\/#breadcrumb\",\"itemListElement\":[{\"@type\":\"ListItem\",\"position\":1,\"name\":\"Accueil\",\"item\":\"https:\/\/paracherkaoui.ma\/\"},{\"@type\":\"ListItem\",\"position\":2,\"name\":\"Boutique\",\"item\":\"https:\/\/paracherkaoui.ma\/index.php\/boutique\/\"},{\"@type\":\"ListItem\",\"position\":3,\"name\":\"NUXE HUILE PRODIGIEUSE NEROLI 100 ML\"}]},{\"@type\":\"WebSite\",\"@id\":\"https:\/\/paracherkaoui.ma\/#website\",\"url\":\"https:\/\/paracherkaoui.ma\/\",\"name\":\"Paracherkaoui.ma\",\"description\":\"Achetez en ligne sur Paracherkaoui.ma\",\"potentialAction\":[{\"@type\":\"SearchAction\",\"target\":{\"@type\":\"EntryPoint\",\"urlTemplate\":\"https:\/\/paracherkaoui.ma\/?s={search_term_string}\"},\"query-input\":{\"@type\":\"PropertyValueSpecification\",\"valueRequired\":true,\"valueName\":\"search_term_string\"}}],\"inLanguage\":\"fr-FR\"}]}<\/script>\r\n<!-- \/ Yoast SEO plugin. -->","yoast_head_json":{"title":"NUXE HUILE PRODIGIEUSE NEROLI 100 ML - Paracherkaoui.ma","robots":{"index":"index","follow":"follow","max-snippet":"max-snippet:-1","max-image-preview":"max-image-preview:large","max-video-preview":"max-video-preview:-1"},"canonical":"https:\/\/paracherkaoui.ma\/index.php\/produit\/nuxe-huile-prodigieuse-neroli-100-ml\/","og_locale":"fr_FR","og_type":"article","og_title":"NUXE HUILE PRODIGIEUSE NEROLI 100 ML - Paracherkaoui.ma","og_description":"Succombez au plaisir d\u2018une huile s\u00e8che bio* multi-fonctions, qui nourrit en un seul geste visage, corps et cheveux. Un soin","og_url":"https:\/\/paracherkaoui.ma\/index.php\/produit\/nuxe-huile-prodigieuse-neroli-100-ml\/","og_site_name":"Paracherkaoui.ma","article_modified_time":"2025-12-12T16:59:09+00:00","og_image":[{"width":700,"height":700,"url":"https:\/\/paracherkaoui.ma\/wp-content\/uploads\/2025\/12\/nuxe-nuxe-huile-prodigieuse-neroli-100-ml-cremes-et-soins-hydratants.jpg","type":"image\/jpeg"}],"twitter_card":"summary_large_image","twitter_misc":{"Dur\u00e9e de lecture estim\u00e9e":"1 minute"},"schema":{"@context":"https:\/\/schema.org","@graph":[{"@type":"WebPage","@id":"https:\/\/paracherkaoui.ma\/index.php\/produit\/nuxe-huile-prodigieuse-neroli-100-ml\/","url":"https:\/\/paracherkaoui.ma\/index.php\/produit\/nuxe-huile-prodigieuse-neroli-100-ml\/","name":"NUXE HUILE PRODIGIEUSE NEROLI 100 ML - Paracherkaoui.ma","isPartOf":{"@id":"https:\/\/paracherkaoui.ma\/#website"},"primaryImageOfPage":{"@id":"https:\/\/paracherkaoui.ma\/index.php\/produit\/nuxe-huile-prodigieuse-neroli-100-ml\/#primaryimage"},"image":{"@id":"https:\/\/paracherkaoui.ma\/index.php\/produit\/nuxe-huile-prodigieuse-neroli-100-ml\/#primaryimage"},"thumbnailUrl":"https:\/\/paracherkaoui.ma\/wp-content\/uploads\/2025\/12\/nuxe-nuxe-huile-prodigieuse-neroli-100-ml-cremes-et-soins-hydratants.jpg","datePublished":"2025-12-12T16:59:06+00:00","dateModified":"2025-12-12T16:59:09+00:00","breadcrumb":{"@id":"https:\/\/paracherkaoui.ma\/index.php\/produit\/nuxe-huile-prodigieuse-neroli-100-ml\/#breadcrumb"},"inLanguage":"fr-FR","potentialAction":[{"@type":"ReadAction","target":["https:\/\/paracherkaoui.ma\/index.php\/produit\/nuxe-huile-prodigieuse-neroli-100-ml\/"]}]},{"@type":"ImageObject","inLanguage":"fr-FR","@id":"https:\/\/paracherkaoui.ma\/index.php\/produit\/nuxe-huile-prodigieuse-neroli-100-ml\/#primaryimage","url":"https:\/\/paracherkaoui.ma\/wp-content\/uploads\/2025\/12\/nuxe-nuxe-huile-prodigieuse-neroli-100-ml-cremes-et-soins-hydratants.jpg","contentUrl":"https:\/\/paracherkaoui.ma\/wp-content\/uploads\/2025\/12\/nuxe-nuxe-huile-prodigieuse-neroli-100-ml-cremes-et-soins-hydratants.jpg","width":700,"height":700},{"@type":"BreadcrumbList","@id":"https:\/\/paracherkaoui.ma\/index.php\/produit\/nuxe-huile-prodigieuse-neroli-100-ml\/#breadcrumb","itemListElement":[{"@type":"ListItem","position":1,"name":"Accueil","item":"https:\/\/paracherkaoui.ma\/"},{"@type":"ListItem","position":2,"name":"Boutique","item":"https:\/\/paracherkaoui.ma\/index.php\/boutique\/"},{"@type":"ListItem","position":3,"name":"NUXE HUILE PRODIGIEUSE NEROLI 100 ML"}]},{"@type":"WebSite","@id":"https:\/\/paracherkaoui.ma\/#website","url":"https:\/\/paracherkaoui.ma\/","name":"Paracherkaoui.ma","description":"Achetez en ligne sur Paracherkaoui.ma","potentialAction":[{"@type":"SearchAction","target":{"@type":"EntryPoint","urlTemplate":"https:\/\/paracherkaoui.ma\/?s={search_term_string}"},"query-input":{"@type":"PropertyValueSpecification","valueRequired":true,"valueName":"search_term_string"}}],"inLanguage":"fr-FR"}]}},"_links":{"self":[{"href":"https:\/\/paracherkaoui.ma\/index.php\/wp-json\/wp\/v2\/product\/17199","targetHints":{"allow":["GET"]}}],"collection":[{"href":"https:\/\/paracherkaoui.ma\/index.php\/wp-json\/wp\/v2\/product"}],"about":[{"href":"https:\/\/paracherkaoui.ma\/index.php\/wp-json\/wp\/v2\/types\/product"}],"replies":[{"embeddable":true,"href":"https:\/\/paracherkaoui.ma\/index.php\/wp-json\/wp\/v2\/comments?post=17199"}],"version-history":[{"count":1,"href":"https:\/\/paracherkaoui.ma\/index.php\/wp-json\/wp\/v2\/product\/17199\/revisions"}],"predecessor-version":[{"id":17237,"href":"https:\/\/paracherkaoui.ma\/index.php\/wp-json\/wp\/v2\/product\/17199\/revisions\/17237"}],"wp:featuredmedia":[{"embeddable":true,"href":"https:\/\/paracherkaoui.ma\/index.php\/wp-json\/wp\/v2\/media\/17236"}],"wp:attachment":[{"href":"https:\/\/paracherkaoui.ma\/index.php\/wp-json\/wp\/v2\/media?parent=17199"}],"wp:term":[{"taxonomy":"product_brand","embeddable":true,"href":"https:\/\/paracherkaoui.ma\/index.php\/wp-json\/wp\/v2\/product_brand?post=17199"},{"taxonomy":"product_cat","embeddable":true,"href":"https:\/\/paracherkaoui.ma\/index.php\/wp-json\/wp\/v2\/product_cat?post=17199"},{"taxonomy":"product_tag","embeddable":true,"href":"https:\/\/paracherkaoui.ma\/index.php\/wp-json\/wp\/v2\/product_tag?post=17199"}],"curies":[{"name":"wp","href":"https:\/\/api.w.org\/{rel}","templated":true}]}}