{"id":17196,"date":"2025-12-12T17:59:06","date_gmt":"2025-12-12T16:59:06","guid":{"rendered":"https:\/\/test.ecbeaute.com\/?post_type=product&#038;p=17196"},"modified":"2025-12-12T17:59:08","modified_gmt":"2025-12-12T16:59:08","slug":"ecrinal-ampoules-anti-chutes-cheveux-85-ml","status":"publish","type":"product","link":"https:\/\/paracherkaoui.ma\/index.php\/produit\/ecrinal-ampoules-anti-chutes-cheveux-85-ml\/","title":{"rendered":"ECRINAL AMPOULES ANTI CHUTES CHEVEUX 8*5 ML"},"content":{"rendered":"<p>INDICATIONS<br \/>\nChute de cheveux, cheveux clairsem\u00e9s<\/p>\n<p>APPLICATION<br \/>\nAppliquer une ampoule raie par raie sur le cuir chevelu et non sur les cheveux. Exercer un massage doux et prolong\u00e9 du cuir chevelu. Apr\u00e8s 20 minutes, rincer avec le Shampooing Ecrinal \u00e0 base d\u2019A.N.P\u00ae2+. Il est aussi possible de laisser agir la solution toute une nuit.<br \/>\nLe traitement d\u2019attaque est comme suit :<br \/>\n&#8211; une ampoule tous les deux jours pendant 2 mois<br \/>\n&#8211; une ampoule tous les trois jours le 3\u00e8me mois<\/p>\n","protected":false},"excerpt":{"rendered":"<p>INDICATIONS Chute de cheveux, cheveux clairsem\u00e9s APPLICATION Appliquer une ampoule raie par raie sur le cuir chevelu et non sur<\/p>\n","protected":false},"featured_media":17230,"comment_status":"open","ping_status":"closed","template":"","meta":[],"product_brand":[253],"product_cat":[276],"product_tag":[],"class_list":{"0":"post-17196","1":"product","2":"type-product","3":"status-publish","4":"has-post-thumbnail","6":"product_brand-ecrinal","7":"product_cat-serums-et-huiles","9":"first","10":"instock","11":"sale","12":"shipping-taxable","13":"purchasable","14":"product-type-simple"},"yoast_head":"<!-- This site is optimized with the Yoast SEO plugin v26.6 - https:\/\/yoast.com\/wordpress\/plugins\/seo\/ -->\r\n<title>ECRINAL AMPOULES ANTI CHUTES CHEVEUX 8*5 ML - Paracherkaoui.ma<\/title>\r\n<meta name=\"robots\" content=\"index, follow, max-snippet:-1, max-image-preview:large, max-video-preview:-1\" \/>\r\n<link rel=\"canonical\" href=\"https:\/\/paracherkaoui.ma\/index.php\/produit\/ecrinal-ampoules-anti-chutes-cheveux-85-ml\/\" \/>\r\n<meta property=\"og:locale\" content=\"fr_FR\" \/>\r\n<meta property=\"og:type\" content=\"article\" \/>\r\n<meta property=\"og:title\" content=\"ECRINAL AMPOULES ANTI CHUTES CHEVEUX 8*5 ML - Paracherkaoui.ma\" \/>\r\n<meta property=\"og:description\" content=\"INDICATIONS Chute de cheveux, cheveux clairsem\u00e9s APPLICATION Appliquer une ampoule raie par raie sur le cuir chevelu et non sur\" \/>\r\n<meta property=\"og:url\" content=\"https:\/\/paracherkaoui.ma\/index.php\/produit\/ecrinal-ampoules-anti-chutes-cheveux-85-ml\/\" \/>\r\n<meta property=\"og:site_name\" content=\"Paracherkaoui.ma\" \/>\r\n<meta property=\"article:modified_time\" content=\"2025-12-12T16:59:08+00:00\" \/>\r\n<meta property=\"og:image\" content=\"https:\/\/paracherkaoui.ma\/wp-content\/uploads\/2025\/12\/ecrinal-ecrinal-ampoules-anti-chutes-cheveux-85-ml-serums-et-huiles.jpg\" \/>\r\n\t<meta property=\"og:image:width\" content=\"700\" \/>\r\n\t<meta property=\"og:image:height\" content=\"700\" \/>\r\n\t<meta property=\"og:image:type\" content=\"image\/jpeg\" \/>\r\n<meta name=\"twitter:card\" content=\"summary_large_image\" \/>\r\n<script type=\"application\/ld+json\" class=\"yoast-schema-graph\">{\"@context\":\"https:\/\/schema.org\",\"@graph\":[{\"@type\":\"WebPage\",\"@id\":\"https:\/\/paracherkaoui.ma\/index.php\/produit\/ecrinal-ampoules-anti-chutes-cheveux-85-ml\/\",\"url\":\"https:\/\/paracherkaoui.ma\/index.php\/produit\/ecrinal-ampoules-anti-chutes-cheveux-85-ml\/\",\"name\":\"ECRINAL AMPOULES ANTI CHUTES CHEVEUX 8*5 ML - Paracherkaoui.ma\",\"isPartOf\":{\"@id\":\"https:\/\/paracherkaoui.ma\/#website\"},\"primaryImageOfPage\":{\"@id\":\"https:\/\/paracherkaoui.ma\/index.php\/produit\/ecrinal-ampoules-anti-chutes-cheveux-85-ml\/#primaryimage\"},\"image\":{\"@id\":\"https:\/\/paracherkaoui.ma\/index.php\/produit\/ecrinal-ampoules-anti-chutes-cheveux-85-ml\/#primaryimage\"},\"thumbnailUrl\":\"https:\/\/paracherkaoui.ma\/wp-content\/uploads\/2025\/12\/ecrinal-ecrinal-ampoules-anti-chutes-cheveux-85-ml-serums-et-huiles.jpg\",\"datePublished\":\"2025-12-12T16:59:06+00:00\",\"dateModified\":\"2025-12-12T16:59:08+00:00\",\"breadcrumb\":{\"@id\":\"https:\/\/paracherkaoui.ma\/index.php\/produit\/ecrinal-ampoules-anti-chutes-cheveux-85-ml\/#breadcrumb\"},\"inLanguage\":\"fr-FR\",\"potentialAction\":[{\"@type\":\"ReadAction\",\"target\":[\"https:\/\/paracherkaoui.ma\/index.php\/produit\/ecrinal-ampoules-anti-chutes-cheveux-85-ml\/\"]}]},{\"@type\":\"ImageObject\",\"inLanguage\":\"fr-FR\",\"@id\":\"https:\/\/paracherkaoui.ma\/index.php\/produit\/ecrinal-ampoules-anti-chutes-cheveux-85-ml\/#primaryimage\",\"url\":\"https:\/\/paracherkaoui.ma\/wp-content\/uploads\/2025\/12\/ecrinal-ecrinal-ampoules-anti-chutes-cheveux-85-ml-serums-et-huiles.jpg\",\"contentUrl\":\"https:\/\/paracherkaoui.ma\/wp-content\/uploads\/2025\/12\/ecrinal-ecrinal-ampoules-anti-chutes-cheveux-85-ml-serums-et-huiles.jpg\",\"width\":700,\"height\":700},{\"@type\":\"BreadcrumbList\",\"@id\":\"https:\/\/paracherkaoui.ma\/index.php\/produit\/ecrinal-ampoules-anti-chutes-cheveux-85-ml\/#breadcrumb\",\"itemListElement\":[{\"@type\":\"ListItem\",\"position\":1,\"name\":\"Accueil\",\"item\":\"https:\/\/paracherkaoui.ma\/\"},{\"@type\":\"ListItem\",\"position\":2,\"name\":\"Boutique\",\"item\":\"https:\/\/paracherkaoui.ma\/index.php\/boutique\/\"},{\"@type\":\"ListItem\",\"position\":3,\"name\":\"ECRINAL AMPOULES ANTI CHUTES CHEVEUX 8*5 ML\"}]},{\"@type\":\"WebSite\",\"@id\":\"https:\/\/paracherkaoui.ma\/#website\",\"url\":\"https:\/\/paracherkaoui.ma\/\",\"name\":\"Paracherkaoui.ma\",\"description\":\"Achetez en ligne sur Paracherkaoui.ma\",\"potentialAction\":[{\"@type\":\"SearchAction\",\"target\":{\"@type\":\"EntryPoint\",\"urlTemplate\":\"https:\/\/paracherkaoui.ma\/?s={search_term_string}\"},\"query-input\":{\"@type\":\"PropertyValueSpecification\",\"valueRequired\":true,\"valueName\":\"search_term_string\"}}],\"inLanguage\":\"fr-FR\"}]}<\/script>\r\n<!-- \/ Yoast SEO plugin. -->","yoast_head_json":{"title":"ECRINAL AMPOULES ANTI CHUTES CHEVEUX 8*5 ML - Paracherkaoui.ma","robots":{"index":"index","follow":"follow","max-snippet":"max-snippet:-1","max-image-preview":"max-image-preview:large","max-video-preview":"max-video-preview:-1"},"canonical":"https:\/\/paracherkaoui.ma\/index.php\/produit\/ecrinal-ampoules-anti-chutes-cheveux-85-ml\/","og_locale":"fr_FR","og_type":"article","og_title":"ECRINAL AMPOULES ANTI CHUTES CHEVEUX 8*5 ML - Paracherkaoui.ma","og_description":"INDICATIONS Chute de cheveux, cheveux clairsem\u00e9s APPLICATION Appliquer une ampoule raie par raie sur le cuir chevelu et non sur","og_url":"https:\/\/paracherkaoui.ma\/index.php\/produit\/ecrinal-ampoules-anti-chutes-cheveux-85-ml\/","og_site_name":"Paracherkaoui.ma","article_modified_time":"2025-12-12T16:59:08+00:00","og_image":[{"width":700,"height":700,"url":"https:\/\/paracherkaoui.ma\/wp-content\/uploads\/2025\/12\/ecrinal-ecrinal-ampoules-anti-chutes-cheveux-85-ml-serums-et-huiles.jpg","type":"image\/jpeg"}],"twitter_card":"summary_large_image","schema":{"@context":"https:\/\/schema.org","@graph":[{"@type":"WebPage","@id":"https:\/\/paracherkaoui.ma\/index.php\/produit\/ecrinal-ampoules-anti-chutes-cheveux-85-ml\/","url":"https:\/\/paracherkaoui.ma\/index.php\/produit\/ecrinal-ampoules-anti-chutes-cheveux-85-ml\/","name":"ECRINAL AMPOULES ANTI CHUTES CHEVEUX 8*5 ML - Paracherkaoui.ma","isPartOf":{"@id":"https:\/\/paracherkaoui.ma\/#website"},"primaryImageOfPage":{"@id":"https:\/\/paracherkaoui.ma\/index.php\/produit\/ecrinal-ampoules-anti-chutes-cheveux-85-ml\/#primaryimage"},"image":{"@id":"https:\/\/paracherkaoui.ma\/index.php\/produit\/ecrinal-ampoules-anti-chutes-cheveux-85-ml\/#primaryimage"},"thumbnailUrl":"https:\/\/paracherkaoui.ma\/wp-content\/uploads\/2025\/12\/ecrinal-ecrinal-ampoules-anti-chutes-cheveux-85-ml-serums-et-huiles.jpg","datePublished":"2025-12-12T16:59:06+00:00","dateModified":"2025-12-12T16:59:08+00:00","breadcrumb":{"@id":"https:\/\/paracherkaoui.ma\/index.php\/produit\/ecrinal-ampoules-anti-chutes-cheveux-85-ml\/#breadcrumb"},"inLanguage":"fr-FR","potentialAction":[{"@type":"ReadAction","target":["https:\/\/paracherkaoui.ma\/index.php\/produit\/ecrinal-ampoules-anti-chutes-cheveux-85-ml\/"]}]},{"@type":"ImageObject","inLanguage":"fr-FR","@id":"https:\/\/paracherkaoui.ma\/index.php\/produit\/ecrinal-ampoules-anti-chutes-cheveux-85-ml\/#primaryimage","url":"https:\/\/paracherkaoui.ma\/wp-content\/uploads\/2025\/12\/ecrinal-ecrinal-ampoules-anti-chutes-cheveux-85-ml-serums-et-huiles.jpg","contentUrl":"https:\/\/paracherkaoui.ma\/wp-content\/uploads\/2025\/12\/ecrinal-ecrinal-ampoules-anti-chutes-cheveux-85-ml-serums-et-huiles.jpg","width":700,"height":700},{"@type":"BreadcrumbList","@id":"https:\/\/paracherkaoui.ma\/index.php\/produit\/ecrinal-ampoules-anti-chutes-cheveux-85-ml\/#breadcrumb","itemListElement":[{"@type":"ListItem","position":1,"name":"Accueil","item":"https:\/\/paracherkaoui.ma\/"},{"@type":"ListItem","position":2,"name":"Boutique","item":"https:\/\/paracherkaoui.ma\/index.php\/boutique\/"},{"@type":"ListItem","position":3,"name":"ECRINAL AMPOULES ANTI CHUTES CHEVEUX 8*5 ML"}]},{"@type":"WebSite","@id":"https:\/\/paracherkaoui.ma\/#website","url":"https:\/\/paracherkaoui.ma\/","name":"Paracherkaoui.ma","description":"Achetez en ligne sur Paracherkaoui.ma","potentialAction":[{"@type":"SearchAction","target":{"@type":"EntryPoint","urlTemplate":"https:\/\/paracherkaoui.ma\/?s={search_term_string}"},"query-input":{"@type":"PropertyValueSpecification","valueRequired":true,"valueName":"search_term_string"}}],"inLanguage":"fr-FR"}]}},"_links":{"self":[{"href":"https:\/\/paracherkaoui.ma\/index.php\/wp-json\/wp\/v2\/product\/17196","targetHints":{"allow":["GET"]}}],"collection":[{"href":"https:\/\/paracherkaoui.ma\/index.php\/wp-json\/wp\/v2\/product"}],"about":[{"href":"https:\/\/paracherkaoui.ma\/index.php\/wp-json\/wp\/v2\/types\/product"}],"replies":[{"embeddable":true,"href":"https:\/\/paracherkaoui.ma\/index.php\/wp-json\/wp\/v2\/comments?post=17196"}],"version-history":[{"count":1,"href":"https:\/\/paracherkaoui.ma\/index.php\/wp-json\/wp\/v2\/product\/17196\/revisions"}],"predecessor-version":[{"id":17231,"href":"https:\/\/paracherkaoui.ma\/index.php\/wp-json\/wp\/v2\/product\/17196\/revisions\/17231"}],"wp:featuredmedia":[{"embeddable":true,"href":"https:\/\/paracherkaoui.ma\/index.php\/wp-json\/wp\/v2\/media\/17230"}],"wp:attachment":[{"href":"https:\/\/paracherkaoui.ma\/index.php\/wp-json\/wp\/v2\/media?parent=17196"}],"wp:term":[{"taxonomy":"product_brand","embeddable":true,"href":"https:\/\/paracherkaoui.ma\/index.php\/wp-json\/wp\/v2\/product_brand?post=17196"},{"taxonomy":"product_cat","embeddable":true,"href":"https:\/\/paracherkaoui.ma\/index.php\/wp-json\/wp\/v2\/product_cat?post=17196"},{"taxonomy":"product_tag","embeddable":true,"href":"https:\/\/paracherkaoui.ma\/index.php\/wp-json\/wp\/v2\/product_tag?post=17196"}],"curies":[{"name":"wp","href":"https:\/\/api.w.org\/{rel}","templated":true}]}}