{"id":17187,"date":"2025-12-12T17:59:05","date_gmt":"2025-12-12T16:59:05","guid":{"rendered":"https:\/\/test.ecbeaute.com\/?post_type=product&#038;p=17187"},"modified":"2025-12-12T17:59:07","modified_gmt":"2025-12-12T16:59:07","slug":"macadamia-healing-oil-spray-125-ml","status":"publish","type":"product","link":"https:\/\/paracherkaoui.ma\/index.php\/produit\/macadamia-healing-oil-spray-125-ml\/","title":{"rendered":"MACADAMIA HEALING OIL SPRAY 125 ML"},"content":{"rendered":"<p>L&rsquo;huile naturelle de macadamia en spray curatif p\u00e9n\u00e8tre dans les cheveux et le cuir chevelu pour augmenter la r\u00e9sistance \u00e0 la traction, favoriser une belle brillance et une bonne maniabilit\u00e9 et offrir un fini durable, sans d\u00e9m\u00ealage et sans frisottis. Cette brume ultra-fine hydrate et nourrit instantan\u00e9ment tous les types de cheveux avec une sensation non grasse. De plus, elle offre une protection contre les UV et prolonge la dur\u00e9e de vie de la couleur. Id\u00e9al pour les cheveux secs, ab\u00eem\u00e9s et cassants, en particulier les cheveux fins.<\/p>\n","protected":false},"excerpt":{"rendered":"<p>L&rsquo;huile naturelle de macadamia en spray curatif p\u00e9n\u00e8tre dans les cheveux et le cuir chevelu pour augmenter la r\u00e9sistance \u00e0<\/p>\n","protected":false},"featured_media":17213,"comment_status":"open","ping_status":"closed","template":"","meta":[],"product_brand":[196],"product_cat":[276],"product_tag":[],"class_list":{"0":"post-17187","1":"product","2":"type-product","3":"status-publish","4":"has-post-thumbnail","6":"product_brand-macadamia","7":"product_cat-serums-et-huiles","9":"first","10":"instock","11":"shipping-taxable","12":"purchasable","13":"product-type-simple"},"yoast_head":"<!-- This site is optimized with the Yoast SEO plugin v26.6 - https:\/\/yoast.com\/wordpress\/plugins\/seo\/ -->\r\n<title>MACADAMIA HEALING OIL SPRAY 125 ML - Paracherkaoui.ma<\/title>\r\n<meta name=\"robots\" content=\"index, follow, max-snippet:-1, max-image-preview:large, max-video-preview:-1\" \/>\r\n<link rel=\"canonical\" href=\"https:\/\/paracherkaoui.ma\/index.php\/produit\/macadamia-healing-oil-spray-125-ml\/\" \/>\r\n<meta property=\"og:locale\" content=\"fr_FR\" \/>\r\n<meta property=\"og:type\" content=\"article\" \/>\r\n<meta property=\"og:title\" content=\"MACADAMIA HEALING OIL SPRAY 125 ML - Paracherkaoui.ma\" \/>\r\n<meta property=\"og:description\" content=\"L&rsquo;huile naturelle de macadamia en spray curatif p\u00e9n\u00e8tre dans les cheveux et le cuir chevelu pour augmenter la r\u00e9sistance \u00e0\" \/>\r\n<meta property=\"og:url\" content=\"https:\/\/paracherkaoui.ma\/index.php\/produit\/macadamia-healing-oil-spray-125-ml\/\" \/>\r\n<meta property=\"og:site_name\" content=\"Paracherkaoui.ma\" \/>\r\n<meta property=\"article:modified_time\" content=\"2025-12-12T16:59:07+00:00\" \/>\r\n<meta property=\"og:image\" content=\"https:\/\/paracherkaoui.ma\/wp-content\/uploads\/2025\/12\/macadamia-macadamia-healing-oil-spray-125-ml-serum-et-huiles.jpg\" \/>\r\n\t<meta property=\"og:image:width\" content=\"700\" \/>\r\n\t<meta property=\"og:image:height\" content=\"700\" \/>\r\n\t<meta property=\"og:image:type\" content=\"image\/jpeg\" \/>\r\n<meta name=\"twitter:card\" content=\"summary_large_image\" \/>\r\n<script type=\"application\/ld+json\" class=\"yoast-schema-graph\">{\"@context\":\"https:\/\/schema.org\",\"@graph\":[{\"@type\":\"WebPage\",\"@id\":\"https:\/\/paracherkaoui.ma\/index.php\/produit\/macadamia-healing-oil-spray-125-ml\/\",\"url\":\"https:\/\/paracherkaoui.ma\/index.php\/produit\/macadamia-healing-oil-spray-125-ml\/\",\"name\":\"MACADAMIA HEALING OIL SPRAY 125 ML - Paracherkaoui.ma\",\"isPartOf\":{\"@id\":\"https:\/\/paracherkaoui.ma\/#website\"},\"primaryImageOfPage\":{\"@id\":\"https:\/\/paracherkaoui.ma\/index.php\/produit\/macadamia-healing-oil-spray-125-ml\/#primaryimage\"},\"image\":{\"@id\":\"https:\/\/paracherkaoui.ma\/index.php\/produit\/macadamia-healing-oil-spray-125-ml\/#primaryimage\"},\"thumbnailUrl\":\"https:\/\/paracherkaoui.ma\/wp-content\/uploads\/2025\/12\/macadamia-macadamia-healing-oil-spray-125-ml-serum-et-huiles.jpg\",\"datePublished\":\"2025-12-12T16:59:05+00:00\",\"dateModified\":\"2025-12-12T16:59:07+00:00\",\"breadcrumb\":{\"@id\":\"https:\/\/paracherkaoui.ma\/index.php\/produit\/macadamia-healing-oil-spray-125-ml\/#breadcrumb\"},\"inLanguage\":\"fr-FR\",\"potentialAction\":[{\"@type\":\"ReadAction\",\"target\":[\"https:\/\/paracherkaoui.ma\/index.php\/produit\/macadamia-healing-oil-spray-125-ml\/\"]}]},{\"@type\":\"ImageObject\",\"inLanguage\":\"fr-FR\",\"@id\":\"https:\/\/paracherkaoui.ma\/index.php\/produit\/macadamia-healing-oil-spray-125-ml\/#primaryimage\",\"url\":\"https:\/\/paracherkaoui.ma\/wp-content\/uploads\/2025\/12\/macadamia-macadamia-healing-oil-spray-125-ml-serum-et-huiles.jpg\",\"contentUrl\":\"https:\/\/paracherkaoui.ma\/wp-content\/uploads\/2025\/12\/macadamia-macadamia-healing-oil-spray-125-ml-serum-et-huiles.jpg\",\"width\":700,\"height\":700},{\"@type\":\"BreadcrumbList\",\"@id\":\"https:\/\/paracherkaoui.ma\/index.php\/produit\/macadamia-healing-oil-spray-125-ml\/#breadcrumb\",\"itemListElement\":[{\"@type\":\"ListItem\",\"position\":1,\"name\":\"Accueil\",\"item\":\"https:\/\/paracherkaoui.ma\/\"},{\"@type\":\"ListItem\",\"position\":2,\"name\":\"Boutique\",\"item\":\"https:\/\/paracherkaoui.ma\/index.php\/boutique\/\"},{\"@type\":\"ListItem\",\"position\":3,\"name\":\"MACADAMIA HEALING OIL SPRAY 125 ML\"}]},{\"@type\":\"WebSite\",\"@id\":\"https:\/\/paracherkaoui.ma\/#website\",\"url\":\"https:\/\/paracherkaoui.ma\/\",\"name\":\"Paracherkaoui.ma\",\"description\":\"Achetez en ligne sur Paracherkaoui.ma\",\"potentialAction\":[{\"@type\":\"SearchAction\",\"target\":{\"@type\":\"EntryPoint\",\"urlTemplate\":\"https:\/\/paracherkaoui.ma\/?s={search_term_string}\"},\"query-input\":{\"@type\":\"PropertyValueSpecification\",\"valueRequired\":true,\"valueName\":\"search_term_string\"}}],\"inLanguage\":\"fr-FR\"}]}<\/script>\r\n<!-- \/ Yoast SEO plugin. -->","yoast_head_json":{"title":"MACADAMIA HEALING OIL SPRAY 125 ML - Paracherkaoui.ma","robots":{"index":"index","follow":"follow","max-snippet":"max-snippet:-1","max-image-preview":"max-image-preview:large","max-video-preview":"max-video-preview:-1"},"canonical":"https:\/\/paracherkaoui.ma\/index.php\/produit\/macadamia-healing-oil-spray-125-ml\/","og_locale":"fr_FR","og_type":"article","og_title":"MACADAMIA HEALING OIL SPRAY 125 ML - Paracherkaoui.ma","og_description":"L&rsquo;huile naturelle de macadamia en spray curatif p\u00e9n\u00e8tre dans les cheveux et le cuir chevelu pour augmenter la r\u00e9sistance \u00e0","og_url":"https:\/\/paracherkaoui.ma\/index.php\/produit\/macadamia-healing-oil-spray-125-ml\/","og_site_name":"Paracherkaoui.ma","article_modified_time":"2025-12-12T16:59:07+00:00","og_image":[{"width":700,"height":700,"url":"https:\/\/paracherkaoui.ma\/wp-content\/uploads\/2025\/12\/macadamia-macadamia-healing-oil-spray-125-ml-serum-et-huiles.jpg","type":"image\/jpeg"}],"twitter_card":"summary_large_image","schema":{"@context":"https:\/\/schema.org","@graph":[{"@type":"WebPage","@id":"https:\/\/paracherkaoui.ma\/index.php\/produit\/macadamia-healing-oil-spray-125-ml\/","url":"https:\/\/paracherkaoui.ma\/index.php\/produit\/macadamia-healing-oil-spray-125-ml\/","name":"MACADAMIA HEALING OIL SPRAY 125 ML - Paracherkaoui.ma","isPartOf":{"@id":"https:\/\/paracherkaoui.ma\/#website"},"primaryImageOfPage":{"@id":"https:\/\/paracherkaoui.ma\/index.php\/produit\/macadamia-healing-oil-spray-125-ml\/#primaryimage"},"image":{"@id":"https:\/\/paracherkaoui.ma\/index.php\/produit\/macadamia-healing-oil-spray-125-ml\/#primaryimage"},"thumbnailUrl":"https:\/\/paracherkaoui.ma\/wp-content\/uploads\/2025\/12\/macadamia-macadamia-healing-oil-spray-125-ml-serum-et-huiles.jpg","datePublished":"2025-12-12T16:59:05+00:00","dateModified":"2025-12-12T16:59:07+00:00","breadcrumb":{"@id":"https:\/\/paracherkaoui.ma\/index.php\/produit\/macadamia-healing-oil-spray-125-ml\/#breadcrumb"},"inLanguage":"fr-FR","potentialAction":[{"@type":"ReadAction","target":["https:\/\/paracherkaoui.ma\/index.php\/produit\/macadamia-healing-oil-spray-125-ml\/"]}]},{"@type":"ImageObject","inLanguage":"fr-FR","@id":"https:\/\/paracherkaoui.ma\/index.php\/produit\/macadamia-healing-oil-spray-125-ml\/#primaryimage","url":"https:\/\/paracherkaoui.ma\/wp-content\/uploads\/2025\/12\/macadamia-macadamia-healing-oil-spray-125-ml-serum-et-huiles.jpg","contentUrl":"https:\/\/paracherkaoui.ma\/wp-content\/uploads\/2025\/12\/macadamia-macadamia-healing-oil-spray-125-ml-serum-et-huiles.jpg","width":700,"height":700},{"@type":"BreadcrumbList","@id":"https:\/\/paracherkaoui.ma\/index.php\/produit\/macadamia-healing-oil-spray-125-ml\/#breadcrumb","itemListElement":[{"@type":"ListItem","position":1,"name":"Accueil","item":"https:\/\/paracherkaoui.ma\/"},{"@type":"ListItem","position":2,"name":"Boutique","item":"https:\/\/paracherkaoui.ma\/index.php\/boutique\/"},{"@type":"ListItem","position":3,"name":"MACADAMIA HEALING OIL SPRAY 125 ML"}]},{"@type":"WebSite","@id":"https:\/\/paracherkaoui.ma\/#website","url":"https:\/\/paracherkaoui.ma\/","name":"Paracherkaoui.ma","description":"Achetez en ligne sur Paracherkaoui.ma","potentialAction":[{"@type":"SearchAction","target":{"@type":"EntryPoint","urlTemplate":"https:\/\/paracherkaoui.ma\/?s={search_term_string}"},"query-input":{"@type":"PropertyValueSpecification","valueRequired":true,"valueName":"search_term_string"}}],"inLanguage":"fr-FR"}]}},"_links":{"self":[{"href":"https:\/\/paracherkaoui.ma\/index.php\/wp-json\/wp\/v2\/product\/17187","targetHints":{"allow":["GET"]}}],"collection":[{"href":"https:\/\/paracherkaoui.ma\/index.php\/wp-json\/wp\/v2\/product"}],"about":[{"href":"https:\/\/paracherkaoui.ma\/index.php\/wp-json\/wp\/v2\/types\/product"}],"replies":[{"embeddable":true,"href":"https:\/\/paracherkaoui.ma\/index.php\/wp-json\/wp\/v2\/comments?post=17187"}],"version-history":[{"count":1,"href":"https:\/\/paracherkaoui.ma\/index.php\/wp-json\/wp\/v2\/product\/17187\/revisions"}],"predecessor-version":[{"id":17214,"href":"https:\/\/paracherkaoui.ma\/index.php\/wp-json\/wp\/v2\/product\/17187\/revisions\/17214"}],"wp:featuredmedia":[{"embeddable":true,"href":"https:\/\/paracherkaoui.ma\/index.php\/wp-json\/wp\/v2\/media\/17213"}],"wp:attachment":[{"href":"https:\/\/paracherkaoui.ma\/index.php\/wp-json\/wp\/v2\/media?parent=17187"}],"wp:term":[{"taxonomy":"product_brand","embeddable":true,"href":"https:\/\/paracherkaoui.ma\/index.php\/wp-json\/wp\/v2\/product_brand?post=17187"},{"taxonomy":"product_cat","embeddable":true,"href":"https:\/\/paracherkaoui.ma\/index.php\/wp-json\/wp\/v2\/product_cat?post=17187"},{"taxonomy":"product_tag","embeddable":true,"href":"https:\/\/paracherkaoui.ma\/index.php\/wp-json\/wp\/v2\/product_tag?post=17187"}],"curies":[{"name":"wp","href":"https:\/\/api.w.org\/{rel}","templated":true}]}}