{"id":17116,"date":"2025-12-12T17:58:56","date_gmt":"2025-12-12T16:58:56","guid":{"rendered":"https:\/\/test.ecbeaute.com\/?post_type=product&#038;p=17116"},"modified":"2025-12-12T17:59:00","modified_gmt":"2025-12-12T16:59:00","slug":"nuhanciam-huile-soin-metamorphose-100ml","status":"publish","type":"product","link":"https:\/\/paracherkaoui.ma\/index.php\/produit\/nuhanciam-huile-soin-metamorphose-100ml\/","title":{"rendered":"NUHANCIAM HUILE SOIN METAMORPHOSE 100ML"},"content":{"rendered":"<p>Embelisseur Corps-Cheveux &#8211; \u00c9clat, Douceur<br \/>\nCette huile de soin s\u2019utilise sur le corps et aussi les cheveux pour les m\u00e9tamorphoser. Elle nourrit, lisse, illumine. La peau est sublim\u00e9e, infiniment douce, confortable et souple, son \u00e9clat est raviv\u00e9.<br \/>\nCe produit contient 99.2% d&rsquo;ingr\u00e9dients d&rsquo;origine naturelle<br \/>\nConseils d&rsquo;utilisation:<br \/>\nApr\u00e8s la douche ou le bain, appliquer quelques gouttes par effleurages g\u00e9n\u00e9reux et circulaires. Insister sur les zones les plus s\u00e8ches, coudes, genoux, talons, mains, cuticules. La texture fine et l\u00e9g\u00e8re de cette huile mi-s\u00e8che peut \u00eatre utilis\u00e9e sur peau s\u00e8che comme sur peau humide. Elle fusionne avec la peau sans laisser de film gras ; quelques secondes et vous pouvez vous habiller.<br \/>\nComposition :<br \/>\nCOCO-CAPRYLATE, SILYBUM MARIANUM SEED OIL, MACADAMIA INTEGRIFOLIA SEED OIL, DICAPRYLYL ETHER, CORYLUS AVELLANA (HAZEL) SEED OIL, ALEURITES MOLUCCANUS SEED OIL, PARFUM (FRAGRANCE), TOCOPHEROL, BISABOLOL, GLYCINE SOJA (SOYBEAN) OIL, COUMARIN, VANILLIN, LINALYL ACETATE, BENZYL BENZOATE, TERPINEOL, GERANYL ACETATE, GERANIOL, CITRONELLOL, LIMONENE, CITRUS LIMON PEEL OIL, LINALOOL, POGOSTEMON CABLIN OIL, CITRUS AURANTIUM PEEL OIL, JUNIPERUS VIRGINIANA OIL, PINENE, CITRAL, BETA-CARYOPHYLLENE, BENZALDEHYDE.<\/p>\n","protected":false},"excerpt":{"rendered":"<p>Embelisseur Corps-Cheveux &#8211; \u00c9clat, Douceur Cette huile de soin s\u2019utilise sur le corps et aussi les cheveux pour les m\u00e9tamorphoser.<\/p>\n","protected":false},"featured_media":17167,"comment_status":"open","ping_status":"closed","template":"","meta":[],"product_brand":[311],"product_cat":[276],"product_tag":[],"class_list":{"0":"post-17116","1":"product","2":"type-product","3":"status-publish","4":"has-post-thumbnail","6":"product_brand-nuhanciam","7":"product_cat-serums-et-huiles","9":"first","10":"instock","11":"sale","12":"shipping-taxable","13":"purchasable","14":"product-type-simple"},"yoast_head":"<!-- This site is optimized with the Yoast SEO plugin v26.6 - https:\/\/yoast.com\/wordpress\/plugins\/seo\/ -->\r\n<title>NUHANCIAM HUILE SOIN METAMORPHOSE 100ML - Paracherkaoui.ma<\/title>\r\n<meta name=\"robots\" content=\"index, follow, max-snippet:-1, max-image-preview:large, max-video-preview:-1\" \/>\r\n<link rel=\"canonical\" href=\"https:\/\/paracherkaoui.ma\/index.php\/produit\/nuhanciam-huile-soin-metamorphose-100ml\/\" \/>\r\n<meta property=\"og:locale\" content=\"fr_FR\" \/>\r\n<meta property=\"og:type\" content=\"article\" \/>\r\n<meta property=\"og:title\" content=\"NUHANCIAM HUILE SOIN METAMORPHOSE 100ML - Paracherkaoui.ma\" \/>\r\n<meta property=\"og:description\" content=\"Embelisseur Corps-Cheveux &#8211; \u00c9clat, Douceur Cette huile de soin s\u2019utilise sur le corps et aussi les cheveux pour les m\u00e9tamorphoser.\" \/>\r\n<meta property=\"og:url\" content=\"https:\/\/paracherkaoui.ma\/index.php\/produit\/nuhanciam-huile-soin-metamorphose-100ml\/\" \/>\r\n<meta property=\"og:site_name\" content=\"Paracherkaoui.ma\" \/>\r\n<meta property=\"article:modified_time\" content=\"2025-12-12T16:59:00+00:00\" \/>\r\n<meta property=\"og:image\" content=\"https:\/\/paracherkaoui.ma\/wp-content\/uploads\/2025\/12\/nuhanciam-huile-soin-metamorphose-100ml.jpg\" \/>\r\n\t<meta property=\"og:image:width\" content=\"700\" \/>\r\n\t<meta property=\"og:image:height\" content=\"700\" \/>\r\n\t<meta property=\"og:image:type\" content=\"image\/jpeg\" \/>\r\n<meta name=\"twitter:card\" content=\"summary_large_image\" \/>\r\n<meta name=\"twitter:label1\" content=\"Dur\u00e9e de lecture estim\u00e9e\" \/>\n\t<meta name=\"twitter:data1\" content=\"1 minute\" \/>\r\n<script type=\"application\/ld+json\" class=\"yoast-schema-graph\">{\"@context\":\"https:\/\/schema.org\",\"@graph\":[{\"@type\":\"WebPage\",\"@id\":\"https:\/\/paracherkaoui.ma\/index.php\/produit\/nuhanciam-huile-soin-metamorphose-100ml\/\",\"url\":\"https:\/\/paracherkaoui.ma\/index.php\/produit\/nuhanciam-huile-soin-metamorphose-100ml\/\",\"name\":\"NUHANCIAM HUILE SOIN METAMORPHOSE 100ML - Paracherkaoui.ma\",\"isPartOf\":{\"@id\":\"https:\/\/paracherkaoui.ma\/#website\"},\"primaryImageOfPage\":{\"@id\":\"https:\/\/paracherkaoui.ma\/index.php\/produit\/nuhanciam-huile-soin-metamorphose-100ml\/#primaryimage\"},\"image\":{\"@id\":\"https:\/\/paracherkaoui.ma\/index.php\/produit\/nuhanciam-huile-soin-metamorphose-100ml\/#primaryimage\"},\"thumbnailUrl\":\"https:\/\/paracherkaoui.ma\/wp-content\/uploads\/2025\/12\/nuhanciam-huile-soin-metamorphose-100ml.jpg\",\"datePublished\":\"2025-12-12T16:58:56+00:00\",\"dateModified\":\"2025-12-12T16:59:00+00:00\",\"breadcrumb\":{\"@id\":\"https:\/\/paracherkaoui.ma\/index.php\/produit\/nuhanciam-huile-soin-metamorphose-100ml\/#breadcrumb\"},\"inLanguage\":\"fr-FR\",\"potentialAction\":[{\"@type\":\"ReadAction\",\"target\":[\"https:\/\/paracherkaoui.ma\/index.php\/produit\/nuhanciam-huile-soin-metamorphose-100ml\/\"]}]},{\"@type\":\"ImageObject\",\"inLanguage\":\"fr-FR\",\"@id\":\"https:\/\/paracherkaoui.ma\/index.php\/produit\/nuhanciam-huile-soin-metamorphose-100ml\/#primaryimage\",\"url\":\"https:\/\/paracherkaoui.ma\/wp-content\/uploads\/2025\/12\/nuhanciam-huile-soin-metamorphose-100ml.jpg\",\"contentUrl\":\"https:\/\/paracherkaoui.ma\/wp-content\/uploads\/2025\/12\/nuhanciam-huile-soin-metamorphose-100ml.jpg\",\"width\":700,\"height\":700},{\"@type\":\"BreadcrumbList\",\"@id\":\"https:\/\/paracherkaoui.ma\/index.php\/produit\/nuhanciam-huile-soin-metamorphose-100ml\/#breadcrumb\",\"itemListElement\":[{\"@type\":\"ListItem\",\"position\":1,\"name\":\"Accueil\",\"item\":\"https:\/\/paracherkaoui.ma\/\"},{\"@type\":\"ListItem\",\"position\":2,\"name\":\"Boutique\",\"item\":\"https:\/\/paracherkaoui.ma\/index.php\/boutique\/\"},{\"@type\":\"ListItem\",\"position\":3,\"name\":\"NUHANCIAM HUILE SOIN METAMORPHOSE 100ML\"}]},{\"@type\":\"WebSite\",\"@id\":\"https:\/\/paracherkaoui.ma\/#website\",\"url\":\"https:\/\/paracherkaoui.ma\/\",\"name\":\"Paracherkaoui.ma\",\"description\":\"Achetez en ligne sur Paracherkaoui.ma\",\"potentialAction\":[{\"@type\":\"SearchAction\",\"target\":{\"@type\":\"EntryPoint\",\"urlTemplate\":\"https:\/\/paracherkaoui.ma\/?s={search_term_string}\"},\"query-input\":{\"@type\":\"PropertyValueSpecification\",\"valueRequired\":true,\"valueName\":\"search_term_string\"}}],\"inLanguage\":\"fr-FR\"}]}<\/script>\r\n<!-- \/ Yoast SEO plugin. -->","yoast_head_json":{"title":"NUHANCIAM HUILE SOIN METAMORPHOSE 100ML - Paracherkaoui.ma","robots":{"index":"index","follow":"follow","max-snippet":"max-snippet:-1","max-image-preview":"max-image-preview:large","max-video-preview":"max-video-preview:-1"},"canonical":"https:\/\/paracherkaoui.ma\/index.php\/produit\/nuhanciam-huile-soin-metamorphose-100ml\/","og_locale":"fr_FR","og_type":"article","og_title":"NUHANCIAM HUILE SOIN METAMORPHOSE 100ML - Paracherkaoui.ma","og_description":"Embelisseur Corps-Cheveux &#8211; \u00c9clat, Douceur Cette huile de soin s\u2019utilise sur le corps et aussi les cheveux pour les m\u00e9tamorphoser.","og_url":"https:\/\/paracherkaoui.ma\/index.php\/produit\/nuhanciam-huile-soin-metamorphose-100ml\/","og_site_name":"Paracherkaoui.ma","article_modified_time":"2025-12-12T16:59:00+00:00","og_image":[{"width":700,"height":700,"url":"https:\/\/paracherkaoui.ma\/wp-content\/uploads\/2025\/12\/nuhanciam-huile-soin-metamorphose-100ml.jpg","type":"image\/jpeg"}],"twitter_card":"summary_large_image","twitter_misc":{"Dur\u00e9e de lecture estim\u00e9e":"1 minute"},"schema":{"@context":"https:\/\/schema.org","@graph":[{"@type":"WebPage","@id":"https:\/\/paracherkaoui.ma\/index.php\/produit\/nuhanciam-huile-soin-metamorphose-100ml\/","url":"https:\/\/paracherkaoui.ma\/index.php\/produit\/nuhanciam-huile-soin-metamorphose-100ml\/","name":"NUHANCIAM HUILE SOIN METAMORPHOSE 100ML - Paracherkaoui.ma","isPartOf":{"@id":"https:\/\/paracherkaoui.ma\/#website"},"primaryImageOfPage":{"@id":"https:\/\/paracherkaoui.ma\/index.php\/produit\/nuhanciam-huile-soin-metamorphose-100ml\/#primaryimage"},"image":{"@id":"https:\/\/paracherkaoui.ma\/index.php\/produit\/nuhanciam-huile-soin-metamorphose-100ml\/#primaryimage"},"thumbnailUrl":"https:\/\/paracherkaoui.ma\/wp-content\/uploads\/2025\/12\/nuhanciam-huile-soin-metamorphose-100ml.jpg","datePublished":"2025-12-12T16:58:56+00:00","dateModified":"2025-12-12T16:59:00+00:00","breadcrumb":{"@id":"https:\/\/paracherkaoui.ma\/index.php\/produit\/nuhanciam-huile-soin-metamorphose-100ml\/#breadcrumb"},"inLanguage":"fr-FR","potentialAction":[{"@type":"ReadAction","target":["https:\/\/paracherkaoui.ma\/index.php\/produit\/nuhanciam-huile-soin-metamorphose-100ml\/"]}]},{"@type":"ImageObject","inLanguage":"fr-FR","@id":"https:\/\/paracherkaoui.ma\/index.php\/produit\/nuhanciam-huile-soin-metamorphose-100ml\/#primaryimage","url":"https:\/\/paracherkaoui.ma\/wp-content\/uploads\/2025\/12\/nuhanciam-huile-soin-metamorphose-100ml.jpg","contentUrl":"https:\/\/paracherkaoui.ma\/wp-content\/uploads\/2025\/12\/nuhanciam-huile-soin-metamorphose-100ml.jpg","width":700,"height":700},{"@type":"BreadcrumbList","@id":"https:\/\/paracherkaoui.ma\/index.php\/produit\/nuhanciam-huile-soin-metamorphose-100ml\/#breadcrumb","itemListElement":[{"@type":"ListItem","position":1,"name":"Accueil","item":"https:\/\/paracherkaoui.ma\/"},{"@type":"ListItem","position":2,"name":"Boutique","item":"https:\/\/paracherkaoui.ma\/index.php\/boutique\/"},{"@type":"ListItem","position":3,"name":"NUHANCIAM HUILE SOIN METAMORPHOSE 100ML"}]},{"@type":"WebSite","@id":"https:\/\/paracherkaoui.ma\/#website","url":"https:\/\/paracherkaoui.ma\/","name":"Paracherkaoui.ma","description":"Achetez en ligne sur Paracherkaoui.ma","potentialAction":[{"@type":"SearchAction","target":{"@type":"EntryPoint","urlTemplate":"https:\/\/paracherkaoui.ma\/?s={search_term_string}"},"query-input":{"@type":"PropertyValueSpecification","valueRequired":true,"valueName":"search_term_string"}}],"inLanguage":"fr-FR"}]}},"_links":{"self":[{"href":"https:\/\/paracherkaoui.ma\/index.php\/wp-json\/wp\/v2\/product\/17116","targetHints":{"allow":["GET"]}}],"collection":[{"href":"https:\/\/paracherkaoui.ma\/index.php\/wp-json\/wp\/v2\/product"}],"about":[{"href":"https:\/\/paracherkaoui.ma\/index.php\/wp-json\/wp\/v2\/types\/product"}],"replies":[{"embeddable":true,"href":"https:\/\/paracherkaoui.ma\/index.php\/wp-json\/wp\/v2\/comments?post=17116"}],"version-history":[{"count":1,"href":"https:\/\/paracherkaoui.ma\/index.php\/wp-json\/wp\/v2\/product\/17116\/revisions"}],"predecessor-version":[{"id":17168,"href":"https:\/\/paracherkaoui.ma\/index.php\/wp-json\/wp\/v2\/product\/17116\/revisions\/17168"}],"wp:featuredmedia":[{"embeddable":true,"href":"https:\/\/paracherkaoui.ma\/index.php\/wp-json\/wp\/v2\/media\/17167"}],"wp:attachment":[{"href":"https:\/\/paracherkaoui.ma\/index.php\/wp-json\/wp\/v2\/media?parent=17116"}],"wp:term":[{"taxonomy":"product_brand","embeddable":true,"href":"https:\/\/paracherkaoui.ma\/index.php\/wp-json\/wp\/v2\/product_brand?post=17116"},{"taxonomy":"product_cat","embeddable":true,"href":"https:\/\/paracherkaoui.ma\/index.php\/wp-json\/wp\/v2\/product_cat?post=17116"},{"taxonomy":"product_tag","embeddable":true,"href":"https:\/\/paracherkaoui.ma\/index.php\/wp-json\/wp\/v2\/product_tag?post=17116"}],"curies":[{"name":"wp","href":"https:\/\/api.w.org\/{rel}","templated":true}]}}