{"id":17114,"date":"2025-12-12T17:58:56","date_gmt":"2025-12-12T16:58:56","guid":{"rendered":"https:\/\/test.ecbeaute.com\/?post_type=product&#038;p=17114"},"modified":"2025-12-12T17:59:00","modified_gmt":"2025-12-12T16:59:00","slug":"eptaderm-epta-hair-spray-lotion-anti-chute-100-ml","status":"publish","type":"product","link":"https:\/\/paracherkaoui.ma\/index.php\/produit\/eptaderm-epta-hair-spray-lotion-anti-chute-100-ml\/","title":{"rendered":"EPTADERM EPTA HAIR SPRAY LOTION ANTI CHUTE 100 ML"},"content":{"rendered":"<p>DESCRIPTION :<br \/>\nEPTA HAIR Lotion est un traitement cosm\u00e9tique sp\u00e9cifique anti chute des cheveuxstimulant la circulation des capillaires situ\u00e9s autour du bulbe. Gr\u00e2ce \u00e0 la synergie de sesprincipes actifs, il ralentit la chute des cheveux et favorise leur r\u00e9g\u00e9n\u00e9ration, leur apportantstructure et vigueur.<br \/>\nFORMULE :<br \/>\nEau des Glaciers Suisses, riche en oligo-\u00e9l\u00e9ments, pour apaiser rougeurs et prurit;<br \/>\nUr\u00e9e, pour une l\u00e9g\u00e8re action exfoliante et v\u00e9hiculante des principes actifs;<br \/>\nCaff\u00e9ine, pour augmenter la microcirculation du cuir chevelu et stimuler la vitalit\u00e9 dufollicule;<br \/>\nVitamine du groupe B, \u00e0 l\u2019action protectrice et antioxydante;<br \/>\nSabal Serrulata, \u00e0 la propri\u00e9t\u00e9 anti-androg\u00e9nique reconnue;<br \/>\nCucurbita Pepo, pour prot\u00e9ger et pr\u00e9server le follicule pileux.<br \/>\nMODE D&rsquo;EMPLOI :<br \/>\nAppliquer EPTA HAIR lotion 1 fois par jour sur la raie des cheveux, mouill\u00e9s ou secs. Masser d\u00e9licatement. sans rin\u00e7age. En cas de contact avec les yeux rincer \u00e0 l&rsquo;eau. Bien agiter avant l&#8217;emploi.<\/p>\n","protected":false},"excerpt":{"rendered":"<p>DESCRIPTION : EPTA HAIR Lotion est un traitement cosm\u00e9tique sp\u00e9cifique anti chute des cheveuxstimulant la circulation des capillaires situ\u00e9s autour<\/p>\n","protected":false},"featured_media":17163,"comment_status":"open","ping_status":"closed","template":"","meta":[],"product_brand":[243],"product_cat":[276],"product_tag":[],"class_list":{"0":"post-17114","1":"product","2":"type-product","3":"status-publish","4":"has-post-thumbnail","6":"product_brand-eptaderm","7":"product_cat-serums-et-huiles","9":"first","10":"instock","11":"sale","12":"shipping-taxable","13":"purchasable","14":"product-type-simple"},"yoast_head":"<!-- This site is optimized with the Yoast SEO plugin v26.6 - https:\/\/yoast.com\/wordpress\/plugins\/seo\/ -->\r\n<title>EPTADERM EPTA HAIR SPRAY LOTION ANTI CHUTE 100 ML - Paracherkaoui.ma<\/title>\r\n<meta name=\"robots\" content=\"index, follow, max-snippet:-1, max-image-preview:large, max-video-preview:-1\" \/>\r\n<link rel=\"canonical\" href=\"https:\/\/paracherkaoui.ma\/index.php\/produit\/eptaderm-epta-hair-spray-lotion-anti-chute-100-ml\/\" \/>\r\n<meta property=\"og:locale\" content=\"fr_FR\" \/>\r\n<meta property=\"og:type\" content=\"article\" \/>\r\n<meta property=\"og:title\" content=\"EPTADERM EPTA HAIR SPRAY LOTION ANTI CHUTE 100 ML - Paracherkaoui.ma\" \/>\r\n<meta property=\"og:description\" content=\"DESCRIPTION : EPTA HAIR Lotion est un traitement cosm\u00e9tique sp\u00e9cifique anti chute des cheveuxstimulant la circulation des capillaires situ\u00e9s autour\" \/>\r\n<meta property=\"og:url\" content=\"https:\/\/paracherkaoui.ma\/index.php\/produit\/eptaderm-epta-hair-spray-lotion-anti-chute-100-ml\/\" \/>\r\n<meta property=\"og:site_name\" content=\"Paracherkaoui.ma\" \/>\r\n<meta property=\"article:modified_time\" content=\"2025-12-12T16:59:00+00:00\" \/>\r\n<meta property=\"og:image\" content=\"https:\/\/paracherkaoui.ma\/wp-content\/uploads\/2025\/12\/eptaderm-epta-hair-spray-lotion-anti-chute-100-ml.jpg\" \/>\r\n\t<meta property=\"og:image:width\" content=\"700\" \/>\r\n\t<meta property=\"og:image:height\" content=\"700\" \/>\r\n\t<meta property=\"og:image:type\" content=\"image\/jpeg\" \/>\r\n<meta name=\"twitter:card\" content=\"summary_large_image\" \/>\r\n<meta name=\"twitter:label1\" content=\"Dur\u00e9e de lecture estim\u00e9e\" \/>\n\t<meta name=\"twitter:data1\" content=\"1 minute\" \/>\r\n<script type=\"application\/ld+json\" class=\"yoast-schema-graph\">{\"@context\":\"https:\/\/schema.org\",\"@graph\":[{\"@type\":\"WebPage\",\"@id\":\"https:\/\/paracherkaoui.ma\/index.php\/produit\/eptaderm-epta-hair-spray-lotion-anti-chute-100-ml\/\",\"url\":\"https:\/\/paracherkaoui.ma\/index.php\/produit\/eptaderm-epta-hair-spray-lotion-anti-chute-100-ml\/\",\"name\":\"EPTADERM EPTA HAIR SPRAY LOTION ANTI CHUTE 100 ML - Paracherkaoui.ma\",\"isPartOf\":{\"@id\":\"https:\/\/paracherkaoui.ma\/#website\"},\"primaryImageOfPage\":{\"@id\":\"https:\/\/paracherkaoui.ma\/index.php\/produit\/eptaderm-epta-hair-spray-lotion-anti-chute-100-ml\/#primaryimage\"},\"image\":{\"@id\":\"https:\/\/paracherkaoui.ma\/index.php\/produit\/eptaderm-epta-hair-spray-lotion-anti-chute-100-ml\/#primaryimage\"},\"thumbnailUrl\":\"https:\/\/paracherkaoui.ma\/wp-content\/uploads\/2025\/12\/eptaderm-epta-hair-spray-lotion-anti-chute-100-ml.jpg\",\"datePublished\":\"2025-12-12T16:58:56+00:00\",\"dateModified\":\"2025-12-12T16:59:00+00:00\",\"breadcrumb\":{\"@id\":\"https:\/\/paracherkaoui.ma\/index.php\/produit\/eptaderm-epta-hair-spray-lotion-anti-chute-100-ml\/#breadcrumb\"},\"inLanguage\":\"fr-FR\",\"potentialAction\":[{\"@type\":\"ReadAction\",\"target\":[\"https:\/\/paracherkaoui.ma\/index.php\/produit\/eptaderm-epta-hair-spray-lotion-anti-chute-100-ml\/\"]}]},{\"@type\":\"ImageObject\",\"inLanguage\":\"fr-FR\",\"@id\":\"https:\/\/paracherkaoui.ma\/index.php\/produit\/eptaderm-epta-hair-spray-lotion-anti-chute-100-ml\/#primaryimage\",\"url\":\"https:\/\/paracherkaoui.ma\/wp-content\/uploads\/2025\/12\/eptaderm-epta-hair-spray-lotion-anti-chute-100-ml.jpg\",\"contentUrl\":\"https:\/\/paracherkaoui.ma\/wp-content\/uploads\/2025\/12\/eptaderm-epta-hair-spray-lotion-anti-chute-100-ml.jpg\",\"width\":700,\"height\":700},{\"@type\":\"BreadcrumbList\",\"@id\":\"https:\/\/paracherkaoui.ma\/index.php\/produit\/eptaderm-epta-hair-spray-lotion-anti-chute-100-ml\/#breadcrumb\",\"itemListElement\":[{\"@type\":\"ListItem\",\"position\":1,\"name\":\"Accueil\",\"item\":\"https:\/\/paracherkaoui.ma\/\"},{\"@type\":\"ListItem\",\"position\":2,\"name\":\"Boutique\",\"item\":\"https:\/\/paracherkaoui.ma\/index.php\/boutique\/\"},{\"@type\":\"ListItem\",\"position\":3,\"name\":\"EPTADERM EPTA HAIR SPRAY LOTION ANTI CHUTE 100 ML\"}]},{\"@type\":\"WebSite\",\"@id\":\"https:\/\/paracherkaoui.ma\/#website\",\"url\":\"https:\/\/paracherkaoui.ma\/\",\"name\":\"Paracherkaoui.ma\",\"description\":\"Achetez en ligne sur Paracherkaoui.ma\",\"potentialAction\":[{\"@type\":\"SearchAction\",\"target\":{\"@type\":\"EntryPoint\",\"urlTemplate\":\"https:\/\/paracherkaoui.ma\/?s={search_term_string}\"},\"query-input\":{\"@type\":\"PropertyValueSpecification\",\"valueRequired\":true,\"valueName\":\"search_term_string\"}}],\"inLanguage\":\"fr-FR\"}]}<\/script>\r\n<!-- \/ Yoast SEO plugin. -->","yoast_head_json":{"title":"EPTADERM EPTA HAIR SPRAY LOTION ANTI CHUTE 100 ML - Paracherkaoui.ma","robots":{"index":"index","follow":"follow","max-snippet":"max-snippet:-1","max-image-preview":"max-image-preview:large","max-video-preview":"max-video-preview:-1"},"canonical":"https:\/\/paracherkaoui.ma\/index.php\/produit\/eptaderm-epta-hair-spray-lotion-anti-chute-100-ml\/","og_locale":"fr_FR","og_type":"article","og_title":"EPTADERM EPTA HAIR SPRAY LOTION ANTI CHUTE 100 ML - Paracherkaoui.ma","og_description":"DESCRIPTION : EPTA HAIR Lotion est un traitement cosm\u00e9tique sp\u00e9cifique anti chute des cheveuxstimulant la circulation des capillaires situ\u00e9s autour","og_url":"https:\/\/paracherkaoui.ma\/index.php\/produit\/eptaderm-epta-hair-spray-lotion-anti-chute-100-ml\/","og_site_name":"Paracherkaoui.ma","article_modified_time":"2025-12-12T16:59:00+00:00","og_image":[{"width":700,"height":700,"url":"https:\/\/paracherkaoui.ma\/wp-content\/uploads\/2025\/12\/eptaderm-epta-hair-spray-lotion-anti-chute-100-ml.jpg","type":"image\/jpeg"}],"twitter_card":"summary_large_image","twitter_misc":{"Dur\u00e9e de lecture estim\u00e9e":"1 minute"},"schema":{"@context":"https:\/\/schema.org","@graph":[{"@type":"WebPage","@id":"https:\/\/paracherkaoui.ma\/index.php\/produit\/eptaderm-epta-hair-spray-lotion-anti-chute-100-ml\/","url":"https:\/\/paracherkaoui.ma\/index.php\/produit\/eptaderm-epta-hair-spray-lotion-anti-chute-100-ml\/","name":"EPTADERM EPTA HAIR SPRAY LOTION ANTI CHUTE 100 ML - Paracherkaoui.ma","isPartOf":{"@id":"https:\/\/paracherkaoui.ma\/#website"},"primaryImageOfPage":{"@id":"https:\/\/paracherkaoui.ma\/index.php\/produit\/eptaderm-epta-hair-spray-lotion-anti-chute-100-ml\/#primaryimage"},"image":{"@id":"https:\/\/paracherkaoui.ma\/index.php\/produit\/eptaderm-epta-hair-spray-lotion-anti-chute-100-ml\/#primaryimage"},"thumbnailUrl":"https:\/\/paracherkaoui.ma\/wp-content\/uploads\/2025\/12\/eptaderm-epta-hair-spray-lotion-anti-chute-100-ml.jpg","datePublished":"2025-12-12T16:58:56+00:00","dateModified":"2025-12-12T16:59:00+00:00","breadcrumb":{"@id":"https:\/\/paracherkaoui.ma\/index.php\/produit\/eptaderm-epta-hair-spray-lotion-anti-chute-100-ml\/#breadcrumb"},"inLanguage":"fr-FR","potentialAction":[{"@type":"ReadAction","target":["https:\/\/paracherkaoui.ma\/index.php\/produit\/eptaderm-epta-hair-spray-lotion-anti-chute-100-ml\/"]}]},{"@type":"ImageObject","inLanguage":"fr-FR","@id":"https:\/\/paracherkaoui.ma\/index.php\/produit\/eptaderm-epta-hair-spray-lotion-anti-chute-100-ml\/#primaryimage","url":"https:\/\/paracherkaoui.ma\/wp-content\/uploads\/2025\/12\/eptaderm-epta-hair-spray-lotion-anti-chute-100-ml.jpg","contentUrl":"https:\/\/paracherkaoui.ma\/wp-content\/uploads\/2025\/12\/eptaderm-epta-hair-spray-lotion-anti-chute-100-ml.jpg","width":700,"height":700},{"@type":"BreadcrumbList","@id":"https:\/\/paracherkaoui.ma\/index.php\/produit\/eptaderm-epta-hair-spray-lotion-anti-chute-100-ml\/#breadcrumb","itemListElement":[{"@type":"ListItem","position":1,"name":"Accueil","item":"https:\/\/paracherkaoui.ma\/"},{"@type":"ListItem","position":2,"name":"Boutique","item":"https:\/\/paracherkaoui.ma\/index.php\/boutique\/"},{"@type":"ListItem","position":3,"name":"EPTADERM EPTA HAIR SPRAY LOTION ANTI CHUTE 100 ML"}]},{"@type":"WebSite","@id":"https:\/\/paracherkaoui.ma\/#website","url":"https:\/\/paracherkaoui.ma\/","name":"Paracherkaoui.ma","description":"Achetez en ligne sur Paracherkaoui.ma","potentialAction":[{"@type":"SearchAction","target":{"@type":"EntryPoint","urlTemplate":"https:\/\/paracherkaoui.ma\/?s={search_term_string}"},"query-input":{"@type":"PropertyValueSpecification","valueRequired":true,"valueName":"search_term_string"}}],"inLanguage":"fr-FR"}]}},"_links":{"self":[{"href":"https:\/\/paracherkaoui.ma\/index.php\/wp-json\/wp\/v2\/product\/17114","targetHints":{"allow":["GET"]}}],"collection":[{"href":"https:\/\/paracherkaoui.ma\/index.php\/wp-json\/wp\/v2\/product"}],"about":[{"href":"https:\/\/paracherkaoui.ma\/index.php\/wp-json\/wp\/v2\/types\/product"}],"replies":[{"embeddable":true,"href":"https:\/\/paracherkaoui.ma\/index.php\/wp-json\/wp\/v2\/comments?post=17114"}],"version-history":[{"count":1,"href":"https:\/\/paracherkaoui.ma\/index.php\/wp-json\/wp\/v2\/product\/17114\/revisions"}],"predecessor-version":[{"id":17164,"href":"https:\/\/paracherkaoui.ma\/index.php\/wp-json\/wp\/v2\/product\/17114\/revisions\/17164"}],"wp:featuredmedia":[{"embeddable":true,"href":"https:\/\/paracherkaoui.ma\/index.php\/wp-json\/wp\/v2\/media\/17163"}],"wp:attachment":[{"href":"https:\/\/paracherkaoui.ma\/index.php\/wp-json\/wp\/v2\/media?parent=17114"}],"wp:term":[{"taxonomy":"product_brand","embeddable":true,"href":"https:\/\/paracherkaoui.ma\/index.php\/wp-json\/wp\/v2\/product_brand?post=17114"},{"taxonomy":"product_cat","embeddable":true,"href":"https:\/\/paracherkaoui.ma\/index.php\/wp-json\/wp\/v2\/product_cat?post=17114"},{"taxonomy":"product_tag","embeddable":true,"href":"https:\/\/paracherkaoui.ma\/index.php\/wp-json\/wp\/v2\/product_tag?post=17114"}],"curies":[{"name":"wp","href":"https:\/\/api.w.org\/{rel}","templated":true}]}}