{"id":17113,"date":"2025-12-12T17:58:56","date_gmt":"2025-12-12T16:58:56","guid":{"rendered":"https:\/\/test.ecbeaute.com\/?post_type=product&#038;p=17113"},"modified":"2025-12-12T17:59:00","modified_gmt":"2025-12-12T16:59:00","slug":"luxeol-serum-pousse-50-ml","status":"publish","type":"product","link":"https:\/\/paracherkaoui.ma\/index.php\/produit\/luxeol-serum-pousse-50-ml\/","title":{"rendered":"LUXEOL SERUM POUSSE 50 ML"},"content":{"rendered":"<p>Lux\u00e9ol a cr\u00e9e le\u00a0soin sans rin\u00e7age \u00ab\u00a0S\u00e9rum Pousse\u00a0\u00bb.<br \/>\nIl freine\u00a0la chute des cheveux et acc\u00e9l\u00e8re leur croissance\u00a0gr\u00e2ce \u00e0 un ingr\u00e9dient soigneusement s\u00e9lectionn\u00e9\u00a0l&rsquo;extrait de pousse de pois qui poss\u00e8de la capacit\u00e9 de r\u00e9\u00e9quilibrer\u00a0le cycle de vie des cheveux.\u00a0R\u00e9guler le cycle des cheveux est d\u00e9terminant car plus ce cycle\u00a0est court\u00a0plus les cheveux cessent de pousser et tombent pr\u00e9cocement.<br \/>\nR\u00e9sultat cliniquement prouv\u00e9.<br \/>\nUne augmentation jusqu\u2019\u00e0 + 18063 cheveux en phase de croissance avec\u00a03 mois de programme et deux application par jour.<br \/>\nConseils d&rsquo;utilisation:<br \/>\nAppliquer 1 \u00e0 2 noisettes deux fois par jour sur le cuir chevelu et faire p\u00e9n\u00e9trer par massage circulaire, un geste adapt\u00e9 pour favoriser la pousse des cheveux en\u00a0activant\u00a0la vascularisation.<\/p>\n","protected":false},"excerpt":{"rendered":"<p>Lux\u00e9ol a cr\u00e9e le\u00a0soin sans rin\u00e7age \u00ab\u00a0S\u00e9rum Pousse\u00a0\u00bb. Il freine\u00a0la chute des cheveux et acc\u00e9l\u00e8re leur croissance\u00a0gr\u00e2ce \u00e0 un ingr\u00e9dient<\/p>\n","protected":false},"featured_media":17161,"comment_status":"open","ping_status":"closed","template":"","meta":[],"product_brand":[146],"product_cat":[276],"product_tag":[],"class_list":{"0":"post-17113","1":"product","2":"type-product","3":"status-publish","4":"has-post-thumbnail","6":"product_brand-luxeol","7":"product_cat-serums-et-huiles","9":"first","10":"instock","11":"sale","12":"shipping-taxable","13":"purchasable","14":"product-type-simple"},"yoast_head":"<!-- This site is optimized with the Yoast SEO plugin v26.6 - https:\/\/yoast.com\/wordpress\/plugins\/seo\/ -->\r\n<title>LUXEOL SERUM POUSSE 50 ML - Paracherkaoui.ma<\/title>\r\n<meta name=\"robots\" content=\"index, follow, max-snippet:-1, max-image-preview:large, max-video-preview:-1\" \/>\r\n<link rel=\"canonical\" href=\"https:\/\/paracherkaoui.ma\/index.php\/produit\/luxeol-serum-pousse-50-ml\/\" \/>\r\n<meta property=\"og:locale\" content=\"fr_FR\" \/>\r\n<meta property=\"og:type\" content=\"article\" \/>\r\n<meta property=\"og:title\" content=\"LUXEOL SERUM POUSSE 50 ML - Paracherkaoui.ma\" \/>\r\n<meta property=\"og:description\" content=\"Lux\u00e9ol a cr\u00e9e le\u00a0soin sans rin\u00e7age \u00ab\u00a0S\u00e9rum Pousse\u00a0\u00bb. Il freine\u00a0la chute des cheveux et acc\u00e9l\u00e8re leur croissance\u00a0gr\u00e2ce \u00e0 un ingr\u00e9dient\" \/>\r\n<meta property=\"og:url\" content=\"https:\/\/paracherkaoui.ma\/index.php\/produit\/luxeol-serum-pousse-50-ml\/\" \/>\r\n<meta property=\"og:site_name\" content=\"Paracherkaoui.ma\" \/>\r\n<meta property=\"article:modified_time\" content=\"2025-12-12T16:59:00+00:00\" \/>\r\n<meta property=\"og:image\" content=\"https:\/\/paracherkaoui.ma\/wp-content\/uploads\/2025\/12\/luxeol-serum-pousse-50-ml.jpg\" \/>\r\n\t<meta property=\"og:image:width\" content=\"700\" \/>\r\n\t<meta property=\"og:image:height\" content=\"700\" \/>\r\n\t<meta property=\"og:image:type\" content=\"image\/jpeg\" \/>\r\n<meta name=\"twitter:card\" content=\"summary_large_image\" \/>\r\n<meta name=\"twitter:label1\" content=\"Dur\u00e9e de lecture estim\u00e9e\" \/>\n\t<meta name=\"twitter:data1\" content=\"1 minute\" \/>\r\n<script type=\"application\/ld+json\" class=\"yoast-schema-graph\">{\"@context\":\"https:\/\/schema.org\",\"@graph\":[{\"@type\":\"WebPage\",\"@id\":\"https:\/\/paracherkaoui.ma\/index.php\/produit\/luxeol-serum-pousse-50-ml\/\",\"url\":\"https:\/\/paracherkaoui.ma\/index.php\/produit\/luxeol-serum-pousse-50-ml\/\",\"name\":\"LUXEOL SERUM POUSSE 50 ML - Paracherkaoui.ma\",\"isPartOf\":{\"@id\":\"https:\/\/paracherkaoui.ma\/#website\"},\"primaryImageOfPage\":{\"@id\":\"https:\/\/paracherkaoui.ma\/index.php\/produit\/luxeol-serum-pousse-50-ml\/#primaryimage\"},\"image\":{\"@id\":\"https:\/\/paracherkaoui.ma\/index.php\/produit\/luxeol-serum-pousse-50-ml\/#primaryimage\"},\"thumbnailUrl\":\"https:\/\/paracherkaoui.ma\/wp-content\/uploads\/2025\/12\/luxeol-serum-pousse-50-ml.jpg\",\"datePublished\":\"2025-12-12T16:58:56+00:00\",\"dateModified\":\"2025-12-12T16:59:00+00:00\",\"breadcrumb\":{\"@id\":\"https:\/\/paracherkaoui.ma\/index.php\/produit\/luxeol-serum-pousse-50-ml\/#breadcrumb\"},\"inLanguage\":\"fr-FR\",\"potentialAction\":[{\"@type\":\"ReadAction\",\"target\":[\"https:\/\/paracherkaoui.ma\/index.php\/produit\/luxeol-serum-pousse-50-ml\/\"]}]},{\"@type\":\"ImageObject\",\"inLanguage\":\"fr-FR\",\"@id\":\"https:\/\/paracherkaoui.ma\/index.php\/produit\/luxeol-serum-pousse-50-ml\/#primaryimage\",\"url\":\"https:\/\/paracherkaoui.ma\/wp-content\/uploads\/2025\/12\/luxeol-serum-pousse-50-ml.jpg\",\"contentUrl\":\"https:\/\/paracherkaoui.ma\/wp-content\/uploads\/2025\/12\/luxeol-serum-pousse-50-ml.jpg\",\"width\":700,\"height\":700},{\"@type\":\"BreadcrumbList\",\"@id\":\"https:\/\/paracherkaoui.ma\/index.php\/produit\/luxeol-serum-pousse-50-ml\/#breadcrumb\",\"itemListElement\":[{\"@type\":\"ListItem\",\"position\":1,\"name\":\"Accueil\",\"item\":\"https:\/\/paracherkaoui.ma\/\"},{\"@type\":\"ListItem\",\"position\":2,\"name\":\"Boutique\",\"item\":\"https:\/\/paracherkaoui.ma\/index.php\/boutique\/\"},{\"@type\":\"ListItem\",\"position\":3,\"name\":\"LUXEOL SERUM POUSSE 50 ML\"}]},{\"@type\":\"WebSite\",\"@id\":\"https:\/\/paracherkaoui.ma\/#website\",\"url\":\"https:\/\/paracherkaoui.ma\/\",\"name\":\"Paracherkaoui.ma\",\"description\":\"Achetez en ligne sur Paracherkaoui.ma\",\"potentialAction\":[{\"@type\":\"SearchAction\",\"target\":{\"@type\":\"EntryPoint\",\"urlTemplate\":\"https:\/\/paracherkaoui.ma\/?s={search_term_string}\"},\"query-input\":{\"@type\":\"PropertyValueSpecification\",\"valueRequired\":true,\"valueName\":\"search_term_string\"}}],\"inLanguage\":\"fr-FR\"}]}<\/script>\r\n<!-- \/ Yoast SEO plugin. -->","yoast_head_json":{"title":"LUXEOL SERUM POUSSE 50 ML - Paracherkaoui.ma","robots":{"index":"index","follow":"follow","max-snippet":"max-snippet:-1","max-image-preview":"max-image-preview:large","max-video-preview":"max-video-preview:-1"},"canonical":"https:\/\/paracherkaoui.ma\/index.php\/produit\/luxeol-serum-pousse-50-ml\/","og_locale":"fr_FR","og_type":"article","og_title":"LUXEOL SERUM POUSSE 50 ML - Paracherkaoui.ma","og_description":"Lux\u00e9ol a cr\u00e9e le\u00a0soin sans rin\u00e7age \u00ab\u00a0S\u00e9rum Pousse\u00a0\u00bb. Il freine\u00a0la chute des cheveux et acc\u00e9l\u00e8re leur croissance\u00a0gr\u00e2ce \u00e0 un ingr\u00e9dient","og_url":"https:\/\/paracherkaoui.ma\/index.php\/produit\/luxeol-serum-pousse-50-ml\/","og_site_name":"Paracherkaoui.ma","article_modified_time":"2025-12-12T16:59:00+00:00","og_image":[{"width":700,"height":700,"url":"https:\/\/paracherkaoui.ma\/wp-content\/uploads\/2025\/12\/luxeol-serum-pousse-50-ml.jpg","type":"image\/jpeg"}],"twitter_card":"summary_large_image","twitter_misc":{"Dur\u00e9e de lecture estim\u00e9e":"1 minute"},"schema":{"@context":"https:\/\/schema.org","@graph":[{"@type":"WebPage","@id":"https:\/\/paracherkaoui.ma\/index.php\/produit\/luxeol-serum-pousse-50-ml\/","url":"https:\/\/paracherkaoui.ma\/index.php\/produit\/luxeol-serum-pousse-50-ml\/","name":"LUXEOL SERUM POUSSE 50 ML - Paracherkaoui.ma","isPartOf":{"@id":"https:\/\/paracherkaoui.ma\/#website"},"primaryImageOfPage":{"@id":"https:\/\/paracherkaoui.ma\/index.php\/produit\/luxeol-serum-pousse-50-ml\/#primaryimage"},"image":{"@id":"https:\/\/paracherkaoui.ma\/index.php\/produit\/luxeol-serum-pousse-50-ml\/#primaryimage"},"thumbnailUrl":"https:\/\/paracherkaoui.ma\/wp-content\/uploads\/2025\/12\/luxeol-serum-pousse-50-ml.jpg","datePublished":"2025-12-12T16:58:56+00:00","dateModified":"2025-12-12T16:59:00+00:00","breadcrumb":{"@id":"https:\/\/paracherkaoui.ma\/index.php\/produit\/luxeol-serum-pousse-50-ml\/#breadcrumb"},"inLanguage":"fr-FR","potentialAction":[{"@type":"ReadAction","target":["https:\/\/paracherkaoui.ma\/index.php\/produit\/luxeol-serum-pousse-50-ml\/"]}]},{"@type":"ImageObject","inLanguage":"fr-FR","@id":"https:\/\/paracherkaoui.ma\/index.php\/produit\/luxeol-serum-pousse-50-ml\/#primaryimage","url":"https:\/\/paracherkaoui.ma\/wp-content\/uploads\/2025\/12\/luxeol-serum-pousse-50-ml.jpg","contentUrl":"https:\/\/paracherkaoui.ma\/wp-content\/uploads\/2025\/12\/luxeol-serum-pousse-50-ml.jpg","width":700,"height":700},{"@type":"BreadcrumbList","@id":"https:\/\/paracherkaoui.ma\/index.php\/produit\/luxeol-serum-pousse-50-ml\/#breadcrumb","itemListElement":[{"@type":"ListItem","position":1,"name":"Accueil","item":"https:\/\/paracherkaoui.ma\/"},{"@type":"ListItem","position":2,"name":"Boutique","item":"https:\/\/paracherkaoui.ma\/index.php\/boutique\/"},{"@type":"ListItem","position":3,"name":"LUXEOL SERUM POUSSE 50 ML"}]},{"@type":"WebSite","@id":"https:\/\/paracherkaoui.ma\/#website","url":"https:\/\/paracherkaoui.ma\/","name":"Paracherkaoui.ma","description":"Achetez en ligne sur Paracherkaoui.ma","potentialAction":[{"@type":"SearchAction","target":{"@type":"EntryPoint","urlTemplate":"https:\/\/paracherkaoui.ma\/?s={search_term_string}"},"query-input":{"@type":"PropertyValueSpecification","valueRequired":true,"valueName":"search_term_string"}}],"inLanguage":"fr-FR"}]}},"_links":{"self":[{"href":"https:\/\/paracherkaoui.ma\/index.php\/wp-json\/wp\/v2\/product\/17113","targetHints":{"allow":["GET"]}}],"collection":[{"href":"https:\/\/paracherkaoui.ma\/index.php\/wp-json\/wp\/v2\/product"}],"about":[{"href":"https:\/\/paracherkaoui.ma\/index.php\/wp-json\/wp\/v2\/types\/product"}],"replies":[{"embeddable":true,"href":"https:\/\/paracherkaoui.ma\/index.php\/wp-json\/wp\/v2\/comments?post=17113"}],"version-history":[{"count":1,"href":"https:\/\/paracherkaoui.ma\/index.php\/wp-json\/wp\/v2\/product\/17113\/revisions"}],"predecessor-version":[{"id":17162,"href":"https:\/\/paracherkaoui.ma\/index.php\/wp-json\/wp\/v2\/product\/17113\/revisions\/17162"}],"wp:featuredmedia":[{"embeddable":true,"href":"https:\/\/paracherkaoui.ma\/index.php\/wp-json\/wp\/v2\/media\/17161"}],"wp:attachment":[{"href":"https:\/\/paracherkaoui.ma\/index.php\/wp-json\/wp\/v2\/media?parent=17113"}],"wp:term":[{"taxonomy":"product_brand","embeddable":true,"href":"https:\/\/paracherkaoui.ma\/index.php\/wp-json\/wp\/v2\/product_brand?post=17113"},{"taxonomy":"product_cat","embeddable":true,"href":"https:\/\/paracherkaoui.ma\/index.php\/wp-json\/wp\/v2\/product_cat?post=17113"},{"taxonomy":"product_tag","embeddable":true,"href":"https:\/\/paracherkaoui.ma\/index.php\/wp-json\/wp\/v2\/product_tag?post=17113"}],"curies":[{"name":"wp","href":"https:\/\/api.w.org\/{rel}","templated":true}]}}