{"id":17110,"date":"2025-12-12T17:58:56","date_gmt":"2025-12-12T16:58:56","guid":{"rendered":"https:\/\/test.ecbeaute.com\/?post_type=product&#038;p=17110"},"modified":"2025-12-12T17:58:59","modified_gmt":"2025-12-12T16:58:59","slug":"ecrinal-ampoules-anti-chutes-cheveux-105-ml","status":"publish","type":"product","link":"https:\/\/paracherkaoui.ma\/index.php\/produit\/ecrinal-ampoules-anti-chutes-cheveux-105-ml\/","title":{"rendered":"ECRINAL AMPOULES ANTI CHUTES CHEVEUX 10*5 ML"},"content":{"rendered":"<p>ECRINAL, fort de l&rsquo;expertise des Laboratoires ASEPTA, a formul\u00e9 ces ampoules r\u00e9volutionnaires pour une action compl\u00e8te et une efficacit\u00e9 prouv\u00e9e :<br \/>\nUn Actif Brevet\u00e9 Exclusif : La Puissance de l&rsquo;ANP2+ ! L&rsquo;ingr\u00e9dient star de ces ampoules est l&rsquo;ANP2+ (Activateur Naturel de Phan\u00e8re), un actif brevet\u00e9 et exclusif des Laboratoires ASEPTA. Ce puissant complexe d&rsquo;origine v\u00e9g\u00e9tale agit directement sur le bulbe capillaire pour stimuler les processus naturels de croissance. C&rsquo;est la garantie d&rsquo;un traitement qui agit \u00e0 la racine du probl\u00e8me pour une efficacit\u00e9 maximale.<br \/>\nDouble Action Cibl\u00e9e : Croissance et Att\u00e9nuation de la Chute ! Les Ampoules ANP2+ ne se limitent pas \u00e0 une seule fonction. Leur formule est une v\u00e9ritable prouesse qui offre une double action pour une chevelure transform\u00e9e :<br \/>\nElles stimulent la croissance des cheveux, favorisant l&rsquo;apparition de nouvelles pousses pour une chevelure visiblement plus dense.<br \/>\nElles att\u00e9nuent leur chute, en renfor\u00e7ant l&rsquo;ancrage des cheveux existants et en prolongeant leur cycle de vie.<br \/>\nRevitalisation en Profondeur : Des Cheveux Forts et Vigoureux ! Au-del\u00e0 de leur action anti-chute, ces ampoules agissent \u00e9galement comme un soin revitalisant intensif. Elles revitalisent les cheveux faibles et clairsem\u00e9s, leur apportant les nutriments essentiels pour qu&rsquo;ils retrouvent leur force et leur sant\u00e9. Le r\u00e9sultat ? Le cheveu est ainsi sain, plus solide et vigoureux. Les cheveux retrouvent du corps, du volume et de la vitalit\u00e9, pour une chevelure qui rayonne de sant\u00e9.<br \/>\nConseils d&rsquo;utilisation :<br \/>\n3 fois par semaine, appliquer 1 ampoule \u00e0 l\u2019aide de l\u2019embout sur le cuir chevelu sec, raie par raie et masser d\u00e9licatement. Laisser agir au minimum 30 minutes puis laver les cheveux avec le shampooing fortifiant ECRINAL<br \/>\nComposition :<br \/>\nANP\u00ae2+ (concentr\u00e9 \u00e0 40%) : complexe thio-lipidique brevet\u00e9<\/p>\n","protected":false},"excerpt":{"rendered":"<p>ECRINAL, fort de l&rsquo;expertise des Laboratoires ASEPTA, a formul\u00e9 ces ampoules r\u00e9volutionnaires pour une action compl\u00e8te et une efficacit\u00e9 prouv\u00e9e<\/p>\n","protected":false},"featured_media":17155,"comment_status":"open","ping_status":"closed","template":"","meta":[],"product_brand":[253],"product_cat":[276],"product_tag":[],"class_list":{"0":"post-17110","1":"product","2":"type-product","3":"status-publish","4":"has-post-thumbnail","6":"product_brand-ecrinal","7":"product_cat-serums-et-huiles","9":"first","10":"instock","11":"sale","12":"shipping-taxable","13":"purchasable","14":"product-type-simple"},"yoast_head":"<!-- This site is optimized with the Yoast SEO plugin v26.6 - https:\/\/yoast.com\/wordpress\/plugins\/seo\/ -->\r\n<title>ECRINAL AMPOULES ANTI CHUTES CHEVEUX 10*5 ML - Paracherkaoui.ma<\/title>\r\n<meta name=\"robots\" content=\"index, follow, max-snippet:-1, max-image-preview:large, max-video-preview:-1\" \/>\r\n<link rel=\"canonical\" href=\"https:\/\/paracherkaoui.ma\/index.php\/produit\/ecrinal-ampoules-anti-chutes-cheveux-105-ml\/\" \/>\r\n<meta property=\"og:locale\" content=\"fr_FR\" \/>\r\n<meta property=\"og:type\" content=\"article\" \/>\r\n<meta property=\"og:title\" content=\"ECRINAL AMPOULES ANTI CHUTES CHEVEUX 10*5 ML - Paracherkaoui.ma\" \/>\r\n<meta property=\"og:description\" content=\"ECRINAL, fort de l&rsquo;expertise des Laboratoires ASEPTA, a formul\u00e9 ces ampoules r\u00e9volutionnaires pour une action compl\u00e8te et une efficacit\u00e9 prouv\u00e9e\" \/>\r\n<meta property=\"og:url\" content=\"https:\/\/paracherkaoui.ma\/index.php\/produit\/ecrinal-ampoules-anti-chutes-cheveux-105-ml\/\" \/>\r\n<meta property=\"og:site_name\" content=\"Paracherkaoui.ma\" \/>\r\n<meta property=\"article:modified_time\" content=\"2025-12-12T16:58:59+00:00\" \/>\r\n<meta property=\"og:image\" content=\"https:\/\/paracherkaoui.ma\/wp-content\/uploads\/2025\/12\/ecrinal-ampoules-anti-chutes-cheveux-105-ml.jpg\" \/>\r\n\t<meta property=\"og:image:width\" content=\"700\" \/>\r\n\t<meta property=\"og:image:height\" content=\"700\" \/>\r\n\t<meta property=\"og:image:type\" content=\"image\/jpeg\" \/>\r\n<meta name=\"twitter:card\" content=\"summary_large_image\" \/>\r\n<meta name=\"twitter:label1\" content=\"Dur\u00e9e de lecture estim\u00e9e\" \/>\n\t<meta name=\"twitter:data1\" content=\"1 minute\" \/>\r\n<script type=\"application\/ld+json\" class=\"yoast-schema-graph\">{\"@context\":\"https:\/\/schema.org\",\"@graph\":[{\"@type\":\"WebPage\",\"@id\":\"https:\/\/paracherkaoui.ma\/index.php\/produit\/ecrinal-ampoules-anti-chutes-cheveux-105-ml\/\",\"url\":\"https:\/\/paracherkaoui.ma\/index.php\/produit\/ecrinal-ampoules-anti-chutes-cheveux-105-ml\/\",\"name\":\"ECRINAL AMPOULES ANTI CHUTES CHEVEUX 10*5 ML - Paracherkaoui.ma\",\"isPartOf\":{\"@id\":\"https:\/\/paracherkaoui.ma\/#website\"},\"primaryImageOfPage\":{\"@id\":\"https:\/\/paracherkaoui.ma\/index.php\/produit\/ecrinal-ampoules-anti-chutes-cheveux-105-ml\/#primaryimage\"},\"image\":{\"@id\":\"https:\/\/paracherkaoui.ma\/index.php\/produit\/ecrinal-ampoules-anti-chutes-cheveux-105-ml\/#primaryimage\"},\"thumbnailUrl\":\"https:\/\/paracherkaoui.ma\/wp-content\/uploads\/2025\/12\/ecrinal-ampoules-anti-chutes-cheveux-105-ml.jpg\",\"datePublished\":\"2025-12-12T16:58:56+00:00\",\"dateModified\":\"2025-12-12T16:58:59+00:00\",\"breadcrumb\":{\"@id\":\"https:\/\/paracherkaoui.ma\/index.php\/produit\/ecrinal-ampoules-anti-chutes-cheveux-105-ml\/#breadcrumb\"},\"inLanguage\":\"fr-FR\",\"potentialAction\":[{\"@type\":\"ReadAction\",\"target\":[\"https:\/\/paracherkaoui.ma\/index.php\/produit\/ecrinal-ampoules-anti-chutes-cheveux-105-ml\/\"]}]},{\"@type\":\"ImageObject\",\"inLanguage\":\"fr-FR\",\"@id\":\"https:\/\/paracherkaoui.ma\/index.php\/produit\/ecrinal-ampoules-anti-chutes-cheveux-105-ml\/#primaryimage\",\"url\":\"https:\/\/paracherkaoui.ma\/wp-content\/uploads\/2025\/12\/ecrinal-ampoules-anti-chutes-cheveux-105-ml.jpg\",\"contentUrl\":\"https:\/\/paracherkaoui.ma\/wp-content\/uploads\/2025\/12\/ecrinal-ampoules-anti-chutes-cheveux-105-ml.jpg\",\"width\":700,\"height\":700},{\"@type\":\"BreadcrumbList\",\"@id\":\"https:\/\/paracherkaoui.ma\/index.php\/produit\/ecrinal-ampoules-anti-chutes-cheveux-105-ml\/#breadcrumb\",\"itemListElement\":[{\"@type\":\"ListItem\",\"position\":1,\"name\":\"Accueil\",\"item\":\"https:\/\/paracherkaoui.ma\/\"},{\"@type\":\"ListItem\",\"position\":2,\"name\":\"Boutique\",\"item\":\"https:\/\/paracherkaoui.ma\/index.php\/boutique\/\"},{\"@type\":\"ListItem\",\"position\":3,\"name\":\"ECRINAL AMPOULES ANTI CHUTES CHEVEUX 10*5 ML\"}]},{\"@type\":\"WebSite\",\"@id\":\"https:\/\/paracherkaoui.ma\/#website\",\"url\":\"https:\/\/paracherkaoui.ma\/\",\"name\":\"Paracherkaoui.ma\",\"description\":\"Achetez en ligne sur Paracherkaoui.ma\",\"potentialAction\":[{\"@type\":\"SearchAction\",\"target\":{\"@type\":\"EntryPoint\",\"urlTemplate\":\"https:\/\/paracherkaoui.ma\/?s={search_term_string}\"},\"query-input\":{\"@type\":\"PropertyValueSpecification\",\"valueRequired\":true,\"valueName\":\"search_term_string\"}}],\"inLanguage\":\"fr-FR\"}]}<\/script>\r\n<!-- \/ Yoast SEO plugin. -->","yoast_head_json":{"title":"ECRINAL AMPOULES ANTI CHUTES CHEVEUX 10*5 ML - Paracherkaoui.ma","robots":{"index":"index","follow":"follow","max-snippet":"max-snippet:-1","max-image-preview":"max-image-preview:large","max-video-preview":"max-video-preview:-1"},"canonical":"https:\/\/paracherkaoui.ma\/index.php\/produit\/ecrinal-ampoules-anti-chutes-cheveux-105-ml\/","og_locale":"fr_FR","og_type":"article","og_title":"ECRINAL AMPOULES ANTI CHUTES CHEVEUX 10*5 ML - Paracherkaoui.ma","og_description":"ECRINAL, fort de l&rsquo;expertise des Laboratoires ASEPTA, a formul\u00e9 ces ampoules r\u00e9volutionnaires pour une action compl\u00e8te et une efficacit\u00e9 prouv\u00e9e","og_url":"https:\/\/paracherkaoui.ma\/index.php\/produit\/ecrinal-ampoules-anti-chutes-cheveux-105-ml\/","og_site_name":"Paracherkaoui.ma","article_modified_time":"2025-12-12T16:58:59+00:00","og_image":[{"width":700,"height":700,"url":"https:\/\/paracherkaoui.ma\/wp-content\/uploads\/2025\/12\/ecrinal-ampoules-anti-chutes-cheveux-105-ml.jpg","type":"image\/jpeg"}],"twitter_card":"summary_large_image","twitter_misc":{"Dur\u00e9e de lecture estim\u00e9e":"1 minute"},"schema":{"@context":"https:\/\/schema.org","@graph":[{"@type":"WebPage","@id":"https:\/\/paracherkaoui.ma\/index.php\/produit\/ecrinal-ampoules-anti-chutes-cheveux-105-ml\/","url":"https:\/\/paracherkaoui.ma\/index.php\/produit\/ecrinal-ampoules-anti-chutes-cheveux-105-ml\/","name":"ECRINAL AMPOULES ANTI CHUTES CHEVEUX 10*5 ML - Paracherkaoui.ma","isPartOf":{"@id":"https:\/\/paracherkaoui.ma\/#website"},"primaryImageOfPage":{"@id":"https:\/\/paracherkaoui.ma\/index.php\/produit\/ecrinal-ampoules-anti-chutes-cheveux-105-ml\/#primaryimage"},"image":{"@id":"https:\/\/paracherkaoui.ma\/index.php\/produit\/ecrinal-ampoules-anti-chutes-cheveux-105-ml\/#primaryimage"},"thumbnailUrl":"https:\/\/paracherkaoui.ma\/wp-content\/uploads\/2025\/12\/ecrinal-ampoules-anti-chutes-cheveux-105-ml.jpg","datePublished":"2025-12-12T16:58:56+00:00","dateModified":"2025-12-12T16:58:59+00:00","breadcrumb":{"@id":"https:\/\/paracherkaoui.ma\/index.php\/produit\/ecrinal-ampoules-anti-chutes-cheveux-105-ml\/#breadcrumb"},"inLanguage":"fr-FR","potentialAction":[{"@type":"ReadAction","target":["https:\/\/paracherkaoui.ma\/index.php\/produit\/ecrinal-ampoules-anti-chutes-cheveux-105-ml\/"]}]},{"@type":"ImageObject","inLanguage":"fr-FR","@id":"https:\/\/paracherkaoui.ma\/index.php\/produit\/ecrinal-ampoules-anti-chutes-cheveux-105-ml\/#primaryimage","url":"https:\/\/paracherkaoui.ma\/wp-content\/uploads\/2025\/12\/ecrinal-ampoules-anti-chutes-cheveux-105-ml.jpg","contentUrl":"https:\/\/paracherkaoui.ma\/wp-content\/uploads\/2025\/12\/ecrinal-ampoules-anti-chutes-cheveux-105-ml.jpg","width":700,"height":700},{"@type":"BreadcrumbList","@id":"https:\/\/paracherkaoui.ma\/index.php\/produit\/ecrinal-ampoules-anti-chutes-cheveux-105-ml\/#breadcrumb","itemListElement":[{"@type":"ListItem","position":1,"name":"Accueil","item":"https:\/\/paracherkaoui.ma\/"},{"@type":"ListItem","position":2,"name":"Boutique","item":"https:\/\/paracherkaoui.ma\/index.php\/boutique\/"},{"@type":"ListItem","position":3,"name":"ECRINAL AMPOULES ANTI CHUTES CHEVEUX 10*5 ML"}]},{"@type":"WebSite","@id":"https:\/\/paracherkaoui.ma\/#website","url":"https:\/\/paracherkaoui.ma\/","name":"Paracherkaoui.ma","description":"Achetez en ligne sur Paracherkaoui.ma","potentialAction":[{"@type":"SearchAction","target":{"@type":"EntryPoint","urlTemplate":"https:\/\/paracherkaoui.ma\/?s={search_term_string}"},"query-input":{"@type":"PropertyValueSpecification","valueRequired":true,"valueName":"search_term_string"}}],"inLanguage":"fr-FR"}]}},"_links":{"self":[{"href":"https:\/\/paracherkaoui.ma\/index.php\/wp-json\/wp\/v2\/product\/17110","targetHints":{"allow":["GET"]}}],"collection":[{"href":"https:\/\/paracherkaoui.ma\/index.php\/wp-json\/wp\/v2\/product"}],"about":[{"href":"https:\/\/paracherkaoui.ma\/index.php\/wp-json\/wp\/v2\/types\/product"}],"replies":[{"embeddable":true,"href":"https:\/\/paracherkaoui.ma\/index.php\/wp-json\/wp\/v2\/comments?post=17110"}],"version-history":[{"count":1,"href":"https:\/\/paracherkaoui.ma\/index.php\/wp-json\/wp\/v2\/product\/17110\/revisions"}],"predecessor-version":[{"id":17156,"href":"https:\/\/paracherkaoui.ma\/index.php\/wp-json\/wp\/v2\/product\/17110\/revisions\/17156"}],"wp:featuredmedia":[{"embeddable":true,"href":"https:\/\/paracherkaoui.ma\/index.php\/wp-json\/wp\/v2\/media\/17155"}],"wp:attachment":[{"href":"https:\/\/paracherkaoui.ma\/index.php\/wp-json\/wp\/v2\/media?parent=17110"}],"wp:term":[{"taxonomy":"product_brand","embeddable":true,"href":"https:\/\/paracherkaoui.ma\/index.php\/wp-json\/wp\/v2\/product_brand?post=17110"},{"taxonomy":"product_cat","embeddable":true,"href":"https:\/\/paracherkaoui.ma\/index.php\/wp-json\/wp\/v2\/product_cat?post=17110"},{"taxonomy":"product_tag","embeddable":true,"href":"https:\/\/paracherkaoui.ma\/index.php\/wp-json\/wp\/v2\/product_tag?post=17110"}],"curies":[{"name":"wp","href":"https:\/\/api.w.org\/{rel}","templated":true}]}}