{"id":17024,"date":"2025-12-12T17:58:50","date_gmt":"2025-12-12T16:58:50","guid":{"rendered":"https:\/\/test.ecbeaute.com\/?post_type=product&#038;p=17024"},"modified":"2025-12-12T17:58:53","modified_gmt":"2025-12-12T16:58:53","slug":"phyto-volume-spray-brushing-150-ml","status":"publish","type":"product","link":"https:\/\/paracherkaoui.ma\/index.php\/produit\/phyto-volume-spray-brushing-150-ml\/","title":{"rendered":"PHYTO VOLUME SPRAY BRUSHING 150 ML"},"content":{"rendered":"<p>Le spray VOLUME d\u00e9colle les racines\u00a0et texturise\u00a0les longueurs sans effet carton. Les cheveux sont plus volumineux\u00a0des racines jusqu&rsquo;aux pointes. Au c\u0153ur de la formule, un extrait de n\u00e9nuphar apporte corps et volume aux cheveux d\u00e8s la racine.\u00a0Gr\u00e2ce \u00e0 une extraction de mauve blanche bio, les cheveux sont deux fois plus brillants.<br \/>\nSans silicones, sans colorants.<br \/>\nCONSEILS D&rsquo;UTILISATION :<br \/>\nSur cheveux mouill\u00e9s, vaporiser sur les racines et les demi-longueurs. Proc\u00e9der au brushing ou s\u00e9cher t\u00eate en bas. Sans rin\u00e7age.<\/p>\n","protected":false},"excerpt":{"rendered":"<p>Le spray VOLUME d\u00e9colle les racines\u00a0et texturise\u00a0les longueurs sans effet carton. Les cheveux sont plus volumineux\u00a0des racines jusqu&rsquo;aux pointes. Au<\/p>\n","protected":false},"featured_media":17073,"comment_status":"open","ping_status":"closed","template":"","meta":[],"product_brand":[233],"product_cat":[276],"product_tag":[],"class_list":{"0":"post-17024","1":"product","2":"type-product","3":"status-publish","4":"has-post-thumbnail","6":"product_brand-phyto","7":"product_cat-serums-et-huiles","9":"first","10":"instock","11":"shipping-taxable","12":"purchasable","13":"product-type-simple"},"yoast_head":"<!-- This site is optimized with the Yoast SEO plugin v26.6 - https:\/\/yoast.com\/wordpress\/plugins\/seo\/ -->\r\n<title>PHYTO VOLUME SPRAY BRUSHING 150 ML - Paracherkaoui.ma<\/title>\r\n<meta name=\"robots\" content=\"index, follow, max-snippet:-1, max-image-preview:large, max-video-preview:-1\" \/>\r\n<link rel=\"canonical\" href=\"https:\/\/paracherkaoui.ma\/index.php\/produit\/phyto-volume-spray-brushing-150-ml\/\" \/>\r\n<meta property=\"og:locale\" content=\"fr_FR\" \/>\r\n<meta property=\"og:type\" content=\"article\" \/>\r\n<meta property=\"og:title\" content=\"PHYTO VOLUME SPRAY BRUSHING 150 ML - Paracherkaoui.ma\" \/>\r\n<meta property=\"og:description\" content=\"Le spray VOLUME d\u00e9colle les racines\u00a0et texturise\u00a0les longueurs sans effet carton. Les cheveux sont plus volumineux\u00a0des racines jusqu&rsquo;aux pointes. Au\" \/>\r\n<meta property=\"og:url\" content=\"https:\/\/paracherkaoui.ma\/index.php\/produit\/phyto-volume-spray-brushing-150-ml\/\" \/>\r\n<meta property=\"og:site_name\" content=\"Paracherkaoui.ma\" \/>\r\n<meta property=\"article:modified_time\" content=\"2025-12-12T16:58:53+00:00\" \/>\r\n<meta property=\"og:image\" content=\"https:\/\/paracherkaoui.ma\/wp-content\/uploads\/2025\/12\/phyto-phyto-volume-spray-brushing-150-ml-serum-et-huiles.jpg\" \/>\r\n\t<meta property=\"og:image:width\" content=\"700\" \/>\r\n\t<meta property=\"og:image:height\" content=\"700\" \/>\r\n\t<meta property=\"og:image:type\" content=\"image\/jpeg\" \/>\r\n<meta name=\"twitter:card\" content=\"summary_large_image\" \/>\r\n<script type=\"application\/ld+json\" class=\"yoast-schema-graph\">{\"@context\":\"https:\/\/schema.org\",\"@graph\":[{\"@type\":\"WebPage\",\"@id\":\"https:\/\/paracherkaoui.ma\/index.php\/produit\/phyto-volume-spray-brushing-150-ml\/\",\"url\":\"https:\/\/paracherkaoui.ma\/index.php\/produit\/phyto-volume-spray-brushing-150-ml\/\",\"name\":\"PHYTO VOLUME SPRAY BRUSHING 150 ML - Paracherkaoui.ma\",\"isPartOf\":{\"@id\":\"https:\/\/paracherkaoui.ma\/#website\"},\"primaryImageOfPage\":{\"@id\":\"https:\/\/paracherkaoui.ma\/index.php\/produit\/phyto-volume-spray-brushing-150-ml\/#primaryimage\"},\"image\":{\"@id\":\"https:\/\/paracherkaoui.ma\/index.php\/produit\/phyto-volume-spray-brushing-150-ml\/#primaryimage\"},\"thumbnailUrl\":\"https:\/\/paracherkaoui.ma\/wp-content\/uploads\/2025\/12\/phyto-phyto-volume-spray-brushing-150-ml-serum-et-huiles.jpg\",\"datePublished\":\"2025-12-12T16:58:50+00:00\",\"dateModified\":\"2025-12-12T16:58:53+00:00\",\"breadcrumb\":{\"@id\":\"https:\/\/paracherkaoui.ma\/index.php\/produit\/phyto-volume-spray-brushing-150-ml\/#breadcrumb\"},\"inLanguage\":\"fr-FR\",\"potentialAction\":[{\"@type\":\"ReadAction\",\"target\":[\"https:\/\/paracherkaoui.ma\/index.php\/produit\/phyto-volume-spray-brushing-150-ml\/\"]}]},{\"@type\":\"ImageObject\",\"inLanguage\":\"fr-FR\",\"@id\":\"https:\/\/paracherkaoui.ma\/index.php\/produit\/phyto-volume-spray-brushing-150-ml\/#primaryimage\",\"url\":\"https:\/\/paracherkaoui.ma\/wp-content\/uploads\/2025\/12\/phyto-phyto-volume-spray-brushing-150-ml-serum-et-huiles.jpg\",\"contentUrl\":\"https:\/\/paracherkaoui.ma\/wp-content\/uploads\/2025\/12\/phyto-phyto-volume-spray-brushing-150-ml-serum-et-huiles.jpg\",\"width\":700,\"height\":700},{\"@type\":\"BreadcrumbList\",\"@id\":\"https:\/\/paracherkaoui.ma\/index.php\/produit\/phyto-volume-spray-brushing-150-ml\/#breadcrumb\",\"itemListElement\":[{\"@type\":\"ListItem\",\"position\":1,\"name\":\"Accueil\",\"item\":\"https:\/\/paracherkaoui.ma\/\"},{\"@type\":\"ListItem\",\"position\":2,\"name\":\"Boutique\",\"item\":\"https:\/\/paracherkaoui.ma\/index.php\/boutique\/\"},{\"@type\":\"ListItem\",\"position\":3,\"name\":\"PHYTO VOLUME SPRAY BRUSHING 150 ML\"}]},{\"@type\":\"WebSite\",\"@id\":\"https:\/\/paracherkaoui.ma\/#website\",\"url\":\"https:\/\/paracherkaoui.ma\/\",\"name\":\"Paracherkaoui.ma\",\"description\":\"Achetez en ligne sur Paracherkaoui.ma\",\"potentialAction\":[{\"@type\":\"SearchAction\",\"target\":{\"@type\":\"EntryPoint\",\"urlTemplate\":\"https:\/\/paracherkaoui.ma\/?s={search_term_string}\"},\"query-input\":{\"@type\":\"PropertyValueSpecification\",\"valueRequired\":true,\"valueName\":\"search_term_string\"}}],\"inLanguage\":\"fr-FR\"}]}<\/script>\r\n<!-- \/ Yoast SEO plugin. -->","yoast_head_json":{"title":"PHYTO VOLUME SPRAY BRUSHING 150 ML - Paracherkaoui.ma","robots":{"index":"index","follow":"follow","max-snippet":"max-snippet:-1","max-image-preview":"max-image-preview:large","max-video-preview":"max-video-preview:-1"},"canonical":"https:\/\/paracherkaoui.ma\/index.php\/produit\/phyto-volume-spray-brushing-150-ml\/","og_locale":"fr_FR","og_type":"article","og_title":"PHYTO VOLUME SPRAY BRUSHING 150 ML - Paracherkaoui.ma","og_description":"Le spray VOLUME d\u00e9colle les racines\u00a0et texturise\u00a0les longueurs sans effet carton. Les cheveux sont plus volumineux\u00a0des racines jusqu&rsquo;aux pointes. Au","og_url":"https:\/\/paracherkaoui.ma\/index.php\/produit\/phyto-volume-spray-brushing-150-ml\/","og_site_name":"Paracherkaoui.ma","article_modified_time":"2025-12-12T16:58:53+00:00","og_image":[{"width":700,"height":700,"url":"https:\/\/paracherkaoui.ma\/wp-content\/uploads\/2025\/12\/phyto-phyto-volume-spray-brushing-150-ml-serum-et-huiles.jpg","type":"image\/jpeg"}],"twitter_card":"summary_large_image","schema":{"@context":"https:\/\/schema.org","@graph":[{"@type":"WebPage","@id":"https:\/\/paracherkaoui.ma\/index.php\/produit\/phyto-volume-spray-brushing-150-ml\/","url":"https:\/\/paracherkaoui.ma\/index.php\/produit\/phyto-volume-spray-brushing-150-ml\/","name":"PHYTO VOLUME SPRAY BRUSHING 150 ML - Paracherkaoui.ma","isPartOf":{"@id":"https:\/\/paracherkaoui.ma\/#website"},"primaryImageOfPage":{"@id":"https:\/\/paracherkaoui.ma\/index.php\/produit\/phyto-volume-spray-brushing-150-ml\/#primaryimage"},"image":{"@id":"https:\/\/paracherkaoui.ma\/index.php\/produit\/phyto-volume-spray-brushing-150-ml\/#primaryimage"},"thumbnailUrl":"https:\/\/paracherkaoui.ma\/wp-content\/uploads\/2025\/12\/phyto-phyto-volume-spray-brushing-150-ml-serum-et-huiles.jpg","datePublished":"2025-12-12T16:58:50+00:00","dateModified":"2025-12-12T16:58:53+00:00","breadcrumb":{"@id":"https:\/\/paracherkaoui.ma\/index.php\/produit\/phyto-volume-spray-brushing-150-ml\/#breadcrumb"},"inLanguage":"fr-FR","potentialAction":[{"@type":"ReadAction","target":["https:\/\/paracherkaoui.ma\/index.php\/produit\/phyto-volume-spray-brushing-150-ml\/"]}]},{"@type":"ImageObject","inLanguage":"fr-FR","@id":"https:\/\/paracherkaoui.ma\/index.php\/produit\/phyto-volume-spray-brushing-150-ml\/#primaryimage","url":"https:\/\/paracherkaoui.ma\/wp-content\/uploads\/2025\/12\/phyto-phyto-volume-spray-brushing-150-ml-serum-et-huiles.jpg","contentUrl":"https:\/\/paracherkaoui.ma\/wp-content\/uploads\/2025\/12\/phyto-phyto-volume-spray-brushing-150-ml-serum-et-huiles.jpg","width":700,"height":700},{"@type":"BreadcrumbList","@id":"https:\/\/paracherkaoui.ma\/index.php\/produit\/phyto-volume-spray-brushing-150-ml\/#breadcrumb","itemListElement":[{"@type":"ListItem","position":1,"name":"Accueil","item":"https:\/\/paracherkaoui.ma\/"},{"@type":"ListItem","position":2,"name":"Boutique","item":"https:\/\/paracherkaoui.ma\/index.php\/boutique\/"},{"@type":"ListItem","position":3,"name":"PHYTO VOLUME SPRAY BRUSHING 150 ML"}]},{"@type":"WebSite","@id":"https:\/\/paracherkaoui.ma\/#website","url":"https:\/\/paracherkaoui.ma\/","name":"Paracherkaoui.ma","description":"Achetez en ligne sur Paracherkaoui.ma","potentialAction":[{"@type":"SearchAction","target":{"@type":"EntryPoint","urlTemplate":"https:\/\/paracherkaoui.ma\/?s={search_term_string}"},"query-input":{"@type":"PropertyValueSpecification","valueRequired":true,"valueName":"search_term_string"}}],"inLanguage":"fr-FR"}]}},"_links":{"self":[{"href":"https:\/\/paracherkaoui.ma\/index.php\/wp-json\/wp\/v2\/product\/17024","targetHints":{"allow":["GET"]}}],"collection":[{"href":"https:\/\/paracherkaoui.ma\/index.php\/wp-json\/wp\/v2\/product"}],"about":[{"href":"https:\/\/paracherkaoui.ma\/index.php\/wp-json\/wp\/v2\/types\/product"}],"replies":[{"embeddable":true,"href":"https:\/\/paracherkaoui.ma\/index.php\/wp-json\/wp\/v2\/comments?post=17024"}],"version-history":[{"count":1,"href":"https:\/\/paracherkaoui.ma\/index.php\/wp-json\/wp\/v2\/product\/17024\/revisions"}],"predecessor-version":[{"id":17074,"href":"https:\/\/paracherkaoui.ma\/index.php\/wp-json\/wp\/v2\/product\/17024\/revisions\/17074"}],"wp:featuredmedia":[{"embeddable":true,"href":"https:\/\/paracherkaoui.ma\/index.php\/wp-json\/wp\/v2\/media\/17073"}],"wp:attachment":[{"href":"https:\/\/paracherkaoui.ma\/index.php\/wp-json\/wp\/v2\/media?parent=17024"}],"wp:term":[{"taxonomy":"product_brand","embeddable":true,"href":"https:\/\/paracherkaoui.ma\/index.php\/wp-json\/wp\/v2\/product_brand?post=17024"},{"taxonomy":"product_cat","embeddable":true,"href":"https:\/\/paracherkaoui.ma\/index.php\/wp-json\/wp\/v2\/product_cat?post=17024"},{"taxonomy":"product_tag","embeddable":true,"href":"https:\/\/paracherkaoui.ma\/index.php\/wp-json\/wp\/v2\/product_tag?post=17024"}],"curies":[{"name":"wp","href":"https:\/\/api.w.org\/{rel}","templated":true}]}}