{"id":17004,"date":"2025-12-12T17:58:49","date_gmt":"2025-12-12T16:58:49","guid":{"rendered":"https:\/\/test.ecbeaute.com\/?post_type=product&#038;p=17004"},"modified":"2025-12-12T17:58:50","modified_gmt":"2025-12-12T16:58:50","slug":"luxeol-ampoules-anti-chute-reactionnelle-14-fioles7ml","status":"publish","type":"product","link":"https:\/\/paracherkaoui.ma\/index.php\/produit\/luxeol-ampoules-anti-chute-reactionnelle-14-fioles7ml\/","title":{"rendered":"LUXEOL AMPOULES ANTI CHUTE REACTIONNELLE 14 FIOLES*7ML"},"content":{"rendered":"<p>Chute de cheveux R\u00e9actionnelle 2en1<br \/>\nStress, fatigue, changement de saison<br \/>\nFormule enrichie en extrait de k\u00e9ratine<br \/>\nCONSEILS D&rsquo;UTILISATION<br \/>\nAppliquer la totalit\u00e9 d\u2019une fiole raie par raie sur les cheveux mouill\u00e9s en massant d\u00e9licatement le cuir chevelu puis r\u00e9partir sur toute la longueur des cheveux.<br \/>\n1 fiole = 1 utilisation La fr\u00e9quence d\u2019utilisation est de 3 fioles par semaine.<br \/>\n1 bo\u00eete = 14 fioles = 1 mois.<br \/>\nDur\u00e9e conseill\u00e9e : 3 mois.<\/p>\n","protected":false},"excerpt":{"rendered":"<p>Chute de cheveux R\u00e9actionnelle 2en1 Stress, fatigue, changement de saison Formule enrichie en extrait de k\u00e9ratine CONSEILS D&rsquo;UTILISATION Appliquer la<\/p>\n","protected":false},"featured_media":17034,"comment_status":"open","ping_status":"closed","template":"","meta":[],"product_brand":[146],"product_cat":[276],"product_tag":[],"class_list":{"0":"post-17004","1":"product","2":"type-product","3":"status-publish","4":"has-post-thumbnail","6":"product_brand-luxeol","7":"product_cat-serums-et-huiles","9":"first","10":"instock","11":"sale","12":"shipping-taxable","13":"purchasable","14":"product-type-simple"},"yoast_head":"<!-- This site is optimized with the Yoast SEO plugin v26.6 - https:\/\/yoast.com\/wordpress\/plugins\/seo\/ -->\r\n<title>LUXEOL AMPOULES ANTI CHUTE REACTIONNELLE 14 FIOLES*7ML - Paracherkaoui.ma<\/title>\r\n<meta name=\"robots\" content=\"index, follow, max-snippet:-1, max-image-preview:large, max-video-preview:-1\" \/>\r\n<link rel=\"canonical\" href=\"https:\/\/paracherkaoui.ma\/index.php\/produit\/luxeol-ampoules-anti-chute-reactionnelle-14-fioles7ml\/\" \/>\r\n<meta property=\"og:locale\" content=\"fr_FR\" \/>\r\n<meta property=\"og:type\" content=\"article\" \/>\r\n<meta property=\"og:title\" content=\"LUXEOL AMPOULES ANTI CHUTE REACTIONNELLE 14 FIOLES*7ML - Paracherkaoui.ma\" \/>\r\n<meta property=\"og:description\" content=\"Chute de cheveux R\u00e9actionnelle 2en1 Stress, fatigue, changement de saison Formule enrichie en extrait de k\u00e9ratine CONSEILS D&rsquo;UTILISATION Appliquer la\" \/>\r\n<meta property=\"og:url\" content=\"https:\/\/paracherkaoui.ma\/index.php\/produit\/luxeol-ampoules-anti-chute-reactionnelle-14-fioles7ml\/\" \/>\r\n<meta property=\"og:site_name\" content=\"Paracherkaoui.ma\" \/>\r\n<meta property=\"article:modified_time\" content=\"2025-12-12T16:58:50+00:00\" \/>\r\n<meta property=\"og:image\" content=\"https:\/\/paracherkaoui.ma\/wp-content\/uploads\/2025\/12\/luxeol-luxeol-ampoules-anti-chute-reactionnelle-14-fioles7ml-serum-et-huiles.jpg\" \/>\r\n\t<meta property=\"og:image:width\" content=\"700\" \/>\r\n\t<meta property=\"og:image:height\" content=\"700\" \/>\r\n\t<meta property=\"og:image:type\" content=\"image\/jpeg\" \/>\r\n<meta name=\"twitter:card\" content=\"summary_large_image\" \/>\r\n<script type=\"application\/ld+json\" class=\"yoast-schema-graph\">{\"@context\":\"https:\/\/schema.org\",\"@graph\":[{\"@type\":\"WebPage\",\"@id\":\"https:\/\/paracherkaoui.ma\/index.php\/produit\/luxeol-ampoules-anti-chute-reactionnelle-14-fioles7ml\/\",\"url\":\"https:\/\/paracherkaoui.ma\/index.php\/produit\/luxeol-ampoules-anti-chute-reactionnelle-14-fioles7ml\/\",\"name\":\"LUXEOL AMPOULES ANTI CHUTE REACTIONNELLE 14 FIOLES*7ML - Paracherkaoui.ma\",\"isPartOf\":{\"@id\":\"https:\/\/paracherkaoui.ma\/#website\"},\"primaryImageOfPage\":{\"@id\":\"https:\/\/paracherkaoui.ma\/index.php\/produit\/luxeol-ampoules-anti-chute-reactionnelle-14-fioles7ml\/#primaryimage\"},\"image\":{\"@id\":\"https:\/\/paracherkaoui.ma\/index.php\/produit\/luxeol-ampoules-anti-chute-reactionnelle-14-fioles7ml\/#primaryimage\"},\"thumbnailUrl\":\"https:\/\/paracherkaoui.ma\/wp-content\/uploads\/2025\/12\/luxeol-luxeol-ampoules-anti-chute-reactionnelle-14-fioles7ml-serum-et-huiles.jpg\",\"datePublished\":\"2025-12-12T16:58:49+00:00\",\"dateModified\":\"2025-12-12T16:58:50+00:00\",\"breadcrumb\":{\"@id\":\"https:\/\/paracherkaoui.ma\/index.php\/produit\/luxeol-ampoules-anti-chute-reactionnelle-14-fioles7ml\/#breadcrumb\"},\"inLanguage\":\"fr-FR\",\"potentialAction\":[{\"@type\":\"ReadAction\",\"target\":[\"https:\/\/paracherkaoui.ma\/index.php\/produit\/luxeol-ampoules-anti-chute-reactionnelle-14-fioles7ml\/\"]}]},{\"@type\":\"ImageObject\",\"inLanguage\":\"fr-FR\",\"@id\":\"https:\/\/paracherkaoui.ma\/index.php\/produit\/luxeol-ampoules-anti-chute-reactionnelle-14-fioles7ml\/#primaryimage\",\"url\":\"https:\/\/paracherkaoui.ma\/wp-content\/uploads\/2025\/12\/luxeol-luxeol-ampoules-anti-chute-reactionnelle-14-fioles7ml-serum-et-huiles.jpg\",\"contentUrl\":\"https:\/\/paracherkaoui.ma\/wp-content\/uploads\/2025\/12\/luxeol-luxeol-ampoules-anti-chute-reactionnelle-14-fioles7ml-serum-et-huiles.jpg\",\"width\":700,\"height\":700},{\"@type\":\"BreadcrumbList\",\"@id\":\"https:\/\/paracherkaoui.ma\/index.php\/produit\/luxeol-ampoules-anti-chute-reactionnelle-14-fioles7ml\/#breadcrumb\",\"itemListElement\":[{\"@type\":\"ListItem\",\"position\":1,\"name\":\"Accueil\",\"item\":\"https:\/\/paracherkaoui.ma\/\"},{\"@type\":\"ListItem\",\"position\":2,\"name\":\"Boutique\",\"item\":\"https:\/\/paracherkaoui.ma\/index.php\/boutique\/\"},{\"@type\":\"ListItem\",\"position\":3,\"name\":\"LUXEOL AMPOULES ANTI CHUTE REACTIONNELLE 14 FIOLES*7ML\"}]},{\"@type\":\"WebSite\",\"@id\":\"https:\/\/paracherkaoui.ma\/#website\",\"url\":\"https:\/\/paracherkaoui.ma\/\",\"name\":\"Paracherkaoui.ma\",\"description\":\"Achetez en ligne sur Paracherkaoui.ma\",\"potentialAction\":[{\"@type\":\"SearchAction\",\"target\":{\"@type\":\"EntryPoint\",\"urlTemplate\":\"https:\/\/paracherkaoui.ma\/?s={search_term_string}\"},\"query-input\":{\"@type\":\"PropertyValueSpecification\",\"valueRequired\":true,\"valueName\":\"search_term_string\"}}],\"inLanguage\":\"fr-FR\"}]}<\/script>\r\n<!-- \/ Yoast SEO plugin. -->","yoast_head_json":{"title":"LUXEOL AMPOULES ANTI CHUTE REACTIONNELLE 14 FIOLES*7ML - Paracherkaoui.ma","robots":{"index":"index","follow":"follow","max-snippet":"max-snippet:-1","max-image-preview":"max-image-preview:large","max-video-preview":"max-video-preview:-1"},"canonical":"https:\/\/paracherkaoui.ma\/index.php\/produit\/luxeol-ampoules-anti-chute-reactionnelle-14-fioles7ml\/","og_locale":"fr_FR","og_type":"article","og_title":"LUXEOL AMPOULES ANTI CHUTE REACTIONNELLE 14 FIOLES*7ML - Paracherkaoui.ma","og_description":"Chute de cheveux R\u00e9actionnelle 2en1 Stress, fatigue, changement de saison Formule enrichie en extrait de k\u00e9ratine CONSEILS D&rsquo;UTILISATION Appliquer la","og_url":"https:\/\/paracherkaoui.ma\/index.php\/produit\/luxeol-ampoules-anti-chute-reactionnelle-14-fioles7ml\/","og_site_name":"Paracherkaoui.ma","article_modified_time":"2025-12-12T16:58:50+00:00","og_image":[{"width":700,"height":700,"url":"https:\/\/paracherkaoui.ma\/wp-content\/uploads\/2025\/12\/luxeol-luxeol-ampoules-anti-chute-reactionnelle-14-fioles7ml-serum-et-huiles.jpg","type":"image\/jpeg"}],"twitter_card":"summary_large_image","schema":{"@context":"https:\/\/schema.org","@graph":[{"@type":"WebPage","@id":"https:\/\/paracherkaoui.ma\/index.php\/produit\/luxeol-ampoules-anti-chute-reactionnelle-14-fioles7ml\/","url":"https:\/\/paracherkaoui.ma\/index.php\/produit\/luxeol-ampoules-anti-chute-reactionnelle-14-fioles7ml\/","name":"LUXEOL AMPOULES ANTI CHUTE REACTIONNELLE 14 FIOLES*7ML - Paracherkaoui.ma","isPartOf":{"@id":"https:\/\/paracherkaoui.ma\/#website"},"primaryImageOfPage":{"@id":"https:\/\/paracherkaoui.ma\/index.php\/produit\/luxeol-ampoules-anti-chute-reactionnelle-14-fioles7ml\/#primaryimage"},"image":{"@id":"https:\/\/paracherkaoui.ma\/index.php\/produit\/luxeol-ampoules-anti-chute-reactionnelle-14-fioles7ml\/#primaryimage"},"thumbnailUrl":"https:\/\/paracherkaoui.ma\/wp-content\/uploads\/2025\/12\/luxeol-luxeol-ampoules-anti-chute-reactionnelle-14-fioles7ml-serum-et-huiles.jpg","datePublished":"2025-12-12T16:58:49+00:00","dateModified":"2025-12-12T16:58:50+00:00","breadcrumb":{"@id":"https:\/\/paracherkaoui.ma\/index.php\/produit\/luxeol-ampoules-anti-chute-reactionnelle-14-fioles7ml\/#breadcrumb"},"inLanguage":"fr-FR","potentialAction":[{"@type":"ReadAction","target":["https:\/\/paracherkaoui.ma\/index.php\/produit\/luxeol-ampoules-anti-chute-reactionnelle-14-fioles7ml\/"]}]},{"@type":"ImageObject","inLanguage":"fr-FR","@id":"https:\/\/paracherkaoui.ma\/index.php\/produit\/luxeol-ampoules-anti-chute-reactionnelle-14-fioles7ml\/#primaryimage","url":"https:\/\/paracherkaoui.ma\/wp-content\/uploads\/2025\/12\/luxeol-luxeol-ampoules-anti-chute-reactionnelle-14-fioles7ml-serum-et-huiles.jpg","contentUrl":"https:\/\/paracherkaoui.ma\/wp-content\/uploads\/2025\/12\/luxeol-luxeol-ampoules-anti-chute-reactionnelle-14-fioles7ml-serum-et-huiles.jpg","width":700,"height":700},{"@type":"BreadcrumbList","@id":"https:\/\/paracherkaoui.ma\/index.php\/produit\/luxeol-ampoules-anti-chute-reactionnelle-14-fioles7ml\/#breadcrumb","itemListElement":[{"@type":"ListItem","position":1,"name":"Accueil","item":"https:\/\/paracherkaoui.ma\/"},{"@type":"ListItem","position":2,"name":"Boutique","item":"https:\/\/paracherkaoui.ma\/index.php\/boutique\/"},{"@type":"ListItem","position":3,"name":"LUXEOL AMPOULES ANTI CHUTE REACTIONNELLE 14 FIOLES*7ML"}]},{"@type":"WebSite","@id":"https:\/\/paracherkaoui.ma\/#website","url":"https:\/\/paracherkaoui.ma\/","name":"Paracherkaoui.ma","description":"Achetez en ligne sur Paracherkaoui.ma","potentialAction":[{"@type":"SearchAction","target":{"@type":"EntryPoint","urlTemplate":"https:\/\/paracherkaoui.ma\/?s={search_term_string}"},"query-input":{"@type":"PropertyValueSpecification","valueRequired":true,"valueName":"search_term_string"}}],"inLanguage":"fr-FR"}]}},"_links":{"self":[{"href":"https:\/\/paracherkaoui.ma\/index.php\/wp-json\/wp\/v2\/product\/17004","targetHints":{"allow":["GET"]}}],"collection":[{"href":"https:\/\/paracherkaoui.ma\/index.php\/wp-json\/wp\/v2\/product"}],"about":[{"href":"https:\/\/paracherkaoui.ma\/index.php\/wp-json\/wp\/v2\/types\/product"}],"replies":[{"embeddable":true,"href":"https:\/\/paracherkaoui.ma\/index.php\/wp-json\/wp\/v2\/comments?post=17004"}],"version-history":[{"count":1,"href":"https:\/\/paracherkaoui.ma\/index.php\/wp-json\/wp\/v2\/product\/17004\/revisions"}],"predecessor-version":[{"id":17035,"href":"https:\/\/paracherkaoui.ma\/index.php\/wp-json\/wp\/v2\/product\/17004\/revisions\/17035"}],"wp:featuredmedia":[{"embeddable":true,"href":"https:\/\/paracherkaoui.ma\/index.php\/wp-json\/wp\/v2\/media\/17034"}],"wp:attachment":[{"href":"https:\/\/paracherkaoui.ma\/index.php\/wp-json\/wp\/v2\/media?parent=17004"}],"wp:term":[{"taxonomy":"product_brand","embeddable":true,"href":"https:\/\/paracherkaoui.ma\/index.php\/wp-json\/wp\/v2\/product_brand?post=17004"},{"taxonomy":"product_cat","embeddable":true,"href":"https:\/\/paracherkaoui.ma\/index.php\/wp-json\/wp\/v2\/product_cat?post=17004"},{"taxonomy":"product_tag","embeddable":true,"href":"https:\/\/paracherkaoui.ma\/index.php\/wp-json\/wp\/v2\/product_tag?post=17004"}],"curies":[{"name":"wp","href":"https:\/\/api.w.org\/{rel}","templated":true}]}}