{"id":16912,"date":"2025-12-12T17:58:37","date_gmt":"2025-12-12T16:58:37","guid":{"rendered":"https:\/\/test.ecbeaute.com\/?post_type=product&#038;p=16912"},"modified":"2025-12-12T17:58:39","modified_gmt":"2025-12-12T16:58:39","slug":"bioclin-bio-force-lotion-spray-150-ml-2","status":"publish","type":"product","link":"https:\/\/paracherkaoui.ma\/index.php\/produit\/bioclin-bio-force-lotion-spray-150-ml-2\/","title":{"rendered":"BIOCLIN BIO FORCE LOTION SPRAY 150 ML"},"content":{"rendered":"<p>Description:<br \/>\nSoin fortifiant et revitalisant du cuir chevelu, formul\u00e9 avec de l\u2019eau de Guarana Slow Food Defense et un complexe v\u00e9g\u00e9tal s\u00e9lectionn\u00e9, qui agit sur les racines pour renforcer le cheveu et l\u2019aider \u00e0 pousser. Formule innovante et emballage R-PET \u00e9co-durable \u00e0 faible impact environnemental.<\/p>\n","protected":false},"excerpt":{"rendered":"<p>Description: Soin fortifiant et revitalisant du cuir chevelu, formul\u00e9 avec de l\u2019eau de Guarana Slow Food Defense et un complexe<\/p>\n","protected":false},"featured_media":16704,"comment_status":"open","ping_status":"closed","template":"","meta":[],"product_brand":[251],"product_cat":[276],"product_tag":[],"class_list":{"0":"post-16912","1":"product","2":"type-product","3":"status-publish","4":"has-post-thumbnail","6":"product_brand-bioclin","7":"product_cat-serums-et-huiles","9":"first","10":"instock","11":"sale","12":"shipping-taxable","13":"purchasable","14":"product-type-simple"},"yoast_head":"<!-- This site is optimized with the Yoast SEO plugin v26.6 - https:\/\/yoast.com\/wordpress\/plugins\/seo\/ -->\r\n<title>BIOCLIN BIO FORCE LOTION SPRAY 150 ML - Paracherkaoui.ma<\/title>\r\n<meta name=\"robots\" content=\"index, follow, max-snippet:-1, max-image-preview:large, max-video-preview:-1\" \/>\r\n<link rel=\"canonical\" href=\"https:\/\/paracherkaoui.ma\/index.php\/produit\/bioclin-bio-force-lotion-spray-150-ml-2\/\" \/>\r\n<meta property=\"og:locale\" content=\"fr_FR\" \/>\r\n<meta property=\"og:type\" content=\"article\" \/>\r\n<meta property=\"og:title\" content=\"BIOCLIN BIO FORCE LOTION SPRAY 150 ML - Paracherkaoui.ma\" \/>\r\n<meta property=\"og:description\" content=\"Description: Soin fortifiant et revitalisant du cuir chevelu, formul\u00e9 avec de l\u2019eau de Guarana Slow Food Defense et un complexe\" \/>\r\n<meta property=\"og:url\" content=\"https:\/\/paracherkaoui.ma\/index.php\/produit\/bioclin-bio-force-lotion-spray-150-ml-2\/\" \/>\r\n<meta property=\"og:site_name\" content=\"Paracherkaoui.ma\" \/>\r\n<meta property=\"article:modified_time\" content=\"2025-12-12T16:58:39+00:00\" \/>\r\n<meta property=\"og:image\" content=\"https:\/\/paracherkaoui.ma\/wp-content\/uploads\/2025\/12\/bioclin-bioclin-bio-force-lotion-spray-150-ml-coiffage.jpg\" \/>\r\n\t<meta property=\"og:image:width\" content=\"700\" \/>\r\n\t<meta property=\"og:image:height\" content=\"700\" \/>\r\n\t<meta property=\"og:image:type\" content=\"image\/jpeg\" \/>\r\n<meta name=\"twitter:card\" content=\"summary_large_image\" \/>\r\n<script type=\"application\/ld+json\" class=\"yoast-schema-graph\">{\"@context\":\"https:\/\/schema.org\",\"@graph\":[{\"@type\":\"WebPage\",\"@id\":\"https:\/\/paracherkaoui.ma\/index.php\/produit\/bioclin-bio-force-lotion-spray-150-ml-2\/\",\"url\":\"https:\/\/paracherkaoui.ma\/index.php\/produit\/bioclin-bio-force-lotion-spray-150-ml-2\/\",\"name\":\"BIOCLIN BIO FORCE LOTION SPRAY 150 ML - Paracherkaoui.ma\",\"isPartOf\":{\"@id\":\"https:\/\/paracherkaoui.ma\/#website\"},\"primaryImageOfPage\":{\"@id\":\"https:\/\/paracherkaoui.ma\/index.php\/produit\/bioclin-bio-force-lotion-spray-150-ml-2\/#primaryimage\"},\"image\":{\"@id\":\"https:\/\/paracherkaoui.ma\/index.php\/produit\/bioclin-bio-force-lotion-spray-150-ml-2\/#primaryimage\"},\"thumbnailUrl\":\"https:\/\/paracherkaoui.ma\/wp-content\/uploads\/2025\/12\/bioclin-bioclin-bio-force-lotion-spray-150-ml-coiffage.jpg\",\"datePublished\":\"2025-12-12T16:58:37+00:00\",\"dateModified\":\"2025-12-12T16:58:39+00:00\",\"breadcrumb\":{\"@id\":\"https:\/\/paracherkaoui.ma\/index.php\/produit\/bioclin-bio-force-lotion-spray-150-ml-2\/#breadcrumb\"},\"inLanguage\":\"fr-FR\",\"potentialAction\":[{\"@type\":\"ReadAction\",\"target\":[\"https:\/\/paracherkaoui.ma\/index.php\/produit\/bioclin-bio-force-lotion-spray-150-ml-2\/\"]}]},{\"@type\":\"ImageObject\",\"inLanguage\":\"fr-FR\",\"@id\":\"https:\/\/paracherkaoui.ma\/index.php\/produit\/bioclin-bio-force-lotion-spray-150-ml-2\/#primaryimage\",\"url\":\"https:\/\/paracherkaoui.ma\/wp-content\/uploads\/2025\/12\/bioclin-bioclin-bio-force-lotion-spray-150-ml-coiffage.jpg\",\"contentUrl\":\"https:\/\/paracherkaoui.ma\/wp-content\/uploads\/2025\/12\/bioclin-bioclin-bio-force-lotion-spray-150-ml-coiffage.jpg\",\"width\":700,\"height\":700},{\"@type\":\"BreadcrumbList\",\"@id\":\"https:\/\/paracherkaoui.ma\/index.php\/produit\/bioclin-bio-force-lotion-spray-150-ml-2\/#breadcrumb\",\"itemListElement\":[{\"@type\":\"ListItem\",\"position\":1,\"name\":\"Accueil\",\"item\":\"https:\/\/paracherkaoui.ma\/\"},{\"@type\":\"ListItem\",\"position\":2,\"name\":\"Boutique\",\"item\":\"https:\/\/paracherkaoui.ma\/index.php\/boutique\/\"},{\"@type\":\"ListItem\",\"position\":3,\"name\":\"BIOCLIN BIO FORCE LOTION SPRAY 150 ML\"}]},{\"@type\":\"WebSite\",\"@id\":\"https:\/\/paracherkaoui.ma\/#website\",\"url\":\"https:\/\/paracherkaoui.ma\/\",\"name\":\"Paracherkaoui.ma\",\"description\":\"Achetez en ligne sur Paracherkaoui.ma\",\"potentialAction\":[{\"@type\":\"SearchAction\",\"target\":{\"@type\":\"EntryPoint\",\"urlTemplate\":\"https:\/\/paracherkaoui.ma\/?s={search_term_string}\"},\"query-input\":{\"@type\":\"PropertyValueSpecification\",\"valueRequired\":true,\"valueName\":\"search_term_string\"}}],\"inLanguage\":\"fr-FR\"}]}<\/script>\r\n<!-- \/ Yoast SEO plugin. -->","yoast_head_json":{"title":"BIOCLIN BIO FORCE LOTION SPRAY 150 ML - Paracherkaoui.ma","robots":{"index":"index","follow":"follow","max-snippet":"max-snippet:-1","max-image-preview":"max-image-preview:large","max-video-preview":"max-video-preview:-1"},"canonical":"https:\/\/paracherkaoui.ma\/index.php\/produit\/bioclin-bio-force-lotion-spray-150-ml-2\/","og_locale":"fr_FR","og_type":"article","og_title":"BIOCLIN BIO FORCE LOTION SPRAY 150 ML - Paracherkaoui.ma","og_description":"Description: Soin fortifiant et revitalisant du cuir chevelu, formul\u00e9 avec de l\u2019eau de Guarana Slow Food Defense et un complexe","og_url":"https:\/\/paracherkaoui.ma\/index.php\/produit\/bioclin-bio-force-lotion-spray-150-ml-2\/","og_site_name":"Paracherkaoui.ma","article_modified_time":"2025-12-12T16:58:39+00:00","og_image":[{"width":700,"height":700,"url":"https:\/\/paracherkaoui.ma\/wp-content\/uploads\/2025\/12\/bioclin-bioclin-bio-force-lotion-spray-150-ml-coiffage.jpg","type":"image\/jpeg"}],"twitter_card":"summary_large_image","schema":{"@context":"https:\/\/schema.org","@graph":[{"@type":"WebPage","@id":"https:\/\/paracherkaoui.ma\/index.php\/produit\/bioclin-bio-force-lotion-spray-150-ml-2\/","url":"https:\/\/paracherkaoui.ma\/index.php\/produit\/bioclin-bio-force-lotion-spray-150-ml-2\/","name":"BIOCLIN BIO FORCE LOTION SPRAY 150 ML - Paracherkaoui.ma","isPartOf":{"@id":"https:\/\/paracherkaoui.ma\/#website"},"primaryImageOfPage":{"@id":"https:\/\/paracherkaoui.ma\/index.php\/produit\/bioclin-bio-force-lotion-spray-150-ml-2\/#primaryimage"},"image":{"@id":"https:\/\/paracherkaoui.ma\/index.php\/produit\/bioclin-bio-force-lotion-spray-150-ml-2\/#primaryimage"},"thumbnailUrl":"https:\/\/paracherkaoui.ma\/wp-content\/uploads\/2025\/12\/bioclin-bioclin-bio-force-lotion-spray-150-ml-coiffage.jpg","datePublished":"2025-12-12T16:58:37+00:00","dateModified":"2025-12-12T16:58:39+00:00","breadcrumb":{"@id":"https:\/\/paracherkaoui.ma\/index.php\/produit\/bioclin-bio-force-lotion-spray-150-ml-2\/#breadcrumb"},"inLanguage":"fr-FR","potentialAction":[{"@type":"ReadAction","target":["https:\/\/paracherkaoui.ma\/index.php\/produit\/bioclin-bio-force-lotion-spray-150-ml-2\/"]}]},{"@type":"ImageObject","inLanguage":"fr-FR","@id":"https:\/\/paracherkaoui.ma\/index.php\/produit\/bioclin-bio-force-lotion-spray-150-ml-2\/#primaryimage","url":"https:\/\/paracherkaoui.ma\/wp-content\/uploads\/2025\/12\/bioclin-bioclin-bio-force-lotion-spray-150-ml-coiffage.jpg","contentUrl":"https:\/\/paracherkaoui.ma\/wp-content\/uploads\/2025\/12\/bioclin-bioclin-bio-force-lotion-spray-150-ml-coiffage.jpg","width":700,"height":700},{"@type":"BreadcrumbList","@id":"https:\/\/paracherkaoui.ma\/index.php\/produit\/bioclin-bio-force-lotion-spray-150-ml-2\/#breadcrumb","itemListElement":[{"@type":"ListItem","position":1,"name":"Accueil","item":"https:\/\/paracherkaoui.ma\/"},{"@type":"ListItem","position":2,"name":"Boutique","item":"https:\/\/paracherkaoui.ma\/index.php\/boutique\/"},{"@type":"ListItem","position":3,"name":"BIOCLIN BIO FORCE LOTION SPRAY 150 ML"}]},{"@type":"WebSite","@id":"https:\/\/paracherkaoui.ma\/#website","url":"https:\/\/paracherkaoui.ma\/","name":"Paracherkaoui.ma","description":"Achetez en ligne sur Paracherkaoui.ma","potentialAction":[{"@type":"SearchAction","target":{"@type":"EntryPoint","urlTemplate":"https:\/\/paracherkaoui.ma\/?s={search_term_string}"},"query-input":{"@type":"PropertyValueSpecification","valueRequired":true,"valueName":"search_term_string"}}],"inLanguage":"fr-FR"}]}},"_links":{"self":[{"href":"https:\/\/paracherkaoui.ma\/index.php\/wp-json\/wp\/v2\/product\/16912","targetHints":{"allow":["GET"]}}],"collection":[{"href":"https:\/\/paracherkaoui.ma\/index.php\/wp-json\/wp\/v2\/product"}],"about":[{"href":"https:\/\/paracherkaoui.ma\/index.php\/wp-json\/wp\/v2\/types\/product"}],"replies":[{"embeddable":true,"href":"https:\/\/paracherkaoui.ma\/index.php\/wp-json\/wp\/v2\/comments?post=16912"}],"version-history":[{"count":1,"href":"https:\/\/paracherkaoui.ma\/index.php\/wp-json\/wp\/v2\/product\/16912\/revisions"}],"predecessor-version":[{"id":16942,"href":"https:\/\/paracherkaoui.ma\/index.php\/wp-json\/wp\/v2\/product\/16912\/revisions\/16942"}],"wp:featuredmedia":[{"embeddable":true,"href":"https:\/\/paracherkaoui.ma\/index.php\/wp-json\/wp\/v2\/media\/16704"}],"wp:attachment":[{"href":"https:\/\/paracherkaoui.ma\/index.php\/wp-json\/wp\/v2\/media?parent=16912"}],"wp:term":[{"taxonomy":"product_brand","embeddable":true,"href":"https:\/\/paracherkaoui.ma\/index.php\/wp-json\/wp\/v2\/product_brand?post=16912"},{"taxonomy":"product_cat","embeddable":true,"href":"https:\/\/paracherkaoui.ma\/index.php\/wp-json\/wp\/v2\/product_cat?post=16912"},{"taxonomy":"product_tag","embeddable":true,"href":"https:\/\/paracherkaoui.ma\/index.php\/wp-json\/wp\/v2\/product_tag?post=16912"}],"curies":[{"name":"wp","href":"https:\/\/api.w.org\/{rel}","templated":true}]}}