{"id":16794,"date":"2025-12-12T17:58:26","date_gmt":"2025-12-12T16:58:26","guid":{"rendered":"https:\/\/test.ecbeaute.com\/?post_type=product&#038;p=16794"},"modified":"2025-12-12T17:58:30","modified_gmt":"2025-12-12T16:58:30","slug":"crescina-hfsc-200-hommes-labo-pour-les-cheveux-clairsemes-20-flacons-2","status":"publish","type":"product","link":"https:\/\/paracherkaoui.ma\/index.php\/produit\/crescina-hfsc-200-hommes-labo-pour-les-cheveux-clairsemes-20-flacons-2\/","title":{"rendered":"CRESCINA HFSC 200 HOMMES LABO POUR LES CHEVEUX CLAIRSEMES 20 FLACONS"},"content":{"rendered":"<p>Crescina HFSC 200 Hommes est une solution avanc\u00e9e con\u00e7ue pour stimuler la croissance physiologique des cheveux clairsem\u00e9s chez l\u2019homme. Gr\u00e2ce \u00e0 une formule brevet\u00e9e et test\u00e9e cliniquement, ce traitement agit en profondeur pour favoriser la r\u00e9g\u00e9n\u00e9ration du cuir chevelu et r\u00e9activer les follicules capillaires encore actifs.<br \/>\nSa composition unique associe des ingr\u00e9dients essentiels pour stimuler la pousse des cheveux :<br \/>\n\u2714 Cyst\u00e9ine et lysine : acides amin\u00e9s fondamentaux pour la formation de la k\u00e9ratine.<br \/>\n\u2714 Glycoprot\u00e9ine : favorise la coh\u00e9sion cellulaire et am\u00e9liore la sant\u00e9 du follicule.<br \/>\n\u2714 Syst\u00e8me de lib\u00e9ration progressive : une technologie brevet\u00e9e permettant une diffusion continue et prolong\u00e9e des actifs.<br \/>\nEfficacit\u00e9 prouv\u00e9e : 100 % des sujets test\u00e9s ont constat\u00e9 une am\u00e9lioration visible de la densit\u00e9 capillaire apr\u00e8s une utilisation r\u00e9guli\u00e8re.<br \/>\nPourquoi choisir Crescina HFSC 200 ?<br \/>\nPr\u00e9vient le vieillissement capillaire et prot\u00e8ge la long\u00e9vit\u00e9 cellulaire.<br \/>\nConvient aux hommes souffrant de cheveux clairsem\u00e9s dus \u00e0 des causes physiologiques.<br \/>\nNe fonctionne pas sur les follicules totalement atrophi\u00e9s, mais optimise ceux encore actifs.<br \/>\nContient un vasodilatateur doux favorisant une meilleure circulation sanguine au niveau du cuir chevelu.<br \/>\nConseils d\u2019utilisation<br \/>\nAppliquer 1 flacon par jour sur un cuir chevelu propre et sec.<br \/>\nMasser d\u00e9licatement pour favoriser l\u2019absorption des actifs.<br \/>\nUne l\u00e9g\u00e8re sensation de chaleur ou rougeur temporaire peut appara\u00eetre, preuve de l\u2019activation de la circulation.<br \/>\nNe pas rincer et bien se laver les mains apr\u00e8s application.<br \/>\nCure recommand\u00e9e : 2 \u00e0 4 mois pour des r\u00e9sultats optimaux.<\/p>\n","protected":false},"excerpt":{"rendered":"<p>Crescina HFSC 200 Hommes est une solution avanc\u00e9e con\u00e7ue pour stimuler la croissance physiologique des cheveux clairsem\u00e9s chez l\u2019homme. Gr\u00e2ce<\/p>\n","protected":false},"featured_media":16366,"comment_status":"open","ping_status":"closed","template":"","meta":[],"product_brand":[281],"product_cat":[276],"product_tag":[],"class_list":{"0":"post-16794","1":"product","2":"type-product","3":"status-publish","4":"has-post-thumbnail","6":"product_brand-crescina","7":"product_cat-serums-et-huiles","9":"first","10":"instock","11":"sale","12":"shipping-taxable","13":"purchasable","14":"product-type-simple"},"yoast_head":"<!-- This site is optimized with the Yoast SEO plugin v26.6 - https:\/\/yoast.com\/wordpress\/plugins\/seo\/ -->\r\n<title>CRESCINA HFSC 200 HOMMES LABO POUR LES CHEVEUX CLAIRSEMES 20 FLACONS - Paracherkaoui.ma<\/title>\r\n<meta name=\"robots\" content=\"index, follow, max-snippet:-1, max-image-preview:large, max-video-preview:-1\" \/>\r\n<link rel=\"canonical\" href=\"https:\/\/paracherkaoui.ma\/index.php\/produit\/crescina-hfsc-200-hommes-labo-pour-les-cheveux-clairsemes-20-flacons-2\/\" \/>\r\n<meta property=\"og:locale\" content=\"fr_FR\" \/>\r\n<meta property=\"og:type\" content=\"article\" \/>\r\n<meta property=\"og:title\" content=\"CRESCINA HFSC 200 HOMMES LABO POUR LES CHEVEUX CLAIRSEMES 20 FLACONS - Paracherkaoui.ma\" \/>\r\n<meta property=\"og:description\" content=\"Crescina HFSC 200 Hommes est une solution avanc\u00e9e con\u00e7ue pour stimuler la croissance physiologique des cheveux clairsem\u00e9s chez l\u2019homme. Gr\u00e2ce\" \/>\r\n<meta property=\"og:url\" content=\"https:\/\/paracherkaoui.ma\/index.php\/produit\/crescina-hfsc-200-hommes-labo-pour-les-cheveux-clairsemes-20-flacons-2\/\" \/>\r\n<meta property=\"og:site_name\" content=\"Paracherkaoui.ma\" \/>\r\n<meta property=\"article:modified_time\" content=\"2025-12-12T16:58:30+00:00\" \/>\r\n<meta property=\"og:image\" content=\"https:\/\/paracherkaoui.ma\/wp-content\/uploads\/2025\/12\/crescina-hfsc-200-hommes-labo-pour-les-cheveux-clairsemes-20-flacons.jpg\" \/>\r\n\t<meta property=\"og:image:width\" content=\"700\" \/>\r\n\t<meta property=\"og:image:height\" content=\"700\" \/>\r\n\t<meta property=\"og:image:type\" content=\"image\/jpeg\" \/>\r\n<meta name=\"twitter:card\" content=\"summary_large_image\" \/>\r\n<meta name=\"twitter:label1\" content=\"Dur\u00e9e de lecture estim\u00e9e\" \/>\n\t<meta name=\"twitter:data1\" content=\"1 minute\" \/>\r\n<script type=\"application\/ld+json\" class=\"yoast-schema-graph\">{\"@context\":\"https:\/\/schema.org\",\"@graph\":[{\"@type\":\"WebPage\",\"@id\":\"https:\/\/paracherkaoui.ma\/index.php\/produit\/crescina-hfsc-200-hommes-labo-pour-les-cheveux-clairsemes-20-flacons-2\/\",\"url\":\"https:\/\/paracherkaoui.ma\/index.php\/produit\/crescina-hfsc-200-hommes-labo-pour-les-cheveux-clairsemes-20-flacons-2\/\",\"name\":\"CRESCINA HFSC 200 HOMMES LABO POUR LES CHEVEUX CLAIRSEMES 20 FLACONS - Paracherkaoui.ma\",\"isPartOf\":{\"@id\":\"https:\/\/paracherkaoui.ma\/#website\"},\"primaryImageOfPage\":{\"@id\":\"https:\/\/paracherkaoui.ma\/index.php\/produit\/crescina-hfsc-200-hommes-labo-pour-les-cheveux-clairsemes-20-flacons-2\/#primaryimage\"},\"image\":{\"@id\":\"https:\/\/paracherkaoui.ma\/index.php\/produit\/crescina-hfsc-200-hommes-labo-pour-les-cheveux-clairsemes-20-flacons-2\/#primaryimage\"},\"thumbnailUrl\":\"https:\/\/paracherkaoui.ma\/wp-content\/uploads\/2025\/12\/crescina-hfsc-200-hommes-labo-pour-les-cheveux-clairsemes-20-flacons.jpg\",\"datePublished\":\"2025-12-12T16:58:26+00:00\",\"dateModified\":\"2025-12-12T16:58:30+00:00\",\"breadcrumb\":{\"@id\":\"https:\/\/paracherkaoui.ma\/index.php\/produit\/crescina-hfsc-200-hommes-labo-pour-les-cheveux-clairsemes-20-flacons-2\/#breadcrumb\"},\"inLanguage\":\"fr-FR\",\"potentialAction\":[{\"@type\":\"ReadAction\",\"target\":[\"https:\/\/paracherkaoui.ma\/index.php\/produit\/crescina-hfsc-200-hommes-labo-pour-les-cheveux-clairsemes-20-flacons-2\/\"]}]},{\"@type\":\"ImageObject\",\"inLanguage\":\"fr-FR\",\"@id\":\"https:\/\/paracherkaoui.ma\/index.php\/produit\/crescina-hfsc-200-hommes-labo-pour-les-cheveux-clairsemes-20-flacons-2\/#primaryimage\",\"url\":\"https:\/\/paracherkaoui.ma\/wp-content\/uploads\/2025\/12\/crescina-hfsc-200-hommes-labo-pour-les-cheveux-clairsemes-20-flacons.jpg\",\"contentUrl\":\"https:\/\/paracherkaoui.ma\/wp-content\/uploads\/2025\/12\/crescina-hfsc-200-hommes-labo-pour-les-cheveux-clairsemes-20-flacons.jpg\",\"width\":700,\"height\":700},{\"@type\":\"BreadcrumbList\",\"@id\":\"https:\/\/paracherkaoui.ma\/index.php\/produit\/crescina-hfsc-200-hommes-labo-pour-les-cheveux-clairsemes-20-flacons-2\/#breadcrumb\",\"itemListElement\":[{\"@type\":\"ListItem\",\"position\":1,\"name\":\"Accueil\",\"item\":\"https:\/\/paracherkaoui.ma\/\"},{\"@type\":\"ListItem\",\"position\":2,\"name\":\"Boutique\",\"item\":\"https:\/\/paracherkaoui.ma\/index.php\/boutique\/\"},{\"@type\":\"ListItem\",\"position\":3,\"name\":\"CRESCINA HFSC 200 HOMMES LABO POUR LES CHEVEUX CLAIRSEMES 20 FLACONS\"}]},{\"@type\":\"WebSite\",\"@id\":\"https:\/\/paracherkaoui.ma\/#website\",\"url\":\"https:\/\/paracherkaoui.ma\/\",\"name\":\"Paracherkaoui.ma\",\"description\":\"Achetez en ligne sur Paracherkaoui.ma\",\"potentialAction\":[{\"@type\":\"SearchAction\",\"target\":{\"@type\":\"EntryPoint\",\"urlTemplate\":\"https:\/\/paracherkaoui.ma\/?s={search_term_string}\"},\"query-input\":{\"@type\":\"PropertyValueSpecification\",\"valueRequired\":true,\"valueName\":\"search_term_string\"}}],\"inLanguage\":\"fr-FR\"}]}<\/script>\r\n<!-- \/ Yoast SEO plugin. -->","yoast_head_json":{"title":"CRESCINA HFSC 200 HOMMES LABO POUR LES CHEVEUX CLAIRSEMES 20 FLACONS - Paracherkaoui.ma","robots":{"index":"index","follow":"follow","max-snippet":"max-snippet:-1","max-image-preview":"max-image-preview:large","max-video-preview":"max-video-preview:-1"},"canonical":"https:\/\/paracherkaoui.ma\/index.php\/produit\/crescina-hfsc-200-hommes-labo-pour-les-cheveux-clairsemes-20-flacons-2\/","og_locale":"fr_FR","og_type":"article","og_title":"CRESCINA HFSC 200 HOMMES LABO POUR LES CHEVEUX CLAIRSEMES 20 FLACONS - Paracherkaoui.ma","og_description":"Crescina HFSC 200 Hommes est une solution avanc\u00e9e con\u00e7ue pour stimuler la croissance physiologique des cheveux clairsem\u00e9s chez l\u2019homme. Gr\u00e2ce","og_url":"https:\/\/paracherkaoui.ma\/index.php\/produit\/crescina-hfsc-200-hommes-labo-pour-les-cheveux-clairsemes-20-flacons-2\/","og_site_name":"Paracherkaoui.ma","article_modified_time":"2025-12-12T16:58:30+00:00","og_image":[{"width":700,"height":700,"url":"https:\/\/paracherkaoui.ma\/wp-content\/uploads\/2025\/12\/crescina-hfsc-200-hommes-labo-pour-les-cheveux-clairsemes-20-flacons.jpg","type":"image\/jpeg"}],"twitter_card":"summary_large_image","twitter_misc":{"Dur\u00e9e de lecture estim\u00e9e":"1 minute"},"schema":{"@context":"https:\/\/schema.org","@graph":[{"@type":"WebPage","@id":"https:\/\/paracherkaoui.ma\/index.php\/produit\/crescina-hfsc-200-hommes-labo-pour-les-cheveux-clairsemes-20-flacons-2\/","url":"https:\/\/paracherkaoui.ma\/index.php\/produit\/crescina-hfsc-200-hommes-labo-pour-les-cheveux-clairsemes-20-flacons-2\/","name":"CRESCINA HFSC 200 HOMMES LABO POUR LES CHEVEUX CLAIRSEMES 20 FLACONS - Paracherkaoui.ma","isPartOf":{"@id":"https:\/\/paracherkaoui.ma\/#website"},"primaryImageOfPage":{"@id":"https:\/\/paracherkaoui.ma\/index.php\/produit\/crescina-hfsc-200-hommes-labo-pour-les-cheveux-clairsemes-20-flacons-2\/#primaryimage"},"image":{"@id":"https:\/\/paracherkaoui.ma\/index.php\/produit\/crescina-hfsc-200-hommes-labo-pour-les-cheveux-clairsemes-20-flacons-2\/#primaryimage"},"thumbnailUrl":"https:\/\/paracherkaoui.ma\/wp-content\/uploads\/2025\/12\/crescina-hfsc-200-hommes-labo-pour-les-cheveux-clairsemes-20-flacons.jpg","datePublished":"2025-12-12T16:58:26+00:00","dateModified":"2025-12-12T16:58:30+00:00","breadcrumb":{"@id":"https:\/\/paracherkaoui.ma\/index.php\/produit\/crescina-hfsc-200-hommes-labo-pour-les-cheveux-clairsemes-20-flacons-2\/#breadcrumb"},"inLanguage":"fr-FR","potentialAction":[{"@type":"ReadAction","target":["https:\/\/paracherkaoui.ma\/index.php\/produit\/crescina-hfsc-200-hommes-labo-pour-les-cheveux-clairsemes-20-flacons-2\/"]}]},{"@type":"ImageObject","inLanguage":"fr-FR","@id":"https:\/\/paracherkaoui.ma\/index.php\/produit\/crescina-hfsc-200-hommes-labo-pour-les-cheveux-clairsemes-20-flacons-2\/#primaryimage","url":"https:\/\/paracherkaoui.ma\/wp-content\/uploads\/2025\/12\/crescina-hfsc-200-hommes-labo-pour-les-cheveux-clairsemes-20-flacons.jpg","contentUrl":"https:\/\/paracherkaoui.ma\/wp-content\/uploads\/2025\/12\/crescina-hfsc-200-hommes-labo-pour-les-cheveux-clairsemes-20-flacons.jpg","width":700,"height":700},{"@type":"BreadcrumbList","@id":"https:\/\/paracherkaoui.ma\/index.php\/produit\/crescina-hfsc-200-hommes-labo-pour-les-cheveux-clairsemes-20-flacons-2\/#breadcrumb","itemListElement":[{"@type":"ListItem","position":1,"name":"Accueil","item":"https:\/\/paracherkaoui.ma\/"},{"@type":"ListItem","position":2,"name":"Boutique","item":"https:\/\/paracherkaoui.ma\/index.php\/boutique\/"},{"@type":"ListItem","position":3,"name":"CRESCINA HFSC 200 HOMMES LABO POUR LES CHEVEUX CLAIRSEMES 20 FLACONS"}]},{"@type":"WebSite","@id":"https:\/\/paracherkaoui.ma\/#website","url":"https:\/\/paracherkaoui.ma\/","name":"Paracherkaoui.ma","description":"Achetez en ligne sur Paracherkaoui.ma","potentialAction":[{"@type":"SearchAction","target":{"@type":"EntryPoint","urlTemplate":"https:\/\/paracherkaoui.ma\/?s={search_term_string}"},"query-input":{"@type":"PropertyValueSpecification","valueRequired":true,"valueName":"search_term_string"}}],"inLanguage":"fr-FR"}]}},"_links":{"self":[{"href":"https:\/\/paracherkaoui.ma\/index.php\/wp-json\/wp\/v2\/product\/16794","targetHints":{"allow":["GET"]}}],"collection":[{"href":"https:\/\/paracherkaoui.ma\/index.php\/wp-json\/wp\/v2\/product"}],"about":[{"href":"https:\/\/paracherkaoui.ma\/index.php\/wp-json\/wp\/v2\/types\/product"}],"replies":[{"embeddable":true,"href":"https:\/\/paracherkaoui.ma\/index.php\/wp-json\/wp\/v2\/comments?post=16794"}],"version-history":[{"count":1,"href":"https:\/\/paracherkaoui.ma\/index.php\/wp-json\/wp\/v2\/product\/16794\/revisions"}],"predecessor-version":[{"id":16824,"href":"https:\/\/paracherkaoui.ma\/index.php\/wp-json\/wp\/v2\/product\/16794\/revisions\/16824"}],"wp:featuredmedia":[{"embeddable":true,"href":"https:\/\/paracherkaoui.ma\/index.php\/wp-json\/wp\/v2\/media\/16366"}],"wp:attachment":[{"href":"https:\/\/paracherkaoui.ma\/index.php\/wp-json\/wp\/v2\/media?parent=16794"}],"wp:term":[{"taxonomy":"product_brand","embeddable":true,"href":"https:\/\/paracherkaoui.ma\/index.php\/wp-json\/wp\/v2\/product_brand?post=16794"},{"taxonomy":"product_cat","embeddable":true,"href":"https:\/\/paracherkaoui.ma\/index.php\/wp-json\/wp\/v2\/product_cat?post=16794"},{"taxonomy":"product_tag","embeddable":true,"href":"https:\/\/paracherkaoui.ma\/index.php\/wp-json\/wp\/v2\/product_tag?post=16794"}],"curies":[{"name":"wp","href":"https:\/\/api.w.org\/{rel}","templated":true}]}}