{"id":16786,"date":"2025-12-12T17:58:26","date_gmt":"2025-12-12T16:58:26","guid":{"rendered":"https:\/\/test.ecbeaute.com\/?post_type=product&#038;p=16786"},"modified":"2025-12-12T17:58:28","modified_gmt":"2025-12-12T16:58:28","slug":"centaurea-lotion-regulatrice-matifiante-125-ml-2","status":"publish","type":"product","link":"https:\/\/paracherkaoui.ma\/index.php\/produit\/centaurea-lotion-regulatrice-matifiante-125-ml-2\/","title":{"rendered":"CENTAUREA LOTION REGULATRICE MATIFIANTE 125 ML"},"content":{"rendered":"<p>Description:<br \/>\nCentaurea Lotion R\u00e9gulatrice Matifiante permet de purifier en \u00e9liminant les impuret\u00e9s et matifier la peau en absorbant l\u2019exc\u00e8s de s\u00e9bum et en r\u00e9gulant sa s\u00e9cr\u00e9tion. Cette lotion a \u00e9t\u00e9 sp\u00e9cialement con\u00e7ue pour les peaux grasses \u00e0 tendance acn\u00e9ique. Appliqu\u00e9e r\u00e9guli\u00e8rement, cette lotion prot\u00e8ge la peau toute la journ\u00e9e, en contr\u00f4lant la flore microbienne par le complexe AHA-BHA et stabilise les s\u00e9cr\u00e9tions s\u00e9bac\u00e9es, resserre les pores, et neutralise les luisances. Gr\u00e2ce \u00e0 l\u2019action exfoliante de AHA et BHA, Centaurea Lotion R\u00e9gulatrice Matifiante \u00e9limine efficacement les impuret\u00e9s et les peaux mortes, la peau respire mieux et se r\u00e9g\u00e9n\u00e8re plus rapidement. R\u00e9sultats: La peau est purifi\u00e9e, matifi\u00e9e et les pores visiblement resserr\u00e9s.<br \/>\nConseils d&rsquo;utilisation:<br \/>\nAvant l\u2019application de la lotion, nettoyez votre peau \u00e0 l\u2019aide du Gel Nettoyant anti-acn\u00e9. Ce Gel Nettoyant parfaitement adapt\u00e9e aux peaux grasses, sans savon, frais et confortable nettoie et purifie en profondeur la peau. Pulv\u00e9riser et faire mousser Centaurea Lotion R\u00e9gulatrice Matifiante matin et soir sur les zones concern\u00e9es : dos, buste et \u00e9paules pr\u00e9alablement nettoy\u00e9es et s\u00e9ch\u00e9es.<\/p>\n","protected":false},"excerpt":{"rendered":"<p>Description: Centaurea Lotion R\u00e9gulatrice Matifiante permet de purifier en \u00e9liminant les impuret\u00e9s et matifier la peau en absorbant l\u2019exc\u00e8s de<\/p>\n","protected":false},"featured_media":16334,"comment_status":"open","ping_status":"closed","template":"","meta":[],"product_brand":[263],"product_cat":[276],"product_tag":[],"class_list":{"0":"post-16786","1":"product","2":"type-product","3":"status-publish","4":"has-post-thumbnail","6":"product_brand-centaurea","7":"product_cat-serums-et-huiles","9":"first","10":"instock","11":"sale","12":"shipping-taxable","13":"purchasable","14":"product-type-simple"},"yoast_head":"<!-- This site is optimized with the Yoast SEO plugin v26.6 - https:\/\/yoast.com\/wordpress\/plugins\/seo\/ -->\r\n<title>CENTAUREA LOTION REGULATRICE MATIFIANTE 125 ML - Paracherkaoui.ma<\/title>\r\n<meta name=\"robots\" content=\"index, follow, max-snippet:-1, max-image-preview:large, max-video-preview:-1\" \/>\r\n<link rel=\"canonical\" href=\"https:\/\/paracherkaoui.ma\/index.php\/produit\/centaurea-lotion-regulatrice-matifiante-125-ml-2\/\" \/>\r\n<meta property=\"og:locale\" content=\"fr_FR\" \/>\r\n<meta property=\"og:type\" content=\"article\" \/>\r\n<meta property=\"og:title\" content=\"CENTAUREA LOTION REGULATRICE MATIFIANTE 125 ML - Paracherkaoui.ma\" \/>\r\n<meta property=\"og:description\" content=\"Description: Centaurea Lotion R\u00e9gulatrice Matifiante permet de purifier en \u00e9liminant les impuret\u00e9s et matifier la peau en absorbant l\u2019exc\u00e8s de\" \/>\r\n<meta property=\"og:url\" content=\"https:\/\/paracherkaoui.ma\/index.php\/produit\/centaurea-lotion-regulatrice-matifiante-125-ml-2\/\" \/>\r\n<meta property=\"og:site_name\" content=\"Paracherkaoui.ma\" \/>\r\n<meta property=\"article:modified_time\" content=\"2025-12-12T16:58:28+00:00\" \/>\r\n<meta property=\"og:image\" content=\"https:\/\/paracherkaoui.ma\/wp-content\/uploads\/2025\/12\/centeaurea-centaurea-lotion-regulatrice-matifiante-125-ml-serum-et-huiles.jpg\" \/>\r\n\t<meta property=\"og:image:width\" content=\"700\" \/>\r\n\t<meta property=\"og:image:height\" content=\"700\" \/>\r\n\t<meta property=\"og:image:type\" content=\"image\/jpeg\" \/>\r\n<meta name=\"twitter:card\" content=\"summary_large_image\" \/>\r\n<meta name=\"twitter:label1\" content=\"Dur\u00e9e de lecture estim\u00e9e\" \/>\n\t<meta name=\"twitter:data1\" content=\"1 minute\" \/>\r\n<script type=\"application\/ld+json\" class=\"yoast-schema-graph\">{\"@context\":\"https:\/\/schema.org\",\"@graph\":[{\"@type\":\"WebPage\",\"@id\":\"https:\/\/paracherkaoui.ma\/index.php\/produit\/centaurea-lotion-regulatrice-matifiante-125-ml-2\/\",\"url\":\"https:\/\/paracherkaoui.ma\/index.php\/produit\/centaurea-lotion-regulatrice-matifiante-125-ml-2\/\",\"name\":\"CENTAUREA LOTION REGULATRICE MATIFIANTE 125 ML - Paracherkaoui.ma\",\"isPartOf\":{\"@id\":\"https:\/\/paracherkaoui.ma\/#website\"},\"primaryImageOfPage\":{\"@id\":\"https:\/\/paracherkaoui.ma\/index.php\/produit\/centaurea-lotion-regulatrice-matifiante-125-ml-2\/#primaryimage\"},\"image\":{\"@id\":\"https:\/\/paracherkaoui.ma\/index.php\/produit\/centaurea-lotion-regulatrice-matifiante-125-ml-2\/#primaryimage\"},\"thumbnailUrl\":\"https:\/\/paracherkaoui.ma\/wp-content\/uploads\/2025\/12\/centeaurea-centaurea-lotion-regulatrice-matifiante-125-ml-serum-et-huiles.jpg\",\"datePublished\":\"2025-12-12T16:58:26+00:00\",\"dateModified\":\"2025-12-12T16:58:28+00:00\",\"breadcrumb\":{\"@id\":\"https:\/\/paracherkaoui.ma\/index.php\/produit\/centaurea-lotion-regulatrice-matifiante-125-ml-2\/#breadcrumb\"},\"inLanguage\":\"fr-FR\",\"potentialAction\":[{\"@type\":\"ReadAction\",\"target\":[\"https:\/\/paracherkaoui.ma\/index.php\/produit\/centaurea-lotion-regulatrice-matifiante-125-ml-2\/\"]}]},{\"@type\":\"ImageObject\",\"inLanguage\":\"fr-FR\",\"@id\":\"https:\/\/paracherkaoui.ma\/index.php\/produit\/centaurea-lotion-regulatrice-matifiante-125-ml-2\/#primaryimage\",\"url\":\"https:\/\/paracherkaoui.ma\/wp-content\/uploads\/2025\/12\/centeaurea-centaurea-lotion-regulatrice-matifiante-125-ml-serum-et-huiles.jpg\",\"contentUrl\":\"https:\/\/paracherkaoui.ma\/wp-content\/uploads\/2025\/12\/centeaurea-centaurea-lotion-regulatrice-matifiante-125-ml-serum-et-huiles.jpg\",\"width\":700,\"height\":700},{\"@type\":\"BreadcrumbList\",\"@id\":\"https:\/\/paracherkaoui.ma\/index.php\/produit\/centaurea-lotion-regulatrice-matifiante-125-ml-2\/#breadcrumb\",\"itemListElement\":[{\"@type\":\"ListItem\",\"position\":1,\"name\":\"Accueil\",\"item\":\"https:\/\/paracherkaoui.ma\/\"},{\"@type\":\"ListItem\",\"position\":2,\"name\":\"Boutique\",\"item\":\"https:\/\/paracherkaoui.ma\/index.php\/boutique\/\"},{\"@type\":\"ListItem\",\"position\":3,\"name\":\"CENTAUREA LOTION REGULATRICE MATIFIANTE 125 ML\"}]},{\"@type\":\"WebSite\",\"@id\":\"https:\/\/paracherkaoui.ma\/#website\",\"url\":\"https:\/\/paracherkaoui.ma\/\",\"name\":\"Paracherkaoui.ma\",\"description\":\"Achetez en ligne sur Paracherkaoui.ma\",\"potentialAction\":[{\"@type\":\"SearchAction\",\"target\":{\"@type\":\"EntryPoint\",\"urlTemplate\":\"https:\/\/paracherkaoui.ma\/?s={search_term_string}\"},\"query-input\":{\"@type\":\"PropertyValueSpecification\",\"valueRequired\":true,\"valueName\":\"search_term_string\"}}],\"inLanguage\":\"fr-FR\"}]}<\/script>\r\n<!-- \/ Yoast SEO plugin. -->","yoast_head_json":{"title":"CENTAUREA LOTION REGULATRICE MATIFIANTE 125 ML - Paracherkaoui.ma","robots":{"index":"index","follow":"follow","max-snippet":"max-snippet:-1","max-image-preview":"max-image-preview:large","max-video-preview":"max-video-preview:-1"},"canonical":"https:\/\/paracherkaoui.ma\/index.php\/produit\/centaurea-lotion-regulatrice-matifiante-125-ml-2\/","og_locale":"fr_FR","og_type":"article","og_title":"CENTAUREA LOTION REGULATRICE MATIFIANTE 125 ML - Paracherkaoui.ma","og_description":"Description: Centaurea Lotion R\u00e9gulatrice Matifiante permet de purifier en \u00e9liminant les impuret\u00e9s et matifier la peau en absorbant l\u2019exc\u00e8s de","og_url":"https:\/\/paracherkaoui.ma\/index.php\/produit\/centaurea-lotion-regulatrice-matifiante-125-ml-2\/","og_site_name":"Paracherkaoui.ma","article_modified_time":"2025-12-12T16:58:28+00:00","og_image":[{"width":700,"height":700,"url":"https:\/\/paracherkaoui.ma\/wp-content\/uploads\/2025\/12\/centeaurea-centaurea-lotion-regulatrice-matifiante-125-ml-serum-et-huiles.jpg","type":"image\/jpeg"}],"twitter_card":"summary_large_image","twitter_misc":{"Dur\u00e9e de lecture estim\u00e9e":"1 minute"},"schema":{"@context":"https:\/\/schema.org","@graph":[{"@type":"WebPage","@id":"https:\/\/paracherkaoui.ma\/index.php\/produit\/centaurea-lotion-regulatrice-matifiante-125-ml-2\/","url":"https:\/\/paracherkaoui.ma\/index.php\/produit\/centaurea-lotion-regulatrice-matifiante-125-ml-2\/","name":"CENTAUREA LOTION REGULATRICE MATIFIANTE 125 ML - Paracherkaoui.ma","isPartOf":{"@id":"https:\/\/paracherkaoui.ma\/#website"},"primaryImageOfPage":{"@id":"https:\/\/paracherkaoui.ma\/index.php\/produit\/centaurea-lotion-regulatrice-matifiante-125-ml-2\/#primaryimage"},"image":{"@id":"https:\/\/paracherkaoui.ma\/index.php\/produit\/centaurea-lotion-regulatrice-matifiante-125-ml-2\/#primaryimage"},"thumbnailUrl":"https:\/\/paracherkaoui.ma\/wp-content\/uploads\/2025\/12\/centeaurea-centaurea-lotion-regulatrice-matifiante-125-ml-serum-et-huiles.jpg","datePublished":"2025-12-12T16:58:26+00:00","dateModified":"2025-12-12T16:58:28+00:00","breadcrumb":{"@id":"https:\/\/paracherkaoui.ma\/index.php\/produit\/centaurea-lotion-regulatrice-matifiante-125-ml-2\/#breadcrumb"},"inLanguage":"fr-FR","potentialAction":[{"@type":"ReadAction","target":["https:\/\/paracherkaoui.ma\/index.php\/produit\/centaurea-lotion-regulatrice-matifiante-125-ml-2\/"]}]},{"@type":"ImageObject","inLanguage":"fr-FR","@id":"https:\/\/paracherkaoui.ma\/index.php\/produit\/centaurea-lotion-regulatrice-matifiante-125-ml-2\/#primaryimage","url":"https:\/\/paracherkaoui.ma\/wp-content\/uploads\/2025\/12\/centeaurea-centaurea-lotion-regulatrice-matifiante-125-ml-serum-et-huiles.jpg","contentUrl":"https:\/\/paracherkaoui.ma\/wp-content\/uploads\/2025\/12\/centeaurea-centaurea-lotion-regulatrice-matifiante-125-ml-serum-et-huiles.jpg","width":700,"height":700},{"@type":"BreadcrumbList","@id":"https:\/\/paracherkaoui.ma\/index.php\/produit\/centaurea-lotion-regulatrice-matifiante-125-ml-2\/#breadcrumb","itemListElement":[{"@type":"ListItem","position":1,"name":"Accueil","item":"https:\/\/paracherkaoui.ma\/"},{"@type":"ListItem","position":2,"name":"Boutique","item":"https:\/\/paracherkaoui.ma\/index.php\/boutique\/"},{"@type":"ListItem","position":3,"name":"CENTAUREA LOTION REGULATRICE MATIFIANTE 125 ML"}]},{"@type":"WebSite","@id":"https:\/\/paracherkaoui.ma\/#website","url":"https:\/\/paracherkaoui.ma\/","name":"Paracherkaoui.ma","description":"Achetez en ligne sur Paracherkaoui.ma","potentialAction":[{"@type":"SearchAction","target":{"@type":"EntryPoint","urlTemplate":"https:\/\/paracherkaoui.ma\/?s={search_term_string}"},"query-input":{"@type":"PropertyValueSpecification","valueRequired":true,"valueName":"search_term_string"}}],"inLanguage":"fr-FR"}]}},"_links":{"self":[{"href":"https:\/\/paracherkaoui.ma\/index.php\/wp-json\/wp\/v2\/product\/16786","targetHints":{"allow":["GET"]}}],"collection":[{"href":"https:\/\/paracherkaoui.ma\/index.php\/wp-json\/wp\/v2\/product"}],"about":[{"href":"https:\/\/paracherkaoui.ma\/index.php\/wp-json\/wp\/v2\/types\/product"}],"replies":[{"embeddable":true,"href":"https:\/\/paracherkaoui.ma\/index.php\/wp-json\/wp\/v2\/comments?post=16786"}],"version-history":[{"count":1,"href":"https:\/\/paracherkaoui.ma\/index.php\/wp-json\/wp\/v2\/product\/16786\/revisions"}],"predecessor-version":[{"id":16816,"href":"https:\/\/paracherkaoui.ma\/index.php\/wp-json\/wp\/v2\/product\/16786\/revisions\/16816"}],"wp:featuredmedia":[{"embeddable":true,"href":"https:\/\/paracherkaoui.ma\/index.php\/wp-json\/wp\/v2\/media\/16334"}],"wp:attachment":[{"href":"https:\/\/paracherkaoui.ma\/index.php\/wp-json\/wp\/v2\/media?parent=16786"}],"wp:term":[{"taxonomy":"product_brand","embeddable":true,"href":"https:\/\/paracherkaoui.ma\/index.php\/wp-json\/wp\/v2\/product_brand?post=16786"},{"taxonomy":"product_cat","embeddable":true,"href":"https:\/\/paracherkaoui.ma\/index.php\/wp-json\/wp\/v2\/product_cat?post=16786"},{"taxonomy":"product_tag","embeddable":true,"href":"https:\/\/paracherkaoui.ma\/index.php\/wp-json\/wp\/v2\/product_tag?post=16786"}],"curies":[{"name":"wp","href":"https:\/\/api.w.org\/{rel}","templated":true}]}}