{"id":16784,"date":"2025-12-12T17:58:26","date_gmt":"2025-12-12T16:58:26","guid":{"rendered":"https:\/\/test.ecbeaute.com\/?post_type=product&#038;p=16784"},"modified":"2025-12-12T17:58:28","modified_gmt":"2025-12-12T16:58:28","slug":"keragene-lotion-anti-chute-75ml-2","status":"publish","type":"product","link":"https:\/\/paracherkaoui.ma\/index.php\/produit\/keragene-lotion-anti-chute-75ml-2\/","title":{"rendered":"KERAGENE lotion anti chute 75ml"},"content":{"rendered":"<p>Lotion formul\u00e9e pour att\u00e9nuer votre chute de cheveux .<br \/>\nConseils d&rsquo;utilisation:<br \/>\nUtiliser sur des cheveux mouill\u00e9s , ne pas rincer .<\/p>\n","protected":false},"excerpt":{"rendered":"<p>Lotion formul\u00e9e pour att\u00e9nuer votre chute de cheveux . Conseils d&rsquo;utilisation: Utiliser sur des cheveux mouill\u00e9s , ne pas rincer<\/p>\n","protected":false},"featured_media":16326,"comment_status":"open","ping_status":"closed","template":"","meta":[],"product_brand":[279],"product_cat":[276],"product_tag":[],"class_list":{"0":"post-16784","1":"product","2":"type-product","3":"status-publish","4":"has-post-thumbnail","6":"product_brand-keragene","7":"product_cat-serums-et-huiles","9":"first","10":"instock","11":"sale","12":"shipping-taxable","13":"purchasable","14":"product-type-simple"},"yoast_head":"<!-- This site is optimized with the Yoast SEO plugin v26.6 - https:\/\/yoast.com\/wordpress\/plugins\/seo\/ -->\r\n<title>KERAGENE lotion anti chute 75ml - Paracherkaoui.ma<\/title>\r\n<meta name=\"robots\" content=\"index, follow, max-snippet:-1, max-image-preview:large, max-video-preview:-1\" \/>\r\n<link rel=\"canonical\" href=\"https:\/\/paracherkaoui.ma\/index.php\/produit\/keragene-lotion-anti-chute-75ml-2\/\" \/>\r\n<meta property=\"og:locale\" content=\"fr_FR\" \/>\r\n<meta property=\"og:type\" content=\"article\" \/>\r\n<meta property=\"og:title\" content=\"KERAGENE lotion anti chute 75ml - Paracherkaoui.ma\" \/>\r\n<meta property=\"og:description\" content=\"Lotion formul\u00e9e pour att\u00e9nuer votre chute de cheveux . Conseils d&rsquo;utilisation: Utiliser sur des cheveux mouill\u00e9s , ne pas rincer\" \/>\r\n<meta property=\"og:url\" content=\"https:\/\/paracherkaoui.ma\/index.php\/produit\/keragene-lotion-anti-chute-75ml-2\/\" \/>\r\n<meta property=\"og:site_name\" content=\"Paracherkaoui.ma\" \/>\r\n<meta property=\"article:modified_time\" content=\"2025-12-12T16:58:28+00:00\" \/>\r\n<meta property=\"og:image\" content=\"https:\/\/paracherkaoui.ma\/wp-content\/uploads\/2025\/12\/keragene-keragene-lotion-anti-chute-75ml-serum-et-huiles.jpg\" \/>\r\n\t<meta property=\"og:image:width\" content=\"700\" \/>\r\n\t<meta property=\"og:image:height\" content=\"700\" \/>\r\n\t<meta property=\"og:image:type\" content=\"image\/jpeg\" \/>\r\n<meta name=\"twitter:card\" content=\"summary_large_image\" \/>\r\n<script type=\"application\/ld+json\" class=\"yoast-schema-graph\">{\"@context\":\"https:\/\/schema.org\",\"@graph\":[{\"@type\":\"WebPage\",\"@id\":\"https:\/\/paracherkaoui.ma\/index.php\/produit\/keragene-lotion-anti-chute-75ml-2\/\",\"url\":\"https:\/\/paracherkaoui.ma\/index.php\/produit\/keragene-lotion-anti-chute-75ml-2\/\",\"name\":\"KERAGENE lotion anti chute 75ml - Paracherkaoui.ma\",\"isPartOf\":{\"@id\":\"https:\/\/paracherkaoui.ma\/#website\"},\"primaryImageOfPage\":{\"@id\":\"https:\/\/paracherkaoui.ma\/index.php\/produit\/keragene-lotion-anti-chute-75ml-2\/#primaryimage\"},\"image\":{\"@id\":\"https:\/\/paracherkaoui.ma\/index.php\/produit\/keragene-lotion-anti-chute-75ml-2\/#primaryimage\"},\"thumbnailUrl\":\"https:\/\/paracherkaoui.ma\/wp-content\/uploads\/2025\/12\/keragene-keragene-lotion-anti-chute-75ml-serum-et-huiles.jpg\",\"datePublished\":\"2025-12-12T16:58:26+00:00\",\"dateModified\":\"2025-12-12T16:58:28+00:00\",\"breadcrumb\":{\"@id\":\"https:\/\/paracherkaoui.ma\/index.php\/produit\/keragene-lotion-anti-chute-75ml-2\/#breadcrumb\"},\"inLanguage\":\"fr-FR\",\"potentialAction\":[{\"@type\":\"ReadAction\",\"target\":[\"https:\/\/paracherkaoui.ma\/index.php\/produit\/keragene-lotion-anti-chute-75ml-2\/\"]}]},{\"@type\":\"ImageObject\",\"inLanguage\":\"fr-FR\",\"@id\":\"https:\/\/paracherkaoui.ma\/index.php\/produit\/keragene-lotion-anti-chute-75ml-2\/#primaryimage\",\"url\":\"https:\/\/paracherkaoui.ma\/wp-content\/uploads\/2025\/12\/keragene-keragene-lotion-anti-chute-75ml-serum-et-huiles.jpg\",\"contentUrl\":\"https:\/\/paracherkaoui.ma\/wp-content\/uploads\/2025\/12\/keragene-keragene-lotion-anti-chute-75ml-serum-et-huiles.jpg\",\"width\":700,\"height\":700},{\"@type\":\"BreadcrumbList\",\"@id\":\"https:\/\/paracherkaoui.ma\/index.php\/produit\/keragene-lotion-anti-chute-75ml-2\/#breadcrumb\",\"itemListElement\":[{\"@type\":\"ListItem\",\"position\":1,\"name\":\"Accueil\",\"item\":\"https:\/\/paracherkaoui.ma\/\"},{\"@type\":\"ListItem\",\"position\":2,\"name\":\"Boutique\",\"item\":\"https:\/\/paracherkaoui.ma\/index.php\/boutique\/\"},{\"@type\":\"ListItem\",\"position\":3,\"name\":\"KERAGENE lotion anti chute 75ml\"}]},{\"@type\":\"WebSite\",\"@id\":\"https:\/\/paracherkaoui.ma\/#website\",\"url\":\"https:\/\/paracherkaoui.ma\/\",\"name\":\"Paracherkaoui.ma\",\"description\":\"Achetez en ligne sur Paracherkaoui.ma\",\"potentialAction\":[{\"@type\":\"SearchAction\",\"target\":{\"@type\":\"EntryPoint\",\"urlTemplate\":\"https:\/\/paracherkaoui.ma\/?s={search_term_string}\"},\"query-input\":{\"@type\":\"PropertyValueSpecification\",\"valueRequired\":true,\"valueName\":\"search_term_string\"}}],\"inLanguage\":\"fr-FR\"}]}<\/script>\r\n<!-- \/ Yoast SEO plugin. -->","yoast_head_json":{"title":"KERAGENE lotion anti chute 75ml - Paracherkaoui.ma","robots":{"index":"index","follow":"follow","max-snippet":"max-snippet:-1","max-image-preview":"max-image-preview:large","max-video-preview":"max-video-preview:-1"},"canonical":"https:\/\/paracherkaoui.ma\/index.php\/produit\/keragene-lotion-anti-chute-75ml-2\/","og_locale":"fr_FR","og_type":"article","og_title":"KERAGENE lotion anti chute 75ml - Paracherkaoui.ma","og_description":"Lotion formul\u00e9e pour att\u00e9nuer votre chute de cheveux . Conseils d&rsquo;utilisation: Utiliser sur des cheveux mouill\u00e9s , ne pas rincer","og_url":"https:\/\/paracherkaoui.ma\/index.php\/produit\/keragene-lotion-anti-chute-75ml-2\/","og_site_name":"Paracherkaoui.ma","article_modified_time":"2025-12-12T16:58:28+00:00","og_image":[{"width":700,"height":700,"url":"https:\/\/paracherkaoui.ma\/wp-content\/uploads\/2025\/12\/keragene-keragene-lotion-anti-chute-75ml-serum-et-huiles.jpg","type":"image\/jpeg"}],"twitter_card":"summary_large_image","schema":{"@context":"https:\/\/schema.org","@graph":[{"@type":"WebPage","@id":"https:\/\/paracherkaoui.ma\/index.php\/produit\/keragene-lotion-anti-chute-75ml-2\/","url":"https:\/\/paracherkaoui.ma\/index.php\/produit\/keragene-lotion-anti-chute-75ml-2\/","name":"KERAGENE lotion anti chute 75ml - Paracherkaoui.ma","isPartOf":{"@id":"https:\/\/paracherkaoui.ma\/#website"},"primaryImageOfPage":{"@id":"https:\/\/paracherkaoui.ma\/index.php\/produit\/keragene-lotion-anti-chute-75ml-2\/#primaryimage"},"image":{"@id":"https:\/\/paracherkaoui.ma\/index.php\/produit\/keragene-lotion-anti-chute-75ml-2\/#primaryimage"},"thumbnailUrl":"https:\/\/paracherkaoui.ma\/wp-content\/uploads\/2025\/12\/keragene-keragene-lotion-anti-chute-75ml-serum-et-huiles.jpg","datePublished":"2025-12-12T16:58:26+00:00","dateModified":"2025-12-12T16:58:28+00:00","breadcrumb":{"@id":"https:\/\/paracherkaoui.ma\/index.php\/produit\/keragene-lotion-anti-chute-75ml-2\/#breadcrumb"},"inLanguage":"fr-FR","potentialAction":[{"@type":"ReadAction","target":["https:\/\/paracherkaoui.ma\/index.php\/produit\/keragene-lotion-anti-chute-75ml-2\/"]}]},{"@type":"ImageObject","inLanguage":"fr-FR","@id":"https:\/\/paracherkaoui.ma\/index.php\/produit\/keragene-lotion-anti-chute-75ml-2\/#primaryimage","url":"https:\/\/paracherkaoui.ma\/wp-content\/uploads\/2025\/12\/keragene-keragene-lotion-anti-chute-75ml-serum-et-huiles.jpg","contentUrl":"https:\/\/paracherkaoui.ma\/wp-content\/uploads\/2025\/12\/keragene-keragene-lotion-anti-chute-75ml-serum-et-huiles.jpg","width":700,"height":700},{"@type":"BreadcrumbList","@id":"https:\/\/paracherkaoui.ma\/index.php\/produit\/keragene-lotion-anti-chute-75ml-2\/#breadcrumb","itemListElement":[{"@type":"ListItem","position":1,"name":"Accueil","item":"https:\/\/paracherkaoui.ma\/"},{"@type":"ListItem","position":2,"name":"Boutique","item":"https:\/\/paracherkaoui.ma\/index.php\/boutique\/"},{"@type":"ListItem","position":3,"name":"KERAGENE lotion anti chute 75ml"}]},{"@type":"WebSite","@id":"https:\/\/paracherkaoui.ma\/#website","url":"https:\/\/paracherkaoui.ma\/","name":"Paracherkaoui.ma","description":"Achetez en ligne sur Paracherkaoui.ma","potentialAction":[{"@type":"SearchAction","target":{"@type":"EntryPoint","urlTemplate":"https:\/\/paracherkaoui.ma\/?s={search_term_string}"},"query-input":{"@type":"PropertyValueSpecification","valueRequired":true,"valueName":"search_term_string"}}],"inLanguage":"fr-FR"}]}},"_links":{"self":[{"href":"https:\/\/paracherkaoui.ma\/index.php\/wp-json\/wp\/v2\/product\/16784","targetHints":{"allow":["GET"]}}],"collection":[{"href":"https:\/\/paracherkaoui.ma\/index.php\/wp-json\/wp\/v2\/product"}],"about":[{"href":"https:\/\/paracherkaoui.ma\/index.php\/wp-json\/wp\/v2\/types\/product"}],"replies":[{"embeddable":true,"href":"https:\/\/paracherkaoui.ma\/index.php\/wp-json\/wp\/v2\/comments?post=16784"}],"version-history":[{"count":1,"href":"https:\/\/paracherkaoui.ma\/index.php\/wp-json\/wp\/v2\/product\/16784\/revisions"}],"predecessor-version":[{"id":16814,"href":"https:\/\/paracherkaoui.ma\/index.php\/wp-json\/wp\/v2\/product\/16784\/revisions\/16814"}],"wp:featuredmedia":[{"embeddable":true,"href":"https:\/\/paracherkaoui.ma\/index.php\/wp-json\/wp\/v2\/media\/16326"}],"wp:attachment":[{"href":"https:\/\/paracherkaoui.ma\/index.php\/wp-json\/wp\/v2\/media?parent=16784"}],"wp:term":[{"taxonomy":"product_brand","embeddable":true,"href":"https:\/\/paracherkaoui.ma\/index.php\/wp-json\/wp\/v2\/product_brand?post=16784"},{"taxonomy":"product_cat","embeddable":true,"href":"https:\/\/paracherkaoui.ma\/index.php\/wp-json\/wp\/v2\/product_cat?post=16784"},{"taxonomy":"product_tag","embeddable":true,"href":"https:\/\/paracherkaoui.ma\/index.php\/wp-json\/wp\/v2\/product_tag?post=16784"}],"curies":[{"name":"wp","href":"https:\/\/api.w.org\/{rel}","templated":true}]}}