{"id":16781,"date":"2025-12-12T17:58:26","date_gmt":"2025-12-12T16:58:26","guid":{"rendered":"https:\/\/test.ecbeaute.com\/?post_type=product&#038;p=16781"},"modified":"2025-12-12T17:58:28","modified_gmt":"2025-12-12T16:58:28","slug":"biokera-fresh-yellow-shot-serum-75-ml-2","status":"publish","type":"product","link":"https:\/\/paracherkaoui.ma\/index.php\/produit\/biokera-fresh-yellow-shot-serum-75-ml-2\/","title":{"rendered":"BIOKERA FRESH YELLOW SHOT SERUM 75 ML"},"content":{"rendered":"<p>Description:<br \/>\nHuile\u00a0capillaire\u00a0professionnelle Biokera Natura Fresh Yellow Shot\u00a0pour la restauration et la protection des cheveux ab\u00eem\u00e9s et cassants de Salerm Cosmetics.\u00a0Contient un cocktail jaune \u00e0 base d\u2019huile d\u2019Abyssinie, d\u2019huile d\u2019amande et d\u2019huile de tournesol.\u00a0Test\u00e9 cliniquement et dermatologiquement.\u00a0100% v\u00e9g\u00e9talien.\u00a0Avec 90% d\u2019ingr\u00e9dients d\u2019origine naturelle.\u00a0Sans parabens ni sulfates.\u00a0Avec un charmant parfum de banane au chocolat.Recommand\u00e9 pour :\u00a0Huile capillaire r\u00e9g\u00e9n\u00e9rante avec une philosophie vegan compos\u00e9e de cocktail jaune, de beurre et d\u2019huile d\u2019Abyssinie, qui r\u00e9g\u00e9n\u00e8re les zones ab\u00eem\u00e9es des cheveux.\u00a0Les cheveux sont nourris, brillants et sans frisottis.Protection contre :\u00a0La composition unique de l\u2019huile prot\u00e8ge les cheveux des agressions ext\u00e9rieures, qui ont un effet n\u00e9gatif sur la qualit\u00e9 de la tige capillaire.Contient : L\u2019\u00a0\u00a0huile d\u2019Abyssinie\u00a0est consid\u00e9r\u00e9e comme une cire r\u00e9g\u00e9n\u00e9rante sous forme liquide en raison de sa teneur \u00e9lev\u00e9e en acides gras \u00e0 longue cha\u00eene et de son poids mol\u00e9culaire \u00e9lev\u00e9.\u00a0Il compl\u00e8te la perte naturelle du cheveu en acide 18-m\u00e9thyleicosano\u00efque, ce qui augmente la r\u00e9sistance du cheveu aux contraintes m\u00e9caniques sous forme de frottement.\u00a0L\u2019huile d\u2019amande\u00a0r\u00e9pare les cheveux secs et ab\u00eem\u00e9s, prot\u00e8ge contre les influences environnementales, nourrit, hydrate et donne aux cheveux une apparence plus jeune et plus saine.\u00a0L\u2019huile de tournesol\u00a0\u00a0hydrate et adoucit les cheveux et, gr\u00e2ce \u00e0 la vitamine E, les prot\u00e8ge des intemp\u00e9ries et des polluants.\u00a0Les extraits de tournesol sont utilis\u00e9s pour restaurer les pointes ab\u00eem\u00e9es et r\u00e9duire la casse des cheveux.\u00a0L\u2019huile de tournesol favorise une brillance naturelle.<br \/>\nConseils d&rsquo;Utilisation\u00a0:<br \/>\nEn fonction de la longueur des cheveux, appliquer uniform\u00e9ment une quantit\u00e9 de 1 \u00e0 2 pressions du doseur sur les longueurs de cheveux humides et sur les pointes.<\/p>\n","protected":false},"excerpt":{"rendered":"<p>Description: Huile\u00a0capillaire\u00a0professionnelle Biokera Natura Fresh Yellow Shot\u00a0pour la restauration et la protection des cheveux ab\u00eem\u00e9s et cassants de Salerm Cosmetics.\u00a0Contient<\/p>\n","protected":false},"featured_media":16314,"comment_status":"open","ping_status":"closed","template":"","meta":[],"product_brand":[191],"product_cat":[276],"product_tag":[],"class_list":{"0":"post-16781","1":"product","2":"type-product","3":"status-publish","4":"has-post-thumbnail","6":"product_brand-biokera","7":"product_cat-serums-et-huiles","9":"first","10":"instock","11":"sale","12":"shipping-taxable","13":"purchasable","14":"product-type-simple"},"yoast_head":"<!-- This site is optimized with the Yoast SEO plugin v26.6 - https:\/\/yoast.com\/wordpress\/plugins\/seo\/ -->\r\n<title>BIOKERA FRESH YELLOW SHOT SERUM 75 ML - Paracherkaoui.ma<\/title>\r\n<meta name=\"robots\" content=\"index, follow, max-snippet:-1, max-image-preview:large, max-video-preview:-1\" \/>\r\n<link rel=\"canonical\" href=\"https:\/\/paracherkaoui.ma\/index.php\/produit\/biokera-fresh-yellow-shot-serum-75-ml-2\/\" \/>\r\n<meta property=\"og:locale\" content=\"fr_FR\" \/>\r\n<meta property=\"og:type\" content=\"article\" \/>\r\n<meta property=\"og:title\" content=\"BIOKERA FRESH YELLOW SHOT SERUM 75 ML - Paracherkaoui.ma\" \/>\r\n<meta property=\"og:description\" content=\"Description: Huile\u00a0capillaire\u00a0professionnelle Biokera Natura Fresh Yellow Shot\u00a0pour la restauration et la protection des cheveux ab\u00eem\u00e9s et cassants de Salerm Cosmetics.\u00a0Contient\" \/>\r\n<meta property=\"og:url\" content=\"https:\/\/paracherkaoui.ma\/index.php\/produit\/biokera-fresh-yellow-shot-serum-75-ml-2\/\" \/>\r\n<meta property=\"og:site_name\" content=\"Paracherkaoui.ma\" \/>\r\n<meta property=\"article:modified_time\" content=\"2025-12-12T16:58:28+00:00\" \/>\r\n<meta property=\"og:image\" content=\"https:\/\/paracherkaoui.ma\/wp-content\/uploads\/2025\/12\/biokera-biokera-fresh-yellow-shot-serum-75-ml-serum-et-huiles.jpg\" \/>\r\n\t<meta property=\"og:image:width\" content=\"700\" \/>\r\n\t<meta property=\"og:image:height\" content=\"700\" \/>\r\n\t<meta property=\"og:image:type\" content=\"image\/jpeg\" \/>\r\n<meta name=\"twitter:card\" content=\"summary_large_image\" \/>\r\n<meta name=\"twitter:label1\" content=\"Dur\u00e9e de lecture estim\u00e9e\" \/>\n\t<meta name=\"twitter:data1\" content=\"2 minutes\" \/>\r\n<script type=\"application\/ld+json\" class=\"yoast-schema-graph\">{\"@context\":\"https:\/\/schema.org\",\"@graph\":[{\"@type\":\"WebPage\",\"@id\":\"https:\/\/paracherkaoui.ma\/index.php\/produit\/biokera-fresh-yellow-shot-serum-75-ml-2\/\",\"url\":\"https:\/\/paracherkaoui.ma\/index.php\/produit\/biokera-fresh-yellow-shot-serum-75-ml-2\/\",\"name\":\"BIOKERA FRESH YELLOW SHOT SERUM 75 ML - Paracherkaoui.ma\",\"isPartOf\":{\"@id\":\"https:\/\/paracherkaoui.ma\/#website\"},\"primaryImageOfPage\":{\"@id\":\"https:\/\/paracherkaoui.ma\/index.php\/produit\/biokera-fresh-yellow-shot-serum-75-ml-2\/#primaryimage\"},\"image\":{\"@id\":\"https:\/\/paracherkaoui.ma\/index.php\/produit\/biokera-fresh-yellow-shot-serum-75-ml-2\/#primaryimage\"},\"thumbnailUrl\":\"https:\/\/paracherkaoui.ma\/wp-content\/uploads\/2025\/12\/biokera-biokera-fresh-yellow-shot-serum-75-ml-serum-et-huiles.jpg\",\"datePublished\":\"2025-12-12T16:58:26+00:00\",\"dateModified\":\"2025-12-12T16:58:28+00:00\",\"breadcrumb\":{\"@id\":\"https:\/\/paracherkaoui.ma\/index.php\/produit\/biokera-fresh-yellow-shot-serum-75-ml-2\/#breadcrumb\"},\"inLanguage\":\"fr-FR\",\"potentialAction\":[{\"@type\":\"ReadAction\",\"target\":[\"https:\/\/paracherkaoui.ma\/index.php\/produit\/biokera-fresh-yellow-shot-serum-75-ml-2\/\"]}]},{\"@type\":\"ImageObject\",\"inLanguage\":\"fr-FR\",\"@id\":\"https:\/\/paracherkaoui.ma\/index.php\/produit\/biokera-fresh-yellow-shot-serum-75-ml-2\/#primaryimage\",\"url\":\"https:\/\/paracherkaoui.ma\/wp-content\/uploads\/2025\/12\/biokera-biokera-fresh-yellow-shot-serum-75-ml-serum-et-huiles.jpg\",\"contentUrl\":\"https:\/\/paracherkaoui.ma\/wp-content\/uploads\/2025\/12\/biokera-biokera-fresh-yellow-shot-serum-75-ml-serum-et-huiles.jpg\",\"width\":700,\"height\":700},{\"@type\":\"BreadcrumbList\",\"@id\":\"https:\/\/paracherkaoui.ma\/index.php\/produit\/biokera-fresh-yellow-shot-serum-75-ml-2\/#breadcrumb\",\"itemListElement\":[{\"@type\":\"ListItem\",\"position\":1,\"name\":\"Accueil\",\"item\":\"https:\/\/paracherkaoui.ma\/\"},{\"@type\":\"ListItem\",\"position\":2,\"name\":\"Boutique\",\"item\":\"https:\/\/paracherkaoui.ma\/index.php\/boutique\/\"},{\"@type\":\"ListItem\",\"position\":3,\"name\":\"BIOKERA FRESH YELLOW SHOT SERUM 75 ML\"}]},{\"@type\":\"WebSite\",\"@id\":\"https:\/\/paracherkaoui.ma\/#website\",\"url\":\"https:\/\/paracherkaoui.ma\/\",\"name\":\"Paracherkaoui.ma\",\"description\":\"Achetez en ligne sur Paracherkaoui.ma\",\"potentialAction\":[{\"@type\":\"SearchAction\",\"target\":{\"@type\":\"EntryPoint\",\"urlTemplate\":\"https:\/\/paracherkaoui.ma\/?s={search_term_string}\"},\"query-input\":{\"@type\":\"PropertyValueSpecification\",\"valueRequired\":true,\"valueName\":\"search_term_string\"}}],\"inLanguage\":\"fr-FR\"}]}<\/script>\r\n<!-- \/ Yoast SEO plugin. -->","yoast_head_json":{"title":"BIOKERA FRESH YELLOW SHOT SERUM 75 ML - Paracherkaoui.ma","robots":{"index":"index","follow":"follow","max-snippet":"max-snippet:-1","max-image-preview":"max-image-preview:large","max-video-preview":"max-video-preview:-1"},"canonical":"https:\/\/paracherkaoui.ma\/index.php\/produit\/biokera-fresh-yellow-shot-serum-75-ml-2\/","og_locale":"fr_FR","og_type":"article","og_title":"BIOKERA FRESH YELLOW SHOT SERUM 75 ML - Paracherkaoui.ma","og_description":"Description: Huile\u00a0capillaire\u00a0professionnelle Biokera Natura Fresh Yellow Shot\u00a0pour la restauration et la protection des cheveux ab\u00eem\u00e9s et cassants de Salerm Cosmetics.\u00a0Contient","og_url":"https:\/\/paracherkaoui.ma\/index.php\/produit\/biokera-fresh-yellow-shot-serum-75-ml-2\/","og_site_name":"Paracherkaoui.ma","article_modified_time":"2025-12-12T16:58:28+00:00","og_image":[{"width":700,"height":700,"url":"https:\/\/paracherkaoui.ma\/wp-content\/uploads\/2025\/12\/biokera-biokera-fresh-yellow-shot-serum-75-ml-serum-et-huiles.jpg","type":"image\/jpeg"}],"twitter_card":"summary_large_image","twitter_misc":{"Dur\u00e9e de lecture estim\u00e9e":"2 minutes"},"schema":{"@context":"https:\/\/schema.org","@graph":[{"@type":"WebPage","@id":"https:\/\/paracherkaoui.ma\/index.php\/produit\/biokera-fresh-yellow-shot-serum-75-ml-2\/","url":"https:\/\/paracherkaoui.ma\/index.php\/produit\/biokera-fresh-yellow-shot-serum-75-ml-2\/","name":"BIOKERA FRESH YELLOW SHOT SERUM 75 ML - Paracherkaoui.ma","isPartOf":{"@id":"https:\/\/paracherkaoui.ma\/#website"},"primaryImageOfPage":{"@id":"https:\/\/paracherkaoui.ma\/index.php\/produit\/biokera-fresh-yellow-shot-serum-75-ml-2\/#primaryimage"},"image":{"@id":"https:\/\/paracherkaoui.ma\/index.php\/produit\/biokera-fresh-yellow-shot-serum-75-ml-2\/#primaryimage"},"thumbnailUrl":"https:\/\/paracherkaoui.ma\/wp-content\/uploads\/2025\/12\/biokera-biokera-fresh-yellow-shot-serum-75-ml-serum-et-huiles.jpg","datePublished":"2025-12-12T16:58:26+00:00","dateModified":"2025-12-12T16:58:28+00:00","breadcrumb":{"@id":"https:\/\/paracherkaoui.ma\/index.php\/produit\/biokera-fresh-yellow-shot-serum-75-ml-2\/#breadcrumb"},"inLanguage":"fr-FR","potentialAction":[{"@type":"ReadAction","target":["https:\/\/paracherkaoui.ma\/index.php\/produit\/biokera-fresh-yellow-shot-serum-75-ml-2\/"]}]},{"@type":"ImageObject","inLanguage":"fr-FR","@id":"https:\/\/paracherkaoui.ma\/index.php\/produit\/biokera-fresh-yellow-shot-serum-75-ml-2\/#primaryimage","url":"https:\/\/paracherkaoui.ma\/wp-content\/uploads\/2025\/12\/biokera-biokera-fresh-yellow-shot-serum-75-ml-serum-et-huiles.jpg","contentUrl":"https:\/\/paracherkaoui.ma\/wp-content\/uploads\/2025\/12\/biokera-biokera-fresh-yellow-shot-serum-75-ml-serum-et-huiles.jpg","width":700,"height":700},{"@type":"BreadcrumbList","@id":"https:\/\/paracherkaoui.ma\/index.php\/produit\/biokera-fresh-yellow-shot-serum-75-ml-2\/#breadcrumb","itemListElement":[{"@type":"ListItem","position":1,"name":"Accueil","item":"https:\/\/paracherkaoui.ma\/"},{"@type":"ListItem","position":2,"name":"Boutique","item":"https:\/\/paracherkaoui.ma\/index.php\/boutique\/"},{"@type":"ListItem","position":3,"name":"BIOKERA FRESH YELLOW SHOT SERUM 75 ML"}]},{"@type":"WebSite","@id":"https:\/\/paracherkaoui.ma\/#website","url":"https:\/\/paracherkaoui.ma\/","name":"Paracherkaoui.ma","description":"Achetez en ligne sur Paracherkaoui.ma","potentialAction":[{"@type":"SearchAction","target":{"@type":"EntryPoint","urlTemplate":"https:\/\/paracherkaoui.ma\/?s={search_term_string}"},"query-input":{"@type":"PropertyValueSpecification","valueRequired":true,"valueName":"search_term_string"}}],"inLanguage":"fr-FR"}]}},"_links":{"self":[{"href":"https:\/\/paracherkaoui.ma\/index.php\/wp-json\/wp\/v2\/product\/16781","targetHints":{"allow":["GET"]}}],"collection":[{"href":"https:\/\/paracherkaoui.ma\/index.php\/wp-json\/wp\/v2\/product"}],"about":[{"href":"https:\/\/paracherkaoui.ma\/index.php\/wp-json\/wp\/v2\/types\/product"}],"replies":[{"embeddable":true,"href":"https:\/\/paracherkaoui.ma\/index.php\/wp-json\/wp\/v2\/comments?post=16781"}],"version-history":[{"count":1,"href":"https:\/\/paracherkaoui.ma\/index.php\/wp-json\/wp\/v2\/product\/16781\/revisions"}],"predecessor-version":[{"id":16811,"href":"https:\/\/paracherkaoui.ma\/index.php\/wp-json\/wp\/v2\/product\/16781\/revisions\/16811"}],"wp:featuredmedia":[{"embeddable":true,"href":"https:\/\/paracherkaoui.ma\/index.php\/wp-json\/wp\/v2\/media\/16314"}],"wp:attachment":[{"href":"https:\/\/paracherkaoui.ma\/index.php\/wp-json\/wp\/v2\/media?parent=16781"}],"wp:term":[{"taxonomy":"product_brand","embeddable":true,"href":"https:\/\/paracherkaoui.ma\/index.php\/wp-json\/wp\/v2\/product_brand?post=16781"},{"taxonomy":"product_cat","embeddable":true,"href":"https:\/\/paracherkaoui.ma\/index.php\/wp-json\/wp\/v2\/product_cat?post=16781"},{"taxonomy":"product_tag","embeddable":true,"href":"https:\/\/paracherkaoui.ma\/index.php\/wp-json\/wp\/v2\/product_tag?post=16781"}],"curies":[{"name":"wp","href":"https:\/\/api.w.org\/{rel}","templated":true}]}}