{"id":16779,"date":"2025-12-12T17:58:26","date_gmt":"2025-12-12T16:58:26","guid":{"rendered":"https:\/\/test.ecbeaute.com\/?post_type=product&#038;p=16779"},"modified":"2025-12-12T17:58:28","modified_gmt":"2025-12-12T16:58:28","slug":"capiderma-lotion-energisante-150-ml-2","status":"publish","type":"product","link":"https:\/\/paracherkaoui.ma\/index.php\/produit\/capiderma-lotion-energisante-150-ml-2\/","title":{"rendered":"CAPIDERMA LOTION ENERGISANTE 150 ML"},"content":{"rendered":"<p>Description :<br \/>\nLotion au complexe triple action de CAPIGEN\u00ae qui aide \u00e0 r\u00e9g\u00e9n\u00e9rer, tonifier et augmenter la r\u00e9sistance du bulbe du cheveu ainsi que de plantes m\u00e9dicinales reconnues pour aider \u00e0 activer la vitesse de la croissance capillaire pour une repousse plus rapide. L\u2019association de l\u2019extrait du palmier nain avec l\u2019extrait de graine de citrouilles favorisent une lutte efficace contre l\u2019abaissement du taux de perte de cheveux tout en r\u00e9tablissant la croissance. L\u2019ortie, riche en fer et en silice aide \u00e0 r\u00e9guler l\u2019activit\u00e9 des glandes s\u00e9bac\u00e9es en agissant directement sur les racines et en stimulant le cuir chevelu.<br \/>\nAvantages :<br \/>\nAide \u00e0 lutter efficacement contre la perte de cheveux.<br \/>\nAide \u00e0 r\u00e9g\u00e9n\u00e9rer, tonifier et augmenter la r\u00e9sistance du bulbe du cheveu.<br \/>\nAide \u00e0 activer la croissance capillaire.<br \/>\nSans effets secondaires.<br \/>\nSans parab\u00e8nes, pour tous types de cheveux.<br \/>\nPour hommes et femmes.<br \/>\nConseils d\u2019utilisation :<br \/>\nR\u00e9partir la lotion sur cheveux essor\u00e9s ou secs (12 pulv\u00e9risations) une fois par jour, 2 \u00e0 3 fois par semaine pour une dur\u00e9e de 3 mois. R\u00e9partir la lotion en prenant soin de bien masser et couvrir l\u2019ensemble du cuir chevelu. Ne pas rincer apr\u00e8s application. Pour de meilleurs r\u00e9sultats, utiliser en combinaison avec le shampooing \u00e9nergisant.<\/p>\n","protected":false},"excerpt":{"rendered":"<p>Description : Lotion au complexe triple action de CAPIGEN\u00ae qui aide \u00e0 r\u00e9g\u00e9n\u00e9rer, tonifier et augmenter la r\u00e9sistance du bulbe<\/p>\n","protected":false},"featured_media":16303,"comment_status":"open","ping_status":"closed","template":"","meta":[],"product_brand":[247],"product_cat":[276],"product_tag":[],"class_list":{"0":"post-16779","1":"product","2":"type-product","3":"status-publish","4":"has-post-thumbnail","6":"product_brand-capiderma","7":"product_cat-serums-et-huiles","9":"first","10":"instock","11":"sale","12":"shipping-taxable","13":"purchasable","14":"product-type-simple"},"yoast_head":"<!-- This site is optimized with the Yoast SEO plugin v26.6 - https:\/\/yoast.com\/wordpress\/plugins\/seo\/ -->\r\n<title>CAPIDERMA LOTION ENERGISANTE 150 ML - Paracherkaoui.ma<\/title>\r\n<meta name=\"robots\" content=\"index, follow, max-snippet:-1, max-image-preview:large, max-video-preview:-1\" \/>\r\n<link rel=\"canonical\" href=\"https:\/\/paracherkaoui.ma\/index.php\/produit\/capiderma-lotion-energisante-150-ml-2\/\" \/>\r\n<meta property=\"og:locale\" content=\"fr_FR\" \/>\r\n<meta property=\"og:type\" content=\"article\" \/>\r\n<meta property=\"og:title\" content=\"CAPIDERMA LOTION ENERGISANTE 150 ML - Paracherkaoui.ma\" \/>\r\n<meta property=\"og:description\" content=\"Description : Lotion au complexe triple action de CAPIGEN\u00ae qui aide \u00e0 r\u00e9g\u00e9n\u00e9rer, tonifier et augmenter la r\u00e9sistance du bulbe\" \/>\r\n<meta property=\"og:url\" content=\"https:\/\/paracherkaoui.ma\/index.php\/produit\/capiderma-lotion-energisante-150-ml-2\/\" \/>\r\n<meta property=\"og:site_name\" content=\"Paracherkaoui.ma\" \/>\r\n<meta property=\"article:modified_time\" content=\"2025-12-12T16:58:28+00:00\" \/>\r\n<meta property=\"og:image\" content=\"https:\/\/paracherkaoui.ma\/wp-content\/uploads\/2025\/12\/capiderma-capiderma-lotion-energisante-150-ml-serums-et-huiles.jpg\" \/>\r\n\t<meta property=\"og:image:width\" content=\"700\" \/>\r\n\t<meta property=\"og:image:height\" content=\"700\" \/>\r\n\t<meta property=\"og:image:type\" content=\"image\/jpeg\" \/>\r\n<meta name=\"twitter:card\" content=\"summary_large_image\" \/>\r\n<meta name=\"twitter:label1\" content=\"Dur\u00e9e de lecture estim\u00e9e\" \/>\n\t<meta name=\"twitter:data1\" content=\"1 minute\" \/>\r\n<script type=\"application\/ld+json\" class=\"yoast-schema-graph\">{\"@context\":\"https:\/\/schema.org\",\"@graph\":[{\"@type\":\"WebPage\",\"@id\":\"https:\/\/paracherkaoui.ma\/index.php\/produit\/capiderma-lotion-energisante-150-ml-2\/\",\"url\":\"https:\/\/paracherkaoui.ma\/index.php\/produit\/capiderma-lotion-energisante-150-ml-2\/\",\"name\":\"CAPIDERMA LOTION ENERGISANTE 150 ML - Paracherkaoui.ma\",\"isPartOf\":{\"@id\":\"https:\/\/paracherkaoui.ma\/#website\"},\"primaryImageOfPage\":{\"@id\":\"https:\/\/paracherkaoui.ma\/index.php\/produit\/capiderma-lotion-energisante-150-ml-2\/#primaryimage\"},\"image\":{\"@id\":\"https:\/\/paracherkaoui.ma\/index.php\/produit\/capiderma-lotion-energisante-150-ml-2\/#primaryimage\"},\"thumbnailUrl\":\"https:\/\/paracherkaoui.ma\/wp-content\/uploads\/2025\/12\/capiderma-capiderma-lotion-energisante-150-ml-serums-et-huiles.jpg\",\"datePublished\":\"2025-12-12T16:58:26+00:00\",\"dateModified\":\"2025-12-12T16:58:28+00:00\",\"breadcrumb\":{\"@id\":\"https:\/\/paracherkaoui.ma\/index.php\/produit\/capiderma-lotion-energisante-150-ml-2\/#breadcrumb\"},\"inLanguage\":\"fr-FR\",\"potentialAction\":[{\"@type\":\"ReadAction\",\"target\":[\"https:\/\/paracherkaoui.ma\/index.php\/produit\/capiderma-lotion-energisante-150-ml-2\/\"]}]},{\"@type\":\"ImageObject\",\"inLanguage\":\"fr-FR\",\"@id\":\"https:\/\/paracherkaoui.ma\/index.php\/produit\/capiderma-lotion-energisante-150-ml-2\/#primaryimage\",\"url\":\"https:\/\/paracherkaoui.ma\/wp-content\/uploads\/2025\/12\/capiderma-capiderma-lotion-energisante-150-ml-serums-et-huiles.jpg\",\"contentUrl\":\"https:\/\/paracherkaoui.ma\/wp-content\/uploads\/2025\/12\/capiderma-capiderma-lotion-energisante-150-ml-serums-et-huiles.jpg\",\"width\":700,\"height\":700},{\"@type\":\"BreadcrumbList\",\"@id\":\"https:\/\/paracherkaoui.ma\/index.php\/produit\/capiderma-lotion-energisante-150-ml-2\/#breadcrumb\",\"itemListElement\":[{\"@type\":\"ListItem\",\"position\":1,\"name\":\"Accueil\",\"item\":\"https:\/\/paracherkaoui.ma\/\"},{\"@type\":\"ListItem\",\"position\":2,\"name\":\"Boutique\",\"item\":\"https:\/\/paracherkaoui.ma\/index.php\/boutique\/\"},{\"@type\":\"ListItem\",\"position\":3,\"name\":\"CAPIDERMA LOTION ENERGISANTE 150 ML\"}]},{\"@type\":\"WebSite\",\"@id\":\"https:\/\/paracherkaoui.ma\/#website\",\"url\":\"https:\/\/paracherkaoui.ma\/\",\"name\":\"Paracherkaoui.ma\",\"description\":\"Achetez en ligne sur Paracherkaoui.ma\",\"potentialAction\":[{\"@type\":\"SearchAction\",\"target\":{\"@type\":\"EntryPoint\",\"urlTemplate\":\"https:\/\/paracherkaoui.ma\/?s={search_term_string}\"},\"query-input\":{\"@type\":\"PropertyValueSpecification\",\"valueRequired\":true,\"valueName\":\"search_term_string\"}}],\"inLanguage\":\"fr-FR\"}]}<\/script>\r\n<!-- \/ Yoast SEO plugin. -->","yoast_head_json":{"title":"CAPIDERMA LOTION ENERGISANTE 150 ML - Paracherkaoui.ma","robots":{"index":"index","follow":"follow","max-snippet":"max-snippet:-1","max-image-preview":"max-image-preview:large","max-video-preview":"max-video-preview:-1"},"canonical":"https:\/\/paracherkaoui.ma\/index.php\/produit\/capiderma-lotion-energisante-150-ml-2\/","og_locale":"fr_FR","og_type":"article","og_title":"CAPIDERMA LOTION ENERGISANTE 150 ML - Paracherkaoui.ma","og_description":"Description : Lotion au complexe triple action de CAPIGEN\u00ae qui aide \u00e0 r\u00e9g\u00e9n\u00e9rer, tonifier et augmenter la r\u00e9sistance du bulbe","og_url":"https:\/\/paracherkaoui.ma\/index.php\/produit\/capiderma-lotion-energisante-150-ml-2\/","og_site_name":"Paracherkaoui.ma","article_modified_time":"2025-12-12T16:58:28+00:00","og_image":[{"width":700,"height":700,"url":"https:\/\/paracherkaoui.ma\/wp-content\/uploads\/2025\/12\/capiderma-capiderma-lotion-energisante-150-ml-serums-et-huiles.jpg","type":"image\/jpeg"}],"twitter_card":"summary_large_image","twitter_misc":{"Dur\u00e9e de lecture estim\u00e9e":"1 minute"},"schema":{"@context":"https:\/\/schema.org","@graph":[{"@type":"WebPage","@id":"https:\/\/paracherkaoui.ma\/index.php\/produit\/capiderma-lotion-energisante-150-ml-2\/","url":"https:\/\/paracherkaoui.ma\/index.php\/produit\/capiderma-lotion-energisante-150-ml-2\/","name":"CAPIDERMA LOTION ENERGISANTE 150 ML - Paracherkaoui.ma","isPartOf":{"@id":"https:\/\/paracherkaoui.ma\/#website"},"primaryImageOfPage":{"@id":"https:\/\/paracherkaoui.ma\/index.php\/produit\/capiderma-lotion-energisante-150-ml-2\/#primaryimage"},"image":{"@id":"https:\/\/paracherkaoui.ma\/index.php\/produit\/capiderma-lotion-energisante-150-ml-2\/#primaryimage"},"thumbnailUrl":"https:\/\/paracherkaoui.ma\/wp-content\/uploads\/2025\/12\/capiderma-capiderma-lotion-energisante-150-ml-serums-et-huiles.jpg","datePublished":"2025-12-12T16:58:26+00:00","dateModified":"2025-12-12T16:58:28+00:00","breadcrumb":{"@id":"https:\/\/paracherkaoui.ma\/index.php\/produit\/capiderma-lotion-energisante-150-ml-2\/#breadcrumb"},"inLanguage":"fr-FR","potentialAction":[{"@type":"ReadAction","target":["https:\/\/paracherkaoui.ma\/index.php\/produit\/capiderma-lotion-energisante-150-ml-2\/"]}]},{"@type":"ImageObject","inLanguage":"fr-FR","@id":"https:\/\/paracherkaoui.ma\/index.php\/produit\/capiderma-lotion-energisante-150-ml-2\/#primaryimage","url":"https:\/\/paracherkaoui.ma\/wp-content\/uploads\/2025\/12\/capiderma-capiderma-lotion-energisante-150-ml-serums-et-huiles.jpg","contentUrl":"https:\/\/paracherkaoui.ma\/wp-content\/uploads\/2025\/12\/capiderma-capiderma-lotion-energisante-150-ml-serums-et-huiles.jpg","width":700,"height":700},{"@type":"BreadcrumbList","@id":"https:\/\/paracherkaoui.ma\/index.php\/produit\/capiderma-lotion-energisante-150-ml-2\/#breadcrumb","itemListElement":[{"@type":"ListItem","position":1,"name":"Accueil","item":"https:\/\/paracherkaoui.ma\/"},{"@type":"ListItem","position":2,"name":"Boutique","item":"https:\/\/paracherkaoui.ma\/index.php\/boutique\/"},{"@type":"ListItem","position":3,"name":"CAPIDERMA LOTION ENERGISANTE 150 ML"}]},{"@type":"WebSite","@id":"https:\/\/paracherkaoui.ma\/#website","url":"https:\/\/paracherkaoui.ma\/","name":"Paracherkaoui.ma","description":"Achetez en ligne sur Paracherkaoui.ma","potentialAction":[{"@type":"SearchAction","target":{"@type":"EntryPoint","urlTemplate":"https:\/\/paracherkaoui.ma\/?s={search_term_string}"},"query-input":{"@type":"PropertyValueSpecification","valueRequired":true,"valueName":"search_term_string"}}],"inLanguage":"fr-FR"}]}},"_links":{"self":[{"href":"https:\/\/paracherkaoui.ma\/index.php\/wp-json\/wp\/v2\/product\/16779","targetHints":{"allow":["GET"]}}],"collection":[{"href":"https:\/\/paracherkaoui.ma\/index.php\/wp-json\/wp\/v2\/product"}],"about":[{"href":"https:\/\/paracherkaoui.ma\/index.php\/wp-json\/wp\/v2\/types\/product"}],"replies":[{"embeddable":true,"href":"https:\/\/paracherkaoui.ma\/index.php\/wp-json\/wp\/v2\/comments?post=16779"}],"version-history":[{"count":1,"href":"https:\/\/paracherkaoui.ma\/index.php\/wp-json\/wp\/v2\/product\/16779\/revisions"}],"predecessor-version":[{"id":16809,"href":"https:\/\/paracherkaoui.ma\/index.php\/wp-json\/wp\/v2\/product\/16779\/revisions\/16809"}],"wp:featuredmedia":[{"embeddable":true,"href":"https:\/\/paracherkaoui.ma\/index.php\/wp-json\/wp\/v2\/media\/16303"}],"wp:attachment":[{"href":"https:\/\/paracherkaoui.ma\/index.php\/wp-json\/wp\/v2\/media?parent=16779"}],"wp:term":[{"taxonomy":"product_brand","embeddable":true,"href":"https:\/\/paracherkaoui.ma\/index.php\/wp-json\/wp\/v2\/product_brand?post=16779"},{"taxonomy":"product_cat","embeddable":true,"href":"https:\/\/paracherkaoui.ma\/index.php\/wp-json\/wp\/v2\/product_cat?post=16779"},{"taxonomy":"product_tag","embeddable":true,"href":"https:\/\/paracherkaoui.ma\/index.php\/wp-json\/wp\/v2\/product_tag?post=16779"}],"curies":[{"name":"wp","href":"https:\/\/api.w.org\/{rel}","templated":true}]}}