{"id":16777,"date":"2025-12-12T17:58:26","date_gmt":"2025-12-12T16:58:26","guid":{"rendered":"https:\/\/test.ecbeaute.com\/?post_type=product&#038;p=16777"},"modified":"2025-12-12T17:58:28","modified_gmt":"2025-12-12T16:58:28","slug":"eye-care-ultracapil-serum-capillaire-anti-chute-75-ml-2","status":"publish","type":"product","link":"https:\/\/paracherkaoui.ma\/index.php\/produit\/eye-care-ultracapil-serum-capillaire-anti-chute-75-ml-2\/","title":{"rendered":"EYE CARE ULTRACAPIL SERUM CAPILLAIRE ANTI CHUTE 75 ML"},"content":{"rendered":"<p>Ce s\u00e9rum est particuli\u00e8rement adapt\u00e9 aux personnes confront\u00e9es \u00e0 une chute de cheveux caus\u00e9e par des changements hormonaux (grossesse, m\u00e9nopause), des variations saisonni\u00e8res, des traitements m\u00e9dicamenteux, ou l&rsquo;alop\u00e9cie androg\u00e9nique. Gr\u00e2ce \u00e0 sa formule innovante enrichie en scutellaire de Ba\u00efkal, extrait d\u2019oignon, niacinamide, germes de bl\u00e9 et de soja, il stimule la repousse, r\u00e9duit la chute et restaure la densit\u00e9 capillaire.<br \/>\nEnrichi en cynanchum, cet actif apaise les irritations et diminue les d\u00e9mangeaisons souvent li\u00e9es \u00e0 un cuir chevelu sensible ou au port de perruques. Avec ce s\u00e9rum, vos cheveux retrouvent force, vitalit\u00e9, et une meilleure ancrage pour une chevelure plus dense et \u00e9clatante.<br \/>\nComposition<br \/>\nAqua (Water), Glycerin, Niacinamide, Propanediol, Butylene Glycol, Phenethyl Alcohol, Polyacrylate Crosspolymer-6, Sodium Phosphate, Arginine, Lactic Acid, Allium Cepa Bulb Extract, Glycine Soja Germ Extract, Triticum Vulgare Germ Extract, Disodium Phosphate, Gluconolactone, Sodium Benzoate, T-Butyl Alcohol, Scutellaria Baicalensis Root Extract, Potassium Sorbate, Cynanchum Atratum Extract, Panthenol, Calcium Gluconate, Biotinoyl Tripeptide-1.<br \/>\nConseils d\u2019utilisation<br \/>\nApplication : Appliquez le s\u00e9rum 2 \u00e0 3 fois par semaine sur un cuir chevelu propre et l\u00e9g\u00e8rement humide, raie par raie, \u00e0 l\u2019aide de l\u2019embout pr\u00e9cision.<br \/>\nMassage : Massez d\u00e9licatement par mouvements circulaires jusqu\u2019\u00e0 absorption compl\u00e8te du produit.<br \/>\nCure : Pour des r\u00e9sultats optimaux, utilisez en cure de 3 mois.<br \/>\nNe pas rincer apr\u00e8s application.<\/p>\n","protected":false},"excerpt":{"rendered":"<p>Ce s\u00e9rum est particuli\u00e8rement adapt\u00e9 aux personnes confront\u00e9es \u00e0 une chute de cheveux caus\u00e9e par des changements hormonaux (grossesse, m\u00e9nopause),<\/p>\n","protected":false},"featured_media":16293,"comment_status":"open","ping_status":"closed","template":"","meta":[],"product_brand":[278],"product_cat":[276],"product_tag":[],"class_list":{"0":"post-16777","1":"product","2":"type-product","3":"status-publish","4":"has-post-thumbnail","6":"product_brand-eye-care","7":"product_cat-serums-et-huiles","9":"first","10":"instock","11":"shipping-taxable","12":"purchasable","13":"product-type-simple"},"yoast_head":"<!-- This site is optimized with the Yoast SEO plugin v26.6 - https:\/\/yoast.com\/wordpress\/plugins\/seo\/ -->\r\n<title>EYE CARE ULTRACAPIL SERUM CAPILLAIRE ANTI CHUTE 75 ML - Paracherkaoui.ma<\/title>\r\n<meta name=\"robots\" content=\"index, follow, max-snippet:-1, max-image-preview:large, max-video-preview:-1\" \/>\r\n<link rel=\"canonical\" href=\"https:\/\/paracherkaoui.ma\/index.php\/produit\/eye-care-ultracapil-serum-capillaire-anti-chute-75-ml-2\/\" \/>\r\n<meta property=\"og:locale\" content=\"fr_FR\" \/>\r\n<meta property=\"og:type\" content=\"article\" \/>\r\n<meta property=\"og:title\" content=\"EYE CARE ULTRACAPIL SERUM CAPILLAIRE ANTI CHUTE 75 ML - Paracherkaoui.ma\" \/>\r\n<meta property=\"og:description\" content=\"Ce s\u00e9rum est particuli\u00e8rement adapt\u00e9 aux personnes confront\u00e9es \u00e0 une chute de cheveux caus\u00e9e par des changements hormonaux (grossesse, m\u00e9nopause),\" \/>\r\n<meta property=\"og:url\" content=\"https:\/\/paracherkaoui.ma\/index.php\/produit\/eye-care-ultracapil-serum-capillaire-anti-chute-75-ml-2\/\" \/>\r\n<meta property=\"og:site_name\" content=\"Paracherkaoui.ma\" \/>\r\n<meta property=\"article:modified_time\" content=\"2025-12-12T16:58:28+00:00\" \/>\r\n<meta property=\"og:image\" content=\"https:\/\/paracherkaoui.ma\/wp-content\/uploads\/2025\/12\/eye-care-eye-care-ultracapil-serum-capillaire-anti-chute-75-ml-serums-et-huiles.jpg\" \/>\r\n\t<meta property=\"og:image:width\" content=\"700\" \/>\r\n\t<meta property=\"og:image:height\" content=\"700\" \/>\r\n\t<meta property=\"og:image:type\" content=\"image\/jpeg\" \/>\r\n<meta name=\"twitter:card\" content=\"summary_large_image\" \/>\r\n<meta name=\"twitter:label1\" content=\"Dur\u00e9e de lecture estim\u00e9e\" \/>\n\t<meta name=\"twitter:data1\" content=\"1 minute\" \/>\r\n<script type=\"application\/ld+json\" class=\"yoast-schema-graph\">{\"@context\":\"https:\/\/schema.org\",\"@graph\":[{\"@type\":\"WebPage\",\"@id\":\"https:\/\/paracherkaoui.ma\/index.php\/produit\/eye-care-ultracapil-serum-capillaire-anti-chute-75-ml-2\/\",\"url\":\"https:\/\/paracherkaoui.ma\/index.php\/produit\/eye-care-ultracapil-serum-capillaire-anti-chute-75-ml-2\/\",\"name\":\"EYE CARE ULTRACAPIL SERUM CAPILLAIRE ANTI CHUTE 75 ML - Paracherkaoui.ma\",\"isPartOf\":{\"@id\":\"https:\/\/paracherkaoui.ma\/#website\"},\"primaryImageOfPage\":{\"@id\":\"https:\/\/paracherkaoui.ma\/index.php\/produit\/eye-care-ultracapil-serum-capillaire-anti-chute-75-ml-2\/#primaryimage\"},\"image\":{\"@id\":\"https:\/\/paracherkaoui.ma\/index.php\/produit\/eye-care-ultracapil-serum-capillaire-anti-chute-75-ml-2\/#primaryimage\"},\"thumbnailUrl\":\"https:\/\/paracherkaoui.ma\/wp-content\/uploads\/2025\/12\/eye-care-eye-care-ultracapil-serum-capillaire-anti-chute-75-ml-serums-et-huiles.jpg\",\"datePublished\":\"2025-12-12T16:58:26+00:00\",\"dateModified\":\"2025-12-12T16:58:28+00:00\",\"breadcrumb\":{\"@id\":\"https:\/\/paracherkaoui.ma\/index.php\/produit\/eye-care-ultracapil-serum-capillaire-anti-chute-75-ml-2\/#breadcrumb\"},\"inLanguage\":\"fr-FR\",\"potentialAction\":[{\"@type\":\"ReadAction\",\"target\":[\"https:\/\/paracherkaoui.ma\/index.php\/produit\/eye-care-ultracapil-serum-capillaire-anti-chute-75-ml-2\/\"]}]},{\"@type\":\"ImageObject\",\"inLanguage\":\"fr-FR\",\"@id\":\"https:\/\/paracherkaoui.ma\/index.php\/produit\/eye-care-ultracapil-serum-capillaire-anti-chute-75-ml-2\/#primaryimage\",\"url\":\"https:\/\/paracherkaoui.ma\/wp-content\/uploads\/2025\/12\/eye-care-eye-care-ultracapil-serum-capillaire-anti-chute-75-ml-serums-et-huiles.jpg\",\"contentUrl\":\"https:\/\/paracherkaoui.ma\/wp-content\/uploads\/2025\/12\/eye-care-eye-care-ultracapil-serum-capillaire-anti-chute-75-ml-serums-et-huiles.jpg\",\"width\":700,\"height\":700},{\"@type\":\"BreadcrumbList\",\"@id\":\"https:\/\/paracherkaoui.ma\/index.php\/produit\/eye-care-ultracapil-serum-capillaire-anti-chute-75-ml-2\/#breadcrumb\",\"itemListElement\":[{\"@type\":\"ListItem\",\"position\":1,\"name\":\"Accueil\",\"item\":\"https:\/\/paracherkaoui.ma\/\"},{\"@type\":\"ListItem\",\"position\":2,\"name\":\"Boutique\",\"item\":\"https:\/\/paracherkaoui.ma\/index.php\/boutique\/\"},{\"@type\":\"ListItem\",\"position\":3,\"name\":\"EYE CARE ULTRACAPIL SERUM CAPILLAIRE ANTI CHUTE 75 ML\"}]},{\"@type\":\"WebSite\",\"@id\":\"https:\/\/paracherkaoui.ma\/#website\",\"url\":\"https:\/\/paracherkaoui.ma\/\",\"name\":\"Paracherkaoui.ma\",\"description\":\"Achetez en ligne sur Paracherkaoui.ma\",\"potentialAction\":[{\"@type\":\"SearchAction\",\"target\":{\"@type\":\"EntryPoint\",\"urlTemplate\":\"https:\/\/paracherkaoui.ma\/?s={search_term_string}\"},\"query-input\":{\"@type\":\"PropertyValueSpecification\",\"valueRequired\":true,\"valueName\":\"search_term_string\"}}],\"inLanguage\":\"fr-FR\"}]}<\/script>\r\n<!-- \/ Yoast SEO plugin. -->","yoast_head_json":{"title":"EYE CARE ULTRACAPIL SERUM CAPILLAIRE ANTI CHUTE 75 ML - Paracherkaoui.ma","robots":{"index":"index","follow":"follow","max-snippet":"max-snippet:-1","max-image-preview":"max-image-preview:large","max-video-preview":"max-video-preview:-1"},"canonical":"https:\/\/paracherkaoui.ma\/index.php\/produit\/eye-care-ultracapil-serum-capillaire-anti-chute-75-ml-2\/","og_locale":"fr_FR","og_type":"article","og_title":"EYE CARE ULTRACAPIL SERUM CAPILLAIRE ANTI CHUTE 75 ML - Paracherkaoui.ma","og_description":"Ce s\u00e9rum est particuli\u00e8rement adapt\u00e9 aux personnes confront\u00e9es \u00e0 une chute de cheveux caus\u00e9e par des changements hormonaux (grossesse, m\u00e9nopause),","og_url":"https:\/\/paracherkaoui.ma\/index.php\/produit\/eye-care-ultracapil-serum-capillaire-anti-chute-75-ml-2\/","og_site_name":"Paracherkaoui.ma","article_modified_time":"2025-12-12T16:58:28+00:00","og_image":[{"width":700,"height":700,"url":"https:\/\/paracherkaoui.ma\/wp-content\/uploads\/2025\/12\/eye-care-eye-care-ultracapil-serum-capillaire-anti-chute-75-ml-serums-et-huiles.jpg","type":"image\/jpeg"}],"twitter_card":"summary_large_image","twitter_misc":{"Dur\u00e9e de lecture estim\u00e9e":"1 minute"},"schema":{"@context":"https:\/\/schema.org","@graph":[{"@type":"WebPage","@id":"https:\/\/paracherkaoui.ma\/index.php\/produit\/eye-care-ultracapil-serum-capillaire-anti-chute-75-ml-2\/","url":"https:\/\/paracherkaoui.ma\/index.php\/produit\/eye-care-ultracapil-serum-capillaire-anti-chute-75-ml-2\/","name":"EYE CARE ULTRACAPIL SERUM CAPILLAIRE ANTI CHUTE 75 ML - Paracherkaoui.ma","isPartOf":{"@id":"https:\/\/paracherkaoui.ma\/#website"},"primaryImageOfPage":{"@id":"https:\/\/paracherkaoui.ma\/index.php\/produit\/eye-care-ultracapil-serum-capillaire-anti-chute-75-ml-2\/#primaryimage"},"image":{"@id":"https:\/\/paracherkaoui.ma\/index.php\/produit\/eye-care-ultracapil-serum-capillaire-anti-chute-75-ml-2\/#primaryimage"},"thumbnailUrl":"https:\/\/paracherkaoui.ma\/wp-content\/uploads\/2025\/12\/eye-care-eye-care-ultracapil-serum-capillaire-anti-chute-75-ml-serums-et-huiles.jpg","datePublished":"2025-12-12T16:58:26+00:00","dateModified":"2025-12-12T16:58:28+00:00","breadcrumb":{"@id":"https:\/\/paracherkaoui.ma\/index.php\/produit\/eye-care-ultracapil-serum-capillaire-anti-chute-75-ml-2\/#breadcrumb"},"inLanguage":"fr-FR","potentialAction":[{"@type":"ReadAction","target":["https:\/\/paracherkaoui.ma\/index.php\/produit\/eye-care-ultracapil-serum-capillaire-anti-chute-75-ml-2\/"]}]},{"@type":"ImageObject","inLanguage":"fr-FR","@id":"https:\/\/paracherkaoui.ma\/index.php\/produit\/eye-care-ultracapil-serum-capillaire-anti-chute-75-ml-2\/#primaryimage","url":"https:\/\/paracherkaoui.ma\/wp-content\/uploads\/2025\/12\/eye-care-eye-care-ultracapil-serum-capillaire-anti-chute-75-ml-serums-et-huiles.jpg","contentUrl":"https:\/\/paracherkaoui.ma\/wp-content\/uploads\/2025\/12\/eye-care-eye-care-ultracapil-serum-capillaire-anti-chute-75-ml-serums-et-huiles.jpg","width":700,"height":700},{"@type":"BreadcrumbList","@id":"https:\/\/paracherkaoui.ma\/index.php\/produit\/eye-care-ultracapil-serum-capillaire-anti-chute-75-ml-2\/#breadcrumb","itemListElement":[{"@type":"ListItem","position":1,"name":"Accueil","item":"https:\/\/paracherkaoui.ma\/"},{"@type":"ListItem","position":2,"name":"Boutique","item":"https:\/\/paracherkaoui.ma\/index.php\/boutique\/"},{"@type":"ListItem","position":3,"name":"EYE CARE ULTRACAPIL SERUM CAPILLAIRE ANTI CHUTE 75 ML"}]},{"@type":"WebSite","@id":"https:\/\/paracherkaoui.ma\/#website","url":"https:\/\/paracherkaoui.ma\/","name":"Paracherkaoui.ma","description":"Achetez en ligne sur Paracherkaoui.ma","potentialAction":[{"@type":"SearchAction","target":{"@type":"EntryPoint","urlTemplate":"https:\/\/paracherkaoui.ma\/?s={search_term_string}"},"query-input":{"@type":"PropertyValueSpecification","valueRequired":true,"valueName":"search_term_string"}}],"inLanguage":"fr-FR"}]}},"_links":{"self":[{"href":"https:\/\/paracherkaoui.ma\/index.php\/wp-json\/wp\/v2\/product\/16777","targetHints":{"allow":["GET"]}}],"collection":[{"href":"https:\/\/paracherkaoui.ma\/index.php\/wp-json\/wp\/v2\/product"}],"about":[{"href":"https:\/\/paracherkaoui.ma\/index.php\/wp-json\/wp\/v2\/types\/product"}],"replies":[{"embeddable":true,"href":"https:\/\/paracherkaoui.ma\/index.php\/wp-json\/wp\/v2\/comments?post=16777"}],"version-history":[{"count":1,"href":"https:\/\/paracherkaoui.ma\/index.php\/wp-json\/wp\/v2\/product\/16777\/revisions"}],"predecessor-version":[{"id":16807,"href":"https:\/\/paracherkaoui.ma\/index.php\/wp-json\/wp\/v2\/product\/16777\/revisions\/16807"}],"wp:featuredmedia":[{"embeddable":true,"href":"https:\/\/paracherkaoui.ma\/index.php\/wp-json\/wp\/v2\/media\/16293"}],"wp:attachment":[{"href":"https:\/\/paracherkaoui.ma\/index.php\/wp-json\/wp\/v2\/media?parent=16777"}],"wp:term":[{"taxonomy":"product_brand","embeddable":true,"href":"https:\/\/paracherkaoui.ma\/index.php\/wp-json\/wp\/v2\/product_brand?post=16777"},{"taxonomy":"product_cat","embeddable":true,"href":"https:\/\/paracherkaoui.ma\/index.php\/wp-json\/wp\/v2\/product_cat?post=16777"},{"taxonomy":"product_tag","embeddable":true,"href":"https:\/\/paracherkaoui.ma\/index.php\/wp-json\/wp\/v2\/product_tag?post=16777"}],"curies":[{"name":"wp","href":"https:\/\/api.w.org\/{rel}","templated":true}]}}