{"id":16769,"date":"2025-12-12T17:58:25","date_gmt":"2025-12-12T16:58:25","guid":{"rendered":"https:\/\/test.ecbeaute.com\/?post_type=product&#038;p=16769"},"modified":"2025-12-12T17:58:27","modified_gmt":"2025-12-12T16:58:27","slug":"biokera-grapeology-60-ml-serum-pepin-de-raisin-2","status":"publish","type":"product","link":"https:\/\/paracherkaoui.ma\/index.php\/produit\/biokera-grapeology-60-ml-serum-pepin-de-raisin-2\/","title":{"rendered":"BIOKERA GRAPEOLOGY 60 ML SERUM PEPIN DE RAISIN"},"content":{"rendered":"<p>Description:<br \/>\nS\u00e9rum Grapeology est une huile naturelle \u00e0 base de p\u00e9pins de raisin tritur\u00e9 qui nourrit et hydrate en profondeur les cheveux. Sa formule avec une teneur \u00e9lev\u00e9e en Vitamine E, des prot\u00e9ines et de l\u2019arginine r\u00e9pare et am\u00e9liore la brillance naturel du cheveu en plus d\u2019apporter force et \u00e9lasticit\u00e9, en agissant comme un r\u00e9parateur de pointes. Sa teneur \u00e9lev\u00e9e en antioxydants prot\u00e8ge les cheveux face aux agents externes et diminue le vieillissement.\u00a0Avec une rapide absorption sans r\u00e9sidus, S\u00e9rum Grapeology est sp\u00e9cialement indiqu\u00e9 pour des cheveux color\u00e9s car il maintient la tonalit\u00e9 sur des cheveux blancs ou d\u00e9color\u00e9s.<\/p>\n<p>Conseils d&rsquo;utilisation:<\/p>\n<p>Appliquez une petite quantit\u00e9 de S\u00e9rum Grapeology sur la main et r\u00e9partissez sur les cheveux, une fois lav\u00e9s. Il est possible de l\u2019utiliser sur des cheveux secs ou mouill\u00e9s. Il n\u2019est pas n\u00e9cessaire de rincer apr\u00e8s l\u2019application. Proc\u00e9dez au brossage comme d\u2019habitude.<\/p>\n","protected":false},"excerpt":{"rendered":"<p>Description: S\u00e9rum Grapeology est une huile naturelle \u00e0 base de p\u00e9pins de raisin tritur\u00e9 qui nourrit et hydrate en profondeur<\/p>\n","protected":false},"featured_media":16260,"comment_status":"open","ping_status":"closed","template":"","meta":[],"product_brand":[191],"product_cat":[276],"product_tag":[],"class_list":{"0":"post-16769","1":"product","2":"type-product","3":"status-publish","4":"has-post-thumbnail","6":"product_brand-biokera","7":"product_cat-serums-et-huiles","9":"first","10":"instock","11":"sale","12":"shipping-taxable","13":"purchasable","14":"product-type-simple"},"yoast_head":"<!-- This site is optimized with the Yoast SEO plugin v26.6 - https:\/\/yoast.com\/wordpress\/plugins\/seo\/ -->\r\n<title>BIOKERA GRAPEOLOGY 60 ML SERUM PEPIN DE RAISIN - Paracherkaoui.ma<\/title>\r\n<meta name=\"robots\" content=\"index, follow, max-snippet:-1, max-image-preview:large, max-video-preview:-1\" \/>\r\n<link rel=\"canonical\" href=\"https:\/\/paracherkaoui.ma\/index.php\/produit\/biokera-grapeology-60-ml-serum-pepin-de-raisin-2\/\" \/>\r\n<meta property=\"og:locale\" content=\"fr_FR\" \/>\r\n<meta property=\"og:type\" content=\"article\" \/>\r\n<meta property=\"og:title\" content=\"BIOKERA GRAPEOLOGY 60 ML SERUM PEPIN DE RAISIN - Paracherkaoui.ma\" \/>\r\n<meta property=\"og:description\" content=\"Description: S\u00e9rum Grapeology est une huile naturelle \u00e0 base de p\u00e9pins de raisin tritur\u00e9 qui nourrit et hydrate en profondeur\" \/>\r\n<meta property=\"og:url\" content=\"https:\/\/paracherkaoui.ma\/index.php\/produit\/biokera-grapeology-60-ml-serum-pepin-de-raisin-2\/\" \/>\r\n<meta property=\"og:site_name\" content=\"Paracherkaoui.ma\" \/>\r\n<meta property=\"article:modified_time\" content=\"2025-12-12T16:58:27+00:00\" \/>\r\n<meta property=\"og:image\" content=\"https:\/\/paracherkaoui.ma\/wp-content\/uploads\/2025\/12\/biokera-grapeology-60-ml-serum-pepin-de-raisin.jpg\" \/>\r\n\t<meta property=\"og:image:width\" content=\"700\" \/>\r\n\t<meta property=\"og:image:height\" content=\"700\" \/>\r\n\t<meta property=\"og:image:type\" content=\"image\/jpeg\" \/>\r\n<meta name=\"twitter:card\" content=\"summary_large_image\" \/>\r\n<meta name=\"twitter:label1\" content=\"Dur\u00e9e de lecture estim\u00e9e\" \/>\n\t<meta name=\"twitter:data1\" content=\"1 minute\" \/>\r\n<script type=\"application\/ld+json\" class=\"yoast-schema-graph\">{\"@context\":\"https:\/\/schema.org\",\"@graph\":[{\"@type\":\"WebPage\",\"@id\":\"https:\/\/paracherkaoui.ma\/index.php\/produit\/biokera-grapeology-60-ml-serum-pepin-de-raisin-2\/\",\"url\":\"https:\/\/paracherkaoui.ma\/index.php\/produit\/biokera-grapeology-60-ml-serum-pepin-de-raisin-2\/\",\"name\":\"BIOKERA GRAPEOLOGY 60 ML SERUM PEPIN DE RAISIN - Paracherkaoui.ma\",\"isPartOf\":{\"@id\":\"https:\/\/paracherkaoui.ma\/#website\"},\"primaryImageOfPage\":{\"@id\":\"https:\/\/paracherkaoui.ma\/index.php\/produit\/biokera-grapeology-60-ml-serum-pepin-de-raisin-2\/#primaryimage\"},\"image\":{\"@id\":\"https:\/\/paracherkaoui.ma\/index.php\/produit\/biokera-grapeology-60-ml-serum-pepin-de-raisin-2\/#primaryimage\"},\"thumbnailUrl\":\"https:\/\/paracherkaoui.ma\/wp-content\/uploads\/2025\/12\/biokera-grapeology-60-ml-serum-pepin-de-raisin.jpg\",\"datePublished\":\"2025-12-12T16:58:25+00:00\",\"dateModified\":\"2025-12-12T16:58:27+00:00\",\"breadcrumb\":{\"@id\":\"https:\/\/paracherkaoui.ma\/index.php\/produit\/biokera-grapeology-60-ml-serum-pepin-de-raisin-2\/#breadcrumb\"},\"inLanguage\":\"fr-FR\",\"potentialAction\":[{\"@type\":\"ReadAction\",\"target\":[\"https:\/\/paracherkaoui.ma\/index.php\/produit\/biokera-grapeology-60-ml-serum-pepin-de-raisin-2\/\"]}]},{\"@type\":\"ImageObject\",\"inLanguage\":\"fr-FR\",\"@id\":\"https:\/\/paracherkaoui.ma\/index.php\/produit\/biokera-grapeology-60-ml-serum-pepin-de-raisin-2\/#primaryimage\",\"url\":\"https:\/\/paracherkaoui.ma\/wp-content\/uploads\/2025\/12\/biokera-grapeology-60-ml-serum-pepin-de-raisin.jpg\",\"contentUrl\":\"https:\/\/paracherkaoui.ma\/wp-content\/uploads\/2025\/12\/biokera-grapeology-60-ml-serum-pepin-de-raisin.jpg\",\"width\":700,\"height\":700},{\"@type\":\"BreadcrumbList\",\"@id\":\"https:\/\/paracherkaoui.ma\/index.php\/produit\/biokera-grapeology-60-ml-serum-pepin-de-raisin-2\/#breadcrumb\",\"itemListElement\":[{\"@type\":\"ListItem\",\"position\":1,\"name\":\"Accueil\",\"item\":\"https:\/\/paracherkaoui.ma\/\"},{\"@type\":\"ListItem\",\"position\":2,\"name\":\"Boutique\",\"item\":\"https:\/\/paracherkaoui.ma\/index.php\/boutique\/\"},{\"@type\":\"ListItem\",\"position\":3,\"name\":\"BIOKERA GRAPEOLOGY 60 ML SERUM PEPIN DE RAISIN\"}]},{\"@type\":\"WebSite\",\"@id\":\"https:\/\/paracherkaoui.ma\/#website\",\"url\":\"https:\/\/paracherkaoui.ma\/\",\"name\":\"Paracherkaoui.ma\",\"description\":\"Achetez en ligne sur Paracherkaoui.ma\",\"potentialAction\":[{\"@type\":\"SearchAction\",\"target\":{\"@type\":\"EntryPoint\",\"urlTemplate\":\"https:\/\/paracherkaoui.ma\/?s={search_term_string}\"},\"query-input\":{\"@type\":\"PropertyValueSpecification\",\"valueRequired\":true,\"valueName\":\"search_term_string\"}}],\"inLanguage\":\"fr-FR\"}]}<\/script>\r\n<!-- \/ Yoast SEO plugin. -->","yoast_head_json":{"title":"BIOKERA GRAPEOLOGY 60 ML SERUM PEPIN DE RAISIN - Paracherkaoui.ma","robots":{"index":"index","follow":"follow","max-snippet":"max-snippet:-1","max-image-preview":"max-image-preview:large","max-video-preview":"max-video-preview:-1"},"canonical":"https:\/\/paracherkaoui.ma\/index.php\/produit\/biokera-grapeology-60-ml-serum-pepin-de-raisin-2\/","og_locale":"fr_FR","og_type":"article","og_title":"BIOKERA GRAPEOLOGY 60 ML SERUM PEPIN DE RAISIN - Paracherkaoui.ma","og_description":"Description: S\u00e9rum Grapeology est une huile naturelle \u00e0 base de p\u00e9pins de raisin tritur\u00e9 qui nourrit et hydrate en profondeur","og_url":"https:\/\/paracherkaoui.ma\/index.php\/produit\/biokera-grapeology-60-ml-serum-pepin-de-raisin-2\/","og_site_name":"Paracherkaoui.ma","article_modified_time":"2025-12-12T16:58:27+00:00","og_image":[{"width":700,"height":700,"url":"https:\/\/paracherkaoui.ma\/wp-content\/uploads\/2025\/12\/biokera-grapeology-60-ml-serum-pepin-de-raisin.jpg","type":"image\/jpeg"}],"twitter_card":"summary_large_image","twitter_misc":{"Dur\u00e9e de lecture estim\u00e9e":"1 minute"},"schema":{"@context":"https:\/\/schema.org","@graph":[{"@type":"WebPage","@id":"https:\/\/paracherkaoui.ma\/index.php\/produit\/biokera-grapeology-60-ml-serum-pepin-de-raisin-2\/","url":"https:\/\/paracherkaoui.ma\/index.php\/produit\/biokera-grapeology-60-ml-serum-pepin-de-raisin-2\/","name":"BIOKERA GRAPEOLOGY 60 ML SERUM PEPIN DE RAISIN - Paracherkaoui.ma","isPartOf":{"@id":"https:\/\/paracherkaoui.ma\/#website"},"primaryImageOfPage":{"@id":"https:\/\/paracherkaoui.ma\/index.php\/produit\/biokera-grapeology-60-ml-serum-pepin-de-raisin-2\/#primaryimage"},"image":{"@id":"https:\/\/paracherkaoui.ma\/index.php\/produit\/biokera-grapeology-60-ml-serum-pepin-de-raisin-2\/#primaryimage"},"thumbnailUrl":"https:\/\/paracherkaoui.ma\/wp-content\/uploads\/2025\/12\/biokera-grapeology-60-ml-serum-pepin-de-raisin.jpg","datePublished":"2025-12-12T16:58:25+00:00","dateModified":"2025-12-12T16:58:27+00:00","breadcrumb":{"@id":"https:\/\/paracherkaoui.ma\/index.php\/produit\/biokera-grapeology-60-ml-serum-pepin-de-raisin-2\/#breadcrumb"},"inLanguage":"fr-FR","potentialAction":[{"@type":"ReadAction","target":["https:\/\/paracherkaoui.ma\/index.php\/produit\/biokera-grapeology-60-ml-serum-pepin-de-raisin-2\/"]}]},{"@type":"ImageObject","inLanguage":"fr-FR","@id":"https:\/\/paracherkaoui.ma\/index.php\/produit\/biokera-grapeology-60-ml-serum-pepin-de-raisin-2\/#primaryimage","url":"https:\/\/paracherkaoui.ma\/wp-content\/uploads\/2025\/12\/biokera-grapeology-60-ml-serum-pepin-de-raisin.jpg","contentUrl":"https:\/\/paracherkaoui.ma\/wp-content\/uploads\/2025\/12\/biokera-grapeology-60-ml-serum-pepin-de-raisin.jpg","width":700,"height":700},{"@type":"BreadcrumbList","@id":"https:\/\/paracherkaoui.ma\/index.php\/produit\/biokera-grapeology-60-ml-serum-pepin-de-raisin-2\/#breadcrumb","itemListElement":[{"@type":"ListItem","position":1,"name":"Accueil","item":"https:\/\/paracherkaoui.ma\/"},{"@type":"ListItem","position":2,"name":"Boutique","item":"https:\/\/paracherkaoui.ma\/index.php\/boutique\/"},{"@type":"ListItem","position":3,"name":"BIOKERA GRAPEOLOGY 60 ML SERUM PEPIN DE RAISIN"}]},{"@type":"WebSite","@id":"https:\/\/paracherkaoui.ma\/#website","url":"https:\/\/paracherkaoui.ma\/","name":"Paracherkaoui.ma","description":"Achetez en ligne sur Paracherkaoui.ma","potentialAction":[{"@type":"SearchAction","target":{"@type":"EntryPoint","urlTemplate":"https:\/\/paracherkaoui.ma\/?s={search_term_string}"},"query-input":{"@type":"PropertyValueSpecification","valueRequired":true,"valueName":"search_term_string"}}],"inLanguage":"fr-FR"}]}},"_links":{"self":[{"href":"https:\/\/paracherkaoui.ma\/index.php\/wp-json\/wp\/v2\/product\/16769","targetHints":{"allow":["GET"]}}],"collection":[{"href":"https:\/\/paracherkaoui.ma\/index.php\/wp-json\/wp\/v2\/product"}],"about":[{"href":"https:\/\/paracherkaoui.ma\/index.php\/wp-json\/wp\/v2\/types\/product"}],"replies":[{"embeddable":true,"href":"https:\/\/paracherkaoui.ma\/index.php\/wp-json\/wp\/v2\/comments?post=16769"}],"version-history":[{"count":1,"href":"https:\/\/paracherkaoui.ma\/index.php\/wp-json\/wp\/v2\/product\/16769\/revisions"}],"predecessor-version":[{"id":16799,"href":"https:\/\/paracherkaoui.ma\/index.php\/wp-json\/wp\/v2\/product\/16769\/revisions\/16799"}],"wp:featuredmedia":[{"embeddable":true,"href":"https:\/\/paracherkaoui.ma\/index.php\/wp-json\/wp\/v2\/media\/16260"}],"wp:attachment":[{"href":"https:\/\/paracherkaoui.ma\/index.php\/wp-json\/wp\/v2\/media?parent=16769"}],"wp:term":[{"taxonomy":"product_brand","embeddable":true,"href":"https:\/\/paracherkaoui.ma\/index.php\/wp-json\/wp\/v2\/product_brand?post=16769"},{"taxonomy":"product_cat","embeddable":true,"href":"https:\/\/paracherkaoui.ma\/index.php\/wp-json\/wp\/v2\/product_cat?post=16769"},{"taxonomy":"product_tag","embeddable":true,"href":"https:\/\/paracherkaoui.ma\/index.php\/wp-json\/wp\/v2\/product_tag?post=16769"}],"curies":[{"name":"wp","href":"https:\/\/api.w.org\/{rel}","templated":true}]}}