{"id":16756,"date":"2025-12-12T17:54:56","date_gmt":"2025-12-12T16:54:56","guid":{"rendered":"https:\/\/test.ecbeaute.com\/?post_type=product&#038;p=16756"},"modified":"2025-12-12T17:58:48","modified_gmt":"2025-12-12T16:58:48","slug":"biokera-nature-traitement-anti-pelliculaire-intensif-6-ampoules-10ml","status":"publish","type":"product","link":"https:\/\/paracherkaoui.ma\/index.php\/produit\/biokera-nature-traitement-anti-pelliculaire-intensif-6-ampoules-10ml\/","title":{"rendered":"BIOKERA NATURE TRAITEMENT ANTI PELLICULAIRE INTENSIF 6 AMPOULES 10ML"},"content":{"rendered":"<p>Description:<br \/>\nTraitement Sp\u00e9cifique Pellicules est une lotion id\u00e9ale pour des cheveux avec probl\u00e8mes dans le cycle de desquamation naturelle du cuir chevelu. Son action est intense en se d\u00e9posant sur le cuir chevelu sans rin\u00e7age, en laissant agir les substances. Il favorise le d\u00e9collement des squames de pellicule du cuir chevelu et apporte un puissant effet bact\u00e9ricide pour traiter et pr\u00e9venir la desquamation excessive du cuir chevelu.<\/p>\n","protected":false},"excerpt":{"rendered":"<p>Description: Traitement Sp\u00e9cifique Pellicules est une lotion id\u00e9ale pour des cheveux avec probl\u00e8mes dans le cycle de desquamation naturelle du<\/p>\n","protected":false},"featured_media":17002,"comment_status":"open","ping_status":"closed","template":"","meta":[],"product_brand":[191],"product_cat":[276],"product_tag":[],"class_list":{"0":"post-16756","1":"product","2":"type-product","3":"status-publish","4":"has-post-thumbnail","6":"product_brand-biokera","7":"product_cat-serums-et-huiles","9":"first","10":"instock","11":"sale","12":"shipping-taxable","13":"purchasable","14":"product-type-simple"},"yoast_head":"<!-- This site is optimized with the Yoast SEO plugin v26.6 - https:\/\/yoast.com\/wordpress\/plugins\/seo\/ -->\r\n<title>BIOKERA NATURE TRAITEMENT ANTI PELLICULAIRE INTENSIF 6 AMPOULES 10ML - Paracherkaoui.ma<\/title>\r\n<meta name=\"robots\" content=\"index, follow, max-snippet:-1, max-image-preview:large, max-video-preview:-1\" \/>\r\n<link rel=\"canonical\" href=\"https:\/\/paracherkaoui.ma\/index.php\/produit\/biokera-nature-traitement-anti-pelliculaire-intensif-6-ampoules-10ml\/\" \/>\r\n<meta property=\"og:locale\" content=\"fr_FR\" \/>\r\n<meta property=\"og:type\" content=\"article\" \/>\r\n<meta property=\"og:title\" content=\"BIOKERA NATURE TRAITEMENT ANTI PELLICULAIRE INTENSIF 6 AMPOULES 10ML - Paracherkaoui.ma\" \/>\r\n<meta property=\"og:description\" content=\"Description: Traitement Sp\u00e9cifique Pellicules est une lotion id\u00e9ale pour des cheveux avec probl\u00e8mes dans le cycle de desquamation naturelle du\" \/>\r\n<meta property=\"og:url\" content=\"https:\/\/paracherkaoui.ma\/index.php\/produit\/biokera-nature-traitement-anti-pelliculaire-intensif-6-ampoules-10ml\/\" \/>\r\n<meta property=\"og:site_name\" content=\"Paracherkaoui.ma\" \/>\r\n<meta property=\"article:modified_time\" content=\"2025-12-12T16:58:48+00:00\" \/>\r\n<meta property=\"og:image\" content=\"https:\/\/paracherkaoui.ma\/wp-content\/uploads\/2025\/12\/biokera-biokera-nature-traitement-anti-pelliculaire-intensif-6-ampoules-10ml-serums-et-huiles.jpg\" \/>\r\n\t<meta property=\"og:image:width\" content=\"700\" \/>\r\n\t<meta property=\"og:image:height\" content=\"700\" \/>\r\n\t<meta property=\"og:image:type\" content=\"image\/jpeg\" \/>\r\n<meta name=\"twitter:card\" content=\"summary_large_image\" \/>\r\n<script type=\"application\/ld+json\" class=\"yoast-schema-graph\">{\"@context\":\"https:\/\/schema.org\",\"@graph\":[{\"@type\":\"WebPage\",\"@id\":\"https:\/\/paracherkaoui.ma\/index.php\/produit\/biokera-nature-traitement-anti-pelliculaire-intensif-6-ampoules-10ml\/\",\"url\":\"https:\/\/paracherkaoui.ma\/index.php\/produit\/biokera-nature-traitement-anti-pelliculaire-intensif-6-ampoules-10ml\/\",\"name\":\"BIOKERA NATURE TRAITEMENT ANTI PELLICULAIRE INTENSIF 6 AMPOULES 10ML - Paracherkaoui.ma\",\"isPartOf\":{\"@id\":\"https:\/\/paracherkaoui.ma\/#website\"},\"primaryImageOfPage\":{\"@id\":\"https:\/\/paracherkaoui.ma\/index.php\/produit\/biokera-nature-traitement-anti-pelliculaire-intensif-6-ampoules-10ml\/#primaryimage\"},\"image\":{\"@id\":\"https:\/\/paracherkaoui.ma\/index.php\/produit\/biokera-nature-traitement-anti-pelliculaire-intensif-6-ampoules-10ml\/#primaryimage\"},\"thumbnailUrl\":\"https:\/\/paracherkaoui.ma\/wp-content\/uploads\/2025\/12\/biokera-biokera-nature-traitement-anti-pelliculaire-intensif-6-ampoules-10ml-serums-et-huiles.jpg\",\"datePublished\":\"2025-12-12T16:54:56+00:00\",\"dateModified\":\"2025-12-12T16:58:48+00:00\",\"breadcrumb\":{\"@id\":\"https:\/\/paracherkaoui.ma\/index.php\/produit\/biokera-nature-traitement-anti-pelliculaire-intensif-6-ampoules-10ml\/#breadcrumb\"},\"inLanguage\":\"fr-FR\",\"potentialAction\":[{\"@type\":\"ReadAction\",\"target\":[\"https:\/\/paracherkaoui.ma\/index.php\/produit\/biokera-nature-traitement-anti-pelliculaire-intensif-6-ampoules-10ml\/\"]}]},{\"@type\":\"ImageObject\",\"inLanguage\":\"fr-FR\",\"@id\":\"https:\/\/paracherkaoui.ma\/index.php\/produit\/biokera-nature-traitement-anti-pelliculaire-intensif-6-ampoules-10ml\/#primaryimage\",\"url\":\"https:\/\/paracherkaoui.ma\/wp-content\/uploads\/2025\/12\/biokera-biokera-nature-traitement-anti-pelliculaire-intensif-6-ampoules-10ml-serums-et-huiles.jpg\",\"contentUrl\":\"https:\/\/paracherkaoui.ma\/wp-content\/uploads\/2025\/12\/biokera-biokera-nature-traitement-anti-pelliculaire-intensif-6-ampoules-10ml-serums-et-huiles.jpg\",\"width\":700,\"height\":700},{\"@type\":\"BreadcrumbList\",\"@id\":\"https:\/\/paracherkaoui.ma\/index.php\/produit\/biokera-nature-traitement-anti-pelliculaire-intensif-6-ampoules-10ml\/#breadcrumb\",\"itemListElement\":[{\"@type\":\"ListItem\",\"position\":1,\"name\":\"Accueil\",\"item\":\"https:\/\/paracherkaoui.ma\/\"},{\"@type\":\"ListItem\",\"position\":2,\"name\":\"Boutique\",\"item\":\"https:\/\/paracherkaoui.ma\/index.php\/boutique\/\"},{\"@type\":\"ListItem\",\"position\":3,\"name\":\"BIOKERA NATURE TRAITEMENT ANTI PELLICULAIRE INTENSIF 6 AMPOULES 10ML\"}]},{\"@type\":\"WebSite\",\"@id\":\"https:\/\/paracherkaoui.ma\/#website\",\"url\":\"https:\/\/paracherkaoui.ma\/\",\"name\":\"Paracherkaoui.ma\",\"description\":\"Achetez en ligne sur Paracherkaoui.ma\",\"potentialAction\":[{\"@type\":\"SearchAction\",\"target\":{\"@type\":\"EntryPoint\",\"urlTemplate\":\"https:\/\/paracherkaoui.ma\/?s={search_term_string}\"},\"query-input\":{\"@type\":\"PropertyValueSpecification\",\"valueRequired\":true,\"valueName\":\"search_term_string\"}}],\"inLanguage\":\"fr-FR\"}]}<\/script>\r\n<!-- \/ Yoast SEO plugin. -->","yoast_head_json":{"title":"BIOKERA NATURE TRAITEMENT ANTI PELLICULAIRE INTENSIF 6 AMPOULES 10ML - Paracherkaoui.ma","robots":{"index":"index","follow":"follow","max-snippet":"max-snippet:-1","max-image-preview":"max-image-preview:large","max-video-preview":"max-video-preview:-1"},"canonical":"https:\/\/paracherkaoui.ma\/index.php\/produit\/biokera-nature-traitement-anti-pelliculaire-intensif-6-ampoules-10ml\/","og_locale":"fr_FR","og_type":"article","og_title":"BIOKERA NATURE TRAITEMENT ANTI PELLICULAIRE INTENSIF 6 AMPOULES 10ML - Paracherkaoui.ma","og_description":"Description: Traitement Sp\u00e9cifique Pellicules est une lotion id\u00e9ale pour des cheveux avec probl\u00e8mes dans le cycle de desquamation naturelle du","og_url":"https:\/\/paracherkaoui.ma\/index.php\/produit\/biokera-nature-traitement-anti-pelliculaire-intensif-6-ampoules-10ml\/","og_site_name":"Paracherkaoui.ma","article_modified_time":"2025-12-12T16:58:48+00:00","og_image":[{"width":700,"height":700,"url":"https:\/\/paracherkaoui.ma\/wp-content\/uploads\/2025\/12\/biokera-biokera-nature-traitement-anti-pelliculaire-intensif-6-ampoules-10ml-serums-et-huiles.jpg","type":"image\/jpeg"}],"twitter_card":"summary_large_image","schema":{"@context":"https:\/\/schema.org","@graph":[{"@type":"WebPage","@id":"https:\/\/paracherkaoui.ma\/index.php\/produit\/biokera-nature-traitement-anti-pelliculaire-intensif-6-ampoules-10ml\/","url":"https:\/\/paracherkaoui.ma\/index.php\/produit\/biokera-nature-traitement-anti-pelliculaire-intensif-6-ampoules-10ml\/","name":"BIOKERA NATURE TRAITEMENT ANTI PELLICULAIRE INTENSIF 6 AMPOULES 10ML - Paracherkaoui.ma","isPartOf":{"@id":"https:\/\/paracherkaoui.ma\/#website"},"primaryImageOfPage":{"@id":"https:\/\/paracherkaoui.ma\/index.php\/produit\/biokera-nature-traitement-anti-pelliculaire-intensif-6-ampoules-10ml\/#primaryimage"},"image":{"@id":"https:\/\/paracherkaoui.ma\/index.php\/produit\/biokera-nature-traitement-anti-pelliculaire-intensif-6-ampoules-10ml\/#primaryimage"},"thumbnailUrl":"https:\/\/paracherkaoui.ma\/wp-content\/uploads\/2025\/12\/biokera-biokera-nature-traitement-anti-pelliculaire-intensif-6-ampoules-10ml-serums-et-huiles.jpg","datePublished":"2025-12-12T16:54:56+00:00","dateModified":"2025-12-12T16:58:48+00:00","breadcrumb":{"@id":"https:\/\/paracherkaoui.ma\/index.php\/produit\/biokera-nature-traitement-anti-pelliculaire-intensif-6-ampoules-10ml\/#breadcrumb"},"inLanguage":"fr-FR","potentialAction":[{"@type":"ReadAction","target":["https:\/\/paracherkaoui.ma\/index.php\/produit\/biokera-nature-traitement-anti-pelliculaire-intensif-6-ampoules-10ml\/"]}]},{"@type":"ImageObject","inLanguage":"fr-FR","@id":"https:\/\/paracherkaoui.ma\/index.php\/produit\/biokera-nature-traitement-anti-pelliculaire-intensif-6-ampoules-10ml\/#primaryimage","url":"https:\/\/paracherkaoui.ma\/wp-content\/uploads\/2025\/12\/biokera-biokera-nature-traitement-anti-pelliculaire-intensif-6-ampoules-10ml-serums-et-huiles.jpg","contentUrl":"https:\/\/paracherkaoui.ma\/wp-content\/uploads\/2025\/12\/biokera-biokera-nature-traitement-anti-pelliculaire-intensif-6-ampoules-10ml-serums-et-huiles.jpg","width":700,"height":700},{"@type":"BreadcrumbList","@id":"https:\/\/paracherkaoui.ma\/index.php\/produit\/biokera-nature-traitement-anti-pelliculaire-intensif-6-ampoules-10ml\/#breadcrumb","itemListElement":[{"@type":"ListItem","position":1,"name":"Accueil","item":"https:\/\/paracherkaoui.ma\/"},{"@type":"ListItem","position":2,"name":"Boutique","item":"https:\/\/paracherkaoui.ma\/index.php\/boutique\/"},{"@type":"ListItem","position":3,"name":"BIOKERA NATURE TRAITEMENT ANTI PELLICULAIRE INTENSIF 6 AMPOULES 10ML"}]},{"@type":"WebSite","@id":"https:\/\/paracherkaoui.ma\/#website","url":"https:\/\/paracherkaoui.ma\/","name":"Paracherkaoui.ma","description":"Achetez en ligne sur Paracherkaoui.ma","potentialAction":[{"@type":"SearchAction","target":{"@type":"EntryPoint","urlTemplate":"https:\/\/paracherkaoui.ma\/?s={search_term_string}"},"query-input":{"@type":"PropertyValueSpecification","valueRequired":true,"valueName":"search_term_string"}}],"inLanguage":"fr-FR"}]}},"_links":{"self":[{"href":"https:\/\/paracherkaoui.ma\/index.php\/wp-json\/wp\/v2\/product\/16756","targetHints":{"allow":["GET"]}}],"collection":[{"href":"https:\/\/paracherkaoui.ma\/index.php\/wp-json\/wp\/v2\/product"}],"about":[{"href":"https:\/\/paracherkaoui.ma\/index.php\/wp-json\/wp\/v2\/types\/product"}],"replies":[{"embeddable":true,"href":"https:\/\/paracherkaoui.ma\/index.php\/wp-json\/wp\/v2\/comments?post=16756"}],"version-history":[{"count":1,"href":"https:\/\/paracherkaoui.ma\/index.php\/wp-json\/wp\/v2\/product\/16756\/revisions"}],"predecessor-version":[{"id":17003,"href":"https:\/\/paracherkaoui.ma\/index.php\/wp-json\/wp\/v2\/product\/16756\/revisions\/17003"}],"wp:featuredmedia":[{"embeddable":true,"href":"https:\/\/paracherkaoui.ma\/index.php\/wp-json\/wp\/v2\/media\/17002"}],"wp:attachment":[{"href":"https:\/\/paracherkaoui.ma\/index.php\/wp-json\/wp\/v2\/media?parent=16756"}],"wp:term":[{"taxonomy":"product_brand","embeddable":true,"href":"https:\/\/paracherkaoui.ma\/index.php\/wp-json\/wp\/v2\/product_brand?post=16756"},{"taxonomy":"product_cat","embeddable":true,"href":"https:\/\/paracherkaoui.ma\/index.php\/wp-json\/wp\/v2\/product_cat?post=16756"},{"taxonomy":"product_tag","embeddable":true,"href":"https:\/\/paracherkaoui.ma\/index.php\/wp-json\/wp\/v2\/product_tag?post=16756"}],"curies":[{"name":"wp","href":"https:\/\/api.w.org\/{rel}","templated":true}]}}