{"id":16751,"date":"2025-12-12T17:54:56","date_gmt":"2025-12-12T16:54:56","guid":{"rendered":"https:\/\/test.ecbeaute.com\/?post_type=product&#038;p=16751"},"modified":"2025-12-12T17:58:47","modified_gmt":"2025-12-12T16:58:47","slug":"crescina-hfsc-500-homme-regrowth-traitement-complet-anti-chute-de-cheveux","status":"publish","type":"product","link":"https:\/\/paracherkaoui.ma\/index.php\/produit\/crescina-hfsc-500-homme-regrowth-traitement-complet-anti-chute-de-cheveux\/","title":{"rendered":"CRESCINA HFSC 500 HOMME REGROWTH TRAITEMENT COMPLET ANTI CHUTE DE CHEVEUX"},"content":{"rendered":"<p>Crescina HFSC Transdermic est un produit cosm\u00e9tique en flacons con\u00e7u sp\u00e9cifiquement pour favoriser la repousse physiologique des cheveux. Il cible les zones d\u2019\u00e9claircissement du cuir chevelu o\u00f9 les bulbes pileux ne sont pas compl\u00e8tement atrophi\u00e9s. Voici quelques points cl\u00e9s concernant ce traitement anti-chute complet :<br \/>\nCaract\u00e9ristiques :<br \/>\nRepousse Physiologique :\u00a0Le produit vise \u00e0 favoriser la repousse des cheveux de mani\u00e8re physiologique, agissant sur les zones d\u2019\u00e9claircissement.<br \/>\nBulbes Pileux Non Atrophi\u00e9s :\u00a0Il est particuli\u00e8rement efficace l\u00e0 o\u00f9 les bulbes pileux ne sont pas compl\u00e8tement atrophi\u00e9s, offrant une solution adapt\u00e9e \u00e0 ces situations.<br \/>\nConseils d&rsquo;utilisation:<br \/>\nApplication Quotidienne :\u00a0Il est probablement recommand\u00e9 d\u2019appliquer le produit quotidiennement selon les instructions fournies.<br \/>\nSur Cuir Chevelu Sec et Propre :\u00a0L\u2019application se fait g\u00e9n\u00e9ralement sur le cuir chevelu sec et propre, en concentrant l\u2019application sur les zones d\u2019\u00e9claircissement.<\/p>\n","protected":false},"excerpt":{"rendered":"<p>Crescina HFSC Transdermic est un produit cosm\u00e9tique en flacons con\u00e7u sp\u00e9cifiquement pour favoriser la repousse physiologique des cheveux. Il cible<\/p>\n","protected":false},"featured_media":16992,"comment_status":"open","ping_status":"closed","template":"","meta":[],"product_brand":[281],"product_cat":[276],"product_tag":[],"class_list":{"0":"post-16751","1":"product","2":"type-product","3":"status-publish","4":"has-post-thumbnail","6":"product_brand-crescina","7":"product_cat-serums-et-huiles","9":"first","10":"instock","11":"sale","12":"shipping-taxable","13":"purchasable","14":"product-type-simple"},"yoast_head":"<!-- This site is optimized with the Yoast SEO plugin v26.6 - https:\/\/yoast.com\/wordpress\/plugins\/seo\/ -->\r\n<title>CRESCINA HFSC 500 HOMME REGROWTH TRAITEMENT COMPLET ANTI CHUTE DE CHEVEUX - Paracherkaoui.ma<\/title>\r\n<meta name=\"robots\" content=\"index, follow, max-snippet:-1, max-image-preview:large, max-video-preview:-1\" \/>\r\n<link rel=\"canonical\" href=\"https:\/\/paracherkaoui.ma\/index.php\/produit\/crescina-hfsc-500-homme-regrowth-traitement-complet-anti-chute-de-cheveux\/\" \/>\r\n<meta property=\"og:locale\" content=\"fr_FR\" \/>\r\n<meta property=\"og:type\" content=\"article\" \/>\r\n<meta property=\"og:title\" content=\"CRESCINA HFSC 500 HOMME REGROWTH TRAITEMENT COMPLET ANTI CHUTE DE CHEVEUX - Paracherkaoui.ma\" \/>\r\n<meta property=\"og:description\" content=\"Crescina HFSC Transdermic est un produit cosm\u00e9tique en flacons con\u00e7u sp\u00e9cifiquement pour favoriser la repousse physiologique des cheveux. Il cible\" \/>\r\n<meta property=\"og:url\" content=\"https:\/\/paracherkaoui.ma\/index.php\/produit\/crescina-hfsc-500-homme-regrowth-traitement-complet-anti-chute-de-cheveux\/\" \/>\r\n<meta property=\"og:site_name\" content=\"Paracherkaoui.ma\" \/>\r\n<meta property=\"article:modified_time\" content=\"2025-12-12T16:58:47+00:00\" \/>\r\n<meta property=\"og:image\" content=\"https:\/\/paracherkaoui.ma\/wp-content\/uploads\/2025\/12\/crescina-crescina-hfsc-500-homme-regrowth-traitement-complet-anti-chute-de-cheveux-serum-et-huiles.jpg\" \/>\r\n\t<meta property=\"og:image:width\" content=\"700\" \/>\r\n\t<meta property=\"og:image:height\" content=\"700\" \/>\r\n\t<meta property=\"og:image:type\" content=\"image\/jpeg\" \/>\r\n<meta name=\"twitter:card\" content=\"summary_large_image\" \/>\r\n<meta name=\"twitter:label1\" content=\"Dur\u00e9e de lecture estim\u00e9e\" \/>\n\t<meta name=\"twitter:data1\" content=\"1 minute\" \/>\r\n<script type=\"application\/ld+json\" class=\"yoast-schema-graph\">{\"@context\":\"https:\/\/schema.org\",\"@graph\":[{\"@type\":\"WebPage\",\"@id\":\"https:\/\/paracherkaoui.ma\/index.php\/produit\/crescina-hfsc-500-homme-regrowth-traitement-complet-anti-chute-de-cheveux\/\",\"url\":\"https:\/\/paracherkaoui.ma\/index.php\/produit\/crescina-hfsc-500-homme-regrowth-traitement-complet-anti-chute-de-cheveux\/\",\"name\":\"CRESCINA HFSC 500 HOMME REGROWTH TRAITEMENT COMPLET ANTI CHUTE DE CHEVEUX - Paracherkaoui.ma\",\"isPartOf\":{\"@id\":\"https:\/\/paracherkaoui.ma\/#website\"},\"primaryImageOfPage\":{\"@id\":\"https:\/\/paracherkaoui.ma\/index.php\/produit\/crescina-hfsc-500-homme-regrowth-traitement-complet-anti-chute-de-cheveux\/#primaryimage\"},\"image\":{\"@id\":\"https:\/\/paracherkaoui.ma\/index.php\/produit\/crescina-hfsc-500-homme-regrowth-traitement-complet-anti-chute-de-cheveux\/#primaryimage\"},\"thumbnailUrl\":\"https:\/\/paracherkaoui.ma\/wp-content\/uploads\/2025\/12\/crescina-crescina-hfsc-500-homme-regrowth-traitement-complet-anti-chute-de-cheveux-serum-et-huiles.jpg\",\"datePublished\":\"2025-12-12T16:54:56+00:00\",\"dateModified\":\"2025-12-12T16:58:47+00:00\",\"breadcrumb\":{\"@id\":\"https:\/\/paracherkaoui.ma\/index.php\/produit\/crescina-hfsc-500-homme-regrowth-traitement-complet-anti-chute-de-cheveux\/#breadcrumb\"},\"inLanguage\":\"fr-FR\",\"potentialAction\":[{\"@type\":\"ReadAction\",\"target\":[\"https:\/\/paracherkaoui.ma\/index.php\/produit\/crescina-hfsc-500-homme-regrowth-traitement-complet-anti-chute-de-cheveux\/\"]}]},{\"@type\":\"ImageObject\",\"inLanguage\":\"fr-FR\",\"@id\":\"https:\/\/paracherkaoui.ma\/index.php\/produit\/crescina-hfsc-500-homme-regrowth-traitement-complet-anti-chute-de-cheveux\/#primaryimage\",\"url\":\"https:\/\/paracherkaoui.ma\/wp-content\/uploads\/2025\/12\/crescina-crescina-hfsc-500-homme-regrowth-traitement-complet-anti-chute-de-cheveux-serum-et-huiles.jpg\",\"contentUrl\":\"https:\/\/paracherkaoui.ma\/wp-content\/uploads\/2025\/12\/crescina-crescina-hfsc-500-homme-regrowth-traitement-complet-anti-chute-de-cheveux-serum-et-huiles.jpg\",\"width\":700,\"height\":700},{\"@type\":\"BreadcrumbList\",\"@id\":\"https:\/\/paracherkaoui.ma\/index.php\/produit\/crescina-hfsc-500-homme-regrowth-traitement-complet-anti-chute-de-cheveux\/#breadcrumb\",\"itemListElement\":[{\"@type\":\"ListItem\",\"position\":1,\"name\":\"Accueil\",\"item\":\"https:\/\/paracherkaoui.ma\/\"},{\"@type\":\"ListItem\",\"position\":2,\"name\":\"Boutique\",\"item\":\"https:\/\/paracherkaoui.ma\/index.php\/boutique\/\"},{\"@type\":\"ListItem\",\"position\":3,\"name\":\"CRESCINA HFSC 500 HOMME REGROWTH TRAITEMENT COMPLET ANTI CHUTE DE CHEVEUX\"}]},{\"@type\":\"WebSite\",\"@id\":\"https:\/\/paracherkaoui.ma\/#website\",\"url\":\"https:\/\/paracherkaoui.ma\/\",\"name\":\"Paracherkaoui.ma\",\"description\":\"Achetez en ligne sur Paracherkaoui.ma\",\"potentialAction\":[{\"@type\":\"SearchAction\",\"target\":{\"@type\":\"EntryPoint\",\"urlTemplate\":\"https:\/\/paracherkaoui.ma\/?s={search_term_string}\"},\"query-input\":{\"@type\":\"PropertyValueSpecification\",\"valueRequired\":true,\"valueName\":\"search_term_string\"}}],\"inLanguage\":\"fr-FR\"}]}<\/script>\r\n<!-- \/ Yoast SEO plugin. -->","yoast_head_json":{"title":"CRESCINA HFSC 500 HOMME REGROWTH TRAITEMENT COMPLET ANTI CHUTE DE CHEVEUX - Paracherkaoui.ma","robots":{"index":"index","follow":"follow","max-snippet":"max-snippet:-1","max-image-preview":"max-image-preview:large","max-video-preview":"max-video-preview:-1"},"canonical":"https:\/\/paracherkaoui.ma\/index.php\/produit\/crescina-hfsc-500-homme-regrowth-traitement-complet-anti-chute-de-cheveux\/","og_locale":"fr_FR","og_type":"article","og_title":"CRESCINA HFSC 500 HOMME REGROWTH TRAITEMENT COMPLET ANTI CHUTE DE CHEVEUX - Paracherkaoui.ma","og_description":"Crescina HFSC Transdermic est un produit cosm\u00e9tique en flacons con\u00e7u sp\u00e9cifiquement pour favoriser la repousse physiologique des cheveux. Il cible","og_url":"https:\/\/paracherkaoui.ma\/index.php\/produit\/crescina-hfsc-500-homme-regrowth-traitement-complet-anti-chute-de-cheveux\/","og_site_name":"Paracherkaoui.ma","article_modified_time":"2025-12-12T16:58:47+00:00","og_image":[{"width":700,"height":700,"url":"https:\/\/paracherkaoui.ma\/wp-content\/uploads\/2025\/12\/crescina-crescina-hfsc-500-homme-regrowth-traitement-complet-anti-chute-de-cheveux-serum-et-huiles.jpg","type":"image\/jpeg"}],"twitter_card":"summary_large_image","twitter_misc":{"Dur\u00e9e de lecture estim\u00e9e":"1 minute"},"schema":{"@context":"https:\/\/schema.org","@graph":[{"@type":"WebPage","@id":"https:\/\/paracherkaoui.ma\/index.php\/produit\/crescina-hfsc-500-homme-regrowth-traitement-complet-anti-chute-de-cheveux\/","url":"https:\/\/paracherkaoui.ma\/index.php\/produit\/crescina-hfsc-500-homme-regrowth-traitement-complet-anti-chute-de-cheveux\/","name":"CRESCINA HFSC 500 HOMME REGROWTH TRAITEMENT COMPLET ANTI CHUTE DE CHEVEUX - Paracherkaoui.ma","isPartOf":{"@id":"https:\/\/paracherkaoui.ma\/#website"},"primaryImageOfPage":{"@id":"https:\/\/paracherkaoui.ma\/index.php\/produit\/crescina-hfsc-500-homme-regrowth-traitement-complet-anti-chute-de-cheveux\/#primaryimage"},"image":{"@id":"https:\/\/paracherkaoui.ma\/index.php\/produit\/crescina-hfsc-500-homme-regrowth-traitement-complet-anti-chute-de-cheveux\/#primaryimage"},"thumbnailUrl":"https:\/\/paracherkaoui.ma\/wp-content\/uploads\/2025\/12\/crescina-crescina-hfsc-500-homme-regrowth-traitement-complet-anti-chute-de-cheveux-serum-et-huiles.jpg","datePublished":"2025-12-12T16:54:56+00:00","dateModified":"2025-12-12T16:58:47+00:00","breadcrumb":{"@id":"https:\/\/paracherkaoui.ma\/index.php\/produit\/crescina-hfsc-500-homme-regrowth-traitement-complet-anti-chute-de-cheveux\/#breadcrumb"},"inLanguage":"fr-FR","potentialAction":[{"@type":"ReadAction","target":["https:\/\/paracherkaoui.ma\/index.php\/produit\/crescina-hfsc-500-homme-regrowth-traitement-complet-anti-chute-de-cheveux\/"]}]},{"@type":"ImageObject","inLanguage":"fr-FR","@id":"https:\/\/paracherkaoui.ma\/index.php\/produit\/crescina-hfsc-500-homme-regrowth-traitement-complet-anti-chute-de-cheveux\/#primaryimage","url":"https:\/\/paracherkaoui.ma\/wp-content\/uploads\/2025\/12\/crescina-crescina-hfsc-500-homme-regrowth-traitement-complet-anti-chute-de-cheveux-serum-et-huiles.jpg","contentUrl":"https:\/\/paracherkaoui.ma\/wp-content\/uploads\/2025\/12\/crescina-crescina-hfsc-500-homme-regrowth-traitement-complet-anti-chute-de-cheveux-serum-et-huiles.jpg","width":700,"height":700},{"@type":"BreadcrumbList","@id":"https:\/\/paracherkaoui.ma\/index.php\/produit\/crescina-hfsc-500-homme-regrowth-traitement-complet-anti-chute-de-cheveux\/#breadcrumb","itemListElement":[{"@type":"ListItem","position":1,"name":"Accueil","item":"https:\/\/paracherkaoui.ma\/"},{"@type":"ListItem","position":2,"name":"Boutique","item":"https:\/\/paracherkaoui.ma\/index.php\/boutique\/"},{"@type":"ListItem","position":3,"name":"CRESCINA HFSC 500 HOMME REGROWTH TRAITEMENT COMPLET ANTI CHUTE DE CHEVEUX"}]},{"@type":"WebSite","@id":"https:\/\/paracherkaoui.ma\/#website","url":"https:\/\/paracherkaoui.ma\/","name":"Paracherkaoui.ma","description":"Achetez en ligne sur Paracherkaoui.ma","potentialAction":[{"@type":"SearchAction","target":{"@type":"EntryPoint","urlTemplate":"https:\/\/paracherkaoui.ma\/?s={search_term_string}"},"query-input":{"@type":"PropertyValueSpecification","valueRequired":true,"valueName":"search_term_string"}}],"inLanguage":"fr-FR"}]}},"_links":{"self":[{"href":"https:\/\/paracherkaoui.ma\/index.php\/wp-json\/wp\/v2\/product\/16751","targetHints":{"allow":["GET"]}}],"collection":[{"href":"https:\/\/paracherkaoui.ma\/index.php\/wp-json\/wp\/v2\/product"}],"about":[{"href":"https:\/\/paracherkaoui.ma\/index.php\/wp-json\/wp\/v2\/types\/product"}],"replies":[{"embeddable":true,"href":"https:\/\/paracherkaoui.ma\/index.php\/wp-json\/wp\/v2\/comments?post=16751"}],"version-history":[{"count":1,"href":"https:\/\/paracherkaoui.ma\/index.php\/wp-json\/wp\/v2\/product\/16751\/revisions"}],"predecessor-version":[{"id":16993,"href":"https:\/\/paracherkaoui.ma\/index.php\/wp-json\/wp\/v2\/product\/16751\/revisions\/16993"}],"wp:featuredmedia":[{"embeddable":true,"href":"https:\/\/paracherkaoui.ma\/index.php\/wp-json\/wp\/v2\/media\/16992"}],"wp:attachment":[{"href":"https:\/\/paracherkaoui.ma\/index.php\/wp-json\/wp\/v2\/media?parent=16751"}],"wp:term":[{"taxonomy":"product_brand","embeddable":true,"href":"https:\/\/paracherkaoui.ma\/index.php\/wp-json\/wp\/v2\/product_brand?post=16751"},{"taxonomy":"product_cat","embeddable":true,"href":"https:\/\/paracherkaoui.ma\/index.php\/wp-json\/wp\/v2\/product_cat?post=16751"},{"taxonomy":"product_tag","embeddable":true,"href":"https:\/\/paracherkaoui.ma\/index.php\/wp-json\/wp\/v2\/product_tag?post=16751"}],"curies":[{"name":"wp","href":"https:\/\/api.w.org\/{rel}","templated":true}]}}