{"id":16740,"date":"2025-12-12T17:54:55","date_gmt":"2025-12-12T16:54:55","guid":{"rendered":"https:\/\/test.ecbeaute.com\/?post_type=product&#038;p=16740"},"modified":"2025-12-12T17:58:42","modified_gmt":"2025-12-12T16:58:42","slug":"floxia-serum-capillaire-floxia-serum-50-ml","status":"publish","type":"product","link":"https:\/\/paracherkaoui.ma\/index.php\/produit\/floxia-serum-capillaire-floxia-serum-50-ml\/","title":{"rendered":"FLOXIA SERUM CAPILLAIRE FLOXIA SERUM 50 ML"},"content":{"rendered":"<p>Le S\u00e9rum Capillaire est le\u00a0soin cheveux\u00a0qu\u2019il faut \u00e0 votre crini\u00e8re ! Ce s\u00e9rum stimule la pousse du cheveu. Sa formule enrichie aux actifs r\u00e9parateurs et stimulants limite les chutes. Jour apr\u00e8s jour, la chevelure est brillante et \u00e9clatante de sant\u00e9.<br \/>\nLe S\u00e9rum Capillaire stimule la\u00a0pousse des cheveux, mais pas seulement : C\u2019est un soin capillaire complet\u00a0sans rin\u00e7age, Il lutte efficacement contre la\u00a0chute de cheveux, C\u2019est un\u00a0booster de croissance,\u00a0Il\u00a0renforce et r\u00e9pare les cheveux, Il\u00a0les nourrit\u00a0en profondeur<br \/>\nAdoptez une belle et longue chevelure avec l\u2019ajout de quelques gouttes de ce\u00a0soin capillaire\u00a0dans votre routine beaut\u00e9. Sa triple action limite la chute des cheveux, stimule leur croissance et les r\u00e9pare de la racine jusqu\u2019aux pointes. Au fil des jours, votre crini\u00e8re est renforc\u00e9e, soyeuse et l\u00e9g\u00e8re, comme si vous sortiez de chez le coiffeur.<br \/>\nConseils d&rsquo;utilisation:<br \/>\nVersez une petite quantit\u00e9 du s\u00e9rum capillaire dans votre main. Une \u00e0 deux pressions suffisent pour prendre soin de toute votre chevelure. Faites chauffer le soin entre vos doigts, puis r\u00e9partissez-le sur votre cuir chevelu. Insistez sur les zones concern\u00e9es par la chute de cheveux. Mettez une plus grande quantit\u00e9 de s\u00e9rum sur les parties clairsem\u00e9es, o\u00f9 le cheveu est plus fin et fragile.<\/p>\n","protected":false},"excerpt":{"rendered":"<p>Le S\u00e9rum Capillaire est le\u00a0soin cheveux\u00a0qu\u2019il faut \u00e0 votre crini\u00e8re ! Ce s\u00e9rum stimule la pousse du cheveu. Sa formule<\/p>\n","protected":false},"featured_media":16971,"comment_status":"open","ping_status":"closed","template":"","meta":[],"product_brand":[300],"product_cat":[276],"product_tag":[],"class_list":{"0":"post-16740","1":"product","2":"type-product","3":"status-publish","4":"has-post-thumbnail","6":"product_brand-floxia","7":"product_cat-serums-et-huiles","9":"first","10":"instock","11":"sale","12":"shipping-taxable","13":"purchasable","14":"product-type-simple"},"yoast_head":"<!-- This site is optimized with the Yoast SEO plugin v26.6 - https:\/\/yoast.com\/wordpress\/plugins\/seo\/ -->\r\n<title>FLOXIA SERUM CAPILLAIRE FLOXIA SERUM 50 ML - Paracherkaoui.ma<\/title>\r\n<meta name=\"robots\" content=\"index, follow, max-snippet:-1, max-image-preview:large, max-video-preview:-1\" \/>\r\n<link rel=\"canonical\" href=\"https:\/\/paracherkaoui.ma\/index.php\/produit\/floxia-serum-capillaire-floxia-serum-50-ml\/\" \/>\r\n<meta property=\"og:locale\" content=\"fr_FR\" \/>\r\n<meta property=\"og:type\" content=\"article\" \/>\r\n<meta property=\"og:title\" content=\"FLOXIA SERUM CAPILLAIRE FLOXIA SERUM 50 ML - Paracherkaoui.ma\" \/>\r\n<meta property=\"og:description\" content=\"Le S\u00e9rum Capillaire est le\u00a0soin cheveux\u00a0qu\u2019il faut \u00e0 votre crini\u00e8re ! Ce s\u00e9rum stimule la pousse du cheveu. Sa formule\" \/>\r\n<meta property=\"og:url\" content=\"https:\/\/paracherkaoui.ma\/index.php\/produit\/floxia-serum-capillaire-floxia-serum-50-ml\/\" \/>\r\n<meta property=\"og:site_name\" content=\"Paracherkaoui.ma\" \/>\r\n<meta property=\"article:modified_time\" content=\"2025-12-12T16:58:42+00:00\" \/>\r\n<meta property=\"og:image\" content=\"https:\/\/paracherkaoui.ma\/wp-content\/uploads\/2025\/12\/floxia-serum-capillaire-floxia-serum-50-ml.jpg\" \/>\r\n\t<meta property=\"og:image:width\" content=\"700\" \/>\r\n\t<meta property=\"og:image:height\" content=\"700\" \/>\r\n\t<meta property=\"og:image:type\" content=\"image\/jpeg\" \/>\r\n<meta name=\"twitter:card\" content=\"summary_large_image\" \/>\r\n<meta name=\"twitter:label1\" content=\"Dur\u00e9e de lecture estim\u00e9e\" \/>\n\t<meta name=\"twitter:data1\" content=\"1 minute\" \/>\r\n<script type=\"application\/ld+json\" class=\"yoast-schema-graph\">{\"@context\":\"https:\/\/schema.org\",\"@graph\":[{\"@type\":\"WebPage\",\"@id\":\"https:\/\/paracherkaoui.ma\/index.php\/produit\/floxia-serum-capillaire-floxia-serum-50-ml\/\",\"url\":\"https:\/\/paracherkaoui.ma\/index.php\/produit\/floxia-serum-capillaire-floxia-serum-50-ml\/\",\"name\":\"FLOXIA SERUM CAPILLAIRE FLOXIA SERUM 50 ML - Paracherkaoui.ma\",\"isPartOf\":{\"@id\":\"https:\/\/paracherkaoui.ma\/#website\"},\"primaryImageOfPage\":{\"@id\":\"https:\/\/paracherkaoui.ma\/index.php\/produit\/floxia-serum-capillaire-floxia-serum-50-ml\/#primaryimage\"},\"image\":{\"@id\":\"https:\/\/paracherkaoui.ma\/index.php\/produit\/floxia-serum-capillaire-floxia-serum-50-ml\/#primaryimage\"},\"thumbnailUrl\":\"https:\/\/paracherkaoui.ma\/wp-content\/uploads\/2025\/12\/floxia-serum-capillaire-floxia-serum-50-ml.jpg\",\"datePublished\":\"2025-12-12T16:54:55+00:00\",\"dateModified\":\"2025-12-12T16:58:42+00:00\",\"breadcrumb\":{\"@id\":\"https:\/\/paracherkaoui.ma\/index.php\/produit\/floxia-serum-capillaire-floxia-serum-50-ml\/#breadcrumb\"},\"inLanguage\":\"fr-FR\",\"potentialAction\":[{\"@type\":\"ReadAction\",\"target\":[\"https:\/\/paracherkaoui.ma\/index.php\/produit\/floxia-serum-capillaire-floxia-serum-50-ml\/\"]}]},{\"@type\":\"ImageObject\",\"inLanguage\":\"fr-FR\",\"@id\":\"https:\/\/paracherkaoui.ma\/index.php\/produit\/floxia-serum-capillaire-floxia-serum-50-ml\/#primaryimage\",\"url\":\"https:\/\/paracherkaoui.ma\/wp-content\/uploads\/2025\/12\/floxia-serum-capillaire-floxia-serum-50-ml.jpg\",\"contentUrl\":\"https:\/\/paracherkaoui.ma\/wp-content\/uploads\/2025\/12\/floxia-serum-capillaire-floxia-serum-50-ml.jpg\",\"width\":700,\"height\":700},{\"@type\":\"BreadcrumbList\",\"@id\":\"https:\/\/paracherkaoui.ma\/index.php\/produit\/floxia-serum-capillaire-floxia-serum-50-ml\/#breadcrumb\",\"itemListElement\":[{\"@type\":\"ListItem\",\"position\":1,\"name\":\"Accueil\",\"item\":\"https:\/\/paracherkaoui.ma\/\"},{\"@type\":\"ListItem\",\"position\":2,\"name\":\"Boutique\",\"item\":\"https:\/\/paracherkaoui.ma\/index.php\/boutique\/\"},{\"@type\":\"ListItem\",\"position\":3,\"name\":\"FLOXIA SERUM CAPILLAIRE FLOXIA SERUM 50 ML\"}]},{\"@type\":\"WebSite\",\"@id\":\"https:\/\/paracherkaoui.ma\/#website\",\"url\":\"https:\/\/paracherkaoui.ma\/\",\"name\":\"Paracherkaoui.ma\",\"description\":\"Achetez en ligne sur Paracherkaoui.ma\",\"potentialAction\":[{\"@type\":\"SearchAction\",\"target\":{\"@type\":\"EntryPoint\",\"urlTemplate\":\"https:\/\/paracherkaoui.ma\/?s={search_term_string}\"},\"query-input\":{\"@type\":\"PropertyValueSpecification\",\"valueRequired\":true,\"valueName\":\"search_term_string\"}}],\"inLanguage\":\"fr-FR\"}]}<\/script>\r\n<!-- \/ Yoast SEO plugin. -->","yoast_head_json":{"title":"FLOXIA SERUM CAPILLAIRE FLOXIA SERUM 50 ML - Paracherkaoui.ma","robots":{"index":"index","follow":"follow","max-snippet":"max-snippet:-1","max-image-preview":"max-image-preview:large","max-video-preview":"max-video-preview:-1"},"canonical":"https:\/\/paracherkaoui.ma\/index.php\/produit\/floxia-serum-capillaire-floxia-serum-50-ml\/","og_locale":"fr_FR","og_type":"article","og_title":"FLOXIA SERUM CAPILLAIRE FLOXIA SERUM 50 ML - Paracherkaoui.ma","og_description":"Le S\u00e9rum Capillaire est le\u00a0soin cheveux\u00a0qu\u2019il faut \u00e0 votre crini\u00e8re ! Ce s\u00e9rum stimule la pousse du cheveu. Sa formule","og_url":"https:\/\/paracherkaoui.ma\/index.php\/produit\/floxia-serum-capillaire-floxia-serum-50-ml\/","og_site_name":"Paracherkaoui.ma","article_modified_time":"2025-12-12T16:58:42+00:00","og_image":[{"width":700,"height":700,"url":"https:\/\/paracherkaoui.ma\/wp-content\/uploads\/2025\/12\/floxia-serum-capillaire-floxia-serum-50-ml.jpg","type":"image\/jpeg"}],"twitter_card":"summary_large_image","twitter_misc":{"Dur\u00e9e de lecture estim\u00e9e":"1 minute"},"schema":{"@context":"https:\/\/schema.org","@graph":[{"@type":"WebPage","@id":"https:\/\/paracherkaoui.ma\/index.php\/produit\/floxia-serum-capillaire-floxia-serum-50-ml\/","url":"https:\/\/paracherkaoui.ma\/index.php\/produit\/floxia-serum-capillaire-floxia-serum-50-ml\/","name":"FLOXIA SERUM CAPILLAIRE FLOXIA SERUM 50 ML - Paracherkaoui.ma","isPartOf":{"@id":"https:\/\/paracherkaoui.ma\/#website"},"primaryImageOfPage":{"@id":"https:\/\/paracherkaoui.ma\/index.php\/produit\/floxia-serum-capillaire-floxia-serum-50-ml\/#primaryimage"},"image":{"@id":"https:\/\/paracherkaoui.ma\/index.php\/produit\/floxia-serum-capillaire-floxia-serum-50-ml\/#primaryimage"},"thumbnailUrl":"https:\/\/paracherkaoui.ma\/wp-content\/uploads\/2025\/12\/floxia-serum-capillaire-floxia-serum-50-ml.jpg","datePublished":"2025-12-12T16:54:55+00:00","dateModified":"2025-12-12T16:58:42+00:00","breadcrumb":{"@id":"https:\/\/paracherkaoui.ma\/index.php\/produit\/floxia-serum-capillaire-floxia-serum-50-ml\/#breadcrumb"},"inLanguage":"fr-FR","potentialAction":[{"@type":"ReadAction","target":["https:\/\/paracherkaoui.ma\/index.php\/produit\/floxia-serum-capillaire-floxia-serum-50-ml\/"]}]},{"@type":"ImageObject","inLanguage":"fr-FR","@id":"https:\/\/paracherkaoui.ma\/index.php\/produit\/floxia-serum-capillaire-floxia-serum-50-ml\/#primaryimage","url":"https:\/\/paracherkaoui.ma\/wp-content\/uploads\/2025\/12\/floxia-serum-capillaire-floxia-serum-50-ml.jpg","contentUrl":"https:\/\/paracherkaoui.ma\/wp-content\/uploads\/2025\/12\/floxia-serum-capillaire-floxia-serum-50-ml.jpg","width":700,"height":700},{"@type":"BreadcrumbList","@id":"https:\/\/paracherkaoui.ma\/index.php\/produit\/floxia-serum-capillaire-floxia-serum-50-ml\/#breadcrumb","itemListElement":[{"@type":"ListItem","position":1,"name":"Accueil","item":"https:\/\/paracherkaoui.ma\/"},{"@type":"ListItem","position":2,"name":"Boutique","item":"https:\/\/paracherkaoui.ma\/index.php\/boutique\/"},{"@type":"ListItem","position":3,"name":"FLOXIA SERUM CAPILLAIRE FLOXIA SERUM 50 ML"}]},{"@type":"WebSite","@id":"https:\/\/paracherkaoui.ma\/#website","url":"https:\/\/paracherkaoui.ma\/","name":"Paracherkaoui.ma","description":"Achetez en ligne sur Paracherkaoui.ma","potentialAction":[{"@type":"SearchAction","target":{"@type":"EntryPoint","urlTemplate":"https:\/\/paracherkaoui.ma\/?s={search_term_string}"},"query-input":{"@type":"PropertyValueSpecification","valueRequired":true,"valueName":"search_term_string"}}],"inLanguage":"fr-FR"}]}},"_links":{"self":[{"href":"https:\/\/paracherkaoui.ma\/index.php\/wp-json\/wp\/v2\/product\/16740","targetHints":{"allow":["GET"]}}],"collection":[{"href":"https:\/\/paracherkaoui.ma\/index.php\/wp-json\/wp\/v2\/product"}],"about":[{"href":"https:\/\/paracherkaoui.ma\/index.php\/wp-json\/wp\/v2\/types\/product"}],"replies":[{"embeddable":true,"href":"https:\/\/paracherkaoui.ma\/index.php\/wp-json\/wp\/v2\/comments?post=16740"}],"version-history":[{"count":1,"href":"https:\/\/paracherkaoui.ma\/index.php\/wp-json\/wp\/v2\/product\/16740\/revisions"}],"predecessor-version":[{"id":16972,"href":"https:\/\/paracherkaoui.ma\/index.php\/wp-json\/wp\/v2\/product\/16740\/revisions\/16972"}],"wp:featuredmedia":[{"embeddable":true,"href":"https:\/\/paracherkaoui.ma\/index.php\/wp-json\/wp\/v2\/media\/16971"}],"wp:attachment":[{"href":"https:\/\/paracherkaoui.ma\/index.php\/wp-json\/wp\/v2\/media?parent=16740"}],"wp:term":[{"taxonomy":"product_brand","embeddable":true,"href":"https:\/\/paracherkaoui.ma\/index.php\/wp-json\/wp\/v2\/product_brand?post=16740"},{"taxonomy":"product_cat","embeddable":true,"href":"https:\/\/paracherkaoui.ma\/index.php\/wp-json\/wp\/v2\/product_cat?post=16740"},{"taxonomy":"product_tag","embeddable":true,"href":"https:\/\/paracherkaoui.ma\/index.php\/wp-json\/wp\/v2\/product_tag?post=16740"}],"curies":[{"name":"wp","href":"https:\/\/api.w.org\/{rel}","templated":true}]}}