{"id":16732,"date":"2025-12-12T17:54:54","date_gmt":"2025-12-12T16:54:54","guid":{"rendered":"https:\/\/test.ecbeaute.com\/?post_type=product&#038;p=16732"},"modified":"2025-12-12T17:58:41","modified_gmt":"2025-12-12T16:58:41","slug":"biokera-nature-traitement-anti-chute-intensif-6-ampoules-10ml","status":"publish","type":"product","link":"https:\/\/paracherkaoui.ma\/index.php\/produit\/biokera-nature-traitement-anti-chute-intensif-6-ampoules-10ml\/","title":{"rendered":"BIOKERA NATURE TRAITEMENT ANTI CHUTE INTENSIF 6 AMPOULES 10ML"},"content":{"rendered":"<p>Description:<br \/>\nLotion Sp\u00e9cifique R\u00e9g\u00e9n\u00e9ratrice Capillaire est une lotion en vaporisateur pour le traitement sp\u00e9cifique d\u2019action de choc qui aide \u00e0 r\u00e9gulariser le cycle de formation et la croissance de la tige capillaire. Sa formule int\u00e8gre des composants qui favorisent le retour \u00e0 la r\u00e9gularisation de la croissance. Augmente la grosseur des cheveux atrophiques et stimule le m\u00e9tabolisme cellulaire. Apporte une nutrition intense du follicule pileux, en am\u00e9liorant le processus de croissance du cheveu.<br \/>\nConseils d&rsquo;utilisation:<br \/>\nEffectuez un lavage pr\u00e9alable avec le Shampoing Sp\u00e9cifique Chute. R\u00e9partissez le contenu d\u2019un flacon de Lotion Sp\u00e9cifique R\u00e9g\u00e9n\u00e9ratrice Capillaire sur le cuir chevelu. R\u00e9alisez un l\u00e9ger massage avec un mouvement de \u00ab pincement \u00bb. Il n\u2019est pas n\u00e9cessaire de rincer. Proc\u00e9dez au brossage comme d\u2019habitude.<\/p>\n","protected":false},"excerpt":{"rendered":"<p>Description: Lotion Sp\u00e9cifique R\u00e9g\u00e9n\u00e9ratrice Capillaire est une lotion en vaporisateur pour le traitement sp\u00e9cifique d\u2019action de choc qui aide \u00e0<\/p>\n","protected":false},"featured_media":16955,"comment_status":"open","ping_status":"closed","template":"","meta":[],"product_brand":[191],"product_cat":[276],"product_tag":[],"class_list":{"0":"post-16732","1":"product","2":"type-product","3":"status-publish","4":"has-post-thumbnail","6":"product_brand-biokera","7":"product_cat-serums-et-huiles","9":"first","10":"instock","11":"sale","12":"shipping-taxable","13":"purchasable","14":"product-type-simple"},"yoast_head":"<!-- This site is optimized with the Yoast SEO plugin v26.6 - https:\/\/yoast.com\/wordpress\/plugins\/seo\/ -->\r\n<title>BIOKERA NATURE TRAITEMENT ANTI CHUTE INTENSIF 6 AMPOULES 10ML - Paracherkaoui.ma<\/title>\r\n<meta name=\"robots\" content=\"index, follow, max-snippet:-1, max-image-preview:large, max-video-preview:-1\" \/>\r\n<link rel=\"canonical\" href=\"https:\/\/paracherkaoui.ma\/index.php\/produit\/biokera-nature-traitement-anti-chute-intensif-6-ampoules-10ml\/\" \/>\r\n<meta property=\"og:locale\" content=\"fr_FR\" \/>\r\n<meta property=\"og:type\" content=\"article\" \/>\r\n<meta property=\"og:title\" content=\"BIOKERA NATURE TRAITEMENT ANTI CHUTE INTENSIF 6 AMPOULES 10ML - Paracherkaoui.ma\" \/>\r\n<meta property=\"og:description\" content=\"Description: Lotion Sp\u00e9cifique R\u00e9g\u00e9n\u00e9ratrice Capillaire est une lotion en vaporisateur pour le traitement sp\u00e9cifique d\u2019action de choc qui aide \u00e0\" \/>\r\n<meta property=\"og:url\" content=\"https:\/\/paracherkaoui.ma\/index.php\/produit\/biokera-nature-traitement-anti-chute-intensif-6-ampoules-10ml\/\" \/>\r\n<meta property=\"og:site_name\" content=\"Paracherkaoui.ma\" \/>\r\n<meta property=\"article:modified_time\" content=\"2025-12-12T16:58:41+00:00\" \/>\r\n<meta property=\"og:image\" content=\"https:\/\/paracherkaoui.ma\/wp-content\/uploads\/2025\/12\/biokera-nature-traitement-anti-chute-intensif-6-ampoules-10ml.jpg\" \/>\r\n\t<meta property=\"og:image:width\" content=\"700\" \/>\r\n\t<meta property=\"og:image:height\" content=\"700\" \/>\r\n\t<meta property=\"og:image:type\" content=\"image\/jpeg\" \/>\r\n<meta name=\"twitter:card\" content=\"summary_large_image\" \/>\r\n<meta name=\"twitter:label1\" content=\"Dur\u00e9e de lecture estim\u00e9e\" \/>\n\t<meta name=\"twitter:data1\" content=\"1 minute\" \/>\r\n<script type=\"application\/ld+json\" class=\"yoast-schema-graph\">{\"@context\":\"https:\/\/schema.org\",\"@graph\":[{\"@type\":\"WebPage\",\"@id\":\"https:\/\/paracherkaoui.ma\/index.php\/produit\/biokera-nature-traitement-anti-chute-intensif-6-ampoules-10ml\/\",\"url\":\"https:\/\/paracherkaoui.ma\/index.php\/produit\/biokera-nature-traitement-anti-chute-intensif-6-ampoules-10ml\/\",\"name\":\"BIOKERA NATURE TRAITEMENT ANTI CHUTE INTENSIF 6 AMPOULES 10ML - Paracherkaoui.ma\",\"isPartOf\":{\"@id\":\"https:\/\/paracherkaoui.ma\/#website\"},\"primaryImageOfPage\":{\"@id\":\"https:\/\/paracherkaoui.ma\/index.php\/produit\/biokera-nature-traitement-anti-chute-intensif-6-ampoules-10ml\/#primaryimage\"},\"image\":{\"@id\":\"https:\/\/paracherkaoui.ma\/index.php\/produit\/biokera-nature-traitement-anti-chute-intensif-6-ampoules-10ml\/#primaryimage\"},\"thumbnailUrl\":\"https:\/\/paracherkaoui.ma\/wp-content\/uploads\/2025\/12\/biokera-nature-traitement-anti-chute-intensif-6-ampoules-10ml.jpg\",\"datePublished\":\"2025-12-12T16:54:54+00:00\",\"dateModified\":\"2025-12-12T16:58:41+00:00\",\"breadcrumb\":{\"@id\":\"https:\/\/paracherkaoui.ma\/index.php\/produit\/biokera-nature-traitement-anti-chute-intensif-6-ampoules-10ml\/#breadcrumb\"},\"inLanguage\":\"fr-FR\",\"potentialAction\":[{\"@type\":\"ReadAction\",\"target\":[\"https:\/\/paracherkaoui.ma\/index.php\/produit\/biokera-nature-traitement-anti-chute-intensif-6-ampoules-10ml\/\"]}]},{\"@type\":\"ImageObject\",\"inLanguage\":\"fr-FR\",\"@id\":\"https:\/\/paracherkaoui.ma\/index.php\/produit\/biokera-nature-traitement-anti-chute-intensif-6-ampoules-10ml\/#primaryimage\",\"url\":\"https:\/\/paracherkaoui.ma\/wp-content\/uploads\/2025\/12\/biokera-nature-traitement-anti-chute-intensif-6-ampoules-10ml.jpg\",\"contentUrl\":\"https:\/\/paracherkaoui.ma\/wp-content\/uploads\/2025\/12\/biokera-nature-traitement-anti-chute-intensif-6-ampoules-10ml.jpg\",\"width\":700,\"height\":700},{\"@type\":\"BreadcrumbList\",\"@id\":\"https:\/\/paracherkaoui.ma\/index.php\/produit\/biokera-nature-traitement-anti-chute-intensif-6-ampoules-10ml\/#breadcrumb\",\"itemListElement\":[{\"@type\":\"ListItem\",\"position\":1,\"name\":\"Accueil\",\"item\":\"https:\/\/paracherkaoui.ma\/\"},{\"@type\":\"ListItem\",\"position\":2,\"name\":\"Boutique\",\"item\":\"https:\/\/paracherkaoui.ma\/index.php\/boutique\/\"},{\"@type\":\"ListItem\",\"position\":3,\"name\":\"BIOKERA NATURE TRAITEMENT ANTI CHUTE INTENSIF 6 AMPOULES 10ML\"}]},{\"@type\":\"WebSite\",\"@id\":\"https:\/\/paracherkaoui.ma\/#website\",\"url\":\"https:\/\/paracherkaoui.ma\/\",\"name\":\"Paracherkaoui.ma\",\"description\":\"Achetez en ligne sur Paracherkaoui.ma\",\"potentialAction\":[{\"@type\":\"SearchAction\",\"target\":{\"@type\":\"EntryPoint\",\"urlTemplate\":\"https:\/\/paracherkaoui.ma\/?s={search_term_string}\"},\"query-input\":{\"@type\":\"PropertyValueSpecification\",\"valueRequired\":true,\"valueName\":\"search_term_string\"}}],\"inLanguage\":\"fr-FR\"}]}<\/script>\r\n<!-- \/ Yoast SEO plugin. -->","yoast_head_json":{"title":"BIOKERA NATURE TRAITEMENT ANTI CHUTE INTENSIF 6 AMPOULES 10ML - Paracherkaoui.ma","robots":{"index":"index","follow":"follow","max-snippet":"max-snippet:-1","max-image-preview":"max-image-preview:large","max-video-preview":"max-video-preview:-1"},"canonical":"https:\/\/paracherkaoui.ma\/index.php\/produit\/biokera-nature-traitement-anti-chute-intensif-6-ampoules-10ml\/","og_locale":"fr_FR","og_type":"article","og_title":"BIOKERA NATURE TRAITEMENT ANTI CHUTE INTENSIF 6 AMPOULES 10ML - Paracherkaoui.ma","og_description":"Description: Lotion Sp\u00e9cifique R\u00e9g\u00e9n\u00e9ratrice Capillaire est une lotion en vaporisateur pour le traitement sp\u00e9cifique d\u2019action de choc qui aide \u00e0","og_url":"https:\/\/paracherkaoui.ma\/index.php\/produit\/biokera-nature-traitement-anti-chute-intensif-6-ampoules-10ml\/","og_site_name":"Paracherkaoui.ma","article_modified_time":"2025-12-12T16:58:41+00:00","og_image":[{"width":700,"height":700,"url":"https:\/\/paracherkaoui.ma\/wp-content\/uploads\/2025\/12\/biokera-nature-traitement-anti-chute-intensif-6-ampoules-10ml.jpg","type":"image\/jpeg"}],"twitter_card":"summary_large_image","twitter_misc":{"Dur\u00e9e de lecture estim\u00e9e":"1 minute"},"schema":{"@context":"https:\/\/schema.org","@graph":[{"@type":"WebPage","@id":"https:\/\/paracherkaoui.ma\/index.php\/produit\/biokera-nature-traitement-anti-chute-intensif-6-ampoules-10ml\/","url":"https:\/\/paracherkaoui.ma\/index.php\/produit\/biokera-nature-traitement-anti-chute-intensif-6-ampoules-10ml\/","name":"BIOKERA NATURE TRAITEMENT ANTI CHUTE INTENSIF 6 AMPOULES 10ML - Paracherkaoui.ma","isPartOf":{"@id":"https:\/\/paracherkaoui.ma\/#website"},"primaryImageOfPage":{"@id":"https:\/\/paracherkaoui.ma\/index.php\/produit\/biokera-nature-traitement-anti-chute-intensif-6-ampoules-10ml\/#primaryimage"},"image":{"@id":"https:\/\/paracherkaoui.ma\/index.php\/produit\/biokera-nature-traitement-anti-chute-intensif-6-ampoules-10ml\/#primaryimage"},"thumbnailUrl":"https:\/\/paracherkaoui.ma\/wp-content\/uploads\/2025\/12\/biokera-nature-traitement-anti-chute-intensif-6-ampoules-10ml.jpg","datePublished":"2025-12-12T16:54:54+00:00","dateModified":"2025-12-12T16:58:41+00:00","breadcrumb":{"@id":"https:\/\/paracherkaoui.ma\/index.php\/produit\/biokera-nature-traitement-anti-chute-intensif-6-ampoules-10ml\/#breadcrumb"},"inLanguage":"fr-FR","potentialAction":[{"@type":"ReadAction","target":["https:\/\/paracherkaoui.ma\/index.php\/produit\/biokera-nature-traitement-anti-chute-intensif-6-ampoules-10ml\/"]}]},{"@type":"ImageObject","inLanguage":"fr-FR","@id":"https:\/\/paracherkaoui.ma\/index.php\/produit\/biokera-nature-traitement-anti-chute-intensif-6-ampoules-10ml\/#primaryimage","url":"https:\/\/paracherkaoui.ma\/wp-content\/uploads\/2025\/12\/biokera-nature-traitement-anti-chute-intensif-6-ampoules-10ml.jpg","contentUrl":"https:\/\/paracherkaoui.ma\/wp-content\/uploads\/2025\/12\/biokera-nature-traitement-anti-chute-intensif-6-ampoules-10ml.jpg","width":700,"height":700},{"@type":"BreadcrumbList","@id":"https:\/\/paracherkaoui.ma\/index.php\/produit\/biokera-nature-traitement-anti-chute-intensif-6-ampoules-10ml\/#breadcrumb","itemListElement":[{"@type":"ListItem","position":1,"name":"Accueil","item":"https:\/\/paracherkaoui.ma\/"},{"@type":"ListItem","position":2,"name":"Boutique","item":"https:\/\/paracherkaoui.ma\/index.php\/boutique\/"},{"@type":"ListItem","position":3,"name":"BIOKERA NATURE TRAITEMENT ANTI CHUTE INTENSIF 6 AMPOULES 10ML"}]},{"@type":"WebSite","@id":"https:\/\/paracherkaoui.ma\/#website","url":"https:\/\/paracherkaoui.ma\/","name":"Paracherkaoui.ma","description":"Achetez en ligne sur Paracherkaoui.ma","potentialAction":[{"@type":"SearchAction","target":{"@type":"EntryPoint","urlTemplate":"https:\/\/paracherkaoui.ma\/?s={search_term_string}"},"query-input":{"@type":"PropertyValueSpecification","valueRequired":true,"valueName":"search_term_string"}}],"inLanguage":"fr-FR"}]}},"_links":{"self":[{"href":"https:\/\/paracherkaoui.ma\/index.php\/wp-json\/wp\/v2\/product\/16732","targetHints":{"allow":["GET"]}}],"collection":[{"href":"https:\/\/paracherkaoui.ma\/index.php\/wp-json\/wp\/v2\/product"}],"about":[{"href":"https:\/\/paracherkaoui.ma\/index.php\/wp-json\/wp\/v2\/types\/product"}],"replies":[{"embeddable":true,"href":"https:\/\/paracherkaoui.ma\/index.php\/wp-json\/wp\/v2\/comments?post=16732"}],"version-history":[{"count":1,"href":"https:\/\/paracherkaoui.ma\/index.php\/wp-json\/wp\/v2\/product\/16732\/revisions"}],"predecessor-version":[{"id":16956,"href":"https:\/\/paracherkaoui.ma\/index.php\/wp-json\/wp\/v2\/product\/16732\/revisions\/16956"}],"wp:featuredmedia":[{"embeddable":true,"href":"https:\/\/paracherkaoui.ma\/index.php\/wp-json\/wp\/v2\/media\/16955"}],"wp:attachment":[{"href":"https:\/\/paracherkaoui.ma\/index.php\/wp-json\/wp\/v2\/media?parent=16732"}],"wp:term":[{"taxonomy":"product_brand","embeddable":true,"href":"https:\/\/paracherkaoui.ma\/index.php\/wp-json\/wp\/v2\/product_brand?post=16732"},{"taxonomy":"product_cat","embeddable":true,"href":"https:\/\/paracherkaoui.ma\/index.php\/wp-json\/wp\/v2\/product_cat?post=16732"},{"taxonomy":"product_tag","embeddable":true,"href":"https:\/\/paracherkaoui.ma\/index.php\/wp-json\/wp\/v2\/product_tag?post=16732"}],"curies":[{"name":"wp","href":"https:\/\/api.w.org\/{rel}","templated":true}]}}