{"id":16650,"date":"2025-12-12T17:54:49","date_gmt":"2025-12-12T16:54:49","guid":{"rendered":"https:\/\/test.ecbeaute.com\/?post_type=product&#038;p=16650"},"modified":"2025-12-12T17:54:54","modified_gmt":"2025-12-12T16:54:54","slug":"capiderma-serum-reparateur-cheveux-abimes-50-ml","status":"publish","type":"product","link":"https:\/\/paracherkaoui.ma\/index.php\/produit\/capiderma-serum-reparateur-cheveux-abimes-50-ml\/","title":{"rendered":"CAPIDERMA SERUM REPARATEUR CHEVEUX ABIMES 50 ML"},"content":{"rendered":"<p>DESCRIPTION :<br \/>\nCapiderma s\u00e9rum r\u00e9parateur sp\u00e9cialement con\u00e7u pour r\u00e9parer et combler en profondeur les cheveux ab\u00eem\u00e9s et plus sp\u00e9cifiquement les pointes cassantes et fourchues. Sans silicone, il est compos\u00e9 d\u2019un complexe de phytok\u00e9ratine riche qui gaine le cheveu, permet de r\u00e9parer et de reconstruire la structure interne de la fibre capillaire. Il y incorpore \u00e9galement de la provitamine B5 au beurre de karit\u00e9 pour favoriser une meilleure circulation de s\u00e9bum sur toute la tige capillaire ainsi que d\u2019une association exclusive de Cropeptide\u2122 W, de Lustreplex\u00ae et de Ceraphyl\u00ae SLK visant \u00e0 procurer \u00e0 vos cheveux, douceur, souplesse et brillance. Vos pointes cassantes b\u00e9n\u00e9ficieront d\u00e9sormais des \u00e9l\u00e9ments vitaux n\u00e9cessaires \u00e0 une bonne sant\u00e9, d\u2019une texture non grasse, l\u00e9g\u00e8re et d\u2019un toucher tr\u00e8s soyeux.<br \/>\nR\u00e9pare les cheveux ab\u00eem\u00e9s et comble les pointes fourchues.<br \/>\nAssure la coh\u00e9sion des \u00e9cailles du cheveu.<br \/>\nConserve l\u2019hydratation des cheveux.<br \/>\nProcure douceur, brillance et toucher soyeux.<br \/>\nSans silicone.<br \/>\nCONSEILS D&rsquo;UTILISATION :<br \/>\nAppliquer une petite quantit\u00e9 de s\u00e9rum sur les pointes cassantes pendant le coiffage, sur des cheveux secs ou essor\u00e9s. Lisser les fourches par la suite. Ne pas rincer. Peut \u00eatre utilis\u00e9 2 \u00e0 3 fois par semaine.<\/p>\n","protected":false},"excerpt":{"rendered":"<p>DESCRIPTION : Capiderma s\u00e9rum r\u00e9parateur sp\u00e9cialement con\u00e7u pour r\u00e9parer et combler en profondeur les cheveux ab\u00eem\u00e9s et plus sp\u00e9cifiquement les<\/p>\n","protected":false},"featured_media":16725,"comment_status":"open","ping_status":"closed","template":"","meta":[],"product_brand":[247],"product_cat":[276],"product_tag":[],"class_list":{"0":"post-16650","1":"product","2":"type-product","3":"status-publish","4":"has-post-thumbnail","6":"product_brand-capiderma","7":"product_cat-serums-et-huiles","9":"first","10":"instock","11":"sale","12":"shipping-taxable","13":"purchasable","14":"product-type-simple"},"yoast_head":"<!-- This site is optimized with the Yoast SEO plugin v26.6 - https:\/\/yoast.com\/wordpress\/plugins\/seo\/ -->\r\n<title>CAPIDERMA SERUM REPARATEUR CHEVEUX ABIMES 50 ML - Paracherkaoui.ma<\/title>\r\n<meta name=\"robots\" content=\"index, follow, max-snippet:-1, max-image-preview:large, max-video-preview:-1\" \/>\r\n<link rel=\"canonical\" href=\"https:\/\/paracherkaoui.ma\/index.php\/produit\/capiderma-serum-reparateur-cheveux-abimes-50-ml\/\" \/>\r\n<meta property=\"og:locale\" content=\"fr_FR\" \/>\r\n<meta property=\"og:type\" content=\"article\" \/>\r\n<meta property=\"og:title\" content=\"CAPIDERMA SERUM REPARATEUR CHEVEUX ABIMES 50 ML - Paracherkaoui.ma\" \/>\r\n<meta property=\"og:description\" content=\"DESCRIPTION : Capiderma s\u00e9rum r\u00e9parateur sp\u00e9cialement con\u00e7u pour r\u00e9parer et combler en profondeur les cheveux ab\u00eem\u00e9s et plus sp\u00e9cifiquement les\" \/>\r\n<meta property=\"og:url\" content=\"https:\/\/paracherkaoui.ma\/index.php\/produit\/capiderma-serum-reparateur-cheveux-abimes-50-ml\/\" \/>\r\n<meta property=\"og:site_name\" content=\"Paracherkaoui.ma\" \/>\r\n<meta property=\"article:modified_time\" content=\"2025-12-12T16:54:54+00:00\" \/>\r\n<meta property=\"og:image\" content=\"https:\/\/paracherkaoui.ma\/wp-content\/uploads\/2025\/12\/capiderma-serum-reparateur-cheveux-abimes-50-ml.jpg\" \/>\r\n\t<meta property=\"og:image:width\" content=\"700\" \/>\r\n\t<meta property=\"og:image:height\" content=\"700\" \/>\r\n\t<meta property=\"og:image:type\" content=\"image\/jpeg\" \/>\r\n<meta name=\"twitter:card\" content=\"summary_large_image\" \/>\r\n<meta name=\"twitter:label1\" content=\"Dur\u00e9e de lecture estim\u00e9e\" \/>\n\t<meta name=\"twitter:data1\" content=\"1 minute\" \/>\r\n<script type=\"application\/ld+json\" class=\"yoast-schema-graph\">{\"@context\":\"https:\/\/schema.org\",\"@graph\":[{\"@type\":\"WebPage\",\"@id\":\"https:\/\/paracherkaoui.ma\/index.php\/produit\/capiderma-serum-reparateur-cheveux-abimes-50-ml\/\",\"url\":\"https:\/\/paracherkaoui.ma\/index.php\/produit\/capiderma-serum-reparateur-cheveux-abimes-50-ml\/\",\"name\":\"CAPIDERMA SERUM REPARATEUR CHEVEUX ABIMES 50 ML - Paracherkaoui.ma\",\"isPartOf\":{\"@id\":\"https:\/\/paracherkaoui.ma\/#website\"},\"primaryImageOfPage\":{\"@id\":\"https:\/\/paracherkaoui.ma\/index.php\/produit\/capiderma-serum-reparateur-cheveux-abimes-50-ml\/#primaryimage\"},\"image\":{\"@id\":\"https:\/\/paracherkaoui.ma\/index.php\/produit\/capiderma-serum-reparateur-cheveux-abimes-50-ml\/#primaryimage\"},\"thumbnailUrl\":\"https:\/\/paracherkaoui.ma\/wp-content\/uploads\/2025\/12\/capiderma-serum-reparateur-cheveux-abimes-50-ml.jpg\",\"datePublished\":\"2025-12-12T16:54:49+00:00\",\"dateModified\":\"2025-12-12T16:54:54+00:00\",\"breadcrumb\":{\"@id\":\"https:\/\/paracherkaoui.ma\/index.php\/produit\/capiderma-serum-reparateur-cheveux-abimes-50-ml\/#breadcrumb\"},\"inLanguage\":\"fr-FR\",\"potentialAction\":[{\"@type\":\"ReadAction\",\"target\":[\"https:\/\/paracherkaoui.ma\/index.php\/produit\/capiderma-serum-reparateur-cheveux-abimes-50-ml\/\"]}]},{\"@type\":\"ImageObject\",\"inLanguage\":\"fr-FR\",\"@id\":\"https:\/\/paracherkaoui.ma\/index.php\/produit\/capiderma-serum-reparateur-cheveux-abimes-50-ml\/#primaryimage\",\"url\":\"https:\/\/paracherkaoui.ma\/wp-content\/uploads\/2025\/12\/capiderma-serum-reparateur-cheveux-abimes-50-ml.jpg\",\"contentUrl\":\"https:\/\/paracherkaoui.ma\/wp-content\/uploads\/2025\/12\/capiderma-serum-reparateur-cheveux-abimes-50-ml.jpg\",\"width\":700,\"height\":700},{\"@type\":\"BreadcrumbList\",\"@id\":\"https:\/\/paracherkaoui.ma\/index.php\/produit\/capiderma-serum-reparateur-cheveux-abimes-50-ml\/#breadcrumb\",\"itemListElement\":[{\"@type\":\"ListItem\",\"position\":1,\"name\":\"Accueil\",\"item\":\"https:\/\/paracherkaoui.ma\/\"},{\"@type\":\"ListItem\",\"position\":2,\"name\":\"Boutique\",\"item\":\"https:\/\/paracherkaoui.ma\/index.php\/boutique\/\"},{\"@type\":\"ListItem\",\"position\":3,\"name\":\"CAPIDERMA SERUM REPARATEUR CHEVEUX ABIMES 50 ML\"}]},{\"@type\":\"WebSite\",\"@id\":\"https:\/\/paracherkaoui.ma\/#website\",\"url\":\"https:\/\/paracherkaoui.ma\/\",\"name\":\"Paracherkaoui.ma\",\"description\":\"Achetez en ligne sur Paracherkaoui.ma\",\"potentialAction\":[{\"@type\":\"SearchAction\",\"target\":{\"@type\":\"EntryPoint\",\"urlTemplate\":\"https:\/\/paracherkaoui.ma\/?s={search_term_string}\"},\"query-input\":{\"@type\":\"PropertyValueSpecification\",\"valueRequired\":true,\"valueName\":\"search_term_string\"}}],\"inLanguage\":\"fr-FR\"}]}<\/script>\r\n<!-- \/ Yoast SEO plugin. -->","yoast_head_json":{"title":"CAPIDERMA SERUM REPARATEUR CHEVEUX ABIMES 50 ML - Paracherkaoui.ma","robots":{"index":"index","follow":"follow","max-snippet":"max-snippet:-1","max-image-preview":"max-image-preview:large","max-video-preview":"max-video-preview:-1"},"canonical":"https:\/\/paracherkaoui.ma\/index.php\/produit\/capiderma-serum-reparateur-cheveux-abimes-50-ml\/","og_locale":"fr_FR","og_type":"article","og_title":"CAPIDERMA SERUM REPARATEUR CHEVEUX ABIMES 50 ML - Paracherkaoui.ma","og_description":"DESCRIPTION : Capiderma s\u00e9rum r\u00e9parateur sp\u00e9cialement con\u00e7u pour r\u00e9parer et combler en profondeur les cheveux ab\u00eem\u00e9s et plus sp\u00e9cifiquement les","og_url":"https:\/\/paracherkaoui.ma\/index.php\/produit\/capiderma-serum-reparateur-cheveux-abimes-50-ml\/","og_site_name":"Paracherkaoui.ma","article_modified_time":"2025-12-12T16:54:54+00:00","og_image":[{"width":700,"height":700,"url":"https:\/\/paracherkaoui.ma\/wp-content\/uploads\/2025\/12\/capiderma-serum-reparateur-cheveux-abimes-50-ml.jpg","type":"image\/jpeg"}],"twitter_card":"summary_large_image","twitter_misc":{"Dur\u00e9e de lecture estim\u00e9e":"1 minute"},"schema":{"@context":"https:\/\/schema.org","@graph":[{"@type":"WebPage","@id":"https:\/\/paracherkaoui.ma\/index.php\/produit\/capiderma-serum-reparateur-cheveux-abimes-50-ml\/","url":"https:\/\/paracherkaoui.ma\/index.php\/produit\/capiderma-serum-reparateur-cheveux-abimes-50-ml\/","name":"CAPIDERMA SERUM REPARATEUR CHEVEUX ABIMES 50 ML - Paracherkaoui.ma","isPartOf":{"@id":"https:\/\/paracherkaoui.ma\/#website"},"primaryImageOfPage":{"@id":"https:\/\/paracherkaoui.ma\/index.php\/produit\/capiderma-serum-reparateur-cheveux-abimes-50-ml\/#primaryimage"},"image":{"@id":"https:\/\/paracherkaoui.ma\/index.php\/produit\/capiderma-serum-reparateur-cheveux-abimes-50-ml\/#primaryimage"},"thumbnailUrl":"https:\/\/paracherkaoui.ma\/wp-content\/uploads\/2025\/12\/capiderma-serum-reparateur-cheveux-abimes-50-ml.jpg","datePublished":"2025-12-12T16:54:49+00:00","dateModified":"2025-12-12T16:54:54+00:00","breadcrumb":{"@id":"https:\/\/paracherkaoui.ma\/index.php\/produit\/capiderma-serum-reparateur-cheveux-abimes-50-ml\/#breadcrumb"},"inLanguage":"fr-FR","potentialAction":[{"@type":"ReadAction","target":["https:\/\/paracherkaoui.ma\/index.php\/produit\/capiderma-serum-reparateur-cheveux-abimes-50-ml\/"]}]},{"@type":"ImageObject","inLanguage":"fr-FR","@id":"https:\/\/paracherkaoui.ma\/index.php\/produit\/capiderma-serum-reparateur-cheveux-abimes-50-ml\/#primaryimage","url":"https:\/\/paracherkaoui.ma\/wp-content\/uploads\/2025\/12\/capiderma-serum-reparateur-cheveux-abimes-50-ml.jpg","contentUrl":"https:\/\/paracherkaoui.ma\/wp-content\/uploads\/2025\/12\/capiderma-serum-reparateur-cheveux-abimes-50-ml.jpg","width":700,"height":700},{"@type":"BreadcrumbList","@id":"https:\/\/paracherkaoui.ma\/index.php\/produit\/capiderma-serum-reparateur-cheveux-abimes-50-ml\/#breadcrumb","itemListElement":[{"@type":"ListItem","position":1,"name":"Accueil","item":"https:\/\/paracherkaoui.ma\/"},{"@type":"ListItem","position":2,"name":"Boutique","item":"https:\/\/paracherkaoui.ma\/index.php\/boutique\/"},{"@type":"ListItem","position":3,"name":"CAPIDERMA SERUM REPARATEUR CHEVEUX ABIMES 50 ML"}]},{"@type":"WebSite","@id":"https:\/\/paracherkaoui.ma\/#website","url":"https:\/\/paracherkaoui.ma\/","name":"Paracherkaoui.ma","description":"Achetez en ligne sur Paracherkaoui.ma","potentialAction":[{"@type":"SearchAction","target":{"@type":"EntryPoint","urlTemplate":"https:\/\/paracherkaoui.ma\/?s={search_term_string}"},"query-input":{"@type":"PropertyValueSpecification","valueRequired":true,"valueName":"search_term_string"}}],"inLanguage":"fr-FR"}]}},"_links":{"self":[{"href":"https:\/\/paracherkaoui.ma\/index.php\/wp-json\/wp\/v2\/product\/16650","targetHints":{"allow":["GET"]}}],"collection":[{"href":"https:\/\/paracherkaoui.ma\/index.php\/wp-json\/wp\/v2\/product"}],"about":[{"href":"https:\/\/paracherkaoui.ma\/index.php\/wp-json\/wp\/v2\/types\/product"}],"replies":[{"embeddable":true,"href":"https:\/\/paracherkaoui.ma\/index.php\/wp-json\/wp\/v2\/comments?post=16650"}],"version-history":[{"count":1,"href":"https:\/\/paracherkaoui.ma\/index.php\/wp-json\/wp\/v2\/product\/16650\/revisions"}],"predecessor-version":[{"id":16726,"href":"https:\/\/paracherkaoui.ma\/index.php\/wp-json\/wp\/v2\/product\/16650\/revisions\/16726"}],"wp:featuredmedia":[{"embeddable":true,"href":"https:\/\/paracherkaoui.ma\/index.php\/wp-json\/wp\/v2\/media\/16725"}],"wp:attachment":[{"href":"https:\/\/paracherkaoui.ma\/index.php\/wp-json\/wp\/v2\/media?parent=16650"}],"wp:term":[{"taxonomy":"product_brand","embeddable":true,"href":"https:\/\/paracherkaoui.ma\/index.php\/wp-json\/wp\/v2\/product_brand?post=16650"},{"taxonomy":"product_cat","embeddable":true,"href":"https:\/\/paracherkaoui.ma\/index.php\/wp-json\/wp\/v2\/product_cat?post=16650"},{"taxonomy":"product_tag","embeddable":true,"href":"https:\/\/paracherkaoui.ma\/index.php\/wp-json\/wp\/v2\/product_tag?post=16650"}],"curies":[{"name":"wp","href":"https:\/\/api.w.org\/{rel}","templated":true}]}}